{"id":17525,"date":"2021-10-11T15:01:58","date_gmt":"2021-10-11T13:01:58","guid":{"rendered":"https:\/\/budapestgaleria.hu\/_\/2021-exhibitions\/es-a-falakat-bornek-nezed\/"},"modified":"2024-07-02T15:43:49","modified_gmt":"2024-07-02T13:43:49","slug":"and-mistake-these-walls-for-skin","status":"publish","type":"page","link":"https:\/\/budapestgaleria.hu\/_\/en\/2021-exhibitions\/and-mistake-these-walls-for-skin\/","title":{"rendered":"And Mistake These Walls For Skin"},"content":{"rendered":"<div class=\"wpb-content-wrapper\"><p>[vc_row css_animation=&#8221;&#8221; row_type=&#8221;row&#8221; use_row_as_full_screen_section=&#8221;no&#8221; type=&#8221;grid&#8221; angled_section=&#8221;no&#8221; text_align=&#8221;left&#8221; background_image_as_pattern=&#8221;without_pattern&#8221; template=&#8221;ism_template_1&#8243; ism_overlock=&#8221;default&#8221; sm_d_text=&#8221;<\/p>\n<h2>This content is locked<\/h2>\n<p>Share This Page To Unlock The Content!&#8221;][vc_column][vc_single_image image=&#8221;17542&#8243; img_size=&#8221;full&#8221; qode_css_animation=&#8221;&#8221;][vc_empty_space height=&#8221;10px&#8221;][\/vc_column][\/vc_row][vc_row css_animation=&#8221;&#8221; row_type=&#8221;row&#8221; use_row_as_full_screen_section=&#8221;no&#8221; type=&#8221;grid&#8221; angled_section=&#8221;no&#8221; text_align=&#8221;left&#8221; background_image_as_pattern=&#8221;without_pattern&#8221;][vc_column][vc_empty_space height=&#8221;45px&#8221;][vc_column_text]<\/p>\n<h1 class=\"cim_1\"><em>And Mistake These Walls for Skin<\/em><\/h1>\n<p>[\/vc_column_text][vc_empty_space height=&#8221;45px&#8221;][\/vc_column][\/vc_row][vc_row css_animation=&#8221;&#8221; row_type=&#8221;row&#8221; use_row_as_full_screen_section=&#8221;no&#8221; type=&#8221;grid&#8221; angled_section=&#8221;no&#8221; text_align=&#8221;left&#8221; background_image_as_pattern=&#8221;without_pattern&#8221; bgparallax=&#8221;parallax&#8221; contentwidth=&#8221;container&#8221; toppadding=&#8221;40&#8243; bottompadding=&#8221;10&#8243; border=&#8221;on&#8221; css=&#8221;.vc_custom_1420648296958{background-color: #ffffff !important;}&#8221;][vc_column width=&#8221;1\/3&#8243; css=&#8221;.vc_custom_1427029754112{padding-right: 25px !important;}&#8221; el_class=&#8221;full-1&#8243;][vc_column_text]<\/p>\n<p class=\"hely_bpgal\">Budapest Gallery<\/p>\n<p class=\"cim_bpgal\">1036 Budapest, Lajos utca 158. (ground floor)<\/p>\n<p class=\"datum_bpgal\">22 October 2021 \u2013 9 January 2022<\/p>\n<p>[\/vc_column_text][vc_column_text]<\/p>\n<p class=\"kiemeles_bpgal\">Exhibiting artists:<\/p>\n<p class=\"verzal_bpgal\">Alia Farid | Gideon Horv\u00e1th | Kate\u0159ina Konvalinov\u00e1 | Luca Petr\u00e1nyi | Charwei Tsai<\/p>\n<p>[\/vc_column_text][vc_column_text]<\/p>\n<p class=\"kiemeles_bpgal\">Curator:<\/p>\n<p class=\"verzal_bpgal\">Fl\u00f3ra Gad\u00f3<\/p>\n<p>[\/vc_column_text][vc_column_text]<\/p>\n<p class=\"kiemeles_bpgal\">Graphic Design:<\/p>\n<p class=\"verzal_bpgal\">B\u00e1lint J\u00e1kob<\/p>\n<p>[\/vc_column_text][vc_column_text]<\/p>\n<p class=\"kiemeles_bpgal\">Opening:<\/p>\n<p class=\"datum_bpgal_2\">21 October, 2021. 6 pm<\/p>\n<p class=\"kiemeles_bpgal\">Opening performance:<\/p>\n<p class=\"verzal_bpgal\">Zs\u00f3fia Tamara Vadas \u00e9s Imre Vass<\/p>\n<p>[\/vc_column_text][vc_empty_space][\/vc_column][vc_column width=&#8221;2\/3&#8243; el_class=&#8221;full-2&#8243;][vc_column_text]The exhibition <em>And Mistake These Walls for Skin<\/em> explores the ways contemporary artists approach dance as a communal form of movement and a ritual practice. The title of the exhibition, taken from a poem by the Vietnamese-American author and poet Ocean Vuong, refers to the paradox of presenting a dynamic genre such as dance within the walls of an exhibition space in the form of an essentially static exhibition, while remaining faithful to its identity. This can best be achieved through motion picture, which makes video and film the primary medium of the exhibition.<br \/>\nSome of the works at the exhibition present and reinterpret ritual dances from outside Europe that are still actively performed today. These can be related to everyday life or such events of particular importance in the life of a community that are collectively dealt with through dance. It is with an anthropologist\u2019s sensitivity that the artists document the rituals of these communities, which go back several decades and are still active today. Through video works of different aesthetics, they inquire how the concept and practice of rituals has changed over the centuries, what their role might be today and what the relationship is between dance and ritual practices.<br \/>\nThe interconnection of different traditions and cultures as well as contemporary associations related to ritual forms of movement are emphasised in several works, as is the question: to what extent can the liberating power of dance offer a way out of the crisis of our times? Through dance, the works echo such conditions as the liberation of the body, stepping out of ourselves, the state of complete abandon and trance, while awareness and concentrated experience of the body is a similarly central theme. At the same time, the dances and other forms of movement associated with different rituals are never seen as self-contained: the works also foreground current social and economic processes, whether it is a community\u2019s main source of income, fishing or the burnout and escapism of young adults today.[\/vc_column_text][vc_empty_space height=&#8221;45px&#8221;][vc_separator type=&#8221;normal&#8221; color=&#8221;#c6c6c6&#8243; up=&#8221;10&#8243; down=&#8221;20&#8243;][vc_single_image image=&#8221;17327&#8243; img_size=&#8221;90&#215;90&#8243; onclick=&#8221;custom_link&#8221; img_link_target=&#8221;_blank&#8221; qode_css_animation=&#8221;&#8221; link=&#8221;https:\/\/www.mzv.sk\/web\/sibudapest-hu\/rolunk&#8221;][vc_empty_space height=&#8221;45px&#8221;][vc_single_image image=&#8221;21449&#8243; img_size=&#8221;full&#8221; qode_css_animation=&#8221;&#8221;][vc_empty_space][vc_single_image image=&#8221;21451&#8243; img_size=&#8221;full&#8221; qode_css_animation=&#8221;&#8221;][vc_empty_space][vc_single_image image=&#8221;21453&#8243; img_size=&#8221;full&#8221; qode_css_animation=&#8221;&#8221;][vc_empty_space][vc_single_image image=&#8221;21455&#8243; img_size=&#8221;full&#8221; qode_css_animation=&#8221;&#8221;][vc_empty_space][vc_single_image image=&#8221;21457&#8243; img_size=&#8221;full&#8221; qode_css_animation=&#8221;&#8221;][vc_empty_space][vc_single_image image=&#8221;21459&#8243; img_size=&#8221;full&#8221; qode_css_animation=&#8221;&#8221;][vc_empty_space][vc_single_image image=&#8221;21463&#8243; img_size=&#8221;full&#8221; qode_css_animation=&#8221;&#8221;][vc_empty_space][vc_single_image image=&#8221;21461&#8243; img_size=&#8221;full&#8221; qode_css_animation=&#8221;&#8221;][vc_empty_space][vc_column_text]<\/p>\n<p class=\"kepalairas_cim_jobb\">Photos: Tam\u00e1s G. Juh\u00e1sz<\/p>\n<p>[\/vc_column_text][vc_empty_space][\/vc_column][\/vc_row][vc_row css_animation=&#8221;&#8221; row_type=&#8221;row&#8221; use_row_as_full_screen_section=&#8221;no&#8221; type=&#8221;grid&#8221; angled_section=&#8221;no&#8221; text_align=&#8221;left&#8221; background_image_as_pattern=&#8221;without_pattern&#8221; template=&#8221;ism_template_1&#8243; ism_overlock=&#8221;default&#8221; sm_d_text=&#8221;<\/p>\n<h2>This content is locked<\/h2>\n<p>Share This Page To Unlock The Content!&#8221;][vc_column][vc_empty_space height=&#8221;45px&#8221;][\/vc_column][\/vc_row]<\/p>\n<\/div>","protected":false},"excerpt":{"rendered":"<p>[vc_row css_animation=&#8221;&#8221; row_type=&#8221;row&#8221; use_row_as_full_screen_section=&#8221;no&#8221; type=&#8221;grid&#8221; angled_section=&#8221;no&#8221; text_align=&#8221;left&#8221; background_image_as_pattern=&#8221;without_pattern&#8221; template=&#8221;ism_template_1&#8243; ism_overlock=&#8221;default&#8221; sm_d_text=&#8221; This content is locked&#8230;<\/p>\n","protected":false},"author":11,"featured_media":0,"parent":17265,"menu_order":0,"comment_status":"closed","ping_status":"closed","template":"full_width.php","meta":{"inline_featured_image":false,"loftloader_pro_show_once":"","loftloader_pro_page_shortcode":"","footnotes":""},"class_list":["post-17525","page","type-page","status-publish","hentry"],"_links":{"self":[{"href":"https:\/\/budapestgaleria.hu\/_\/en\/wp-json\/wp\/v2\/pages\/17525","targetHints":{"allow":["GET"]}}],"collection":[{"href":"https:\/\/budapestgaleria.hu\/_\/en\/wp-json\/wp\/v2\/pages"}],"about":[{"href":"https:\/\/budapestgaleria.hu\/_\/en\/wp-json\/wp\/v2\/types\/page"}],"author":[{"embeddable":true,"href":"https:\/\/budapestgaleria.hu\/_\/en\/wp-json\/wp\/v2\/users\/11"}],"replies":[{"embeddable":true,"href":"https:\/\/budapestgaleria.hu\/_\/en\/wp-json\/wp\/v2\/comments?post=17525"}],"version-history":[{"count":0,"href":"https:\/\/budapestgaleria.hu\/_\/en\/wp-json\/wp\/v2\/pages\/17525\/revisions"}],"up":[{"embeddable":true,"href":"https:\/\/budapestgaleria.hu\/_\/en\/wp-json\/wp\/v2\/pages\/17265"}],"wp:attachment":[{"href":"https:\/\/budapestgaleria.hu\/_\/en\/wp-json\/wp\/v2\/media?parent=17525"}],"curies":[{"name":"wp","href":"https:\/\/api.w.org\/{rel}","templated":true}]}}