{"id":17789,"date":"2022-03-01T10:55:52","date_gmt":"2022-03-01T09:55:52","guid":{"rendered":"https:\/\/budapestgaleria.hu\/_\/2022-kiallitasok\/andreas-fogarasi-skin-calendar\/"},"modified":"2024-02-12T14:37:31","modified_gmt":"2024-02-12T13:37:31","slug":"andreas-fogarasi-skin-calendar","status":"publish","type":"page","link":"https:\/\/budapestgaleria.hu\/_\/en\/2022-kiallitasok\/andreas-fogarasi-skin-calendar\/","title":{"rendered":"Andreas Fogarasi: Skin Calendar"},"content":{"rendered":"<div class=\"wpb-content-wrapper\"><p>[vc_row css_animation=&#8221;&#8221; row_type=&#8221;row&#8221; use_row_as_full_screen_section=&#8221;no&#8221; type=&#8221;grid&#8221; angled_section=&#8221;no&#8221; text_align=&#8221;left&#8221; background_image_as_pattern=&#8221;without_pattern&#8221; template=&#8221;ism_template_1&#8243; ism_overlock=&#8221;default&#8221; sm_d_text=&#8221;<\/p>\n<h2>This content is locked<\/h2>\n<p>Share This Page To Unlock The Content!&#8221;][vc_column][vc_single_image image=&#8221;17843&#8243; img_size=&#8221;full&#8221; qode_css_animation=&#8221;&#8221;][\/vc_column][\/vc_row][vc_row css_animation=&#8221;&#8221; row_type=&#8221;row&#8221; use_row_as_full_screen_section=&#8221;no&#8221; type=&#8221;grid&#8221; angled_section=&#8221;no&#8221; text_align=&#8221;left&#8221; background_image_as_pattern=&#8221;without_pattern&#8221;][vc_column][vc_empty_space height=&#8221;45px&#8221;][vc_column_text]<\/p>\n<h1 class=\"cim_1\"><em>Skin Calendar<\/em><\/h1>\n<h1 class=\"alcim\">Exhibition of Andreas Fogarasi<\/h1>\n<p>[\/vc_column_text][vc_empty_space height=&#8221;45px&#8221;][\/vc_column][\/vc_row][vc_row css_animation=&#8221;&#8221; row_type=&#8221;row&#8221; use_row_as_full_screen_section=&#8221;no&#8221; type=&#8221;grid&#8221; angled_section=&#8221;no&#8221; text_align=&#8221;left&#8221; background_image_as_pattern=&#8221;without_pattern&#8221; bgparallax=&#8221;parallax&#8221; contentwidth=&#8221;container&#8221; toppadding=&#8221;40&#8243; bottompadding=&#8221;10&#8243; border=&#8221;on&#8221; css=&#8221;.vc_custom_1420648296958{background-color: #ffffff !important;}&#8221;][vc_column width=&#8221;1\/3&#8243; css=&#8221;.vc_custom_1427029754112{padding-right: 25px !important;}&#8221; el_class=&#8221;full-1&#8243;][vc_column_text]<\/p>\n<p class=\"hely_bpgal\">Budapest Gallery<\/p>\n<p class=\"cim_bpgal\">1036 Budapest, Lajos utca 158.<\/p>\n<p class=\"datum_bpgal\">31 March \u2013 22 May 2022<\/p>\n<p>[\/vc_column_text][vc_column_text]<\/p>\n<p class=\"kiemeles_bpgal\">Curator:<\/p>\n<p class=\"verzal_bpgal\">Nikolett Er\u0151ss<\/p>\n<p>[\/vc_column_text][vc_column_text]<\/p>\n<p class=\"kiemeles_bpgal\">Research assistants:<\/p>\n<p class=\"verzal_bpgal\">Vir\u00e1g Feh\u00e9r, Eszter Hannya<\/p>\n<p>[\/vc_column_text][vc_column_text]<\/p>\n<p class=\"kiemeles_bpgal\">Graphic design:<\/p>\n<p class=\"verzal_bpgal\">Vir\u00e1g Bogy\u00f3<\/p>\n<p>[\/vc_column_text][vc_column_text]<\/p>\n<p class=\"kiemeles_bpgal\">Opening:<\/p>\n<p class=\"datum_bpgal_2\">30 March 2022 (Wednesday), 6 pm<\/p>\n<p>[\/vc_column_text][vc_column_text]<\/p>\n<p class=\"kiemeles_bpgal\">Opening speech:<\/p>\n<p class=\"verzal_bpgal\">M\u00e1rta Branczik<\/p>\n<p class=\"titulus\">art historian, director of the Architecture Collection of Kiscelli Museum<\/p>\n<p class=\"kiemeles_bpgal\">Music performance:<\/p>\n<p class=\"verzal_bpgal\">MA&#8217;AM<\/p>\n<p>[\/vc_column_text][vc_empty_space][\/vc_column][vc_column width=&#8221;2\/3&#8243; el_class=&#8221;full-2&#8243;][vc_column_text]Andreas Fogarasi\u2019s exhibition <em>Skin Calendar<\/em> is one episode in a long-term venture, its first Budapest stop. The project maps, accumulates and conserves fragments of our shared urban memories by arranging pieces of recently demolished buildings into geometric abstract panels complemented by new materials that define the rebuilt or new building that has replaced them.<\/p>\n<p>The memory of the by now demolished or rebuilt modernist buildings that once stood in the city is most often preserved in photographs and films, occasionally in drawings, blueprints and architectural models. However, it is rarely the material quality defining the character and atmosphere of the buildings, the interplay of shapes, surfaces and textures that they record. By focusing on the materials, Fogarasi is doing archaeological work, yet the result is a contemporary position: collecting remnants from modern buildings that were once part of the urban fabric and have been demolished, either surrounded by controversy or unnoticed, he creates a stark and distinctly characteristic portrait of the buildings, dissociated from their historical context. His findings are documents of specific places, forming the cross-section of multiple eras, from early 20th century modernism to late modern endeavors. Slices of time are rendered in a tight order, overlapping each other, bundled up with steel straps.<\/p>\n<p>The selection is not exhaustive, with abundant material available from some buildings and just one or two more characteristic piece from others, but this fortuitousness is very lifelike, with unequal access to sources. While raising awareness for loss, the works are devoid of melancholy, they rather offer a critical reading of contemporary urban change.<\/p>\n<p>The exhibition at the Budapest Gallery is divided into two sections. The ground floor exhibition spaces present the artist\u2019s previous works: material packages, collages and films showing the disappearing and emerging buildings of other cities, the stratification of demolitions and constructions, a review of the previous stops in the artist\u2019s ongoing engagement with the study of urban histology. Upstairs, a kind of archaeological storeroom and research room featuring materials collected in Budapest in recent years will open its doors to visitors. It is a space featuring the materials that form the background of the project but are only indirectly present in the works: material collections, information on the history of the buildings, sources and references are available here. Opening in the near future in the new exhibition space of the Budapest Gallery a more Budapest-focused exhibition will be the culmination of this work.<\/p>\n<p>Andreas Fogarasi (*1977 in Vienna, lives in Vienna)<br \/>\nHis works were presented in numerous exhibitions internationally, solo exhibitions include Kunsthalle Wien, Vienna; Vintage Gallery, Budapest (2020); Proyectos Monclova, Mexico City (2016); Galerie f\u00fcr Zeitgen\u00f6ssische Kunst, Leipzig; Museum Haus Konstruktiv, Z\u00fcrich (2014); Traf\u00f3 Gallery, Budapest; Prefix ICA, Toronto (2012); Museo Nacional Centro de Arte Reina Sofia, Madrid (2011); MAK, Vienna (2008) and the Hungarian Pavilion at the 52. Biennale di Venezia (2007) where he was awarded the Golden Lion prize for best pavilion.<\/p>\n<p>The exhibition owes much to the project <a href=\"http:\/\/www.othernity.eu\">Othernity: Reconditioning our Modern Heritage<\/a>, presented at the Hungarian Pavilion of the 17th Venice Architecture Biennale, and to the online <a href=\"http:\/\/kiscellimuzeum.hu\/virtualis_leletmentes\">Virtual Architectural Salvage<\/a> archive of the Architecture Collection of BHM &#8211; Kiscelli Museum.[\/vc_column_text][vc_empty_space height=&#8221;45px&#8221;][vc_single_image image=&#8221;20944&#8243; qode_css_animation=&#8221;&#8221;][vc_empty_space][vc_single_image image=&#8221;20947&#8243; qode_css_animation=&#8221;&#8221;][vc_empty_space][vc_single_image image=&#8221;20949&#8243; qode_css_animation=&#8221;&#8221;][vc_empty_space][vc_single_image image=&#8221;20951&#8243; qode_css_animation=&#8221;&#8221;][vc_empty_space][vc_single_image image=&#8221;20953&#8243; qode_css_animation=&#8221;&#8221;][vc_empty_space][vc_single_image image=&#8221;20955&#8243; qode_css_animation=&#8221;&#8221;][vc_empty_space][vc_single_image image=&#8221;20957&#8243; qode_css_animation=&#8221;&#8221;][vc_empty_space][vc_single_image image=&#8221;20960&#8243; qode_css_animation=&#8221;&#8221;][vc_empty_space][vc_single_image image=&#8221;20962&#8243; qode_css_animation=&#8221;&#8221;][vc_empty_space][vc_single_image image=&#8221;20964&#8243; qode_css_animation=&#8221;&#8221;][vc_empty_space][vc_single_image image=&#8221;20966&#8243; qode_css_animation=&#8221;&#8221;][vc_empty_space][vc_single_image image=&#8221;20968&#8243; qode_css_animation=&#8221;&#8221;][vc_empty_space][vc_column_text]<\/p>\n<p class=\"kepalairas_cim_jobb\">Photos: Tam\u00e1s Juh\u00e1sz G.<\/p>\n<p>[\/vc_column_text][\/vc_column][\/vc_row][vc_row css_animation=&#8221;&#8221; row_type=&#8221;row&#8221; use_row_as_full_screen_section=&#8221;no&#8221; type=&#8221;grid&#8221; angled_section=&#8221;no&#8221; text_align=&#8221;left&#8221; background_image_as_pattern=&#8221;without_pattern&#8221; template=&#8221;ism_template_1&#8243; ism_overlock=&#8221;default&#8221; sm_d_text=&#8221;<\/p>\n<h2>This content is locked<\/h2>\n<p>Share This Page To Unlock The Content!&#8221;][vc_column][vc_empty_space height=&#8221;45px&#8221;][\/vc_column][\/vc_row]<\/p>\n<\/div>","protected":false},"excerpt":{"rendered":"<p>[vc_row css_animation=&#8221;&#8221; row_type=&#8221;row&#8221; use_row_as_full_screen_section=&#8221;no&#8221; type=&#8221;grid&#8221; angled_section=&#8221;no&#8221; text_align=&#8221;left&#8221; background_image_as_pattern=&#8221;without_pattern&#8221; template=&#8221;ism_template_1&#8243; ism_overlock=&#8221;default&#8221; sm_d_text=&#8221; This content is locked&#8230;<\/p>\n","protected":false},"author":11,"featured_media":0,"parent":17689,"menu_order":0,"comment_status":"closed","ping_status":"closed","template":"full_width.php","meta":{"inline_featured_image":false,"loftloader_pro_show_once":"","loftloader_pro_page_shortcode":"","footnotes":""},"class_list":["post-17789","page","type-page","status-publish","hentry"],"_links":{"self":[{"href":"https:\/\/budapestgaleria.hu\/_\/en\/wp-json\/wp\/v2\/pages\/17789","targetHints":{"allow":["GET"]}}],"collection":[{"href":"https:\/\/budapestgaleria.hu\/_\/en\/wp-json\/wp\/v2\/pages"}],"about":[{"href":"https:\/\/budapestgaleria.hu\/_\/en\/wp-json\/wp\/v2\/types\/page"}],"author":[{"embeddable":true,"href":"https:\/\/budapestgaleria.hu\/_\/en\/wp-json\/wp\/v2\/users\/11"}],"replies":[{"embeddable":true,"href":"https:\/\/budapestgaleria.hu\/_\/en\/wp-json\/wp\/v2\/comments?post=17789"}],"version-history":[{"count":0,"href":"https:\/\/budapestgaleria.hu\/_\/en\/wp-json\/wp\/v2\/pages\/17789\/revisions"}],"up":[{"embeddable":true,"href":"https:\/\/budapestgaleria.hu\/_\/en\/wp-json\/wp\/v2\/pages\/17689"}],"wp:attachment":[{"href":"https:\/\/budapestgaleria.hu\/_\/en\/wp-json\/wp\/v2\/media?parent=17789"}],"curies":[{"name":"wp","href":"https:\/\/api.w.org\/{rel}","templated":true}]}}