{"id":17994,"date":"2022-06-27T13:54:30","date_gmt":"2022-06-27T11:54:30","guid":{"rendered":"https:\/\/budapestgaleria.hu\/_\/archivum-kiallitasok-2013-2019-uj-budapest-galeria\/"},"modified":"2024-01-04T12:41:20","modified_gmt":"2024-01-04T11:41:20","slug":"archive-exhibitions-2013-2019-new-budapest-gallery","status":"publish","type":"page","link":"https:\/\/budapestgaleria.hu\/_\/en\/archive-exhibitions-2013-2019-new-budapest-gallery\/","title":{"rendered":"Archive | Exhibitions 2013-2019 | New Budapest Gallery"},"content":{"rendered":"<div class=\"wpb-content-wrapper\"><p>[vc_row css_animation=&#8221;&#8221; seperator_indeed_locker=&#8221;&#8221; row_type=&#8221;row&#8221; use_row_as_full_screen_section=&#8221;no&#8221; type=&#8221;grid&#8221; angled_section=&#8221;no&#8221; text_align=&#8221;left&#8221; background_image_as_pattern=&#8221;without_pattern&#8221; template=&#8221;ism_template_1&#8243; ism_overlock=&#8221;default&#8221; sm_d_text=&#8221;<\/p>\n<h2>This content is locked<\/h2>\n<p>Share This Page To Unlock The Content!&#8221; z_index=&#8221;&#8221;][vc_column][vc_single_image image=&#8221;17991&#8243; img_size=&#8221;full&#8221; qode_css_animation=&#8221;&#8221;][vc_empty_space height=&#8221;10px&#8221;][vc_column_text]<\/p>\n<p class=\"kepalairas_cim_jobb\">Interior photo from the exhibition of Gizella R\u00e1k\u00f3czy, <em>Transparent Labyrinth<\/em>, 2018<\/p>\n<p>[\/vc_column_text][vc_empty_space][\/vc_column][\/vc_row][vc_row css_animation=&#8221;&#8221; row_type=&#8221;row&#8221; use_row_as_full_screen_section=&#8221;no&#8221; type=&#8221;grid&#8221; angled_section=&#8221;no&#8221; text_align=&#8221;left&#8221; background_image_as_pattern=&#8221;without_pattern&#8221; template=&#8221;ism_template_1&#8243; ism_overlock=&#8221;default&#8221; sm_d_text=&#8221;<\/p>\n<h2>This content is locked<\/h2>\n<p>Share This Page To Unlock The Content!&#8221;][vc_column][vc_column_text]<\/p>\n<h4 class=\"cim_2\">New Budapest Gallery<\/h4>\n<p>[\/vc_column_text][vc_empty_space][vc_accordion style=&#8221;accordion&#8221;][vc_accordion_tab title=&#8221;2019&#8243;][vc_column_text el_class=&#8221;eves-lista&#8221;]<\/p>\n<p class=\"archive\"><em><a href=\"https:\/\/budapestgaleria.hu\/_\/en\/2019-exhibitions\/14-madeinhungary-7-meed-hatartalan-design\/\">14. madeinhungary + 7. MeeD | DESIGN WITHOUT BORDERS<\/a><\/em><\/p>\n<p class=\"archive\"><a href=\"https:\/\/budapestgaleria.hu\/_\/en\/2019-exhibitions\/csorgo-attila-mozgasterek\/\">Attila Cs\u00f6rg\u0151 | <em>Spaces for Manoeuvre<\/em><\/a><\/p>\n<p>[\/vc_column_text][\/vc_accordion_tab][vc_accordion_tab title=&#8221;2018&#8243;][vc_column_text el_class=&#8221;eves-lista&#8221;]<\/p>\n<p class=\"archive\"><a href=\"https:\/\/budapestgaleria.hu\/_\/en\/2018-exhibitions\/leptek\/\"><em>Scale<\/em><\/a><\/p>\n<p class=\"archive\"><a href=\"https:\/\/budapestgaleria.hu\/_\/en\/2018-exhibitions\/transparent-labyrinth-gizella-rakoczy-1947-2015\/\">Gizella R\u00e1k\u00f3czy (1947-2015) | <em>Transparent Labyrinth<\/em><\/a><\/p>\n<p class=\"archive\"><a href=\"https:\/\/budapestgaleria.hu\/_\/en\/2018-exhibitions\/13-madeinhungary-6-meed-hatartalan-design\/\"><em>13. madeinhungary + 6. MeeD | DESIGN WITHOUT BORDERS<\/em><\/a><\/p>\n<p class=\"archive\"><a href=\"https:\/\/budapestgaleria.hu\/_\/en\/2018-exhibitions\/ketfeju-gyufa-valogatas-negy-kortars-roman-magangyujtemenybol\/\"><em>Double Heads Matches | A selection of contemporary artworks from four Romanian private collections<\/em><\/a><\/p>\n<p>[\/vc_column_text][\/vc_accordion_tab][vc_accordion_tab title=&#8221;2017&#8243;][vc_column_text el_class=&#8221;eves-lista&#8221;]<\/p>\n<p class=\"archive\"><a href=\"https:\/\/budapestgaleria.hu\/_\/en\/2018-exhibitions\/a-jelen-keplete-digitalis-bennszulottek-digitalis-bevandorlok\/\"><em>The Formula of the Present | Digital Natives, Digital Immigrants<\/em><\/a><\/p>\n<p class=\"archive\"><a href=\"https:\/\/budapestgaleria.hu\/_\/en\/2017-exhibitions\/leopold-bloom-art-award-2017\/\"><em>Leopold Bloom Art Award | 2017<\/em><\/a><\/p>\n<p class=\"archive\"><a href=\"https:\/\/budapestgaleria.hu\/_\/en\/2017-exhibitions\/budburst-substitute-thirsters\/\"><em>Budburst | The early period of the Substitute Thirsters (1984\u20131987)<\/em><\/a><\/p>\n<p class=\"archive\"><a href=\"https:\/\/budapestgaleria.hu\/_\/en\/2017-exhibitions\/12-madeinhungary-design-without-borders\/\"><em>12. madeinhungary + 5. MeeD | DESIGN WITHOUT BORDERS<\/em><\/a><\/p>\n<p class=\"archive\"><em>Passage to the Future | Art from a New Generation in Japan<\/em><\/p>\n<p>[\/vc_column_text][\/vc_accordion_tab][vc_accordion_tab title=&#8221;2016&#8243;][vc_column_text el_class=&#8221;eves-lista&#8221;]<\/p>\n<p class=\"archive\"><a href=\"https:\/\/budapestgaleria.hu\/_\/en\/2016-exhibitions\/the-prophets-parade-lodz-kaliska\/\"><em>The Prophets\u2019 Parade | An artistic project by the group \u0141\u00f3d\u017a Kaliska<\/em><\/a><\/p>\n<p class=\"archive\"><a href=\"https:\/\/budapestgaleria.hu\/_\/en\/2016-exhibitions\/blow-ups-1963-the-age-of-jancsos-cantata\/\"><em>Blow-ups \u2013 1963. The Age of Jancs\u00f3\u2019s Cantata<\/em><\/a><\/p>\n<p class=\"archive\"><a href=\"https:\/\/budapestgaleria.hu\/_\/en\/2016-exhibitions\/11-madeinhungary-04-meed-hatartalan-design\/\"><em>11. madeinhungary + 4. MeeD | DESIGN WITHOUT BORDERS<\/em><\/a><\/p>\n<p>[\/vc_column_text][\/vc_accordion_tab][vc_accordion_tab title=&#8221;2015&#8243;][vc_column_text el_class=&#8221;eves-lista&#8221;]<\/p>\n<p class=\"archive\"><a href=\"https:\/\/budapestgaleria.hu\/_\/en\/2015-exhibitions\/timebase\/\"><em>Timebase<\/em><\/a><\/p>\n<p class=\"archive\"><a href=\"https:\/\/budapestgaleria.hu\/_\/en\/2015-exhibitions\/leopold-bloom-art-award-2015\/\"><em>Leopold Bloom Art Award | 2015<\/em><\/a><\/p>\n<p class=\"archive\"><a href=\"https:\/\/budapestgaleria.hu\/_\/en\/2015-exhibitions\/more-light-light-environments\/\"><em>More Light! Light Environments<\/em><\/a><\/p>\n<p>[\/vc_column_text][\/vc_accordion_tab][vc_accordion_tab title=&#8221;2014&#8243;][vc_column_text el_class=&#8221;eves-lista&#8221;]<\/p>\n<p class=\"archive\"><a href=\"https:\/\/budapestgaleria.hu\/_\/en\/2014-exhibitions\/contemporaries-collectors-and-artists\/\"><em>Contemporaries: Collectors and Artists<\/em><\/a><\/p>\n<p class=\"archive\"><a href=\"https:\/\/budapestgaleria.hu\/_\/en\/2014-exhibitions\/10-madeinhungary-03-meed-design-without-borders\/\"><em>10. madeinhungary + 3. MeeD | DESIGN WITHOUT BORDERS<\/em><\/a><\/p>\n<p class=\"archive\"><a href=\"https:\/\/budapestgaleria.hu\/_\/en\/2014-exhibitions\/budapest-patron-city-of-the-arts-the-municipal-gallery\/\"><em>Budapest, Patron City of the Arts \u2013 The Municipal Gallery<\/em><\/a><\/p>\n<p>[\/vc_column_text][\/vc_accordion_tab][vc_accordion_tab title=&#8221;2013&#8243;][vc_column_text el_class=&#8221;eves-lista&#8221;]<\/p>\n<p class=\"archive\"><a href=\"https:\/\/budapestgaleria.hu\/_\/en\/2013-exhibitions\/budapest-immersion\/\"><em>Budapest Immersion<\/em><\/a><\/p>\n<p>[\/vc_column_text][\/vc_accordion_tab][\/vc_accordion][\/vc_column][\/vc_row][vc_row css_animation=&#8221;&#8221; row_type=&#8221;row&#8221; use_row_as_full_screen_section=&#8221;no&#8221; type=&#8221;full_width&#8221; angled_section=&#8221;no&#8221; text_align=&#8221;left&#8221; background_image_as_pattern=&#8221;without_pattern&#8221;][vc_column][vc_empty_space height=&#8221;45px&#8221;][\/vc_column][\/vc_row]<\/p>\n<\/div>","protected":false},"excerpt":{"rendered":"<p>[vc_row css_animation=&#8221;&#8221; seperator_indeed_locker=&#8221;&#8221; row_type=&#8221;row&#8221; use_row_as_full_screen_section=&#8221;no&#8221; type=&#8221;grid&#8221; angled_section=&#8221;no&#8221; text_align=&#8221;left&#8221; background_image_as_pattern=&#8221;without_pattern&#8221; template=&#8221;ism_template_1&#8243; ism_overlock=&#8221;default&#8221; sm_d_text=&#8221; This content is&#8230;<\/p>\n","protected":false},"author":11,"featured_media":0,"parent":0,"menu_order":0,"comment_status":"closed","ping_status":"closed","template":"","meta":{"inline_featured_image":false,"loftloader_pro_show_once":"","loftloader_pro_page_shortcode":"","footnotes":""},"class_list":["post-17994","page","type-page","status-publish","hentry"],"_links":{"self":[{"href":"https:\/\/budapestgaleria.hu\/_\/en\/wp-json\/wp\/v2\/pages\/17994","targetHints":{"allow":["GET"]}}],"collection":[{"href":"https:\/\/budapestgaleria.hu\/_\/en\/wp-json\/wp\/v2\/pages"}],"about":[{"href":"https:\/\/budapestgaleria.hu\/_\/en\/wp-json\/wp\/v2\/types\/page"}],"author":[{"embeddable":true,"href":"https:\/\/budapestgaleria.hu\/_\/en\/wp-json\/wp\/v2\/users\/11"}],"replies":[{"embeddable":true,"href":"https:\/\/budapestgaleria.hu\/_\/en\/wp-json\/wp\/v2\/comments?post=17994"}],"version-history":[{"count":0,"href":"https:\/\/budapestgaleria.hu\/_\/en\/wp-json\/wp\/v2\/pages\/17994\/revisions"}],"wp:attachment":[{"href":"https:\/\/budapestgaleria.hu\/_\/en\/wp-json\/wp\/v2\/media?parent=17994"}],"curies":[{"name":"wp","href":"https:\/\/api.w.org\/{rel}","templated":true}]}}