{"id":18625,"date":"2022-11-28T11:22:13","date_gmt":"2022-11-28T10:22:13","guid":{"rendered":"https:\/\/budapestgaleria.hu\/_\/2022-kiallitasok\/lappango-elem\/"},"modified":"2023-12-21T13:44:06","modified_gmt":"2023-12-21T12:44:06","slug":"latent-element","status":"publish","type":"page","link":"https:\/\/budapestgaleria.hu\/_\/en\/2022-kiallitasok\/latent-element\/","title":{"rendered":"Latent element"},"content":{"rendered":"<div class=\"wpb-content-wrapper\"><p>[vc_row css_animation=&#8221;&#8221; row_type=&#8221;row&#8221; use_row_as_full_screen_section=&#8221;no&#8221; type=&#8221;grid&#8221; angled_section=&#8221;no&#8221; text_align=&#8221;left&#8221; background_image_as_pattern=&#8221;without_pattern&#8221; template=&#8221;ism_template_1&#8243; ism_overlock=&#8221;default&#8221; sm_d_text=&#8221;<\/p>\n<h2>This content is locked<\/h2>\n<p>Share This Page To Unlock The Content!&#8221;][vc_column][vc_single_image image=&#8221;18630&#8243; img_size=&#8221;full&#8221; qode_css_animation=&#8221;&#8221;][\/vc_column][\/vc_row][vc_row css_animation=&#8221;&#8221; row_type=&#8221;row&#8221; use_row_as_full_screen_section=&#8221;no&#8221; type=&#8221;grid&#8221; angled_section=&#8221;no&#8221; text_align=&#8221;left&#8221; background_image_as_pattern=&#8221;without_pattern&#8221;][vc_column][vc_empty_space height=&#8221;45px&#8221;][vc_column_text]<\/p>\n<h1 class=\"cim_1\"><em>Latent Element<\/em><\/h1>\n<h1 class=\"alcim\">Exhibition of Kamilla Sz\u00edj<\/h1>\n<p>[\/vc_column_text][vc_empty_space height=&#8221;45px&#8221;][\/vc_column][\/vc_row][vc_row css_animation=&#8221;&#8221; row_type=&#8221;row&#8221; use_row_as_full_screen_section=&#8221;no&#8221; type=&#8221;grid&#8221; angled_section=&#8221;no&#8221; text_align=&#8221;left&#8221; background_image_as_pattern=&#8221;without_pattern&#8221; bgparallax=&#8221;parallax&#8221; contentwidth=&#8221;container&#8221; toppadding=&#8221;40&#8243; bottompadding=&#8221;10&#8243; border=&#8221;on&#8221; css=&#8221;.vc_custom_1420648296958{background-color: #ffffff !important;}&#8221;][vc_column width=&#8221;1\/3&#8243; css=&#8221;.vc_custom_1427029754112{padding-right: 25px !important;}&#8221; el_class=&#8221;full-1&#8243;][vc_column_text]<\/p>\n<p class=\"hely_bpgal\">Budapest Gallery<\/p>\n<p class=\"cim_bpgal\">1036 Budapest, Lajos utca 158. (ground floor)<\/p>\n<p class=\"datum_bpgal\">9 December 2022 \u2013 12 February 2023<\/p>\n<p>[\/vc_column_text][vc_column_text]<\/p>\n<p class=\"kiemeles_bpgal\">Curator:<\/p>\n<p class=\"verzal_bpgal\">Nikolett Er\u0151ss<\/p>\n<p>[\/vc_column_text][vc_column_text]<\/p>\n<p class=\"kiemeles_bpgal\">Opening:<\/p>\n<p class=\"datum_bpgal_2\">8 December 2022 (Thursday), 6 pm<\/p>\n<p class=\"kiemeles_bpgal\">Opening speech by:<\/p>\n<p class=\"verzal_bpgal\">Tibor V\u00e1rnagy<\/p>\n<p>[\/vc_column_text][vc_column_text]<\/p>\n<p class=\"kiemeles_bpgal\">Consultant:<\/p>\n<p class=\"verzal_bpgal\">J\u00f3zsef Tasn\u00e1di<\/p>\n<p class=\"kiemeles_bpgal\">Lighting engineering:<\/p>\n<p class=\"verzal_bpgal\">Andr\u00e1s T\u00f3ta<\/p>\n<p class=\"kiemeles_bpgal\">Graphic design:<\/p>\n<p class=\"verzal_bpgal\">Fl\u00f3ra P\u00e1lhegyi<\/p>\n<p>[\/vc_column_text][vc_empty_space][\/vc_column][vc_column width=&#8221;2\/3&#8243; el_class=&#8221;full-2&#8243;][vc_column_text]The exhibition is but a single line, as it were, which is a bit of an understatement, albeit not incorrect. This line traverses the space, and for a long while nothing seems to happen in the successive rooms, which is enough to arouse suspicion: we must have missed something.<br \/>\nThe line is visible, but reality gives way to the invisible, which is truth. For this to happen, attention, deceleration, time is required. Finally, after this postponement, the line breaks loose in the last room, multiplied and transmuted into drawings.<br \/>\nKamilla Sz\u00edj is a drawer, the line is her tool. In her work, she forms lines following a certain conceptual order, creates structures and rules, and follows the evolution of the forms that are born out of these rules, interpreting the evolving order in the process of drawing.<br \/>\nThe line running through the space is a radical reduction by which she directs our attention to a single phenomenon, the invisible that emerges from behind the spectacle. For, paradoxically, it is there, flickering right before our eyes. The line that appears static is actually moving. It probably does so at other times, as we know from Heraclitus or quantum physics, but this movement is only visible under very special circumstances \u2013 such as an exhibition.<br \/>\nBetween the line and its shadow lurks the unknown. It is the domain of hypotheses, filled with scientific ideas, explanations of the world, intuitions, visions \u2013 and much more. Art is at home here. A hundred years ago one of the best-known artists and theorists of early modernism, Kazimir Malevich, named the thing that generates the changes inevitably occurring in art the \u201cadditional\u201d \u2013 or latent \u2013element that subverts the prevalent rules and then becomes dominant in the new order. Owing to its motive nature, which is a constant in accelerating time and which has been described multifariously by many, it is difficult to grasp, it is something that can rather be sensed than known. Latent elements alternate, resistance becomes normality, and then something new intrudes again: so does everything remain in motion. It is this process that Kamilla Sz\u00edj examines with sensitive attention \u2013 the dynamics of resistance and of being organised into structures, the unfolding of the invisible present: the workings of the latent element.<\/p>\n<p>\u201cLatent\u201d element is an interpretative translation by \u00c9va Forg\u00e1cs, Hungarian translator of Malevich\u2019s treatise on Suprematism titled The Non-Objective World (T\u00e1rgy n\u00e9lk\u00fcli vil\u00e1g, Budapest: Corvina, 1986). In the German edition (Die gegenstandslose Welt, Mainz: Florian Kupferberg Verlag, 1980), which is the basis of the translation and which follows the Russian original, the word \u201cadditional\u201d is used, as in the English editions (e.g. The Non-Objective World, trans. Howard Dearstyne, Chicago: P. Theobald, 1959).<\/p>\n<p>[\/vc_column_text][vc_empty_space height=&#8221;45px&#8221;][vc_single_image image=&#8221;18984&#8243; img_size=&#8221;full&#8221; qode_css_animation=&#8221;&#8221;][vc_empty_space][vc_single_image image=&#8221;18986&#8243; img_size=&#8221;full&#8221; qode_css_animation=&#8221;&#8221;][vc_empty_space][vc_single_image image=&#8221;18988&#8243; img_size=&#8221;full&#8221; qode_css_animation=&#8221;&#8221;][vc_empty_space][vc_single_image image=&#8221;18990&#8243; img_size=&#8221;full&#8221; qode_css_animation=&#8221;&#8221;][vc_empty_space][vc_single_image image=&#8221;18992&#8243; img_size=&#8221;full&#8221; qode_css_animation=&#8221;&#8221;][vc_empty_space][vc_single_image image=&#8221;18994&#8243; img_size=&#8221;full&#8221; qode_css_animation=&#8221;&#8221;][vc_empty_space][vc_single_image image=&#8221;18996&#8243; img_size=&#8221;full&#8221; qode_css_animation=&#8221;&#8221;][vc_empty_space][vc_column_text]<\/p>\n<p class=\"kepalairas_cim_jobb\">Fot\u00f3k: Juh\u00e1sz G. Tam\u00e1s<\/p>\n<p>[\/vc_column_text][\/vc_column][\/vc_row][vc_row css_animation=&#8221;&#8221; row_type=&#8221;row&#8221; use_row_as_full_screen_section=&#8221;no&#8221; type=&#8221;grid&#8221; angled_section=&#8221;no&#8221; text_align=&#8221;left&#8221; background_image_as_pattern=&#8221;without_pattern&#8221; template=&#8221;ism_template_1&#8243; ism_overlock=&#8221;default&#8221; sm_d_text=&#8221;<\/p>\n<h2>This content is locked<\/h2>\n<p>Share This Page To Unlock The Content!&#8221;][vc_column][vc_empty_space height=&#8221;45px&#8221;][\/vc_column][\/vc_row]<\/p>\n<\/div>","protected":false},"excerpt":{"rendered":"<p>[vc_row css_animation=&#8221;&#8221; row_type=&#8221;row&#8221; use_row_as_full_screen_section=&#8221;no&#8221; type=&#8221;grid&#8221; angled_section=&#8221;no&#8221; text_align=&#8221;left&#8221; background_image_as_pattern=&#8221;without_pattern&#8221; template=&#8221;ism_template_1&#8243; ism_overlock=&#8221;default&#8221; sm_d_text=&#8221; This content is locked&#8230;<\/p>\n","protected":false},"author":11,"featured_media":0,"parent":17689,"menu_order":0,"comment_status":"closed","ping_status":"closed","template":"full_width.php","meta":{"inline_featured_image":false,"loftloader_pro_show_once":"","loftloader_pro_page_shortcode":"","footnotes":""},"class_list":["post-18625","page","type-page","status-publish","hentry"],"_links":{"self":[{"href":"https:\/\/budapestgaleria.hu\/_\/en\/wp-json\/wp\/v2\/pages\/18625","targetHints":{"allow":["GET"]}}],"collection":[{"href":"https:\/\/budapestgaleria.hu\/_\/en\/wp-json\/wp\/v2\/pages"}],"about":[{"href":"https:\/\/budapestgaleria.hu\/_\/en\/wp-json\/wp\/v2\/types\/page"}],"author":[{"embeddable":true,"href":"https:\/\/budapestgaleria.hu\/_\/en\/wp-json\/wp\/v2\/users\/11"}],"replies":[{"embeddable":true,"href":"https:\/\/budapestgaleria.hu\/_\/en\/wp-json\/wp\/v2\/comments?post=18625"}],"version-history":[{"count":0,"href":"https:\/\/budapestgaleria.hu\/_\/en\/wp-json\/wp\/v2\/pages\/18625\/revisions"}],"up":[{"embeddable":true,"href":"https:\/\/budapestgaleria.hu\/_\/en\/wp-json\/wp\/v2\/pages\/17689"}],"wp:attachment":[{"href":"https:\/\/budapestgaleria.hu\/_\/en\/wp-json\/wp\/v2\/media?parent=18625"}],"curies":[{"name":"wp","href":"https:\/\/api.w.org\/{rel}","templated":true}]}}