{"id":19405,"date":"2023-08-02T15:14:07","date_gmt":"2023-08-02T13:14:07","guid":{"rendered":"https:\/\/budapestgaleria.hu\/_\/2023-exhibitions\/haz-vagy-iras\/"},"modified":"2024-02-12T12:57:00","modified_gmt":"2024-02-12T11:57:00","slug":"building-or-text","status":"publish","type":"page","link":"https:\/\/budapestgaleria.hu\/_\/en\/2023-exhibitions\/building-or-text\/","title":{"rendered":"Building or Text?"},"content":{"rendered":"<div class=\"wpb-content-wrapper\"><p>[vc_row css_animation=&#8221;&#8221; row_type=&#8221;row&#8221; use_row_as_full_screen_section=&#8221;no&#8221; type=&#8221;grid&#8221; angled_section=&#8221;no&#8221; text_align=&#8221;left&#8221; background_image_as_pattern=&#8221;without_pattern&#8221; template=&#8221;ism_template_1&#8243; ism_overlock=&#8221;default&#8221; sm_d_text=&#8221;<\/p>\n<h2>This content is locked<\/h2>\n<p>Share This Page To Unlock The Content!&#8221;][vc_column][vc_single_image image=&#8221;19451&#8243; img_size=&#8221;full&#8221; qode_css_animation=&#8221;&#8221;][\/vc_column][\/vc_row][vc_row css_animation=&#8221;&#8221; row_type=&#8221;row&#8221; use_row_as_full_screen_section=&#8221;no&#8221; type=&#8221;grid&#8221; angled_section=&#8221;no&#8221; text_align=&#8221;left&#8221; background_image_as_pattern=&#8221;without_pattern&#8221;][vc_column][vc_empty_space height=&#8221;45px&#8221;][vc_column_text]<\/p>\n<h1 class=\"cim_1\"><em>Building or Text? <\/em><\/h1>\n<h1 class=\"alcim\">In pursuit of architectural utopias from the City of the Sun to the Capital<\/h1>\n<p>[\/vc_column_text][vc_empty_space height=&#8221;45px&#8221;][\/vc_column][\/vc_row][vc_row css_animation=&#8221;&#8221; row_type=&#8221;row&#8221; use_row_as_full_screen_section=&#8221;no&#8221; type=&#8221;grid&#8221; angled_section=&#8221;no&#8221; text_align=&#8221;left&#8221; background_image_as_pattern=&#8221;without_pattern&#8221; bgparallax=&#8221;parallax&#8221; contentwidth=&#8221;container&#8221; toppadding=&#8221;40&#8243; bottompadding=&#8221;10&#8243; border=&#8221;on&#8221; css=&#8221;.vc_custom_1420648296958{background-color: #ffffff !important;}&#8221;][vc_column width=&#8221;1\/3&#8243; css=&#8221;.vc_custom_1427029754112{padding-right: 25px !important;}&#8221; el_class=&#8221;full-1&#8243;][vc_column_text]<\/p>\n<p class=\"hely_bpgal\">Budapest Gallery<\/p>\n<p class=\"cim_bpgal\">1036 Budapest, Lajos utca 158.<\/p>\n<p class=\"datum_bpgal\">18 August \u2013 23 October 2023<\/p>\n<p>[\/vc_column_text][vc_column_text]<\/p>\n<p class=\"kiemeles_bpgal\">Creator:<\/p>\n<p class=\"verzal_bpgal\">Zs\u00f3fia Sz\u00e1ntay<\/p>\n<p>[\/vc_column_text][vc_column_text]<\/p>\n<p class=\"kiemeles_bpgal\">Curator:<\/p>\n<p class=\"verzal_bpgal\">Sulyok Mikl\u00f3s<\/p>\n<p>[\/vc_column_text][vc_column_text]<\/p>\n<p class=\"kiemeles_bpgal\">Opening:<\/p>\n<p class=\"datum_bpgal_2\">17 August 2023 (Thursday), 6 pm<\/p>\n<p class=\"kiemeles_bpgal\">Opening speech by:<\/p>\n<p class=\"verzal_bpgal\">Deod\u00e1th Zuh<\/p>\n<p class=\"titulus\">philosopher<\/p>\n<p class=\"kiemeles_bpgal\">Music performance:<\/p>\n<p class=\"verzal_bpgal\">P\u00e9ter M\u00e1trai<\/p>\n<p>[\/vc_column_text][vc_column_text]<\/p>\n<p class=\"kiemeles_bpgal\">Architects, studios:<\/p>\n<p class=\"verzal_bpgal\">Archikon, LAB5, Finta St\u00fadi\u00f3, Minusplus, Kinzo, F\u00f6ldes \u00e9s T\u00e1rsai Architects, J\u00e1nos M\u00f3nus, \u00d6KO-BAU, Geum Studio, M\u00e1diL\u00e1ncos Studio, M-Teampannon, Kollektiv Studio, G\u00e9za Lakatos, Ern\u0151 Tillai<\/p>\n<p>[\/vc_column_text][vc_column_text]<\/p>\n<p class=\"kiemeles_bpgal\">Contributors:<\/p>\n<p class=\"verzal_bpgal\">Botond Burus (graphics), Gy\u00f6ngyi Barta (music), J\u00falia Tudisco (film), Ferenc Ha\u00e1sz (lighting), Zolt\u00e1n Nagy (bookbinding), L\u00e1szl\u00f3 Dr. Francsics (diagram sculptures), Gy\u00f6ngyi Barta, B\u00e1lint Kiss, Krist\u00f3f Kov\u00e1cs and Krisztina Somogyi (music-installation sounds)<\/p>\n<p>[\/vc_column_text][vc_column_text]<\/p>\n<p class=\"kiemeles_bpgal\">Architectural photographers:<\/p>\n<p class=\"verzal_bpgal\">Zsolt Bat\u00e1r, Gy\u00f6rgy Palk\u00f3, B\u00e1lint Jaksa, Tam\u00e1s Sz\u00e1nt\u00f3, Adi Bulboaca, L\u00e1szl\u00f3 Dr. Francsics, HG Esch<\/p>\n<p>[\/vc_column_text][vc_empty_space][\/vc_column][vc_column width=&#8221;2\/3&#8243; el_class=&#8221;full-2&#8243;][vc_column_text]<\/p>\n<p class=\"kepalairas_cim_jobb\">Photos: Tam\u00e1s Juh\u00e1sz G.<\/p>\n<p>[\/vc_column_text][vc_column_text]What is utopia and how can it be good? What do literary utopias teach us? What questions are still relevant today? How does utopia affect architecture and can it be found in contemporary architecture design in Hungary? Is utopia Building or Text?<\/p>\n<p>The exhibition Building or Text? summarizes the 10-year research of Zs\u00f3fia Sz\u00e1ntay DLA \/Nautes Architects\/, which explores the relationship between utopia and architecture. The aim of the exhibition is to present utopia as a positive phenomenon on the border between literature and architecture. In this context, utopia is a latent driver of contemporary architectural design and experimentation, as well as a possible basis for interpreting the built space around us.<\/p>\n<p>We invite visitors to this journey, to explore between questions at the root of our existence and current design choices. The exhibition not only explores architectural and literary themes, but also incorporates visual art, photography, music and animation, appealing to a wider audience \u2013 architects, residents, writers and readers.<br \/>\n[\/vc_column_text][vc_empty_space height=&#8221;45px&#8221;][vc_separator type=&#8221;normal&#8221; color=&#8221;#c6c6c6&#8243; up=&#8221;10&#8243; down=&#8221;20&#8243;][vc_single_image image=&#8221;19409&#8243; onclick=&#8221;custom_link&#8221; img_link_target=&#8221;_blank&#8221; qode_css_animation=&#8221;&#8221; link=&#8221;https:\/\/nautes.hu\/&#8221;][vc_empty_space height=&#8221;45px&#8221;][vc_single_image image=&#8221;20917&#8243; img_size=&#8221;full&#8221; qode_css_animation=&#8221;&#8221;][vc_empty_space][vc_single_image image=&#8221;20920&#8243; img_size=&#8221;full&#8221; qode_css_animation=&#8221;&#8221;][vc_empty_space][vc_single_image image=&#8221;20923&#8243; img_size=&#8221;full&#8221; qode_css_animation=&#8221;&#8221;][vc_empty_space][vc_single_image image=&#8221;20925&#8243; img_size=&#8221;full&#8221; qode_css_animation=&#8221;&#8221;][vc_empty_space][vc_single_image image=&#8221;20927&#8243; img_size=&#8221;full&#8221; qode_css_animation=&#8221;&#8221;][vc_empty_space][vc_single_image image=&#8221;20930&#8243; img_size=&#8221;full&#8221; qode_css_animation=&#8221;&#8221;][vc_empty_space][vc_single_image image=&#8221;20932&#8243; img_size=&#8221;full&#8221; qode_css_animation=&#8221;&#8221;][vc_empty_space][vc_single_image image=&#8221;20934&#8243; img_size=&#8221;full&#8221; qode_css_animation=&#8221;&#8221;][vc_empty_space][vc_single_image image=&#8221;20936&#8243; img_size=&#8221;full&#8221; qode_css_animation=&#8221;&#8221;][vc_empty_space][vc_single_image image=&#8221;20938&#8243; img_size=&#8221;full&#8221; qode_css_animation=&#8221;&#8221;][vc_empty_space][\/vc_column][\/vc_row][vc_row css_animation=&#8221;&#8221; row_type=&#8221;row&#8221; use_row_as_full_screen_section=&#8221;no&#8221; type=&#8221;grid&#8221; angled_section=&#8221;no&#8221; text_align=&#8221;left&#8221; background_image_as_pattern=&#8221;without_pattern&#8221; template=&#8221;ism_template_1&#8243; ism_overlock=&#8221;default&#8221; sm_d_text=&#8221;<\/p>\n<h2>This content is locked<\/h2>\n<p>Share This Page To Unlock The Content!&#8221;][vc_column][vc_empty_space height=&#8221;45px&#8221;][\/vc_column][\/vc_row]<\/p>\n<\/div>","protected":false},"excerpt":{"rendered":"<p>[vc_row css_animation=&#8221;&#8221; row_type=&#8221;row&#8221; use_row_as_full_screen_section=&#8221;no&#8221; type=&#8221;grid&#8221; angled_section=&#8221;no&#8221; text_align=&#8221;left&#8221; background_image_as_pattern=&#8221;without_pattern&#8221; template=&#8221;ism_template_1&#8243; ism_overlock=&#8221;default&#8221; sm_d_text=&#8221; This content is locked&#8230;<\/p>\n","protected":false},"author":11,"featured_media":0,"parent":18896,"menu_order":0,"comment_status":"closed","ping_status":"closed","template":"full_width.php","meta":{"inline_featured_image":false,"loftloader_pro_show_once":"","loftloader_pro_page_shortcode":"","footnotes":""},"class_list":["post-19405","page","type-page","status-publish","hentry"],"_links":{"self":[{"href":"https:\/\/budapestgaleria.hu\/_\/en\/wp-json\/wp\/v2\/pages\/19405","targetHints":{"allow":["GET"]}}],"collection":[{"href":"https:\/\/budapestgaleria.hu\/_\/en\/wp-json\/wp\/v2\/pages"}],"about":[{"href":"https:\/\/budapestgaleria.hu\/_\/en\/wp-json\/wp\/v2\/types\/page"}],"author":[{"embeddable":true,"href":"https:\/\/budapestgaleria.hu\/_\/en\/wp-json\/wp\/v2\/users\/11"}],"replies":[{"embeddable":true,"href":"https:\/\/budapestgaleria.hu\/_\/en\/wp-json\/wp\/v2\/comments?post=19405"}],"version-history":[{"count":0,"href":"https:\/\/budapestgaleria.hu\/_\/en\/wp-json\/wp\/v2\/pages\/19405\/revisions"}],"up":[{"embeddable":true,"href":"https:\/\/budapestgaleria.hu\/_\/en\/wp-json\/wp\/v2\/pages\/18896"}],"wp:attachment":[{"href":"https:\/\/budapestgaleria.hu\/_\/en\/wp-json\/wp\/v2\/media?parent=19405"}],"curies":[{"name":"wp","href":"https:\/\/api.w.org\/{rel}","templated":true}]}}