{"id":19792,"date":"2014-09-22T06:53:30","date_gmt":"2014-09-22T06:53:30","guid":{"rendered":"https:\/\/budapestgaleria.hu\/_\/muveszcsere-palyazat\/"},"modified":"2025-12-03T16:26:46","modified_gmt":"2025-12-03T15:26:46","slug":"application-2026","status":"publish","type":"page","link":"https:\/\/budapestgaleria.hu\/_\/en\/artist-exchange-program\/application-2026\/","title":{"rendered":"Artist Exchange Program Open Call"},"content":{"rendered":"<div class=\"wpb-content-wrapper\"><p>[vc_row css_animation=&#8221;&#8221; row_type=&#8221;row&#8221; use_row_as_full_screen_section=&#8221;no&#8221; type=&#8221;grid&#8221; angled_section=&#8221;no&#8221; text_align=&#8221;left&#8221; background_image_as_pattern=&#8221;without_pattern&#8221; bgparallax=&#8221;parallax&#8221; contentwidth=&#8221;container&#8221; toppadding=&#8221;35&#8243; bottompadding=&#8221;50&#8243; border=&#8221;on&#8221; css=&#8221;.vc_custom_1421190070445{background-color: #ffffff !important;}&#8221;][vc_column][vc_single_image image=&#8221;23641&#8243; img_size=&#8221;full&#8221; alignment=&#8221;center&#8221; css=&#8221;&#8221; qode_css_animation=&#8221;&#8221;][vc_empty_space][vc_empty_space height=&#8221;45&#8243;][vc_column_text css=&#8221;&#8221;]<\/p>\n<h1 class=\"cim_1\">Artist Exchange Program Open Call<\/h1>\n<p>[\/vc_column_text][vc_empty_space height=&#8221;45&#8243;][vc_column_text css=&#8221;&#8221;]<strong>On behalf of the Municipality of Budapest, the BHM Budapest Gallery invites applications from artists (curators for certain locations) living and working in Budapest for the year 2026 for creative, professional and artistic networking opportunities in the following locations.<\/strong><\/p>\n<p>On winning the competition, the outgoing applicant will receive accommodation, studio space and per diem from the host city. The conditions for outgoing applicants will be regulated individually at the request of the partner cities as follows.<\/p>\n<p>&nbsp;<\/p>\n<table>\n<tbody>\n<tr>\n<td width=\"113\">\n<p style=\"text-align: center;\"><strong>City<\/strong><\/p>\n<\/td>\n<td width=\"142\">\n<p style=\"text-align: center;\"><strong>Institution<\/strong><\/p>\n<\/td>\n<td width=\"104\">\n<p style=\"text-align: center;\"><strong>Residency Period<\/strong><\/p>\n<\/td>\n<td width=\"67\"><strong>Number of places available<\/strong><\/td>\n<td width=\"122\">\n<p style=\"text-align: center;\"><strong>Grant<\/strong><\/p>\n<\/td>\n<td width=\"104\"><strong>Companion may go\/visit<\/strong><\/td>\n<td width=\"104\">\n<p style=\"text-align: center;\"><strong>Remark<\/strong><\/p>\n<\/td>\n<td width=\"115\">\n<p style=\"text-align: center;\"><strong>Number of application rounds<\/strong><\/p>\n<\/td>\n<\/tr>\n<tr>\n<td width=\"113\"><strong>Krems<\/strong><\/td>\n<td width=\"142\"><a href=\"https:\/\/www.kunstmeile.at\/de\/institutionen\/artist-in-residence\">ARTIST IN RESIDENCE Nieder\u00f6sterreich<\/a><\/td>\n<td width=\"104\">23 February \u2013 29 March<\/td>\n<td width=\"67\">\n<p style=\"text-align: center;\">1<\/p>\n<\/td>\n<td width=\"122\">\n<p style=\"text-align: center;\">1950 \u20ac<\/p>\n<\/td>\n<td width=\"104\">\n<p style=\"text-align: center;\">no<\/p>\n<\/td>\n<td width=\"104\">possibility for an exhibition<\/td>\n<td width=\"115\">\n<p style=\"text-align: center;\">2<\/p>\n<\/td>\n<\/tr>\n<tr>\n<td width=\"113\"><strong>Lisbon<\/strong><\/td>\n<td width=\"142\"><a href=\"https:\/\/www.lisboa.pt\/\">C\u00e2mara Municipal de Lisboa \u00a0<\/a><\/td>\n<td width=\"104\">1 June \u2013 30 June<\/td>\n<td width=\"67\">\n<p style=\"text-align: center;\">1<\/p>\n<\/td>\n<td width=\"122\">\n<p style=\"text-align: center;\">1000 \u20ac<\/p>\n<\/td>\n<td width=\"104\">\n<p style=\"text-align: center;\">yes<\/p>\n<\/td>\n<td width=\"104\">curators can apply<\/td>\n<td width=\"115\">\n<p style=\"text-align: center;\">1<\/p>\n<\/td>\n<\/tr>\n<tr>\n<td width=\"113\"><strong>Lisbon<\/strong><\/td>\n<td width=\"142\"><a href=\"https:\/\/www.lisboa.pt\/\">C\u00e2mara Municipal de Lisboa \u00a0<\/a><\/td>\n<td width=\"104\">1 July \u2013 31 July<\/td>\n<td width=\"67\">\n<p style=\"text-align: center;\">1<\/p>\n<\/td>\n<td width=\"122\">\n<p style=\"text-align: center;\">1000 \u20ac<\/p>\n<\/td>\n<td width=\"104\">\n<p style=\"text-align: center;\">yes<\/p>\n<\/td>\n<td width=\"104\">curators can apply<\/td>\n<td width=\"115\">\n<p style=\"text-align: center;\">1<\/p>\n<\/td>\n<\/tr>\n<tr>\n<td width=\"113\"><strong>Salzburg<\/strong><\/td>\n<td width=\"142\"><a href=\"https:\/\/www.stadt-salzburg.at\/orte\/stadtatelier-im-kuenstlerhaus\">STADT:SALZBURG<\/a><\/td>\n<td width=\"104\">1 March \u2013 31 March<\/td>\n<td width=\"67\">\n<p style=\"text-align: center;\">1<\/p>\n<\/td>\n<td width=\"122\">\n<p style=\"text-align: center;\">800 \u20ac<\/p>\n<\/td>\n<td width=\"104\">\n<p style=\"text-align: center;\">yes<\/p>\n<\/td>\n<td width=\"104\">possibility for an exhibition<\/td>\n<td width=\"115\">\n<p style=\"text-align: center;\">1<\/p>\n<\/td>\n<\/tr>\n<tr>\n<td width=\"113\"><strong>Salzburg<\/strong><\/td>\n<td width=\"142\">Salzburg Land &#8211; <a href=\"https:\/\/www.traklhaus.at\/\">Kunst im Traklhaus<\/a><\/td>\n<td width=\"104\">1 September \u2013 30 September<\/td>\n<td width=\"67\">\n<p style=\"text-align: center;\">1<\/p>\n<\/td>\n<td width=\"122\">\n<p style=\"text-align: center;\">1000 \u20ac<\/p>\n<\/td>\n<td width=\"104\">\n<p style=\"text-align: center;\">yes<\/p>\n<\/td>\n<td width=\"104\">possibility for an exhbition<\/td>\n<td width=\"115\">\n<p style=\"text-align: center;\">1<\/p>\n<\/td>\n<\/tr>\n<tr>\n<td width=\"113\"><strong>Salzburg<\/strong><\/td>\n<td width=\"142\">Salzburg Land &#8211; <a href=\"https:\/\/www.traklhaus.at\/\">Kunst im Traklhaus<\/a><\/td>\n<td width=\"104\">1 October \u2013 31 October<\/td>\n<td width=\"67\">\n<p style=\"text-align: center;\">1<\/p>\n<\/td>\n<td width=\"122\">\n<p style=\"text-align: center;\">1000 \u20ac<\/p>\n<\/td>\n<td width=\"104\">\n<p style=\"text-align: center;\">yes<\/p>\n<\/td>\n<td width=\"104\">possibility for an exhibition<\/td>\n<td width=\"115\">\n<p style=\"text-align: center;\">1<\/p>\n<\/td>\n<\/tr>\n<tr>\n<td width=\"113\"><strong>Strasbourg<\/strong><\/td>\n<td width=\"142\"><a href=\"https:\/\/ceaac.org\/en\/\">CEAAC<\/a><\/td>\n<td width=\"104\">1 April \u2013 30 April<\/td>\n<td width=\"67\">\n<p style=\"text-align: center;\">1<\/p>\n<\/td>\n<td width=\"122\">\n<p style=\"text-align: center;\">1000 \u20ac<\/p>\n<\/td>\n<td width=\"104\">\n<p style=\"text-align: center;\">yes<\/p>\n<\/td>\n<td width=\"104\">curators can apply, invoice required, possibility for a presentation<\/td>\n<td width=\"115\">\n<p style=\"text-align: center;\">2<\/p>\n<p style=\"text-align: center;\">(video interview included)<\/p>\n<\/td>\n<\/tr>\n<tr>\n<td width=\"113\"><strong>Frankfurt<\/strong><\/td>\n<td width=\"142\"><a href=\"https:\/\/www.basis-frankfurt.de\/\">basis e.v.<\/a><\/td>\n<td width=\"104\">1 May \u2013 30 June<\/td>\n<td width=\"67\">\n<p style=\"text-align: center;\">1<\/p>\n<\/td>\n<td width=\"122\">\n<p style=\"text-align: center;\">1000 \u20ac\/ month<\/p>\n<\/td>\n<td width=\"104\">\n<p style=\"text-align: center;\">yes<\/p>\n<\/td>\n<td width=\"104\">possibility for an exhibition, curators can apply<\/td>\n<td width=\"115\">\n<p style=\"text-align: center;\">2<\/p>\n<\/td>\n<\/tr>\n<tr>\n<td width=\"113\"><strong>Paris<\/strong><\/td>\n<td width=\"142\"><a href=\"https:\/\/www.citedesartsparis.net\/\">Cit\u00e9 internationale des arts<\/a><\/td>\n<td width=\"104\">1 September \u2013 31 October<\/td>\n<td width=\"67\">\n<p style=\"text-align: center;\">1<\/p>\n<\/td>\n<td width=\"122\">\n<p style=\"text-align: center;\">1500 \u20ac\/ month<\/p>\n<\/td>\n<td width=\"104\">\n<p style=\"text-align: center;\">yes<\/p>\n<\/td>\n<td width=\"104\">possibility for a presentation, curators can apply<\/td>\n<td width=\"115\">\n<p style=\"text-align: center;\">2<\/p>\n<\/td>\n<\/tr>\n<tr>\n<td width=\"113\"><strong>Kosice*<\/strong><\/td>\n<td width=\"142\"><a href=\"https:\/\/www.kair.sk\/residency\/\">K.A.I.R.<\/a><\/td>\n<td width=\"104\">1 July \u2013 31 August<\/td>\n<td width=\"67\">\n<p style=\"text-align: center;\">1<\/p>\n<\/td>\n<td width=\"122\">\n<p style=\"text-align: center;\">500 \u20ac artist fee + 500 \u20ac material fee<\/p>\n<\/td>\n<td width=\"104\">\n<p style=\"text-align: center;\">yes<\/p>\n<\/td>\n<td width=\"104\">possibility for an exhibition<\/td>\n<td width=\"115\">\n<p style=\"text-align: center;\">2<\/p>\n<\/td>\n<\/tr>\n<tr>\n<td width=\"113\"><strong>Freising<\/strong><\/td>\n<td width=\"142\"><a href=\"https:\/\/www.schafhof-kunstforum.de\/?La=2\">Schafhof \u2013 European Art Forum Upper Bavaria<\/a><\/td>\n<td width=\"104\">1 March \u2013 30 April<\/td>\n<td width=\"67\">\n<p style=\"text-align: center;\">1<\/p>\n<\/td>\n<td width=\"122\">\n<p style=\"text-align: center;\">800 \u20ac\/month + travel fee<\/p>\n<\/td>\n<td width=\"104\">\n<p style=\"text-align: center;\">yes<\/p>\n<\/td>\n<td width=\"104\">possibility for an exhibition<\/td>\n<td width=\"115\">\n<p style=\"text-align: center;\">2<\/p>\n<\/td>\n<\/tr>\n<tr>\n<td width=\"113\"><strong>Celje<\/strong><\/td>\n<td width=\"142\"><a href=\"https:\/\/csu.si\/en\/\">Center for Contermporary Arts Celje<\/a><\/td>\n<td width=\"104\">1 July \u2013 31 August<\/td>\n<td width=\"67\">\n<p style=\"text-align: center;\">1<\/p>\n<\/td>\n<td width=\"122\">\n<p style=\"text-align: center;\">1000 \u20ac\/month<\/p>\n<\/td>\n<td width=\"104\">\n<p style=\"text-align: center;\">yes<\/p>\n<\/td>\n<td width=\"104\">possibility for an exhibition, curators can apply, invoice required<\/td>\n<td width=\"115\">\n<p style=\"text-align: center;\">2<\/p>\n<\/td>\n<\/tr>\n<tr>\n<td width=\"113\"><strong>Reykjav\u00edk<\/strong><\/td>\n<td width=\"142\"><a href=\"https:\/\/www.sim-residency.info\/\">S\u00cdM residency<\/a><\/td>\n<td width=\"104\">1 June \u2013 30 June<\/td>\n<td width=\"67\">\n<p style=\"text-align: center;\">1<\/p>\n<\/td>\n<td width=\"122\">\n<p style=\"text-align: center;\">1000 \u20ac<\/p>\n<\/td>\n<td width=\"104\">\n<p style=\"text-align: center;\">no<\/p>\n<\/td>\n<td width=\"104\">possibility for a presentation<\/td>\n<td width=\"115\">\n<p style=\"text-align: center;\">2<\/p>\n<\/td>\n<\/tr>\n<tr>\n<td width=\"113\"><strong>The Hague<\/strong><\/td>\n<td width=\"142\"><a href=\"https:\/\/1646.nl\/\">1646 Experimental Art Space<\/a><\/td>\n<td width=\"104\">8 June \u2013 8 July<\/td>\n<td width=\"67\">\n<p style=\"text-align: center;\">1<\/p>\n<\/td>\n<td width=\"122\">\n<p style=\"text-align: center;\">1000 \u20ac artist fee+ 750 \u20ac production fee+ 300 \u20ac travel fee<\/p>\n<\/td>\n<td width=\"104\">\n<p style=\"text-align: center;\">yes<\/p>\n<\/td>\n<td width=\"104\">possibility for a presentation<\/td>\n<td width=\"115\">\n<p style=\"text-align: center;\">2<\/p>\n<\/td>\n<\/tr>\n<\/tbody>\n<\/table>\n<p><em>* Please note that due to ongoing challenges in Slovakia&#8217;s cultural policy environment, adjustments may appear. We will ensure transparent communication throughout the application and jury process.<\/em><\/p>\n<p>&nbsp;<\/p>\n<p>We kindly ask all applicants to contact the coordinator of the BHM Budapest Gallery artist exchange program at the following address if they require further information before submitting their application: <a href=\"mailto:hermann.julia@btm.hu\">hermann.julia@btm.hu<\/a><\/p>\n<p><strong>Application criteria:<\/strong><\/p>\n<p>Applications are invited from those who have won this competition no more than once and have travelled before 2023. Both the partner cities and Budapest expect applicants to be able to speak English or the language of the country in which they are applying at an appropriate level of competence in the job and in professional matters. Please declare your language skills responsibly on the registration form.<\/p>\n<p>Winners are expected to submit a written professional report with photos after the trip abroad. Participants are asked to occasionally support the Budapest Gallery&#8217;s artist exchange programme, so that foreign artists coming to Budapest can get a better understanding of the capital&#8217;s art scene and future domestic applicants can get a more complete picture of the exchange programme.<\/p>\n<p><strong>How to apply:<\/strong><\/p>\n<p>Applications must be sent electronically to <a href=\"mailto:hermann.julia@btm.hu\">hermann.julia@btm.hu<\/a><\/p>\n<p>A maximum of two places may be indicated in an application.<\/p>\n<p>The subject of the message should be M\u0171v\u00e9szcsere2026<\/p>\n<p>Deadline: 31 October 2025 (Friday) 4 pm<\/p>\n<p><strong>The applications must include: <\/strong><\/p>\n<p>&#8211; a registration form and a consent form, which can be downloaded at the bottom of the page<\/p>\n<p>&#8211; a CV and a portfolio together in a single PDF file<\/p>\n<p>&#8211; and a motivation letter in Hungarian and English, of a maximum of 2-2 thousand characters, explaining the reasons for the location. (If two locations are specified, separate cover letters must be attached for each location.)<\/p>\n<p>Applications will be judged by a professional jury invited by the Budapest Gallery.<\/p>\n<p>The members of the jury for the 2026 artist exchange competition are Tam\u00e1s Don, Fl\u00f3ra Gad\u00f3, J\u00falia Hermann, Emese Mucsi, Lea Nov\u00e1k.<\/p>\n<p>Applicants will be notified in writing of the receipt of their applications and of any need to supplement them.<\/p>\n<p>Deadline for the evaluation of the competition: one-round applications: end of November, two-round applications: mid-December.<\/p>\n<p>For further information, please contact the Exhibition Department of Budapest Gallery, J\u00falia Hermann (hermann.julia@btm.hu )<\/p>\n<p>&nbsp;<\/p>\n<p><strong>The winners of the 2026 competition can be read <a href=\"https:\/\/budapestgaleria.hu\/_\/en\/artist-exchange-program\/winners-of-the-2026-competition\/\">here<\/a>!<\/strong><\/p>\n<p>&nbsp;<\/p>\n<p>&nbsp;<\/p>\n<p>&nbsp;<\/p>\n<p>[\/vc_column_text][vc_empty_space height=&#8221;32&#8243;][vc_column_text css=&#8221;&#8221;]<\/p>\n\n            <div \n                class=\"elfsight-widget-file-embed elfsight-widget\" \n                data-elfsight-file-embed-options=\"%7B%22files%22%3A%5B%7B%22link%22%3A%22https%3A%5C%2F%5C%2Fbudapestgaleria.hu%5C%2F_%5C%2Fwp-content%5C%2Fuploads%5C%2F2025%5C%2F09%5C%2FREGISTRATION-FORM_2025.pdf%22%2C%22name%22%3A%22APPLICATION%20FORM%22%2C%22previewImage%22%3Anull%7D%5D%2C%22widgetTitle%22%3A%22%22%2C%22layout%22%3A%22viewer%22%2C%22showIcon%22%3Atrue%2C%22previewImageSize%22%3A30%2C%22showDownloadLink%22%3Atrue%2C%22downloadLinkText%22%3A%22Download%22%2C%22width%22%3A%22100%25%22%2C%22nameColor%22%3A%22rgb%2817%2C%2017%2C%2017%29%22%2C%22downloadColor%22%3A%22rgb%2828%2C%20145%2C%20255%29%22%2C%22backgroundColor%22%3A%22rgb%28255%2C%20255%2C%20255%29%22%2C%22fileBackgroundColor%22%3A%22rgb%28255%2C%20255%2C%20255%29%22%2C%22widgetTitleColor%22%3A%22rgb%280%2C%200%2C%200%29%22%2C%22iconColor%22%3A%22%22%2C%22nameFontSize%22%3A16%2C%22downloadFontSize%22%3A16%2C%22widgetTitleFontSize%22%3A23%2C%22widgetId%22%3A%223%22%7D\" \n                data-elfsight-file-embed-version=\"1.1.1\"\n                data-elfsight-widget-id=\"elfsight-file-embed-3\">\n            <\/div>\n            \n<p>[\/vc_column_text][vc_empty_space height=&#8221;45&#8243;][\/vc_column][\/vc_row]<\/p>\n<\/div>","protected":false},"excerpt":{"rendered":"<p>[vc_row css_animation=&#8221;&#8221; row_type=&#8221;row&#8221; use_row_as_full_screen_section=&#8221;no&#8221; type=&#8221;grid&#8221; angled_section=&#8221;no&#8221; text_align=&#8221;left&#8221; background_image_as_pattern=&#8221;without_pattern&#8221; bgparallax=&#8221;parallax&#8221; contentwidth=&#8221;container&#8221; toppadding=&#8221;35&#8243; bottompadding=&#8221;50&#8243; border=&#8221;on&#8221; css=&#8221;.vc_custom_1421190070445{background-color: #ffffff&#8230;<\/p>\n","protected":false},"author":1,"featured_media":0,"parent":20649,"menu_order":31,"comment_status":"closed","ping_status":"closed","template":"full_width.php","meta":{"inline_featured_image":false,"loftloader_pro_show_once":"","loftloader_pro_page_shortcode":"","footnotes":""},"class_list":["post-19792","page","type-page","status-publish","hentry"],"_links":{"self":[{"href":"https:\/\/budapestgaleria.hu\/_\/en\/wp-json\/wp\/v2\/pages\/19792","targetHints":{"allow":["GET"]}}],"collection":[{"href":"https:\/\/budapestgaleria.hu\/_\/en\/wp-json\/wp\/v2\/pages"}],"about":[{"href":"https:\/\/budapestgaleria.hu\/_\/en\/wp-json\/wp\/v2\/types\/page"}],"author":[{"embeddable":true,"href":"https:\/\/budapestgaleria.hu\/_\/en\/wp-json\/wp\/v2\/users\/1"}],"replies":[{"embeddable":true,"href":"https:\/\/budapestgaleria.hu\/_\/en\/wp-json\/wp\/v2\/comments?post=19792"}],"version-history":[{"count":6,"href":"https:\/\/budapestgaleria.hu\/_\/en\/wp-json\/wp\/v2\/pages\/19792\/revisions"}],"predecessor-version":[{"id":24433,"href":"https:\/\/budapestgaleria.hu\/_\/en\/wp-json\/wp\/v2\/pages\/19792\/revisions\/24433"}],"up":[{"embeddable":true,"href":"https:\/\/budapestgaleria.hu\/_\/en\/wp-json\/wp\/v2\/pages\/20649"}],"wp:attachment":[{"href":"https:\/\/budapestgaleria.hu\/_\/en\/wp-json\/wp\/v2\/media?parent=19792"}],"curies":[{"name":"wp","href":"https:\/\/api.w.org\/{rel}","templated":true}]}}