{"id":20127,"date":"2023-11-13T14:11:18","date_gmt":"2023-11-13T13:11:18","guid":{"rendered":"https:\/\/budapestgaleria.hu\/_\/rachel-fallon-jelen-vagyok\/"},"modified":"2023-11-14T11:48:09","modified_gmt":"2023-11-14T10:48:09","slug":"rachel-fallon-i-am-present","status":"publish","type":"page","link":"https:\/\/budapestgaleria.hu\/_\/en\/rachel-fallon-i-am-present\/","title":{"rendered":"Rachel Fallon &#8211; I am Present"},"content":{"rendered":"<div class=\"wpb-content-wrapper\"><p>[vc_row css_animation=&#8221;&#8221; row_type=&#8221;row&#8221; use_row_as_full_screen_section=&#8221;no&#8221; type=&#8221;grid&#8221; angled_section=&#8221;no&#8221; text_align=&#8221;left&#8221; background_image_as_pattern=&#8221;without_pattern&#8221; template=&#8221;ism_template_1&#8243; ism_overlock=&#8221;default&#8221; sm_d_text=&#8221;<\/p>\n<h2>This content is locked<\/h2>\n<p>Share This Page To Unlock The Content!&#8221;][vc_column][vc_single_image image=&#8221;20120&#8243; img_size=&#8221;full&#8221; qode_css_animation=&#8221;&#8221;][\/vc_column][\/vc_row][vc_row css_animation=&#8221;&#8221; row_type=&#8221;row&#8221; use_row_as_full_screen_section=&#8221;no&#8221; type=&#8221;grid&#8221; angled_section=&#8221;no&#8221; text_align=&#8221;left&#8221; background_image_as_pattern=&#8221;without_pattern&#8221;][vc_column][vc_empty_space height=&#8221;45px&#8221;][vc_column_text]<\/p>\n<h1 class=\"cim_1\"><em>I am Present \/ Adsum<\/em><\/h1>\n<h1 class=\"alcim\">Rachel Fallon <em>D.I.Y. Aprons of Power<\/em> sewing workshop, performance and artist talk<\/h1>\n<p>[\/vc_column_text][vc_empty_space height=&#8221;45px&#8221;][\/vc_column][\/vc_row][vc_row css_animation=&#8221;&#8221; row_type=&#8221;row&#8221; use_row_as_full_screen_section=&#8221;no&#8221; type=&#8221;grid&#8221; angled_section=&#8221;no&#8221; text_align=&#8221;left&#8221; background_image_as_pattern=&#8221;without_pattern&#8221; bgparallax=&#8221;parallax&#8221; contentwidth=&#8221;container&#8221; toppadding=&#8221;40&#8243; bottompadding=&#8221;10&#8243; border=&#8221;on&#8221; css=&#8221;.vc_custom_1420648296958{background-color: #ffffff !important;}&#8221;][vc_column width=&#8221;1\/3&#8243; css=&#8221;.vc_custom_1427029754112{padding-right: 25px !important;}&#8221; el_class=&#8221;full-1&#8243;][vc_column_text]<\/p>\n<p class=\"datum_bpgal\">22 &#8211; 25 November 2023<\/p>\n<p>[\/vc_column_text][vc_column_text]<\/p>\n<p class=\"kiemeles_bpgal\">Sewing workshop:<\/p>\n<p class=\"datum_bpgal_2\">22 November 2023 15:00 &#8211; 19:00<\/p>\n<p class=\"datum_bpgal_2\">23 November 2023 15:00 &#8211; 17:30<\/p>\n<p class=\"datum_bpgal_2\">24 November 2023 15:00 &#8211; 19:00<\/p>\n<p class=\"hely_bpgal\">Budapest Gallery<\/p>\n<p class=\"cim_bpgal\">1036 Budapest, Lajos utca 158.<\/p>\n<p>[\/vc_column_text][vc_column_text]<\/p>\n<p class=\"kiemeles_bpgal\">Performance:<\/p>\n<p class=\"datum_bpgal_2\">25 November 2023 13:30 &#8211; 15:30<\/p>\n<p class=\"hely_bpgal\">Meeting point: Margaret Island, water tower<\/p>\n<p>[\/vc_column_text][vc_column_text]<\/p>\n<p class=\"kiemeles_bpgal\">Artist talk:<\/p>\n<p class=\"datum_bpgal_2\">23 November 2023 18:00<\/p>\n<p class=\"hely_bpgal\">ISBN books+gallery<\/p>\n<p class=\"cim_bpgal\">1084 Budapest, V\u00edg u. 2.<\/p>\n<p>[\/vc_column_text][vc_column_text]<\/p>\n<p class=\"kiemeles_bpgal\">Graphic design:<\/p>\n<p class=\"verzal_bpgal\">Vikt\u00f3ria Szab\u00f3<\/p>\n<p>[\/vc_column_text][vc_empty_space][\/vc_column][vc_column width=&#8221;2\/3&#8243; el_class=&#8221;full-2&#8243;][vc_column_text]Between May and July this year, the Budapest Gallery organised an international group exhibition titled <a href=\"https:\/\/budapestgaleria.hu\/_\/en\/2023-exhibitions\/on-violence\/\">On violence<\/a> (curated by L\u00edvia P\u00e1ldi), which presented experiences of violence, scenarios of social behaviour, visual and political topos of violence from women&#8217;s and queer positions. The accompanying and educational programmes, developed in collaboration with artists, NGOs and human rights activists, will be continued by a feminist performance project in public spaces by the Irish artist Rachel Fallon, who had also participated in the exhibition.<\/p>\n<p>On 25 November, the World Day for the Elimination of Violence against Women, a new version of <em>The Aprons of Power<\/em> project realized as a community collaboration will be presented in Budapest under the title <em>I am Present \/ Adsum<\/em>, which will highlight social inequalities, systemic violence and the lack of female and queer representation in public spaces by raising aprons in prominent &#8211; and thus male-centric &#8211; urban spaces. The project will be accompanied by sewing workshops with Rachel Fallon, S\u00e1ri Ember, Eszter Metzing, Kata Oltai, Luca Petr\u00e1nyi and Enik\u0151 R\u00f3ka and an artist talk where people of different ages, social backgrounds and experiences are welcome.<\/p>\n<p><em>D.I.Y. Aprons of Power<\/em> sewing workshop and performance:<br \/>\nRachel Fallon created her performance series <em>D.I.Y. Aprons of Power<\/em> in 2018 as a commemoration of the women, especially unwed mothers, locked up in Magdalene asylums and maternity homes. Fallon focuses on the plain white linen apron worn from day one by women working in the laundries as a symbol of oppression and a defence of pure morality. With slogans and appropriated military mottos sewn into the lining of the aprons, she makes empowering feminist calls and claims about reproductive and bodily autonomy, safety, equality and non-discriminatory care.<\/p>\n<p>She continued this series during the Artists&#8217; Campaign to Repeal the Eighth Amendment (ACREA) campaign, which called for the repeal of the Eighth Amendment (Article 40.3.3) to the Irish Constitution, introduced in 1983. The amendment equated the life of the pregnant woman with that of the unborn child.<\/p>\n<p>The brief, symbolic act of taking back power, the lifting of the apron, was repeated on occasion, often in 4-5 different urban locations. It was at once a remembrance of lives destroyed and a call to make these vulnerable and lost lives visible. With these actions, Fallon also drew attention to the fact that women&#8217;s exposure to violence in the public space is a persistent problem. In 2021, she created a pair of aprons, The <em>Apron of Solidarity I-II<\/em>, as a gesture of solidarity with Polish women fighting for the right to bodily self-determination.<\/p>\n<p>Fallon makes the aprons herself but an important part of her project is community sewing, discussion and performative presentation of the finished pieces in public spaces\/political demonstrations.<br \/>\nThe motto of the Budapest performance, co-designed with the artist, is Jelen Vagyok \/ I am Present \/ Adsum. The Latin word (adsum) is both a response to the name draw and a reminder that Hungarian, in 1884, became an official language, replacing Latin.<\/p>\n<p>On 25 November, members of the sewing working group will raise their aprons to proclaim their presence, highlighting social inequalities and the lack of female and queer representation in public spaces. The community apron-making workshop is open to anyone interested in activism, social justice and community collaboration as a space for knowledge sharing.<\/p>\n<p><strong>Re-Claiming Spaces artist talk:<\/strong><br \/>\nIn this artists talk Rachel Fallon will give the background and context to her <em>Aprons of Power<\/em> performances which first took place in 2018 as part of the Artists\u2019 Campaign to Repeal the Eighth Amendment in their fight for bodily autonomy and reproductive rights in Ireland.<\/p>\n<p>Looking at empowering methods of representation through use of visual arts in social situations she will talk further about the power of words and how the project has expanded to include collaborative processes such as the <em>D.I.Y. Aprons of Power<\/em> and the importance of positive visibility within our communities.<\/p>\n<p>The project is a collaboration between the Budapest Gallery and the Kiscelli Museum-Municipal Gallery and supported by Culture Ireland.<br \/>\n[\/vc_column_text][vc_empty_space][vc_separator type=&#8221;normal&#8221; color=&#8221;#c6c6c6&#8243; up=&#8221;10&#8243; down=&#8221;20&#8243;][vc_empty_space][vc_column_text]The works of Dublin based artist Rachel Fallon address themes of maternity and safety in the domestic realm and the topics of labor, craft and womens\u2019 relationships to society and relations between the female body and politics and religion. Her work encompasses sculpture, drawing, photography and performance and is firmly rooted in processes of making. Textiles play a significant role within the artist\u2019s work and she uses materials and working methods associated with household chores, such as embroidery and crochet.<br \/>\nBesides her individual practice, she is known for her collaborations with Irish and international artists and collectives, including the Artists\u2019 Campaign to Repeal the Eighth Amendment (ACREA), Desperate Artwives, Feminist Parasite Institution, Grrrl Zine Fair and The Tellurometer Project. [\/vc_column_text][vc_empty_space height=&#8221;45&#8243;][vc_separator type=&#8221;normal&#8221; color=&#8221;#c6c6c6&#8243; up=&#8221;10&#8243; down=&#8221;20&#8243;][vc_single_image image=&#8221;20122&#8243; img_size=&#8221;250&#215;100&#8243; qode_css_animation=&#8221;&#8221;][vc_empty_space][\/vc_column][\/vc_row][vc_row css_animation=&#8221;&#8221; row_type=&#8221;row&#8221; use_row_as_full_screen_section=&#8221;no&#8221; type=&#8221;grid&#8221; angled_section=&#8221;no&#8221; text_align=&#8221;left&#8221; background_image_as_pattern=&#8221;without_pattern&#8221; template=&#8221;ism_template_1&#8243; ism_overlock=&#8221;default&#8221; sm_d_text=&#8221;<\/p>\n<h2>This content is locked<\/h2>\n<p>Share This Page To Unlock The Content!&#8221;][vc_column][vc_empty_space][vc_empty_space height=&#8221;45px&#8221;][\/vc_column][\/vc_row]<\/p>\n<\/div>","protected":false},"excerpt":{"rendered":"<p>[vc_row css_animation=&#8221;&#8221; row_type=&#8221;row&#8221; use_row_as_full_screen_section=&#8221;no&#8221; type=&#8221;grid&#8221; angled_section=&#8221;no&#8221; text_align=&#8221;left&#8221; background_image_as_pattern=&#8221;without_pattern&#8221; template=&#8221;ism_template_1&#8243; ism_overlock=&#8221;default&#8221; sm_d_text=&#8221; This content is locked&#8230;<\/p>\n","protected":false},"author":11,"featured_media":0,"parent":0,"menu_order":0,"comment_status":"closed","ping_status":"closed","template":"","meta":{"inline_featured_image":false,"loftloader_pro_show_once":"","loftloader_pro_page_shortcode":"","footnotes":""},"class_list":["post-20127","page","type-page","status-publish","hentry"],"_links":{"self":[{"href":"https:\/\/budapestgaleria.hu\/_\/en\/wp-json\/wp\/v2\/pages\/20127","targetHints":{"allow":["GET"]}}],"collection":[{"href":"https:\/\/budapestgaleria.hu\/_\/en\/wp-json\/wp\/v2\/pages"}],"about":[{"href":"https:\/\/budapestgaleria.hu\/_\/en\/wp-json\/wp\/v2\/types\/page"}],"author":[{"embeddable":true,"href":"https:\/\/budapestgaleria.hu\/_\/en\/wp-json\/wp\/v2\/users\/11"}],"replies":[{"embeddable":true,"href":"https:\/\/budapestgaleria.hu\/_\/en\/wp-json\/wp\/v2\/comments?post=20127"}],"version-history":[{"count":0,"href":"https:\/\/budapestgaleria.hu\/_\/en\/wp-json\/wp\/v2\/pages\/20127\/revisions"}],"wp:attachment":[{"href":"https:\/\/budapestgaleria.hu\/_\/en\/wp-json\/wp\/v2\/media?parent=20127"}],"curies":[{"name":"wp","href":"https:\/\/api.w.org\/{rel}","templated":true}]}}