{"id":20400,"date":"2023-12-21T12:57:34","date_gmt":"2023-12-21T11:57:34","guid":{"rendered":"https:\/\/budapestgaleria.hu\/_\/latogatas-budapest-galeria\/"},"modified":"2026-04-02T13:59:23","modified_gmt":"2026-04-02T11:59:23","slug":"visit-budapest-gallery","status":"publish","type":"page","link":"https:\/\/budapestgaleria.hu\/_\/en\/visit-budapest-gallery\/","title":{"rendered":"Visit | Budapest Gallery"},"content":{"rendered":"<div class=\"wpb-content-wrapper\"><p>[vc_row css_animation=&#8221;&#8221; row_type=&#8221;row&#8221; use_row_as_full_screen_section=&#8221;no&#8221; type=&#8221;grid&#8221; angled_section=&#8221;no&#8221; text_align=&#8221;left&#8221; background_image_as_pattern=&#8221;without_pattern&#8221; template=&#8221;ism_template_1&#8243; ism_overlock=&#8221;default&#8221; sm_d_text=&#8221;<\/p>\n<h2>This content is locked<\/h2>\n<p>Share This Page To Unlock The Content!&#8221;][vc_column][vc_single_image image=&#8221;20292&#8243; img_size=&#8221;full&#8221; qode_css_animation=&#8221;&#8221;][\/vc_column][\/vc_row][vc_row css_animation=&#8221;&#8221; row_type=&#8221;row&#8221; use_row_as_full_screen_section=&#8221;no&#8221; type=&#8221;grid&#8221; angled_section=&#8221;no&#8221; text_align=&#8221;left&#8221; background_image_as_pattern=&#8221;without_pattern&#8221;][vc_column][vc_empty_space height=&#8221;45px&#8221;][vc_column_text]<\/p>\n<h1 class=\"cim_1\">Visitor information<\/h1>\n<p>[\/vc_column_text][vc_empty_space height=&#8221;45px&#8221;][\/vc_column][\/vc_row][vc_row css_animation=&#8221;&#8221; row_type=&#8221;row&#8221; use_row_as_full_screen_section=&#8221;no&#8221; type=&#8221;grid&#8221; angled_section=&#8221;no&#8221; text_align=&#8221;left&#8221; background_image_as_pattern=&#8221;without_pattern&#8221; bgparallax=&#8221;parallax&#8221; contentwidth=&#8221;container&#8221; toppadding=&#8221;40&#8243; bottompadding=&#8221;10&#8243; border=&#8221;on&#8221; css=&#8221;.vc_custom_1420648296958{background-color: #ffffff !important;}&#8221;][vc_column el_class=&#8221;full-2&#8243;][vc_column_text css=&#8221;&#8221;]<\/p>\n<h4>BUDAPEST GALLERY<\/h4>\n<p>1036 Budapest, Lajos utca 158.<\/p>\n<p><a href=\"mailto:info@budapestgaleria.hu\">info@budapestgaleria.hu<\/a>[\/vc_column_text][vc_empty_space][vc_column_text]Open daily except Mondays, 10 am to 6 pm<br \/>\nLast tickets sold at 5:30 pm[\/vc_column_text][vc_empty_space][vc_accordion style=&#8221;accordion&#8221;][vc_accordion_tab title=&#8221;Admission fees&#8221;][vc_column_text css=&#8221;&#8221;]<strong>Adult ticket<\/strong>: 1 800 HUF \/ person<\/p>\n<p><strong>Student, youth ticket (6\u201326):<\/strong> 900 HUF \/ person<\/p>\n<p><strong>Pensioner ticket (62\u201370):<\/strong> 900 HUF \/ person<\/p>\n<p><strong>Group ticket for adults (10 or more people):<\/strong> 1 000 HUF \/ person<\/p>\n<p><strong>Family discount:<\/strong> 50% family discount to visit our museum for 1 or 2 adults (EEA citizens) accompanying at least 2 close relatives, who are children under 18 years. The two adults can buy their full price tickets with 50% discount, the children (6-18 years) can get student tickets with a valid student card.<\/p>\n<p>Free admission for children under the age of 6 and seniors over the age of 70 and with Budapest Card. On the last Saturday of each month admission is free for persons under 26 or for up to 2 close relatives accompanying children under 18.<\/p>\n<p><strong>Program ticket for the exhibition:<\/strong> 2 500 HUF \/ person*<\/p>\n<p><strong>Workshop:<\/strong> 3 000 HUF \/ person*<\/p>\n<p>*The service fee includes the price of the exhibition entrance ticket<\/p>\n<p><strong>BHM+ Ticket:<\/strong> 5500 HUF \/ person<br \/>\n(The BHM+ ticket gives you access to all Budapest History Museum member institutions for 1 month after purchase\u200b.)<\/p>\n<p>You can read <a href=\"https:\/\/budapestgaleria.hu\/_\/en\/discounts\/\" target=\"_blank\" rel=\"noopener\">HERE<\/a> about 50% discounts and conditions of free entry.<\/p>\n<p>&nbsp;<\/p>\n<p data-start=\"0\" data-end=\"93\">The institutions of the Budapest History Museum offer free admission on the following days:<\/p>\n<ul data-start=\"95\" data-end=\"478\" data-is-only-node=\"\" data-is-last-node=\"\">\n<li data-start=\"95\" data-end=\"143\"><strong data-start=\"97\" data-end=\"122\">Hungarian Culture Day<\/strong> \u2013 January 22, 2026<\/li>\n<li data-start=\"144\" data-end=\"185\"><strong data-start=\"146\" data-end=\"166\">National Holiday<\/strong> \u2013 March 15, 2026<\/li>\n<li data-start=\"186\" data-end=\"252\"><strong data-start=\"255\" data-end=\"283\">International Museum Day<\/strong> \u2013 May 18, 2026<\/li>\n<li data-start=\"301\" data-end=\"343\"><strong data-start=\"303\" data-end=\"323\">National Holiday<\/strong> \u2013 August 20, 2026<\/li>\n<li data-start=\"344\" data-end=\"395\"><strong data-start=\"346\" data-end=\"372\">Cultural Heritage Days<\/strong> \u2013 September 20, 2026<\/li>\n<li data-start=\"396\" data-end=\"439\"><strong data-start=\"398\" data-end=\"418\">National Holiday<\/strong> \u2013 October 23, 2026<\/li>\n<li data-start=\"440\" data-end=\"478\" data-is-last-node=\"\"><strong data-start=\"442\" data-end=\"458\">Budapest Day<\/strong> \u2013 November 17, 2026<\/li>\n<\/ul>\n<p>[\/vc_column_text][\/vc_accordion_tab][vc_accordion_tab title=&#8221;Guided tours&#8221;][vc_column_text css=&#8221;&#8221;]Guided tours can be booked in advance via email: <a href=\"mailto:info@budapestgaleria.hu\">info@budapestgaleria.hu<\/a><\/p>\n<p>Guided tour price in addition to the entrance fee: 1000 HUF \/ person<br \/>\nMinimum number of visitors for booking guided tours: 7 persons[\/vc_column_text][\/vc_accordion_tab][vc_accordion_tab title=&#8221;Holiday schedule&#8221;][vc_column_text css=&#8221;&#8221;]15 March 2026 National Holiday | OPEN<br \/>\n18 April 2026 Good Friday | OPEN<br \/>\n5 April 2026 Easter | OPEN<br \/>\n6 April 2026 Easter Monday | CLOSED<br \/>\n1 May 2026\u00a0 Labour Day | OPEN<br \/>\n24 May 2026 Pentecost | OPEN<br \/>\n25 May 2026 Whit Monday | CLOSED<br \/>\n20 August 2026 National Holiday | OPEN<br \/>\n23 October 2026 National Holiday | OPEN<br \/>\n01 November 2026 All Saints&#8217; Day | CLOSED<br \/>\n24 December 2026 Christmas Eve | CLOSED<br \/>\n25 December 2026 Christmas Day | CLOSED<br \/>\n26 December 2026 Christmas Day | CLOSED<br \/>\n31 December 2026 New Year&#8217;s Eve | CLOSED<br \/>\n01 January 2027 New Year&#8217;s Day | CLOSED[\/vc_column_text][\/vc_accordion_tab][vc_accordion_tab title=&#8221;Getting here&#8221;][vc_column_text]<strong>By public transport:<\/strong><br \/>\nArriving by tram No. 1 or H\u00c9V (suburban railway) No. H5, get off at stop \u201cSzentl\u00e9lek t\u00e9r\u201d, from where the Gallery is a 6-minute walk. The \u201cT\u00edm\u00e1r utca\u201d stop of the H5 H\u00c9V is also a 6-minute walk away. The Gallery is a 7-minute walk from the \u201cKiscelli utca\u201d stop of buses No. 9 and 111.<br \/>\n<strong>By bike:<\/strong><br \/>\nOn the Buda side, from the R\u00e1k\u00f3czi Bridge to Szentl\u00e9lek Square, there is a cycle path along the Danube, and it is worth turning off onto Lajos Street on T\u00edm\u00e1r Street. You can lock your bikes in front of the building or in the inner courtyard of the The nearest MOL Bubi docks are 0307 Szentl\u00e9lek t\u00e9r H, 0310 Kiscelli utca &#8211; Pacsirtamez\u0151 utca, 0309 T\u00edm\u00e1r utca H.<br \/>\n<strong>By car:<\/strong><br \/>\nParking is available in the surrounding streets. The Budapest Gallery is located in zone C, where the parking fee is 300 HUF\/hour on working days between 8:00 and 18:00.<\/p>\n<p>The building is not accessible.<\/p>\n<p>The Gallery is dog-friendly, but dogs may only be brought into the building on a leash or in a carrier. Visitors with dogs must ensure that the animal does not disturb other visitors.[\/vc_column_text][\/vc_accordion_tab][vc_accordion_tab title=&#8221;Contact&#8221;][vc_column_text css=&#8221;&#8221;]E-mail: <a href=\"mailto:info@budapestgaleria.hu\">info@budapestgaleria.hu<\/a><br \/>\nPhone: +36\/1-487-8840[\/vc_column_text][\/vc_accordion_tab][\/vc_accordion][vc_separator type=&#8221;normal&#8221; color=&#8221;#c6c6c6&#8243; up=&#8221;10&#8243; down=&#8221;20&#8243;][\/vc_column][\/vc_row][vc_row css_animation=&#8221;&#8221; row_type=&#8221;row&#8221; use_row_as_full_screen_section=&#8221;no&#8221; type=&#8221;grid&#8221; angled_section=&#8221;no&#8221; text_align=&#8221;left&#8221; background_image_as_pattern=&#8221;without_pattern&#8221; template=&#8221;ism_template_1&#8243; ism_overlock=&#8221;default&#8221; sm_d_text=&#8221;<\/p>\n<h2>This content is locked<\/h2>\n<p>Share This Page To Unlock The Content!&#8221;][vc_column][vc_empty_space height=&#8221;45px&#8221;][\/vc_column][\/vc_row]<\/p>\n<\/div>","protected":false},"excerpt":{"rendered":"<p>[vc_row css_animation=&#8221;&#8221; row_type=&#8221;row&#8221; use_row_as_full_screen_section=&#8221;no&#8221; type=&#8221;grid&#8221; angled_section=&#8221;no&#8221; text_align=&#8221;left&#8221; background_image_as_pattern=&#8221;without_pattern&#8221; template=&#8221;ism_template_1&#8243; ism_overlock=&#8221;default&#8221; sm_d_text=&#8221; This content is locked&#8230;<\/p>\n","protected":false},"author":11,"featured_media":0,"parent":0,"menu_order":0,"comment_status":"closed","ping_status":"closed","template":"full_width.php","meta":{"inline_featured_image":false,"loftloader_pro_show_once":"","loftloader_pro_page_shortcode":"","footnotes":""},"class_list":["post-20400","page","type-page","status-publish","hentry"],"_links":{"self":[{"href":"https:\/\/budapestgaleria.hu\/_\/en\/wp-json\/wp\/v2\/pages\/20400","targetHints":{"allow":["GET"]}}],"collection":[{"href":"https:\/\/budapestgaleria.hu\/_\/en\/wp-json\/wp\/v2\/pages"}],"about":[{"href":"https:\/\/budapestgaleria.hu\/_\/en\/wp-json\/wp\/v2\/types\/page"}],"author":[{"embeddable":true,"href":"https:\/\/budapestgaleria.hu\/_\/en\/wp-json\/wp\/v2\/users\/11"}],"replies":[{"embeddable":true,"href":"https:\/\/budapestgaleria.hu\/_\/en\/wp-json\/wp\/v2\/comments?post=20400"}],"version-history":[{"count":9,"href":"https:\/\/budapestgaleria.hu\/_\/en\/wp-json\/wp\/v2\/pages\/20400\/revisions"}],"predecessor-version":[{"id":24797,"href":"https:\/\/budapestgaleria.hu\/_\/en\/wp-json\/wp\/v2\/pages\/20400\/revisions\/24797"}],"wp:attachment":[{"href":"https:\/\/budapestgaleria.hu\/_\/en\/wp-json\/wp\/v2\/media?parent=20400"}],"curies":[{"name":"wp","href":"https:\/\/api.w.org\/{rel}","templated":true}]}}