{"id":20764,"date":"2024-01-22T14:05:26","date_gmt":"2024-01-22T13:05:26","guid":{"rendered":"https:\/\/budapestgaleria.hu\/_\/2024-exhibitions\/depart-ha-mindenki-meghallana\/"},"modified":"2024-07-01T13:36:17","modified_gmt":"2024-07-01T11:36:17","slug":"depart-if-all-ears-could-hear","status":"publish","type":"page","link":"https:\/\/budapestgaleria.hu\/_\/en\/2024-exhibitions\/depart-if-all-ears-could-hear\/","title":{"rendered":"DePART Collective: IF ALL EARS COULD HEAR \u2013 Romani Archives of Tomorrow&#8217;s Resistance"},"content":{"rendered":"<div class=\"wpb-content-wrapper\"><p>[vc_row css_animation=&#8221;&#8221; row_type=&#8221;row&#8221; use_row_as_full_screen_section=&#8221;no&#8221; type=&#8221;grid&#8221; angled_section=&#8221;no&#8221; text_align=&#8221;left&#8221; background_image_as_pattern=&#8221;without_pattern&#8221; template=&#8221;ism_template_1&#8243; ism_overlock=&#8221;default&#8221; sm_d_text=&#8221;<\/p>\n<h2>This content is locked<\/h2>\n<p>Share This Page To Unlock The Content!&#8221;][vc_column][vc_single_image image=&#8221;20766&#8243; img_size=&#8221;full&#8221; qode_css_animation=&#8221;&#8221;][\/vc_column][\/vc_row][vc_row css_animation=&#8221;&#8221; row_type=&#8221;row&#8221; use_row_as_full_screen_section=&#8221;no&#8221; type=&#8221;grid&#8221; angled_section=&#8221;no&#8221; text_align=&#8221;left&#8221; background_image_as_pattern=&#8221;without_pattern&#8221;][vc_column][vc_empty_space height=&#8221;45px&#8221;][vc_column_text]<\/p>\n<h1 class=\"cim_1\"><em>If All Ears Could Hear<\/em><\/h1>\n<h1 class=\"alcim\"><em>Romani Archives of Tomorrow&#8217;s Resistance<\/em><\/h1>\n<p>[\/vc_column_text][vc_empty_space height=&#8221;45px&#8221;][\/vc_column][\/vc_row][vc_row css_animation=&#8221;&#8221; row_type=&#8221;row&#8221; use_row_as_full_screen_section=&#8221;no&#8221; type=&#8221;grid&#8221; angled_section=&#8221;no&#8221; text_align=&#8221;left&#8221; background_image_as_pattern=&#8221;without_pattern&#8221; bgparallax=&#8221;parallax&#8221; contentwidth=&#8221;container&#8221; toppadding=&#8221;40&#8243; bottompadding=&#8221;10&#8243; border=&#8221;on&#8221; css=&#8221;.vc_custom_1420648296958{background-color: #ffffff !important;}&#8221;][vc_column width=&#8221;1\/3&#8243; css=&#8221;.vc_custom_1427029754112{padding-right: 25px !important;}&#8221; el_class=&#8221;full-1&#8243;][vc_column_text]<\/p>\n<p class=\"hely_bpgal\">Budapest Gallery<\/p>\n<p class=\"cim_bpgal\">1036 Budapest, Lajos utca 158.<\/p>\n<p class=\"datum_bpgal\">16 February 2024 \u2013 7 April 2024<\/p>\n<p>[\/vc_column_text][vc_column_text]<\/p>\n<p class=\"kiemeles_bpgal\">Artists:<\/p>\n<p class=\"verzal_bpgal\">DePART Collective (Jonas Baur, Dominik Jellen, Cat Jugravu, Anna Szepes)<\/p>\n<p>[\/vc_column_text][vc_column_text]<\/p>\n<p class=\"kiemeles_bpgal\">Production manager:<\/p>\n<p class=\"verzal_bpgal\">Trace Polly M\u00fcller<\/p>\n<p>[\/vc_column_text][vc_column_text]<\/p>\n<p class=\"kiemeles_bpgal\">(un)Archiving Lab ambassador:<\/p>\n<p class=\"verzal_bpgal\">Bettina Pocsai<\/p>\n<p>[\/vc_column_text][vc_column_text]<\/p>\n<p class=\"kiemeles_bpgal\">Opening:<\/p>\n<p class=\"datum_bpgal_2\">14 February 2024, (Wednesday) 6 pm<\/p>\n<p>[\/vc_column_text][vc_column_text]<\/p>\n<p class=\"kiemeles_bpgal\">(un)Archiving Lab events (English friendly):<\/p>\n<p class=\"datum_bpgal_2\">15 February 2024, (Thursday) 10 am<\/p>\n<p class=\"cim_bpgal\"><a href=\"https:\/\/www.facebook.com\/events\/1382201026020302?acontext=%7B%22event_action_history%22%3A[%7B%22mechanism%22%3A%22your_upcoming_events_unit%22%2C%22surface%22%3A%22bookmark%22%7D]%2C%22ref_notif_type%22%3Anull%7D\">Letter-writing workshop and installation on active remembrance<\/a><\/p>\n<p class=\"datum_bpgal_2\">27 March 2024, (Wednesday) 5 pm<\/p>\n<p class=\"cim_bpgal\">Sewing workshop with Bag\u00e1zs<\/p>\n<p class=\"datum_bpgal_2\">5 April 2024, (Friday) 5 pm<\/p>\n<p class=\"cim_bpgal\"><a href=\"https:\/\/www.facebook.com\/events\/939320260981272?ref=newsfeed\">MEMORIA. Romani LGBTQI+ Activism at Crossroads. Roundtable discussion<\/a><\/p>\n<p class=\"datum_bpgal_2\">6 April 2024, (Saturday) 4 pm<\/p>\n<p class=\"cim_bpgal\"><a href=\"https:\/\/www.facebook.com\/events\/953837382751704?ref=newsfeed\">Final guided tour with DePART Collective<\/a><\/p>\n<p>[\/vc_column_text][vc_empty_space][\/vc_column][vc_column width=&#8221;2\/3&#8243; el_class=&#8221;full-2&#8243;][vc_column_text]<\/p>\n<p><strong>Background of the project &#8211; remembrance in the field<\/strong><\/p>\n<p>The audio installation IF ALL EARS COULD HEAR, is a participatory and performative piece focusing on the practice of active remembrance. It was developed with international collaborators and presented in four cities in three European countries. As a temporary, wandering and tender memorial installed originally on fields of forced labour camps and concentration camps, the installation marks erased and forgotten sites of oppression. So-called partnerships of remembrance are formed: Letters written to individual Rom*nja and Sinti*zze who were murdered during the Porajmos, the genocide of the Roma during the Second World War. As mostly only biographical fragments remain, the installation aims to reclaim their memory and give their imaginary stories a voice.<\/p>\n<p>The exhibited letters were written and then recorded by authors, activists, researchers, educators, students and creators of Roma communities and|or their supporters. The installation invites the audience to complicity \u2013 to acknowledge the inescapable relevance of the past and take personal responsibility in the process of remembrance.<\/p>\n<p>Through the reactualization of forgotten sites of oppression and the elevation of marginalized voices to the center, the installation and accompanying community based programs emerge as powerful acts of resistance.<\/p>\n<p>&nbsp;<\/p>\n<p><strong>the exhibition<\/strong><\/p>\n<p>From February 14th to April 7th 2024, the active-remembrance project continues collaborating with the Budapest Gallery under the title If All Ears Could Hear \u2013 Romani Archives of Tomorrow\u2019s Resistance.<\/p>\n<p>Using the gallery space, the artists\u2019 collective DePART (Baur, Jellen, Jugravu, Szepes) focuses on broader accessibility, sustained development and sharing of the working processes behind the practice of active-remembrance: emerging strategies for visualising and publicising the fragmented past and exchange with|within Roma communities. By using remembering soil and audio letters, as non-traditional methods to document and share the fragmented WW II history of the Roma people, the collective breaks down barriers, challenges established narratives and promotes broader engagement with these histories. The DePART Collective understands this as an (un)archiving process. Both as archiving in the true sense of the word and as a questioning of traditional archiving practices (which are often biased and restrictive).<\/p>\n<p>On the ground floor, visitors can immerse themselves in the audio installation If All Ears Could Hear. Approx. forty iron columns will voice recorded personal letters of remembrance.<\/p>\n<p>The upper floor or the (un)Archiving Lab serves as an open forum with usage in multiple ways: as a stage, a workshop space, and a writing room. It&#8217;s a dynamic area which encourages dialogue, research and the co-creation of new narratives. With the (un)Archiving Lab, DePART extends an invitation to already collaborating and new institutions and local partners to occupy a public space and showcase socio-cultural and activist work and discourses within|with the Roma community. The space is an opportunity to illuminate shared needs, to actively engage in commemorating the past, and to lay the groundwork for a resilient future.<\/p>\n<p>This ever-growing letters collection aims to reinforce Romani historical narratives of resilience and resistance against forgetting and oppressive powers. The DePART Collective offers the archive to the gallery space as a starting point for dialogue and research: How to gently recover, restore, rewrite lost and hidden (his)stories of Porajmos victims? Why is there a need to generate a shared and accessible database of personal acts of contemporary Romani resilience?<\/p>\n<p>If All Ears Could Hear \u2013 Romani Archives of Tomorrow\u2019s Resistance ushers counter-narratives to fragmentation and forgetting. Within the collaborative process of un-archiving|restoring the past, and nurturing self-determined techniques of personal remembrance, the collective wants to direct the work towards shared practices of tomorrow\u2019s resistance.<\/p>\n<p>During 2023, DePART adapted the installation to focus on the oppressive (his)stories of \u00d3buda District with its former \u00d3budai T\u00e9glagy\u00e1r Brick Works. In this former factory, hundreds of Romani people were held captive during World War II. Throughout the last year, the installation has been displayed twice in Budapest: during the STEREO AKT Festival and the FLASZTER &#8211; 1st Budapest Biennale of Contemporary Public Art, as part of the Budapest 150 event series, supported by the Municipality of Budapest and organized by the Budapest Gallery of the Budapest History Museum (BTM).<\/p>\n<p>&nbsp;<\/p>\n<p><strong>about the collective<\/strong><\/p>\n<p>The DePART Collective &#8211; Decentralized Practices of Active Remembrance and Theatricalization &#8211; is a transdisciplinary collective of international artists and facilitators playing with the intersection of art, activism and research. Anna Szepes (HU\/AT), Cat Jugravu (DE\/RO), Jonas Baur (AT\/DE) and Dominik Jellen (AT) began their collaboration during their master&#8217;s degree studies in Applied Theatre &#8211; Artistic Theatre Practice &amp; Society at Mozarteum University in Salzburg, Austria. Their political working themes and research-oriented formats emphasize community building, the involvement of local partners and the exploration of untold stories and forgotten shadow histories. The collective aims to question the dominant narratives that shape our understanding of the past, seeking a more nuanced and inclusive perspective on remembrance.<\/p>\n<p><a href=\"https:\/\/www.depart.community\/\">www.depart.community<\/a><\/p>\n<p>&nbsp;<\/p>\n<p><strong>collaborators<\/strong><\/p>\n<p>Phiren Amenca<br \/>\nAme Panzh<br \/>\nIndependent Theatre Hungary<br \/>\nUccu Roma Informal Educational Foundation<br \/>\nRomano Instituto<br \/>\nUtcasz\u00ednh\u00e1zi Alkot\u00f3k\u00f6z\u00f6ss\u00e9g Association (Spec.Street Creative Community)<br \/>\nRoma Visual Lab<br \/>\nNational Archives of Hungary<br \/>\nDr. Ambedkar School, Miskolc<br \/>\nMuseum of \u00d3buda<br \/>\nStadt Salzburg<\/p>\n<p><strong>sponsors<\/strong><\/p>\n<p>Bertha Foundation<br \/>\nUniversit\u00e4t Bayreuth \u2013 Intersektionalit\u00e4tsstudien Department<br \/>\nAustrian Cultural Forum<br \/>\nGoethe-Institut, Budapest<\/p>\n<p>[\/vc_column_text][vc_empty_space height=&#8221;45px&#8221;][vc_single_image image=&#8221;21341&#8243; img_size=&#8221;full&#8221; qode_css_animation=&#8221;&#8221;][vc_empty_space][vc_single_image image=&#8221;21343&#8243; img_size=&#8221;full&#8221; qode_css_animation=&#8221;&#8221;][vc_empty_space][vc_single_image image=&#8221;21345&#8243; img_size=&#8221;full&#8221; qode_css_animation=&#8221;&#8221;][vc_empty_space][vc_single_image image=&#8221;21347&#8243; img_size=&#8221;full&#8221; qode_css_animation=&#8221;&#8221;][vc_empty_space][vc_single_image image=&#8221;21349&#8243; img_size=&#8221;full&#8221; qode_css_animation=&#8221;&#8221;][vc_empty_space][vc_single_image image=&#8221;21351&#8243; img_size=&#8221;full&#8221; qode_css_animation=&#8221;&#8221;][vc_empty_space][vc_single_image image=&#8221;21353&#8243; img_size=&#8221;full&#8221; qode_css_animation=&#8221;&#8221;][vc_empty_space][vc_single_image image=&#8221;21355&#8243; img_size=&#8221;full&#8221; qode_css_animation=&#8221;&#8221;][vc_empty_space][vc_single_image image=&#8221;21357&#8243; img_size=&#8221;full&#8221; qode_css_animation=&#8221;&#8221;][vc_empty_space][vc_column_text]<\/p>\n<p class=\"kepalairas_cim_jobb\">Photos: M\u00e1rton K. Tak\u00e1cs<\/p>\n<p>[\/vc_column_text][vc_empty_space][\/vc_column][\/vc_row]<\/p>\n<\/div>","protected":false},"excerpt":{"rendered":"<p>[vc_row css_animation=&#8221;&#8221; row_type=&#8221;row&#8221; use_row_as_full_screen_section=&#8221;no&#8221; type=&#8221;grid&#8221; angled_section=&#8221;no&#8221; text_align=&#8221;left&#8221; background_image_as_pattern=&#8221;without_pattern&#8221; template=&#8221;ism_template_1&#8243; ism_overlock=&#8221;default&#8221; sm_d_text=&#8221; This content is locked&#8230;<\/p>\n","protected":false},"author":15,"featured_media":0,"parent":20750,"menu_order":0,"comment_status":"closed","ping_status":"closed","template":"full_width.php","meta":{"inline_featured_image":false,"loftloader_pro_show_once":"","loftloader_pro_page_shortcode":"","footnotes":""},"class_list":["post-20764","page","type-page","status-publish","hentry"],"_links":{"self":[{"href":"https:\/\/budapestgaleria.hu\/_\/en\/wp-json\/wp\/v2\/pages\/20764","targetHints":{"allow":["GET"]}}],"collection":[{"href":"https:\/\/budapestgaleria.hu\/_\/en\/wp-json\/wp\/v2\/pages"}],"about":[{"href":"https:\/\/budapestgaleria.hu\/_\/en\/wp-json\/wp\/v2\/types\/page"}],"author":[{"embeddable":true,"href":"https:\/\/budapestgaleria.hu\/_\/en\/wp-json\/wp\/v2\/users\/15"}],"replies":[{"embeddable":true,"href":"https:\/\/budapestgaleria.hu\/_\/en\/wp-json\/wp\/v2\/comments?post=20764"}],"version-history":[{"count":0,"href":"https:\/\/budapestgaleria.hu\/_\/en\/wp-json\/wp\/v2\/pages\/20764\/revisions"}],"up":[{"embeddable":true,"href":"https:\/\/budapestgaleria.hu\/_\/en\/wp-json\/wp\/v2\/pages\/20750"}],"wp:attachment":[{"href":"https:\/\/budapestgaleria.hu\/_\/en\/wp-json\/wp\/v2\/media?parent=20764"}],"curies":[{"name":"wp","href":"https:\/\/api.w.org\/{rel}","templated":true}]}}