{"id":21606,"date":"2024-08-22T13:58:48","date_gmt":"2024-08-22T11:58:48","guid":{"rendered":"https:\/\/budapestgaleria.hu\/_\/2024-exhibitions\/kristof-gabor-the-greenkeepers-nightmare\/"},"modified":"2025-09-11T15:44:14","modified_gmt":"2025-09-11T13:44:14","slug":"kristof-gabor-the-greenkeepers-nightmare","status":"publish","type":"page","link":"https:\/\/budapestgaleria.hu\/_\/en\/2024-exhibitions\/kristof-gabor-the-greenkeepers-nightmare\/","title":{"rendered":"Krist\u00f3f G\u00e1bor | The Greenkeeper&#8217;s Nightmare"},"content":{"rendered":"<div class=\"wpb-content-wrapper\"><p>[vc_row css_animation=&#8221;&#8221; row_type=&#8221;row&#8221; use_row_as_full_screen_section=&#8221;no&#8221; type=&#8221;grid&#8221; angled_section=&#8221;no&#8221; text_align=&#8221;left&#8221; background_image_as_pattern=&#8221;without_pattern&#8221; template=&#8221;ism_template_1&#8243; ism_overlock=&#8221;default&#8221; sm_d_text=&#8221;<\/p>\n<h2>This content is locked<\/h2>\n<p>Share This Page To Unlock The Content!&#8221;][vc_column][vc_single_image image=&#8221;21645&#8243; img_size=&#8221;full&#8221; qode_css_animation=&#8221;&#8221;][\/vc_column][\/vc_row][vc_row css_animation=&#8221;&#8221; row_type=&#8221;row&#8221; use_row_as_full_screen_section=&#8221;no&#8221; type=&#8221;grid&#8221; angled_section=&#8221;no&#8221; text_align=&#8221;left&#8221; background_image_as_pattern=&#8221;without_pattern&#8221;][vc_column][vc_empty_space height=&#8221;45px&#8221;][vc_column_text]<\/p>\n<h1 class=\"cim_1\"><em>The Greenkeeper&#8217;s Nightmare<\/em><\/h1>\n<h1 class=\"alcim\">Exhibition of G\u00e1bor Krist\u00f3f and the Untitleist Anonim Antigolf Club<\/h1>\n<p>[\/vc_column_text][vc_empty_space height=&#8221;45px&#8221;][\/vc_column][\/vc_row][vc_row css_animation=&#8221;&#8221; row_type=&#8221;row&#8221; use_row_as_full_screen_section=&#8221;no&#8221; type=&#8221;grid&#8221; angled_section=&#8221;no&#8221; text_align=&#8221;left&#8221; background_image_as_pattern=&#8221;without_pattern&#8221; bgparallax=&#8221;parallax&#8221; contentwidth=&#8221;container&#8221; toppadding=&#8221;40&#8243; bottompadding=&#8221;10&#8243; border=&#8221;on&#8221; css=&#8221;.vc_custom_1420648296958{background-color: #ffffff !important;}&#8221;][vc_column width=&#8221;1\/3&#8243; css=&#8221;.vc_custom_1427029754112{padding-right: 25px !important;}&#8221; el_class=&#8221;full-1&#8243;][vc_column_text]<\/p>\n<p class=\"hely_bpgal\">Budapest Gallery<\/p>\n<p class=\"cim_bpgal\">1036 Budapest, Lajos utca 158. (ground floor)<\/p>\n<p class=\"datum_bpgal\">20 September \u2013 10 November 2024<\/p>\n<p>[\/vc_column_text][vc_column_text]<\/p>\n<p class=\"kiemeles_bpgal\">Contributing artists:<\/p>\n<p class=\"verzal_bpgal\">Martin Chramosta, M\u00e1rk Fridvalszki, Anna Ho\u00f3z, eden_jeneses, Legion (Borsos J\u00e1nos, Ingatlan, Janky M\u00e1t\u00e9, Kov\u00e1cs M\u00e1t\u00e9, L\u0151rinc Lilla, Nozdroviczky Eszter), Luca Petr\u00e1nyi, SZAF (Judit Fischer, Mikl\u00f3s M\u00e9cs, Csaba V\u00e1ndor)<\/p>\n<p>[\/vc_column_text][vc_column_text]<\/p>\n<p class=\"kiemeles_bpgal\">Curator:<\/p>\n<p class=\"verzal_bpgal\">Dalma Eszter Koll\u00e1r<\/p>\n<p>[\/vc_column_text][vc_column_text]<\/p>\n<p class=\"kiemeles_bpgal\">Graphic design:<\/p>\n<p class=\"verzal_bpgal\">Marcell Kazsik<\/p>\n<p>[\/vc_column_text][vc_column_text]<\/p>\n<p class=\"kiemeles_bpgal\">Translation:<\/p>\n<p class=\"verzal_bpgal\">D\u00e1niel Sipos<\/p>\n<p>[\/vc_column_text][vc_empty_space][\/vc_column][vc_column width=&#8221;2\/3&#8243; el_class=&#8221;full-2&#8243;][vc_column_text]G\u00e1bor Krist\u00f3f has dedicated much of his attention to golf over the past four years. His interest in the sport is perhaps explained by the fact that his work has always been inspired by mechanical, sterile, controlled workflows and systems, and golf fits into this pattern. Taking place in an artificial natural environment, with a lot of rules, a dress code and a language of its own, albeit for most people it is supposed to be a hobby and a recreation, the sport seems to be anything but joyful pastime. The absurdity is escalated by the fact that the worst enemy of the grass course, the outdoor environment in which golfers play, is nature itself \u2013 think of the weeds that spread in the wind, the birds that peck at the grass seeds, the moles that dig up the ground or all the various weather conditions. In addition to these contradictions, it is important to note that golf is the sport of the privileged; and as social inequality widens, the gap between golfers and non-golfers is also widening. Those who do not play golf are trapped outside the golf course, which is carefully enclosed by fences, bushes and walls, and they acquire their knowledge of golf by peeping through the gaps in the fence at best.<\/p>\n<p>Anything that disrupts the strict order of a golf club would primarily upset the greenkeeper, the caretaker of the golf course\u2019s turf of unfathomable sentimental value. And that is exactly what G\u00e1bor Krist\u00f3f does by bringing in a team of artists to make the greenkeeper\u2019s nightmare (expressed in the title of the exhibition) come true. On the occasion of the exhibition, the artists are founding the Untitleist Anonim Antigolf Club, which will seek to interpret or critique golfers, golf, and the values it represents \u2013 by means ranging from subtle references to destruction. Apparently, though, in order to access the closed universe of golf as non-golfers, they will need a wormhole as a portal between the two worlds. Of course, this is just another theory so far, and it is not yet proven to work.[\/vc_column_text][vc_empty_space height=&#8221;45px&#8221;][vc_video link=&#8221;https:\/\/youtu.be\/SwoBIuU7fzw&#8221; align=&#8221;center&#8221; css=&#8221;&#8221;][vc_empty_space height=&#8221;45px&#8221;][vc_single_image image=&#8221;22071&#8243; img_size=&#8221;full&#8221; qode_css_animation=&#8221;&#8221;][vc_empty_space][vc_single_image image=&#8221;22073&#8243; img_size=&#8221;full&#8221; qode_css_animation=&#8221;&#8221;][vc_empty_space][vc_single_image image=&#8221;22075&#8243; img_size=&#8221;full&#8221; qode_css_animation=&#8221;&#8221;][vc_empty_space][vc_single_image image=&#8221;22077&#8243; img_size=&#8221;full&#8221; qode_css_animation=&#8221;&#8221;][vc_empty_space][vc_single_image image=&#8221;22079&#8243; img_size=&#8221;full&#8221; qode_css_animation=&#8221;&#8221;][vc_empty_space][vc_single_image image=&#8221;22081&#8243; img_size=&#8221;full&#8221; qode_css_animation=&#8221;&#8221;][vc_empty_space][vc_single_image image=&#8221;22083&#8243; img_size=&#8221;full&#8221; qode_css_animation=&#8221;&#8221;][vc_empty_space][vc_single_image image=&#8221;22085&#8243; img_size=&#8221;full&#8221; qode_css_animation=&#8221;&#8221;][vc_empty_space][vc_single_image image=&#8221;22087&#8243; img_size=&#8221;full&#8221; qode_css_animation=&#8221;&#8221;][vc_empty_space][vc_single_image image=&#8221;22089&#8243; img_size=&#8221;full&#8221; qode_css_animation=&#8221;&#8221;][vc_empty_space][vc_column_text]<\/p>\n<p class=\"kepalairas_cim_jobb\">Photos: Tam\u00e1s G. Juh\u00e1sz<\/p>\n<p>[\/vc_column_text][\/vc_column][\/vc_row][vc_row css_animation=&#8221;&#8221; row_type=&#8221;row&#8221; use_row_as_full_screen_section=&#8221;no&#8221; type=&#8221;grid&#8221; angled_section=&#8221;no&#8221; text_align=&#8221;left&#8221; background_image_as_pattern=&#8221;without_pattern&#8221; template=&#8221;ism_template_1&#8243; ism_overlock=&#8221;default&#8221; sm_d_text=&#8221;<\/p>\n<h2>This content is locked<\/h2>\n<p>Share This Page To Unlock The Content!&#8221;][vc_column][vc_empty_space][\/vc_column][\/vc_row]<\/p>\n<\/div>","protected":false},"excerpt":{"rendered":"<p>[vc_row css_animation=&#8221;&#8221; row_type=&#8221;row&#8221; use_row_as_full_screen_section=&#8221;no&#8221; type=&#8221;grid&#8221; angled_section=&#8221;no&#8221; text_align=&#8221;left&#8221; background_image_as_pattern=&#8221;without_pattern&#8221; template=&#8221;ism_template_1&#8243; ism_overlock=&#8221;default&#8221; sm_d_text=&#8221; This content is locked&#8230;<\/p>\n","protected":false},"author":11,"featured_media":0,"parent":20750,"menu_order":0,"comment_status":"closed","ping_status":"closed","template":"full_width.php","meta":{"inline_featured_image":false,"loftloader_pro_show_once":"","loftloader_pro_page_shortcode":"","footnotes":""},"class_list":["post-21606","page","type-page","status-publish","hentry"],"_links":{"self":[{"href":"https:\/\/budapestgaleria.hu\/_\/en\/wp-json\/wp\/v2\/pages\/21606","targetHints":{"allow":["GET"]}}],"collection":[{"href":"https:\/\/budapestgaleria.hu\/_\/en\/wp-json\/wp\/v2\/pages"}],"about":[{"href":"https:\/\/budapestgaleria.hu\/_\/en\/wp-json\/wp\/v2\/types\/page"}],"author":[{"embeddable":true,"href":"https:\/\/budapestgaleria.hu\/_\/en\/wp-json\/wp\/v2\/users\/11"}],"replies":[{"embeddable":true,"href":"https:\/\/budapestgaleria.hu\/_\/en\/wp-json\/wp\/v2\/comments?post=21606"}],"version-history":[{"count":0,"href":"https:\/\/budapestgaleria.hu\/_\/en\/wp-json\/wp\/v2\/pages\/21606\/revisions"}],"up":[{"embeddable":true,"href":"https:\/\/budapestgaleria.hu\/_\/en\/wp-json\/wp\/v2\/pages\/20750"}],"wp:attachment":[{"href":"https:\/\/budapestgaleria.hu\/_\/en\/wp-json\/wp\/v2\/media?parent=21606"}],"curies":[{"name":"wp","href":"https:\/\/api.w.org\/{rel}","templated":true}]}}