{"id":21720,"date":"2024-09-25T12:52:57","date_gmt":"2024-09-25T10:52:57","guid":{"rendered":"https:\/\/budapestgaleria.hu\/_\/2024-exhibitions\/lorant-aniko-minden-szepbol-van\/"},"modified":"2025-09-11T15:41:42","modified_gmt":"2025-09-11T13:41:42","slug":"everything-is-made-up-from-beauty","status":"publish","type":"page","link":"https:\/\/budapestgaleria.hu\/_\/en\/2024-exhibitions\/everything-is-made-up-from-beauty\/","title":{"rendered":"\u201cEverything is made up from beauty\u201d Solo exhibition of Anik\u00f3 Lor\u00e1nt"},"content":{"rendered":"<div class=\"wpb-content-wrapper\"><p>[vc_row css_animation=&#8221;&#8221; row_type=&#8221;row&#8221; use_row_as_full_screen_section=&#8221;no&#8221; type=&#8221;grid&#8221; angled_section=&#8221;no&#8221; text_align=&#8221;left&#8221; background_image_as_pattern=&#8221;without_pattern&#8221; template=&#8221;ism_template_1&#8243; ism_overlock=&#8221;default&#8221; sm_d_text=&#8221;<\/p>\n<h2>This content is locked<\/h2>\n<p>Share This Page To Unlock The Content!&#8221;][vc_column][vc_single_image image=&#8221;21936&#8243; img_size=&#8221;full&#8221; qode_css_animation=&#8221;&#8221;][\/vc_column][\/vc_row][vc_row css_animation=&#8221;&#8221; row_type=&#8221;row&#8221; use_row_as_full_screen_section=&#8221;no&#8221; type=&#8221;grid&#8221; angled_section=&#8221;no&#8221; text_align=&#8221;left&#8221; background_image_as_pattern=&#8221;without_pattern&#8221;][vc_column][vc_empty_space height=&#8221;45px&#8221;][vc_column_text]<\/p>\n<h1 class=\"cim_1\"><em>\u201cEverything is made up from beauty\u201d<\/em><\/h1>\n<h1 class=\"alcim\">Solo exhibition of Anik\u00f3 Lor\u00e1nt<\/h1>\n<p>[\/vc_column_text][vc_empty_space height=&#8221;45px&#8221;][\/vc_column][\/vc_row][vc_row css_animation=&#8221;&#8221; row_type=&#8221;row&#8221; use_row_as_full_screen_section=&#8221;no&#8221; type=&#8221;grid&#8221; angled_section=&#8221;no&#8221; text_align=&#8221;left&#8221; background_image_as_pattern=&#8221;without_pattern&#8221; bgparallax=&#8221;parallax&#8221; contentwidth=&#8221;container&#8221; toppadding=&#8221;40&#8243; bottompadding=&#8221;10&#8243; border=&#8221;on&#8221; css=&#8221;.vc_custom_1420648296958{background-color: #ffffff !important;}&#8221;][vc_column width=&#8221;1\/3&#8243; css=&#8221;.vc_custom_1427029754112{padding-right: 25px !important;}&#8221; el_class=&#8221;full-1&#8243;][vc_column_text]<\/p>\n<p class=\"hely_bpgal\">Budapest Gallery<\/p>\n<p class=\"cim_bpgal\">1036 Budapest, Lajos utca 158.<\/p>\n<p class=\"datum_bpgal\">22 November 2024 \u2013 February 2, 2025<\/p>\n<p>[\/vc_column_text][vc_column_text]<\/p>\n<p class=\"kiemeles_bpgal\">Curator:<\/p>\n<p class=\"verzal_bpgal\">L\u00edvia P\u00e1ldi<\/p>\n<p>[\/vc_column_text][vc_column_text]<\/p>\n<p class=\"kiemeles_bpgal\">Concept:<\/p>\n<p class=\"verzal_bpgal\">Tam\u00e1s Kasz\u00e1s , Kriszti\u00e1n Krist\u00f3f , L\u00edvia P\u00e1ldi<\/p>\n<p class=\"kiemeles_bpgal\">Exhibition design:<\/p>\n<p class=\"verzal_bpgal\">Kriszti\u00e1n Krist\u00f3f<\/p>\n<p class=\"kiemeles_bpgal\">Curatorial assistant: :<\/p>\n<p class=\"verzal_bpgal\">Kata Martincs\u00e1k<\/p>\n<p class=\"kiemeles_bpgal\">Essay:<\/p>\n<p class=\"verzal_bpgal\">Teri Sz\u0171cs<\/p>\n<p class=\"kiemeles_bpgal\">Editing:<\/p>\n<p class=\"verzal_bpgal\">L\u00edvia P\u00e1ldi, Anna Lujza Sz\u00e1sz<\/p>\n<p class=\"kiemeles_bpgal\">English translation:<\/p>\n<p class=\"verzal_bpgal\">Katalin Orb\u00e1n<\/p>\n<p class=\"kiemeles_bpgal\">Proofreading (Hungarian):<\/p>\n<p class=\"verzal_bpgal\">D\u00f3ra Szekeres<\/p>\n<p class=\"kiemeles_bpgal\">Art educator:<\/p>\n<p class=\"verzal_bpgal\">\u00c1gnes Szabics<\/p>\n<p class=\"kiemeles_bpgal\">Installation:<\/p>\n<p class=\"verzal_bpgal\">P\u00e9ter Gyenei, Imre Szakszon, Zsigmond Petern\u00e1k<\/p>\n<p class=\"kiemeles_bpgal\">Press:<\/p>\n<p class=\"verzal_bpgal\">Zsuzsa G\u00e1m\u00e1n<\/p>\n<p>[\/vc_column_text][vc_empty_space][vc_column_text]The exhibition is a collaboration between BHM Budapest Gallery and BHM Kiscelli Museum &#8211; Municipal Gallery.[\/vc_column_text][vc_column_text]<\/p>\n<p class=\"kiemeles_bpgal\">Opening:<\/p>\n<p class=\"datum_bpgal_2\">November 21, 6pm<\/p>\n<p class=\"bpgal\">Guided tour by L\u00edvia P\u00e1ldi and Tam\u00e1s Kasz\u00e1s at 4.30 pm<\/p>\n<p>[\/vc_column_text][vc_empty_space][\/vc_column][vc_column width=&#8221;2\/3&#8243; el_class=&#8221;full-2&#8243;][vc_column_text]The oeuvre of Anik\u00f3 L\u00f3r\u00e1nt (1977-2020) is mostly preserved in more than forty sketchbooks and notebooks of varying sizes. They are usually closely related, diverse elaborations of themes and symbols, diary-like entries, short notes on readings and various series of drawings prepared for installations. Anik\u00f3 worked on multiple projects at once focusing on sustainability, subsistence skills, the history of farming, foraging, slow living, and the inseparable bond between the human and non-human realms. Interlinked within a rich web of connections the drawings merge various media and sometimes include haiku-like poems, intertwine narrative threads, stories, references to her readings, everyday experiments, observations and discoveries.<\/p>\n<p>Together with artists and core members of the Randomroutines group, Tam\u00e1s Kasz\u00e1s, Anik\u00f3 Lor\u00e1nt\u2019s partner in life and art, and Kriszti\u00e1n Krist\u00f3f , we have set out to survey and present Anik\u00f3&#8217;s practice and focus on her less-known individual path and thinking and propose a reading from a broader art-historical perspective.<\/p>\n<p>Anik\u00f3 Lor\u00e1nt graduated from the Intermedia Department of the Hungarian University of Fine Arts in 2003. The basic framework of her creative work is the experience of motherhood, the rethinking of the human way of life, her investigations into issues of extended care and sustainability. She has expanded her program of non-growth, also at the individual level, to develop a possible small community toolkit for ecological crisis and related existence outside post-industrial society.<\/p>\n<p>&nbsp;<\/p>\n<p class=\"kiemeles_bpgal\">Lenders to the exhibitions:<\/p>\n<p>Foundation for Basic Democracy and Basic Income, Tam\u00e1s St. Turba \/ Bal\u00e1zs-D\u00e9nes Collection \/ BHM Kiscell Museum &#8211; Municipal Gallery, Budapest \/ c3 Foundation \/ Studio of Young<br \/>\nArtists\u2019 Association, Budapest\/ Di\u00e1na Donka \/ Irok\u00e9z Collection, Szombathely \/ Annam\u00e1ria Kardos-Nagy \/ Tam\u00e1s Kasz\u00e1s and Anik\u00f3 Lor\u00e1nt\u2019s children \/<br \/>\nInstitute of Contemporary Art, Duna\u00fajv\u00e1ros \/ King St. Stephen Museum, Graphic Collection, Sz\u00e9kesfeh\u00e9rv\u00e1r<\/p>\n<p class=\"kiemeles_bpgal\">Special thanks:<\/p>\n<p>\u00c1rp\u00e1d Bal\u00e1zs, Edina Cs\u00f3ka, Andrea D\u00e9nes, Kamilla D\u00f3zsa, Nikolett Er\u0151ss, Csaba Farkas, Csaba G\u00e1l, D\u00f3ra Hegyi, Zsolt Honfi, Kunsthalle, Budapest, G\u00e1bor Kolesz\u00e1r, Lilla L\u00e9cfalvy, Endre Lehel Paksi, Kati P\u00e1sti, Mikl\u00f3s Petern\u00e1k, Antal Farkas Retkes-Kis, Tam\u00e1s St. Turba, Anna Lujza Sz\u00e1sz, Beatrix Sz\u00f6r\u00e9nyi, Judit V\u00e1g\u00e1ny, Margit Valk\u00f3, J\u00e1nos V\u00edgh and the participants of the sewing workshop GABBA GABBA HEY: D\u00f3ra Hegyi, J\u00falia Hermann, Lehel Kasz\u00e1s, Tam\u00e1s Kasz\u00e1s, Dalma Eszter Koll\u00e1r, J\u00falia K\u0151v\u00e1ri, Kriszti\u00e1n Krist\u00f3f, Eszter L\u00e1z\u00e1r, Alexa Major, Kata Martincs\u00e1k, S\u00e1ra Vilma Nagy, L\u00edvia P\u00e1ldi, Kati P\u00e1sti, Juli Rathmann, Nate Schastnev, Imre Szakszon, \u00c1gnes Szabics, Anna Lujza Sz\u00e1sz, Ren\u00e1ta Szikra, Teri Sz\u0171cs[\/vc_column_text][vc_empty_space height=&#8221;45&#8243;][vc_separator type=&#8221;normal&#8221; color=&#8221;#c6c6c6&#8243; up=&#8221;10&#8243; down=&#8221;20&#8243;][vc_empty_space][vc_empty_space][vc_single_image image=&#8221;21864&#8243; img_size=&#8221;1775&#215;455&#8243; alignment=&#8221;center&#8221; qode_css_animation=&#8221;&#8221;][vc_empty_space][vc_empty_space][vc_video link=&#8221;https:\/\/youtu.be\/3emuZ6taYPw&#8221; align=&#8221;center&#8221; css=&#8221;&#8221;][vc_empty_space][vc_single_image image=&#8221;22774&#8243; img_size=&#8221;full&#8221; qode_css_animation=&#8221;&#8221;][vc_empty_space][vc_single_image image=&#8221;22776&#8243; img_size=&#8221;full&#8221; qode_css_animation=&#8221;&#8221;][vc_empty_space][vc_single_image image=&#8221;22778&#8243; img_size=&#8221;full&#8221; qode_css_animation=&#8221;&#8221;][vc_empty_space][vc_single_image image=&#8221;22780&#8243; img_size=&#8221;full&#8221; qode_css_animation=&#8221;&#8221;][vc_empty_space][vc_single_image image=&#8221;22782&#8243; img_size=&#8221;full&#8221; qode_css_animation=&#8221;&#8221;][vc_empty_space][vc_single_image image=&#8221;22784&#8243; img_size=&#8221;full&#8221; qode_css_animation=&#8221;&#8221;][vc_empty_space][vc_single_image image=&#8221;22786&#8243; img_size=&#8221;full&#8221; qode_css_animation=&#8221;&#8221;][vc_empty_space][vc_single_image image=&#8221;22788&#8243; img_size=&#8221;full&#8221; qode_css_animation=&#8221;&#8221;][vc_empty_space][vc_single_image image=&#8221;22790&#8243; img_size=&#8221;full&#8221; qode_css_animation=&#8221;&#8221;][vc_empty_space][vc_single_image image=&#8221;22792&#8243; img_size=&#8221;full&#8221; qode_css_animation=&#8221;&#8221;][vc_empty_space][vc_single_image image=&#8221;22794&#8243; img_size=&#8221;full&#8221; qode_css_animation=&#8221;&#8221;][vc_empty_space][vc_single_image image=&#8221;22796&#8243; img_size=&#8221;full&#8221; qode_css_animation=&#8221;&#8221;][vc_empty_space][vc_single_image image=&#8221;22798&#8243; qode_css_animation=&#8221;&#8221;][vc_empty_space][vc_single_image image=&#8221;22800&#8243; img_size=&#8221;full&#8221; qode_css_animation=&#8221;&#8221;][vc_empty_space][vc_single_image image=&#8221;22802&#8243; img_size=&#8221;full&#8221; qode_css_animation=&#8221;&#8221;][vc_empty_space][vc_single_image image=&#8221;22804&#8243; img_size=&#8221;full&#8221; qode_css_animation=&#8221;&#8221;][vc_empty_space][vc_single_image image=&#8221;22806&#8243; img_size=&#8221;full&#8221; qode_css_animation=&#8221;&#8221;][vc_empty_space][vc_single_image image=&#8221;22808&#8243; img_size=&#8221;full&#8221; qode_css_animation=&#8221;&#8221;][vc_empty_space][vc_single_image image=&#8221;22810&#8243; img_size=&#8221;full&#8221; qode_css_animation=&#8221;&#8221;][vc_empty_space][vc_single_image image=&#8221;22812&#8243; img_size=&#8221;full&#8221; qode_css_animation=&#8221;&#8221;][vc_empty_space][vc_single_image image=&#8221;22814&#8243; img_size=&#8221;full&#8221; qode_css_animation=&#8221;&#8221;][vc_column_text]<\/p>\n<pre id=\"tw-target-text\" class=\"tw-data-text tw-text-large tw-ta\" dir=\"ltr\" data-placeholder=\"Ford\u00edt\u00e1s\" data-ved=\"2ahUKEwj6s_Gp_vKMAxVjU6QEHcPmI4EQ3ewLegQICBAV\" aria-label=\"Leford\u00edtott sz\u00f6veg: Interior photos: Tam\u00e1s G. Juh\u00e1sz\"><span class=\"Y2IQFc\" lang=\"en\">Interior photos: Tam\u00e1s Juh\u00e1sz G.<\/span><\/pre>\n<p>[\/vc_column_text][\/vc_column][\/vc_row][vc_row css_animation=&#8221;&#8221; row_type=&#8221;row&#8221; use_row_as_full_screen_section=&#8221;no&#8221; type=&#8221;grid&#8221; angled_section=&#8221;no&#8221; text_align=&#8221;left&#8221; background_image_as_pattern=&#8221;without_pattern&#8221; template=&#8221;ism_template_1&#8243; ism_overlock=&#8221;default&#8221; sm_d_text=&#8221;<\/p>\n<h2>This content is locked<\/h2>\n<p>Share This Page To Unlock The Content!&#8221;][vc_column][vc_empty_space height=&#8221;45px&#8221;][\/vc_column][\/vc_row]<\/p>\n<\/div>","protected":false},"excerpt":{"rendered":"<p>[vc_row css_animation=&#8221;&#8221; row_type=&#8221;row&#8221; use_row_as_full_screen_section=&#8221;no&#8221; type=&#8221;grid&#8221; angled_section=&#8221;no&#8221; text_align=&#8221;left&#8221; background_image_as_pattern=&#8221;without_pattern&#8221; template=&#8221;ism_template_1&#8243; ism_overlock=&#8221;default&#8221; sm_d_text=&#8221; This content is locked&#8230;<\/p>\n","protected":false},"author":11,"featured_media":0,"parent":20750,"menu_order":0,"comment_status":"closed","ping_status":"closed","template":"full_width.php","meta":{"inline_featured_image":false,"loftloader_pro_show_once":"","loftloader_pro_page_shortcode":"","footnotes":""},"class_list":["post-21720","page","type-page","status-publish","hentry"],"_links":{"self":[{"href":"https:\/\/budapestgaleria.hu\/_\/en\/wp-json\/wp\/v2\/pages\/21720","targetHints":{"allow":["GET"]}}],"collection":[{"href":"https:\/\/budapestgaleria.hu\/_\/en\/wp-json\/wp\/v2\/pages"}],"about":[{"href":"https:\/\/budapestgaleria.hu\/_\/en\/wp-json\/wp\/v2\/types\/page"}],"author":[{"embeddable":true,"href":"https:\/\/budapestgaleria.hu\/_\/en\/wp-json\/wp\/v2\/users\/11"}],"replies":[{"embeddable":true,"href":"https:\/\/budapestgaleria.hu\/_\/en\/wp-json\/wp\/v2\/comments?post=21720"}],"version-history":[{"count":0,"href":"https:\/\/budapestgaleria.hu\/_\/en\/wp-json\/wp\/v2\/pages\/21720\/revisions"}],"up":[{"embeddable":true,"href":"https:\/\/budapestgaleria.hu\/_\/en\/wp-json\/wp\/v2\/pages\/20750"}],"wp:attachment":[{"href":"https:\/\/budapestgaleria.hu\/_\/en\/wp-json\/wp\/v2\/media?parent=21720"}],"curies":[{"name":"wp","href":"https:\/\/api.w.org\/{rel}","templated":true}]}}