{"id":22674,"date":"2025-04-11T15:35:45","date_gmt":"2025-04-11T13:35:45","guid":{"rendered":"https:\/\/budapestgaleria.hu\/_\/?page_id=22674"},"modified":"2025-10-24T15:58:06","modified_gmt":"2025-10-24T13:58:06","slug":"when-we-became-strangers-selection-from-the-eko9-triennial","status":"publish","type":"page","link":"https:\/\/budapestgaleria.hu\/_\/en\/2025-exhibitions\/when-we-became-strangers-selection-from-the-eko9-triennial\/","title":{"rendered":"When We Became Strangers &#8211; Selection from the EKO 9 Triennial"},"content":{"rendered":"<div class=\"wpb-content-wrapper\"><p>[vc_row css_animation=&#8221;&#8221; seperator_indeed_locker=&#8221;&#8221; lk_t=&#8221;ism_template_1&#8243; lk_io=&#8221;default&#8221; lk_dm=&#8221;0&#8243; lk_thm=&#8221;0&#8243; lk_tuo=&#8221;0&#8243; ru_on=&#8221;0&#8243; uhc_on=&#8221;0&#8243; ur_on=&#8221;0&#8243; ref_on=&#8221;0&#8243; row_type=&#8221;row&#8221; use_row_as_full_screen_section=&#8221;no&#8221; type=&#8221;grid&#8221; angled_section=&#8221;no&#8221; text_align=&#8221;left&#8221; background_image_as_pattern=&#8221;without_pattern&#8221; template=&#8221;ism_template_1&#8243; ism_overlock=&#8221;default&#8221; sm_d_text=&#8221;<\/p>\n<h2>This content is locked<\/h2>\n<p>Share This Page To Unlock The Content!&#8221;][vc_column][vc_single_image image=&#8221;22741&#8243; img_size=&#8221;full&#8221; qode_css_animation=&#8221;&#8221;][\/vc_column][\/vc_row][vc_row css_animation=&#8221;&#8221; row_type=&#8221;row&#8221; use_row_as_full_screen_section=&#8221;no&#8221; type=&#8221;grid&#8221; angled_section=&#8221;no&#8221; text_align=&#8221;left&#8221; background_image_as_pattern=&#8221;without_pattern&#8221;][vc_column][vc_empty_space height=&#8221;45px&#8221;][vc_column_text css=&#8221;&#8221;]<\/p>\n<h1 class=\"cim_1\"><em>When We Became Strangers<\/em><\/h1>\n<h1 class=\"alcim\"><em>Selection from the EKO 9 Triennial<\/em><\/h1>\n<p>[\/vc_column_text][vc_empty_space height=&#8221;45px&#8221;][\/vc_column][\/vc_row][vc_row css_animation=&#8221;&#8221; row_type=&#8221;row&#8221; use_row_as_full_screen_section=&#8221;no&#8221; type=&#8221;grid&#8221; angled_section=&#8221;no&#8221; text_align=&#8221;left&#8221; background_image_as_pattern=&#8221;without_pattern&#8221; bgparallax=&#8221;parallax&#8221; contentwidth=&#8221;container&#8221; toppadding=&#8221;40&#8243; bottompadding=&#8221;10&#8243; border=&#8221;on&#8221; css=&#8221;.vc_custom_1420648296958{background-color: #ffffff !important;}&#8221;][vc_column width=&#8221;1\/3&#8243; css=&#8221;.vc_custom_1427029754112{padding-right: 25px !important;}&#8221; el_class=&#8221;full-1&#8243;][vc_column_text]<\/p>\n<p class=\"hely_bpgal\">Budapest Gallery<\/p>\n<p class=\"cim_bpgal\">1036 Budapest, Lajos utca 158. (ground floor)<\/p>\n<p class=\"datum_bpgal\">30 April \u2013 6 July 2025<\/p>\n<p>[\/vc_column_text][vc_column_text]<\/p>\n<p class=\"kiemeles_bpgal\">Exhibiting artists:<\/p>\n<p class=\"verzal_bpgal\">Ana \u010cavi\u0107, Ines Doujak, Mila Pani\u0107, Ana Pe\u010dar, Dominika Trapp, \u00c1d\u00e1m Ulbert.<\/p>\n<p>[\/vc_column_text][vc_column_text]<\/p>\n<p class=\"kiemeles_bpgal\">Curators:<\/p>\n<p class=\"verzal_bpgal\">\u00a0Nikolett Er\u0151ss, Anna Lujza Sz\u00e1sz, Fanni T\u00f3th<\/p>\n<p>[\/vc_column_text][vc_column_text]<\/p>\n<p class=\"kiemeles_bpgal\">Opening:<\/p>\n<p class=\"datum_bpgal_2\">29 April, 6pm<\/p>\n<p class=\"kiemeles_bpgal\">Music performance:<\/p>\n<p class=\"verzal_bpgal\">Bal\u00e1zs P\u00e1ndi<\/p>\n<p>[\/vc_column_text][vc_column_text]<\/p>\n<p class=\"kiemeles_bpgal\">Graphic design:<\/p>\n<p class=\"verzal_bpgal\">Kardos Liza<\/p>\n<p>[\/vc_column_text][vc_column_text]<\/p>\n<p class=\"kiemeles_bpgal\">Translation:<\/p>\n<p class=\"verzal_bpgal\">Katalin Orb\u00e1n<\/p>\n<p>[\/vc_column_text][vc_empty_space][\/vc_column][vc_column width=&#8221;2\/3&#8243; el_class=&#8221;full-2&#8243;][vc_column_text]Folk belief attributes the name of Lake Balaton to the last of the giants once inhabiting the region. As humans steadily encroached upon their land, the giants&#8217; numbers dwindled. For a long time, giants and humans lived together peacefully in the forests nearby. However, when Balaton, the giant lost his only daughter, due to a human&#8217;s abandoning, he himself perished in his despair, and the giants finally disappeared from the region. With the disappearance of the giants came the loss of a mediating force that held the human and natural realms in unity. The void they left behind was filled with a new kind of experience: a sense of estrangement that enables a longing for connection rather than its achievement.<\/p>\n<p>With the disappearance of the giants came the loss of a mediating force that held the human and natural realms in unity. The void they left behind was filled with a new kind of experience: a sense of estrangement that enables a longing for connection rather than its achievement. This state, the failure to tame the fear of nature or to fully experience unity with nature puts humans in a state where humanity and nature as its Other emerge as two poles, opposed to each other. The Other, which is embodied by nature, contrasts human finiteness and knowability with its own infinity and inherent otherness. This separation, over time, transforms into estrangement. As a result of this process of estrangement, the feeling of vulnerability to nature that humanity has lived with for thousands of years, is transmuted into fear and anxiety.<\/p>\n<p>To alleviate that, humans try to connect with nature by transforming it into an accessible, addressable form, even if that form is unpredictable and terrifying, and above all unknown. The spiritual forces posited behind phenomena try to endow this unknown with some shape through which we can try to understand the world and ourselves to take the edge off the uncertainty and the gripping fears, or at least to share them with others and thereby find a refuge from them. The certainty of not being alone with our fears sets the strength of community next to the isolation of the individual. We write and read stories and tales that serve this redemptive understanding and the exposure, sharing and safe experience of fears. Instead of trying to banish fear, we would like to experience security in its presence.<\/p>\n<p>Worry over the future of the planet and humanity is a recent phenomenon driven by the recognition that unworthy treatment causes irreversible damage to Earth, and the human soul is shackled by a feeling of helplessness about this slow destruction. Once any motivation for action becomes futile, the thread binding the stories told are grief and shock over the loss, something we try to inhabit rather than escape.<\/p>\n<p>The exhibition traverses the distance that stretches between humans and their environment through the works of both foreign and Hungarian artists. The artworks reflect on the change in this relationship while also showcasing attempts to tame this distance, which, despite all odds, may still be transformed into intimacy.<br \/>\nWhen We Became Strangers is a selection and rearrangement of works from the <a href=\"https:\/\/eko.ugm.si\/eng\/\">EKO 9 Triennial<\/a> organized by UGM | Maribor Art Gallery in 2024. The title of the Maribor Triennial was Eyes in the Stone, referring to an emblematic site of Slovenian landscape, a natural rock formation of Mount Prisojnik resembling a young woman&#8217;s face. The Budapest selection chooses to reflect on the sensitivities of the local context by evoking Lake Balaton, a similarly mythologized site of the Hungarian landscape deeply redolent of imagery.<\/p>\n<p>&nbsp;<\/p>\n<p>Artistic\u00a0director of the Triennial of Art and Environment EKO 9: Jure Kirbi\u0161, UGM | Maribor Art Gallery[\/vc_column_text][vc_empty_space height=&#8221;45&#8243;][vc_video link=&#8221;https:\/\/youtu.be\/TdYQ4SFt9vs&#8221; align=&#8221;center&#8221; css=&#8221;&#8221;][vc_empty_space height=&#8221;45&#8243;][vc_single_image image=&#8221;23484&#8243; img_size=&#8221;full&#8221; alignment=&#8221;center&#8221; css=&#8221;&#8221; qode_css_animation=&#8221;&#8221;][vc_empty_space height=&#8221;45&#8243;][vc_single_image image=&#8221;23490&#8243; img_size=&#8221;full&#8221; alignment=&#8221;center&#8221; css=&#8221;&#8221; qode_css_animation=&#8221;&#8221;][vc_empty_space height=&#8221;45&#8243;][vc_single_image image=&#8221;23493&#8243; img_size=&#8221;full&#8221; alignment=&#8221;center&#8221; css=&#8221;&#8221; qode_css_animation=&#8221;&#8221;][vc_empty_space height=&#8221;45&#8243;][vc_single_image image=&#8221;23495&#8243; img_size=&#8221;full&#8221; alignment=&#8221;center&#8221; css=&#8221;&#8221; qode_css_animation=&#8221;&#8221;][vc_empty_space height=&#8221;45&#8243;][vc_single_image image=&#8221;23498&#8243; img_size=&#8221;full&#8221; alignment=&#8221;center&#8221; css=&#8221;&#8221; qode_css_animation=&#8221;&#8221;][vc_empty_space height=&#8221;45&#8243;][vc_single_image image=&#8221;23500&#8243; img_size=&#8221;full&#8221; alignment=&#8221;center&#8221; css=&#8221;&#8221; qode_css_animation=&#8221;&#8221;][vc_empty_space height=&#8221;45&#8243;][vc_single_image image=&#8221;23503&#8243; img_size=&#8221;full&#8221; alignment=&#8221;center&#8221; css=&#8221;&#8221; qode_css_animation=&#8221;&#8221;][vc_empty_space height=&#8221;45&#8243;][vc_single_image image=&#8221;23505&#8243; img_size=&#8221;full&#8221; alignment=&#8221;center&#8221; css=&#8221;&#8221; qode_css_animation=&#8221;&#8221;][vc_empty_space height=&#8221;45&#8243;][vc_single_image image=&#8221;23508&#8243; img_size=&#8221;full&#8221; alignment=&#8221;center&#8221; css=&#8221;&#8221; qode_css_animation=&#8221;&#8221;][vc_empty_space height=&#8221;45&#8243;][vc_single_image image=&#8221;23510&#8243; img_size=&#8221;full&#8221; alignment=&#8221;center&#8221; css=&#8221;&#8221; qode_css_animation=&#8221;&#8221;][vc_empty_space height=&#8221;45&#8243;][vc_single_image image=&#8221;23513&#8243; img_size=&#8221;full&#8221; alignment=&#8221;center&#8221; css=&#8221;&#8221; qode_css_animation=&#8221;&#8221;][vc_empty_space height=&#8221;45&#8243;][vc_single_image image=&#8221;23515&#8243; img_size=&#8221;full&#8221; alignment=&#8221;center&#8221; css=&#8221;&#8221; qode_css_animation=&#8221;&#8221;][vc_empty_space height=&#8221;45&#8243;][vc_single_image image=&#8221;23518&#8243; img_size=&#8221;full&#8221; alignment=&#8221;center&#8221; css=&#8221;&#8221; qode_css_animation=&#8221;&#8221;][vc_empty_space height=&#8221;45&#8243;][vc_single_image image=&#8221;23520&#8243; img_size=&#8221;full&#8221; alignment=&#8221;center&#8221; css=&#8221;&#8221; qode_css_animation=&#8221;&#8221;][vc_empty_space height=&#8221;45&#8243;][vc_single_image image=&#8221;23523&#8243; img_size=&#8221;full&#8221; alignment=&#8221;center&#8221; css=&#8221;&#8221; qode_css_animation=&#8221;&#8221;][vc_empty_space height=&#8221;45&#8243;][vc_single_image image=&#8221;23526&#8243; img_size=&#8221;full&#8221; alignment=&#8221;center&#8221; css=&#8221;&#8221; qode_css_animation=&#8221;&#8221;][vc_empty_space height=&#8221;45&#8243;][vc_column_text css=&#8221;&#8221;]<\/p>\n<p class=\"kepalairas_cim_jobb\">Photos: Tam\u00e1s Juh\u00e1sz G.<\/p>\n<p>[\/vc_column_text][vc_empty_space height=&#8221;45&#8243;][\/vc_column][\/vc_row]<\/p>\n<\/div>","protected":false},"excerpt":{"rendered":"<p>[vc_row css_animation=&#8221;&#8221; seperator_indeed_locker=&#8221;&#8221; lk_t=&#8221;ism_template_1&#8243; lk_io=&#8221;default&#8221; lk_dm=&#8221;0&#8243; lk_thm=&#8221;0&#8243; lk_tuo=&#8221;0&#8243; ru_on=&#8221;0&#8243; uhc_on=&#8221;0&#8243; ur_on=&#8221;0&#8243; ref_on=&#8221;0&#8243; row_type=&#8221;row&#8221; use_row_as_full_screen_section=&#8221;no&#8221; type=&#8221;grid&#8221;&#8230;<\/p>\n","protected":false},"author":15,"featured_media":0,"parent":22249,"menu_order":0,"comment_status":"closed","ping_status":"closed","template":"full_width.php","meta":{"inline_featured_image":false,"loftloader_pro_show_once":"","loftloader_pro_page_shortcode":"","footnotes":""},"class_list":["post-22674","page","type-page","status-publish","hentry"],"_links":{"self":[{"href":"https:\/\/budapestgaleria.hu\/_\/en\/wp-json\/wp\/v2\/pages\/22674","targetHints":{"allow":["GET"]}}],"collection":[{"href":"https:\/\/budapestgaleria.hu\/_\/en\/wp-json\/wp\/v2\/pages"}],"about":[{"href":"https:\/\/budapestgaleria.hu\/_\/en\/wp-json\/wp\/v2\/types\/page"}],"author":[{"embeddable":true,"href":"https:\/\/budapestgaleria.hu\/_\/en\/wp-json\/wp\/v2\/users\/15"}],"replies":[{"embeddable":true,"href":"https:\/\/budapestgaleria.hu\/_\/en\/wp-json\/wp\/v2\/comments?post=22674"}],"version-history":[{"count":2,"href":"https:\/\/budapestgaleria.hu\/_\/en\/wp-json\/wp\/v2\/pages\/22674\/revisions"}],"predecessor-version":[{"id":24118,"href":"https:\/\/budapestgaleria.hu\/_\/en\/wp-json\/wp\/v2\/pages\/22674\/revisions\/24118"}],"up":[{"embeddable":true,"href":"https:\/\/budapestgaleria.hu\/_\/en\/wp-json\/wp\/v2\/pages\/22249"}],"wp:attachment":[{"href":"https:\/\/budapestgaleria.hu\/_\/en\/wp-json\/wp\/v2\/media?parent=22674"}],"curies":[{"name":"wp","href":"https:\/\/api.w.org\/{rel}","templated":true}]}}