{"id":23015,"date":"2025-05-27T11:05:42","date_gmt":"2025-05-27T09:05:42","guid":{"rendered":"https:\/\/budapestgaleria.hu\/_\/?page_id=23015"},"modified":"2025-06-19T15:07:33","modified_gmt":"2025-06-19T13:07:33","slug":"23015-2","status":"publish","type":"page","link":"https:\/\/budapestgaleria.hu\/_\/en\/23015-2\/","title":{"rendered":"Night of Museums 2025"},"content":{"rendered":"<div class=\"wpb-content-wrapper\"><p>[vc_row css_animation=&#8221;&#8221; row_type=&#8221;row&#8221; use_row_as_full_screen_section=&#8221;no&#8221; type=&#8221;full_width&#8221; angled_section=&#8221;no&#8221; text_align=&#8221;left&#8221; background_image_as_pattern=&#8221;without_pattern&#8221;][vc_column][vc_single_image image=&#8221;23103&#8243; img_size=&#8221;full&#8221; alignment=&#8221;center&#8221; qode_css_animation=&#8221;&#8221;][vc_empty_space][vc_empty_space]<a  itemprop=\"url\" href=\"https:\/\/jegymester.hu\/production\/58874\/_\/8294224\" target=\"_blank\"  class=\"qbutton  medium default\" style=\"color: #841380; \">TICKET<i class=\"qode_icon_font_awesome fa fa-500px qode_button_icon_element\" style=\"color: #841380\"><\/i><\/a>[\/vc_column][\/vc_row][vc_row css_animation=&#8221;&#8221; row_type=&#8221;row&#8221; use_row_as_full_screen_section=&#8221;no&#8221; type=&#8221;full_width&#8221; angled_section=&#8221;no&#8221; text_align=&#8221;left&#8221; background_image_as_pattern=&#8221;without_pattern&#8221;][vc_column][vc_empty_space][vc_column_text]<\/p>\n<h4 class=\"title text-uppercase\">LIGHT THEATHER<\/h4>\n<h4>Night of Museums at BHM Budapest Gallery<\/h4>\n<div class=\"clearfix text-formatted field field--name-field-event-description field--type-text-long field--label-hidden field__item\">\n<p><strong>On Night of Museums, the Budapest Gallery welcomes visitors with exciting exhibitions, creative workshops, and a charming garden space! In addition to a wide range of programs, guests can unwind between exhibitions in one of \u00d3buda\u2019s greenest gardens, enjoying live music, coffee, refreshing lemonades, and a chance to adopt plants. After a long time, we\u2019re also reopening our mysterious cellar, where special shadow puppet performances with music and a photogram workshop await!<\/strong><\/p>\n<\/div>\n<p>&nbsp;<\/p>\n<p data-start=\"85\" data-end=\"205\"><strong data-start=\"85\" data-end=\"136\">4 p.m. \u2013 6:30 p.m. Costumes, Lanterns, Slide Collage<\/strong><br data-start=\"136\" data-end=\"139\" \/>Creative Workshop for Children<br data-start=\"169\" data-end=\"172\" \/><strong data-start=\"172\" data-end=\"205\">Location: <\/strong>Courtyard and Foyer<\/p>\n<p data-start=\"207\" data-end=\"783\">On the Night of Museums, visitors arriving at the Budapest Gallery can participate in a shadow play starting at 5 PM. In preparation for the performance, from 4 PM onwards, everyone is welcome to join in making costumes, props, hats, lanterns, and puppets, all of which can be taken home after the show. Participants will also help design the set and background of the story by creating a projected slide collage from colorful foils, tracing paper, and thread, guided by art educators T\u00fcnde Geisb\u00fchl, Emese V\u00e1radi, and \u00c1gnes Szabics, in the courtyard and foyer of the gallery.<\/p>\n<p data-start=\"790\" data-end=\"920\"><strong data-start=\"790\" data-end=\"819\">5 p.m. \u2013 6:30 p.m. Shadow Play<\/strong><br data-start=\"819\" data-end=\"822\" \/>A Musical and Magical Shadow Play in the Basement of the Budapest Gallery<br data-start=\"895\" data-end=\"898\" \/><strong data-start=\"898\" data-end=\"920\">Location: <\/strong>Basement<\/p>\n<p data-start=\"922\" data-end=\"1432\">In the gallery courtyard, participants can continuously make costumes, props, puppets, and lanterns from 4 to 6 PM. These will be used in an improvised shadow play performed in the mysterious basement of the gallery. Visitors can take on the roles of performers, puppeteers, or audience members, shaping the story as it unfolds\u2014changing locations, guiding the characters\u2019 journeys, and even deciding the ending.<br data-start=\"1333\" data-end=\"1336\" \/>Contributors: Andrea Luk\u00e1cs, actress and drama teacher; Magor Szabolcs Keresztes, percussionist.<\/p>\n<p data-start=\"1439\" data-end=\"1882\"><strong data-start=\"1439\" data-end=\"1516\">6 p.m. \u2013 6:30 p.m. Guided Tour of the Exhibition <em data-start=\"1485\" data-end=\"1514\">&#8220;When We Became Strangers&#8221;<\/em><\/strong><br data-start=\"1516\" data-end=\"1519\" \/>Guided tour with the curators of the exhibition &#8220;When We Became Strangers&#8221;\u00a0at the Budapest Gallery.<br data-start=\"1619\" data-end=\"1622\" \/><strong data-start=\"1622\" data-end=\"1666\">Location: <\/strong>Ground Floor, Budapest Gallery<br data-start=\"1666\" data-end=\"1669\" \/>Due to the nature of the exhibition, the number of visitors is limited. Registration is required in advance: <a class=\"\" href=\"https:\/\/docs.google.com\/forms\/d\/1bli0kbPTPW9YopqYLCaX4Pu_GCxBqgTsrGLKnixMY1g\/edit\" target=\"_new\" rel=\"noopener\" data-start=\"1780\" data-end=\"1882\">Registration Link<\/a><\/p>\n<p data-start=\"1889\" data-end=\"2323\"><strong data-start=\"1889\" data-end=\"1956\">6:30 p.m. \u2013 7 p.m. Guided Tour of the Exhibition <em data-start=\"1935\" data-end=\"1954\">&#8220;Momentary Minds&#8221;<\/em><\/strong><br data-start=\"1956\" data-end=\"1959\" \/>Guided tour with curator Dalma Eszter Koll\u00e1r of the exhibition <em data-start=\"2022\" data-end=\"2039\">Momentary Minds<\/em> at the Budapest Gallery.<br data-start=\"2064\" data-end=\"2067\" \/><strong data-start=\"2067\" data-end=\"2107\">Location: <\/strong>Upstairs, Budapest Gallery<br data-start=\"2107\" data-end=\"2110\" \/>Due to the nature of the exhibition, the number of visitors is limited. Registration is required in advance: <a class=\"\" href=\"https:\/\/docs.google.com\/forms\/d\/1S9YExgqCyVUTYxG0tPJi8tI65NGVIkPGFxbKISJmYOk\/edit\" target=\"_new\" rel=\"noopener\" data-start=\"2221\" data-end=\"2323\">Registration Link<\/a><\/p>\n<p data-start=\"2330\" data-end=\"2416\"><strong data-start=\"2330\" data-end=\"2360\">7 p.m. \u2013 8 p.m. Shadow Impressions \/ FULL<\/strong><br data-start=\"2360\" data-end=\"2363\" \/>Creative Workshop for Adults<br data-start=\"2391\" data-end=\"2394\" \/><strong data-start=\"2394\" data-end=\"2416\">Location: <\/strong>Basement and foyer<\/p>\n<p data-start=\"2418\" data-end=\"3188\">From 7 PM, guests can fold and cut leporellos, three-dimensional postcards, colored foil images, and tracing paper negatives, which can be used to create their own &#8220;photograph&#8221;\u2014a black-and-white photogram. The term photogram comes from L\u00e1szl\u00f3 Moholy-Nagy, who began experimenting in the early 1920s with shaping and modulating light directly. Initially, he used two-dimensional objects, sheets of paper and glass, and gears, later experimenting with various transparent materials placed on photo paper. On the Night of Museums, visitors can try out this technique and create a light imprint of their paper creations before taking them home.<br data-start=\"3058\" data-end=\"3061\" \/>Registration required \/ FULL<\/p>\n<p data-start=\"3195\" data-end=\"3638\"><strong data-start=\"3195\" data-end=\"3272\">9 p.m. \u2013 9:30 p.m. Guided Tour of the Exhibition <em data-start=\"3241\" data-end=\"3270\">&#8220;When We Became Strangers&#8221;<\/em><\/strong><br data-start=\"3272\" data-end=\"3275\" \/>Guided tour with the curators of the exhibition When We Became Strangers\u00a0at the Budapest Gallery.<br data-start=\"3375\" data-end=\"3378\" \/><strong data-start=\"3378\" data-end=\"3422\">Location: <\/strong>Ground Floor, Budapest Gallery<br data-start=\"3422\" data-end=\"3425\" \/>Due to the nature of the exhibition, the number of visitors is limited. Registration is required in advance: <a class=\"\" href=\"https:\/\/docs.google.com\/forms\/d\/1jA7IeQFgLOUOUd_TQ5v8yY6KF08eMTueIcAvI1iFU0Q\/edit\" target=\"_new\" rel=\"noopener\" data-start=\"3536\" data-end=\"3638\">Registration Link<\/a><\/p>\n<p data-start=\"3645\" data-end=\"4079\"><strong data-start=\"3645\" data-end=\"3712\">9:30 p.m. \u2013 10 p.m. Guided Tour of the Exhibition <em data-start=\"3691\" data-end=\"3710\">&#8220;Momentary Minds&#8221;<\/em><\/strong><br data-start=\"3712\" data-end=\"3715\" \/>Guided tour with curator Dalma Eszter Koll\u00e1r of the exhibition <em data-start=\"3778\" data-end=\"3795\">Momentary Minds<\/em> at the Budapest Gallery.<br data-start=\"3820\" data-end=\"3823\" \/><strong data-start=\"3823\" data-end=\"3863\">Location: <\/strong>Upstairs, Budapest Gallery<br data-start=\"3863\" data-end=\"3866\" \/>Due to the nature of the exhibition, the number of visitors is limited. Registration is required in advance: <a class=\"\" href=\"https:\/\/docs.google.com\/forms\/d\/1XwX_8XnN0MBf4AvRtjxReObGSX7W-SKXKNDoWDfoBK4\/edit\" target=\"_new\" rel=\"noopener\" data-start=\"3977\" data-end=\"4079\">Registration Link<\/a><\/p>\n<p data-start=\"4086\" data-end=\"4202\"><strong>158 Lajos Street | From Slaughterhouse to Gallery<\/strong><\/p>\n<p data-start=\"4086\" data-end=\"4202\">Permanent Exhibition at the Budapest Gallery<br data-start=\"4180\" data-end=\"4183\" \/><strong data-start=\"4183\" data-end=\"4202\">Location: <\/strong>Courtyard and Foyer<\/p>\n<p>\u00d3buda\u2019s oldest medieval house now serves as a home for contemporary art, acting as a messenger of the present \u2014 but what stories does it tell of the past? On the occasion of the Night of Museums, the gates to the mysterious cellar of this unique building will open, revealing its rich and layered history. And it\u2019s not only the house that speaks \u2014 so does \u00d3buda itself: from its Celtic heritage to the present day, visitors are taken on a journey through time.\u00a0Guests will be transported back to the 14th and 15th centuries, when the market square in front of the house was a bustling center of medieval \u00d3buda. Here, men and women, townspeople and peasants, the wealthy and the poor would gather, while next door stood the vast architectural complex of the Poor Clares, to which one of the house\u2019s former owners was connected. Visitors will also discover the various names that winding Lajos Street bore through the centuries.\u00a0The exhibition presents documentation of archaeological excavations conducted in several phases from 1969 onwards, featuring photographs and floor plans. Where did the excavations and wall studies take place? What do the Gothic doorways and window frames reveal? When and how was the building remodeled, and what parts fell victim to the demolitions of the 1970s?\u00a0Beyond the building&#8217;s history, the exhibition also explores the various roles it has played over the centuries: from a medieval slaughterhouse to the Zichy family\u2019s manorial \u201cBrew House\u201d after the Ottoman era. Visitors can even learn about a dispute between the noble family and a tenant. Finally, the exhibition sheds light on the 19th- and 20th-century ownership of the property \u2014 revealing a surprisingly diverse mix of shops and residences.[\/vc_column_text][vc_empty_space][\/vc_column][\/vc_row][vc_row css_animation=&#8221;&#8221; row_type=&#8221;row&#8221; use_row_as_full_screen_section=&#8221;no&#8221; type=&#8221;full_width&#8221; angled_section=&#8221;no&#8221; text_align=&#8221;left&#8221; background_image_as_pattern=&#8221;without_pattern&#8221;][vc_column][vc_gallery type=&#8221;image_grid&#8221; images=&#8221;22955,22982,22977,22950&#8243; column_number=&#8221;4&#8243; grayscale=&#8221;no&#8221; images_space=&#8221;gallery_without_space&#8221;][\/vc_column][\/vc_row]<\/p>\n<\/div>","protected":false},"excerpt":{"rendered":"<p>[vc_row css_animation=&#8221;&#8221; row_type=&#8221;row&#8221; use_row_as_full_screen_section=&#8221;no&#8221; type=&#8221;full_width&#8221; angled_section=&#8221;no&#8221; text_align=&#8221;left&#8221; background_image_as_pattern=&#8221;without_pattern&#8221;][vc_column][vc_single_image image=&#8221;23103&#8243; img_size=&#8221;full&#8221; alignment=&#8221;center&#8221; qode_css_animation=&#8221;&#8221;][vc_empty_space][vc_empty_space][\/vc_column][\/vc_row][vc_row css_animation=&#8221;&#8221; row_type=&#8221;row&#8221; use_row_as_full_screen_section=&#8221;no&#8221;&#8230;<\/p>\n","protected":false},"author":15,"featured_media":0,"parent":0,"menu_order":0,"comment_status":"closed","ping_status":"closed","template":"","meta":{"inline_featured_image":false,"loftloader_pro_show_once":"","loftloader_pro_page_shortcode":"","footnotes":""},"class_list":["post-23015","page","type-page","status-publish","hentry"],"_links":{"self":[{"href":"https:\/\/budapestgaleria.hu\/_\/en\/wp-json\/wp\/v2\/pages\/23015","targetHints":{"allow":["GET"]}}],"collection":[{"href":"https:\/\/budapestgaleria.hu\/_\/en\/wp-json\/wp\/v2\/pages"}],"about":[{"href":"https:\/\/budapestgaleria.hu\/_\/en\/wp-json\/wp\/v2\/types\/page"}],"author":[{"embeddable":true,"href":"https:\/\/budapestgaleria.hu\/_\/en\/wp-json\/wp\/v2\/users\/15"}],"replies":[{"embeddable":true,"href":"https:\/\/budapestgaleria.hu\/_\/en\/wp-json\/wp\/v2\/comments?post=23015"}],"version-history":[{"count":0,"href":"https:\/\/budapestgaleria.hu\/_\/en\/wp-json\/wp\/v2\/pages\/23015\/revisions"}],"wp:attachment":[{"href":"https:\/\/budapestgaleria.hu\/_\/en\/wp-json\/wp\/v2\/media?parent=23015"}],"curies":[{"name":"wp","href":"https:\/\/api.w.org\/{rel}","templated":true}]}}