{"id":24090,"date":"2025-10-23T11:50:04","date_gmt":"2025-10-23T09:50:04","guid":{"rendered":"https:\/\/budapestgaleria.hu\/_\/?page_id=24090"},"modified":"2026-05-05T10:26:37","modified_gmt":"2026-05-05T08:26:37","slug":"on-neurodiversity","status":"publish","type":"page","link":"https:\/\/budapestgaleria.hu\/_\/en\/2025-exhibitions\/on-neurodiversity\/","title":{"rendered":"On Neurodiversity"},"content":{"rendered":"<div class=\"wpb-content-wrapper\"><p>[vc_row css_animation=&#8221;&#8221; seperator_indeed_locker=&#8221;&#8221; lk_t=&#8221;ism_template_1&#8243; lk_io=&#8221;default&#8221; lk_dm=&#8221;0&#8243; lk_thm=&#8221;0&#8243; lk_tuo=&#8221;0&#8243; ru_on=&#8221;0&#8243; uhc_on=&#8221;0&#8243; ur_on=&#8221;0&#8243; ref_on=&#8221;0&#8243; row_type=&#8221;row&#8221; use_row_as_full_screen_section=&#8221;no&#8221; type=&#8221;grid&#8221; angled_section=&#8221;no&#8221; text_align=&#8221;left&#8221; background_image_as_pattern=&#8221;without_pattern&#8221; template=&#8221;ism_template_1&#8243; ism_overlock=&#8221;default&#8221; sm_d_text=&#8221;<\/p>\n<h2>This content is locked<\/h2>\n<p>Share This Page To Unlock The Content!&#8221;][vc_column][vc_single_image image=&#8221;24070&#8243; img_size=&#8221;full&#8221; css=&#8221;&#8221; qode_css_animation=&#8221;&#8221;][\/vc_column][\/vc_row][vc_row css_animation=&#8221;&#8221; row_type=&#8221;row&#8221; use_row_as_full_screen_section=&#8221;no&#8221; type=&#8221;grid&#8221; angled_section=&#8221;no&#8221; text_align=&#8221;left&#8221; background_image_as_pattern=&#8221;without_pattern&#8221;][vc_column][vc_empty_space height=&#8221;45px&#8221;][vc_column_text css=&#8221;&#8221;]<\/p>\n<h1 class=\"cim_1\">On Neurodiversity<\/h1>\n<p>[\/vc_column_text][vc_empty_space height=&#8221;45px&#8221;][\/vc_column][\/vc_row][vc_row css_animation=&#8221;&#8221; row_type=&#8221;row&#8221; use_row_as_full_screen_section=&#8221;no&#8221; type=&#8221;grid&#8221; angled_section=&#8221;no&#8221; text_align=&#8221;left&#8221; background_image_as_pattern=&#8221;without_pattern&#8221; bgparallax=&#8221;parallax&#8221; contentwidth=&#8221;container&#8221; toppadding=&#8221;40&#8243; bottompadding=&#8221;10&#8243; border=&#8221;on&#8221; css=&#8221;.vc_custom_1420648296958{background-color: #ffffff !important;}&#8221;][vc_column width=&#8221;1\/3&#8243; css=&#8221;.vc_custom_1427029754112{padding-right: 25px !important;}&#8221; el_class=&#8221;full-1&#8243;][vc_column_text css=&#8221;&#8221;]<\/p>\n<p class=\"hely_bpgal\">Budapest Gallery<\/p>\n<p class=\"cim_bpgal\">1036 Budapest, Lajos utca 158.<\/p>\n<p class=\"datum_bpgal\">12.11.2025 &#8211; 01.02.2026<\/p>\n<p>[\/vc_column_text][vc_column_text css=&#8221;&#8221;]<\/p>\n<p class=\"kiemeles_bpgal\">Exhibiting artists:<\/p>\n<p class=\"verzal_bpgal\">Emese D\u00f3ra, Gy\u00f6rgyi Francsics, Zsuzsi Gyarmati, D\u00f3ra N\u00e9meth,<br \/>\nIstv\u00e1n P. Szathm\u00e1ry, Benedek Rub\u00f3czki, Zs\u00f3fia Turch\u00e1nyi, Csaba Velegi<\/p>\n<p>[\/vc_column_text][vc_column_text css=&#8221;&#8221;]<\/p>\n<p class=\"kiemeles_bpgal\">Curators:<\/p>\n<p class=\"verzal_bpgal\">J\u00falia Hermann, Dalma Eszter Koll\u00e1r<\/p>\n<p>[\/vc_column_text][vc_column_text css=&#8221;&#8221;]<\/p>\n<p class=\"kiemeles_bpgal\">Professional contributors:<\/p>\n<p class=\"verzal_bpgal\">Dr. Anna Madarassy-Sz\u00fccs, Zs\u00f3fia V\u00e9tek (Neurodiverse Workshop)<\/p>\n<p>[\/vc_column_text][vc_column_text css=&#8221;&#8221;]<\/p>\n<p class=\"kiemeles_bpgal\">Artistic mentor:<\/p>\n<p class=\"verzal_bpgal\">Jakab Erd\u00e9ly<\/p>\n<p>[\/vc_column_text][vc_column_text css=&#8221;&#8221;]<\/p>\n<p class=\"kiemeles_bpgal\">Opening:<\/p>\n<p class=\"datum_bpgal_2\">November 11, 2025 (Tuesday) from 3:00 PM<\/p>\n<p class=\"kiemeles_bpgal\">4:00 PM-6:00 PM<\/p>\n<p class=\"datum_bpgal_2\">Living Library<\/p>\n<p class=\"kiemeles_bpgal\">6:30 PM<\/p>\n<p class=\"datum_bpgal_2\">Performance by Zs\u00f3fia Turch\u00e1nyi<\/p>\n<p>[\/vc_column_text][vc_column_text css=&#8221;&#8221;]<\/p>\n<p class=\"kiemeles_bpgal\">Graphic design:<\/p>\n<p class=\"verzal_bpgal\">D\u00e1niel M\u00e1t\u00e9<\/p>\n<p>[\/vc_column_text][vc_column_text css=&#8221;&#8221;]<\/p>\n<p class=\"kiemeles_bpgal\">Translation:<\/p>\n<p class=\"verzal_bpgal\">D\u00e1niel Sipos<\/p>\n<p>[\/vc_column_text][vc_empty_space][\/vc_column][vc_column width=&#8221;2\/3&#8243; el_class=&#8221;full-2&#8243;][vc_column_text css=&#8221;&#8221;]In everyday language, neurodiversity generally refers to atypical forms of neurological functioning and the processes, phenomena, and conditions associated with it. In some people, this manifests in recognisable patterns that differ from the typical \u2013 such as those known as autism or ADHD. The flexibility and inclusiveness of the concept of neurodiversity lie in the fact that it ultimately encompasses everyone who has a nervous system. Just as no two brains are alike, neither are any two people. Not only does the term describe differences in functioning but it also affirms that every person has the right to safety and respectful treatment. Advocacy and equitable engagement are therefore inherently linked to the neurodiversity movement.<\/p>\n<p>In March 2025, Budapest Gallery announced an open call for neurodivergent artists. Eventually, eight artists \u2013 Emese D\u00f3ra, Gy\u00f6rgyi Francsics, Zsuzsi Gyarmati, D\u00f3ra N\u00e9meth, Istv\u00e1n P. Szathm\u00e1ry, Benedek Rub\u00f3czki, Zs\u00f3fia Turch\u00e1nyi and Csaba Velegi \u2013 were selected to participate in preparatory workshops and to present their work at the exhibition opening on 11 November 2025. During the preparatory phase, participants, curators and representatives of the Neurodiverz M\u0171hely (Neurodiverse Workshop), invited as a partner organisation, engaged in dialogue to define the framework for their collaboration and develop the main themes and details of the exhibition together. As a result, all of the presented artworks were created specifically for this exhibition.<\/p>\n<p>Through the personal experiences of the artists, the exhibition explores what living as a neurodivergent individual entails: quotidian challenges, internal processes, relationship<br \/>\nwith the social environment. Alongside the artworks, several concepts related to neurodiversity and neurodivergent life are introduced on the gallery walls, offering often interconnected explanations of psychological and sociological phenomena related to the themes and experiences expressed. Simultaneously with the works based on real experiences, the exhibition also presents informative materials that provide a broader understanding of the experiences and challenges faced by neurodivergent people.<\/p>\n<p>The project\u2019s underlying principle is dialogue. On the one hand, the exhibition and its preparatory period were shaped collectively by the participants, fostering genuine collaboration grounded in active, mutual attention. On the other hand, the exhibition seeks to initiate a discourse that emphasises collective responsibility along the lines of the so-called neuroaffirmative approach, which recognises neurodiversity as a value and supports the safe expression of identity. Through developing greater awareness, paying attention more sensitively and taking small steps, the neurotypical majority can do a lot to ensure that differences are seen not as disadvantages, but as integral to human diversity.[\/vc_column_text][vc_empty_space height=&#8221;45&#8243;][vc_separator type=&#8221;normal&#8221; color=&#8221;#999494&#8243;][vc_single_image image=&#8221;24057&#8243; img_size=&#8221;150&#215;150&#8243; onclick=&#8221;custom_link&#8221; img_link_target=&#8221;_blank&#8221; css=&#8221;&#8221; qode_css_animation=&#8221;&#8221; link=&#8221;https:\/\/www.neurodiverzmuhely.hu\/#about&#8221;][vc_empty_space height=&#8221;45&#8243;][vc_single_image image=&#8221;19993&#8243; img_size=&#8221;204&#215;100&#8243; onclick=&#8221;custom_link&#8221; img_link_target=&#8221;_blank&#8221; css=&#8221;&#8221; qode_css_animation=&#8221;&#8221; link=&#8221;https:\/\/nka.hu\/&#8221;][vc_empty_space height=&#8221;45&#8243;][vc_empty_space height=&#8221;45&#8243;][vc_video link=&#8221;https:\/\/youtu.be\/LEKWNMrAwk8?si=bQxnQXnBY-LBJtnz&#8221; align=&#8221;center&#8221; css=&#8221;&#8221;][vc_empty_space height=&#8221;45&#8243;][vc_single_image image=&#8221;24530&#8243; img_size=&#8221;full&#8221; css=&#8221;&#8221; qode_css_animation=&#8221;&#8221;][vc_empty_space height=&#8221;45&#8243;][vc_single_image image=&#8221;24535&#8243; img_size=&#8221;full&#8221; css=&#8221;&#8221; qode_css_animation=&#8221;&#8221;][vc_empty_space height=&#8221;45&#8243;][vc_single_image image=&#8221;24538&#8243; img_size=&#8221;full&#8221; css=&#8221;&#8221; qode_css_animation=&#8221;&#8221;][vc_empty_space height=&#8221;45&#8243;][vc_single_image image=&#8221;24540&#8243; img_size=&#8221;full&#8221; css=&#8221;&#8221; qode_css_animation=&#8221;&#8221;][vc_empty_space height=&#8221;45&#8243;][vc_single_image image=&#8221;24543&#8243; img_size=&#8221;full&#8221; css=&#8221;&#8221; qode_css_animation=&#8221;&#8221;][vc_empty_space height=&#8221;45&#8243;][vc_single_image image=&#8221;24545&#8243; img_size=&#8221;full&#8221; css=&#8221;&#8221; qode_css_animation=&#8221;&#8221;][vc_empty_space height=&#8221;45&#8243;][vc_single_image image=&#8221;24548&#8243; img_size=&#8221;full&#8221; css=&#8221;&#8221; qode_css_animation=&#8221;&#8221;][vc_empty_space height=&#8221;45&#8243;][vc_single_image image=&#8221;24551&#8243; img_size=&#8221;full&#8221; css=&#8221;&#8221; qode_css_animation=&#8221;&#8221;][vc_empty_space height=&#8221;45&#8243;][vc_single_image image=&#8221;24554&#8243; img_size=&#8221;full&#8221; css=&#8221;&#8221; qode_css_animation=&#8221;&#8221;][vc_empty_space height=&#8221;45&#8243;][vc_single_image image=&#8221;24556&#8243; img_size=&#8221;full&#8221; css=&#8221;&#8221; qode_css_animation=&#8221;&#8221;][vc_empty_space height=&#8221;45&#8243;][vc_single_image image=&#8221;24558&#8243; img_size=&#8221;full&#8221; css=&#8221;&#8221; qode_css_animation=&#8221;&#8221;][vc_empty_space height=&#8221;45&#8243;][vc_single_image image=&#8221;24561&#8243; img_size=&#8221;full&#8221; css=&#8221;&#8221; qode_css_animation=&#8221;&#8221;][vc_empty_space height=&#8221;45&#8243;][vc_single_image image=&#8221;24563&#8243; img_size=&#8221;full&#8221; css=&#8221;&#8221; qode_css_animation=&#8221;&#8221;][vc_empty_space height=&#8221;45&#8243;][vc_single_image image=&#8221;24566&#8243; img_size=&#8221;full&#8221; css=&#8221;&#8221; qode_css_animation=&#8221;&#8221;][vc_empty_space height=&#8221;45&#8243;][vc_single_image image=&#8221;24568&#8243; img_size=&#8221;full&#8221; css=&#8221;&#8221; qode_css_animation=&#8221;&#8221;][vc_empty_space height=&#8221;45&#8243;][vc_column_text css=&#8221;&#8221;]<\/p>\n<pre id=\"tw-target-text\" class=\"tw-data-text tw-text-large tw-ta\" dir=\"ltr\" tabindex=\"-1\" role=\"text\" data-placeholder=\"Ford\u00edt\u00e1s\" data-ved=\"2ahUKEwj68OP4y72SAxUIEhAIHVBHJlkQ3ewLegQIDBAW\" aria-label=\"Leford\u00edtott sz\u00f6veg: Interior photos\"><span class=\"Y2IQFc\" lang=\"en\">Photos: Tam\u00e1s Juh\u00e1sz G.<\/span><\/pre>\n<p>[\/vc_column_text][vc_empty_space height=&#8221;45&#8243;][\/vc_column][\/vc_row]<\/p>\n<\/div>","protected":false},"excerpt":{"rendered":"<p>[vc_row css_animation=&#8221;&#8221; seperator_indeed_locker=&#8221;&#8221; lk_t=&#8221;ism_template_1&#8243; lk_io=&#8221;default&#8221; lk_dm=&#8221;0&#8243; lk_thm=&#8221;0&#8243; lk_tuo=&#8221;0&#8243; ru_on=&#8221;0&#8243; uhc_on=&#8221;0&#8243; ur_on=&#8221;0&#8243; ref_on=&#8221;0&#8243; row_type=&#8221;row&#8221; use_row_as_full_screen_section=&#8221;no&#8221; type=&#8221;grid&#8221;&#8230;<\/p>\n","protected":false},"author":1,"featured_media":0,"parent":22249,"menu_order":0,"comment_status":"closed","ping_status":"closed","template":"full_width.php","meta":{"inline_featured_image":false,"loftloader_pro_show_once":"","loftloader_pro_page_shortcode":"","footnotes":""},"class_list":["post-24090","page","type-page","status-publish","hentry"],"_links":{"self":[{"href":"https:\/\/budapestgaleria.hu\/_\/en\/wp-json\/wp\/v2\/pages\/24090","targetHints":{"allow":["GET"]}}],"collection":[{"href":"https:\/\/budapestgaleria.hu\/_\/en\/wp-json\/wp\/v2\/pages"}],"about":[{"href":"https:\/\/budapestgaleria.hu\/_\/en\/wp-json\/wp\/v2\/types\/page"}],"author":[{"embeddable":true,"href":"https:\/\/budapestgaleria.hu\/_\/en\/wp-json\/wp\/v2\/users\/1"}],"replies":[{"embeddable":true,"href":"https:\/\/budapestgaleria.hu\/_\/en\/wp-json\/wp\/v2\/comments?post=24090"}],"version-history":[{"count":20,"href":"https:\/\/budapestgaleria.hu\/_\/en\/wp-json\/wp\/v2\/pages\/24090\/revisions"}],"predecessor-version":[{"id":24890,"href":"https:\/\/budapestgaleria.hu\/_\/en\/wp-json\/wp\/v2\/pages\/24090\/revisions\/24890"}],"up":[{"embeddable":true,"href":"https:\/\/budapestgaleria.hu\/_\/en\/wp-json\/wp\/v2\/pages\/22249"}],"wp:attachment":[{"href":"https:\/\/budapestgaleria.hu\/_\/en\/wp-json\/wp\/v2\/media?parent=24090"}],"curies":[{"name":"wp","href":"https:\/\/api.w.org\/{rel}","templated":true}]}}