{"id":24409,"date":"2025-12-03T13:55:26","date_gmt":"2025-12-03T12:55:26","guid":{"rendered":"https:\/\/budapestgaleria.hu\/_\/?page_id=24409"},"modified":"2025-12-03T13:56:46","modified_gmt":"2025-12-03T12:56:46","slug":"winners-of-the-2026-competition","status":"publish","type":"page","link":"https:\/\/budapestgaleria.hu\/_\/en\/artist-exchange-program\/winners-of-the-2026-competition\/","title":{"rendered":"Winners of the 2026 competition"},"content":{"rendered":"<div class=\"wpb-content-wrapper\"><p>[vc_row css_animation=&#8221;&#8221; seperator_indeed_locker=&#8221;&#8221; lk_t=&#8221;ism_template_1&#8243; lk_io=&#8221;default&#8221; lk_dm=&#8221;0&#8243; lk_thm=&#8221;0&#8243; lk_tuo=&#8221;0&#8243; ru_on=&#8221;0&#8243; uhc_on=&#8221;0&#8243; ur_on=&#8221;0&#8243; ref_on=&#8221;0&#8243; row_type=&#8221;row&#8221; use_row_as_full_screen_section=&#8221;no&#8221; type=&#8221;grid&#8221; angled_section=&#8221;no&#8221; text_align=&#8221;left&#8221; background_image_as_pattern=&#8221;without_pattern&#8221; z_index=&#8221;&#8221;][vc_column][vc_single_image image=&#8221;24402&#8243; img_size=&#8221;full&#8221; qode_css_animation=&#8221;&#8221;][vc_empty_space][vc_empty_space][vc_column_text css=&#8221;&#8221;]<\/p>\n<h4>Winners of the 2026 competition<\/h4>\n<p>&nbsp;<\/p>\n<p><strong>Celje \u2013 Center for Contemporary Arts Celje &#8211; shortlist<\/strong><\/p>\n<p>S\u00e1rv\u00e1ri Regina<\/p>\n<p>Horv\u00e1th Franciska<\/p>\n<p>J\u00fcrgen Dunhofen<\/p>\n<p>&nbsp;<\/p>\n<p><strong>Frankfurt \u2013 basis e.V., Frankfurt AiR shortlist <\/strong><\/p>\n<p>Keszegh \u00c1gnes<\/p>\n<p>K\u00e1l\u00f3czy Eszter<\/p>\n<p>Marosfalvi Marcell<\/p>\n<p>&nbsp;<\/p>\n<p><strong>Freising \u2013 Schafhof \u2013 Europaisches K\u00fcnstlerhaus Oberbayern &#8211; shortlist<\/strong><\/p>\n<p>Kopp\u00e1nyi P\u00e9ter<\/p>\n<p>Szl\u00e1vik Barbara<\/p>\n<p>Gyarmati Zsuzsi<\/p>\n<p>&nbsp;<\/p>\n<p><strong>Kassa \u2013 K.A.I.R. &#8211;\u00a0 shortlist<\/strong><\/p>\n<p>Kov\u00e1ts Janka<\/p>\n<p>Kov\u00e1cs K\u00edra<\/p>\n<p>Csap\u00f3 D\u00f3ra<\/p>\n<p>Sz\u0151ke G\u00e1sp\u00e1r<\/p>\n<p>Hars\u00e1ny Patr\u00edcia<\/p>\n<p>&nbsp;<\/p>\n<p><strong>Krems \u2013 AIR Nieder\u00f6ssterreich &#8211; shortlist <\/strong><\/p>\n<p>B\u00e1csi Benj\u00e1min<\/p>\n<p>Herbert Anik\u00f3<\/p>\n<p>P\u00e1pai G\u00e1bor<\/p>\n<p>&nbsp;<\/p>\n<p><strong>Lisszabon \u2013 C\u00e1mara Municipal de Lisboa\u00a0\u00a0\u00a0\u00a0\u00a0\u00a0\u00a0\u00a0\u00a0\u00a0\u00a0\u00a0 <\/strong><\/p>\n<p>J\u00fanius<\/p>\n<p>S\u00fcveges Rita\u00a0\u00a0\u00a0\u00a0\u00a0 p\u00f3tjel\u00f6lt: Barakonyi Szabolcs<\/p>\n<p>J\u00falius<\/p>\n<p>Szalipszki Judit\u00a0 p\u00f3tjel\u00f6lt: Moln\u00e1r Veronika<\/p>\n<p>&nbsp;<\/p>\n<p><strong>Salzburg \u2013 Land\u00a0\u00a0\u00a0\u00a0\u00a0\u00a0\u00a0\u00a0\u00a0\u00a0\u00a0\u00a0\u00a0\u00a0\u00a0 <\/strong><\/p>\n<p>Szeptember<\/p>\n<p>Csat\u00f3 Csenge<\/p>\n<p>Okt\u00f3ber<\/p>\n<p>M\u00e1ty\u00e1si P\u00e9ter<\/p>\n<p>p\u00f3t: Tak\u00e1cs Zs\u00f3fia<\/p>\n<p>&nbsp;<\/p>\n<p><strong>Salzburg Stadt \u00a0<\/strong><\/p>\n<p>Pap G\u00e1bor<\/p>\n<p>&nbsp;<\/p>\n<p><strong>P\u00e1rizs \u2013 Cit\u00e9 International des Arts &#8211; shortlist<\/strong><\/p>\n<p>Bede Kincs\u0151<\/p>\n<p>Ko\u00f3s G\u00e1bor<\/p>\n<p>Csatl\u00f3s Asztrid<\/p>\n<p>&nbsp;<\/p>\n<p><strong>Rejkjav\u00edk \u2013 S\u00cdM Residency &#8211; shortlist<\/strong><\/p>\n<p>Kocsi Olga<\/p>\n<p>Moh\u00e1csi Andr\u00e1s<\/p>\n<p>Pataki Luca<\/p>\n<p>R\u00e1dler Luca<\/p>\n<p>Kiss Bal\u00e1zs \u00c1goston<\/p>\n<p>&nbsp;<\/p>\n<p><strong>H\u00e1ga &#8211; 1646\u00a0 &#8211; shortlist <\/strong><\/p>\n<p>Krist\u00f3f Kriszti\u00e1n<\/p>\n<p>R\u00e9dling Hanna<\/p>\n<p>Liksay Gyop\u00e1r<\/p>\n<p>T\u00f3th Lala<\/p>\n<p>Imreh S\u00e1ndor<\/p>\n<p>&nbsp;<\/p>\n<p>[\/vc_column_text][\/vc_column][\/vc_row]<\/p>\n<\/div>","protected":false},"excerpt":{"rendered":"<p>[vc_row css_animation=&#8221;&#8221; seperator_indeed_locker=&#8221;&#8221; lk_t=&#8221;ism_template_1&#8243; lk_io=&#8221;default&#8221; lk_dm=&#8221;0&#8243; lk_thm=&#8221;0&#8243; lk_tuo=&#8221;0&#8243; ru_on=&#8221;0&#8243; uhc_on=&#8221;0&#8243; ur_on=&#8221;0&#8243; ref_on=&#8221;0&#8243; row_type=&#8221;row&#8221; use_row_as_full_screen_section=&#8221;no&#8221; type=&#8221;grid&#8221;&#8230;<\/p>\n","protected":false},"author":15,"featured_media":0,"parent":20649,"menu_order":0,"comment_status":"closed","ping_status":"closed","template":"full_width.php","meta":{"inline_featured_image":false,"loftloader_pro_show_once":"","loftloader_pro_page_shortcode":"","footnotes":""},"class_list":["post-24409","page","type-page","status-publish","hentry"],"_links":{"self":[{"href":"https:\/\/budapestgaleria.hu\/_\/en\/wp-json\/wp\/v2\/pages\/24409","targetHints":{"allow":["GET"]}}],"collection":[{"href":"https:\/\/budapestgaleria.hu\/_\/en\/wp-json\/wp\/v2\/pages"}],"about":[{"href":"https:\/\/budapestgaleria.hu\/_\/en\/wp-json\/wp\/v2\/types\/page"}],"author":[{"embeddable":true,"href":"https:\/\/budapestgaleria.hu\/_\/en\/wp-json\/wp\/v2\/users\/15"}],"replies":[{"embeddable":true,"href":"https:\/\/budapestgaleria.hu\/_\/en\/wp-json\/wp\/v2\/comments?post=24409"}],"version-history":[{"count":2,"href":"https:\/\/budapestgaleria.hu\/_\/en\/wp-json\/wp\/v2\/pages\/24409\/revisions"}],"predecessor-version":[{"id":24412,"href":"https:\/\/budapestgaleria.hu\/_\/en\/wp-json\/wp\/v2\/pages\/24409\/revisions\/24412"}],"up":[{"embeddable":true,"href":"https:\/\/budapestgaleria.hu\/_\/en\/wp-json\/wp\/v2\/pages\/20649"}],"wp:attachment":[{"href":"https:\/\/budapestgaleria.hu\/_\/en\/wp-json\/wp\/v2\/media?parent=24409"}],"curies":[{"name":"wp","href":"https:\/\/api.w.org\/{rel}","templated":true}]}}