{"id":6746,"date":"2014-09-01T20:24:23","date_gmt":"2014-09-01T20:24:23","guid":{"rendered":"http:\/\/budapestgaleria.hu\/uj\/?page_id=6746"},"modified":"2026-04-17T14:06:43","modified_gmt":"2026-04-17T12:06:43","slug":"staff","status":"publish","type":"page","link":"https:\/\/budapestgaleria.hu\/_\/en\/staff\/","title":{"rendered":"Staff"},"content":{"rendered":"<div class=\"wpb-content-wrapper\"><p>[vc_row css_animation=&#8221;&#8221; seperator_indeed_locker=&#8221;&#8221; row_type=&#8221;row&#8221; use_row_as_full_screen_section=&#8221;no&#8221; type=&#8221;grid&#8221; angled_section=&#8221;no&#8221; text_align=&#8221;left&#8221; background_image_as_pattern=&#8221;without_pattern&#8221; template=&#8221;ism_template_1&#8243; ism_overlock=&#8221;default&#8221; sm_d_text=&#8221;<\/p>\n<h2>This content is locked<\/h2>\n<p>Share This Page To Unlock The Content!&#8221; z_index=&#8221;&#8221;][vc_column][vc_single_image image=&#8221;21694&#8243; img_size=&#8221;full&#8221; qode_css_animation=&#8221;&#8221;][vc_empty_space height=&#8221;10px&#8221;][vc_column_text]<\/p>\n<p class=\"kepalairas_cim_jobb\">Shani Leseman: <em>Talismagic<\/em>, 2022, from the exhibition <em>Maleficae &#8211; From Bonfires to Online Witchcraft<\/em><\/p>\n<p>[\/vc_column_text][vc_empty_space height=&#8221;45px&#8221;][\/vc_column][\/vc_row][vc_row css_animation=&#8221;&#8221; row_type=&#8221;row&#8221; use_row_as_full_screen_section=&#8221;no&#8221; type=&#8221;grid&#8221; angled_section=&#8221;no&#8221; text_align=&#8221;left&#8221; background_image_as_pattern=&#8221;without_pattern&#8221; template=&#8221;ism_template_1&#8243; ism_overlock=&#8221;default&#8221; sm_d_text=&#8221;<\/p>\n<h2>This content is locked<\/h2>\n<p>Share This Page To Unlock The Content!&#8221; bgparallax=&#8221;parallax&#8221; contentwidth=&#8221;container&#8221; toppadding=&#8221;40&#8243; bottompadding=&#8221;10&#8243; border=&#8221;on&#8221; css=&#8221;.vc_custom_1427028434187{background-color: #ffffff !important;}&#8221;][vc_column width=&#8221;1\/2&#8243; el_class=&#8221;full-1&#8243;][vc_empty_space height=&#8221;25px&#8221;][vc_column_text]<\/p>\n<p class=\"brand_1\">BUDAPEST GALLERY<\/p>\n<p>Phone: +36\/1-487-8840[\/vc_column_text]<span data-type=\"normal\" data-hover-icon-color=\"#d651b2\" class=\"qode_icon_shortcode  q_font_awsome_icon fa-lg  \" style=\" \"><a  itemprop=\"url\" href=\"mailto:info@budapestgaleria.hu\" target=\"_blank\"><i class=\"qode_icon_font_awesome fa fa-envelope qode_icon_element\" style=\"color: #9c0a7d;\" ><\/i><\/a><\/span>[vc_empty_space height=&#8221;25px&#8221; el_class=&#8221;hide&#8221;][\/vc_column][vc_column width=&#8221;1\/2&#8243; el_class=&#8221;full-2&#8243;][vc_column_text]<\/p>\n<p class=\"munkatars\">Nikolett Er\u0151ss<\/p>\n<p>head of department, art historian, curator[\/vc_column_text]<span data-type=\"normal\" data-hover-icon-color=\"#d651b2\" class=\"qode_icon_shortcode  q_font_awsome_icon fa-lg  \" style=\" \"><a  itemprop=\"url\" href=\"mailto:eross.nikolett@btm.hu\" target=\"_blank\"><i class=\"qode_icon_font_awesome fa fa-envelope qode_icon_element\" style=\"color: #9c0a7d;\" ><\/i><\/a><\/span>[vc_empty_space height=&#8221;25px&#8221;][\/vc_column][\/vc_row][vc_row css_animation=&#8221;&#8221; row_type=&#8221;row&#8221; use_row_as_full_screen_section=&#8221;no&#8221; type=&#8221;grid&#8221; angled_section=&#8221;no&#8221; text_align=&#8221;left&#8221; background_image_as_pattern=&#8221;without_pattern&#8221; template=&#8221;ism_template_1&#8243; ism_overlock=&#8221;default&#8221; sm_d_text=&#8221;<\/p>\n<h2>This content is locked<\/h2>\n<p>Share This Page To Unlock The Content!&#8221;][vc_column][vc_separator type=&#8221;normal&#8221; color=&#8221;#000000&#8243;][\/vc_column][\/vc_row][vc_row css_animation=&#8221;&#8221; row_type=&#8221;row&#8221; use_row_as_full_screen_section=&#8221;no&#8221; type=&#8221;grid&#8221; angled_section=&#8221;no&#8221; text_align=&#8221;left&#8221; background_image_as_pattern=&#8221;without_pattern&#8221; bgparallax=&#8221;parallax&#8221; contentwidth=&#8221;container&#8221; toppadding=&#8221;40&#8243; bottompadding=&#8221;10&#8243; border=&#8221;on&#8221; css=&#8221;.vc_custom_1421938508377{background-color: #ffffff !important;}&#8221;][vc_column width=&#8221;1\/2&#8243; el_class=&#8221;full-1&#8243;][vc_empty_space height=&#8221;25px&#8221;][vc_column_text]<\/p>\n<p class=\"brand_3\">Main office<\/p>\n<p>[\/vc_column_text]<span data-type=\"normal\" data-hover-icon-color=\"#d651b2\" class=\"qode_icon_shortcode  q_font_awsome_icon fa-lg  \" style=\" \"><a  itemprop=\"url\" href=\"mailto:galeria@btm.hu\" target=\"_blank\"><i class=\"qode_icon_font_awesome fa fa-envelope qode_icon_element\" style=\"color: #9c0a7d;\" ><\/i><\/a><\/span>[vc_empty_space height=&#8221;25px&#8221; el_class=&#8221;hide&#8221;][\/vc_column][vc_column width=&#8221;1\/2&#8243; el_class=&#8221;full-2&#8243;][vc_column_text]<\/p>\n<p class=\"munkatars\">Zs\u00f3fia P\u00e1lv\u00f6lgyi<\/p>\n<p>office manager, art historian[\/vc_column_text]<span data-type=\"normal\" data-hover-icon-color=\"#d651b2\" class=\"qode_icon_shortcode  q_font_awsome_icon fa-lg  \" style=\" \"><a  itemprop=\"url\" href=\"mailto:palvolgyi.zsofia@btm.hu\" target=\"_blank\"><i class=\"qode_icon_font_awesome fa fa-envelope qode_icon_element\" style=\"color: #9c0a7d;\" ><\/i><\/a><\/span>[\/vc_column][\/vc_row][vc_row css_animation=&#8221;&#8221; row_type=&#8221;row&#8221; use_row_as_full_screen_section=&#8221;no&#8221; type=&#8221;grid&#8221; angled_section=&#8221;no&#8221; text_align=&#8221;left&#8221; background_image_as_pattern=&#8221;without_pattern&#8221; template=&#8221;ism_template_1&#8243; ism_overlock=&#8221;default&#8221; sm_d_text=&#8221;<\/p>\n<h2>This content is locked<\/h2>\n<p>Share This Page To Unlock The Content!&#8221;][vc_column][vc_separator type=&#8221;normal&#8221; color=&#8221;#000000&#8243;][\/vc_column][\/vc_row][vc_row css_animation=&#8221;&#8221; row_type=&#8221;row&#8221; use_row_as_full_screen_section=&#8221;no&#8221; type=&#8221;grid&#8221; angled_section=&#8221;no&#8221; text_align=&#8221;left&#8221; background_image_as_pattern=&#8221;without_pattern&#8221; bgparallax=&#8221;parallax&#8221; contentwidth=&#8221;container&#8221; toppadding=&#8221;40&#8243; bottompadding=&#8221;10&#8243; border=&#8221;on&#8221; css=&#8221;.vc_custom_1421938508377{background-color: #ffffff !important;}&#8221;][vc_column width=&#8221;1\/2&#8243; el_class=&#8221;full-1&#8243;][vc_empty_space height=&#8221;25px&#8221;][vc_column_text]<\/p>\n<p class=\"brand_3\">Department of Exhibitions<\/p>\n<p>[\/vc_column_text][vc_empty_space height=&#8221;25px&#8221; el_class=&#8221;hide&#8221;][\/vc_column][vc_column width=&#8221;1\/2&#8243; el_class=&#8221;full-2&#8243;]<span data-type=\"normal\" data-hover-icon-color=\"#d651b2\" class=\"qode_icon_shortcode  q_font_awsome_icon fa-lg  \" style=\" \"><a  itemprop=\"url\" href=\"mailto:gado.flora@btm.hu\" target=\"_blank\"><i class=\"qode_icon_font_awesome fa fa-envelope qode_icon_element\" style=\"color: #9c0a7d;\" ><\/i><\/a><\/span>[vc_column_text]<\/p>\n<p class=\"munkatars\">Dalma Eszter Koll\u00e1r<\/p>\n<p>curator[\/vc_column_text]<span data-type=\"normal\" data-hover-icon-color=\"#d651b2\" class=\"qode_icon_shortcode  q_font_awsome_icon fa-lg  \" style=\" \"><a  itemprop=\"url\" href=\"mailto:kollar.dalma@btm.hu\" target=\"_blank\"><i class=\"qode_icon_font_awesome fa fa-envelope qode_icon_element\" style=\"color: #9c0a7d;\" ><\/i><\/a><\/span>[vc_column_text]<\/p>\n<p class=\"munkatars\">Anna Lujza Sz\u00e1sz<\/p>\n<p>curator, sociologist[\/vc_column_text]<span data-type=\"normal\" data-hover-icon-color=\"#d651b2\" class=\"qode_icon_shortcode  q_font_awsome_icon fa-lg  \" style=\" \"><a  itemprop=\"url\" href=\"mailto:szasz.anna@btm.hu\" target=\"_blank\"><i class=\"qode_icon_font_awesome fa fa-envelope qode_icon_element\" style=\"color: #9c0a7d;\" ><\/i><\/a><\/span>[vc_column_text css=&#8221;&#8221;]<\/p>\n<p class=\"munkatars\">Fanni T\u00f3th<\/p>\n<p>assistant curator, art historian[\/vc_column_text]<span data-type=\"normal\" data-hover-icon-color=\"#d651b2\" class=\"qode_icon_shortcode  q_font_awsome_icon fa-lg  \" style=\" \"><a  itemprop=\"url\" href=\"mailto:%20toth.fanni@btm.hu\" target=\"_blank\"><i class=\"qode_icon_font_awesome fa fa-envelope qode_icon_element\" style=\"color: #9c0a7d;\" ><\/i><\/a><\/span>[vc_column_text]<\/p>\n<p class=\"munkatars\">\u00c1gnes Szabics<\/p>\n<p>art educator[\/vc_column_text]<span data-type=\"normal\" data-hover-icon-color=\"#d651b2\" class=\"qode_icon_shortcode  q_font_awsome_icon fa-lg  \" style=\" \"><a  itemprop=\"url\" href=\"mailto:szabics.agnes@btm.hu\" target=\"_blank\"><i class=\"qode_icon_font_awesome fa fa-envelope qode_icon_element\" style=\"color: #9c0a7d;\" ><\/i><\/a><\/span>[vc_column_text]<\/p>\n<p class=\"munkatars\">Anna T\u00f3th<\/p>\n<p>art educator[\/vc_column_text]<span data-type=\"normal\" data-hover-icon-color=\"#d651b2\" class=\"qode_icon_shortcode  q_font_awsome_icon fa-lg  \" style=\" \"><a  itemprop=\"url\" href=\"mailto:muzeumpedagogia@budapestgaleria.hu\" target=\"_blank\"><i class=\"qode_icon_font_awesome fa fa-envelope qode_icon_element\" style=\"color: #9c0a7d;\" ><\/i><\/a><\/span>[vc_column_text]<\/p>\n<p class=\"munkatars\">Zsuzsanna G\u00e1m\u00e1n<\/p>\n<p>communication and public relations[\/vc_column_text]<span data-type=\"normal\" data-hover-icon-color=\"#d651b2\" class=\"qode_icon_shortcode  q_font_awsome_icon fa-lg  \" style=\" \"><a  itemprop=\"url\" href=\"mailto:\" target=\"_blank\"><i class=\"qode_icon_font_awesome fa fa-envelope qode_icon_element\" style=\"color: #9c0a7d;\" ><\/i><\/a><\/span>[vc_column_text]<\/p>\n<p class=\"munkatars\">P\u00e9ter Gyenei<\/p>\n<p>exhibition designer[\/vc_column_text][vc_column_text]<\/p>\n<p class=\"munkatars\">Zsigmond Petern\u00e1k<\/p>\n<p>technician[\/vc_column_text][vc_column_text]<\/p>\n<p class=\"munkatars\">Imre Szakszon<\/p>\n<p>exhibition technician[\/vc_column_text][vc_empty_space height=&#8221;45px&#8221;][\/vc_column][\/vc_row][vc_row css_animation=&#8221;&#8221; row_type=&#8221;row&#8221; use_row_as_full_screen_section=&#8221;no&#8221; type=&#8221;grid&#8221; angled_section=&#8221;no&#8221; text_align=&#8221;left&#8221; background_image_as_pattern=&#8221;without_pattern&#8221; bgparallax=&#8221;parallax&#8221; contentwidth=&#8221;container&#8221; toppadding=&#8221;40&#8243; bottompadding=&#8221;10&#8243; border=&#8221;on&#8221; css=&#8221;.vc_custom_1421938508377{background-color: #ffffff !important;}&#8221;][vc_column width=&#8221;1\/2&#8243; el_class=&#8221;full-1&#8243;][vc_empty_space height=&#8221;25px&#8221;][vc_column_text]<\/p>\n<p class=\"brand_3\">Artists exchange program<\/p>\n<p>[\/vc_column_text][vc_empty_space height=&#8221;25px&#8221; el_class=&#8221;hide&#8221;][\/vc_column][vc_column width=&#8221;1\/2&#8243; el_class=&#8221;full&#8221;][vc_column_text css=&#8221;&#8221;]<\/p>\n<p class=\"munkatars\">\u00c1gnes Keszegh<\/p>\n<p>[\/vc_column_text]<span data-type=\"normal\" data-hover-icon-color=\"#d651b2\" class=\"qode_icon_shortcode  q_font_awsome_icon fa-lg  \" style=\" \"><a  itemprop=\"url\" href=\"mailto:keszegh.agnes@btm.hu\" target=\"_blank\"><i class=\"qode_icon_font_awesome fa fa-envelope qode_icon_element\" style=\"color: #9c0a7d;\" ><\/i><\/a><\/span>[vc_empty_space height=&#8221;45px&#8221;][\/vc_column][\/vc_row][vc_row css_animation=&#8221;&#8221; row_type=&#8221;row&#8221; use_row_as_full_screen_section=&#8221;no&#8221; type=&#8221;grid&#8221; angled_section=&#8221;no&#8221; text_align=&#8221;left&#8221; background_image_as_pattern=&#8221;without_pattern&#8221; template=&#8221;ism_template_1&#8243; ism_overlock=&#8221;default&#8221; sm_d_text=&#8221;<\/p>\n<h2>This content is locked<\/h2>\n<p>Share This Page To Unlock The Content!&#8221;][vc_column][vc_separator type=&#8221;normal&#8221; color=&#8221;#000000&#8243;][\/vc_column][\/vc_row][vc_row css_animation=&#8221;&#8221; row_type=&#8221;row&#8221; use_row_as_full_screen_section=&#8221;no&#8221; type=&#8221;grid&#8221; angled_section=&#8221;no&#8221; text_align=&#8221;left&#8221; background_image_as_pattern=&#8221;without_pattern&#8221; bgparallax=&#8221;parallax&#8221; contentwidth=&#8221;container&#8221; toppadding=&#8221;40&#8243; bottompadding=&#8221;10&#8243; border=&#8221;on&#8221; css=&#8221;.vc_custom_1421938508377{background-color: #ffffff !important;}&#8221;][vc_column width=&#8221;1\/2&#8243; el_class=&#8221;full-1&#8243;][vc_empty_space height=&#8221;25px&#8221;][vc_column_text]<\/p>\n<p class=\"brand_3\">Department of Public Art<\/p>\n<p>Phone: +36\/1-487-8840[\/vc_column_text][vc_empty_space height=&#8221;25px&#8221; el_class=&#8221;hide&#8221;][\/vc_column][vc_column width=&#8221;1\/2&#8243; el_class=&#8221;full&#8221;][vc_column_text]<\/p>\n<p class=\"munkatars\">Dr. M\u00e1rk Szerdahelyi<\/p>\n<p>department director, art historian[\/vc_column_text]<span data-type=\"normal\" data-hover-icon-color=\"#d651b2\" class=\"qode_icon_shortcode  q_font_awsome_icon fa-lg  \" style=\" \"><a  itemprop=\"url\" href=\"mailto:szerdahelyi.mark@btm.hu\" target=\"_blank\"><i class=\"qode_icon_font_awesome fa fa-envelope qode_icon_element\" style=\"color: #9c0a7d;\" ><\/i><\/a><\/span>[vc_column_text]<\/p>\n<p class=\"munkatars\">Dr. P\u00e9ter Schmidt<\/p>\n<p>cultural administrator, Head of the Varga Imre Collection[\/vc_column_text]<span data-type=\"normal\" data-hover-icon-color=\"#d651b2\" class=\"qode_icon_shortcode  q_font_awsome_icon fa-lg  \" style=\" \"><a  itemprop=\"url\" href=\"mailto:schmidt.peter@btm.hu\" target=\"_blank\"><i class=\"qode_icon_font_awesome fa fa-envelope qode_icon_element\" style=\"color: #9c0a7d;\" ><\/i><\/a><\/span>[vc_column_text]<\/p>\n<p class=\"munkatars\">Gertrud Matzonn\u00e9 Gerg\u00f3<\/p>\n<p>engineer[\/vc_column_text]<span data-type=\"normal\" data-hover-icon-color=\"#d651b2\" class=\"qode_icon_shortcode  q_font_awsome_icon fa-lg  \" style=\" \"><a  itemprop=\"url\" href=\"mailto:%20matzon.gertrud@btm.hu\" target=\"_blank\"><i class=\"qode_icon_font_awesome fa fa-envelope qode_icon_element\" style=\"color: #9c0a7d;\" ><\/i><\/a><\/span>[vc_column_text css=&#8221;&#8221;]<\/p>\n<p class=\"munkatars\">K\u00e1d\u00e1r Zs\u00f3fia, art historian, cultural references<\/p>\n<p>[\/vc_column_text]<span data-type=\"normal\" data-hover-icon-color=\"#d651b2\" class=\"qode_icon_shortcode  q_font_awsome_icon fa-lg  \" style=\" \"><a  itemprop=\"url\" href=\"mailto:kadar.zsofia@btm.hu\" target=\"_blank\"><i class=\"qode_icon_font_awesome fa fa-envelope qode_icon_element\" style=\"color: #9c0a7d;\" ><\/i><\/a><\/span>[vc_column_text]<\/p>\n<p class=\"munkatars\">Bogl\u00e1rka Benda<\/p>\n<p>assistant[\/vc_column_text]<span data-type=\"normal\" data-hover-icon-color=\"#d651b2\" class=\"qode_icon_shortcode  q_font_awsome_icon fa-lg  \" style=\" \"><a  itemprop=\"url\" href=\"mailto:benda.boglarka@btm.hu\" target=\"_blank\"><i class=\"qode_icon_font_awesome fa fa-envelope qode_icon_element\" style=\"color: #9c0a7d;\" ><\/i><\/a><\/span>[vc_column_text]<\/p>\n<p class=\"munkatars\">Zsuzsanna L\u00e9r\u00e1nt<\/p>\n<p>assistant[\/vc_column_text]<span data-type=\"normal\" data-hover-icon-color=\"#d651b2\" class=\"qode_icon_shortcode  q_font_awsome_icon fa-lg  \" style=\" \"><a  itemprop=\"url\" href=\"mailto:lerant.zsuzsanna@btm.hu\" target=\"_blank\"><i class=\"qode_icon_font_awesome fa fa-envelope qode_icon_element\" style=\"color: #9c0a7d;\" ><\/i><\/a><\/span>[vc_empty_space height=&#8221;45px&#8221;][\/vc_column][\/vc_row][vc_row css_animation=&#8221;&#8221; row_type=&#8221;row&#8221; use_row_as_full_screen_section=&#8221;no&#8221; type=&#8221;grid&#8221; angled_section=&#8221;no&#8221; text_align=&#8221;left&#8221; background_image_as_pattern=&#8221;without_pattern&#8221; template=&#8221;ism_template_1&#8243; ism_overlock=&#8221;default&#8221; sm_d_text=&#8221;<\/p>\n<h2>This content is locked<\/h2>\n<p>Share This Page To Unlock The Content!&#8221;][vc_column][vc_separator type=&#8221;normal&#8221; color=&#8221;#000000&#8243;][\/vc_column][\/vc_row][vc_row css_animation=&#8221;&#8221; row_type=&#8221;row&#8221; use_row_as_full_screen_section=&#8221;no&#8221; type=&#8221;grid&#8221; angled_section=&#8221;no&#8221; text_align=&#8221;left&#8221; background_image_as_pattern=&#8221;without_pattern&#8221; bgparallax=&#8221;parallax&#8221; contentwidth=&#8221;container&#8221; toppadding=&#8221;40&#8243; bottompadding=&#8221;10&#8243; border=&#8221;on&#8221; css=&#8221;.vc_custom_1421938508377{background-color: #ffffff !important;}&#8221;][vc_column width=&#8221;1\/2&#8243; el_class=&#8221;full-1&#8243;][vc_empty_space height=&#8221;25px&#8221;][vc_empty_space height=&#8221;25px&#8221;][vc_column_text]<strong>Public relations staff<\/strong>[\/vc_column_text][vc_empty_space height=&#8221;25px&#8221; el_class=&#8221;hide&#8221;][\/vc_column][vc_column width=&#8221;1\/2&#8243; el_class=&#8221;full&#8221;][vc_empty_space height=&#8221;45px&#8221;][vc_column_text]\u00c1gnes Borb\u00e9ly, Dia B\u00f6gi, Laura Holl\u00f3si, Roz\u00e1lia Kov\u00e1ts, J\u00falia K\u0151v\u00e1ri, G\u00e1bor Tompa[\/vc_column_text][vc_empty_space height=&#8221;45px&#8221;][vc_empty_space height=&#8221;45px&#8221;][\/vc_column][\/vc_row][vc_row css_animation=&#8221;&#8221; row_type=&#8221;row&#8221; use_row_as_full_screen_section=&#8221;no&#8221; type=&#8221;grid&#8221; angled_section=&#8221;no&#8221; text_align=&#8221;left&#8221; background_image_as_pattern=&#8221;without_pattern&#8221; template=&#8221;ism_template_1&#8243; ism_overlock=&#8221;default&#8221; sm_d_text=&#8221;<\/p>\n<h2>This content is locked<\/h2>\n<p>Share This Page To Unlock The Content!&#8221;][vc_column][vc_separator type=&#8221;normal&#8221; color=&#8221;#000000&#8243;][\/vc_column][\/vc_row][vc_row css_animation=&#8221;&#8221; row_type=&#8221;row&#8221; use_row_as_full_screen_section=&#8221;no&#8221; type=&#8221;grid&#8221; angled_section=&#8221;no&#8221; text_align=&#8221;left&#8221; background_image_as_pattern=&#8221;without_pattern&#8221; bgparallax=&#8221;parallax&#8221; contentwidth=&#8221;container&#8221; toppadding=&#8221;40&#8243; bottompadding=&#8221;10&#8243; border=&#8221;on&#8221; css=&#8221;.vc_custom_1421938508377{background-color: #ffffff !important;}&#8221;][vc_column width=&#8221;1\/2&#8243; el_class=&#8221;full-1&#8243;][vc_empty_space height=&#8221;25px&#8221;][vc_empty_space height=&#8221;25px&#8221;][vc_column_text]<strong>Operations manager<\/strong>[\/vc_column_text][vc_empty_space height=&#8221;25px&#8221; el_class=&#8221;hide&#8221;][\/vc_column][vc_column width=&#8221;1\/2&#8243; el_class=&#8221;full&#8221;][vc_empty_space height=&#8221;45px&#8221;][vc_column_text]Imre B\u00f6gi[\/vc_column_text][vc_empty_space height=&#8221;45px&#8221;][vc_empty_space height=&#8221;45px&#8221;][\/vc_column][\/vc_row][vc_row css_animation=&#8221;&#8221; row_type=&#8221;row&#8221; use_row_as_full_screen_section=&#8221;no&#8221; type=&#8221;grid&#8221; angled_section=&#8221;no&#8221; text_align=&#8221;left&#8221; background_image_as_pattern=&#8221;without_pattern&#8221; bgparallax=&#8221;parallax&#8221; contentwidth=&#8221;container&#8221; toppadding=&#8221;40&#8243; bottompadding=&#8221;10&#8243; border=&#8221;on&#8221; css=&#8221;.vc_custom_1421938508377{background-color: #ffffff !important;}&#8221;][vc_column width=&#8221;1\/2&#8243; el_class=&#8221;full-1&#8243;][vc_empty_space height=&#8221;25px&#8221;][vc_empty_space height=&#8221;25px&#8221;][vc_column_text]<strong>Operating staff<\/strong>[\/vc_column_text][vc_empty_space height=&#8221;25px&#8221; el_class=&#8221;hide&#8221;][\/vc_column][vc_column width=&#8221;1\/2&#8243; el_class=&#8221;full&#8221;][vc_empty_space height=&#8221;45px&#8221;][vc_column_text]Grega Tiborn\u00e9, V\u00edghn\u00e9 G\u00e1sp\u00e1r Cec\u00edlia[\/vc_column_text][vc_empty_space height=&#8221;45px&#8221;][vc_empty_space height=&#8221;45px&#8221;][\/vc_column][\/vc_row][vc_row css_animation=&#8221;&#8221; row_type=&#8221;row&#8221; use_row_as_full_screen_section=&#8221;no&#8221; type=&#8221;grid&#8221; angled_section=&#8221;no&#8221; text_align=&#8221;left&#8221; background_image_as_pattern=&#8221;without_pattern&#8221; template=&#8221;ism_template_1&#8243; ism_overlock=&#8221;default&#8221; sm_d_text=&#8221;<\/p>\n<h2>This content is locked<\/h2>\n<p>Share This Page To Unlock The Content!&#8221;][vc_column][vc_separator type=&#8221;normal&#8221; color=&#8221;#000000&#8243;][\/vc_column][\/vc_row]<\/p>\n<\/div>","protected":false},"excerpt":{"rendered":"<p>[vc_row css_animation=&#8221;&#8221; seperator_indeed_locker=&#8221;&#8221; row_type=&#8221;row&#8221; use_row_as_full_screen_section=&#8221;no&#8221; type=&#8221;grid&#8221; angled_section=&#8221;no&#8221; text_align=&#8221;left&#8221; background_image_as_pattern=&#8221;without_pattern&#8221; template=&#8221;ism_template_1&#8243; ism_overlock=&#8221;default&#8221; sm_d_text=&#8221; This content is&#8230;<\/p>\n","protected":false},"author":1,"featured_media":0,"parent":0,"menu_order":68,"comment_status":"closed","ping_status":"closed","template":"full_width.php","meta":{"inline_featured_image":false,"loftloader_pro_show_once":"","loftloader_pro_page_shortcode":"","footnotes":""},"class_list":["post-6746","page","type-page","status-publish","hentry"],"_links":{"self":[{"href":"https:\/\/budapestgaleria.hu\/_\/en\/wp-json\/wp\/v2\/pages\/6746","targetHints":{"allow":["GET"]}}],"collection":[{"href":"https:\/\/budapestgaleria.hu\/_\/en\/wp-json\/wp\/v2\/pages"}],"about":[{"href":"https:\/\/budapestgaleria.hu\/_\/en\/wp-json\/wp\/v2\/types\/page"}],"author":[{"embeddable":true,"href":"https:\/\/budapestgaleria.hu\/_\/en\/wp-json\/wp\/v2\/users\/1"}],"replies":[{"embeddable":true,"href":"https:\/\/budapestgaleria.hu\/_\/en\/wp-json\/wp\/v2\/comments?post=6746"}],"version-history":[{"count":9,"href":"https:\/\/budapestgaleria.hu\/_\/en\/wp-json\/wp\/v2\/pages\/6746\/revisions"}],"predecessor-version":[{"id":24825,"href":"https:\/\/budapestgaleria.hu\/_\/en\/wp-json\/wp\/v2\/pages\/6746\/revisions\/24825"}],"wp:attachment":[{"href":"https:\/\/budapestgaleria.hu\/_\/en\/wp-json\/wp\/v2\/media?parent=6746"}],"curies":[{"name":"wp","href":"https:\/\/api.w.org\/{rel}","templated":true}]}}