{"id":9781,"date":"2015-03-19T18:42:13","date_gmt":"2015-03-19T18:42:13","guid":{"rendered":"http:\/\/budapestgaleria.hu\/_\/?page_id=9781"},"modified":"2023-12-05T12:37:08","modified_gmt":"2023-12-05T11:37:08","slug":"information-for-visitors","status":"publish","type":"page","link":"https:\/\/budapestgaleria.hu\/_\/en\/information-for-visitors\/","title":{"rendered":"Information for Visitors"},"content":{"rendered":"<div class=\"wpb-content-wrapper\"><p>[vc_row css_animation=&#8221;&#8221; row_type=&#8221;row&#8221; use_row_as_full_screen_section=&#8221;no&#8221; type=&#8221;full_width&#8221; angled_section=&#8221;no&#8221; text_align=&#8221;left&#8221; background_image_as_pattern=&#8221;without_pattern&#8221; template=&#8221;ism_template_1&#8243; ism_overlock=&#8221;default&#8221; sm_d_text=&#8221;<\/p>\n<h2>This content is locked<\/h2>\n<p>Share This Page To Unlock The Content!&#8221;][vc_column][vc_empty_space height=&#8221;45px&#8221;][\/vc_column][\/vc_row][vc_row css_animation=&#8221;&#8221; row_type=&#8221;row&#8221; use_row_as_full_screen_section=&#8221;no&#8221; type=&#8221;grid&#8221; angled_section=&#8221;no&#8221; text_align=&#8221;left&#8221; background_image_as_pattern=&#8221;without_pattern&#8221; template=&#8221;ism_template_1&#8243; ism_overlock=&#8221;default&#8221; sm_d_text=&#8221;<\/p>\n<h2>This content is locked<\/h2>\n<p>Share This Page To Unlock The Content!&#8221; bgparallax=&#8221;parallax&#8221; contentwidth=&#8221;fullwidth&#8221; toppadding=&#8221;50&#8243; bottompadding=&#8221;60&#8243;][vc_column width=&#8221;1\/2&#8243; el_class=&#8221;full-1&#8243;][vc_single_image image=&#8221;8954&#8243; img_size=&#8221;full&#8221; alignment=&#8221;center&#8221; qode_css_animation=&#8221;&#8221;][vc_empty_space height=&#8221;20px&#8221;][\/vc_column][vc_column width=&#8221;1\/2&#8243; el_class=&#8221;full-2&#8243;][vc_column_text]<\/p>\n<h4>BUDAPEST GALLERY<\/h4>\n<p class=\"galeria-cim\">1036 Budapest, Lajos utca 158.<\/p>\n<p>Open daily except Mondays, 10 pm to 6 pm<br \/>\nLast tickets sold at 5:30 pm<\/p>\n<p><strong>Holiday schedule:<\/strong><br \/>\n01.11. &#8211; OPEN<br \/>\n24\u201326.12. &#8211; CLOSED<br \/>\n27\u201330.12. &#8211; OPEN<br \/>\n31.12. &#8211; CLOSED<br \/>\n01.01.2024 &#8211; CLOSED[\/vc_column_text][vc_separator type=&#8221;normal&#8221; up=&#8221;25&#8243; down=&#8221;10&#8243;][vc_column_text]<strong>Admission fees:<\/strong>[\/vc_column_text][vc_column_text]Adult ticket: 1000 Ft \/ person<br \/>\nStudent, youth ticket (6\u201326): 500 Ft \/ person<br \/>\nPensioner ticket (62\u201370): 500 Ft \/ person<br \/>\nGroup ticket for adults (10 or more people): 700 Ft \/ person<br \/>\nFree admission for children under the age of 6 and seniors over the age of 70 and with Budapest Card.<\/p>\n<p>Photo \u2013 Video ticket: 1000 Ft\/person[\/vc_column_text][vc_separator type=&#8221;normal&#8221; up=&#8221;25&#8243; down=&#8221;10&#8243;][vc_column_text]<strong>Guided tours*:<\/strong>[\/vc_column_text][vc_column_text]In Hungarian, groups of up to 20 people: 3000 Ft \/ group<br \/>\nIn Hungarian, groups of more than 20 people: 3500 Ft \/ group<br \/>\nIn a foreign language, groups of up to 20 people: 6000 Ft \/ group<br \/>\nIn a foreign language, groups of more than 20 people: 7000 Ft \/ group<\/p>\n<p>*Guided tours can be booked in advance via email: <a href=\"mailto:galeria@btm.hu\">galeria@btm.hu<\/a>[\/vc_column_text][vc_separator type=&#8221;transparent&#8221; up=&#8221;10&#8243;][vc_column_text]<strong><a href=\"https:\/\/budapestgaleria.hu\/_\/en\/discounts\/\" target=\"_blank\" rel=\"noopener\">CLICK HERE<\/a> for 50% discounts and conditions of free entry<\/strong>[\/vc_column_text][\/vc_column][\/vc_row][vc_row css_animation=&#8221;&#8221; row_type=&#8221;row&#8221; use_row_as_full_screen_section=&#8221;no&#8221; type=&#8221;full_width&#8221; angled_section=&#8221;no&#8221; text_align=&#8221;left&#8221; background_image_as_pattern=&#8221;without_pattern&#8221;][vc_column][vc_empty_space][\/vc_column][\/vc_row][vc_row css_animation=&#8221;&#8221; row_type=&#8221;row&#8221; use_row_as_full_screen_section=&#8221;no&#8221; type=&#8221;grid&#8221; angled_section=&#8221;no&#8221; text_align=&#8221;left&#8221; background_image_as_pattern=&#8221;without_pattern&#8221; template=&#8221;ism_template_1&#8243; ism_overlock=&#8221;default&#8221; sm_d_text=&#8221;<\/p>\n<h2>This content is locked<\/h2>\n<p>Share This Page To Unlock The Content!&#8221; bgparallax=&#8221;parallax&#8221; contentwidth=&#8221;fullwidth&#8221; toppadding=&#8221;50&#8243; bottompadding=&#8221;60&#8243;][vc_column width=&#8221;1\/2&#8243; el_class=&#8221;full-1&#8243;][vc_single_image image=&#8221;9822&#8243; img_size=&#8221;full&#8221; alignment=&#8221;center&#8221; qode_css_animation=&#8221;&#8221;][vc_empty_space height=&#8221;20px&#8221;][\/vc_column][vc_column width=&#8221;1\/2&#8243; el_class=&#8221;full-2&#8243;][vc_column_text]<\/p>\n<h4>IMRE VARGA COLLECTION<\/h4>\n<p class=\"galeria-cim\">1033 Budapest, Laktanya utca 7.<\/p>\n<p><strong>From 1 April until 31 October:<\/strong><br \/>\nOpen daily except Mondays, 10 am to 6 pm<br \/>\nLast tickets sold at 5:30 pm<\/p>\n<p><strong>From 1 November until 31 March:<\/strong><br \/>\nOpen daily except Mondays, 10 am to 4 pm<br \/>\nLast tickets sold at 3:30 pm<\/p>\n<p><strong>Holiday schedule:<\/strong><br \/>\n01.11. &#8211; OPEN<br \/>\n24\u201326.12. &#8211; CLOSED<br \/>\n27\u201330.12. &#8211; OPEN<br \/>\n31.12. &#8211; CLOSED<br \/>\n01.01.2024 &#8211; CLOSED[\/vc_column_text][vc_separator type=&#8221;normal&#8221; up=&#8221;25&#8243; down=&#8221;10&#8243;][vc_column_text]<strong>Admission fees:<\/strong>[\/vc_column_text][vc_column_text]Adult ticket: 1000 Ft \/ person<br \/>\nStudent, youth ticket (6\u201326): 500 Ft \/ person<br \/>\nPensioner ticket (62\u201370): 500 Ft \/ person<br \/>\nGroup ticket for adults (10 or more people): 700 Ft \/ person<br \/>\nFree admission for children under the age of 6 and seniors over the age of 70.<\/p>\n<p>Photo \u2013 Video ticket: 1000 Ft\/person<\/p>\n<p><strong>Only cash is accepted.<\/strong>[\/vc_column_text][vc_separator type=&#8221;transparent&#8221; up=&#8221;25&#8243;][vc_column_text]<strong>Guided tours*:<\/strong>[\/vc_column_text][vc_column_text]In Hungarian, groups of up to 20 people: 3000 Ft \/ group<br \/>\nIn Hungarian, groups of more than 20 people: 3500 Ft \/ group<br \/>\nIn a foreign language, groups of up to 20 people: 6000 Ft \/ group<br \/>\nIn a foreign language, groups of more than 20 people: 7000 Ft \/ group<\/p>\n<p>*Guided tours can be booked in advance via email: <a href=\"mailto:galeria@btm.hu\">galeria@btm.hu<\/a>[\/vc_column_text][vc_separator type=&#8221;transparent&#8221; up=&#8221;25&#8243;][vc_column_text]<strong><a href=\"https:\/\/budapestgaleria.hu\/_\/en\/discounts\/\" target=\"_blank\" rel=\"noopener\">CLICK HERE<\/a> for 50% discounts and conditions of free entry<\/strong>[\/vc_column_text][vc_empty_space height=&#8221;70px&#8221;][\/vc_column][\/vc_row][vc_row css_animation=&#8221;&#8221; row_type=&#8221;row&#8221; use_row_as_full_screen_section=&#8221;no&#8221; type=&#8221;full_width&#8221; angled_section=&#8221;no&#8221; text_align=&#8221;left&#8221; background_image_as_pattern=&#8221;without_pattern&#8221; template=&#8221;ism_template_1&#8243; ism_overlock=&#8221;default&#8221; sm_d_text=&#8221;<\/p>\n<h2>This content is locked<\/h2>\n<p>Share This Page To Unlock The Content!&#8221;][vc_column][vc_empty_space][\/vc_column][\/vc_row][vc_row css_animation=&#8221;&#8221; row_type=&#8221;row&#8221; use_row_as_full_screen_section=&#8221;no&#8221; type=&#8221;grid&#8221; angled_section=&#8221;no&#8221; text_align=&#8221;left&#8221; background_image_as_pattern=&#8221;without_pattern&#8221; template=&#8221;ism_template_1&#8243; ism_overlock=&#8221;default&#8221; sm_d_text=&#8221;<\/p>\n<h2>This content is locked<\/h2>\n<p>Share This Page To Unlock The Content!&#8221; bgparallax=&#8221;parallax&#8221; contentwidth=&#8221;fullwidth&#8221; toppadding=&#8221;50&#8243; bottompadding=&#8221;60&#8243;][vc_column width=&#8221;1\/2&#8243; el_class=&#8221;full-1&#8243;][vc_single_image image=&#8221;9629&#8243; img_size=&#8221;full&#8221; alignment=&#8221;center&#8221; qode_css_animation=&#8221;&#8221;][vc_empty_space height=&#8221;20px&#8221;][\/vc_column][vc_column width=&#8221;1\/2&#8243; el_class=&#8221;full-2&#8243;][vc_column_text]<\/p>\n<h4>NEW BUDAPEST GALLERY<\/h4>\n<p class=\"galeria-cim\">1194 Budapest, F\u0151v\u00e1m t\u00e9r 11\u201312., permanently closed<\/p>\n<p>[\/vc_column_text][vc_separator type=&#8221;normal&#8221; up=&#8221;25&#8243; down=&#8221;10&#8243;][\/vc_column][\/vc_row]<\/p>\n<\/div>","protected":false},"excerpt":{"rendered":"<p>[vc_row css_animation=&#8221;&#8221; row_type=&#8221;row&#8221; use_row_as_full_screen_section=&#8221;no&#8221; type=&#8221;full_width&#8221; angled_section=&#8221;no&#8221; text_align=&#8221;left&#8221; background_image_as_pattern=&#8221;without_pattern&#8221; template=&#8221;ism_template_1&#8243; ism_overlock=&#8221;default&#8221; sm_d_text=&#8221; This content is locked&#8230;<\/p>\n","protected":false},"author":1,"featured_media":0,"parent":0,"menu_order":119,"comment_status":"closed","ping_status":"closed","template":"full_width.php","meta":{"inline_featured_image":false,"loftloader_pro_show_once":"","loftloader_pro_page_shortcode":"","footnotes":""},"class_list":["post-9781","page","type-page","status-publish","hentry"],"_links":{"self":[{"href":"https:\/\/budapestgaleria.hu\/_\/en\/wp-json\/wp\/v2\/pages\/9781","targetHints":{"allow":["GET"]}}],"collection":[{"href":"https:\/\/budapestgaleria.hu\/_\/en\/wp-json\/wp\/v2\/pages"}],"about":[{"href":"https:\/\/budapestgaleria.hu\/_\/en\/wp-json\/wp\/v2\/types\/page"}],"author":[{"embeddable":true,"href":"https:\/\/budapestgaleria.hu\/_\/en\/wp-json\/wp\/v2\/users\/1"}],"replies":[{"embeddable":true,"href":"https:\/\/budapestgaleria.hu\/_\/en\/wp-json\/wp\/v2\/comments?post=9781"}],"version-history":[{"count":0,"href":"https:\/\/budapestgaleria.hu\/_\/en\/wp-json\/wp\/v2\/pages\/9781\/revisions"}],"wp:attachment":[{"href":"https:\/\/budapestgaleria.hu\/_\/en\/wp-json\/wp\/v2\/media?parent=9781"}],"curies":[{"name":"wp","href":"https:\/\/api.w.org\/{rel}","templated":true}]}}