{"id":9925,"date":"2015-03-25T14:16:42","date_gmt":"2015-03-25T14:16:42","guid":{"rendered":"http:\/\/budapestgaleria.hu\/_\/?page_id=9925"},"modified":"2023-11-10T15:13:09","modified_gmt":"2023-11-10T14:13:09","slug":"past-exhibitions","status":"publish","type":"page","link":"https:\/\/budapestgaleria.hu\/_\/en\/past-exhibitions\/","title":{"rendered":"Past exhibitions"},"content":{"rendered":"<div class=\"wpb-content-wrapper\"><p>[vc_row css_animation=&#8221;&#8221; seperator_indeed_locker=&#8221;&#8221; row_type=&#8221;row&#8221; use_row_as_full_screen_section=&#8221;no&#8221; type=&#8221;grid&#8221; angled_section=&#8221;no&#8221; text_align=&#8221;left&#8221; background_image_as_pattern=&#8221;without_pattern&#8221; template=&#8221;ism_template_1&#8243; ism_overlock=&#8221;default&#8221; sm_d_text=&#8221;<\/p>\n<h2>This content is locked<\/h2>\n<p>Share This Page To Unlock The Content!&#8221; z_index=&#8221;&#8221;][vc_column][vc_single_image image=&#8221;15046&#8243; img_size=&#8221;full&#8221; qode_css_animation=&#8221;&#8221;][vc_empty_space height=&#8221;10&#8243;][vc_column_text]<\/p>\n<p class=\"kepalairas_cim_jobb\">Katalin Ha\u00e1sz | <em>Sundial,<\/em> 2008; <em>Model for the Series Entitled Brief Story of Time, <\/em>2009 | Creation-Works | Photo: J\u00f3zsef Rosta<\/p>\n<p>[\/vc_column_text][vc_empty_space height=&#8221;45&#8243;][\/vc_column][\/vc_row][vc_row css_animation=&#8221;&#8221; row_type=&#8221;row&#8221; use_row_as_full_screen_section=&#8221;no&#8221; type=&#8221;grid&#8221; angled_section=&#8221;no&#8221; text_align=&#8221;left&#8221; background_image_as_pattern=&#8221;without_pattern&#8221; template=&#8221;ism_template_1&#8243; ism_overlock=&#8221;default&#8221; sm_d_text=&#8221;<\/p>\n<h2>This content is locked<\/h2>\n<p>Share This Page To Unlock The Content!&#8221;][vc_column][vc_column_text]<\/p>\n<h4>Budapest Gallery | Exhibitions<\/h4>\n<p>[\/vc_column_text][vc_empty_space height=&#8221;32&#8243;][vc_accordion style=&#8221;accordion&#8221;][vc_accordion_tab title=&#8221;2023&#8243;][vc_column_text el_class=&#8221;eves-lista&#8221;]<a href=\"https:\/\/budapestgaleria.hu\/_\/en\/2023-exhibitions\/building-or-text\/\">Zs\u00f3fia Sz\u00e1ntay | <em>Building or Text?<\/em><\/a><\/p>\n<p><a href=\"https:\/\/budapestgaleria.hu\/_\/en\/2023-exhibitions\/on-violence\/\"><em>On Violence<\/em><\/a><\/p>\n<p><a href=\"https:\/\/budapestgaleria.hu\/_\/en\/2023-exhibitions\/asterion\/\">\u00c1d\u00e1m Dallos, K\u00e1roly Hopp-Hal\u00e1sz | <em>Asterion<\/em><\/a><\/p>\n<p><a href=\"https:\/\/budapestgaleria.hu\/_\/en\/2023-exhibitions\/rites-of-letting-go\/\">Dorottya V\u00e9kony | <em>Rites of Letting Go<\/em><\/a>[\/vc_column_text][\/vc_accordion_tab][vc_accordion_tab title=&#8221;2022&#8243;][vc_column_text el_class=&#8221;eves-lista&#8221;]<a href=\"https:\/\/budapestgaleria.hu\/_\/en\/2022-kiallitasok\/warmth-of-our-bodies\/\">D\u00e1niel M\u00e1t\u00e9 | <em>Warmth of our Bodies<\/em><\/a><\/p>\n<p><a href=\"https:\/\/budapestgaleria.hu\/_\/en\/2022-kiallitasok\/latent-element\/\">Kamilla Sz\u00edj | <em>Latent Element<\/em><\/a><\/p>\n<p><a href=\"https:\/\/budapestgaleria.hu\/_\/en\/2022-kiallitasok\/borderline-case-2-0\/\"><em>Borderline Case 2.0 &#8211; East-Central Europe, Once Again<\/em><\/a><\/p>\n<p><a href=\"https:\/\/budapestgaleria.hu\/_\/en\/2022-kiallitasok\/muto-ezt-a-vad-mezot-ismerem\/\">M\u0170T\u0150 | <em>This Untamed Field I Know Well<\/em><\/a><\/p>\n<p><a href=\"https:\/\/budapestgaleria.hu\/_\/en\/2022-kiallitasok\/chloe-macary-carney-tony-lavazza-kenes-piramis-otthona\/\">Chlo\u00e9 Macary-Carney | <em>Tony Lavazza&#8217;s Sulphurous Pyramid Home<\/em><\/a><\/p>\n<p><a href=\"https:\/\/budapestgaleria.hu\/_\/en\/2022-kiallitasok\/novenyek-orszaga\/\"><em>Plant Kingdom<\/em><\/a><\/p>\n<p><a href=\"https:\/\/budapestgaleria.hu\/_\/en\/2022-kiallitasok\/andreas-fogarasi-skin-calendar\/\">Andreas Fogarasi | <em>Skin Calendar<\/em><\/a><\/p>\n<p><a href=\"https:\/\/budapestgaleria.hu\/_\/en\/2022-kiallitasok\/variations-for-a-monument\/\">Budapest Spring Festival | <em>Variations on a Monument<\/em><\/a><\/p>\n<p class=\"archive\"><a href=\"https:\/\/budapestgaleria.hu\/_\/en\/2022-kiallitasok\/winterreise\/\">Zsolt Tibor, J\u00falia V\u00e9csei | <em>Winterreise<\/em><\/a><\/p>\n<p class=\"archive\"><a href=\"https:\/\/budapestgaleria.hu\/_\/en\/2022-kiallitasok\/journal-intime\/\">M\u00e1rton Tak\u00e1ts | <em>Journal intime<\/em><\/a><\/p>\n<p>[\/vc_column_text][\/vc_accordion_tab][vc_accordion_tab title=&#8221;2021&#8243;][vc_column_text el_class=&#8221;eves-lista&#8221;]<\/p>\n<p class=\"archive\"><a href=\"https:\/\/budapestgaleria.hu\/_\/en\/2021-exhibitions\/and-mistake-these-walls-for-skin\/\"><em>And Mistake These Walls for Skin<\/em><\/a><\/p>\n<p class=\"archive\"><a href=\"https:\/\/budapestgaleria.hu\/_\/en\/2021-exhibitions\/in-motion\/\"><em>Budapest Dance School &#8211; In Motion<\/em><\/a><\/p>\n<p class=\"archive\"><a href=\"https:\/\/budapestgaleria.hu\/_\/en\/2021-exhibitions\/microtomy\/\"><em>Microtomy<\/em><\/a><\/p>\n<p class=\"archive\"><a href=\"https:\/\/budapestgaleria.hu\/_\/en\/2021-exhibitions\/inventory-of-forgotten-knowledge\/\"><em>Inventory of Forgotten Knowledge<\/em><\/a><\/p>\n<p class=\"archive\"><a href=\"https:\/\/budapestgaleria.hu\/_\/en\/2021-exhibitions\/judit-lilla-molnar-planned-accidental\/\">Judit Lilla Moln\u00e1r | <em>Planned Accidental<\/em><\/a><\/p>\n<p class=\"archive\"><a href=\"https:\/\/budapestgaleria.hu\/_\/en\/2021-exhibitions\/galhidy-peter-natura-morta\/\">P\u00e9ter G\u00e1lhidy | <em>Natura morta<\/em><\/a><\/p>\n<p>[\/vc_column_text][\/vc_accordion_tab][vc_accordion_tab title=&#8221;2020&#8243;][vc_column_text el_class=&#8221;eves-lista&#8221;]<\/p>\n<p class=\"archive\"><a href=\"https:\/\/budapestgaleria.hu\/_\/en\/2020-exhibitions\/light-movement-illusion\/\"><em>Light \u2013 Movement \u2013 Illusion<\/em><\/a><\/p>\n<p class=\"archive\"><a href=\"https:\/\/budapestgaleria.hu\/_\/en\/2020-exhibitions\/little-hungarian-lumino-kinetics\/\"><em>Little Hungarian Lumino-Kinetics<\/em><\/a><\/p>\n<p class=\"archive\"><a href=\"https:\/\/budapestgaleria.hu\/_\/en\/2020-exhibitions\/so-far-so-good\/\"><em>So Far, So Good<\/em><\/a><\/p>\n<p class=\"archive\"><a href=\"https:\/\/budapestgaleria.hu\/_\/en\/2020-exhibitions\/lilla-szasz-greetings-from-my-new-home\/\">Lilla Sz\u00e1sz | <em>Greetings From My New Home<\/em><\/a><\/p>\n<p class=\"archive\"><a href=\"https:\/\/budapestgaleria.hu\/_\/en\/2020-exhibitions\/home-ward-bound-less\/\"><em>HOME\/WARD BOUND\/LESS<\/em><\/a><\/p>\n<p class=\"archive\"><a href=\"https:\/\/budapestgaleria.hu\/_\/en\/2019-exhibitions\/katalin-kaldi-perfect-six\/\">Katalin K\u00e1ldi | <em>The Perfect Six<\/em><\/a><\/p>\n<p>[\/vc_column_text][\/vc_accordion_tab][vc_accordion_tab title=&#8221;2019&#8243;][vc_column_text el_class=&#8221;eves-lista&#8221;]<\/p>\n<p class=\"archive\"><a href=\"https:\/\/budapestgaleria.hu\/_\/en\/2019-exhibitions\/katalin-kaldi-perfect-six\/\">Katalin K\u00e1ldi | <em>The Perfect Six<\/em><\/a><\/p>\n<p class=\"archive\"><a href=\"https:\/\/budapestgaleria.hu\/_\/en\/2019-exhibitions\/camille-juthier-delightful-falls\/\">Camille Juthier | <em>Delightful Falls<\/em><\/a><\/p>\n<p class=\"archive\"><a href=\"https:\/\/budapestgaleria.hu\/_\/en\/2019-exhibitions\/picture-this\/\"><em>PICTURE THIS | selected pasts, subverted facts<\/em><\/a><\/p>\n<p class=\"archive\"><a href=\"https:\/\/budapestgaleria.hu\/_\/en\/2019-exhibitions\/andras-gal-radical-paintings-2008-2018\/\">Andr\u00e1s G\u00e1l | <em>Radical Paintings 2008\u20132018<\/em><\/a><\/p>\n<p class=\"archive\"><a href=\"https:\/\/budapestgaleria.hu\/_\/en\/2019-exhibitions\/gideon-horvath-i-put-my-hand-into-a-beehive\/\">Gideon Horv\u00e1th | <em>I put my hand into a beehive<\/em><\/a><\/p>\n<p class=\"archive\"><a href=\"https:\/\/budapestgaleria.hu\/_\/en\/2019-exhibitions\/among-and-between\/\"><em>Among and Between<\/em><\/a><\/p>\n<p class=\"archive\"><a href=\"https:\/\/budapestgaleria.hu\/_\/en\/2019-exhibitions\/arcana\/\"><em>Arcana<\/em><\/a><\/p>\n<p class=\"archive\"><a href=\"https:\/\/budapestgaleria.hu\/_\/en\/2019-exhibitions\/irregular-order-works-2016-2018\/\"><em>Irregular Order<\/em> | Works, 2016\u20132018 | The Inaugural Exhibition of Works by K\u00e1roly SCHMAL, a full member of the Sz\u00e9chenyi Academy of Letters and Arts<\/a><\/p>\n<p class=\"archive\"><a href=\"https:\/\/budapestgaleria.hu\/_\/en\/2019-exhibitions\/gift\/\"><em>Gift<\/em><\/a><\/p>\n<p class=\"archive\"><a href=\"https:\/\/budapestgaleria.hu\/_\/en\/2018-exhibitions\/the-leverkuhn-equation\/\"><em>The Leverk\u00fchn Equation<\/em><\/a><\/p>\n<p>[\/vc_column_text][\/vc_accordion_tab][vc_accordion_tab title=&#8221;2018&#8243;][vc_column_text el_class=&#8221;eves-lista&#8221;]<\/p>\n<p class=\"archive\"><a href=\"https:\/\/budapestgaleria.hu\/_\/en\/2018-exhibitions\/the-leverkuhn-equation\/\"><em>The Leverk\u00fchn Equation<\/em><\/a><\/p>\n<p class=\"archive\"><a href=\"https:\/\/budapestgaleria.hu\/_\/en\/2018-exhibitions\/orsolya-orshi-drozdik-sensuality-and-matter\/\">ORSOLYA ORSHI DROZDIK | <em>Sensuality and Matter<\/em><\/a><\/p>\n<p class=\"archive\"><a href=\"https:\/\/budapestgaleria.hu\/_\/en\/2018-exhibitions\/private-storage-works-rescues-the-gyarfas-collection\/\"><em>Private Storage \u2013 Works\/Rescues<\/em> \u2013 the Gy\u00e1rf\u00e1s Collection<\/a><\/p>\n<p class=\"archive\"><a href=\"https:\/\/budapestgaleria.hu\/_\/2018-kiallitasok\/ekozben-a-festeszetben\/\"><em>Meanwhile in Painting<\/em> | A Magyar K\u00e9pz\u0151m\u0171v\u00e9szeti Egyetem Kort\u00e1rs M\u0171v\u00e9szetelm\u00e9leti \u00e9s Kur\u00e1tori Ismeretek mesterszakos hallgat\u00f3inak diplomaprojektje<\/a><\/p>\n<p class=\"archive\"><a href=\"https:\/\/budapestgaleria.hu\/_\/en\/2018-exhibitions\/metanoia-lumber-room\/\"><em>METANOIA LUMBER ROOM<\/em><\/a><\/p>\n<p class=\"archive\"><a href=\"https:\/\/budapestgaleria.hu\/_\/en\/2018-exhibitions\/inside-express-4-my-favourite-experiments\/\">ANNA BARNAF\u00d6LDI, LOR\u00c1ND SZ\u00c9CS\u00c9NYI-NAGY | inside express 4. | <em>My Favourite Experiments<\/em><\/a><\/p>\n<p class=\"archive\"><a href=\"https:\/\/budapestgaleria.hu\/_\/en\/2018-exhibitions\/an-exhibition-of-works-by-agnes-von-uray\/\"><em>Turn This Way<\/em> | An exhibition of works by AGNES VON URAY<\/a><\/p>\n<p class=\"archive\"><a href=\"https:\/\/budapestgaleria.hu\/_\/en\/bell-jar-a-thematic-debut-exhibition-of-the-hermina-artist-collective\/\"><em>BELL JAR<\/em> | A thematic debut exhibition of the Hermina Artist Collective<\/a><\/p>\n<p>[\/vc_column_text][\/vc_accordion_tab][vc_accordion_tab title=&#8221;2017&#8243;][vc_column_text el_class=&#8221;eves-lista&#8221;]<\/p>\n<p class=\"archive\"><a href=\"https:\/\/budapestgaleria.hu\/_\/en\/bell-jar-a-thematic-debut-exhibition-of-the-hermina-artist-collective\/\"><em>BELL JAR<\/em> | A thematic debut exhibition of the Hermina Artist Collective<\/a><\/p>\n<p class=\"archive\"><a href=\"https:\/\/budapestgaleria.hu\/_\/en\/2017-exhibitions\/forsaken-utopias\/\"><em>Forsaken Utopias<\/em> | ANDREA KALINOV\u00c1, MONI K. HUBER, CSABA NEMES<\/a><\/p>\n<p class=\"archive\"><a href=\"https:\/\/budapestgaleria.hu\/_\/en\/2017-exhibitions\/gaze-of-thought-an-exhibition-of-works-by-miklos-gaal-and-tibor-iski-kocsis\/\"><em>Gaze of Thought<\/em> | An exhibition of works by MIKLOS GA\u00c1L and TIBOR iSKI KOCSIS<\/a><\/p>\n<p class=\"archive\"><a href=\"https:\/\/budapestgaleria.hu\/_\/en\/2017-exhibitions\/true-copy\/\"><em>TRUE COPY<\/em><\/a><\/p>\n<p class=\"archive\"><a href=\"https:\/\/budapestgaleria.hu\/_\/en\/2017-exhibitions\/varadi-brigitta\/\">BRIGITTA V\u00c1RADI | <em>Marking<\/em><\/a><\/p>\n<p class=\"archive\"><a href=\"https:\/\/budapestgaleria.hu\/_\/en\/2017-exhibitions\/bozso-nora\/\">N\u00d3RA BOZS\u00d3 |<em> \u201cEight may be a three from both directions.\u201d<\/em><\/a><\/p>\n<p class=\"archive\"><a href=\"https:\/\/budapestgaleria.hu\/_\/en\/2017-exhibitions\/appearances-are-deceiving\/\">BLOCK GROUP | K\u00dcNSTLERHAUS WIEN | <em>Appearances are deceiving<\/em><\/a><\/p>\n<p class=\"archive\"><a href=\"https:\/\/budapestgaleria.hu\/_\/en\/2017-exhibitions\/6d-group\/\">PARAMNESIA | <em>The Oppressiveness of the Irrepeatability of Perfection<\/em> | An Exhibition of the 6D Group<\/a><\/p>\n<p class=\"archive\"><a href=\"https:\/\/budapestgaleria.hu\/_\/en\/2017-exhibitions\/timea-varhelyi\/\">An exhibition of works by T\u00cdMEA V\u00c1RHELYI<\/a><\/p>\n<p>[\/vc_column_text][\/vc_accordion_tab][vc_accordion_tab title=&#8221;2016&#8243;][vc_column_text el_class=&#8221;eves-lista&#8221;]<\/p>\n<p class=\"archive\"><a href=\"https:\/\/budapestgaleria.hu\/_\/en\/2016-exhibitions\/studio-58-89\/\"><em>STUDIO &#8217;58-89 \/ A retrospective exhibition of the Studio of Young Artists<\/em><\/a><\/p>\n<p class=\"archive\"><a href=\"https:\/\/budapestgaleria.hu\/_\/en\/2016-exhibitions\/czako-zsolt\/\">ZSOLT CZAK\u00d3 | <em>From White Through Black to White<\/em><\/a><\/p>\n<p class=\"archive\"><a href=\"https:\/\/budapestgaleria.hu\/_\/en\/2016-exhibitions\/lelkes-a-gergely\/\">GERGELY A. LELKES | <em>Mystic Spring<\/em><\/a><\/p>\n<p class=\"archive\"><a href=\"https:\/\/budapestgaleria.hu\/_\/en\/2016-exhibitions\/inside-express-3\/\">inside express III. | ANDI SCHMIED and MARIA PRATTS<\/a><\/p>\n<p class=\"archive\"><a href=\"https:\/\/budapestgaleria.hu\/_\/en\/2016-exhibitions\/paizs-peter\/\">P\u00c9TER PAIZS | <em>Colour-Space-Time \/ Exhibitions 1984\u20132014<\/em><\/a><\/p>\n<p class=\"archive\"><a href=\"https:\/\/budapestgaleria.hu\/_\/en\/2016-exhibitions\/tamas-komoroczky\/\">TAM\u00c1S KOMOR\u00d3CZKY | <em>Logos, Tekhnos, Textos, Videos, Audios, Lajos<\/em><\/a><\/p>\n<p class=\"archive\"><a href=\"https:\/\/budapestgaleria.hu\/_\/en\/2016-exhibitions\/accumulator\/\"><em>Accumulator<\/em><\/a><\/p>\n<p class=\"archive\"><a href=\"https:\/\/budapestgaleria.hu\/_\/en\/2016-exhibitions\/nagy-csilla\/\">CSILLA NAGY | <\/a><em><a href=\"https:\/\/budapestgaleria.hu\/_\/en\/2016-exhibitions\/nagy-csilla\/\">From the House, from the Garden..<\/a>.<\/em><\/p>\n<p class=\"archive\"><a href=\"https:\/\/budapestgaleria.hu\/_\/en\/2016-exhibitions\/suveges-rita\/\">RITA S\u00dcVEGES | <em>Greyfield<\/em><\/a><\/p>\n<p class=\"archive\"><a href=\"https:\/\/budapestgaleria.hu\/_\/en\/2016-exhibitions\/eva-ronai\/\">\u00c9VA R\u00d3NAI | <em>Rescuing Our Forefather<\/em><\/a><\/p>\n<p class=\"archive\"><a href=\"https:\/\/budapestgaleria.hu\/_\/en\/2016-exhibitions\/pokorny-attila\/\">ATTILA POKORNY | <em>Dryer<\/em><\/a><\/p>\n<p>[\/vc_column_text][\/vc_accordion_tab][vc_accordion_tab title=&#8221;2015&#8243;][vc_column_text el_class=&#8221;eves-lista&#8221;]<\/p>\n<p class=\"archive\"><a href=\"https:\/\/budapestgaleria.hu\/_\/en\/2015-exhibitions\/private-nationalism-budapest\/\">Imagined communities, personal imaginations<\/a><\/p>\n<p class=\"archive\"><a href=\"https:\/\/budapestgaleria.hu\/_\/en\/2015-exhibitions\/inside-express-2\/\">inside express II | ORSOLYA BARNA and BENCE GY\u00d6RGY P\u00c1LINK\u00c1S<\/a><\/p>\n<p class=\"archive\"><a href=\"https:\/\/budapestgaleria.hu\/_\/en\/2015-exhibitions\/memory-lake\/\">Memory Lake<\/a><\/p>\n<p class=\"archive\"><a href=\"https:\/\/budapestgaleria.hu\/_\/en\/2015-exhibitions\/eva-krajcsovics\/\">\u00c9VA KRAJCSOVICS | <em>The Explored and the Unexplored<\/em><\/a><\/p>\n<p class=\"archive\"><a href=\"https:\/\/budapestgaleria.hu\/_\/en\/2015-exhibitions\/gabor-lajta\/\">G\u00c1BOR LAJTA | <em>The Lion&#8217;s Tongue<\/em><\/a><\/p>\n<p class=\"archive\"><a href=\"https:\/\/budapestgaleria.hu\/_\/en\/2015-exhibitions\/essl-art-award-cee-2015\/\">ESSL ART AWARD CEE 2015<\/a><\/p>\n<p class=\"archive\"><a href=\"https:\/\/budapestgaleria.hu\/_\/2015-exhibitions\/karoly-chochol-processing-memories\/?lang=en\">K\u00c1ROLY CHOCHOL\u00a0| <em>Processing Memories<\/em><\/a><\/p>\n<p class=\"archive\"><a href=\"https:\/\/budapestgaleria.hu\/_\/2015-exhibitions\/exhibition-of-works-by-karoly-schmal\/?lang=en\">K\u00c1ROLY SCHMAL<\/a><\/p>\n<p class=\"archive\"><a href=\"https:\/\/budapestgaleria.hu\/_\/2015-exhibitions\/an-exhibition-of-works-by-sandor-biro\/?lang=en\">S\u00c1NDOR B\u00cdR\u00d3<\/a><\/p>\n<p class=\"archive\"><a href=\"https:\/\/budapestgaleria.hu\/_\/2015-exhibitions\/creation-works\/?lang=en\">Creation-Works<\/a><\/p>\n<p class=\"archive\"><a href=\"https:\/\/budapestgaleria.hu\/_\/exhibitions-2014-budapest-gallery\/memorylab-photography-challenges-history\/?lang=en\">MemoryLab \u2013 Photography Challenges History<\/a><\/p>\n<p class=\"archive\"><a href=\"https:\/\/budapestgaleria.hu\/_\/exhibitions-2014-budapest-gallery\/retracings-uses-of-archival-material-in-contemporary-photography\/?lang=en\">Retracings \u2013 Uses of Archival Material in Contemporary Photography<\/a><\/p>\n<p>[\/vc_column_text][\/vc_accordion_tab][vc_accordion_tab title=&#8221;2014&#8243;][vc_column_text el_class=&#8221;eves-lista&#8221;]<\/p>\n<p class=\"archive\"><a href=\"https:\/\/budapestgaleria.hu\/_\/exhibitions-2014-budapest-gallery\/peter-tamas-halasz-light-globe\/?lang=en\">P\u00c9TER TAM\u00c1S HAL\u00c1SZ | <em>Light Globe<\/em><\/a><\/p>\n<p class=\"archive\"><a href=\"https:\/\/budapestgaleria.hu\/_\/exhibitions-2014-budapest-gallery\/inside-express-viola-kaulics-viktor-kotun-csaba-szentesi\/?lang=en\">inside express | VIKT\u00d3RIA KAULICS, VIKTOR K\u00d3TUN, CSABA SZENTESI<\/a><\/p>\n<p class=\"archive\"><a href=\"https:\/\/budapestgaleria.hu\/_\/exhibitions-2014-budapest-gallery\/ioan-bunus-bunus\/?lang=en\">IOAN BUNUS | <em> BUNUS<\/em><\/a><\/p>\n<p class=\"archive\"><a href=\"https:\/\/budapestgaleria.hu\/_\/exhibitions-2014-budapest-gallery\/dia-bogi-tamas-juhasz-g-white-and-black\/?lang=en\">DIA B\u00d6GI, TAM\u00c1S JUH\u00c1SZ G.\u00a0|\u00a0<em>Black and White<\/em><\/a><\/p>\n<p class=\"archive\"><a href=\"https:\/\/budapestgaleria.hu\/_\/exhibitions-2014-budapest-gallery\/zdenko-huzjan-the-unnameable\/?lang=en\">ZDENKO HUZJAN | <em>The Unnameable<\/em><\/a><\/p>\n<p class=\"archive\"><a href=\"https:\/\/budapestgaleria.hu\/_\/exhibitions-2014-budapest-gallery\/csilla-bondor-huntingtower-watch\/?lang=en\">CSILLA BONDOR | <em> Huntingtower Watch <\/em><\/a><\/p>\n<p class=\"archive\"><a href=\"https:\/\/budapestgaleria.hu\/_\/exhibitions-2014-budapest-gallery\/andras-vegh-the-two-thousands\/?lang=en\">ANDR\u00c1S V\u00c9GH | <em>The Two Thousands <\/em><\/a><\/p>\n<p class=\"archive\"><a href=\"https:\/\/budapestgaleria.hu\/_\/exhibitions-2014-budapest-gallery\/geza-gorgey-plein-atelier\/?lang=en\">G\u00c9ZA G\u00d6RGEY | <em>Plein atelier<\/em><\/a><\/p>\n<p class=\"archive\"><a href=\"https:\/\/budapestgaleria.hu\/_\/exhibitions-2014-budapest-gallery\/laszlo-molnar-new-paintings\/?lang=en\">L\u00c1SZL\u00d3 MOLN\u00c1R | <em> New Paintings <\/em><\/a><\/p>\n<p>[\/vc_column_text][\/vc_accordion_tab][vc_accordion_tab title=&#8221;2013&#8243;][vc_column_text el_class=&#8221;eves-lista&#8221;]<\/p>\n<p class=\"archive\">J\u00c1NOS VET\u0150 | <em>Witty \/\u00a0NahTe cite<\/em><\/p>\n<p>[\/vc_column_text][\/vc_accordion_tab][\/vc_accordion][\/vc_column][\/vc_row][vc_row css_animation=&#8221;&#8221; row_type=&#8221;row&#8221; use_row_as_full_screen_section=&#8221;no&#8221; type=&#8221;full_width&#8221; angled_section=&#8221;no&#8221; text_align=&#8221;left&#8221; background_image_as_pattern=&#8221;without_pattern&#8221;][vc_column][vc_empty_space height=&#8221;45&#8243;][\/vc_column][\/vc_row]<\/p>\n<\/div>","protected":false},"excerpt":{"rendered":"<p>[vc_row css_animation=&#8221;&#8221; seperator_indeed_locker=&#8221;&#8221; row_type=&#8221;row&#8221; use_row_as_full_screen_section=&#8221;no&#8221; type=&#8221;grid&#8221; angled_section=&#8221;no&#8221; text_align=&#8221;left&#8221; background_image_as_pattern=&#8221;without_pattern&#8221; template=&#8221;ism_template_1&#8243; ism_overlock=&#8221;default&#8221; sm_d_text=&#8221; This content is&#8230;<\/p>\n","protected":false},"author":1,"featured_media":0,"parent":0,"menu_order":70,"comment_status":"closed","ping_status":"closed","template":"full_width.php","meta":{"inline_featured_image":false,"loftloader_pro_show_once":"","loftloader_pro_page_shortcode":"","footnotes":""},"class_list":["post-9925","page","type-page","status-publish","hentry"],"_links":{"self":[{"href":"https:\/\/budapestgaleria.hu\/_\/en\/wp-json\/wp\/v2\/pages\/9925","targetHints":{"allow":["GET"]}}],"collection":[{"href":"https:\/\/budapestgaleria.hu\/_\/en\/wp-json\/wp\/v2\/pages"}],"about":[{"href":"https:\/\/budapestgaleria.hu\/_\/en\/wp-json\/wp\/v2\/types\/page"}],"author":[{"embeddable":true,"href":"https:\/\/budapestgaleria.hu\/_\/en\/wp-json\/wp\/v2\/users\/1"}],"replies":[{"embeddable":true,"href":"https:\/\/budapestgaleria.hu\/_\/en\/wp-json\/wp\/v2\/comments?post=9925"}],"version-history":[{"count":0,"href":"https:\/\/budapestgaleria.hu\/_\/en\/wp-json\/wp\/v2\/pages\/9925\/revisions"}],"wp:attachment":[{"href":"https:\/\/budapestgaleria.hu\/_\/en\/wp-json\/wp\/v2\/media?parent=9925"}],"curies":[{"name":"wp","href":"https:\/\/api.w.org\/{rel}","templated":true}]}}