{"id":10188,"date":"2015-03-31T21:10:41","date_gmt":"2015-03-31T21:10:41","guid":{"rendered":"http:\/\/budapestgaleria.hu\/_\/?page_id=10188"},"modified":"2025-09-29T12:52:39","modified_gmt":"2025-09-29T10:52:39","slug":"rolunk","status":"publish","type":"page","link":"https:\/\/budapestgaleria.hu\/_\/rolunk\/","title":{"rendered":"R\u00f3lunk"},"content":{"rendered":"<div class=\"wpb-content-wrapper\"><p>[vc_row css_animation=&#8221;&#8221; seperator_indeed_locker=&#8221;&#8221; row_type=&#8221;row&#8221; use_row_as_full_screen_section=&#8221;no&#8221; type=&#8221;grid&#8221; angled_section=&#8221;no&#8221; text_align=&#8221;left&#8221; background_image_as_pattern=&#8221;without_pattern&#8221; template=&#8221;ism_template_1&#8243; ism_overlock=&#8221;default&#8221; sm_d_text=&#8221;<\/p>\n<h2>This content is locked<\/h2>\n<p>Share This Page To Unlock The Content!&#8221; z_index=&#8221;&#8221;][vc_column][vc_single_image image=&#8221;21573&#8243; img_size=&#8221;full&#8221; qode_css_animation=&#8221;&#8221;][vc_empty_space height=&#8221;45&#8243;][vc_column_text]<\/p>\n<h1 class=\"cim_1\">R\u00f3lunk<\/h1>\n<p>[\/vc_column_text][vc_empty_space height=&#8221;45&#8243;][\/vc_column][\/vc_row][vc_row css_animation=&#8221;&#8221; row_type=&#8221;row&#8221; use_row_as_full_screen_section=&#8221;no&#8221; type=&#8221;grid&#8221; angled_section=&#8221;no&#8221; text_align=&#8221;left&#8221; background_image_as_pattern=&#8221;without_pattern&#8221; template=&#8221;ism_template_1&#8243; ism_overlock=&#8221;default&#8221; sm_d_text=&#8221;<\/p>\n<h2>This content is locked<\/h2>\n<p>Share This Page To Unlock The Content!&#8221; bgparallax=&#8221;parallax&#8221; contentwidth=&#8221;fullwidth&#8221; toppadding=&#8221;50&#8243; bottompadding=&#8221;60&#8243;][vc_column el_class=&#8221;full-1024-1&#8243;][vc_column_text]A Budapest Gal\u00e9ria a F\u0151v\u00e1ros kort\u00e1rs k\u00e9pz\u0151m\u0171v\u00e9szeti ki\u00e1ll\u00edt\u00f3tere. A gal\u00e9ria programja k\u00e9thavonta v\u00e1ltoz\u00f3 id\u0151szaki ki\u00e1ll\u00edt\u00e1sokb\u00f3l \u00e1ll, amelyek \u00e9rz\u00e9kenyen reag\u00e1lnak a v\u00e1ros \u00e9s a r\u00e9gi\u00f3 aktu\u00e1lis t\u00e1rsadalmi k\u00e9rd\u00e9seire. A ki\u00e1ll\u00edt\u00e1si program egyar\u00e1nt teret ad a fiatal, felt\u00f6rekv\u0151 m\u0171v\u00e9szeknek els\u0151 egy\u00e9ni bemutatkoz\u00e1sukhoz \u00e9s a k\u00f6z\u00e9pgener\u00e1ci\u00f3s alkot\u00f3knak praxisuk sz\u00e9lesk\u00f6r\u0171 megismertet\u00e9s\u00e9hez, de a (f\u0151k\u00e9nt) k\u00f6z\u00e9p-eur\u00f3pai f\u00f3kusz\u00fa nemzetk\u00f6zi, tematikus csoportos t\u00e1rlatokhoz is.[\/vc_column_text][vc_empty_space height=&#8221;25&#8243;][vc_column_text]A ki\u00e1ll\u00edt\u00e1sok rendez\u00e9s\u00e9n t\u00fal a Budapest Gal\u00e9ria fontos tev\u00e9kenys\u00e9ge a <a href=\"https:\/\/budapestgaleria.hu\/_\/muveszcsere-program\/\">m\u0171v\u00e9szcsere program<\/a>, mely sor\u00e1n a hazai k\u00e9pz\u0151m\u0171v\u00e9szeknek \u00e9s kur\u00e1toroknak lehet\u0151s\u00e9ge van, hogy a gal\u00e9ria nemzetk\u00f6zi partnerint\u00e9zm\u00e9nyein\u00e9l t\u00f6ltsenek egy- vagy k\u00e9th\u00f3napos rezidenci\u00e1t, a k\u00fclf\u00f6ldi k\u00e9pz\u0151m\u0171v\u00e9szeknek pedig, hogy a f\u0151v\u00e1rosba utazhassanak \u00e9s itt b\u0151v\u00edthess\u00e9k m\u0171v\u00e9szeti gyakorlatukat, kapcsolatrendszer\u00fcket.[\/vc_column_text][vc_empty_space height=&#8221;25&#8243;][vc_column_text]Programok tekintet\u00e9ben nagy hangs\u00falyt fektet a gal\u00e9ria az eduk\u00e1ci\u00f3ra. K\u00fcl\u00f6nb\u00f6z\u0151 koroszt\u00e1ly\u00fa gyerekeknek, \u00f3vodai \u00e9s iskol\u00e1s csoportoknak, de feln\u0151tteknek is rendszeresen szerveznek a gal\u00e9ria munkat\u00e1rsai <a href=\"https:\/\/budapestgaleria.hu\/_\/muzeumpedagogia-budapest-galeria\/\">m\u0171v\u00e9szetpedag\u00f3giai foglalkoz\u00e1sok<\/a>at \u2013 a ki\u00e1ll\u00edt\u00e1sokhoz kapcsol\u00f3dva \u00e9s azon t\u00fal is. Az egy hetes tematikus t\u00e1borok minden ny\u00e1ron v\u00e1rj\u00e1k az alkotni v\u00e1gy\u00f3 gyermekeket.[\/vc_column_text][vc_empty_space height=&#8221;25&#8243;][vc_column_text css=&#8221;&#8221;]A Budapest Gal\u00e9ria k\u00e9t oszt\u00e1lyb\u00f3l \u00e1ll, a kort\u00e1rs m\u0171v\u00e9szeti ki\u00e1ll\u00edt\u00e1sok\u00e9rt, kapcsol\u00f3d\u00f3 rendezv\u00e9nyek\u00e9rt \u00e9s a m\u0171v\u00e9szcsere program\u00e9rt felel\u0151s Ki\u00e1ll\u00edt\u00e1si Oszt\u00e1lyb\u00f3l \u00e9s a F\u0151v\u00e1rosi \u00d6nkorm\u00e1nyzat tulajdon\u00e1t k\u00e9pez\u0151 k\u00f6zt\u00e9ri szobrok \u00e9s eml\u00e9km\u0171vek fel\u00e1ll\u00edt\u00e1s\u00e1ban, gondoz\u00e1s\u00e1ban \u00e9s karbantart\u00e1s\u00e1ban illet\u00e9kes <a href=\"https:\/\/budapestgaleria.hu\/_\/kozteri-muveszeti-osztaly\/\">K\u00f6zt\u00e9ri M\u0171v\u00e9szeti Oszt\u00e1ly<\/a>b\u00f3l.[\/vc_column_text][vc_empty_space height=&#8221;25&#8243;][vc_column_text css=&#8221;&#8221;]A gal\u00e9ria szervezeti egys\u00e9g\u00e9hez tartozik a szint\u00e9n \u00f3budai <a href=\"https:\/\/budapestgaleria.hu\/_\/varga-imre-gyujtemeny\/\">Varga Imre Gy\u0171jtem\u00e9ny<\/a>, amely a szobr\u00e1szm\u0171v\u00e9sz \u00e9letm\u0171v\u00e9t \u00e9s hagyat\u00e9k\u00e1t mutatja be \u00e1lland\u00f3 ki\u00e1ll\u00edt\u00e1s form\u00e1j\u00e1ban.[\/vc_column_text][vc_empty_space height=&#8221;25&#8243;][vc_column_text css=&#8221;&#8221;]A Budapest Gal\u00e9ria a <a href=\"http:\/\/www.btm.hu\/\">Budapesti T\u00f6rt\u00e9neti M\u00fazeum<\/a> tagint\u00e9zm\u00e9nye.[\/vc_column_text][vc_empty_space height=&#8221;25&#8243;][vc_single_image image=&#8221;23713&#8243; img_size=&#8221;full&#8221; alignment=&#8221;center&#8221; css=&#8221;&#8221; qode_css_animation=&#8221;&#8221;][\/vc_column][\/vc_row][vc_row css_animation=&#8221;&#8221; row_type=&#8221;row&#8221; use_row_as_full_screen_section=&#8221;no&#8221; type=&#8221;full_width&#8221; angled_section=&#8221;no&#8221; text_align=&#8221;left&#8221; background_image_as_pattern=&#8221;without_pattern&#8221;][vc_column][vc_empty_space][vc_empty_space][\/vc_column][\/vc_row]<\/p>\n<\/div>","protected":false},"excerpt":{"rendered":"<p>[vc_row css_animation=&#8221;&#8221; seperator_indeed_locker=&#8221;&#8221; row_type=&#8221;row&#8221; use_row_as_full_screen_section=&#8221;no&#8221; type=&#8221;grid&#8221; angled_section=&#8221;no&#8221; text_align=&#8221;left&#8221; background_image_as_pattern=&#8221;without_pattern&#8221; template=&#8221;ism_template_1&#8243; ism_overlock=&#8221;default&#8221; sm_d_text=&#8221; This content is&#8230;<\/p>\n","protected":false},"author":1,"featured_media":0,"parent":0,"menu_order":128,"comment_status":"closed","ping_status":"closed","template":"full_width.php","meta":{"inline_featured_image":false,"loftloader_pro_show_once":"","loftloader_pro_page_shortcode":"","footnotes":""},"class_list":["post-10188","page","type-page","status-publish","hentry"],"_links":{"self":[{"href":"https:\/\/budapestgaleria.hu\/_\/wp-json\/wp\/v2\/pages\/10188","targetHints":{"allow":["GET"]}}],"collection":[{"href":"https:\/\/budapestgaleria.hu\/_\/wp-json\/wp\/v2\/pages"}],"about":[{"href":"https:\/\/budapestgaleria.hu\/_\/wp-json\/wp\/v2\/types\/page"}],"author":[{"embeddable":true,"href":"https:\/\/budapestgaleria.hu\/_\/wp-json\/wp\/v2\/users\/1"}],"replies":[{"embeddable":true,"href":"https:\/\/budapestgaleria.hu\/_\/wp-json\/wp\/v2\/comments?post=10188"}],"version-history":[{"count":0,"href":"https:\/\/budapestgaleria.hu\/_\/wp-json\/wp\/v2\/pages\/10188\/revisions"}],"wp:attachment":[{"href":"https:\/\/budapestgaleria.hu\/_\/wp-json\/wp\/v2\/media?parent=10188"}],"curies":[{"name":"wp","href":"https:\/\/api.w.org\/{rel}","templated":true}]}}