{"id":10257,"date":"2015-04-05T15:30:03","date_gmt":"2015-04-05T15:30:03","guid":{"rendered":"http:\/\/budapestgaleria.hu\/_\/?page_id=10257"},"modified":"2026-02-26T16:13:53","modified_gmt":"2026-02-26T15:13:53","slug":"biralati-munka","status":"publish","type":"page","link":"https:\/\/budapestgaleria.hu\/_\/kozteri-muveszeti-osztaly\/biralati-munka\/","title":{"rendered":"B\u00edr\u00e1lati munka"},"content":{"rendered":"<div class=\"wpb-content-wrapper\"><p>[vc_row css_animation=&#8221;&#8221; seperator_indeed_locker=&#8221;&#8221; row_type=&#8221;row&#8221; use_row_as_full_screen_section=&#8221;no&#8221; type=&#8221;grid&#8221; angled_section=&#8221;no&#8221; text_align=&#8221;left&#8221; background_image_as_pattern=&#8221;without_pattern&#8221; template=&#8221;ism_template_1&#8243; ism_overlock=&#8221;default&#8221; sm_d_text=&#8221;<\/p>\n<h2>This content is locked<\/h2>\n<p>Share This Page To Unlock The Content!&#8221; z_index=&#8221;&#8221;][vc_column][vc_single_image image=&#8221;10287&#8243; img_size=&#8221;full&#8221; qode_css_animation=&#8221;&#8221;][vc_empty_space height=&#8221;45px&#8221;][\/vc_column][\/vc_row][vc_row css_animation=&#8221;&#8221; seperator_indeed_locker=&#8221;&#8221; row_type=&#8221;row&#8221; use_row_as_full_screen_section=&#8221;no&#8221; type=&#8221;grid&#8221; angled_section=&#8221;no&#8221; text_align=&#8221;left&#8221; background_image_as_pattern=&#8221;without_pattern&#8221; template=&#8221;ism_template_1&#8243; ism_overlock=&#8221;default&#8221; sm_d_text=&#8221;<\/p>\n<h2>This content is locked<\/h2>\n<p>Share This Page To Unlock The Content!&#8221; z_index=&#8221;&#8221;][vc_column][vc_column_text css=&#8221;&#8221;]A k\u00f6zt\u00e9ri m\u0171alkot\u00e1sok <strong>(csak a f\u0151v\u00e1rosi tulajdon\u00fa k\u00f6zter\u00fcleten vagy \u00e9p\u00fcleten)<\/strong> tervb\u00edr\u00e1lata \u00e9s szakv\u00e9lem\u00e9ny kiad\u00e1sa Budapesten a Budapesti T\u00f6rt\u00e9neti M\u00fazeumn\u00e1l rendelhet\u0151 meg, id\u0151pont-egyeztet\u00e9s \u00e9s lev\u00e9lminta a Budapest Gal\u00e9ria K\u00f6zt\u00e9ri M\u0171v\u00e9szeti Alkot\u00e1sok Oszt\u00e1ly\u00e1n\u00e1l ig\u00e9nyelhet\u0151 (galeria@btm.hu, \u00e9s\/vagy szerdahelyi.mark@btm.hu, illetve +36\/1-487-8840.<\/p>\n<p>A tervb\u00edr\u00e1lat megrendel\u00e9s\u00e9vel a zs\u0171rit megrendel\u0151 szem\u00e9ly\/int\u00e9zm\u00e9ny k\u00f6telezetts\u00e9get v\u00e1llal a d\u00edjszab\u00e1sban meghat\u00e1rozott b\u00edr\u00e1lati d\u00edjr\u00f3l ki\u00e1ll\u00edtott sz\u00e1mla befogad\u00e1s\u00e1ra.[\/vc_column_text][vc_empty_space height=&#8221;45px&#8221;][vc_column_text]<\/p>\n<h4>A k\u00f6zt\u00e9ri k\u00e9pz\u0151m\u0171v\u00e9szeti alkot\u00e1sok megval\u00f3s\u00edt\u00e1s\u00e1nak elj\u00e1r\u00e1si rendje<\/h4>\n<p>[\/vc_column_text][vc_empty_space][\/vc_column][\/vc_row][vc_row css_animation=&#8221;&#8221; seperator_indeed_locker=&#8221;&#8221; row_type=&#8221;row&#8221; use_row_as_full_screen_section=&#8221;no&#8221; type=&#8221;grid&#8221; angled_section=&#8221;no&#8221; text_align=&#8221;left&#8221; background_image_as_pattern=&#8221;without_pattern&#8221; template=&#8221;ism_template_1&#8243; ism_overlock=&#8221;default&#8221; sm_d_text=&#8221;<\/p>\n<h2>This content is locked<\/h2>\n<p>Share This Page To Unlock The Content!&#8221; z_index=&#8221;&#8221;][vc_column css=&#8221;.vc_custom_1428662656449{padding-left: 20px !important;}&#8221;][vc_column_text]<\/p>\n<ol>\n<li style=\"font-weight: normal; margin-bottom: 15px;\">A kezdem\u00e9nyez\u0151 meghat\u00e1rozza a k\u00f6zt\u00e9ri szobor\u00e1ll\u00edt\u00e1s c\u00e9lj\u00e1t, a k\u00e9pz\u0151m\u0171v\u00e9szeti alkot\u00e1s t\u00e9m\u00e1j\u00e1t, jelleg\u00e9t, volumen\u00e9t, a beruh\u00e1z\u00e1s k\u00f6lts\u00e9gkeret\u00e9t, a tervezett helysz\u00edn helyt\u00f6rt\u00e9neti, v\u00e1rosk\u00e9pi \u00e9s m\u0171szaki alkalmass\u00e1g\u00e1t az alkot\u00e1s befogad\u00e1s\u00e1ra. Nagyobb volumen\u0171 alkot\u00e1s eset\u00e9n a BTM Budapest Gal\u00e9ria \u2013 k\u00e9r\u00e9sre \u2013 szakmai seg\u00edts\u00e9get ny\u00fajt nyilv\u00e1nos vagy megh\u00edv\u00e1sos p\u00e1ly\u00e1zat ki\u00edr\u00e1s\u00e1ban, a megfelel\u0151 helysz\u00edn kiv\u00e1laszt\u00e1s\u00e1ban, t\u00e1j\u00e9koztatja a kezdem\u00e9nyez\u0151t a sz\u00fcks\u00e9ges dokumentumok (a felirat sz\u00f6vegez\u00e9se, helysz\u00ednrajz, \u00e9p\u00edt\u00e9szeti \u00e9s k\u00f6rnyezetterv, tulajdonosi hozz\u00e1j\u00e1rul\u00e1s, \u00e9p\u00edt\u00e9si enged\u00e9ly, stb.) elk\u00e9sz\u00edttet\u00e9s\u00e9nek, illetve beszerz\u00e9s\u00e9nek m\u00f3dj\u00e1r\u00f3l, a megval\u00f3s\u00edt\u00e1s el\u0151rel\u00e1that\u00f3 k\u00f6lts\u00e9geir\u0151l (alapd\u00edj: 1 terv budapesti helysz\u00ednen v\u00e9gzett b\u00edr\u00e1lata 2022. szeptember 15-t\u0151l 120 ezer Ft +\u00c1FA). K\u00e9r\u00e9sre a p\u00e1ly\u00e1zat lebonyol\u00edt\u00e1s\u00e1t megszervezi a ki\u00edr\u00e1st\u00f3l a p\u00e1ly\u00e1zati anyag b\u00edr\u00e1lat\u00e1ig (a p\u00e1ly\u00e1zati anyag b\u00edr\u00e1lat\u00e1nak k\u00f6lts\u00e9ge p\u00e1lyam\u0171vek sz\u00e1m\u00e1nak f\u00fcggv\u00e9ny\u00e9ben alakul).alapd\u00edj: 1 terv budapesti helysz\u00ednen v\u00e9gzett b\u00edr\u00e1lata 2022. szeptember 15-t\u0151l 120 ezer Ft +\u00c1FA<b>,<\/b>\u00a0<b>az \u00e1rszab\u00e1sr\u00f3l l\u00e1sd b\u0151vebben:<\/b>\u00a0<b>LINK<\/b><\/li>\n<li style=\"font-weight: normal; margin-bottom: 15px;\">A kiv\u00e1lasztott m\u0171v\u00e9sszel a beruh\u00e1z\u00f3 szerz\u0151d\u00e9st k\u00f6t az alkot\u00e1s tervez\u00e9s\u00e9re.<\/li>\n<li style=\"font-weight: normal; margin-bottom: 15px;\">A tervezett alkot\u00e1s jelleg\u00e9nek megfelel\u0151, b\u00edr\u00e1lhat\u00f3 l\u00e9pt\u00e9k\u0171 terv \u00e9s\/vagy tervdokument\u00e1ci\u00f3 elk\u00e9sz\u00fclte ut\u00e1n a Budapest Gal\u00e9ria szakmai b\u00edr\u00e1l\u00f3 bizotts\u00e1got h\u00edv \u00f6ssze. A b\u00edr\u00e1l\u00f3 bizotts\u00e1gban szobr\u00e1sz, sz\u00fcks\u00e9g szerint \u00e9p\u00edt\u00e9sz, m\u0171v\u00e9szett\u00f6rt\u00e9n\u00e9sz, t\u00f6rt\u00e9n\u00e9sz szak\u00e9rt\u0151k fejtik ki v\u00e9lem\u00e9ny\u00fcket a tervr\u0151l. A b\u00edr\u00e1l\u00f3 bizotts\u00e1g \u00fcl\u00e9s\u00e9n k\u00e9sz\u00fclt jegyz\u0151k\u00f6nyv alapj\u00e1n a Budapest Gal\u00e9ria szakv\u00e9lem\u00e9nyt ad ki. A szakv\u00e9lem\u00e9nyt a d\u00edjszab\u00e1sban meghat\u00e1rozott zs\u0171ri-d\u00edjr\u00f3l ki\u00e1ll\u00edtott sz\u00e1ml\u00e1val egy\u00fctt a BTM titk\u00e1rs\u00e1ga post\u00e1zza a megrendel\u0151nek.<\/li>\n<li style=\"font-weight: normal; margin-bottom: 15px;\">A k\u00f6zt\u00e9ri alkot\u00e1s <strong>(csak a f\u0151v\u00e1rosi tulajdon\u00fa k\u00f6zter\u00fcleten vagy \u00e9p\u00fcleten) <\/strong>kivitelez\u00e9s\u00e9r\u0151l a megrendel\u0151\/beruh\u00e1z\u00f3 \u00e9s a m\u0171 alkot\u00f3ja k\u00f6z\u00f6sen d\u00f6nt. A k\u00e9sz m\u0171 fel\u00e1ll\u00edt\u00e1s\u00e1t k\u00f6vet\u0151en \u2013 ig\u00e9ny szerint, k\u00fcl\u00f6n megrendel\u00e9sre \u2013 a Budapest Gal\u00e9ria k\u00e9sz m\u0171 \u00e1tv\u00e9teli zs\u0171rit h\u00edv \u00f6ssze.\u00a0Ha a k\u00f6zt\u00e9ri k\u00e9pz\u0151m\u0171v\u00e9szeti alkot\u00e1s a F\u0151v\u00e1rosi \u00d6nkorm\u00e1nyzat k\u00f6lts\u00e9gvet\u00e9s\u00e9vel k\u00e9sz\u00fcl, a beruh\u00e1z\u00f3i sz\u00e1nd\u00e9kot a F\u0151v\u00e1rosi \u00d6nkorm\u00e1nyzat K\u00f6zgy\u0171l\u00e9s\u00e9nek elfogad\u00f3 hat\u00e1rozata alapj\u00e1n kiadott enged\u00e9lyokirat r\u00f6gz\u00edti. Ebben az esetben a fent eml\u00edtett el\u0151k\u00e9sz\u00edt\u0151 munk\u00e1latokon (p\u00e1ly\u00e1zat \u00e9s m\u0171b\u00edr\u00e1lat lebonyol\u00edt\u00e1sa, szakv\u00e9lem\u00e9ny kiad\u00e1sa) k\u00edv\u00fcl az alkot\u00f3val k\u00f6tend\u0151 szerz\u0151d\u00e9s lebonyol\u00edt\u00e1s\u00e1t \u00e9s a kivitelez\u00e9s ir\u00e1ny\u00edt\u00e1s\u00e1t (tervek elk\u00e9sz\u00edttet\u00e9se, enged\u00e9lyek beszerz\u00e9se, kivitelez\u0151k p\u00e1ly\u00e1ztat\u00e1sa, az \u00e9p\u00edt\u00e9s m\u0171vezet\u00e9se, stb.) szint\u00e9n a Budapest Gal\u00e9ria v\u00e9gzi.<\/li>\n<li style=\"font-weight: normal; margin-bottom: 15px;\">A<strong> f\u0151v\u00e1rosi tulajdon\u00fa k\u00f6zter\u00fcleten vagy \u00e9p\u00fcleten<\/strong> aj\u00e1nd\u00e9k szobrok k\u00f6zt\u00e9ri elhelyez\u00e9se eset\u00e9n a Budapest Gal\u00e9ria a fenti elj\u00e1r\u00e1si rend szerint ad ki szakv\u00e9lem\u00e9nyt, \u00e9s k\u00e9r\u00e9sre konzult\u00e1l a helysz\u00edn kiv\u00e1laszt\u00e1s\u00e1ban.<\/li>\n<\/ol>\n<p><!--more--><\/p>\n<p><!--more-->[\/vc_column_text][\/vc_column][\/vc_row][vc_row css_animation=&#8221;&#8221; seperator_indeed_locker=&#8221;&#8221; row_type=&#8221;row&#8221; use_row_as_full_screen_section=&#8221;no&#8221; type=&#8221;grid&#8221; angled_section=&#8221;no&#8221; text_align=&#8221;left&#8221; background_image_as_pattern=&#8221;without_pattern&#8221; template=&#8221;ism_template_1&#8243; ism_overlock=&#8221;default&#8221; sm_d_text=&#8221;<\/p>\n<h2>This content is locked<\/h2>\n<p>Share This Page To Unlock The Content!&#8221; z_index=&#8221;&#8221;][vc_column][vc_empty_space height=&#8221;25px&#8221;][vc_column_text]<\/p>\n<h5>A b\u00edr\u00e1lat felt\u00e9telei \u00e9s szab\u00e1lyai<\/h5>\n<p>[\/vc_column_text][vc_empty_space height=&#8221;10px&#8221;][\/vc_column][\/vc_row][vc_row css_animation=&#8221;&#8221; seperator_indeed_locker=&#8221;&#8221; row_type=&#8221;row&#8221; use_row_as_full_screen_section=&#8221;no&#8221; type=&#8221;grid&#8221; angled_section=&#8221;no&#8221; text_align=&#8221;left&#8221; background_image_as_pattern=&#8221;without_pattern&#8221; template=&#8221;ism_template_1&#8243; ism_overlock=&#8221;default&#8221; sm_d_text=&#8221;<\/p>\n<h2>This content is locked<\/h2>\n<p>Share This Page To Unlock The Content!&#8221; z_index=&#8221;&#8221;][vc_column css=&#8221;.vc_custom_1428662656449{padding-left: 20px !important;}&#8221;][vc_column_text]<i class=\"icon-record\" style=\"display:inline;font-size:10px;color:#333\" ><\/i> egyedi m\u0171b\u00edr\u00e1lat eset\u00e9n legal\u00e1bb k\u00e9t szak\u00e9rt\u0151 v\u00e9lem\u00e9nynyilv\u00e1n\u00edt\u00e1sa sz\u00fcks\u00e9ges<\/p>\n<p><i class=\"icon-record\" style=\"display:inline;font-size:10px;color:#333\" ><\/i> p\u00e1ly\u00e1zati anyag b\u00edr\u00e1lat\u00e1hoz, a t\u00e9ma \u00e9s a l\u00e9tes\u00edtend\u0151 m\u0171 volumen\u00e9t\u0151l f\u00fcgg\u0151en, 2-5 szak\u00e9rt\u0151 megh\u00edv\u00e1sa sz\u00fcks\u00e9ges<\/p>\n<p><i class=\"icon-record\" style=\"display:inline;font-size:10px;color:#333\" ><\/i> a Budapest Gal\u00e9ria saj\u00e1t szak\u00e9rt\u0151ivel folytatott konzult\u00e1ci\u00f3 ingyenes<\/p>\n<p><i class=\"icon-record\" style=\"display:inline;font-size:10px;color:#333\" ><\/i> a szak\u00e9rt\u0151k sz\u00e1m\u00e1ra kifizetend\u0151 d\u00edjak a b\u00edr\u00e1latot kezdem\u00e9nyez\u0151 megrendel\u0151 r\u00e9sz\u00e9re tov\u00e1bbsz\u00e1ml\u00e1zand\u00f3k oly m\u00f3don, hogy a Budapesti T\u00f6rt\u00e9neti M\u00fazeum egy\u00e9b r\u00e1ford\u00edtott k\u00f6lts\u00e9gei is megt\u00e9r\u00fcljenek<\/p>\n<p><i class=\"icon-record\" style=\"display:inline;font-size:10px;color:#333\" ><\/i> amennyiben olyan szak\u00e9rt\u0151 felk\u00e9r\u00e9s\u00e9re ker\u00fcl sor, aki nem sz\u00e1mlak\u00e9pes, vagy a leadott sz\u00e1ml\u00e1ja ut\u00e1n j\u00e1rul\u00e9kfizet\u00e9si k\u00f6telezetts\u00e9g mer\u00fcl fel, a szak\u00e9rt\u0151i d\u00edj alap\u00f6sszege a j\u00e1rul\u00e9kok \u00f6sszeg\u00e9vel megemelkedik<\/p>\n<p><i class=\"icon-record\" style=\"display:inline;font-size:10px;color:#333\" ><\/i> nem budapesti b\u00edr\u00e1lati helysz\u00edn eset\u00e9n a d\u00edjszab\u00e1sban jelzett b\u00edr\u00e1lati d\u00edj a szem\u00e9lysz\u00e1ll\u00edt\u00e1s d\u00edj\u00e1val megemelve ker\u00fcl kisz\u00e1ml\u00e1z\u00e1sra[\/vc_column_text][vc_empty_space height=&#8221;45px&#8221;][\/vc_column][\/vc_row]<\/p>\n<\/div>","protected":false},"excerpt":{"rendered":"<p>[vc_row css_animation=&#8221;&#8221; seperator_indeed_locker=&#8221;&#8221; row_type=&#8221;row&#8221; use_row_as_full_screen_section=&#8221;no&#8221; type=&#8221;grid&#8221; angled_section=&#8221;no&#8221; text_align=&#8221;left&#8221; background_image_as_pattern=&#8221;without_pattern&#8221; template=&#8221;ism_template_1&#8243; ism_overlock=&#8221;default&#8221; sm_d_text=&#8221; This content is&#8230;<\/p>\n","protected":false},"author":1,"featured_media":0,"parent":20567,"menu_order":122,"comment_status":"closed","ping_status":"closed","template":"full_width.php","meta":{"inline_featured_image":false,"loftloader_pro_show_once":"","loftloader_pro_page_shortcode":"","footnotes":""},"class_list":["post-10257","page","type-page","status-publish","hentry"],"_links":{"self":[{"href":"https:\/\/budapestgaleria.hu\/_\/wp-json\/wp\/v2\/pages\/10257","targetHints":{"allow":["GET"]}}],"collection":[{"href":"https:\/\/budapestgaleria.hu\/_\/wp-json\/wp\/v2\/pages"}],"about":[{"href":"https:\/\/budapestgaleria.hu\/_\/wp-json\/wp\/v2\/types\/page"}],"author":[{"embeddable":true,"href":"https:\/\/budapestgaleria.hu\/_\/wp-json\/wp\/v2\/users\/1"}],"replies":[{"embeddable":true,"href":"https:\/\/budapestgaleria.hu\/_\/wp-json\/wp\/v2\/comments?post=10257"}],"version-history":[{"count":1,"href":"https:\/\/budapestgaleria.hu\/_\/wp-json\/wp\/v2\/pages\/10257\/revisions"}],"predecessor-version":[{"id":24695,"href":"https:\/\/budapestgaleria.hu\/_\/wp-json\/wp\/v2\/pages\/10257\/revisions\/24695"}],"up":[{"embeddable":true,"href":"https:\/\/budapestgaleria.hu\/_\/wp-json\/wp\/v2\/pages\/20567"}],"wp:attachment":[{"href":"https:\/\/budapestgaleria.hu\/_\/wp-json\/wp\/v2\/media?parent=10257"}],"curies":[{"name":"wp","href":"https:\/\/api.w.org\/{rel}","templated":true}]}}