{"id":10364,"date":"2015-04-07T14:15:16","date_gmt":"2015-04-07T14:15:16","guid":{"rendered":"http:\/\/budapestgaleria.hu\/_\/?page_id=10364"},"modified":"2017-02-23T06:43:51","modified_gmt":"2017-02-23T06:43:51","slug":"3-kerulet","status":"publish","type":"page","link":"https:\/\/budapestgaleria.hu\/_\/kozteri-muveszeti-osztaly\/muvek-budapesten\/3-kerulet\/","title":{"rendered":"III. ker\u00fclet"},"content":{"rendered":"<div class=\"wpb-content-wrapper\"><p>[vc_row template=&#8221;ism_template_1&#8243; ism_overlock=&#8221;default&#8221; sm_d_text=&#8221;<\/p>\n<h2>This content is locked<\/h2>\n<p>Share This Page To Unlock The Content!&#8221; row_type=&#8221;row&#8221; use_row_as_full_screen_section=&#8221;no&#8221; type=&#8221;full_width&#8221; angled_section=&#8221;no&#8221; text_align=&#8221;left&#8221; background_image_as_pattern=&#8221;without_pattern&#8221; css_animation=&#8221;&#8221;][vc_column el_class=&#8221;full-1024-1&#8243;][vc_empty_space height=&#8221;15px&#8221;][vc_column_text]<\/p>\n<p>[shortmenu menu=&#8221;Ker\u00fcletek&#8221; display=&#8221;inline&#8221; enhance=&#8221;true&#8221; menu_color=&#8221;#efefef&#8221; menu_anchor_color=&#8221;#4e4e4e&#8221; menu_anchor_hover_color=&#8221;#dd5656&#8243; submenu_transparency=&#8221;0.8&#8243; arrow=&#8221;true&#8221; is_responsive=&#8221;false&#8221; ]<\/p>\n<p>[\/vc_column_text][vc_empty_space][vc_column_text]<\/p>\n<p><strong>III. ker\u00fclet<\/strong><\/p>\n<p>[\/vc_column_text][vc_empty_space][vc_column_text]<\/p>\n<p>[put_wpgm id=11]<\/p>\n<p>[\/vc_column_text][vc_empty_space][\/vc_column][\/vc_row][vc_row template=&#8221;ism_template_1&#8243; ism_overlock=&#8221;default&#8221; sm_d_text=&#8221;<\/p>\n<h2>This content is locked<\/h2>\n<p>Share This Page To Unlock The Content!&#8221; row_type=&#8221;row&#8221; use_row_as_full_screen_section=&#8221;no&#8221; type=&#8221;full_width&#8221; angled_section=&#8221;no&#8221; text_align=&#8221;left&#8221; background_image_as_pattern=&#8221;without_pattern&#8221; css_animation=&#8221;&#8221; bgparallax=&#8221;parallax&#8221; contentwidth=&#8221;fullwidth&#8221; toppadding=&#8221;50&#8243; bottompadding=&#8221;60&#8243;][vc_column el_class=&#8221;full-1024-1&#8243;][vc_empty_space][vc_column_text]<\/p>\n<p class=\"szoborleiras\">A fel\u00e1ll\u00edt\u00e1s helye: III., \u00c1ngel Sanz Briz \u00fat<br \/>\nAlkot\u00f3: M\u00e1th\u00e9 Kriszti\u00e1n<br \/>\nC\u00edm: \u00c1ngel Sanz Briz<br \/>\nJelleg: eml\u00e9kk\u0151<br \/>\nAnyag: gr\u00e1nit<br \/>\nA fel\u00e1ll\u00edt\u00e1s ideje: 2015<br \/>\n\u00c1ll\u00edttat\u00f3: Spanyol Kir\u00e1lys\u00e1g Nagyk\u00f6vets\u00e9ge<br \/>\nFelirat: \u201d a vil\u00e1g igaza\u201d \/ (1910-1980) \/ spanyol diplomata \/ 1944-ben budapesten \/ a spanyol k\u00f6vets\u00e9g \/ munkat\u00e1rsaival \/ \u00e9s seg\u00edt\u0151ivel k\u00f6z\u00f6sen \/ t\u00f6bb mint 5000 magyar zsid\u00f3 \/ \u00e9let\u00e9t mentette meg \/ a n\u00e1ci \u00fcld\u00f6ztet\u00e9st\u0151l. \/ \u201e\u2026ne l\u00e9gy t\u00e9tlen, \/ ha felebar\u00e1tod v\u00e9r\u00e9t ontj\u00e1k\u2026\/ (3m\u00f3z. 19:16) \/ spanyol nagyk\u00f6vets\u00e9g, 2015<\/p>\n<p class=\"szoborleiras\">Fel\u00e1ll\u00edt\u00e1s helye: III., \u00c1rp\u00e1d fejedelem \u00fatja 66.<br \/>\nAlkot\u00f3: V\u00edgh Tam\u00e1s<br \/>\nC\u00edm: NAGY L\u00c1SZL\u00d3-EML\u00c9K<br \/>\nJelleg: eml\u00e9km\u0171<br \/>\nAnyag: bronz, m\u00e9szk\u0151<br \/>\nFel\u00e1ll\u00edt\u00e1s ideje: 1990<br \/>\n\u00c1ll\u00edttat\u00f3k: F\u0151v\u00e1rosi Tan\u00e1cs; III. ker\u00fcleti Tan\u00e1cs<br \/>\nMegjegyz\u00e9sek:<\/p>\n<p class=\"szoborleiras\">Fel\u00e1ll\u00edt\u00e1s helye: III., B\u00e9csi \u00fat 134.<br \/>\nAlkot\u00f3: Varga L\u00e1szl\u00f3<br \/>\nC\u00edm: THOMAS MANN<br \/>\nJelleg: mellszobor<br \/>\nAnyag: bronz<br \/>\nFel\u00e1ll\u00edt\u00e1s ideje: 1987<br \/>\n\u00c1ll\u00edttat\u00f3k: F\u0151v\u00e1rosi Tan\u00e1cs<br \/>\nMegjegyz\u00e9sek:<\/p>\n<p class=\"szoborleiras\">Fel\u00e1ll\u00edt\u00e1s helye: III., B\u00e9csi \u00fat 205.<br \/>\nAlkot\u00f3: Somogyi J\u00f3zsef<br \/>\nC\u00edm: CSAL\u00c1D<br \/>\nJelleg: d\u00edsz\u00edt\u0151szobor<br \/>\nAnyag: bronz<br \/>\nFel\u00e1ll\u00edt\u00e1s ideje: 1964<br \/>\n\u00c1ll\u00edttat\u00f3k: F\u0151v\u00e1rosi Tan\u00e1cs<br \/>\nMegjegyz\u00e9sek:<\/p>\n<p class=\"szoborleiras\">Fel\u00e1ll\u00edt\u00e1s helye: B\u00e9csi \u00fat \u2013 Sanmarco utca \u2013 T\u00edm\u00e1r utca<br \/>\nAlkot\u00f3: Cs\u00e1nyi Katalin<br \/>\nC\u00edm: ZSIGMOND KIR\u00c1LY<br \/>\nJelleg: mellszobor<br \/>\nAnyag: m\u00e9szk\u0151<br \/>\nA fel\u00e1ll\u00edt\u00e1s ideje: 2010<br \/>\n\u00c1ll\u00edttat\u00f3: \u00d3budai Egyetem, Zsigmond Kir\u00e1ly F\u0151iskola, \u00d3buda-B\u00e9k\u00e1smegyer \u00d6nkorm\u00e1nyzata<br \/>\nFelirat: ZSIGMOND KIR\u00c1LY\/AZ \u00d3BUDAI EGYETEM 1410-ES\/\u00daJJ\u00c1ALAP\u00cdT\u00c1S\u00c1NAK \/600. \u00c9VFORDUL\u00d3JA ALKALM\u00c1B\u00d3L\/\u00c1LL\u00cdTTATTA\/ \u00d3BUDAI EGYETEM\/ ZSIGMOND KIR\u00c1LY F\u0150ISKOLA \/\u00d3BUDA-B\u00c9K\u00c1SMEGYER\/\u00d6NKORM\u00c1NYZATA \/ 2010. SZEPTEMBER 1<\/p>\n<p class=\"szoborleiras\">Fel\u00e1ll\u00edt\u00e1s helye: III., B\u00e9k\u00e1smegyer, Ez\u00fcsthegyi \u00fat<br \/>\nAlkot\u00f3: Jankovits Gyula<br \/>\nC\u00edm: H\u0150SI EML\u00c9KM\u0170<br \/>\nJelleg: eml\u00e9km\u0171<br \/>\nAnyag: m\u00e9szk\u0151<br \/>\nFel\u00e1ll\u00edt\u00e1s ideje: 1929<br \/>\n\u00c1ll\u00edttat\u00f3k: B\u00e9k\u00e1smegyer k\u00f6z\u00f6ns\u00e9ge k\u00f6zadakoz\u00e1sb\u00f3l<br \/>\nMegjegyz\u00e9sek: 1929 elhelyez\u00e9s B\u00e9k\u00e1smegyeren a H\u0151s\u00f6k ter\u00e9n, 1974-ben lebontott\u00e1k, 1985 restaur\u00e1l\u00e1s (Kov\u00e1cs Ern\u0151), \u00fajraelhelyez\u00e9s<\/p>\n<p class=\"szoborleiras\">Fel\u00e1ll\u00edt\u00e1s helye: III. B\u00e9k\u00e1smegyer, Ez\u00fcsthegy u. \u2013 R\u00f3zsadomb u.<br \/>\nAlkot\u00f3: Ismeretlen<br \/>\nC\u00edm: FEKETE-KRETTINGER KERESZT<br \/>\nJelleg: fesz\u00fclet<br \/>\nAnyag: m\u00e1rv\u00e1ny, \u00f6nt\u00f6tt vas<br \/>\nFel\u00e1ll\u00edt\u00e1s ideje:<br \/>\n\u00c1ll\u00edttat\u00f3k: Fekete S\u00e1ndor \u00e9s Krettinger Magdolna<br \/>\nEredeti helye: B\u00e9k\u00e1smegyer, Munk\u00e1csy u. &#8211; \u00daj utca<br \/>\nMegjegyz\u00e9sek: 2001-ben \u00fajra \u00e1ll\u00edttatta \u00d3buda-B\u00e9k\u00e1smegyer N\u00e9met<br \/>\nKisebbs\u00e9gi \u00d6nkorm\u00e1nyzata \u00e9s a Braunhaxler Egyes\u00fclet<\/p>\n<p class=\"szoborleiras\">Fel\u00e1ll\u00edt\u00e1s helye: III. B\u00e9k\u00e1smegyer, Iskola u. \u2013 R\u00f3zsadomb u.<br \/>\nAlkot\u00f3: ismeretlen<br \/>\nC\u00edm: FESZ\u00dcLET<br \/>\nJelleg: fesz\u00fclet<br \/>\nAnyag: m\u00e9szk\u0151<br \/>\nFel\u00e1ll\u00edt\u00e1s ideje: 1897<br \/>\n\u00c1ll\u00edttat\u00f3k: Abendschein Josef, Kadarina Milwih, Lorenz Elisabeth<br \/>\nMegjegyz\u00e9s: 1988-ban restaur\u00e1ltatta a G\u00e1bor csal\u00e1d<\/p>\n<p class=\"szoborleiras\">Fel\u00e1ll\u00edt\u00e1s helye: III., B\u00e9k\u00e1smegyer, Kelta u.<br \/>\nAlkot\u00f3: Lessenyei M\u00e1rta<br \/>\nC\u00edm: ANYA GYERMEKKEL<br \/>\nJelleg: d\u00edsz\u00edt\u0151szobor<br \/>\nAnyag: m\u00e9szk\u0151<br \/>\nFel\u00e1ll\u00edt\u00e1s ideje: 1981<br \/>\n\u00c1ll\u00edttat\u00f3k: F\u0151v\u00e1rosi Tan\u00e1cs<br \/>\nMegjegyz\u00e9sek: a s\u00e9r\u00fclt szobor \u00fajrafarag\u00e1sa 2007-ben ker\u00fcl sor<\/p>\n<p class=\"szoborleiras\">Fel\u00e1ll\u00edt\u00e1s helye: III., Csillaghegy, Vas\u00fat sor<br \/>\nAlkot\u00f3: Ra\u00e1b Ferenc<br \/>\nC\u00edm: ERZS\u00c9BET KIR\u00c1LYN\u00c9<br \/>\nJelleg: mellszobor<br \/>\nAnyag: terrakotta<br \/>\nFel\u00e1ll\u00edt\u00e1s ideje: 1903<br \/>\n\u00c1ll\u00edttat\u00f3k:<br \/>\nMegjegyz\u00e9sek:<\/p>\n<p class=\"szoborleiras\">Fel\u00e1ll\u00edt\u00e1s helye: III., Csillaghegy, Czecz J\u00e1nos u.<br \/>\nAlkot\u00f3: Yengibarjan Mamikon<br \/>\nC\u00edm: CZECZ J\u00c1NOS<br \/>\nJelleg: domborm\u0171ves eml\u00e9kt\u00e1bla<br \/>\nAnyag: m\u00e1rv\u00e1ny, bronz<br \/>\nFel\u00e1ll\u00edt\u00e1s ideje: 1998<br \/>\n\u00c1ll\u00edttat\u00f3k: III. ker \u00d6nkorm\u00e1nyzat<br \/>\nMegjegyz\u00e9sek:<\/p>\n<p class=\"szoborleiras\">Fel\u00e1ll\u00edt\u00e1s helye: III., Csillaghegy, Lehel u. &#8211; Attila u.<br \/>\nAlkot\u00f3: Markolt Gy\u00f6rgy<br \/>\nC\u00edm: ZS\u00c1MBOKI P\u00c1L EML\u00c9KKERESZT<br \/>\nJelleg: fesz\u00fclet<br \/>\nAnyag : m\u00e9szk\u0151<br \/>\nFel\u00e1ll\u00edt\u00e1s ideje: 2002<br \/>\n\u00c1ll\u00edttat\u00f3k: Csillaghegyi Polg\u00e1ri K\u00f6r; III. ker\u00fcleti \u00d6nkorm\u00e1nyzat<br \/>\nMegjegyz\u00e9sek:<\/p>\n<p class=\"szoborleiras\">Fel\u00e1ll\u00edt\u00e1s helye: III., Csob\u00e1nka t\u00e9r<br \/>\nAlkot\u00f3: R\u00e1tonyi J\u00f3zsef<br \/>\nC\u00edm: KOMPOZ\u00cdCI\u00d3<br \/>\nJelleg: d\u00edsz\u00edt\u0151szobor<br \/>\nAnyag: bronz<br \/>\nFel\u00e1ll\u00edt\u00e1s ideje: 1985<br \/>\n\u00c1ll\u00edttat\u00f3k: F\u0151v\u00e1rosi Tan\u00e1cs<br \/>\nMegjegyz\u00e9sek:<\/p>\n<p class=\"szoborleiras\">Fel\u00e1ll\u00edt\u00e1s helye: III., Cs\u00facshegy, Aranypatak u.<br \/>\nAlkot\u00f3: Ismeretlen<br \/>\nC\u00edm: FESZ\u00dcLET (ECKER-KERESZT)<br \/>\nJelleg: fesz\u00fclet<br \/>\nAnyag: m\u00e9szk\u0151<br \/>\nFel\u00e1ll\u00edt\u00e1s ideje: 1817\/1985<br \/>\n\u00c1ll\u00edttat\u00f3k: Leonhard \u00e9s Elisabeth Ecker<br \/>\nEredeti helye: B\u00e9csi \u00fat<br \/>\nMegjegyz\u00e9sek: 1817 \u00e1ll\u00edttatta Leonhard Ecker \u00f3budai polg\u00e1r \u00e9s feles\u00e9ge Elisabeth, a B\u00e9csi \u00fat ment\u00e9n.1885-ban \u00e1thelyeztette Gigler sz\u00fcletett Gr\u00f6schl Magdolna. 1936-ban restaur\u00e1ltatta Stefan Gigler \u00e9s feles\u00e9ge Maria Gittinger,<br \/>\n1983 restaur\u00e1l\u00e1s (Ol\u00e1h Szilveszter)<br \/>\n1998-ban restaur\u00e1l\u00e1s (Ol\u00e1h Szilveszter).<\/p>\n<p class=\"szoborleiras\">Fel\u00e1ll\u00edt\u00e1s helye: III., Dugovics t\u00e9r<br \/>\nAlkot\u00f3: Gyenes Tam\u00e1s<br \/>\nC\u00edm: KR\u00daDY GYULA<br \/>\nJelleg: mellszobor<br \/>\nAnyag: bronz<br \/>\nFel\u00e1ll\u00edt\u00e1s ideje: 1958\/2003<br \/>\n\u00c1ll\u00edttat\u00f3k: F\u0151v\u00e1rosi Tan\u00e1cs \u00e9s III. ker. Tan\u00e1cs<br \/>\nEredeti helye: III. Szentl\u00e9lek (egykor Korvin Ott\u00f3) t\u00e9r<br \/>\nMegjegyz\u00e9sek: 2003-ban \u00e1thelyezve a Szentl\u00e9lek t\u00e9rr\u0151l<\/p>\n<p class=\"szoborleiras\">Fel\u00e1ll\u00edt\u00e1s helye: III., F\u00e9nyes Adolf u. 10.<br \/>\nAlkot\u00f3: Kiss Nagy Andr\u00e1s<br \/>\nC\u00edm: F\u00c9NYES ADOLF<br \/>\nJelleg: domborm\u0171ves eml\u00e9kt\u00e1bla<br \/>\nAnyag: bronz<br \/>\nFel\u00e1ll\u00edt\u00e1s ideje: 1975<br \/>\n\u00c1ll\u00edttat\u00f3k: F\u0151v\u00e1rosi Tan\u00e1cs<br \/>\nMegjegyz\u00e9sek:<\/p>\n<p class=\"szoborleiras\">Fel\u00e1ll\u00edt\u00e1s helye: III., Fl\u00f3ri\u00e1n t\u00e9r-Sz\u0151l\u0151 u.-Kiscelli u.<br \/>\nAlkot\u00f3: Mih\u00e1ly G\u00e1bor<br \/>\nC\u00edm: A K\u00d6ZLEKED\u00c9SI BALESETEK \u00c1LDOZATAINAK AZ EML\u00c9KM\u0170VE<br \/>\nJelleg: eml\u00e9km\u0171<br \/>\nAnyag: m\u00e9szk\u0151, r\u00e9zlemez<br \/>\nFel\u00e1ll\u00edt\u00e1s ideje: 1996<br \/>\n\u00c1ll\u00edttat\u00f3k: Orsz\u00e1gos Rend\u0151r-f\u0151kapit\u00e1nys\u00e1g Balesetmegel\u0151z\u00e9si Bizotts\u00e1g<br \/>\nMegjegyz\u00e9sek:<\/p>\n<p class=\"szoborleiras\">Fel\u00e1ll\u00edt\u00e1s helye: III., F\u0151 t\u00e9r 1.<br \/>\nAlkot\u00f3: Melocco Mikl\u00f3s<br \/>\nC\u00edm: F\u0150 T\u00c9R<br \/>\nJelleg: v\u00e9dett utcan\u00e9vjelz\u0151 t\u00e1bla<br \/>\nAnyag: bazalt<br \/>\nFel\u00e1ll\u00edt\u00e1s ideje: 1976<br \/>\n\u00c1ll\u00edttat\u00f3k: F\u0151v\u00e1rosi Tan\u00e1cs<br \/>\nMegjegyz\u00e9sek:<\/p>\n<p class=\"szoborleiras\">Fel\u00e1ll\u00edt\u00e1s helye: III., F\u0151 t\u00e9r- Laktanya u.<br \/>\nAlkot\u00f3: Varga Imre<br \/>\nC\u00edm: V\u00c1RAKOZ\u00d3K<br \/>\nJelleg: d\u00edsz\u00edt\u0151szobor<br \/>\nAnyag: bronz, kr\u00f3mac\u00e9l<br \/>\nFel\u00e1ll\u00edt\u00e1s ideje: 1986<br \/>\n\u00c1ll\u00edttat\u00f3k: F\u0151v\u00e1rosi Tan\u00e1cs; Varga Imre<br \/>\nMegjegyz\u00e9sek:<\/p>\n<p class=\"szoborleiras\">Fel\u00e1ll\u00edt\u00e1s helye: F\u0151 t\u00e9r \u2013 Harrer P\u00e1l utca<br \/>\nAlkot\u00f3: Kutas L\u00e1szl\u00f3<br \/>\nC\u00edm: HARRER P\u00c1L<br \/>\nJelleg: eg\u00e9szalakos portr\u00e9szobor<br \/>\nAnyag: bronz<br \/>\nA fel\u00e1ll\u00edt\u00e1s ideje: 2010<br \/>\n\u00c1ll\u00edttat\u00f3: III. ker\u00fclet \u00d3buda-B\u00e9k\u00e1smegyer \u00d6nkorm\u00e1nyzata<br \/>\nFelirat: HARRER P\u00c1L\/1829-1914<\/p>\n<p class=\"szoborleiras\">Fel\u00e1ll\u00edt\u00e1s helye: III., H\u00e9v\u00edzi \u00fat 8\/c<br \/>\nAlkot\u00f3: Nagy S\u00e1ndor<br \/>\nC\u00edm: B\u00c1BJ\u00c1T\u00c9KOS<br \/>\nJelleg: d\u00edsz\u00edt\u0151szobor<br \/>\nAnyag: m\u00e9szk\u0151<br \/>\nFel\u00e1ll\u00edt\u00e1s ideje: 1980<br \/>\n\u00c1ll\u00edttat\u00f3k: F\u0151v\u00e1rosi Tan\u00e1cs<br \/>\nMegjegyz\u00e9sek:<\/p>\n<p class=\"szoborleiras\">Fel\u00e1ll\u00edt\u00e1s helye: III., Kecske u. 30.<br \/>\nAlkot\u00f3: Held Frigyes<br \/>\nC\u00edm: FESZ\u00dcLET<br \/>\nJelleg: fesz\u00fclet<br \/>\nAnyag: v\u00f6r\u00f6s m\u00e1rv\u00e1ny<br \/>\nFel\u00e1ll\u00edt\u00e1s ideje: 1811<br \/>\n\u00c1ll\u00edttat\u00f3k: Theresia Thimi sz\u00fcletett Schreiber<br \/>\nEredeti helye: Az \u00fajlaki temet\u0151<br \/>\nMegjegyz\u00e9sek: 1811 elhelyez\u00e9s az \u00fajlaki temet\u0151ben<br \/>\n1932 \u00e1thelyez\u00e9s a F\u0151v\u00e1ros k\u00f6lts\u00e9g\u00e9n<\/p>\n<p class=\"szoborleiras\">Fel\u00e1ll\u00edt\u00e1s helye: III., Kiscell (ma Doberd\u00f3 \u00fat)<br \/>\nAlkot\u00f3: Ismeretlen<br \/>\nC\u00edm: K\u00c1LV\u00c1RIA (KISCELLI K\u00c1LV\u00c1RIA)<br \/>\nJelleg: k\u00e1lv\u00e1ria<br \/>\nAnyag: m\u00e9szk\u0151<br \/>\nFel\u00e1ll\u00edt\u00e1s ideje: 1821-1822<br \/>\n\u00c1ll\u00edttat\u00f3k:<br \/>\nMegjegyz\u00e9sek: 1985 restaur\u00e1l\u00e1s, r\u00e9szben \u00fajrafarag\u00e1s (Szab\u00f3 P\u00e9ter)<\/p>\n<p class=\"szoborleiras\">Fel\u00e1ll\u00edt\u00e1s helye: III., K\u00f6les u. &#8211; Kasz\u00e1sd\u0171l\u0151i lak\u00f3telep<br \/>\nAlkot\u00f3: Petru Balog P\u00e9ter<br \/>\nC\u00edm: SZIMB\u00d3LUM<br \/>\nJelleg: d\u00edsz\u00edt\u0151szobor<br \/>\nAnyag: bronz<br \/>\nFel\u00e1ll\u00edt\u00e1s ideje: 1987<br \/>\n\u00c1ll\u00edttat\u00f3k: M\u0171vel\u0151d\u00e9si Miniszt\u00e9rium<br \/>\nMegjegyz\u00e9sek:<\/p>\n<p class=\"szoborleiras\">Fel\u00e1ll\u00edt\u00e1s helye: III., K\u00f6rte u. 14., a rk. templom mellett<br \/>\nAlkot\u00f3: Ismeretlen<br \/>\nC\u00edm: FESZ\u00dcLET<br \/>\nJelleg: fesz\u00fclet<br \/>\nAnyag: m\u00e9szk\u0151, bronz<br \/>\nFel\u00e1ll\u00edt\u00e1s ideje: 1897<br \/>\n\u00c1ll\u00edttat\u00f3k:<br \/>\nEredeti helye: V\u00f6r\u00f6sv\u00e1ri u. 46.<br \/>\nMegjegyz\u00e9sek: 1897 elhelyez\u00e9s a V\u00f6r\u00f6sv\u00e1ri \u00fat 46. k\u00e1polna mellett<br \/>\n(A fesz\u00fclet eredeti hely\u00e9n van, c\u00edme a t\u00e9r\u00fcletrendez\u00e9s folyt\u00e1n v\u00e1ltozott.)<\/p>\n<p class=\"szoborleiras\">Fel\u00e1ll\u00edt\u00e1s helye: III., Lajos u. 168.<br \/>\nAlkot\u00f3: Bebo K\u00e1roly<br \/>\nC\u00edm: SZENT FL\u00d3RI\u00c1N \u00e9s NEPOMUKI SZENT J\u00c1NOS<br \/>\nJelleg: kegyoszlopok<br \/>\nAnyag: m\u00e9szk\u0151<br \/>\nFel\u00e1ll\u00edt\u00e1s ideje: 1753\/1790<br \/>\n\u00c1ll\u00edttat\u00f3k: gr\u00f3f Zichy Mikl\u00f3s \u00e9s neje Ber\u00e9nyi Erzs\u00e9bet<br \/>\nEredeti helye: \u00d3buda \u00e9s \u00dajlak hat\u00e1r\u00e1n<br \/>\nMegjegyz\u00e9sek: 1753-54 elhelyez\u00e9s \u00d3buda \u00e9s \u00dajlak hat\u00e1r\u00e1n, a mai Nagyszombat utca ment\u00e9n, 1790 \u00e1thelyez\u00e9s, 1967 restaur\u00e1l\u00e1s (Grantner Jen\u0151), 1984 restaur\u00e1l\u00e1s (K\u00d6R alkot\u00f3k\u00f6z\u00f6ss\u00e9g)<\/p>\n<p class=\"szoborleiras\">Fel\u00e1ll\u00edt\u00e1s helye: III., Lajos u. 168. (a pl\u00e9b\u00e1niatemplom fal\u00e1n)<br \/>\nAlkot\u00f3: T\u00f3th Istv\u00e1n<br \/>\nC\u00edm: \u00d3BUDAI H\u0150SI EML\u00c9K<br \/>\nJelleg: eml\u00e9km\u0171<br \/>\nAnyag: m\u00e9szk\u0151<br \/>\nFel\u00e1ll\u00edt\u00e1s ideje: 1928<br \/>\n\u00c1ll\u00edttat\u00f3k: \u00d3buda k\u00f6z\u00f6ns\u00e9ge k\u00f6zadakoz\u00e1sb\u00f3l<br \/>\nMegjegyz\u00e9sek:<\/p>\n<p class=\"szoborleiras\">Fel\u00e1ll\u00edt\u00e1s helye: III., M\u00e1jus 9. park<br \/>\nAlkot\u00f3: Szab\u00f3 G\u00e1bor<br \/>\nC\u00edm: SELL\u0150<br \/>\nJelleg: d\u00edsz\u00edt\u0151szobor<br \/>\nAnyag: bronz<br \/>\nFel\u00e1ll\u00edt\u00e1s ideje: 1982<br \/>\n\u00c1ll\u00edttat\u00f3k: F\u0151v\u00e1rosi Tan\u00e1cs<br \/>\nMegjegyz\u00e9sek: a s\u00falyosan megrong\u00e1lt szobrot Budapest F\u0151v\u00e1ros \u00d6nkorm\u00e1nyzata 2011-ben az alkot\u00f3 k\u00f6zrem\u0171k\u00f6d\u00e9s\u00e9vel helyre\u00e1ll\u00edttatta<\/p>\n<p class=\"szoborleiras\">Fel\u00e1ll\u00edt\u00e1s helye: III., Meggyfa u. 14.<br \/>\nAlkot\u00f3: \u00c1cs J\u00f3zsef<br \/>\nC\u00edm: MACK\u00d3<br \/>\nJelleg: d\u00edsz\u00edt\u0151szobor<br \/>\nAnyag: m\u00e9szk\u0151<br \/>\nFel\u00e1ll\u00edt\u00e1s ideje: 1961<br \/>\n\u00c1ll\u00edttat\u00f3k: F\u0151v\u00e1rosi Tan\u00e1cs<br \/>\nMegjegyz\u00e9sek:<\/p>\n<p class=\"szoborleiras\">Fel\u00e1ll\u00edt\u00e1s helye: III., R\u00f3mai \u00fat &#8211; R\u00f3mai \u00fati lak\u00f3telep<br \/>\nAlkot\u00f3: Fekete Tam\u00e1s<br \/>\nC\u00edm: V\u00cdZIORGONA<br \/>\nJelleg: d\u00edszk\u00fat<br \/>\nAnyag: m\u00e9szk\u0151, bronz<br \/>\nFel\u00e1ll\u00edt\u00e1s ideje: 1993<br \/>\n\u00c1ll\u00edttat\u00f3k: F\u0151v\u00e1rosi \u00d6nkorm\u00e1nyzat<br \/>\nMegjegyz\u00e9sek: A szobrot 2006-ban s\u00falyosan megrong\u00e1lt\u00e1k,fel\u00faj\u00edt\u00e1st k\u00f6vet\u0151en 2009-ben a BTM Aquincumi M\u00fazeum\u00e1ban \u00e1ll\u00edtottuk fel<\/p>\n<p class=\"szoborleiras\">Fel\u00e1ll\u00edt\u00e1s helye: III., San Marco u. 81.<br \/>\nAlkot\u00f3: Lisztes Istv\u00e1n<br \/>\nC\u00edm: KIS PEGAZUS<br \/>\nJelleg: d\u00edsz\u00edt\u0151szobor<br \/>\nAnyag: bronz<br \/>\nFel\u00e1ll\u00edt\u00e1s ideje: 1983<br \/>\n\u00c1ll\u00edttat\u00f3k: F\u0151v\u00e1rosi Tan\u00e1cs<br \/>\nMegjegyz\u00e9sek:<\/p>\n<p class=\"szoborleiras\">Fel\u00e1ll\u00edt\u00e1s helye: III., Szentendrei \u00fat 373.<br \/>\nAlkot\u00f3: Bob\u00e1ly Attila<br \/>\nC\u00edm: A NAP\u00daT FEST\u0150JE (CSONTV\u00c1RY)<br \/>\nJelleg: d\u00edsz\u00edt\u0151szobor<br \/>\nAnyag: k\u0151, r\u00e9zlemez, r\u00e9zh\u00e1l\u00f3<br \/>\nFel\u00e1ll\u00edt\u00e1s ideje: 1988<br \/>\n\u00c1ll\u00edttat\u00f3k: Magyar Sz\u00e9nhidrog\u00e9nipari Kutat\u00f3-Fejleszt\u0151 Int\u00e9zet<br \/>\nMegjegyz\u00e9sek: Er\u0151sen s\u00e9r\u00fclt<\/p>\n<p class=\"szoborleiras\">Fel\u00e1ll\u00edt\u00e1s helye: III., Szentl\u00e9lek t\u00e9r<br \/>\nAlkot\u00f3: Ismeretlen<br \/>\nC\u00edm: SZENTH\u00c1ROMS\u00c1G-SZOBOR<br \/>\nJelleg: kegyoszlop<br \/>\nAnyag: m\u00e9szk\u0151<br \/>\nFel\u00e1ll\u00edt\u00e1s ideje: 1740-1743\/1998<br \/>\n\u00c1ll\u00edttat\u00f3k: Szegetha Tam\u00e1s v\u00e1rosb\u00edr\u00f3 k\u00f6zadakoz\u00e1sb\u00f3l<br \/>\nEredeti helye: \u00d3buda, Szentl\u00e9lek t\u00e9r<br \/>\nMegjegyz\u00e9sek: 1956-ban lebontott\u00e1k, a szobrokat a BTM Kiscelli M\u00fazeuma \u0151rizte, az architekt\u00far\u00e1t a Zichy-kast\u00e9ly udvar\u00e1n. Az \u00d3budai N\u00e9met Kisebbs\u00e9gi \u00d6nkorm\u00e1nyzat \u00e9s a Braunhaxler Egyes\u00fclet k\u00f6lts\u00e9gvisel\u00e9s\u00e9vel restaur\u00e1lta Szomol\u00e1nyi P\u00e9ter. \u00dajrafel\u00e1ll\u00edt\u00e1s\u00e1ra 1998-ban az eredeti helyen ker\u00fclt sor.<\/p>\n<p class=\"szoborleiras\">Fel\u00e1ll\u00edt\u00e1s helye: III., Sz\u00e9r\u0171skert u. 40.<br \/>\nAlkot\u00f3: Cs. Kov\u00e1cs L\u00e1szl\u00f3<br \/>\nC\u00edm: DARVAS J\u00d3ZSEF<br \/>\nJelleg: mellszobor<br \/>\nAnyag: bronz<br \/>\nFel\u00e1ll\u00edt\u00e1s ideje: 1987<br \/>\n\u00c1ll\u00edttat\u00f3k: 23. sz. \u00c1llami \u00c9p\u00edt\u0151ipari V\u00e1llalat<br \/>\nMegjegyz\u00e9sek: sorsa ismeretlen<\/p>\n<p class=\"szoborleiras\">Fel\u00e1ll\u00edt\u00e1s helye: III., \u00dcr\u00f6mhegy, B\u00e9csi \u00fat-Sz\u0151l\u0151v\u00e9sz u. a k\u00e1polna mellett<br \/>\nAlkot\u00f3: Ismeretlen<br \/>\nC\u00edm: FESZ\u00dcLET<br \/>\nJelleg: fesz\u00fclet<br \/>\nAnyag: m\u00e9szk\u0151, \u00f6nt\u00f6ttvas<br \/>\nFel\u00e1ll\u00edt\u00e1s ideje: 1886<br \/>\n\u00c1ll\u00edttat\u00f3k: \u00c1ll\u00edttatta Ra\u00e1b M\u00e1rton<br \/>\nMegjegyz\u00e9sek:<\/p>\n<p class=\"szoborleiras\">Fel\u00e1ll\u00edt\u00e1s helye: III., V\u00e1radi u. l5\/a &#8211; Hold udvar<br \/>\nAlkot\u00f3: Sch\u00e9ner Mih\u00e1ly<br \/>\nC\u00edm: DOROTTYA KOCSIJA<br \/>\nJelleg: d\u00edsz\u00edt\u0151szobor<br \/>\nAnyag: festett \u00f6nt\u00f6ttvas<br \/>\nFel\u00e1ll\u00edt\u00e1s ideje: 1983<br \/>\n\u00c1ll\u00edttat\u00f3k: F\u0151v\u00e1rosi Tan\u00e1cs<br \/>\nMegjegyz\u00e9sek:<\/p>\n<p class=\"szoborleiras\">Fel\u00e1ll\u00edt\u00e1s helye: III., V\u00e1radi u. 35.<br \/>\nAlkot\u00f3: Farkas \u00c1d\u00e1m<br \/>\nC\u00edm: A NAP SZ\u00dcLET\u00c9SE<br \/>\nJelleg: d\u00edsz\u00edt\u0151szobor<br \/>\nAnyag: m\u00e9szk\u0151<br \/>\nFel\u00e1ll\u00edt\u00e1s ideje: 1986<br \/>\n\u00c1ll\u00edttat\u00f3k: Pest Megyei Tan\u00e1cs<br \/>\nMegjegyz\u00e9sek:<\/p>\n<p class=\"szoborleiras\">Fel\u00e1ll\u00edt\u00e1s helye: III., V\u00f6r\u00f6sv\u00e1ri \u00fat 88-96.<br \/>\nAlkot\u00f3: M\u00e9sz\u00e1ros Mih\u00e1ly<br \/>\nC\u00edm: FEKV\u0150 N\u0150<br \/>\nJelleg: d\u00edsz\u00edt\u0151szobor<br \/>\nAnyag: m\u00e9szk\u0151<br \/>\nFel\u00e1ll\u00edt\u00e1s ideje: 1959<br \/>\n\u00c1ll\u00edttat\u00f3k: F\u0151v\u00e1rosi Tan\u00e1cs<br \/>\nMegjegyz\u00e9sek:<\/p>\n<p class=\"szoborleiras\">Fel\u00e1ll\u00edt\u00e1s helye: III. \u00d3buda, a P\u00e9ter-P\u00e1l f\u0151pl\u00e9b\u00e1nia templom D-i oldal\u00e1n<br \/>\nAlkot\u00f3: Seres J\u00e1nos<br \/>\nC\u00edm: ANTONIO BONFINI<br \/>\nJelleg: domborm\u0171ves eml\u00e9kt\u00e1bla<br \/>\nAnyag: v\u00f6r\u00f6s m\u00e9szk\u0151<br \/>\nA fel\u00e1ll\u00edt\u00e1s ideje: 2008<br \/>\n\u00c1ll\u00edttat\u00f3: III. ker\u00fclet \u00d3buda-B\u00e9k\u00e1smegyer \u00d6nkorm\u00e1nyzata<br \/>\nFelirat: M\u00c1TY\u00c1S KIR\u00c1LY KR\u00d3NIK\u00c1SA, A MAGYARR\u00c1 LETT ANTONIO BONFINI EML\u00c9K\u00c9RE, AKIT AZ EGYKORON ITT \u00c1LL\u00d3 SZENT MARGIT K\u00c1POLN\u00c1BAN TEMETTEK EL.\/\u00c1LL\u00cdTTATA \u00d3BUDA-B\u00c9K\u00c1SMEGYER \u00d6NKORM\u00c1NYZATA AZ \u00daR 2008. \u00c9V\u00c9BEN.<\/p>\n<p>[\/vc_column_text][vc_empty_space height=&#8221;45px&#8221;][\/vc_column][\/vc_row]<\/p>\n<\/div>","protected":false},"excerpt":{"rendered":"<p>[vc_row template=&#8221;ism_template_1&#8243; ism_overlock=&#8221;default&#8221; sm_d_text=&#8221; This content is locked Share This Page To Unlock The Content!&#8221;&#8230;<\/p>\n","protected":false},"author":1,"featured_media":0,"parent":10255,"menu_order":5,"comment_status":"closed","ping_status":"closed","template":"","meta":{"inline_featured_image":false,"loftloader_pro_show_once":"","loftloader_pro_page_shortcode":"","footnotes":""},"class_list":["post-10364","page","type-page","status-publish","hentry"],"_links":{"self":[{"href":"https:\/\/budapestgaleria.hu\/_\/wp-json\/wp\/v2\/pages\/10364","targetHints":{"allow":["GET"]}}],"collection":[{"href":"https:\/\/budapestgaleria.hu\/_\/wp-json\/wp\/v2\/pages"}],"about":[{"href":"https:\/\/budapestgaleria.hu\/_\/wp-json\/wp\/v2\/types\/page"}],"author":[{"embeddable":true,"href":"https:\/\/budapestgaleria.hu\/_\/wp-json\/wp\/v2\/users\/1"}],"replies":[{"embeddable":true,"href":"https:\/\/budapestgaleria.hu\/_\/wp-json\/wp\/v2\/comments?post=10364"}],"version-history":[{"count":0,"href":"https:\/\/budapestgaleria.hu\/_\/wp-json\/wp\/v2\/pages\/10364\/revisions"}],"up":[{"embeddable":true,"href":"https:\/\/budapestgaleria.hu\/_\/wp-json\/wp\/v2\/pages\/10255"}],"wp:attachment":[{"href":"https:\/\/budapestgaleria.hu\/_\/wp-json\/wp\/v2\/media?parent=10364"}],"curies":[{"name":"wp","href":"https:\/\/api.w.org\/{rel}","templated":true}]}}