{"id":13950,"date":"2017-04-20T13:51:47","date_gmt":"2017-04-20T13:51:47","guid":{"rendered":"http:\/\/budapestgaleria.hu\/_\/?page_id=13950\/"},"modified":"2023-12-21T13:13:32","modified_gmt":"2023-12-21T12:13:32","slug":"nyari-tabor-2021","status":"publish","type":"page","link":"https:\/\/budapestgaleria.hu\/_\/muveszetpedagogia\/nyari-tabor-2021\/","title":{"rendered":"Ny\u00e1ri t\u00e1bor | 2021"},"content":{"rendered":"<div class=\"wpb-content-wrapper\"><p>[vc_row css_animation=&#8221;&#8221; row_type=&#8221;row&#8221; use_row_as_full_screen_section=&#8221;no&#8221; type=&#8221;grid&#8221; angled_section=&#8221;no&#8221; text_align=&#8221;left&#8221; background_image_as_pattern=&#8221;without_pattern&#8221;][vc_column][vc_single_image image=&#8221;17279&#8243; img_size=&#8221;full&#8221; qode_css_animation=&#8221;&#8221;][vc_empty_space height=&#8221;40&#8243;][\/vc_column][\/vc_row][vc_row css_animation=&#8221;&#8221; row_type=&#8221;row&#8221; use_row_as_full_screen_section=&#8221;no&#8221; type=&#8221;grid&#8221; angled_section=&#8221;no&#8221; text_align=&#8221;left&#8221; background_image_as_pattern=&#8221;without_pattern&#8221;][vc_column][vc_column_text]<\/p>\n<h2 class=\"cim_1\">Ki\u00e1ll\u00edt\u00e1s a Holdon<\/h2>\n<h2 class=\"alcim\">Ny\u00e1ri alkot\u00f3m\u0171hely 8-12 \u00e9ves gyerekek sz\u00e1m\u00e1ra<\/h2>\n<p>[\/vc_column_text][vc_empty_space height=&#8221;45&#8243;][\/vc_column][\/vc_row][vc_row css_animation=&#8221;&#8221; row_type=&#8221;row&#8221; use_row_as_full_screen_section=&#8221;no&#8221; type=&#8221;grid&#8221; angled_section=&#8221;no&#8221; text_align=&#8221;left&#8221; background_image_as_pattern=&#8221;without_pattern&#8221; bgparallax=&#8221;parallax&#8221; contentwidth=&#8221;container&#8221; toppadding=&#8221;40&#8243; bottompadding=&#8221;10&#8243; border=&#8221;on&#8221; css=&#8221;.vc_custom_1420648296958{background-color: #ffffff !important;}&#8221;][vc_column width=&#8221;1\/3&#8243; css=&#8221;.vc_custom_1427030294278{padding-right: 25px !important;}&#8221; el_class=&#8221;full-1&#8243;][vc_column_text]<\/p>\n<p class=\"hely_bpgal\">Budapest Gal\u00e9ria<\/p>\n<p class=\"cim_bpgal\">1036 Budapest, Lajos utca 158.<\/p>\n<p class=\"datum_bpgal\">2021. 08. 16-19.<\/p>\n<p class=\"kiemeles_bpgal\">R\u00e9sztvev\u0151k sz\u00e1ma:<\/p>\n<p class=\"verzal_bpgal\">10 f\u0151<\/p>\n<p class=\"kiemeles_bpgal\">R\u00e9szv\u00e9teli d\u00edj:<\/p>\n<p class=\"verzal_bpgal\">21.000 Ft<\/p>\n<p>[\/vc_column_text][vc_empty_space height=&#8221;32&#8243;][\/vc_column][vc_column width=&#8221;2\/3&#8243; el_class=&#8221;full-2&#8243;][vc_column_text]A Budapest Gal\u00e9ria ebben az \u00e9vben augusztus 16-19-ig szervezi meg ny\u00e1ri alkot\u00f3m\u0171hely\u00e9t, amely a <em>Mikrot\u00f3mia<\/em> c\u00edm\u0171 ki\u00e1ll\u00edt\u00e1s koncepci\u00f3j\u00e1t dolgozza fel.<\/p>\n<p>1969. november 18-\u00e1n, a m\u00e1sodik Holdra sz\u00e1ll\u00e1s alkalm\u00e1val az Apollo-12 lesz\u00e1ll\u00f3egys\u00e9g\u00e9nek talp\u00e1hoz er\u0151s\u00edtve ker\u00fclt a t\u00e1voli \u00e9gitestre az els\u0151 k\u00e9pz\u0151m\u0171v\u00e9szeti alkot\u00e1s, egy 1.9 cm x 1.3 cm nagys\u00e1g\u00fa ker\u00e1mialapocska, amelyen hat m\u0171v\u00e9sz alkot\u00e1sa szerepelt. Az amerikai \u0171r\u00fcgyn\u00f6ks\u00e9g 2035-ben egy enn\u00e9l nagyobb szab\u00e1s\u00fa ki\u00e1ll\u00edt\u00e1st szeretne rendezni a Holdon, amelyen a Budapest Gal\u00e9ria <em>Mikrot\u00f3mia<\/em> c\u00edm\u0171 ki\u00e1ll\u00edt\u00e1s\u00e1nak alkot\u00e1saib\u00f3l is v\u00e1logatn\u00e1nak, ez\u00e9rt a NASA m\u0171v\u00e9szeti kutat\u00f3csoportj\u00e1t\u00f3l felk\u00e9r\u00e9st kapunk, hogy alaposan vizsg\u00e1ljuk meg a gal\u00e9ri\u00e1ban l\u00e1that\u00f3 m\u0171t\u00e1rgyakat. Elviseln\u00e9k-e a t\u00e1voli id\u0151j\u00e1r\u00e1s viszontags\u00e1gait? Kib\u00edrn\u00e1k-e az \u0171rben t\u00f6rt\u00e9n\u0151 m\u0171sz\u00e1ll\u00edt\u00e1st? Milyen hosszan lehetn\u00e9nek ki\u00e1ll\u00edtva a Holdon, hogy semmilyen s\u00e9r\u00fcl\u00e9s ne \u00e9rje \u0151ket? A n\u00e9gynapos kutat\u00f3munka sor\u00e1n festm\u00e9nyvizsg\u00e1l\u00f3 mikroszk\u00f3pokat, miniat\u0171r felv\u00e9teleket, maketteket, tervrajzokat, koll\u00e1zsokat \u00e9s \u0171rt\u00e9rk\u00e9pet k\u00e9sz\u00edt\u00fcnk.<\/p>\n<p>A foglalkoz\u00e1sok minden nap 9-16 \u00f3r\u00e1ig tartanak.<\/p>\n<p>Jelentkez\u00e9s \u00e9s tov\u00e1bbi inform\u00e1ci\u00f3: Szabics \u00c1gnes<br \/>\n<a href=\"mailto:szabics.agnes@budapestgaleria.hu\">szabics.agnes@budapestgaleria.hu<\/a><br \/>\n+36 20 9899 360[\/vc_column_text][vc_empty_space height=&#8221;32&#8243;][vc_single_image image=&#8221;17284&#8243; img_size=&#8221;full&#8221; qode_css_animation=&#8221;&#8221;][vc_empty_space height=&#8221;32&#8243;][\/vc_column][\/vc_row][vc_row css_animation=&#8221;&#8221; row_type=&#8221;row&#8221; use_row_as_full_screen_section=&#8221;no&#8221; type=&#8221;grid&#8221; angled_section=&#8221;no&#8221; text_align=&#8221;left&#8221; background_image_as_pattern=&#8221;without_pattern&#8221; template=&#8221;ism_template_1&#8243; ism_overlock=&#8221;default&#8221; sm_d_text=&#8221;<\/p>\n<h2>This content is locked<\/h2>\n<p>Share This Page To Unlock The Content!&#8221;][vc_column][vc_empty_space height=&#8221;45px&#8221;][\/vc_column][\/vc_row][vc_row css_animation=&#8221;&#8221; row_type=&#8221;row&#8221; use_row_as_full_screen_section=&#8221;no&#8221; type=&#8221;full_width&#8221; angled_section=&#8221;no&#8221; text_align=&#8221;left&#8221; background_image_as_pattern=&#8221;without_pattern&#8221;][vc_column][\/vc_column][\/vc_row]<\/p>\n<\/div>","protected":false},"excerpt":{"rendered":"<p>[vc_row css_animation=&#8221;&#8221; row_type=&#8221;row&#8221; use_row_as_full_screen_section=&#8221;no&#8221; type=&#8221;grid&#8221; angled_section=&#8221;no&#8221; text_align=&#8221;left&#8221; background_image_as_pattern=&#8221;without_pattern&#8221;][vc_column][vc_single_image image=&#8221;17279&#8243; img_size=&#8221;full&#8221; qode_css_animation=&#8221;&#8221;][vc_empty_space height=&#8221;40&#8243;][\/vc_column][\/vc_row][vc_row css_animation=&#8221;&#8221; row_type=&#8221;row&#8221; use_row_as_full_screen_section=&#8221;no&#8221;&#8230;<\/p>\n","protected":false},"author":1,"featured_media":0,"parent":11729,"menu_order":0,"comment_status":"closed","ping_status":"closed","template":"full_width.php","meta":{"inline_featured_image":false,"loftloader_pro_show_once":"","loftloader_pro_page_shortcode":"","footnotes":""},"class_list":["post-13950","page","type-page","status-publish","hentry"],"_links":{"self":[{"href":"https:\/\/budapestgaleria.hu\/_\/wp-json\/wp\/v2\/pages\/13950","targetHints":{"allow":["GET"]}}],"collection":[{"href":"https:\/\/budapestgaleria.hu\/_\/wp-json\/wp\/v2\/pages"}],"about":[{"href":"https:\/\/budapestgaleria.hu\/_\/wp-json\/wp\/v2\/types\/page"}],"author":[{"embeddable":true,"href":"https:\/\/budapestgaleria.hu\/_\/wp-json\/wp\/v2\/users\/1"}],"replies":[{"embeddable":true,"href":"https:\/\/budapestgaleria.hu\/_\/wp-json\/wp\/v2\/comments?post=13950"}],"version-history":[{"count":0,"href":"https:\/\/budapestgaleria.hu\/_\/wp-json\/wp\/v2\/pages\/13950\/revisions"}],"up":[{"embeddable":true,"href":"https:\/\/budapestgaleria.hu\/_\/wp-json\/wp\/v2\/pages\/11729"}],"wp:attachment":[{"href":"https:\/\/budapestgaleria.hu\/_\/wp-json\/wp\/v2\/media?parent=13950"}],"curies":[{"name":"wp","href":"https:\/\/api.w.org\/{rel}","templated":true}]}}