{"id":16929,"date":"2020-10-20T13:31:03","date_gmt":"2020-10-20T13:31:03","guid":{"rendered":"http:\/\/budapestgaleria.hu\/_\/?page_id=16929"},"modified":"2025-09-12T11:56:04","modified_gmt":"2025-09-12T09:56:04","slug":"palyazati-archivum","status":"publish","type":"page","link":"https:\/\/budapestgaleria.hu\/_\/muveszcsere-program\/palyazati-archivum\/","title":{"rendered":"M\u0171v\u00e9szcsere p\u00e1ly\u00e1zati arch\u00edvum"},"content":{"rendered":"<div class=\"wpb-content-wrapper\"><p>[vc_row css_animation=&#8221;&#8221; seperator_indeed_locker=&#8221;&#8221; lk_t=&#8221;ism_template_1&#8243; lk_io=&#8221;default&#8221; lk_dm=&#8221;0&#8243; lk_thm=&#8221;0&#8243; lk_tuo=&#8221;0&#8243; ru_on=&#8221;0&#8243; uhc_on=&#8221;0&#8243; ur_on=&#8221;0&#8243; ref_on=&#8221;0&#8243; row_type=&#8221;row&#8221; use_row_as_full_screen_section=&#8221;no&#8221; type=&#8221;grid&#8221; angled_section=&#8221;no&#8221; text_align=&#8221;left&#8221; background_image_as_pattern=&#8221;without_pattern&#8221; bgparallax=&#8221;parallax&#8221; contentwidth=&#8221;container&#8221; toppadding=&#8221;35&#8243; bottompadding=&#8221;50&#8243; border=&#8221;on&#8221; css=&#8221;.vc_custom_1704894471221{background-color: #ffffff !important;}&#8221;][vc_column][vc_single_image image=&#8221;23574&#8243; img_size=&#8221;full&#8221; css=&#8221;&#8221; qode_css_animation=&#8221;&#8221;][vc_empty_space height=&#8221;32&#8243;][vc_column_text css=&#8221;&#8221;]<em>Enteri\u0151r H\u00e9lo\u00efse Farago: Si mon grand-p\u00e8re avait \u00e9t\u00e9 conteur pop-up ki\u00e1ll\u00edt\u00e1s\u00e1r\u00f3l | Fot\u00f3: a m\u0171v\u00e9sz j\u00f3volt\u00e1b\u00f3l<\/em>[\/vc_column_text][vc_empty_space height=&#8221;45&#8243;][vc_column_text css=&#8221;&#8221;]<\/p>\n<div class=\"wpb_text_column wpb_content_element \">\n<div class=\"wpb_wrapper\">\n<h3>A 2024-es p\u00e1ly\u00e1zat nyertesei<\/h3>\n<p><strong>Freising-Schafhof \u2013 Shortlist<\/strong>\u00a0(a nyertest a fogad\u00f3int\u00e9zm\u00e9ny zs\u0171rije v\u00e1lasztja)<br \/>\n1. B\u00edr\u00f3 D\u00e1vid<br \/>\n2. L\u00e1szl\u00f3 D\u00e1niel<br \/>\n3. Hars\u00e1ny Patr\u00edcia<\/p>\n<p><strong>Krems<\/strong><br \/>\nKortmanny J\u00e1ray Katalin<\/p>\n<p><strong>Lisszabon<\/strong><br \/>\nJ\u00fanius: Po\u00f3r Dorottya<\/p>\n<p>J\u00falius: Salamon J\u00falia<\/p>\n<p><strong>Salzburg \u2013 Land<\/strong><br \/>\nFebru\u00e1r: Kolesz\u00e1r Ad\u00e9l<br \/>\nM\u00e1rcius: Kozma Zs\u00f3fia<\/p>\n<p><strong>Salzburg \u2013 Stadt<\/strong><br \/>\nOm Bori<\/p>\n<p><strong>Strasbourg \u2013 Shortlist<\/strong><br \/>\n1. L\u0151di \u00c1ron<br \/>\n2. L\u0151wenberger Patrik<br \/>\n3. Trapp Dominika<\/p>\n<p><strong>Regensburg \u2013 Shortlist<\/strong><br \/>\n1. Janusk\u00f3 Klaudia<br \/>\n2. Metzing Eszter<\/p>\n<p><strong>P\u00e1rizs \u2013 Shortlist<\/strong><br \/>\n1. Bede Kincs\u0151<br \/>\n2. Farkas Al\u00edz<br \/>\n3. T\u00f3th M\u00e1rton Emil<\/p>\n<p><strong>Rejkjav\u00edk \u2013 Shortlist<\/strong><br \/>\n1. Horv\u00e1th Gideon<br \/>\n2. Ko\u00f3s G\u00e1bor<br \/>\n3. M\u00e1t\u00e9 D\u00e1niel<br \/>\n4. Sz\u00e1sz Lilla<br \/>\n5. Sz\u00e9csi No\u00e9mi<\/p>\n<p>Zs\u0171ritagok: Hermann J\u00falia, Kukla Kriszti\u00e1n, Solym\u00e1r Fanni, T\u00f6r\u00f6k Kriszti\u00e1n, Zsoldos Anna<\/p>\n<\/div>\n<\/div>\n<div class=\"vc_empty_space\"><\/div>\n<p>[\/vc_column_text][vc_separator type=&#8221;normal&#8221; color=&#8221;#000000&#8243; up=&#8221;50&#8243; down=&#8221;50&#8243;][vc_column_text]<\/p>\n<h3>A 2023-as p\u00e1ly\u00e1zat nyertesei<\/h3>\n<p><strong>Freising-Schafhof \u2013 Shortlist<\/strong> (a nyertest a fogad\u00f3int\u00e9zm\u00e9ny zs\u0171rije v\u00e1lasztja)<br \/>\n1. M\u00e1t\u00e9 D\u00e1niel<br \/>\n2. Gedeon Tekla<br \/>\n3. Moln\u00e1r Judit Lilla<\/p>\n<p><strong>Helsinki &#8211; Vantaa<\/strong><br \/>\n\u00c1prilis: Solym\u00e1r Fanni<br \/>\nP\u00f3tjel\u00f6lt: Cserhalmi Luca<br \/>\nJ\u00falius: Grinberg Daniella<br \/>\nP\u00f3tjel\u00f6lt: Orb\u00e1n Gy\u00f6rgy<\/p>\n<p><strong>Krems<\/strong><br \/>\nBorb\u00e9ly Zita<br \/>\nP\u00f3tjel\u00f6lt: Schuller Judit<\/p>\n<p><strong>Lisszabon<\/strong><br \/>\nJ\u00fanius: L\u00e1z\u00e1r Eszter<br \/>\nP\u00f3tjel\u00f6lt: Ember S\u00e1ri<br \/>\nJ\u00falius: Fusz M\u00e1ty\u00e1s<br \/>\nP\u00f3tjel\u00f6lt: T\u00f3th M\u00e1rton Emil<\/p>\n<p><strong>Salzburg &#8211; Land<\/strong><br \/>\nM\u00e1rcius: Po\u00f3r Dorottya<br \/>\n\u00c1prilis: Koltay Dorottya<br \/>\nP\u00f3tjel\u00f6lt: Kovalovszky D\u00e1niel<\/p>\n<p><strong>Salzburg &#8211; Stadt<\/strong><br \/>\nBartus Csilla<br \/>\nP\u00f3tjel\u00f6lt: Szigethy Anna<\/p>\n<p><strong>Strasbourg \u2013 Shortlist<\/strong><br \/>\n1. Varju T\u00f3th Bal\u00e1zs<br \/>\n2. Lov\u00e1sz Luca<br \/>\n3- M\u00f3r\u00f3 Zs\u00f3fia<\/p>\n<p><strong>Regensburg \u2013 Shortlist<\/strong><br \/>\n1. Ho\u00f3z Anna<br \/>\n2. Vidra R\u00e9ka<br \/>\n3. B\u00f6g\u00f6s Lor\u00e1nd<\/p>\n<p><strong>P\u00e1rizs \u2013 Shortlist<\/strong> (a nyertest a fogad\u00f3int\u00e9zm\u00e9ny zs\u0171rije v\u00e1lasztja)<br \/>\n1. Szalai D\u00e1niel<br \/>\n2. Puszt Zs\u00f3fia<br \/>\n3. P\u00e1ll Tam\u00e1s<\/p>\n<p>Zs\u0171ritagok: Hermann J\u00falia, Horv\u00e1th M\u00e1ty\u00e1s, Frazon Zs\u00f3fia, Salamon J\u00falia[\/vc_column_text][vc_separator type=&#8221;normal&#8221; color=&#8221;#000000&#8243; up=&#8221;50&#8243; down=&#8221;50&#8243;][vc_column_text]<\/p>\n<h3>A 2022-es p\u00e1ly\u00e1zat nyertesei<\/h3>\n<p>&nbsp;<\/p>\n<p><strong>Brno Shortlist<\/strong> (a nyertest a fogad\u00f3int\u00e9zm\u00e9ny zs\u0171rije v\u00e1lasztja)<br \/>\nT\u00f3th M\u00e1rton Emil, Zsoldos Anna<\/p>\n<p><strong>Freising- Schafhof Shortlist<\/strong> (a nyertest a fogad\u00f3int\u00e9zm\u00e9ny zs\u0171rije v\u00e1lasztja)<br \/>\nErm\u00e9nyi M\u00e1ty\u00e1s, Horv\u00e1th Anna, Varga \u00c1d\u00e1m<\/p>\n<p><strong>Gyergy\u00f3sz\u00e1rhegy<\/strong><br \/>\nKortmann Katalin<br \/>\n\u00dcveges M\u00f3nika<\/p>\n<p><strong>Helsinki &#8211; Vantaa<\/strong><br \/>\nZalav\u00e1ri Andr\u00e1s<br \/>\nSz\u00e9cs\u00e9nyi-Nagy Lor\u00e1nd<\/p>\n<p><strong>Krems<\/strong><br \/>\nCzene M\u00e1rta<\/p>\n<p><strong>Lisszabon<\/strong><br \/>\nMoln\u00e1r Zsolt<br \/>\nM\u00e1trai Erik<\/p>\n<p><strong>Salzburg &#8211; Land<\/strong><br \/>\nRomh\u00e1nyi Veronika<br \/>\nMelkovics Tam\u00e1s<\/p>\n<p><strong>Salzburg &#8211; Stadt<\/strong><br \/>\nFelsmann Istv\u00e1n<\/p>\n<p><strong>Strasbourg<\/strong><br \/>\nTulisz Hajnalka<\/p>\n<p><strong>Regensburg<\/strong><br \/>\nKocsi Olga<\/p>\n<p><strong>P\u00e1rizs Shortlist<\/strong> (a nyertest a fogad\u00f3int\u00e9zm\u00e9ny zs\u0171rije v\u00e1lasztja)<br \/>\nBartha M\u00e1t\u00e9, Agg Lili, Bir\u00f3 D\u00e1vid[\/vc_column_text][vc_separator type=&#8221;normal&#8221; color=&#8221;#000000&#8243; up=&#8221;50&#8243; down=&#8221;50&#8243;][vc_column_text]<\/p>\n<h3>A 2020-as p\u00e1ly\u00e1zat nyertesei<\/h3>\n<p><strong>B\u00e9cs<\/strong><br \/>\n2020. augusztus 1 \u2013 augusztus 30. | M\u00e9zes T\u00fcnde<br \/>\n2020. szeptember 1 \u2013 szeptember 30. | Donn\u00e1k J\u00e1nos<\/p>\n<p><strong>Brno Shortlist<\/strong> (a nyertest a fogad\u00f3int\u00e9zm\u00e9ny zs\u0171rije v\u00e1lasztja)<br \/>\n2020. \u00e1prilis 1 \u2013 \u00e1prilis 30. | Romh\u00e1nyi Veronika, Varju T\u00f3th Bal\u00e1zs, Zs\u00e1mboki Mikl\u00f3s<\/p>\n<p><strong>Freising- Schafhof Shortlist<\/strong> (a nyertest a fogad\u00f3int\u00e9zm\u00e9ny zs\u0171rije v\u00e1lasztja)<br \/>\n2020. m\u00e1rcius 1 \u2013 \u00e1prilis 30. | Gombos Andrea, Kopp\u00e1nyi P\u00e9ter, Hajas Katinka<\/p>\n<p><strong>Salzburg<\/strong><br \/>\n2020. janu\u00e1r 1 \u2013 janu\u00e1r 31. | Horv\u00e1th Orsolya<br \/>\n2020. febru\u00e1r 1 \u2013 febru\u00e1r 28. | Szil\u00e1gyi Ter\u00e9z<br \/>\n2020. j\u00fanius 1 \u2013 j\u00fanius 30. | Kolesz\u00e1r Stella<\/p>\n<p><strong>Krems<\/strong><br \/>\n2020. m\u00e1rcius 1 \u2013 m\u00e1rcius 30. | Dallos \u00c1d\u00e1m<\/p>\n<p><strong>Strasbourg<\/strong><br \/>\n2020.\u00e1prilis 1 \u2013 \u00e1prilis 30. | Fabricius Anna<\/p>\n<p><strong>Lisszabon<\/strong><br \/>\n2020. j\u00fanius 1 \u2013 j\u00fanius 30. | Komor\u00f3czky Tam\u00e1s<br \/>\n2020. j\u00falius 1 \u2013 j\u00falius 31. | \u0150ze Eszter<\/p>\n<p><strong>Helsinki (Vantaa)<\/strong><br \/>\n2020. \u00e1prilis 1 \u2013 \u00e1prilis 30. | Hecker P\u00e9ter<br \/>\n2020. j\u00falius 1 \u2013 j\u00falius 31. | Bogy\u00f3 Vir\u00e1g<\/p>\n<p><strong>Gyergy\u00f3sz\u00e1rhegy<\/strong><br \/>\n2020. j\u00falius 1 \u2013 j\u00falius 15. (2 hetes) | Mad\u00e1csy Istv\u00e1n<br \/>\n2020. j\u00falius 1 \u2013 j\u00falius 15. (2 hetes) | Rafael Erik<\/p>\n<p><strong>Regensburg Shortlist<\/strong> (a nyertest a fogad\u00f3int\u00e9zm\u00e9ny zs\u0171rije v\u00e1lasztja)<br \/>\n2020. szeptember\/augusztus 1 \u2013 30. | Balogh Vikt\u00f3ria, Gink-Miszlivetz S\u00e1ra, Remsey D\u00e1vid<\/p>\n<p><strong>P\u00e1rizs Shortlist<\/strong> (a nyertest a fogad\u00f3int\u00e9zm\u00e9ny zs\u0171rije v\u00e1lasztja)<br \/>\n2020. okt\u00f3ber 1 \u2013 november 30. | Horv\u00e1th Gideon, Tepl\u00e1n N\u00f3ra, Varga \u00c1d\u00e1m[\/vc_column_text][vc_separator type=&#8221;normal&#8221; color=&#8221;#000000&#8243; up=&#8221;50&#8243; down=&#8221;50&#8243;][vc_column_text]<\/p>\n<h3>A 2019-es p\u00e1ly\u00e1zat nyertesei<\/h3>\n<p><strong>B\u00e9cs<\/strong><br \/>\n2019. augusztus 1 \u2013 augusztus 31. | Nemes Anna<br \/>\n2019. szeptember 1 \u2013 szeptember 30. | Csat\u00f3 J\u00f3zsef<\/p>\n<p><strong>Salzburg<\/strong><br \/>\n2019. janu\u00e1r 1 \u2013 janu\u00e1r 31. | Oberfrank Luca<br \/>\n2019. febru\u00e1r 1 \u2013 febru\u00e1r 28. | Gosztola Kitti<br \/>\n2019. j\u00fanius 1 \u2013 j\u00fanius 30. | Arl\u00e1th Krisztina<\/p>\n<p><strong>Brno<\/strong><br \/>\n2019. m\u00e1rcius 15 \u2013 \u00e1prilis 15. | L\u00e1z\u00e1r D\u00f3ra<\/p>\n<p><strong>Freising \u2013 Schafhof <\/strong><br \/>\n2019. m\u00e1rcius 1 \u2013 \u00e1prilis 31. | T\u00f3th Zs\u00f3fia<\/p>\n<p><strong>Krems<\/strong><br \/>\n2019. m\u00e1rcius 1 \u2013 m\u00e1rcius 31. | Bori Om<\/p>\n<p><strong>Helsinki &#8211; Vantaa<\/strong><br \/>\n2019. \u00e1prilis 1 \u2013 \u00e1prilis 30. | Trapp Dominika<br \/>\n2019. j\u00falius 1 \u2013 j\u00falius 31. | Po\u00f3r Dorottya<\/p>\n<p><strong>Strassbourg<\/strong><br \/>\n2019. j\u00fanius 1 \u2013 j\u00fanius 30. | R\u00f3zsa Luca<\/p>\n<p><strong>Gyergy\u00f3sz\u00e1rhegy<\/strong><br \/>\n2019. j\u00falius 1 \u2013 j\u00falius 15. | Szil\u00e1gyi R\u00f3za Tekla<br \/>\n2019. j\u00falius 1 \u2013 j\u00falius 15. | Koncz G\u00e1bor<\/p>\n<p><strong>Lisszabon<\/strong><br \/>\n2019. j\u00fanius 1 \u2013 j\u00fanius 30. | Gy\u0151rffy L\u00e1szl\u00f3<br \/>\n2019. j\u00falius 1 \u2013 j\u00falius 31. | Perenyei M\u00f3nika<\/p>\n<p><strong>P\u00e1rizs (p\u00f3tp\u00e1ly\u00e1zat)<\/strong><br \/>\n2019. november 1 \u2013 december 20. | Bolla Szilvia[\/vc_column_text][vc_separator type=&#8221;normal&#8221; color=&#8221;#000000&#8243; up=&#8221;50&#8243; down=&#8221;50&#8243;][vc_column_text]<\/p>\n<h3>A 2018-as p\u00e1ly\u00e1zat nyertesei<\/h3>\n<p><strong>B\u00e9cs<\/strong><br \/>\n2018. augusztus 1 \u2013 augusztus 30. | Dob\u00f3 Bianka<br \/>\n2018. szeptember 1 \u2013 szeptember 30. | Fajgern\u00e9 Dud\u00e1s Andrea<\/p>\n<p><strong>Salzburg<\/strong><br \/>\n2018. janu\u00e1r 1 \u2013 janu\u00e1r 31. | Mur\u00e1nyi M\u00f3zes<br \/>\n2018. m\u00e1rcius 1 \u2013 m\u00e1rcius 30. | Szentesi Csaba<br \/>\n2018. m\u00e1rcius 1 \u2013 m\u00e1rcius 30. | Moln\u00e1r Judit Lilla<\/p>\n<p><strong>Krems<\/strong><br \/>\n2018. m\u00e1rcius 1 \u2013 m\u00e1rcius 30. | Kov\u00e1cs Krist\u00f3f<\/p>\n<p><strong>Freising (Schafhof)<\/strong><br \/>\n2018. m\u00e1rcius 1 \u2013 m\u00e1rcius 30. | Fridvalszki M\u00e1rk<\/p>\n<p><strong>P\u00e1rizs<\/strong><br \/>\n2018. m\u00e1jus 4 \u2013 j\u00falius 4. (2 h\u00f3nap) | S\u00fcveges Rita<\/p>\n<p><strong>Strasbourg<\/strong><br \/>\n2018. m\u00e1jus 1 \u2013 m\u00e1jus 31. | Szemz\u0151 Zs\u00f3fia<\/p>\n<p><strong>Lisszabon<\/strong><br \/>\n2018. j\u00fanius 2 \u2013 j\u00fanius 31. | Sz\u00e1sz Lilla<br \/>\n2018. j\u00falius 1 \u2013 j\u00falius 30. | Szab\u00f3 Eszter \u00c1gnes<\/p>\n<p><strong>Helsinki (Vantaa)\u00a0<\/strong><br \/>\n2018. j\u00falius 1 \u2013 j\u00falius 30. | V\u00e9kony Dorottya<\/p>\n<p><strong>Gyergy\u00f3sz\u00e1rhegy<\/strong><br \/>\n2018. j\u00falius 1 \u2013 j\u00falius 15. (2 hetes) | Somogyi Laura<br \/>\n2018. j\u00falius 1 \u2013 j\u00falius 15. (2 hetes) | Keller Diana[\/vc_column_text][vc_separator type=&#8221;normal&#8221; color=&#8221;#000000&#8243; up=&#8221;50&#8243; down=&#8221;50&#8243;][vc_column_text]<\/p>\n<h3>A 2017-es p\u00e1ly\u00e1zat nyertesei<\/h3>\n<p><strong>B\u00e9cs<\/strong><br \/>\n2017. augusztus 1 \u2013 augusztus 30. | Kir\u00e1ly Andr\u00e1s<br \/>\n2017. szeptember 1 \u2013 szeptember 30. | Keresztes Zs\u00f3fia<\/p>\n<p><strong>Salzburg<\/strong><br \/>\n2017. febru\u00e1r 1 \u2013 febru\u00e1r 28. | Puszt Zs\u00f3fia<br \/>\n2017. m\u00e1rcius 1 \u2013 m\u00e1rcius 30. | Felsmann Istv\u00e1n<br \/>\n2017. m\u00e1rcius 1 \u2013 m\u00e1rcius 30. | M\u00e1ty\u00e1si P\u00e9ter<\/p>\n<p><strong>Krems<\/strong><br \/>\n2017. m\u00e1rcius 1 \u2013 m\u00e1rcius 30. | Barnaf\u00f6ldi Anna<\/p>\n<p><strong>P\u00e1rizs<\/strong><br \/>\n2017. m\u00e1jus 1 \u2013 j\u00fanius 30. (2 h\u00f3nap) | KissP\u00e1l Szabolcs<\/p>\n<p><strong>Strasbourg<\/strong><br \/>\n2017. j\u00fanius 15 \u2013 j\u00falius 15. | Gy\u0151ri Blanka<\/p>\n<p><strong>Lisszabon<\/strong><br \/>\n2017. j\u00falius 1 \u2013 j\u00falius 30. | Sz\u00e9cs\u00e9nyi-Nagy Lor\u00e1nd<br \/>\n2017. augusztus 1 \u2013 augusztus 30. | Orb\u00e1n Gy\u00f6rgy<\/p>\n<p><strong>Helsinki (Vantaa)\u00a0<\/strong><br \/>\n2017. j\u00falius 1 \u2013 j\u00falius 30. | S\u00e1rai Vanda<\/p>\n<p><strong>Gyergy\u00f3sz\u00e1rhegy<\/strong><br \/>\n2017. j\u00falius 10 \u2013 j\u00falius 25. | Horv\u00e1th Krisztina<br \/>\n2017. j\u00falius 10 \u2013 j\u00falius 25. | Klima G\u00e1bor[\/vc_column_text][vc_separator type=&#8221;normal&#8221; color=&#8221;#000000&#8243; up=&#8221;50&#8243; down=&#8221;50&#8243;][vc_column_text]<\/p>\n<h3>A 2016-os p\u00e1ly\u00e1zat nyertesei<\/h3>\n<p><strong>B\u00e9cs<\/strong><br \/>\n2016. augusztus 1 \u2013 augusztus 30. | Domi\u00e1n Gyula<br \/>\n2016. szeptember 1 \u2013 szeptember 30. | Schmied Andi<\/p>\n<p><strong>Salzburg<\/strong><br \/>\n2016. janu\u00e1r 2 \u2013 janu\u00e1r 30. | Juh\u00e1sz Tam\u00e1s<br \/>\n2016. febru\u00e1r 1 \u2013 febru\u00e1r 28. | Ny\u00edri Julianna<br \/>\n2016. j\u00fanius 1 \u2013 j\u00fanius 30. | B\u00f6gi Di\u00e1na<\/p>\n<p><strong>Krems<\/strong><br \/>\n2016. m\u00e1rcius 1 \u2013 m\u00e1rcius 30. | Pacsika Rudolf<\/p>\n<p><strong>Stuttgart<\/strong><br \/>\n2016. augusztus 1 \u2013 augusztus 30. | Rudas Kl\u00e1ra<br \/>\n2016. szeptember 1 \u2013 szeptember 30. | V\u00e9csei J\u00falia<\/p>\n<p><strong>P\u00e1rizs<\/strong><br \/>\n2016. janu\u00e1r 2 \u2013 febru\u00e1r 28. (2 h\u00f3nap) | Krist\u00f3f G\u00e1bor<\/p>\n<p><strong>Strasbourg<\/strong><br \/>\n2016. j\u00fanius 1 \u2013 j\u00fanius 30. | T\u00e1bori Andr\u00e1s<\/p>\n<p><strong>Lisszabon<\/strong><br \/>\n2016. j\u00falius 1 \u2013 j\u00falius 30. | Br\u00fcckner J\u00e1nos<br \/>\n2016. augusztus 1 \u2013 augusztus 30. | Szalay P\u00e9ter<\/p>\n<p><strong>Helsinki (Vantaa)\u00a0<\/strong><br \/>\n2016. j\u00falius 1 \u2013 j\u00falius 30. | Krist\u00f3f Kriszti\u00e1n<\/p>\n<p><strong>Gyergy\u00f3sz\u00e1rhegy<\/strong><br \/>\n2016. j\u00falius 10 \u2013 j\u00falius 25. | Tulisz Hajnalka, Bodor Anik\u00f3[\/vc_column_text][vc_separator type=&#8221;normal&#8221; color=&#8221;#000000&#8243; up=&#8221;50&#8243; down=&#8221;50&#8243;][vc_column_text]<\/p>\n<h3>A 2015-\u00f6s p\u00e1ly\u00e1zat nyertesei<\/h3>\n<p><strong>B\u00e9cs<\/strong><br \/>\n2015. augusztus 1 \u2013 augusztus 30. | B\u00e1nf\u00f6ldi Zolt\u00e1n<br \/>\n2015. szeptember 1 \u2013 szeptember 30. | Rab\u00f3czky Judit<\/p>\n<p><strong>Salzburg<\/strong><br \/>\n2015. janu\u00e1r 2 \u2013 janu\u00e1r 30. | Sz\u00e9ri-Varga G\u00e9za<br \/>\n2015. febru\u00e1r 1 \u2013 febru\u00e1r 28. | Szentesi Csaba<\/p>\n<p><strong>Krems<\/strong><br \/>\n2015. m\u00e1rcius 1 \u2013 m\u00e1rcius 30. | Szigethy Anna<\/p>\n<p><strong>Stuttgart<\/strong><br \/>\n2015. augusztus 1 \u2013 augusztus 30. | Ko\u00f3s G\u00e1bor<br \/>\n2015. szeptember 1 \u2013 szeptember 30. | K\u00fatv\u00f6lgyi-Szab\u00f3 \u00c1ron<\/p>\n<p><strong>P\u00e1rizs<\/strong><br \/>\n2015. febru\u00e1r 1 \u2013 m\u00e1rcius 30. | F\u00e1tyol Viola<\/p>\n<p><strong>Strasbourg<\/strong><br \/>\n2015. j\u00fanius 1 \u2013 j\u00fanius 30. | Gallov P\u00e9ter<\/p>\n<p><strong>Lisszabon<\/strong><br \/>\n2015. j\u00falius 1 \u2013 j\u00falius 30. | Ill\u00e9s Zs\u00f3fia<br \/>\n2015. augusztus 1 \u2013 augusztus 30. | Pecsics M\u00e1ria<\/p>\n<p><strong>Helsinki (Vantaa)\u00a0<\/strong><br \/>\n2015. j\u00falius 1 \u2013 j\u00falius 30. |\u00a0B. P\u00e1ger Bernadett<\/p>\n<p><strong>Gyergy\u00f3sz\u00e1rhegy<\/strong><br \/>\n2015. j\u00falius 10 \u2013 j\u00falius 25. | Basa Anik\u00f3, Kelemen D\u00e9nes Lehel[\/vc_column_text][vc_empty_space height=&#8221;32&#8243;][\/vc_column][\/vc_row][vc_row css_animation=&#8221;&#8221; row_type=&#8221;row&#8221; use_row_as_full_screen_section=&#8221;no&#8221; type=&#8221;grid&#8221; angled_section=&#8221;no&#8221; text_align=&#8221;left&#8221; background_image_as_pattern=&#8221;without_pattern&#8221; template=&#8221;ism_template_1&#8243; ism_overlock=&#8221;default&#8221; sm_d_text=&#8221;<\/p>\n<h2>This content is locked<\/h2>\n<p>Share This Page To Unlock The Content!&#8221;][vc_column][vc_empty_space height=&#8221;45&#8243;][\/vc_column][\/vc_row]<\/p>\n<\/div>","protected":false},"excerpt":{"rendered":"<p>[vc_row css_animation=&#8221;&#8221; seperator_indeed_locker=&#8221;&#8221; lk_t=&#8221;ism_template_1&#8243; lk_io=&#8221;default&#8221; lk_dm=&#8221;0&#8243; lk_thm=&#8221;0&#8243; lk_tuo=&#8221;0&#8243; ru_on=&#8221;0&#8243; uhc_on=&#8221;0&#8243; ur_on=&#8221;0&#8243; ref_on=&#8221;0&#8243; row_type=&#8221;row&#8221; use_row_as_full_screen_section=&#8221;no&#8221; type=&#8221;grid&#8221;&#8230;<\/p>\n","protected":false},"author":11,"featured_media":0,"parent":20587,"menu_order":0,"comment_status":"closed","ping_status":"closed","template":"full_width.php","meta":{"inline_featured_image":false,"loftloader_pro_show_once":"","loftloader_pro_page_shortcode":"","footnotes":""},"class_list":["post-16929","page","type-page","status-publish","hentry"],"_links":{"self":[{"href":"https:\/\/budapestgaleria.hu\/_\/wp-json\/wp\/v2\/pages\/16929","targetHints":{"allow":["GET"]}}],"collection":[{"href":"https:\/\/budapestgaleria.hu\/_\/wp-json\/wp\/v2\/pages"}],"about":[{"href":"https:\/\/budapestgaleria.hu\/_\/wp-json\/wp\/v2\/types\/page"}],"author":[{"embeddable":true,"href":"https:\/\/budapestgaleria.hu\/_\/wp-json\/wp\/v2\/users\/11"}],"replies":[{"embeddable":true,"href":"https:\/\/budapestgaleria.hu\/_\/wp-json\/wp\/v2\/comments?post=16929"}],"version-history":[{"count":0,"href":"https:\/\/budapestgaleria.hu\/_\/wp-json\/wp\/v2\/pages\/16929\/revisions"}],"up":[{"embeddable":true,"href":"https:\/\/budapestgaleria.hu\/_\/wp-json\/wp\/v2\/pages\/20587"}],"wp:attachment":[{"href":"https:\/\/budapestgaleria.hu\/_\/wp-json\/wp\/v2\/media?parent=16929"}],"curies":[{"name":"wp","href":"https:\/\/api.w.org\/{rel}","templated":true}]}}