{"id":17187,"date":"2020-12-02T14:06:14","date_gmt":"2020-12-02T13:06:14","guid":{"rendered":"https:\/\/budapestgaleria.hu\/_\/?page_id=17187"},"modified":"2025-09-12T11:11:11","modified_gmt":"2025-09-12T09:11:11","slug":"a-muveszcsere-programrol","status":"publish","type":"page","link":"https:\/\/budapestgaleria.hu\/_\/muveszcsere-program\/a-muveszcsere-programrol\/","title":{"rendered":"A m\u0171v\u00e9szcsere programr\u00f3l"},"content":{"rendered":"<div class=\"wpb-content-wrapper\"><p>[vc_row css_animation=&#8221;&#8221; row_type=&#8221;row&#8221; use_row_as_full_screen_section=&#8221;no&#8221; type=&#8221;grid&#8221; angled_section=&#8221;no&#8221; text_align=&#8221;left&#8221; background_image_as_pattern=&#8221;without_pattern&#8221; bgparallax=&#8221;parallax&#8221; contentwidth=&#8221;container&#8221; toppadding=&#8221;35&#8243; bottompadding=&#8221;50&#8243; border=&#8221;on&#8221; css=&#8221;.vc_custom_1421190070445{background-color: #ffffff !important;}&#8221;][vc_column][vc_single_image image=&#8221;23566&#8243; img_size=&#8221;full&#8221; css=&#8221;&#8221; qode_css_animation=&#8221;&#8221;][vc_empty_space height=&#8221;45&#8243;][vc_column_text css=&#8221;&#8221;]<\/p>\n<h3>A Budapest Gal\u00e9ria m\u0171v\u00e9szcsere programj\u00e1r\u00f3l<\/h3>\n<p>&nbsp;<\/p>\n<p>A Budapest Gal\u00e9ria \u00e1ltal 1989 \u00f3ta szervezett M\u0171v\u00e9szcsere Program Budapest egyik legr\u00e9gebbi \u00e9s legismertebb rezidencia programja. A program c\u00e9lja, hogy a k\u00fclf\u00f6ldi kapcsolat\u00e9p\u00edt\u00e9s \u00e9s alkot\u00e1s lehet\u0151s\u00e9g\u00e9t biztos\u00edtsa budapesti m\u0171v\u00e9szek sz\u00e1m\u00e1ra \u00e9s ezzel p\u00e1rhuzamosan a k\u00fclf\u00f6ldi kort\u00e1rs alkot\u00f3kkal megismertesse a budapesti m\u0171v\u00e9szeti szc\u00e9n\u00e1t, valamint hogy \u00e1polja \u00e9s b\u0151v\u00edtse a Budapest Gal\u00e9ria nemzetk\u00f6zi int\u00e9zm\u00e9nyi kapcsolatait.<\/p>\n<p>A Budapest Gal\u00e9ria tev\u00e9kenys\u00e9g\u00e9nek f\u00f3kusz\u00e1ban a hazai \u00e9s k\u00fclf\u00f6ldi kort\u00e1rs m\u0171v\u00e9szek projektjeinek kur\u00e1tori koncepci\u00f3k ment\u00e9n t\u00f6rt\u00e9n\u0151 bemutat\u00e1sa \u00e1ll, amelybe az ide \u00e9rkez\u0151 m\u0171v\u00e9szeket ig\u00e9nyeiknek megfelel\u0151en be is vonja. Az \u00f6szt\u00f6nd\u00edjasoknak egy, illetve k\u00e9t h\u00f3napos itt-tart\u00f3zkod\u00e1suk alatt lehet\u0151s\u00e9g\u00fck van a Budapest Gal\u00e9ria f\u00f6ld alatti PINCE ki\u00e1ll\u00edt\u00f3ter\u00e9ben ki\u00e1ll\u00edt\u00e1st rendezni, open studio vagy artist talk keret\u00e9n bel\u00fcl bemutatkozni.<\/p>\n<p>A M\u0171v\u00e9szcsere Program minden vend\u00e9gm\u0171v\u00e9sz sz\u00e1m\u00e1ra egy, a Belv\u00e1ros sz\u00edv\u00e9ben elhelyezked\u0151, teljesen felszerelt m\u0171teremlak\u00e1st k\u00edn\u00e1l, az itt-tart\u00f3zkod\u00e1s idej\u00e9re anyagi t\u00e1mogat\u00e1ssal. Az egyenk\u00e9nt kb. 60 nm-es lak\u00e1sokban a m\u0171v\u00e9szek ig\u00e9nyeiknek megfelel\u0151en zavartalanul alkothatnak, az utc\u00e1ra kil\u00e9pve pedig sz\u00e1mos kultur\u00e1lis lehet\u0151s\u00e9g v\u00e1rja \u0151ket a hetedik ker\u00fclet s\u0171r\u0171j\u00e9ben. A helyi m\u0171v\u00e9szeti \u00e9letbe val\u00f3 beilleszked\u00e9s\u00fcket a M\u0171v\u00e9szcsere Program\u00e9rt felel\u0151s koordin\u00e1tor, valamint Budapest Gal\u00e9ria st\u00e1bja seg\u00edti.<\/p>\n<p>Az \u00e9vek sor\u00e1n a Budapest Gal\u00e9ria hossz\u00fat\u00e1v\u00fa kapcsolatot alak\u00edtott ki t\u00f6bb, mint 10 partnerv\u00e1rossal Eur\u00f3pa-szerte. Az \u00e1ltala fel\u00e1ll\u00edtott, \u00f6t tag\u00fa, \u00e9vente v\u00e1ltoz\u00f3 \u00f6sszet\u00e9tel\u0171 zs\u0171ri azoknak a magyar m\u0171v\u00e9szeknek \u00e9s kur\u00e1toroknak a p\u00e1ly\u00e1zatait b\u00edr\u00e1lja el, akik a k\u00fclf\u00f6ld\u00f6n meghirdetett helyek valamelyik\u00e9re k\u00edv\u00e1nj\u00e1k beadni \u00f6szt\u00f6nd\u00edj-k\u00e9relm\u00fcket. A Budapest Gal\u00e9ria egy, illetve k\u00e9t h\u00f3napos rezidenci\u00e1j\u00e1t a partner int\u00e9zm\u00e9nyeken kereszt\u00fcl p\u00e1ly\u00e1zhatj\u00e1k meg a jelentkez\u0151k.[\/vc_column_text][vc_empty_space height=&#8221;32&#8243;][vc_empty_space height=&#8221;32&#8243;][vc_empty_space height=&#8221;32&#8243;][\/vc_column][\/vc_row][vc_row css_animation=&#8221;&#8221; row_type=&#8221;row&#8221; use_row_as_full_screen_section=&#8221;no&#8221; type=&#8221;grid&#8221; angled_section=&#8221;no&#8221; text_align=&#8221;left&#8221; background_image_as_pattern=&#8221;without_pattern&#8221; template=&#8221;ism_template_1&#8243; ism_overlock=&#8221;default&#8221; sm_d_text=&#8221;<\/p>\n<h2>This content is locked<\/h2>\n<p>Share This Page To Unlock The Content!&#8221;][vc_column][vc_empty_space height=&#8221;45&#8243;][\/vc_column][\/vc_row]<\/p>\n<\/div>","protected":false},"excerpt":{"rendered":"<p>[vc_row css_animation=&#8221;&#8221; row_type=&#8221;row&#8221; use_row_as_full_screen_section=&#8221;no&#8221; type=&#8221;grid&#8221; angled_section=&#8221;no&#8221; text_align=&#8221;left&#8221; background_image_as_pattern=&#8221;without_pattern&#8221; bgparallax=&#8221;parallax&#8221; contentwidth=&#8221;container&#8221; toppadding=&#8221;35&#8243; bottompadding=&#8221;50&#8243; border=&#8221;on&#8221; css=&#8221;.vc_custom_1421190070445{background-color: #ffffff&#8230;<\/p>\n","protected":false},"author":11,"featured_media":0,"parent":20587,"menu_order":0,"comment_status":"closed","ping_status":"closed","template":"full_width.php","meta":{"inline_featured_image":false,"loftloader_pro_show_once":"","loftloader_pro_page_shortcode":"","footnotes":""},"class_list":["post-17187","page","type-page","status-publish","hentry"],"_links":{"self":[{"href":"https:\/\/budapestgaleria.hu\/_\/wp-json\/wp\/v2\/pages\/17187","targetHints":{"allow":["GET"]}}],"collection":[{"href":"https:\/\/budapestgaleria.hu\/_\/wp-json\/wp\/v2\/pages"}],"about":[{"href":"https:\/\/budapestgaleria.hu\/_\/wp-json\/wp\/v2\/types\/page"}],"author":[{"embeddable":true,"href":"https:\/\/budapestgaleria.hu\/_\/wp-json\/wp\/v2\/users\/11"}],"replies":[{"embeddable":true,"href":"https:\/\/budapestgaleria.hu\/_\/wp-json\/wp\/v2\/comments?post=17187"}],"version-history":[{"count":0,"href":"https:\/\/budapestgaleria.hu\/_\/wp-json\/wp\/v2\/pages\/17187\/revisions"}],"up":[{"embeddable":true,"href":"https:\/\/budapestgaleria.hu\/_\/wp-json\/wp\/v2\/pages\/20587"}],"wp:attachment":[{"href":"https:\/\/budapestgaleria.hu\/_\/wp-json\/wp\/v2\/media?parent=17187"}],"curies":[{"name":"wp","href":"https:\/\/api.w.org\/{rel}","templated":true}]}}