{"id":17326,"date":"2021-07-13T10:50:00","date_gmt":"2021-07-13T08:50:00","guid":{"rendered":"https:\/\/budapestgaleria.hu\/_\/?page_id=17326"},"modified":"2024-07-04T13:22:39","modified_gmt":"2024-07-04T11:22:39","slug":"mikrotomia","status":"publish","type":"page","link":"https:\/\/budapestgaleria.hu\/_\/2021-kiallitasok\/mikrotomia\/","title":{"rendered":"Mikrot\u00f3mia"},"content":{"rendered":"<div class=\"wpb-content-wrapper\"><p>[vc_row css_animation=&#8221;&#8221; row_type=&#8221;row&#8221; use_row_as_full_screen_section=&#8221;no&#8221; type=&#8221;grid&#8221; angled_section=&#8221;no&#8221; text_align=&#8221;left&#8221; background_image_as_pattern=&#8221;without_pattern&#8221; template=&#8221;ism_template_1&#8243; ism_overlock=&#8221;default&#8221; sm_d_text=&#8221;<\/p>\n<h2>This content is locked<\/h2>\n<p>Share This Page To Unlock The Content!&#8221;][vc_column][vc_single_image image=&#8221;17351&#8243; img_size=&#8221;full&#8221; qode_css_animation=&#8221;&#8221;][vc_empty_space height=&#8221;10px&#8221;][\/vc_column][\/vc_row][vc_row css_animation=&#8221;&#8221; row_type=&#8221;row&#8221; use_row_as_full_screen_section=&#8221;no&#8221; type=&#8221;grid&#8221; angled_section=&#8221;no&#8221; text_align=&#8221;left&#8221; background_image_as_pattern=&#8221;without_pattern&#8221;][vc_column][vc_empty_space height=&#8221;45px&#8221;][vc_column_text]<\/p>\n<h1 class=\"cim_1\"><em>Mikrot\u00f3mia<\/em><\/h1>\n<p>[\/vc_column_text][vc_empty_space height=&#8221;45px&#8221;][\/vc_column][\/vc_row][vc_row css_animation=&#8221;&#8221; row_type=&#8221;row&#8221; use_row_as_full_screen_section=&#8221;no&#8221; type=&#8221;grid&#8221; angled_section=&#8221;no&#8221; text_align=&#8221;left&#8221; background_image_as_pattern=&#8221;without_pattern&#8221; bgparallax=&#8221;parallax&#8221; contentwidth=&#8221;container&#8221; toppadding=&#8221;40&#8243; bottompadding=&#8221;10&#8243; border=&#8221;on&#8221; css=&#8221;.vc_custom_1420648296958{background-color: #ffffff !important;}&#8221;][vc_column width=&#8221;1\/3&#8243; css=&#8221;.vc_custom_1427029754112{padding-right: 25px !important;}&#8221; el_class=&#8221;full-1&#8243;][vc_column_text]<\/p>\n<p class=\"hely_bpgal\">Budapest Gal\u00e9ria<\/p>\n<p class=\"cim_bpgal\">1036 Budapest, Lajos utca 158. (emelet)<\/p>\n<p class=\"datum_bpgal\">2021. j\u00falius 30. \u2013 okt\u00f3ber 3.<\/p>\n<p>[\/vc_column_text][vc_column_text]<\/p>\n<p class=\"kiemeles_bpgal\">Ki\u00e1ll\u00edt\u00f3 m\u0171v\u00e9szek:<\/p>\n<p class=\"verzal_bpgal\">Bagi Attila | Bern\u00e1th D\u00e1niel | Dejan Dukic | Koszor\u00fas Rita<\/p>\n<p>[\/vc_column_text][vc_column_text]<\/p>\n<p class=\"kiemeles_bpgal\">A ki\u00e1ll\u00edt\u00e1s kur\u00e1tora:<\/p>\n<p class=\"verzal_bpgal\">Koll\u00e1r Dalma Eszter<\/p>\n<p>[\/vc_column_text][vc_column_text]<\/p>\n<p class=\"kiemeles_bpgal\">Grafika:<\/p>\n<p class=\"verzal_bpgal\">Kazsik Marcell<\/p>\n<p>[\/vc_column_text][vc_column_text]<\/p>\n<p class=\"kiemeles_bpgal\">Megnyit\u00f3:<\/p>\n<p class=\"datum_bpgal_2\">2021. j\u00falius 29., (cs\u00fct\u00f6rt\u00f6k) 18:00<\/p>\n<p class=\"kiemeles_bpgal\">Zenei performansz:<\/p>\n<p class=\"verzal_bpgal\">M\u00e1k\u00f3 Rozi<\/p>\n<p>[\/vc_column_text][vc_empty_space][\/vc_column][vc_column width=&#8221;2\/3&#8243; el_class=&#8221;full-2&#8243;][vc_column_text]A Budapest Gal\u00e9ria nemzetk\u00f6zi, csoportos ki\u00e1ll\u00edt\u00e1s\u00e1nak c\u00edm\u00e9t ad\u00f3 mikrot\u00f3mia fogalma a term\u00e9szettudom\u00e1nyok ter\u00fclet\u00e9r\u0151l sz\u00e1rmazik. Azt az elj\u00e1r\u00e1st jel\u00f6li, amely sor\u00e1n a vizsg\u00e1lni k\u00edv\u00e1nt anyagb\u00f3l \u2013 legyen az k\u0151zet, \u00e1llati, n\u00f6v\u00e9nyi vagy emberi sz\u00f6vet \u2013 a szakemberek egy nanom\u00e9terben m\u00e9rhet\u0151 vastags\u00e1g\u00fa szeletet metszenek le, hogy azt\u00e1n mikroszk\u00f3p alatt tanulm\u00e1nyozhass\u00e1k tulajdons\u00e1gait.<\/p>\n<p>A <em>Mikrot\u00f3mia<\/em> c\u00edm\u0171 ki\u00e1ll\u00edt\u00e1son szerepl\u0151 fest\u0151m\u0171v\u00e9szek hasonl\u00f3, anyagk\u00f6zpont\u00fa vizsg\u00e1l\u00f3d\u00e1st folytatnak. A festm\u00e9nyt, mint m\u00e9diumot alapelemeire szedve, a vakr\u00e1ma-v\u00e1szon-fest\u00e9k h\u00e1rmas\u00e1t megbontva hoznak l\u00e9tre alkot\u00e1sokat. Felhasogatj\u00e1k a vakr\u00e1m\u00e1t, sz\u00e9tv\u00e1gj\u00e1k \u00e9s \u00f6sszevarrj\u00e1k a v\u00e1sznat, leoldj\u00e1k vagy visszaszedik a pigmentet a k\u00e9pfel\u00fcletr\u0151l. Felt\u00e1rj\u00e1k a maszkol\u00e1s technik\u00e1j\u00e1nak nyomait, a sz\u00f6vet sz\u00e1lai k\u00f6z\u00f6tt passz\u00edrozz\u00e1k \u00e1t a fest\u00e9ket, vagy \u00e9pp a v\u00e1sznat elhagyva, a falra festik meg a k\u00e9pet. M\u00edg Bern\u00e1th D\u00e1nielt \u00e9s Dejan Dukic-ot a fest\u00e9szet organikuss\u00e1ga \u00e9rdekli, ahogyan a term\u00e9szet adta form\u00e1k seg\u00edts\u00e9g\u00e9vel \u00e9s az anyaggal k\u00f6zvetlen fizikai kontaktusban hozz\u00e1k l\u00e9tre alkot\u00e1saikat, addig Bagi Attil\u00e1t \u00e9s Koszor\u00fas Rit\u00e1t egyar\u00e1nt foglalkoztatja a festm\u00e9nyek t\u00e9rhez val\u00f3 viszonya \u00e9s az alkot\u00e1si folyamat sor\u00e1n r\u00e9tegz\u0151d\u0151 k\u00e9pfel\u00fcletek megmutat\u00e1sa. A n\u00e9gy fiatal alkot\u00f3, b\u00e1r m\u00e1s-m\u00e1s megk\u00f6zel\u00edt\u00e9sb\u0151l \u00e9s ind\u00edttat\u00e1sb\u00f3l v\u00e9gzi \u201canyagk\u00eds\u00e9rleteit\u201d, m\u00e9gis, mindannyiuk m\u0171vei \u00e9rtelmezhet\u0151ek az \u00faj absztrakt fest\u00e9szetre adott reakci\u00f3k\u00e9nt, egy\u00fattal k\u00e9rd\u00e9sfeltev\u00e9sk\u00e9nt a fest\u00e9szet aktu\u00e1lis meg\u00edt\u00e9l\u00e9s\u00e9r\u0151l \u00e9s l\u00e9tjogosults\u00e1g\u00e1r\u00f3l.<br \/>\n[\/vc_column_text][vc_empty_space height=&#8221;45&#8243;][vc_separator type=&#8221;normal&#8221; color=&#8221;#c6c6c6&#8243; up=&#8221;10&#8243; down=&#8221;20&#8243;][vc_single_image image=&#8221;8628&#8243; img_size=&#8221;80&#215;54&#8243; onclick=&#8221;custom_link&#8221; img_link_target=&#8221;_blank&#8221; qode_css_animation=&#8221;&#8221; link=&#8221;http:\/\/www.nka.hu&#8221;][vc_empty_space height=&#8221;20px&#8221;][vc_single_image image=&#8221;17327&#8243; img_size=&#8221;90&#215;90&#8243; onclick=&#8221;custom_link&#8221; img_link_target=&#8221;_blank&#8221; qode_css_animation=&#8221;&#8221; link=&#8221;https:\/\/www.mzv.sk\/web\/sibudapest-hu\/rolunk&#8221;][vc_empty_space height=&#8221;45px&#8221;][vc_single_image image=&#8221;21481&#8243; img_size=&#8221;full&#8221; qode_css_animation=&#8221;&#8221;][vc_empty_space][vc_single_image image=&#8221;21484&#8243; img_size=&#8221;full&#8221; qode_css_animation=&#8221;&#8221;][vc_empty_space][vc_single_image image=&#8221;21486&#8243; img_size=&#8221;full&#8221; qode_css_animation=&#8221;&#8221;][vc_empty_space][vc_single_image image=&#8221;21488&#8243; img_size=&#8221;full&#8221; qode_css_animation=&#8221;&#8221;][vc_empty_space][vc_single_image image=&#8221;21491&#8243; img_size=&#8221;full&#8221; qode_css_animation=&#8221;&#8221;][vc_empty_space][vc_single_image image=&#8221;21493&#8243; img_size=&#8221;full&#8221; qode_css_animation=&#8221;&#8221;][vc_empty_space][vc_single_image image=&#8221;21495&#8243; img_size=&#8221;full&#8221; qode_css_animation=&#8221;&#8221;][vc_empty_space][vc_single_image image=&#8221;21497&#8243; img_size=&#8221;full&#8221; qode_css_animation=&#8221;&#8221;][vc_empty_space][vc_single_image image=&#8221;21499&#8243; img_size=&#8221;full&#8221; qode_css_animation=&#8221;&#8221;][vc_empty_space][vc_single_image image=&#8221;21501&#8243; img_size=&#8221;full&#8221; qode_css_animation=&#8221;&#8221;][vc_empty_space][vc_column_text]<\/p>\n<p class=\"kepalairas_cim_jobb\">Fot\u00f3k: Juh\u00e1sz G. Tam\u00e1s<\/p>\n<p>[\/vc_column_text][vc_empty_space][\/vc_column][\/vc_row][vc_row css_animation=&#8221;&#8221; row_type=&#8221;row&#8221; use_row_as_full_screen_section=&#8221;no&#8221; type=&#8221;grid&#8221; angled_section=&#8221;no&#8221; text_align=&#8221;left&#8221; background_image_as_pattern=&#8221;without_pattern&#8221; template=&#8221;ism_template_1&#8243; ism_overlock=&#8221;default&#8221; sm_d_text=&#8221;<\/p>\n<h2>This content is locked<\/h2>\n<p>Share This Page To Unlock The Content!&#8221;][vc_column][vc_empty_space height=&#8221;45px&#8221;][\/vc_column][\/vc_row]<\/p>\n<\/div>","protected":false},"excerpt":{"rendered":"<p>[vc_row css_animation=&#8221;&#8221; row_type=&#8221;row&#8221; use_row_as_full_screen_section=&#8221;no&#8221; type=&#8221;grid&#8221; angled_section=&#8221;no&#8221; text_align=&#8221;left&#8221; background_image_as_pattern=&#8221;without_pattern&#8221; template=&#8221;ism_template_1&#8243; ism_overlock=&#8221;default&#8221; sm_d_text=&#8221; This content is locked&#8230;<\/p>\n","protected":false},"author":11,"featured_media":0,"parent":17263,"menu_order":0,"comment_status":"closed","ping_status":"closed","template":"full_width.php","meta":{"inline_featured_image":false,"loftloader_pro_show_once":"","loftloader_pro_page_shortcode":"","footnotes":""},"class_list":["post-17326","page","type-page","status-publish","hentry"],"_links":{"self":[{"href":"https:\/\/budapestgaleria.hu\/_\/wp-json\/wp\/v2\/pages\/17326","targetHints":{"allow":["GET"]}}],"collection":[{"href":"https:\/\/budapestgaleria.hu\/_\/wp-json\/wp\/v2\/pages"}],"about":[{"href":"https:\/\/budapestgaleria.hu\/_\/wp-json\/wp\/v2\/types\/page"}],"author":[{"embeddable":true,"href":"https:\/\/budapestgaleria.hu\/_\/wp-json\/wp\/v2\/users\/11"}],"replies":[{"embeddable":true,"href":"https:\/\/budapestgaleria.hu\/_\/wp-json\/wp\/v2\/comments?post=17326"}],"version-history":[{"count":0,"href":"https:\/\/budapestgaleria.hu\/_\/wp-json\/wp\/v2\/pages\/17326\/revisions"}],"up":[{"embeddable":true,"href":"https:\/\/budapestgaleria.hu\/_\/wp-json\/wp\/v2\/pages\/17263"}],"wp:attachment":[{"href":"https:\/\/budapestgaleria.hu\/_\/wp-json\/wp\/v2\/media?parent=17326"}],"curies":[{"name":"wp","href":"https:\/\/api.w.org\/{rel}","templated":true}]}}