{"id":17385,"date":"2021-07-21T11:25:35","date_gmt":"2021-07-21T09:25:35","guid":{"rendered":"https:\/\/budapestgaleria.hu\/_\/?page_id=17385"},"modified":"2023-12-21T14:30:57","modified_gmt":"2023-12-21T13:30:57","slug":"elfelejtett-tudasok-jegyzeke","status":"publish","type":"page","link":"https:\/\/budapestgaleria.hu\/_\/2021-kiallitasok\/elfelejtett-tudasok-jegyzeke\/","title":{"rendered":"Elfelejtett tud\u00e1sok jegyz\u00e9ke"},"content":{"rendered":"<div class=\"wpb-content-wrapper\"><p>[vc_row css_animation=&#8221;&#8221; row_type=&#8221;row&#8221; use_row_as_full_screen_section=&#8221;no&#8221; type=&#8221;grid&#8221; angled_section=&#8221;no&#8221; text_align=&#8221;left&#8221; background_image_as_pattern=&#8221;without_pattern&#8221; template=&#8221;ism_template_1&#8243; ism_overlock=&#8221;default&#8221; sm_d_text=&#8221;<\/p>\n<h2>This content is locked<\/h2>\n<p>Share This Page To Unlock The Content!&#8221;][vc_column][vc_single_image image=&#8221;17388&#8243; img_size=&#8221;full&#8221; qode_css_animation=&#8221;&#8221;][vc_empty_space height=&#8221;10px&#8221;][\/vc_column][\/vc_row][vc_row css_animation=&#8221;&#8221; row_type=&#8221;row&#8221; use_row_as_full_screen_section=&#8221;no&#8221; type=&#8221;grid&#8221; angled_section=&#8221;no&#8221; text_align=&#8221;left&#8221; background_image_as_pattern=&#8221;without_pattern&#8221;][vc_column][vc_empty_space height=&#8221;45px&#8221;][vc_column_text]<\/p>\n<h1 class=\"cim_1\"><em>Elfelejtett tud\u00e1sok jegyz\u00e9ke<\/em><\/h1>\n<p>[\/vc_column_text][vc_empty_space height=&#8221;45px&#8221;][\/vc_column][\/vc_row][vc_row css_animation=&#8221;&#8221; row_type=&#8221;row&#8221; use_row_as_full_screen_section=&#8221;no&#8221; type=&#8221;grid&#8221; angled_section=&#8221;no&#8221; text_align=&#8221;left&#8221; background_image_as_pattern=&#8221;without_pattern&#8221; bgparallax=&#8221;parallax&#8221; contentwidth=&#8221;container&#8221; toppadding=&#8221;40&#8243; bottompadding=&#8221;10&#8243; border=&#8221;on&#8221; css=&#8221;.vc_custom_1420648296958{background-color: #ffffff !important;}&#8221;][vc_column width=&#8221;1\/3&#8243; css=&#8221;.vc_custom_1427029754112{padding-right: 25px !important;}&#8221; el_class=&#8221;full-1&#8243;][vc_column_text]<\/p>\n<p class=\"hely_bpgal\">Budapest Gal\u00e9ria<\/p>\n<p class=\"cim_bpgal\">1036 Budapest, Lajos utca 158. (f\u00f6ldszint)<\/p>\n<p class=\"datum_bpgal\">2021. j\u00falius 30. \u2013 okt\u00f3ber 3.<\/p>\n<p>[\/vc_column_text][vc_column_text]<\/p>\n<p class=\"kiemeles_bpgal\">Ki\u00e1ll\u00edt\u00f3 m\u0171v\u00e9szek:<\/p>\n<p class=\"verzal_bpgal\">Petra Feriancov\u00e1 | Camille Henrot | Kasz\u00e1s Tam\u00e1s | Joanna Rajkowska | Trapp Dominika | Ulbert \u00c1d\u00e1m<\/p>\n<p>[\/vc_column_text][vc_column_text]<\/p>\n<p class=\"kiemeles_bpgal\">A ki\u00e1ll\u00edt\u00e1s kur\u00e1torai:<\/p>\n<p class=\"verzal_bpgal\">Er\u0151ss Nikolett, Gad\u00f3 Fl\u00f3ra<\/p>\n<p>[\/vc_column_text][vc_column_text]<\/p>\n<p class=\"kiemeles_bpgal\">Grafika:<\/p>\n<p class=\"verzal_bpgal\">M\u00e1t\u00e9 D\u00e1niel<\/p>\n<p>[\/vc_column_text][vc_column_text]<\/p>\n<p class=\"kiemeles_bpgal\">Megnyit\u00f3:<\/p>\n<p class=\"datum_bpgal_2\">2021. j\u00falius 29., (cs\u00fct\u00f6rt\u00f6k) 18:00<\/p>\n<p class=\"kiemeles_bpgal\">Zenei performansz:<\/p>\n<p class=\"verzal_bpgal\">M\u00e1k\u00f3 Rozi<\/p>\n<p>[\/vc_column_text][vc_empty_space][\/vc_column][vc_column width=&#8221;2\/3&#8243; el_class=&#8221;full-2&#8243;][vc_column_text]A term\u00e9szettudom\u00e1nyos gy\u0171jtem\u00e9nyek alkotta tud\u00e1s sok fajta lehet. B\u00e1rmennyire is az objekt\u00edv, a szem\u00e9lyes \u00e9rtelmez\u00e9st\u0151l elt\u00e1vol\u00edtott, egzakt jelleg jut r\u00f3la esz\u00fcnkbe, tudhat\u00f3, mennyi hit \u00e9s f\u00e9lre\u00e9rt\u00e9s, gazdas\u00e1gi, politikai sz\u00e1nd\u00e9k form\u00e1lja ezeket, milyen sokf\u00e9le, olykor egym\u00e1snak ellentmond\u00f3 tud\u00e1s olvashat\u00f3 ki bel\u0151l\u00fck. \u00c9s mennyi marad rejtve. A ki\u00e1ll\u00edt\u00e1s olyan, kort\u00e1rs m\u0171v\u00e9szek \u00e1ltal bemutatott vagy kezdem\u00e9nyezett term\u00e9szettudom\u00e1nyos \u2013 vagy annak t\u0171n\u0151 \u2013 kutat\u00e1si anyagokb\u00f3l, gy\u0171jtem\u00e9nyekb\u0151l \u00e1ll, amelyek valamilyen elfeledett vagy elveszett, l\u00e1thatatlan \u00e9s ismeretlen tud\u00e1s nyom\u00e1ba indulnak, ezek felt\u00e1r\u00e1s\u00e1ra vagy megteremt\u00e9s\u00e9re v\u00e1llalkoznak.<\/p>\n<p>L\u00e1thatatlan vagy ismeretlen tud\u00e1sok: a sz\u00f3kapcsolat sz\u00e1nd\u00e9kos ellentmond\u00e1s, hiszen tud\u00e1sunk legink\u00e1bb arr\u00f3l lehet, amit ismer\u00fcnk, az ismeretlen tud\u00e1s a racionalit\u00e1s \u00e9p\u00edt\u0151k\u00f6veinek r\u00e9seire, a k\u00e9pzelet hely\u00e9re utal. Err\u0151l a helyr\u0151l v\u00e1lik l\u00e1that\u00f3v\u00e1 a m\u00falt \u00e9s elk\u00e9pzelhet\u0151v\u00e9 a j\u00f6v\u0151. A bemutatott m\u0171vek felismerhet\u0151v\u00e9 teszik a m\u00e1gikus tulajdons\u00e1gokkal rendelkez\u0151 l\u00e9nyek jelenl\u00e9t\u00e9t, a teremt\u00e9st\u00f6rt\u00e9netek \u00e9s a tudom\u00e1nyos gondolkod\u00e1s \u00f6sszefon\u00f3d\u00e1s\u00e1t, az \u00f6kol\u00f3giai v\u00e1ls\u00e1g jeleit. A \u201ehely szellem\u00e9nek\u201d otthonai ezek a t\u00e1rgyak, akkor is, ha lak\u00f3juk olykor nem ismert.<\/p>\n<p>Az itt felsorakoztatott k\u00f6vek, f\u00e1k, tenger form\u00e1lta gubacsok, \u00e9s m\u00e1s organikus anyagok teh\u00e1t olyan, sokak sz\u00e1m\u00e1ra hozz\u00e1f\u00e9rhetetlen tud\u00e1sokat rejtenek, amelyeknek l\u00e9te ismert, de tartalma kev\u00e9sb\u00e9. A gy\u0171jtem\u00e9nyeket bemutat\u00f3 (vagy a bemutat\u00e1s \u00e1ltal ezeket l\u00e9trehoz\u00f3) m\u0171v\u00e9szek ezen apr\u00f3, t\u00f6red\u00e9kesen maradt t\u00e1rgyakban olyan dimenzi\u00f3ugr\u00e1sokat tesznek lehet\u0151v\u00e9, amelyek sz\u00e1z \u00e9veket \u00edvelnek \u00e1t \u00e9s a f\u00f6ldh\u00f6z, az anyaghoz val\u00f3 k\u00f6t\u0151d\u00e9st, odatartoz\u00e1st a k\u00e9pzelet t\u00e1mogat\u00e1s\u00e1val teszik \u00fajra \u00e1t\u00e9lhet\u0151v\u00e9. A gy\u0171jtem\u00e9nyi darabok fellel\u00e9s\u00e9hez j\u00f3r\u00e9szt a f\u00f6ldet kell n\u00e9zn\u00fcnk, a l\u00e9p\u00e9seink hely\u00e9t magunk m\u00f6g\u00f6tt \u00e9s el\u0151tt, a nyomokat \u00e9s az elk\u00f6vetkez\u0151 lehet\u0151s\u00e9g\u00e9t. Az \u00edgy lelt darabok sokszor nem illenek \u00f6ssze, hi\u00e1tusok teszik v\u00e1ltozatoss\u00e1 a k\u00e9pet, amelyben k\u00e9pzelet \u00e9s tud\u00e1s k\u00e9peznek k\u00f6t\u0151anyagot.[\/vc_column_text][vc_empty_space height=&#8221;45px&#8221;][vc_separator type=&#8221;normal&#8221; color=&#8221;#c6c6c6&#8243; up=&#8221;10&#8243; down=&#8221;20&#8243;][vc_single_image image=&#8221;17327&#8243; img_size=&#8221;90&#215;90&#8243; onclick=&#8221;custom_link&#8221; img_link_target=&#8221;_blank&#8221; qode_css_animation=&#8221;&#8221; link=&#8221;https:\/\/www.mzv.sk\/web\/sibudapest-hu\/rolunk&#8221;][vc_empty_space][\/vc_column][\/vc_row][vc_row css_animation=&#8221;&#8221; row_type=&#8221;row&#8221; use_row_as_full_screen_section=&#8221;no&#8221; type=&#8221;grid&#8221; angled_section=&#8221;no&#8221; text_align=&#8221;left&#8221; background_image_as_pattern=&#8221;without_pattern&#8221; template=&#8221;ism_template_1&#8243; ism_overlock=&#8221;default&#8221; sm_d_text=&#8221;<\/p>\n<h2>This content is locked<\/h2>\n<p>Share This Page To Unlock The Content!&#8221;][vc_column][vc_empty_space height=&#8221;45px&#8221;][\/vc_column][\/vc_row]<\/p>\n<\/div>","protected":false},"excerpt":{"rendered":"<p>[vc_row css_animation=&#8221;&#8221; row_type=&#8221;row&#8221; use_row_as_full_screen_section=&#8221;no&#8221; type=&#8221;grid&#8221; angled_section=&#8221;no&#8221; text_align=&#8221;left&#8221; background_image_as_pattern=&#8221;without_pattern&#8221; template=&#8221;ism_template_1&#8243; ism_overlock=&#8221;default&#8221; sm_d_text=&#8221; This content is locked&#8230;<\/p>\n","protected":false},"author":11,"featured_media":0,"parent":17263,"menu_order":0,"comment_status":"closed","ping_status":"closed","template":"full_width.php","meta":{"inline_featured_image":false,"loftloader_pro_show_once":"","loftloader_pro_page_shortcode":"","footnotes":""},"class_list":["post-17385","page","type-page","status-publish","hentry"],"_links":{"self":[{"href":"https:\/\/budapestgaleria.hu\/_\/wp-json\/wp\/v2\/pages\/17385","targetHints":{"allow":["GET"]}}],"collection":[{"href":"https:\/\/budapestgaleria.hu\/_\/wp-json\/wp\/v2\/pages"}],"about":[{"href":"https:\/\/budapestgaleria.hu\/_\/wp-json\/wp\/v2\/types\/page"}],"author":[{"embeddable":true,"href":"https:\/\/budapestgaleria.hu\/_\/wp-json\/wp\/v2\/users\/11"}],"replies":[{"embeddable":true,"href":"https:\/\/budapestgaleria.hu\/_\/wp-json\/wp\/v2\/comments?post=17385"}],"version-history":[{"count":0,"href":"https:\/\/budapestgaleria.hu\/_\/wp-json\/wp\/v2\/pages\/17385\/revisions"}],"up":[{"embeddable":true,"href":"https:\/\/budapestgaleria.hu\/_\/wp-json\/wp\/v2\/pages\/17263"}],"wp:attachment":[{"href":"https:\/\/budapestgaleria.hu\/_\/wp-json\/wp\/v2\/media?parent=17385"}],"curies":[{"name":"wp","href":"https:\/\/api.w.org\/{rel}","templated":true}]}}