{"id":17449,"date":"2021-09-30T15:55:05","date_gmt":"2021-09-30T13:55:05","guid":{"rendered":"https:\/\/budapestgaleria.hu\/_\/?page_id=17449"},"modified":"2024-07-04T12:17:54","modified_gmt":"2024-07-04T10:17:54","slug":"mozgasban","status":"publish","type":"page","link":"https:\/\/budapestgaleria.hu\/_\/2021-kiallitasok\/mozgasban\/","title":{"rendered":"Mozg\u00e1sban"},"content":{"rendered":"<div class=\"wpb-content-wrapper\"><p>[vc_row css_animation=&#8221;&#8221; row_type=&#8221;row&#8221; use_row_as_full_screen_section=&#8221;no&#8221; type=&#8221;grid&#8221; angled_section=&#8221;no&#8221; text_align=&#8221;left&#8221; background_image_as_pattern=&#8221;without_pattern&#8221; template=&#8221;ism_template_1&#8243; ism_overlock=&#8221;default&#8221; sm_d_text=&#8221;<\/p>\n<h2>This content is locked<\/h2>\n<p>Share This Page To Unlock The Content!&#8221;][vc_column][vc_single_image image=&#8221;17487&#8243; img_size=&#8221;full&#8221; qode_css_animation=&#8221;&#8221;][vc_empty_space height=&#8221;10px&#8221;][\/vc_column][\/vc_row][vc_row css_animation=&#8221;&#8221; row_type=&#8221;row&#8221; use_row_as_full_screen_section=&#8221;no&#8221; type=&#8221;grid&#8221; angled_section=&#8221;no&#8221; text_align=&#8221;left&#8221; background_image_as_pattern=&#8221;without_pattern&#8221;][vc_column][vc_empty_space height=&#8221;45px&#8221;][vc_column_text]<\/p>\n<h1 class=\"cim_1\"><em>Mozg\u00e1sban<\/em><\/h1>\n<h1 class=\"alcim\">A Budapest T\u00e1nciskola<\/h1>\n<p>[\/vc_column_text][vc_empty_space height=&#8221;45px&#8221;][\/vc_column][\/vc_row][vc_row css_animation=&#8221;&#8221; row_type=&#8221;row&#8221; use_row_as_full_screen_section=&#8221;no&#8221; type=&#8221;grid&#8221; angled_section=&#8221;no&#8221; text_align=&#8221;left&#8221; background_image_as_pattern=&#8221;without_pattern&#8221; bgparallax=&#8221;parallax&#8221; contentwidth=&#8221;container&#8221; toppadding=&#8221;40&#8243; bottompadding=&#8221;10&#8243; border=&#8221;on&#8221; css=&#8221;.vc_custom_1420648296958{background-color: #ffffff !important;}&#8221;][vc_column width=&#8221;1\/3&#8243; css=&#8221;.vc_custom_1427029754112{padding-right: 25px !important;}&#8221; el_class=&#8221;full-1&#8243;][vc_column_text]<\/p>\n<p class=\"hely_bpgal\">Budapest Gal\u00e9ria<\/p>\n<p class=\"cim_bpgal\">1036 Budapest, Lajos utca 158. (emelet)<\/p>\n<p class=\"datum_bpgal\">2021. okt\u00f3ber 22. \u2013 2022. janu\u00e1r 9.<\/p>\n<p>[\/vc_column_text][vc_column_text]<\/p>\n<p class=\"kiemeles_bpgal\">A ki\u00e1ll\u00edt\u00e1s kur\u00e1torai:<\/p>\n<p class=\"verzal_bpgal\">P\u00e9ter Petra, Sz\u00e1zados L\u00e1szl\u00f3, Szegedy-Masz\u00e1k Zsuzsanna<\/p>\n<p>[\/vc_column_text][vc_column_text]<\/p>\n<p class=\"kiemeles_bpgal\">Megnyit\u00f3:<\/p>\n<p class=\"datum_bpgal_2\">2021. okt\u00f3ber 21., (cs\u00fct\u00f6rt\u00f6k) 18:00<\/p>\n<p class=\"kiemeles_bpgal\">Megnyit\u00f3 performansz:<\/p>\n<p class=\"verzal_bpgal\">Vadas Zs\u00f3fia Tamara \u00e9s Vass Imre<\/p>\n<p>[\/vc_column_text][vc_column_text]<\/p>\n<p class=\"kiemeles_bpgal\">Kapcsol\u00f3d\u00f3 programok:<\/p>\n<p><a href=\"https:\/\/tanc.org.hu\/wp\/mozgasban\/\">a Budapest Kort\u00e1rst\u00e1nc F\u0151iskola honlapj\u00e1n<\/a><br \/>\n<a href=\"https:\/\/budapestgaleria.hu\/_\/programok\/\">a Budapest Gal\u00e9ria honlapj\u00e1n<\/a><br \/>\n<a href=\"https:\/\/fb.me\/e\/4NmW8nC7r\">Facebookon<\/a><\/p>\n<p>[\/vc_column_text][vc_empty_space][\/vc_column][vc_column width=&#8221;2\/3&#8243; el_class=&#8221;full-2&#8243;][vc_column_text]A ki\u00e1ll\u00edt\u00e1s egy mag\u00e1t id\u0151r\u0151l id\u0151re \u00fajra \u00e1tform\u00e1l\u00f3 \u2013 a magyarorsz\u00e1gi kort\u00e1rst\u00e1nc \u00e9letet a mai napig meghat\u00e1roz\u00f3 \u2013 int\u00e9zm\u00e9ny 1970-es \u00e9vek v\u00e9g\u00e9n kezd\u0151d\u0151 t\u00f6rt\u00e9net\u00e9t id\u00e9zi meg, akkori \u00e9s mai szemmel is emblematikusnak \u00edt\u00e9lt el\u0151ad\u00e1sok r\u00e9v\u00e9n. Az e t\u00f6rt\u00e9netben megnyilv\u00e1nul\u00f3 folytonoss\u00e1g az int\u00e9zm\u00e9nyi meg\u00fajul\u00e1sok sorozat\u00e1nak \u00e9s Angelus Iv\u00e1n alap\u00edt\u00f3i-vezet\u0151i szerep\u00e9nek k\u00f6sz\u00f6nhet\u0151en hozz\u00e1j\u00e1rul mind a jelen, mind az elm\u00falt negyven \u00e9v kultur\u00e1lis v\u00e1ltoz\u00e1sainak \u00e9rtelmez\u00e9s\u00e9hez egy olyan m\u0171v\u00e9szeti \u00e1g produkci\u00f3in kereszt\u00fcl, amely egyr\u00e9szt k\u00f6z\u00f6ss\u00e9g alap\u00fa, m\u00e1sr\u00e9szt amelyben az \u00e1thagyom\u00e1nyoz\u00e1sra haszn\u00e1lt m\u00e9dium maga az emberi test. A kultur\u00e1lis \u00e9let peremvid\u00e9k\u00e9n egyens\u00falyoz\u00f3 int\u00e9zm\u00e9ny negyven \u00e9ves t\u00f6rt\u00e9nete \u2013 a meg nem val\u00f3sult tervekkel kontrasztban \u2013 egyedi f\u00e9nyben l\u00e1ttatja a szocializmus utols\u00f3 \u00e9vtized\u00e9nek \u00e9s a rendszerv\u00e1lt\u00e1s ut\u00e1ni Magyarorsz\u00e1g kult\u00farat\u00e1mogat\u00e1si k\u00f6zeg\u00e9t.<br \/>\n[\/vc_column_text][vc_empty_space height=&#8221;45px&#8221;][vc_single_image image=&#8221;17451&#8243; img_size=&#8221;full&#8221; qode_css_animation=&#8221;&#8221;][vc_empty_space height=&#8221;10px&#8221;][vc_column_text]<\/p>\n<p class=\"kepalairas_cim_jobb\">Nicolas Sch\u00f6ffer \u201eVizu\u00e1lis m\u0171vek \u00e9s hangstrukt\u00far\u00e1k\u201d c\u00edm\u0171 ki\u00e1ll\u00edt\u00e1s\u00e1n, a t\u00fck\u00f6rprizm\u00e1ban bemutatott mozg\u00e1sinstall\u00e1ci\u00f3r\u00f3l k\u00e9sz\u00fclt fot\u00f3, 1982, M\u0171csarnok<\/p>\n<p class=\"kepalairas_cim_jobb\">Fot\u00f3: J\u00e1rday Gy\u00f6rgy<\/p>\n<p class=\"kepalairas_cim_jobb\">El\u0151ad\u00f3k: Bal\u00e1zs Mari, Fincza Erika, K\u00e1lm\u00e1n Ferenc<\/p>\n<p class=\"kepalairas_cim_jobb\">Rendez\u0151: Angelus Iv\u00e1n<\/p>\n<p>[\/vc_column_text][vc_empty_space height=&#8221;45&#8243;][vc_column_text]Magyarorsz\u00e1gon a 20. sz\u00e1zad eleji \u00e9s a k\u00e9t vil\u00e1gh\u00e1bor\u00fa k\u00f6z\u00f6tti klasszikus avantg\u00e1rd korszak viszonylag \u00e9l\u00e9nk mozdulatm\u0171v\u00e9szeti \u00e9let\u00e9nek tov\u00e1bb\u00e9l\u00e9s\u00e9t a hivatalos \u00e1llami kult\u00farpolitika \u2013 az 1948. \u00e9vet k\u00f6vet\u0151en \u2013 tulajdonk\u00e9ppen ellehetetlen\u00edtette. Az ezt k\u00f6vet\u0151 \u00e9vtizedekben majdhogynem kiz\u00e1r\u00f3lag a klasszikus balett \u00e9s a sz\u00ednpadi m\u0171v\u00e9szett\u00e9 emelt n\u00e9pt\u00e1nc kaphatott b\u00e1rmif\u00e9le t\u00e1mogat\u00e1st. A mozdulatm\u0171v\u00e9szeti hagyom\u00e1ny mag\u00e1nlak\u00e1sokban, illetve \u201e\u00e1tnevezve\u201d (eszt\u00e9tikus testk\u00e9pz\u00e9s, m\u0171v\u00e9szi torna) maradhatott fenn elszigetelten. Az egy\u00e9ni kifejez\u00e9st hangs\u00falyoz\u00f3, vagyis a klasszikus balett\u0151l nemcsak formakincs\u00e9ben, hanem szeml\u00e9letm\u00f3dj\u00e1ban is elt\u00e9r\u0151 szabad t\u00e1nc k\u00e9pvisel\u0151i, Szentp\u00e1l Olga, Dienes Val\u00e9ria vagy Madzsar Alice m\u0171helyszer\u0171 munk\u00e1ja \u00e9s pedag\u00f3giai tev\u00e9kenys\u00e9ge itthon szinte teljesen elfelejt\u0151d\u00f6tt. Ebb\u0151l ad\u00f3d\u00f3an az 1980 k\u00f6r\u00fcl fel\u00e9led\u0151, a korszer\u0171 kifejez\u00e9si \u00e9s t\u00e1nctechnikai form\u00e1k ir\u00e1nt fog\u00e9kony fiatal gener\u00e1ci\u00f3 els\u0151sorban k\u00fclf\u00f6ld\u00f6n keresett inspir\u00e1ci\u00f3t \u00e9s \u00f6szt\u00f6nz\u00e9st, \u00e9s b\u00e1r gyakran indirekten, de els\u0151sorban az amerikai modern \u00e9s posztmodern t\u00e1nchoz k\u00f6t\u0151d\u00f6tt. A magyarorsz\u00e1gi \u00faj t\u00e1nc mozgalom legels\u0151 megnyilv\u00e1nul\u00e1sa az Angelus Iv\u00e1n \u00e9s K\u00e1lm\u00e1n Ferenc \u00e1ltal 1979-ben ind\u00edtott \u00daj T\u00e1nc Klub, majd az ebb\u0151l kifejl\u0151d\u0151 Kreat\u00edv Mozg\u00e1s St\u00fadi\u00f3, mely ut\u00f3bbi a mozg\u00e1ssal \u00e9s t\u00e1nccal kapcsolatos kreativit\u00e1s fejleszt\u00e9s\u00e9t t\u0171zte ki c\u00e9lul, minden szinten (m\u0171kedvel\u0151 \u00e9s hivat\u00e1sos) \u00e9s egyben minden koroszt\u00e1ly (gyerek, tin\u00e9dzser, feln\u0151tt) sz\u00e1m\u00e1ra. A Kreat\u00edv Mozg\u00e1s St\u00fadi\u00f3 sz\u0171kebb \u00e9rtelemben t\u00e1ncoktat\u00e1ssal foglalkozott, de tev\u00e9kenys\u00e9g\u00e9t kiterjesztette a k\u00fcl\u00f6nb\u00f6z\u0151 m\u0171v\u00e9szeti \u00e1gak egy\u00fcttm\u0171k\u00f6d\u00e9s\u00e9t \u00f6szt\u00f6nz\u0151 produkci\u00f3k l\u00e9trehoz\u00e1s\u00e1ra \u00e9s bemutat\u00e1s\u00e1ra, valamint nyilv\u00e1nos kultur\u00e1lis esem\u00e9nyek (koncertek, el\u0151ad\u00e1sok, ki\u00e1ll\u00edt\u00e1sok) szervez\u00e9s\u00e9re is. Angelus meghat\u00e1roz\u00e1sa szerint a \u201emozg\u00e1ssz\u00ednh\u00e1zra ir\u00e1nyul\u00f3 munk\u00e1nk sz\u00e1mos sz\u00e9lesebb k\u00f6rben is felhaszn\u00e1lhat\u00f3 eredm\u00e9nnyel j\u00e1r, els\u0151sorban a koncentr\u00e1ci\u00f3s \u00e9s kooper\u00e1ci\u00f3s k\u00e9pess\u00e9gek fejleszt\u00e9se \u00e9s a felszabadult, auton\u00f3m, kreat\u00edv, mozg\u00e1sos magatart\u00e1s kialak\u00edt\u00e1s\u00e1ban.\u201d[\/vc_column_text][vc_empty_space height=&#8221;45&#8243;][vc_single_image image=&#8221;17456&#8243; img_size=&#8221;full&#8221; qode_css_animation=&#8221;&#8221;][vc_empty_space height=&#8221;10px&#8221;][vc_column_text]<\/p>\n<p class=\"kepalairas_nev_jobb\">Bp. Szab\u00f3 Gy\u00f6rgy<\/p>\n<p class=\"kepalairas_cim_jobb\">A <em>Rozm\u00e1r-b\u00e1l<\/em> c\u00edm\u0171 el\u0151ad\u00e1s plak\u00e1tja, 1987, ofszet nyomat<\/p>\n<p>[\/vc_column_text][vc_empty_space height=&#8221;45&#8243;][vc_column_text]Az 1979-ben alap\u00edtott \u00daj T\u00e1nc Klub egyr\u00e9szt mozg\u00e1skutat\u00e1si m\u0171helyk\u00e9nt m\u0171k\u00f6d\u00f6tt, m\u00e1sr\u00e9szt a vasf\u00fcgg\u00f6ny\u00f6n kereszt\u00fcl, a hivatalos csatorn\u00e1kon \u00e1t nem jut\u00f3 korszer\u0171 t\u00e1ncform\u00e1kat volt hivatott megismertetni az \u00e9rdekl\u0151d\u0151kkel, filmvet\u00edt\u00e9sek, szakmai el\u0151ad\u00e1sok, k\u00fclf\u00f6ldi tapasztalatokr\u00f3l val\u00f3 besz\u00e1mol\u00f3k r\u00e9v\u00e9n. Az alap\u00edt\u00f3k nem vettek r\u00e9szt hivat\u00e1sos t\u00e1ncm\u0171v\u00e9sz k\u00e9pz\u00e9sben: Angelus Iv\u00e1n sz\u00ednh\u00e1zi (St\u00fadi\u00f3 K), K\u00e1lm\u00e1n Ferenc pantomimes (Domino Pantomim) m\u00falt ut\u00e1n fordult a t\u00e1ncm\u0171v\u00e9szet fel\u00e9. Mivel sz\u0171k\u00f6snek \u00e9rezt\u00e9k a korabeli hazai lehet\u0151s\u00e9geket a t\u00e1ncot korszer\u0171 sz\u00ednh\u00e1zi formak\u00e9nt elk\u00e9pzel\u0151 szeml\u00e9let\u00fck k\u00f6zvet\u00edt\u00e9s\u00e9hez, saj\u00e1t t\u00e1ncst\u00fadi\u00f3t nyitottak, amelyet gazdas\u00e1gi munkak\u00f6z\u00f6ss\u00e9gk\u00e9nt m\u0171k\u00f6dtettek. 1983-ban saj\u00e1t forr\u00e1sb\u00f3l, OTP-hitelb\u0151l \u00e9s mag\u00e1nk\u00f6lcs\u00f6nb\u0151l \u00faj\u00edtottak fel \u00dajlip\u00f3tv\u00e1rosban egy alagsori r\u00e9gi tornatermet, mely Kreat\u00edv Mozg\u00e1s St\u00fadi\u00f3 n\u00e9ven t\u00fal\u00e9lte a rendszerv\u00e1lt\u00e1st is, 1999-ben k\u00f6lt\u00f6z\u00f6tt, akkor m\u00e1r Budapest T\u00e1ncm\u0171v\u00e9szeti Szakk\u00f6z\u00e9piskolak\u00e9nt az \u00f3budai r\u00e9gi Goldberger textilgy\u00e1rba, ahol \u2013 2005 \u00f3ta Budapest Kort\u00e1rst\u00e1nc F\u0151iskolak\u00e9nt \u2013 ma is m\u0171k\u00f6dik. A nappali tagozat\u00fa, hivat\u00e1sos t\u00e1ncosok k\u00e9pz\u00e9s\u00e9t c\u00e9lul kit\u0171z\u0151 oktat\u00e1s 1991-ben indult el Angelus Iv\u00e1n koncepci\u00f3ja alapj\u00e1n, azon a szakmai-pedag\u00f3giai b\u00e1zison, mely a St\u00fadi\u00f3 addigi \u00e9vtizednyi munk\u00e1j\u00e1b\u00f3l kikrist\u00e1lyosodott. A folyton v\u00e1ltoz\u00f3 kultur\u00e1lis \u00e9s oktat\u00e1spolitikai k\u00f6rnyezetben az int\u00e9zm\u00e9ny is \u00e1lland\u00f3 meg\u00fajul\u00e1sra k\u00e9nyszer\u00fclt: a nyolcvanas \u00e9s kilencvenes \u00e9veket jellemz\u0151, t\u00f6bb m\u0171v\u00e9szeti \u00e1gat is befogad\u00f3, szubkultur\u00e1lis \u00e9s k\u00eds\u00e9rleti kezdem\u00e9nyez\u00e9seket is becsatorn\u00e1z\u00f3, klubszer\u0171 programok hely\u00e9t a k\u00e9tezres \u00e9vekre \u00e1tvette a t\u00e1ncoktat\u00e1s teljes palett\u00e1ja: alapfok\u00fa, k\u00f6z\u00e9pfok\u00fa, majd fels\u0151fok\u00fa k\u00e9pz\u00e9seket k\u00edn\u00e1lva. A Budapest T\u00e1nciskola \u2013 mely n\u00e9v alatt ma m\u00e1r mindezeket az int\u00e9zm\u00e9nyeket \u00e9rtj\u00fck \u2013 a saj\u00e1t eszk\u00f6zk\u00e9szlet\u00fcket kialak\u00edt\u00f3 m\u0171v\u00e9szeket k\u00e9pez, akik t\u00e1ncosk\u00e9nt, t\u00e1ncpedag\u00f3gusk\u00e9nt, koreogr\u00e1fusk\u00e9nt, t\u00e1rsulatvezet\u0151k\u00e9nt k\u00fclf\u00f6ld\u00f6n vagy itthon sz\u00e9les\u00edtik a kort\u00e1rs t\u00e1ncm\u0171v\u00e9szetet m\u0171vel\u0151, alak\u00edt\u00f3 \u00e9s tan\u00edt\u00f3 szakemberek k\u00f6r\u00e9t.[\/vc_column_text][vc_empty_space height=&#8221;45&#8243;][vc_single_image image=&#8221;17460&#8243; img_size=&#8221;full&#8221; qode_css_animation=&#8221;&#8221;][vc_empty_space height=&#8221;10px&#8221;][vc_column_text]<\/p>\n<p class=\"kepalairas_cim_jobb\">Angelus Iv\u00e1n <em>Rozm\u00e1r-b\u00e1l<\/em> c\u00edm\u0171 el\u0151ad\u00e1s\u00e1n k\u00e9sz\u00fclt fot\u00f3, 1987\/88, Budai Vigad\u00f3<\/p>\n<p class=\"kepalairas_cim_jobb\">Fot\u00f3: K\u00e1d\u00e1r Kata<\/p>\n<p>[\/vc_column_text][vc_empty_space height=&#8221;45&#8243;][vc_column_text]A t\u00f6bb mint n\u00e9gy \u00e9vtized dokument\u00e1ci\u00f3s m\u0171fajokban, m\u00e9dium-felhaszn\u00e1l\u00e1sban is<br \/>\nmegnyilv\u00e1nul\u00f3 kreativit\u00e1sa egy s\u0171r\u0171, t\u00e1rgyakat, sz\u00f6vegeket, bemutat\u00e1si m\u00f3dokat kombin\u00e1l\u00f3 \u201etanulm\u00e1nyi ki\u00e1ll\u00edt\u00e1s\u201d-jelleg\u0171 bemutat\u00f3ra ad lehet\u0151s\u00e9get. A bels\u0151 teremsor, kronologikusan haladva \u2013 a rendelkez\u00e9sre \u00e1ll\u00f3 arch\u00edvumi anyagok gazdags\u00e1g\u00e1t \u00e9s a t\u00e9rbeli korl\u00e1tokat is figyelembe v\u00e9ve \u2013 h\u00e1rom fontos t\u00e1ncprodukci\u00f3 bemutat\u00e1sa k\u00f6r\u00e9 szervezve bontja ki az int\u00e9zm\u00e9ny t\u00f6rt\u00e9net\u00e9nek h\u00e1rom k\u00fcl\u00f6nb\u00f6z\u0151 id\u0151szak\u00e1t. Az 1982-es T\u00fckr\u00f6k, melyet sokan az els\u0151 magyarorsz\u00e1gi f\u00fcggetlen t\u00e1ncel\u0151ad\u00e1snak tartanak, az \u00daj T\u00e1nc Klubban elindult mozg\u00e1skutat\u00e1si m\u0171helymunk\u00e1ra \u00e9p\u00fclt. A k\u00f6vetkez\u0151 \u00e9vben megny\u00edlt St\u00fadi\u00f3ban megindul\u00f3 rendszeres t\u00e1nc\u00f3r\u00e1k \u00e9s k\u00fclf\u00f6ldi vend\u00e9goktat\u00f3k ism\u00e9tl\u0151d\u0151 megh\u00edv\u00e1s\u00e1nak nem rejtett c\u00e9lja a t\u00e1rsulat\u00e9p\u00edt\u00e9s volt. Noha t\u00e1rsulat nem j\u00f6tt l\u00e9tre, a k\u00fclf\u00f6ld\u00f6n \u00e9s Magyarorsz\u00e1gon is t\u00f6bbsz\u00f6r el\u0151adott, 1987-ben bemutatott Rozm\u00e1r-b\u00e1l c\u00edm\u0171 sz\u00f3l\u00f3 kapcs\u00e1n szembet\u0171n\u0151 az az egyre sz\u00e9lesebbre kiterjed\u0151 kapcsolati h\u00e1l\u00f3, melynek j\u00f3volt\u00e1b\u00f3l, a sokszor \u00f6sszm\u0171v\u00e9szeti produkci\u00f3ban gondolkoz\u00f3 Angelus a kort\u00e1rs m\u0171v\u00e9szeti esem\u00e9nyeknek \u00e9s rendezv\u00e9nyeknek otthont ad\u00f3 szinte valamennyi f\u0151v\u00e1rosi helysz\u00ednen megfordult, mik\u00f6zben telev\u00edzi\u00f3s, valamint film-, zene- \u00e9s k\u00e9pz\u0151m\u0171v\u00e9szeti egy\u00fcttm\u0171k\u00f6d\u00e9sekben is r\u00e9szt vett. A hivat\u00e1sos iskola id\u0151szak\u00e1nak produkci\u00f3i k\u00f6z\u00fcl a k\u00f6zel h\u00e1rom \u00e9vtizeden kereszt\u00fcl, minden alkalommal azonos t\u00e9r\u2013id\u0151-szerkezetben, de m\u00e1s mozdulatsorokkal sz\u00ednpadra vitt, el\u0151sz\u00f6r 1992-ben bemutatott Kilences szeml\u00e9lteti az emberi testnek mint hordoz\u00f3 m\u00e9diumnak a tud\u00e1s\u00e1tad\u00e1sban j\u00e1tszott szerep\u00e9t: a kilenc f\u00e9nyk\u00f6rben mozg\u00f3 t\u00e1ncosok egym\u00e1snak adj\u00e1k \u00e1t az \u00e1ltaluk kital\u00e1lt mozdulatsorozatot. Itt sz\u00ednpadon l\u00e1thatjuk azt a saj\u00e1tos viszonyt, amely m\u00e1r a 80-as \u00e9vekben meghat\u00e1rozta a Kreat\u00edv Mozg\u00e1s St\u00fadi\u00f3 pedag\u00f3giai rendszer\u00e9t \u00e9s a Budapest Kort\u00e1rst\u00e1nc F\u0151iskol\u00e1n jelenleg is foly\u00f3 munk\u00e1nak egyar\u00e1nt alapvet\u00e9se: a tan\u00edt\u00f3 \u00e9s a tan\u00edtv\u00e1ny k\u00f6lcs\u00f6n\u00f6sen tanulnak egym\u00e1st\u00f3l. A bels\u0151 teremsor t\u00f6rt\u00e9neteit egy film- \u00e9s vide\u00f3v\u00e1logat\u00e1s, illetve a folyos\u00f3i r\u00e9sz id\u0151vonala, \u00e9s a meg nem val\u00f3sult tervekb\u0151l kirajzol\u00f3d\u00f3 \u201ealternat\u00edv\u201d int\u00e9zm\u00e9nyt\u00f6rt\u00e9net k\u00eds\u00e9ri, eg\u00e9sz\u00edti ki.[\/vc_column_text][vc_empty_space height=&#8221;45&#8243;][vc_single_image image=&#8221;17462&#8243; img_size=&#8221;full&#8221; qode_css_animation=&#8221;&#8221;][vc_empty_space height=&#8221;10px&#8221;][vc_column_text]<\/p>\n<p class=\"kepalairas_cim_jobb\">A <em>Kilences<\/em> c\u00edm\u0171 koreogr\u00e1fi\u00e1r\u00f3l az <em>Hommage<\/em> c\u00edm\u0171 el\u0151ad\u00e1son k\u00e9sz\u00fclt fot\u00f3, 2005, Traf\u00f3 Kort\u00e1rs M\u0171v\u00e9szetek H\u00e1za<\/p>\n<p class=\"kepalairas_cim_jobb\">Fot\u00f3: Naske S\u00e1ndor<\/p>\n<p class=\"kepalairas_cim_jobb\">El\u0151ad\u00f3k: Bicz\u00f3k Anna, Furuly\u00e1s D\u00f3ra, Hal\u00e1sz G\u00e1bor, Holmann Enik\u0151, Kapriny\u00e1k Ren\u00e1ta, Koncz Judit, Maros Judit, Mik\u00f3 D\u00e1vid, Varga P\u00e9ter<\/p>\n<p>[\/vc_column_text][vc_empty_space height=&#8221;45&#8243;][vc_separator type=&#8221;normal&#8221; color=&#8221;#c6c6c6&#8243; up=&#8221;10&#8243; down=&#8221;20&#8243;][vc_single_image image=&#8221;8628&#8243; img_size=&#8221;80&#215;54&#8243; onclick=&#8221;custom_link&#8221; img_link_target=&#8221;_blank&#8221; qode_css_animation=&#8221;&#8221; link=&#8221;http:\/\/www.nka.hu&#8221;][vc_empty_space height=&#8221;20&#8243;][vc_column_text]<a href=\"https:\/\/tanc.org.hu\/wp\/mozgasban\/\">Budapest Kort\u00e1rst\u00e1nc F\u0151iskola<\/a>[\/vc_column_text][vc_empty_space height=&#8221;45px&#8221;][vc_single_image image=&#8221;21466&#8243; img_size=&#8221;full&#8221; qode_css_animation=&#8221;&#8221;][vc_empty_space][vc_single_image image=&#8221;21469&#8243; img_size=&#8221;full&#8221; qode_css_animation=&#8221;&#8221;][vc_empty_space][vc_single_image image=&#8221;21471&#8243; img_size=&#8221;full&#8221; qode_css_animation=&#8221;&#8221;][vc_empty_space][vc_single_image image=&#8221;21473&#8243; img_size=&#8221;full&#8221; qode_css_animation=&#8221;&#8221;][vc_empty_space][vc_single_image image=&#8221;21475&#8243; img_size=&#8221;full&#8221; qode_css_animation=&#8221;&#8221;][vc_empty_space][vc_single_image image=&#8221;21477&#8243; img_size=&#8221;full&#8221; qode_css_animation=&#8221;&#8221;][vc_empty_space][vc_column_text]<\/p>\n<p class=\"kepalairas_cim_jobb\">Fot\u00f3k: Juh\u00e1sz G. Tam\u00e1s<\/p>\n<p>[\/vc_column_text][vc_empty_space][\/vc_column][\/vc_row][vc_row css_animation=&#8221;&#8221; row_type=&#8221;row&#8221; use_row_as_full_screen_section=&#8221;no&#8221; type=&#8221;grid&#8221; angled_section=&#8221;no&#8221; text_align=&#8221;left&#8221; background_image_as_pattern=&#8221;without_pattern&#8221; template=&#8221;ism_template_1&#8243; ism_overlock=&#8221;default&#8221; sm_d_text=&#8221;<\/p>\n<h2>This content is locked<\/h2>\n<p>Share This Page To Unlock The Content!&#8221;][vc_column][vc_empty_space height=&#8221;45px&#8221;][\/vc_column][\/vc_row]<\/p>\n<\/div>","protected":false},"excerpt":{"rendered":"<p>[vc_row css_animation=&#8221;&#8221; row_type=&#8221;row&#8221; use_row_as_full_screen_section=&#8221;no&#8221; type=&#8221;grid&#8221; angled_section=&#8221;no&#8221; text_align=&#8221;left&#8221; background_image_as_pattern=&#8221;without_pattern&#8221; template=&#8221;ism_template_1&#8243; ism_overlock=&#8221;default&#8221; sm_d_text=&#8221; This content is locked&#8230;<\/p>\n","protected":false},"author":11,"featured_media":0,"parent":17263,"menu_order":0,"comment_status":"closed","ping_status":"closed","template":"full_width.php","meta":{"inline_featured_image":false,"loftloader_pro_show_once":"","loftloader_pro_page_shortcode":"","footnotes":""},"class_list":["post-17449","page","type-page","status-publish","hentry"],"_links":{"self":[{"href":"https:\/\/budapestgaleria.hu\/_\/wp-json\/wp\/v2\/pages\/17449","targetHints":{"allow":["GET"]}}],"collection":[{"href":"https:\/\/budapestgaleria.hu\/_\/wp-json\/wp\/v2\/pages"}],"about":[{"href":"https:\/\/budapestgaleria.hu\/_\/wp-json\/wp\/v2\/types\/page"}],"author":[{"embeddable":true,"href":"https:\/\/budapestgaleria.hu\/_\/wp-json\/wp\/v2\/users\/11"}],"replies":[{"embeddable":true,"href":"https:\/\/budapestgaleria.hu\/_\/wp-json\/wp\/v2\/comments?post=17449"}],"version-history":[{"count":0,"href":"https:\/\/budapestgaleria.hu\/_\/wp-json\/wp\/v2\/pages\/17449\/revisions"}],"up":[{"embeddable":true,"href":"https:\/\/budapestgaleria.hu\/_\/wp-json\/wp\/v2\/pages\/17263"}],"wp:attachment":[{"href":"https:\/\/budapestgaleria.hu\/_\/wp-json\/wp\/v2\/media?parent=17449"}],"curies":[{"name":"wp","href":"https:\/\/api.w.org\/{rel}","templated":true}]}}