{"id":17498,"date":"2021-10-08T14:33:14","date_gmt":"2021-10-08T12:33:14","guid":{"rendered":"https:\/\/budapestgaleria.hu\/_\/?page_id=17498"},"modified":"2023-12-21T14:12:16","modified_gmt":"2023-12-21T13:12:16","slug":"osztapenko-maradhat","status":"publish","type":"page","link":"https:\/\/budapestgaleria.hu\/_\/2021-kiallitasok\/osztapenko-maradhat\/","title":{"rendered":"Osztapenko maradhat?"},"content":{"rendered":"<div class=\"wpb-content-wrapper\"><p>[vc_row css_animation=&#8221;&#8221; row_type=&#8221;row&#8221; use_row_as_full_screen_section=&#8221;no&#8221; type=&#8221;grid&#8221; angled_section=&#8221;no&#8221; text_align=&#8221;left&#8221; background_image_as_pattern=&#8221;without_pattern&#8221; template=&#8221;ism_template_1&#8243; ism_overlock=&#8221;default&#8221; sm_d_text=&#8221;<\/p>\n<h2>This content is locked<\/h2>\n<p>Share This Page To Unlock The Content!&#8221;][vc_column][vc_single_image image=&#8221;17499&#8243; img_size=&#8221;full&#8221; qode_css_animation=&#8221;&#8221;][vc_empty_space height=&#8221;10px&#8221;][\/vc_column][\/vc_row][vc_row css_animation=&#8221;&#8221; row_type=&#8221;row&#8221; use_row_as_full_screen_section=&#8221;no&#8221; type=&#8221;grid&#8221; angled_section=&#8221;no&#8221; text_align=&#8221;left&#8221; background_image_as_pattern=&#8221;without_pattern&#8221;][vc_column][vc_empty_space height=&#8221;45px&#8221;][vc_column_text]<\/p>\n<h1 class=\"cim_1\"><em>Osztapenko maradhat?<\/em><\/h1>\n<h1 class=\"alcim\">K\u00f6zt\u00e9ri politikai szobor\u00e1thelyez\u00e9sek Budapesten 1990-1993<\/h1>\n<p>[\/vc_column_text][vc_empty_space height=&#8221;45px&#8221;][\/vc_column][\/vc_row][vc_row css_animation=&#8221;&#8221; row_type=&#8221;row&#8221; use_row_as_full_screen_section=&#8221;no&#8221; type=&#8221;grid&#8221; angled_section=&#8221;no&#8221; text_align=&#8221;left&#8221; background_image_as_pattern=&#8221;without_pattern&#8221; bgparallax=&#8221;parallax&#8221; contentwidth=&#8221;container&#8221; toppadding=&#8221;40&#8243; bottompadding=&#8221;10&#8243; border=&#8221;on&#8221; css=&#8221;.vc_custom_1420648296958{background-color: #ffffff !important;}&#8221;][vc_column width=&#8221;1\/3&#8243; css=&#8221;.vc_custom_1427029754112{padding-right: 25px !important;}&#8221; el_class=&#8221;full-1&#8243;][vc_column_text]<\/p>\n<p class=\"hely_bpgal\">BTM &#8211; V\u00e1rm\u00fazeum, Barokk Csarnok<\/p>\n<p class=\"cim_bpgal\">1014 Budapest, Szent Gy\u00f6rgy t\u00e9r 2. (Budav\u00e1ri Palota &#8222;E&#8221; \u00e9p\u00fclet)<\/p>\n<p class=\"datum_bpgal\">2021. okt\u00f3ber 16. &#8211; november 21.<\/p>\n<p>[\/vc_column_text][vc_column_text]<\/p>\n<p class=\"kiemeles_bpgal\">A ki\u00e1ll\u00edt\u00e1son l\u00e1that\u00f3 k\u00e9peket v\u00e1logatta:<\/p>\n<p class=\"verzal_bpgal\">CSsiff\u00e1ry Gabriella \u00e9s Sz\u00f6ll\u0151ssy \u00c1gnes<\/p>\n<p>[\/vc_column_text][vc_column_text]<\/p>\n<p class=\"kiemeles_bpgal\">F\u00e9nyk\u00e9peket k\u00e9sz\u00edtette:<\/p>\n<p class=\"verzal_bpgal\">Kir\u00e1ly Ilona \u00e9s Anheuer Tam\u00e1s, Budapest F\u0151v\u00e1ros Lev\u00e9lt\u00e1ra<\/p>\n<p>[\/vc_column_text][vc_column_text]<\/p>\n<p class=\"kiemeles_bpgal\">Grafika:<\/p>\n<p class=\"verzal_bpgal\">Majer Gy\u00f6rgy Zolt\u00e1n<\/p>\n<p>[\/vc_column_text][vc_empty_space][\/vc_column][vc_column width=&#8221;2\/3&#8243; el_class=&#8221;full-2&#8243;][vc_column_text]Az Osztapenko maradhat? &#8211; K\u00f6zt\u00e9ri politikai szobor\u00e1thelyez\u00e9sek Budapesten 1990-1993 c\u00edm\u0171 ki\u00e1ll\u00edt\u00e1s korabeli fot\u00f3dokument\u00e1ci\u00f3 seg\u00edts\u00e9g\u00e9vel a F\u0151v\u00e1rosi \u00d6nkorm\u00e1nyzat \u00e1ltal elrendelt, \u00e9s a Budapest Gal\u00e9ria \u00e1ltal szervezett szobor\u00e1thelyez\u00e9sekr\u0151l ad v\u00e1zlatos \u00e1ttekint\u00e9st.<br \/>\nA k\u00e9panyag a F\u0151v\u00e1rosi Lev\u00e9lt\u00e1rb\u00f3l sz\u00e1rmazik, amely az akkoriban zajl\u00f3 esem\u00e9nyeket kezdem\u00e9nyez\u0151 m\u00f3don, saj\u00e1t fot\u00f3saival dokument\u00e1lta, s \u00edgy jelent\u0151s t\u00e9nyanyagot r\u00f6gz\u00edtett k\u00e9peken is. A k\u00e9pv\u00e1logat\u00e1s Csiff\u00e1ry Gabriella t\u00f6rt\u00e9n\u00e9sz-lev\u00e9lt\u00e1ros (BFL) \u00e9s Sz\u00f6ll\u0151ssy \u00c1gnes m\u0171v\u00e9szett\u00f6rt\u00e9n\u00e9sz (Budapest Gal\u00e9ria) munk\u00e1ja.<br \/>\nA kommunista korszak k\u00f6zt\u00e9ri politikai eml\u00e9km\u0171veinek sorsa \u00e9rthet\u0151 m\u00f3don a rendszerv\u00e1lt\u00e1s \u00e9veinek egyik k\u00f6z\u00e9rdekl\u0151d\u00e9sre sz\u00e1mot tart\u00f3 t\u00e9m\u00e1ja volt. A szovjet uralmat \u00e9s annak magyarorsz\u00e1gi mitol\u00f3gi\u00e1j\u00e1t megjelen\u00edt\u0151, szovjet mint\u00e1ra \u2013 \u00e9s utas\u00edt\u00e1sra \u2013 kezelt hatalmi reprezent\u00e1ci\u00f3 fontos eszk\u00f6ze volt a telep\u00fcl\u00e9sek k\u00f6ztereit ural\u00f3 politikai eml\u00e9km\u0171 a szovjet \u00e9rdekszf\u00e9ra minden orsz\u00e1g\u00e1ban. Amikor az 1980-as \u00e9vek v\u00e9ge fel\u00e9, a puhul\u00f3 diktat\u00far\u00e1ban m\u00e1r ny\u00edltan is meg lehetett<br \/>\nk\u00e9rd\u0151jelezni a K\u00e1d\u00e1r-rendszer kor\u00e1bban tabu t\u00e9m\u00e1it, mint a szovjet megsz\u00e1ll\u00e1s, az 1956-os forradalom, az MSZMP vezet\u0151 szerepe, akkor a k\u00f6zt\u00e9ri politikai eml\u00e9km\u0171vek elt\u00e1vol\u00edt\u00e1sa is el\u00e9rhet\u0151 k\u00f6zels\u00e9gbe ker\u00fclt. Az 1980-as \u00e9vek v\u00e9g\u00e9n m\u00e1r spont\u00e1n \u00e9s szervezett szoborbont\u00e1sok egyar\u00e1nt el\u0151fordultak, az els\u0151 szabad orsz\u00e1ggy\u0171l\u00e9si \u00e9s \u00f6nkorm\u00e1nyzati v\u00e1laszt\u00e1sok ut\u00e1n pedig a sokasod\u00f3 bont\u00e1si \u00e9s \u00e1thelyez\u00e9si ig\u00e9nyek nyom\u00e1n az \u00f6nkorm\u00e1nyzatoknak reag\u00e1lniuk kellett. A F\u0151v\u00e1rosi K\u00f6zgy\u0171l\u00e9s 1991. december 5-\u00e9n arra a kor\u00e1bban p\u00e9ld\u00e1tlan megold\u00e1sra jutott, hogy a lebontand\u00f3 m\u0171vek elhelyez\u00e9s\u00e9re szoborparkot l\u00e9tes\u00edt. Erre a c\u00e9lra a XXII. ker\u00fcleti \u00f6nkorm\u00e1nyzat a T\u00e9t\u00e9nyi fenns\u00edkon, a 7-es f\u0151\u00fat ment\u00e9n (Balatoni \u00fat-Szabadkai u.) aj\u00e1nlott fel ter\u00fcletet. Az \u00e9p\u00edt\u00e9szeti tervp\u00e1ly\u00e1zat eredm\u00e9nyek\u00e9nt, Ele\u0151d \u00c1kos \u00e9p\u00edt\u00e9sz tervei szerint fel\u00e9p\u00edtett szoborpark 1993. j\u00fanius 27-\u00e9n ny\u00edlt meg, a Memento Park n\u00e9ven ma is l\u00e1togathat\u00f3 muze\u00e1lis eml\u00e9khelyen. Ma, harminc \u00e9v t\u00e1vlat\u00e1b\u00f3l elmondhatjuk, hogy a budapesti megold\u00e1s nemzetk\u00f6zi t\u00e9ren is p\u00e9lda \u00e9rt\u00e9k\u0171en kultur\u00e1lt, toler\u00e1ns \u00e9s higgadt volt, amikor az eml\u00e9kez\u00e9s b\u00e1tors\u00e1g\u00e1t v\u00e1lasztotta az indulat sugallta szobord\u00f6nt\u00e9s helyett.[\/vc_column_text][vc_empty_space height=&#8221;45px&#8221;][vc_separator type=&#8221;normal&#8221; color=&#8221;#c6c6c6&#8243; up=&#8221;10&#8243; down=&#8221;20&#8243;][vc_column_text]<\/p>\n<h1 class=\"alcim\">K\u00eds\u00e9r\u0151programok a ki\u00e1ll\u00edt\u00e1shoz<\/h1>\n<p>Budapesti T\u00f6rt\u00e9neti M\u00fazeum-V\u00e1rm\u00fazeum, Barokk Csarnok<\/p>\n<p class=\"datum_bpgal\">november 3., 17:00<\/p>\n<p>Sz\u00f6ll\u0151ssy \u00c1gnes m\u0171v\u00e9szett\u00f6rt\u00e9n\u00e9sz, a ki\u00e1ll\u00edt\u00e1s kur\u00e1tor\u00e1nak t\u00e1rlatvezet\u00e9se<\/p>\n<p class=\"datum_bpgal\">november 5., 17:00<\/p>\n<p><em>Eml\u00e9kez\u00e9s \u00e9s eml\u00e9keztet\u00e9s helyei<\/em><br \/>\nKerekasztal besz\u00e9lget\u00e9s a budapesti politikai k\u00f6zt\u00e9ri szobrok \u00e1ll\u00edt\u00e1s\u00e1r\u00f3l \u00e9s \u00e1thelyez\u00e9sr\u0151l<br \/>\nR\u00e9sztvev\u0151k: Boros G\u00e9za m\u0171v\u00e9szett\u00f6rt\u00e9n\u00e9sz, P\u00f3t\u00f3 J\u00e1nos t\u00f6rt\u00e9n\u00e9sz, Zsigmond Attila, a Budapest Gal\u00e9ria kor\u00e1bbi f\u0151igazgat\u00f3ja. Moder\u00e1tor Sulyok Mikl\u00f3s m\u0171v\u00e9szett\u00f6rt\u00e9n\u00e9sz.<\/p>\n<p class=\"datum_bpgal\">november 10., 17:00<\/p>\n<p>Hermann Veronika t\u00e1rlatvezet\u00e9se<\/p>\n<p class=\"datum_bpgal\">november 12., 16:00<\/p>\n<p><em>Eladni az eladhatatlant, avagy betekint\u00e9s a kommunista propagandaszobrok ut\u00f3\u00e9let\u00e9be<\/em><br \/>\nR\u00e9thly \u00c1kos, a Memento Park &#8211; Szoborpark \u00fcgyvezet\u0151j\u00e9nek el\u0151ad\u00e1sa<\/p>\n<p class=\"datum_bpgal\">november 16., 18:00<\/p>\n<p><em>Eml\u00e9km\u0171vek a Black Lives Matter el\u0151tt \u00e9s ut\u00e1n<\/em><br \/>\nM\u00e9lyi J\u00f3zsef m\u0171v\u00e9szett\u00f6rt\u00e9n\u00e9sz, kur\u00e1tor el\u0151ad\u00e1sa<\/p>\n<p class=\"datum_bpgal\">november 19.<\/p>\n<p><em>Finissage<\/em><\/p>\n<p class=\"datum_bpgal\">16:00<\/p>\n<p>Politikai szoborelt\u00e1vol\u00edt\u00e1sok a rendszerv\u00e1lt\u00e1s \u00e9veiben<br \/>\nSz\u00f6ll\u0151ssy \u00c1gnes, a ki\u00e1ll\u00edt\u00e1s kur\u00e1tora t\u00e1rlatvezet\u00e9se<\/p>\n<p class=\"datum_bpgal\">17:00-19:00<\/p>\n<p><em>Eml\u00e9km\u0171vek \u00e9s kort\u00e1rs reflexi\u00f3k<\/em><br \/>\n17:00 &#8211; Phil Collins: Ceremony (2018) c\u00edm\u0171 filmj\u00e9nek vet\u00edt\u00e9se (67 perc, angol nyelven)<br \/>\n18:15 &#8211; Besz\u00e9lget\u00e9s B\u00f3di L\u00f3r\u00e1nt t\u00e1rsadalomkutat\u00f3val \u00e9s Kr\u00e1nicz Bence filmes \u00fajs\u00e1g\u00edr\u00f3val, egyetemi oktat\u00f3val. Moder\u00e1l: Gad\u00f3 Fl\u00f3ra, kur\u00e1tor, a Budapest Gal\u00e9ria munkat\u00e1rsa.<\/p>\n<h1 class=\"alcim\">M\u00fazeumpedag\u00f3giai programok<\/h1>\n<p>A ki\u00e1ll\u00edt\u00e1shoz m\u00fazeumpedag\u00f3giai programot is hirdet\u00fcnk, amelyre \u00e1ltal\u00e1nos- \u00e9s k\u00f6z\u00e9piskolai oszt\u00e1lyok jelentkez\u00e9s\u00e9t v\u00e1rjuk.<br \/>\nA foglalkoz\u00e1sokon elk\u00e9pzelj\u00fck, mi lett volna a lebont\u00e1sra sz\u00e1nt szobrok sorsa, ha nem k\u00e9sz\u00fcl el a Szoborpark M\u00fazeum (jelenleg Mement\u00f3 Park), hogyan alak\u00edtottuk volna \u00e1t \u0151ket, ha nem lehetett volna megmozd\u00edtani egyiket sem. Megbesz\u00e9lj\u00fck mik\u00e9nt v\u00e1ltozott meg az utcak\u00e9p a szobrok lebont\u00e1sa ut\u00e1n, melyik lehetett a legnagyobb eml\u00e9km\u0171, illetve mi ker\u00fclt a szobrok hely\u00e9re \u00e9vekkel k\u00e9s\u0151bb. Elgondolkozunk azon, hogy milyen t\u00e1j\u00e9koztat\u00f3 plak\u00e1tok k\u00e9sz\u00fclhettek volna a szoborbont\u00e1sokr\u00f3l 1989 \u00e9s 1993 k\u00f6z\u00f6tt. Tov\u00e1bb\u00e1 sz\u00f3 esik arr\u00f3l, hogyan befoly\u00e1solja a politikai tartalom egy m\u0171alkot\u00e1s \u00e9rt\u00e9k\u00e9t, mi a k\u00fcl\u00f6nbs\u00e9g a szobord\u00f6nt\u00e9s \u00e9s a szoborbont\u00e1s k\u00f6z\u00f6tt, illetve hogy melyik szobrot hagytuk volna a hely\u00e9n, hogy folyamatosan eml\u00e9keztessen minket egy t\u00f6rt\u00e9nelmi korszakra. A programra \u00e9rkez\u0151 di\u00e1kok kital\u00e1lhatj\u00e1k, hogy milyen t\u00e9m\u00e1ban \u00edrn\u00e1nak ki k\u00f6zt\u00e9ri szoborp\u00e1ly\u00e1zatot 2021-ben, illetve hogy milyen k\u00f6zt\u00e9ri alkot\u00e1st k\u00e9sz\u00edten\u00e9nek most, amelyiket biztosan nem bontan\u00e1nak le 50 \u00e9v m\u00falva sem.<\/p>\n<p>Aj\u00e1nlott koroszt\u00e1ly: 12-18 \u00e9vesek<\/p>\n<p>A program ingyenes.<\/p>\n<p>Helysz\u00edn: BTM V\u00e1rm\u00fazeum, 1014 Budapest, Szent Gy\u00f6rgy t\u00e9r 2. Budav\u00e1ri Palota E \u00e9p\u00fclet<\/p>\n<p>Jelentkez\u00e9s \u00e9s tov\u00e1bbi inform\u00e1ci\u00f3:<br \/>\nSzabics \u00c1gnes, +36 20 9899 360, szabics.agnes@budapestgaleria.hu[\/vc_column_text][vc_empty_space height=&#8221;45px&#8221;][vc_separator type=&#8221;normal&#8221; color=&#8221;#c6c6c6&#8243; up=&#8221;10&#8243; down=&#8221;20&#8243;][vc_single_image image=&#8221;17503&#8243; img_size=&#8221;270&#215;90&#8243; onclick=&#8221;custom_link&#8221; img_link_target=&#8221;_blank&#8221; qode_css_animation=&#8221;&#8221; link=&#8221;https:\/\/bparchiv.hu\/&#8221;][vc_empty_space height=&#8221;20px&#8221;][vc_single_image image=&#8221;17501&#8243; img_size=&#8221;155&#215;90&#8243; onclick=&#8221;custom_link&#8221; img_link_target=&#8221;_blank&#8221; qode_css_animation=&#8221;&#8221; link=&#8221;https:\/\/budapest.hu\/Lapok\/default.aspx&#8221;][vc_empty_space height=&#8221;20px&#8221;][vc_single_image image=&#8221;17512&#8243; img_size=&#8221;150&#215;150&#8243; onclick=&#8221;custom_link&#8221; img_link_target=&#8221;_blank&#8221; qode_css_animation=&#8221;&#8221; link=&#8221;varmuzeum.hu&#8221;][vc_empty_space][\/vc_column][\/vc_row][vc_row css_animation=&#8221;&#8221; row_type=&#8221;row&#8221; use_row_as_full_screen_section=&#8221;no&#8221; type=&#8221;grid&#8221; angled_section=&#8221;no&#8221; text_align=&#8221;left&#8221; background_image_as_pattern=&#8221;without_pattern&#8221; template=&#8221;ism_template_1&#8243; ism_overlock=&#8221;default&#8221; sm_d_text=&#8221;<\/p>\n<h2>This content is locked<\/h2>\n<p>Share This Page To Unlock The Content!&#8221;][vc_column][vc_empty_space height=&#8221;45px&#8221;][\/vc_column][\/vc_row]<\/p>\n<\/div>","protected":false},"excerpt":{"rendered":"<p>[vc_row css_animation=&#8221;&#8221; row_type=&#8221;row&#8221; use_row_as_full_screen_section=&#8221;no&#8221; type=&#8221;grid&#8221; angled_section=&#8221;no&#8221; text_align=&#8221;left&#8221; background_image_as_pattern=&#8221;without_pattern&#8221; template=&#8221;ism_template_1&#8243; ism_overlock=&#8221;default&#8221; sm_d_text=&#8221; This content is locked&#8230;<\/p>\n","protected":false},"author":11,"featured_media":0,"parent":17263,"menu_order":0,"comment_status":"closed","ping_status":"closed","template":"full_width.php","meta":{"inline_featured_image":false,"loftloader_pro_show_once":"","loftloader_pro_page_shortcode":"","footnotes":""},"class_list":["post-17498","page","type-page","status-publish","hentry"],"_links":{"self":[{"href":"https:\/\/budapestgaleria.hu\/_\/wp-json\/wp\/v2\/pages\/17498","targetHints":{"allow":["GET"]}}],"collection":[{"href":"https:\/\/budapestgaleria.hu\/_\/wp-json\/wp\/v2\/pages"}],"about":[{"href":"https:\/\/budapestgaleria.hu\/_\/wp-json\/wp\/v2\/types\/page"}],"author":[{"embeddable":true,"href":"https:\/\/budapestgaleria.hu\/_\/wp-json\/wp\/v2\/users\/11"}],"replies":[{"embeddable":true,"href":"https:\/\/budapestgaleria.hu\/_\/wp-json\/wp\/v2\/comments?post=17498"}],"version-history":[{"count":0,"href":"https:\/\/budapestgaleria.hu\/_\/wp-json\/wp\/v2\/pages\/17498\/revisions"}],"up":[{"embeddable":true,"href":"https:\/\/budapestgaleria.hu\/_\/wp-json\/wp\/v2\/pages\/17263"}],"wp:attachment":[{"href":"https:\/\/budapestgaleria.hu\/_\/wp-json\/wp\/v2\/media?parent=17498"}],"curies":[{"name":"wp","href":"https:\/\/api.w.org\/{rel}","templated":true}]}}