{"id":17516,"date":"2021-10-11T15:01:58","date_gmt":"2021-10-11T13:01:58","guid":{"rendered":"https:\/\/budapestgaleria.hu\/_\/?page_id=17516"},"modified":"2024-07-02T14:36:21","modified_gmt":"2024-07-02T12:36:21","slug":"es-a-falakat-bornek-nezed","status":"publish","type":"page","link":"https:\/\/budapestgaleria.hu\/_\/2021-kiallitasok\/es-a-falakat-bornek-nezed\/","title":{"rendered":"\u00c9s a falakat b\u0151rnek n\u00e9zed"},"content":{"rendered":"<div class=\"wpb-content-wrapper\"><p>[vc_row css_animation=&#8221;&#8221; row_type=&#8221;row&#8221; use_row_as_full_screen_section=&#8221;no&#8221; type=&#8221;grid&#8221; angled_section=&#8221;no&#8221; text_align=&#8221;left&#8221; background_image_as_pattern=&#8221;without_pattern&#8221; template=&#8221;ism_template_1&#8243; ism_overlock=&#8221;default&#8221; sm_d_text=&#8221;<\/p>\n<h2>This content is locked<\/h2>\n<p>Share This Page To Unlock The Content!&#8221;][vc_column][vc_single_image image=&#8221;17543&#8243; img_size=&#8221;full&#8221; qode_css_animation=&#8221;&#8221;][vc_empty_space height=&#8221;10px&#8221;][\/vc_column][\/vc_row][vc_row css_animation=&#8221;&#8221; row_type=&#8221;row&#8221; use_row_as_full_screen_section=&#8221;no&#8221; type=&#8221;grid&#8221; angled_section=&#8221;no&#8221; text_align=&#8221;left&#8221; background_image_as_pattern=&#8221;without_pattern&#8221;][vc_column][vc_empty_space height=&#8221;45px&#8221;][vc_column_text]<\/p>\n<h1 class=\"cim_1\"><em>\u00c9s a falakat b\u0151rnek n\u00e9zed<\/em><\/h1>\n<p>[\/vc_column_text][vc_empty_space height=&#8221;45px&#8221;][\/vc_column][\/vc_row][vc_row css_animation=&#8221;&#8221; row_type=&#8221;row&#8221; use_row_as_full_screen_section=&#8221;no&#8221; type=&#8221;grid&#8221; angled_section=&#8221;no&#8221; text_align=&#8221;left&#8221; background_image_as_pattern=&#8221;without_pattern&#8221; bgparallax=&#8221;parallax&#8221; contentwidth=&#8221;container&#8221; toppadding=&#8221;40&#8243; bottompadding=&#8221;10&#8243; border=&#8221;on&#8221; css=&#8221;.vc_custom_1420648296958{background-color: #ffffff !important;}&#8221;][vc_column width=&#8221;1\/3&#8243; css=&#8221;.vc_custom_1427029754112{padding-right: 25px !important;}&#8221; el_class=&#8221;full-1&#8243;][vc_column_text]<\/p>\n<p class=\"hely_bpgal\">Budapest Gal\u00e9ria<\/p>\n<p class=\"cim_bpgal\">1036 Budapest, Lajos utca 158. (f\u00f6ldszint)<\/p>\n<p class=\"datum_bpgal\">2021. okt\u00f3ber 22. &#8211; 2022. janu\u00e1r 9.<\/p>\n<p>[\/vc_column_text][vc_column_text]<\/p>\n<p class=\"kiemeles_bpgal\">Ki\u00e1ll\u00edt\u00f3 m\u0171v\u00e9szek:<\/p>\n<p class=\"verzal_bpgal\">Alia Farid | Horv\u00e1th Gideon | Kate\u0159ina Konvalinov\u00e1 | Petr\u00e1nyi Luca | Charwei Tsai<\/p>\n<p>[\/vc_column_text][vc_column_text]<\/p>\n<p class=\"kiemeles_bpgal\">Kur\u00e1tor:<\/p>\n<p class=\"verzal_bpgal\">Gad\u00f3 Fl\u00f3ra<\/p>\n<p>[\/vc_column_text][vc_column_text]<\/p>\n<p class=\"kiemeles_bpgal\">Grafika:<\/p>\n<p class=\"verzal_bpgal\">J\u00e1kob B\u00e1lint<\/p>\n<p>[\/vc_column_text][vc_column_text]<\/p>\n<p class=\"kiemeles_bpgal\">Megnyit\u00f3:<\/p>\n<p class=\"datum_bpgal_2\">2021. okt\u00f3ber 21., (cs\u00fct\u00f6rt\u00f6k) 18:00<\/p>\n<p class=\"kiemeles_bpgal\">Megnyit\u00f3 performansz:<\/p>\n<p class=\"verzal_bpgal\">Vadas Zs\u00f3fia Tamara \u00e9s Vass Imre<\/p>\n<p>[\/vc_column_text][vc_empty_space][\/vc_column][vc_column width=&#8221;2\/3&#8243; el_class=&#8221;full-2&#8243;][vc_column_text]Az <em>\u00c9s a falakat b\u0151rnek n\u00e9zed<\/em> ki\u00e1ll\u00edt\u00e1s azt vizsg\u00e1lja, hogyan foglalkoznak kort\u00e1rs k\u00e9pz\u0151m\u0171v\u00e9szek a t\u00e1nccal mint k\u00f6z\u00f6ss\u00e9gi mozg\u00e1sform\u00e1val \u00e9s ritu\u00e1lis gyakorlattal. A ki\u00e1ll\u00edt\u00e1s c\u00edme, mely a vietn\u00e1mi-amerikai \u00edr\u00f3, k\u00f6lt\u0151 Ocean Vuong egy vers\u00e9nek r\u00e9szlet\u00e9b\u0151l sz\u00e1rmazik, utal arra a paradox helyzetre, hogy egy olyan dinamikus m\u0171faj mint a t\u00e1nc, hogyan tud egy ki\u00e1ll\u00edt\u00f3t\u00e9r falai k\u00f6zt bemutat\u00e1sra ker\u00fclni \u00e9s az alapvet\u0151en statikus ki\u00e1ll\u00edt\u00e1s form\u00e1j\u00e1ban \u00f6nazonosan megjelenni. Ez legink\u00e1bb a mozg\u00f3k\u00e9pen kereszt\u00fcl val\u00f3sulhat meg: \u00edgy v\u00e1lik a vide\u00f3 \u00e9s a film a ki\u00e1ll\u00edt\u00e1s f\u0151 m\u00e9dium\u00e1v\u00e1.<br \/>\nA ki\u00e1ll\u00edt\u00e1son szerepl\u0151 munk\u00e1k egy r\u00e9sze Eur\u00f3p\u00e1n k\u00edv\u00fcli, ma is akt\u00edvan el\u0151adott ritu\u00e1lis t\u00e1ncokat mutat be \u00e9s \u00e9rtelmez \u00fajra. Ezek egyar\u00e1nt k\u00f6thet\u0151ek a h\u00e9tk\u00f6znapokhoz vagy olyan, kiemelten fontos esem\u00e9nyekhez egy k\u00f6z\u00f6ss\u00e9g \u00e9let\u00e9ben, amelyek egy\u00fcttes feldolgoz\u00e1sa a t\u00e1ncon kereszt\u00fcl t\u00f6rt\u00e9nik. A m\u0171v\u00e9szek egy antropol\u00f3gus \u00e9rz\u00e9kenys\u00e9g\u00e9vel dokument\u00e1lj\u00e1k ezen k\u00f6z\u00f6ss\u00e9gek hossz\u00fa id\u0151kre visszany\u00fal\u00f3 \u00e9s ma is akt\u00edv r\u00edtusait. A k\u00fcl\u00f6nb\u00f6z\u0151 eszt\u00e9tik\u00e1j\u00fa videomunk\u00e1kon kereszt\u00fcl azt a k\u00e9rd\u00e9st teszik fel, hogy mik\u00e9nt v\u00e1ltozott a r\u00edtus fogalma \u00e9s gyakorlata az elm\u00falt \u00e9vsz\u00e1zadokban, mi lehet a szerep\u00fck napjainkban \u00e9s milyen \u00f6sszef\u00fcgg\u00e9s van a t\u00e1nc \u00e9s a ritu\u00e1lis gyakorlatok k\u00f6z\u00f6tt.<br \/>\nA k\u00fcl\u00f6nb\u00f6z\u0151 hagyom\u00e1nyok, kult\u00far\u00e1k egym\u00e1shoz kapcsol\u00e1sa \u00e9s a ritu\u00e1lis mozg\u00e1sform\u00e1khoz k\u00f6t\u0151d\u0151 kort\u00e1rs asszoci\u00e1ci\u00f3k t\u00f6bb m\u0171ben hangs\u00falyosak, hasonl\u00f3an ahhoz a k\u00e9rd\u00e9shez, hogy mennyiben tud a t\u00e1nc felszabad\u00edt\u00f3 ereje napjaink v\u00e1ls\u00e1ghelyzet\u00e9ben egyfajta kiutat jelenteni. A t\u00e1nc sor\u00e1n a test felszabad\u00edt\u00e1sa, az \u00f6nmagunkb\u00f3l kil\u00e9p\u00e9s, az \u00f6nfeledts\u00e9g \u00e9s a transz \u00e1llapota visszak\u00f6sz\u00f6n a m\u0171vekben, mindek\u00f6zben a test tudatos\u00edt\u00e1sa, koncentr\u00e1lt meg\u00e9l\u00e9se is hasonl\u00f3an k\u00f6zponti t\u00e9m\u00e1v\u00e1 v\u00e1lik. Ugyanakkor a k\u00fcl\u00f6nb\u00f6z\u0151 r\u00edtusokhoz k\u00f6thet\u0151 t\u00e1ncok \u00e9s egy\u00e9b mozg\u00e1sform\u00e1k sosem \u00f6nmagukba z\u00e1rtan jelennek meg: a munk\u00e1k el\u0151t\u00e9rbe helyeznek aktu\u00e1lis t\u00e1rsadalmi, gazdas\u00e1gi folyamatokat is, legyen sz\u00f3 egy k\u00f6z\u00f6ss\u00e9g legf\u0151bb bev\u00e9teli forr\u00e1s\u00e1r\u00f3l, a hal\u00e1szatr\u00f3l vagy a fiatal feln\u0151ttek ki\u00e9g\u00e9s\u00e9r\u0151l \u00e9s eszk\u00e9pizmus\u00e1r\u00f3l napjainkban.[\/vc_column_text][vc_empty_space height=&#8221;45px&#8221;][vc_separator type=&#8221;normal&#8221; color=&#8221;#c6c6c6&#8243; up=&#8221;10&#8243; down=&#8221;20&#8243;][vc_single_image image=&#8221;17327&#8243; img_size=&#8221;90&#215;90&#8243; onclick=&#8221;custom_link&#8221; img_link_target=&#8221;_blank&#8221; qode_css_animation=&#8221;&#8221; link=&#8221;https:\/\/www.mzv.sk\/web\/sibudapest-hu\/rolunk&#8221;][vc_empty_space height=&#8221;45px&#8221;][vc_single_image image=&#8221;21448&#8243; img_size=&#8221;full&#8221; qode_css_animation=&#8221;&#8221;][vc_empty_space][vc_single_image image=&#8221;21450&#8243; img_size=&#8221;full&#8221; qode_css_animation=&#8221;&#8221;][vc_empty_space][vc_single_image image=&#8221;21452&#8243; img_size=&#8221;full&#8221; qode_css_animation=&#8221;&#8221;][vc_empty_space][vc_single_image image=&#8221;21454&#8243; img_size=&#8221;full&#8221; qode_css_animation=&#8221;&#8221;][vc_empty_space][vc_single_image image=&#8221;21456&#8243; img_size=&#8221;full&#8221; qode_css_animation=&#8221;&#8221;][vc_empty_space][vc_single_image image=&#8221;21458&#8243; img_size=&#8221;full&#8221; qode_css_animation=&#8221;&#8221;][vc_empty_space][vc_single_image image=&#8221;21462&#8243; img_size=&#8221;full&#8221; qode_css_animation=&#8221;&#8221;][vc_empty_space][vc_single_image image=&#8221;21460&#8243; img_size=&#8221;full&#8221; qode_css_animation=&#8221;&#8221;][vc_empty_space][vc_column_text]<\/p>\n<p class=\"kepalairas_cim_jobb\">Fot\u00f3k: Juh\u00e1sz G. Tam\u00e1s<\/p>\n<p>[\/vc_column_text][vc_empty_space][\/vc_column][\/vc_row][vc_row css_animation=&#8221;&#8221; row_type=&#8221;row&#8221; use_row_as_full_screen_section=&#8221;no&#8221; type=&#8221;grid&#8221; angled_section=&#8221;no&#8221; text_align=&#8221;left&#8221; background_image_as_pattern=&#8221;without_pattern&#8221; template=&#8221;ism_template_1&#8243; ism_overlock=&#8221;default&#8221; sm_d_text=&#8221;<\/p>\n<h2>This content is locked<\/h2>\n<p>Share This Page To Unlock The Content!&#8221;][vc_column][vc_empty_space height=&#8221;45px&#8221;][\/vc_column][\/vc_row]<\/p>\n<\/div>","protected":false},"excerpt":{"rendered":"<p>[vc_row css_animation=&#8221;&#8221; row_type=&#8221;row&#8221; use_row_as_full_screen_section=&#8221;no&#8221; type=&#8221;grid&#8221; angled_section=&#8221;no&#8221; text_align=&#8221;left&#8221; background_image_as_pattern=&#8221;without_pattern&#8221; template=&#8221;ism_template_1&#8243; ism_overlock=&#8221;default&#8221; sm_d_text=&#8221; This content is locked&#8230;<\/p>\n","protected":false},"author":11,"featured_media":0,"parent":17263,"menu_order":0,"comment_status":"closed","ping_status":"closed","template":"full_width.php","meta":{"inline_featured_image":false,"loftloader_pro_show_once":"","loftloader_pro_page_shortcode":"","footnotes":""},"class_list":["post-17516","page","type-page","status-publish","hentry"],"_links":{"self":[{"href":"https:\/\/budapestgaleria.hu\/_\/wp-json\/wp\/v2\/pages\/17516","targetHints":{"allow":["GET"]}}],"collection":[{"href":"https:\/\/budapestgaleria.hu\/_\/wp-json\/wp\/v2\/pages"}],"about":[{"href":"https:\/\/budapestgaleria.hu\/_\/wp-json\/wp\/v2\/types\/page"}],"author":[{"embeddable":true,"href":"https:\/\/budapestgaleria.hu\/_\/wp-json\/wp\/v2\/users\/11"}],"replies":[{"embeddable":true,"href":"https:\/\/budapestgaleria.hu\/_\/wp-json\/wp\/v2\/comments?post=17516"}],"version-history":[{"count":0,"href":"https:\/\/budapestgaleria.hu\/_\/wp-json\/wp\/v2\/pages\/17516\/revisions"}],"up":[{"embeddable":true,"href":"https:\/\/budapestgaleria.hu\/_\/wp-json\/wp\/v2\/pages\/17263"}],"wp:attachment":[{"href":"https:\/\/budapestgaleria.hu\/_\/wp-json\/wp\/v2\/media?parent=17516"}],"curies":[{"name":"wp","href":"https:\/\/api.w.org\/{rel}","templated":true}]}}