{"id":17632,"date":"2021-11-29T11:36:45","date_gmt":"2021-11-29T10:36:45","guid":{"rendered":"https:\/\/budapestgaleria.hu\/_\/?page_id=17632"},"modified":"2025-05-22T11:54:49","modified_gmt":"2025-05-22T09:54:49","slug":"adatkezelesi-tajekoztato","status":"publish","type":"page","link":"https:\/\/budapestgaleria.hu\/_\/adatkezelesi-tajekoztato\/","title":{"rendered":"Adatkezel\u00e9si t\u00e1j\u00e9koztat\u00f3"},"content":{"rendered":"<div class=\"wpb-content-wrapper\"><p>[vc_row css_animation=&#8221;&#8221; row_type=&#8221;row&#8221; use_row_as_full_screen_section=&#8221;no&#8221; type=&#8221;full_width&#8221; angled_section=&#8221;no&#8221; text_align=&#8221;left&#8221; background_image_as_pattern=&#8221;without_pattern&#8221;][vc_column][vc_empty_space height=&#8221;10px&#8221;][vc_column_text]<\/p>\n<h2 class=\"cim_1\">Adatkezel\u00e9si t\u00e1j\u00e9koztat\u00f3<\/h2>\n<p>[\/vc_column_text][vc_empty_space][\/vc_column][\/vc_row][vc_row css_animation=&#8221;&#8221; row_type=&#8221;row&#8221; use_row_as_full_screen_section=&#8221;no&#8221; type=&#8221;full_width&#8221; angled_section=&#8221;no&#8221; text_align=&#8221;left&#8221; background_image_as_pattern=&#8221;without_pattern&#8221;][vc_column][vc_column_text]<\/p>\n<h4 class=\"kiemeles_bpgal_2\">A Budapesti T\u00f6rt\u00e9neti M\u00fazeum adatkezel\u00e9si tev\u00e9kenys\u00e9g\u00e9r\u0151l<\/h4>\n<p>[\/vc_column_text][vc_empty_space][vc_column_text]A Budapesti T\u00f6rt\u00e9neti M\u00fazeum, mint szem\u00e9lyes adatok k\u00f6zvetlen kezel\u0151je (a tov\u00e1bbiakban: Adatkezel\u0151) a jelen Adatkezel\u00e9si t\u00e1j\u00e9koztat\u00f3val t\u00e1j\u00e9koztatja az \u00e9rintetteket adatkezel\u00e9si gyakorlat\u00e1r\u00f3l, a birtok\u00e1ba ker\u00fclt szem\u00e9lyes adatok v\u00e9delme \u00e9rdek\u00e9ben megtett int\u00e9zked\u00e9seir\u0151l \u00e9s az \u00e9rintettek jogorvoslati lehet\u0151s\u00e9geir\u0151l.<\/p>\n<p>A jelen adatkezel\u00e9si t\u00e1j\u00e9koztat\u00f3 az inform\u00e1ci\u00f3s \u00f6nrendelkez\u00e9si jogr\u00f3l \u00e9s az inform\u00e1ci\u00f3szabads\u00e1gr\u00f3l sz\u00f3l\u00f3 2011. \u00e9vi CXII. t\u00f6rv\u00e9ny (a tov\u00e1bbiakban: Infotv.) valamint az Eur\u00f3pai Parlament \u00e9s a Tan\u00e1cs 2016\/679 Rendelet\u00e9ben (&#8222;GDPR&#8221;) el\u0151\u00edrtakon alapul. Az Adatkezel\u0151 jelen T\u00e1j\u00e9koztat\u00f3ban valamint az Adatkezel\u0151 adatv\u00e9delmi \u00e9s adatbiztons\u00e1gi szab\u00e1lyzat\u00e1ban foglaltaknak megfelel\u0151en, kiz\u00e1r\u00f3lag az adatkezel\u00e9ssel el\u00e9rend\u0151 c\u00e9lhoz elengedhetetlen\u00fcl sz\u00fcks\u00e9ges m\u00e9rt\u00e9kben kezeli az \u00e9rintettek szem\u00e9lyes adatait.<\/p>\n<p>Az Adatkezel\u0151 fenntartja mag\u00e1nak a jogot a jelen T\u00e1j\u00e9koztat\u00f3 rendelkez\u00e9seinek megv\u00e1ltoztat\u00e1s\u00e1ra. A m\u00f3dos\u00edt\u00e1sokr\u00f3l az Adatkezel\u0151 a <a href=\"http:\/\/www.btm.hu\/\">www.btm.hu<\/a> weboldalon r\u00f6vid felh\u00edv\u00e1s \u00fatj\u00e1n vagy v\u00e1ltoz\u00e1s jelleg\u00e9t\u0151l f\u00fcgg\u0151en k\u00f6zvetlen\u00fcl \u00e9rtes\u00edti az \u00e9rintetteket. Amennyiben az \u00e9rintett a t\u00e1j\u00e9koztat\u00e1st k\u00f6vet\u0151en tov\u00e1bbra is ig\u00e9nybe veszi az Adatkezel\u0151 szolg\u00e1ltat\u00e1sait, az a T\u00e1j\u00e9koztat\u00f3 m\u00f3dos\u00edtott rendelkez\u00e9sei elfogad\u00e1s\u00e1nak min\u0151s\u00fcl<\/p>\n<p><strong>1. Adatkezel\u0151 azonos\u00edt\u00f3 adatai:<\/strong><br \/>\nBudapesti T\u00f6rt\u00e9neti M\u00fazeum<br \/>\nsz\u00e9khely: 1014 Budapest, Szt. Gy\u00f6rgy t\u00e9r 2.<br \/>\nk\u00e9pvisel\u0151: dr Csorba L\u00e1szl\u00f3t f\u0151igazgat\u00f3<\/p>\n<p><strong>Relev\u00e1ns kapcsolattart\u00e1si adatok<\/strong><br \/>\nTelefonsz\u00e1m: +36 1 487-8801<br \/>\nE-mail c\u00edm:\u00a0<a href=\"keller.gera.adrienn@btm.hu\">keller.gera.adrienn@btm.hu<\/a><br \/>\nadatv\u00e9delmi tisztvisel\u0151: dr Keller-Gera Adrienn<\/p>\n<p><strong>2. Adatkezel\u00e9si tev\u00e9kenys\u00e9g:<\/strong><\/p>\n<p>Adatkezel\u00e9s alatt, az Adatkezel\u0151 \u00e1ltal v\u00e9gzett al\u00e1bbi m\u0171veletek \u00e9rtend\u0151k: a szem\u00e9lyes adatokon vagy adat\u00e1llom\u00e1nyokon automatiz\u00e1lt vagy nem automatiz\u00e1lt m\u00f3don v\u00e9gzett b\u00e1rmely m\u0171velet vagy m\u0171veletek \u00f6sszess\u00e9ge, \u00edgy a gy\u0171jt\u00e9s, r\u00f6gz\u00edt\u00e9s, rendszerez\u00e9s, tagol\u00e1s, t\u00e1rol\u00e1s, \u00e1talak\u00edt\u00e1s vagy megv\u00e1ltoztat\u00e1s, lek\u00e9rdez\u00e9s, betekint\u00e9s, felhaszn\u00e1l\u00e1s, k\u00f6zl\u00e9s, tov\u00e1bb\u00edt\u00e1s, terjeszt\u00e9s vagy egy\u00e9b m\u00f3don t\u00f6rt\u00e9n\u0151 hozz\u00e1f\u00e9rhet\u0151v\u00e9 t\u00e9tel \u00fatj\u00e1n, \u00f6sszehangol\u00e1s vagy \u00f6sszekapcsol\u00e1s, korl\u00e1toz\u00e1s, t\u00f6rl\u00e9s, illetve megsemmis\u00edt\u00e9s.<\/p>\n<p><strong>2.1.Az adatkezel\u00e9s c\u00e9lja<\/strong><\/p>\n<p>&#8211; az Adatkezel\u0151 \u00e1ltal szervezett programon t\u00f6rt\u00e9n\u0151 r\u00e9szv\u00e9tel<br \/>\n&#8211; h\u00edrlev\u00e9l szolg\u00e1ltat\u00e1shoz kapcsol\u00f3d\u00f3 adatkezel\u00e9s<br \/>\n&#8211; szem\u00e9lyes kapcsolattart\u00e1s<\/p>\n<p><strong>2.2. Az adatkezel\u00e9s id\u0151tartama<\/strong><\/p>\n<p>&#8211; az Adatkezel\u0151 \u00e1ltal szervezett programon t\u00f6rt\u00e9n\u0151 r\u00e9szv\u00e9tel eset\u00e9n a program lezajl\u00e1s\u00e1ig<br \/>\n&#8211; h\u00edrlev\u00e9l szolg\u00e1ltat\u00e1shoz kapcsol\u00f3d\u00f3 adatkezel\u00e9s a hozz\u00e1j\u00e1rul\u00e1s visszavon\u00e1s\u00e1ig<br \/>\n&#8211; szem\u00e9lyes kapcsolattart\u00e1s a hozz\u00e1j\u00e1rul\u00e1s visszavon\u00e1s\u00e1ig<\/p>\n<p><strong>2.3. Az adatkezel\u00e9s jogalapja:<\/strong><\/p>\n<p>&#8211; az \u00e9rintett hozz\u00e1j\u00e1rul\u00e1s\u00e1t adta szem\u00e9lyes adatainak egy vagy t\u00f6bb konkr\u00e9t c\u00e9lb\u00f3l t\u00f6rt\u00e9n\u0151<br \/>\nkezel\u00e9s\u00e9hez [GDPR 6. cikk (1) bekezd\u00e9s a) pont];<br \/>\n&#8211; az adatkezel\u00e9s olyan szerz\u0151d\u00e9s teljes\u00edt\u00e9s\u00e9hez sz\u00fcks\u00e9ges, amelyben az \u00e9rintett az egyik f\u00e9l,<br \/>\nvagy az a szerz\u0151d\u00e9s megk\u00f6t\u00e9s\u00e9t megel\u0151z\u0151en az \u00e9rintett k\u00e9r\u00e9s\u00e9re t\u00f6rt\u00e9n\u0151 l\u00e9p\u00e9sek megt\u00e9tel\u00e9hez<br \/>\nsz\u00fcks\u00e9ges [GDPR 6. cikk (1) bekezd\u00e9s b) pont];<\/p>\n<p><strong>2.4. Az Adatkezel\u0151 \u00e1ltal kezelt szem\u00e9lyes adatok k\u00f6re:<\/strong><\/p>\n<p>&#8211; h\u00edrlev\u00e9l k\u00fcld\u00e9se: n\u00e9v, email c\u00edm,<br \/>\n&#8211; m\u00fazeum \u00e1ltal szervezett programon val\u00f3 r\u00e9szv\u00e9tel: n\u00e9v, email c\u00edm, telefonsz\u00e1m<br \/>\n&#8211; szem\u00e9lyes kapcsolattart\u00e1s: n\u00e9v, email c\u00edm<\/p>\n<p><strong>3. Adatfeldolgoz\u00f3 ig\u00e9nybev\u00e9tel\u00e9r\u0151l sz\u00f3l\u00f3 t\u00e1j\u00e9koztat\u00e1s:<\/strong><\/p>\n<p>Adatkezel\u0151 adatfeldolgoz\u00f3t nem vesz ig\u00e9nybe.<\/p>\n<p><strong>4. Az adatok megismer\u00e9s\u00e9re jogosult szem\u00e9lyek k\u00f6re:<\/strong><\/p>\n<p>Az Adatkezel\u0151 munkav\u00e1llal\u00f3i.<\/p>\n<p><strong>5. Adatbiztons\u00e1gi int\u00e9zked\u00e9sekr\u0151l sz\u00f3l\u00f3 t\u00e1j\u00e9koztat\u00e1s:<\/strong><\/p>\n<p>Az Adatkezel\u0151 kiz\u00e1r\u00f3lagos \u00f6nkorm\u00e1nyzati fenntart\u00e1s\u00fa k\u00f6lts\u00e9gvet\u00e9si szerv, gazd\u00e1lkod\u00e1sa \u00e1tl\u00e1that\u00f3, m\u0171k\u00f6d\u00e9se szab\u00e1lyozott, az iratt\u00e1roz\u00e1s rendj\u00e9re \u00e9s az informatikai rendszer m\u0171k\u00f6d\u00e9s\u00e9re bels\u0151 szab\u00e1lyoz\u00e1sokat \u00e9s kontrollokat alkalmaz. Az Adatkezel\u0151 gondoskodott a birtok\u00e1ba ker\u00fcl\u0151 szem\u00e9lyes adatok biztons\u00e1g\u00e1r\u00f3l, megtette tov\u00e1bb\u00e1 azokat a technikai \u00e9s szervez\u00e9si int\u00e9zked\u00e9seket \u00e9s kialak\u00edtotta azokat az elj\u00e1r\u00e1si szab\u00e1lyokat, amelyek az Infotv., valamint a GDPR el\u0151\u00edr\u00e1sainak \u00e9rv\u00e9nyre juttat\u00e1s\u00e1hoz sz\u00fcks\u00e9gesek. Adatkezel\u0151 informatikai rendszere \u00e9s h\u00e1l\u00f3zata egyar\u00e1nt v\u00e9dett a sz\u00e1m\u00edt\u00f3g\u00e9ppel t\u00e1mogatott csal\u00e1s, k\u00e9mked\u00e9s, szabot\u00e1zs, vandalizmus, t\u0171z \u00e9s \u00e1rv\u00edz, tov\u00e1bb\u00e1 a sz\u00e1m\u00edt\u00f3g\u00e9pv\u00edrusok, a sz\u00e1m\u00edt\u00f3g\u00e9pes bet\u00f6r\u00e9sek \u00e9s a szolg\u00e1lat megtagad\u00e1sra vezet\u0151 t\u00e1mad\u00e1sok ellen.<\/p>\n<p><strong>6. Az \u00e9rintettek jogai \u00e9s jog\u00e9rv\u00e9nyes\u00edt\u00e9si lehet\u0151s\u00e9gei:<\/strong><\/p>\n<p>\u00d6nt, mint az adatkezel\u00e9s \u00e9rintettj\u00e9t, az al\u00e1bbi jogok illetik meg az \u00d6nr\u0151l kezelt szem\u00e9lyes adatok vonatkoz\u00e1s\u00e1ban:<\/p>\n<p><strong>6.1.<\/strong> k\u00e9relmezheti az Adatkezel\u0151kt\u0151l az \u00d6nr\u0151l kezelt <strong>szem\u00e9lyes adatokhoz<br \/>\nt\u00f6rt\u00e9n\u0151 hozz\u00e1f\u00e9r\u00e9st<\/strong>.<br \/>\nA hozz\u00e1f\u00e9r\u00e9s joga lehet\u0151s\u00e9get biztos\u00edt \u00d6nnek arra, hogy visszajelz\u00e9st kapjon az Adatkezel\u0151kt\u0151l<br \/>\narra vonatkoz\u00f3an, hogy folyamatban van-e \u00d6nre vonatkoz\u00f3 adatkezel\u00e9s, amennyiben igen, jogosult<br \/>\nhozz\u00e1f\u00e9rni a szem\u00e9lyes adataihoz valamint t\u00e1j\u00e9koztat\u00e1st k\u00e9rni az Adatkezel\u0151kt\u0151l az<br \/>\nadatkezel\u00e9sr\u0151l.<\/p>\n<p><strong>6.2.<\/strong> k\u00e9relmezheti a <strong>szem\u00e9lyes adatok helyesb\u00edt\u00e9s\u00e9t illetve<br \/>\nt\u00f6rl\u00e9s\u00e9t<\/strong>, valamint ezen <strong>adatok kezel\u00e9s\u00e9nek korl\u00e1toz\u00e1s\u00e1t<\/strong>. A helyesb\u00edt\u00e9s<br \/>\n\u00e9s t\u00f6rl\u00e9s joga lehet\u0151s\u00e9get biztos\u00edt arra, hogy pontatlan vagy hi\u00e1nyos adatok eset\u00e9n azok<br \/>\nhelyesb\u00edt\u00e9s\u00e9t k\u00e9rje az Adatkezel\u0151kt\u0151l, illetve hogy szem\u00e9lyes adatainak t\u00f6rl\u00e9s\u00e9t ig\u00e9nyelje. Ha<br \/>\n\u00d6n a szem\u00e9lyes adatok kezel\u00e9s\u00e9nek korl\u00e1toz\u00e1s\u00e1t k\u00e9ri, akkor az Adatkezel\u0151 az adatkezel\u00e9st az \u00d6n<br \/>\nk\u00e9relm\u00e9nek megfelel\u0151 terjedelemben korl\u00e1tozhatja.<\/p>\n<p><strong>6.3.<\/strong> megilleti az <strong>adatainak hordozhat\u00f3s\u00e1g\u00e1hoz val\u00f3 jog<\/strong>. \u00d6n<br \/>\njogosult arra, hogy az Adatkezel\u0151 rendelkez\u00e9s\u00e9re bocs\u00e1tott szem\u00e9lyes adatait tagolt, sz\u00e9les<br \/>\nk\u00f6rben haszn\u00e1lt, g\u00e9ppel olvashat\u00f3 form\u00e1tumban megkapja, tov\u00e1bb\u00e1 jogosult arra, hogy ezeket az<br \/>\nadatokat egy m\u00e1sik Adatkezel\u0151nek tov\u00e1bb\u00edtsa, k\u00e9rheti tov\u00e1bb\u00e1, hogy a szem\u00e9lyes adatait az<br \/>\nAdatkezel\u0151 m\u00e1s Adatkezel\u0151 r\u00e9sz\u00e9re k\u00f6zvetlen\u00fcl tov\u00e1bb\u00edtsa.<\/p>\n<p><strong>6.4.<\/strong> megilleti azon jog, hogy az adatkezel\u00e9shez adott <strong>hozz\u00e1j\u00e1rul\u00e1s\u00e1t<br \/>\nr\u00e9szben vagy eg\u00e9szben b\u00e1rmikor visszavonja<\/strong>.<\/p>\n<p><strong>7. Panasz beny\u00fajt\u00e1s joga, b\u00edr\u00f3s\u00e1gi jog\u00e9rv\u00e9nyes\u00edt\u00e9s, k\u00e1rt\u00e9r\u00edt\u00e9s jogellenes adatkezel\u00e9ssel kapcsolatban<\/strong><\/p>\n<p>Amennyiben \u00d6n a szem\u00e9lyes adatainak kezel\u00e9se sor\u00e1n a jogainak megs\u00e9rt\u00e9s\u00e9t \u00e9szleli, az al\u00e1bbi lehet\u0151s\u00e9gek \u00e1llnak rendelkez\u00e9s\u00e9re:<\/p>\n<p>&#8211; k\u00f6zvetlen\u00fcl az Adatkezel\u0151kh\u00f6z fordulhat postai lev\u00e9lben vagy emailen kereszt\u00fcl az 1 pontban r\u00f6gz\u00edtett el\u00e9rhet\u0151s\u00e9geken<br \/>\n&#8211; a Nemzeti Adatv\u00e9delmi \u00e9s Inform\u00e1ci\u00f3szabads\u00e1g Hat\u00f3s\u00e1gn\u00e1l panaszt ny\u00fajthat be<\/p>\n<p><strong>Nemzeti Adatv\u00e9delmi \u00e9s Inform\u00e1ci\u00f3szabads\u00e1g Hat\u00f3s\u00e1g<\/strong><br \/>\nSz\u00e9khely: 1125 Budapest, Szil\u00e1gyi Erzs\u00e9bet fasor 22\/C.<br \/>\nHonlap: <a href=\"http:\/\/www.naih.hu\">http:\/\/www.naih.hu<\/a><br \/>\nTelefon: +36 (1) 391-1400<br \/>\nTelefax: +36 (1) 391-1410<br \/>\nE-mail: <a href=\"mailto:ugyfelszolgalat@naih.hu\">ugyfelszolgalat@naih.hu<\/a><\/p>\n<p>&#8211; b\u00edr\u00f3s\u00e1ghoz fordulhat adatai jogellenes kezel\u00e9se, valamint az adatbiztons\u00e1g k\u00f6vetelm\u00e9nyeinek megszeg\u00e9se eset\u00e9n. A jogszab\u00e1lyban r\u00f6gz\u00edtettek szerint jogosult lehet k\u00e1rt\u00e9r\u00edt\u00e9sre, valamint s\u00e9relem d\u00edjra. A b\u00edr\u00f3s\u00e1g illet\u00e9kess\u00e9g\u00e9r\u0151l \u00e9s el\u00e9rhet\u0151s\u00e9geir\u0151l az al\u00e1bbi honlapon t\u00e1j\u00e9koz\u00f3dhat: www.birosagok.hu<\/p>\n<p>Az adatkezel\u00e9ssel, illetve a jelen t\u00e1j\u00e9koztat\u00f3ban foglaltakkal kapcsolatos k\u00e9relmeit, nyilatkozatait, \u00e9szrev\u00e9teleit \u00e9s esetleges k\u00e9rd\u00e9seit az Adatkezel\u0151 1. pontban megjel\u00f6lt sz\u00e9khelyre tov\u00e1bb\u00edtott postai k\u00fcldem\u00e9ny \u00fatj\u00e1n, vagy az Adatkezel\u0151 1. pontban megjel\u00f6lt elektronikus levelez\u00e9si c\u00edm\u00e9re k\u00fcld\u00f6tt e-mail \u00fatj\u00e1n teheti meg.<\/p>\n<p><strong>Az Adatkezel\u0151 adatkezel\u00e9s\u00e9vel kapcsolatos, jelen t\u00e1j\u00e9koztat\u00f3ban nem szerepl\u0151 tov\u00e1bbi inform\u00e1ci\u00f3kat az Adatkezel\u0151 adatv\u00e9delmi \u00e9s adatbiztons\u00e1gi szab\u00e1lyzata tartalmazza.<\/strong><\/p>\n<p>A BTM adatv\u00e9delmi tisztvisel\u0151je: dr. Keller-Gera Adrienn<br \/>\nE-mail:\u00a0<a href=\"keller.gera.adrienn@btm.hu\">keller.gera.adrienn@btm.hu<\/a>[\/vc_column_text][\/vc_column][\/vc_row][vc_row css_animation=&#8221;&#8221; row_type=&#8221;row&#8221; use_row_as_full_screen_section=&#8221;no&#8221; type=&#8221;full_width&#8221; angled_section=&#8221;no&#8221; text_align=&#8221;left&#8221; background_image_as_pattern=&#8221;without_pattern&#8221;][vc_column][vc_empty_space][vc_column_text]<\/p>\n<h4 class=\"kiemeles_bpgal_2\">Cookie-k haszn\u00e1lat\u00e1ra vonatkoz\u00f3 t\u00e1j\u00e9koztat\u00f3:<\/h4>\n<p>[\/vc_column_text][vc_column_text][gview file=&#8221;https:\/\/budapestgaleria.hu\/_\/wp-content\/uploads\/2021\/11\/COOKIE.pdf&#8221;][\/vc_column_text][vc_empty_space][vc_column_text]<\/p>\n<h4 class=\"kiemeles_bpgal_2\">Adatk\u00e9r\u0151 lap &#8211; szem\u00e9lyes adatok egy\u00e9ni hozz\u00e1j\u00e1rul\u00e1son alapul\u00f3 kezel\u00e9s\u00e9hez:<\/h4>\n<p>[\/vc_column_text][vc_column_text][gview file=&#8221;https:\/\/budapestgaleria.hu\/_\/wp-content\/uploads\/2021\/11\/ADATKERO_LAP.pdf&#8221;][\/vc_column_text][vc_empty_space][\/vc_column][\/vc_row]<\/p>\n<\/div>","protected":false},"excerpt":{"rendered":"<p>[vc_row css_animation=&#8221;&#8221; row_type=&#8221;row&#8221; use_row_as_full_screen_section=&#8221;no&#8221; type=&#8221;full_width&#8221; angled_section=&#8221;no&#8221; text_align=&#8221;left&#8221; background_image_as_pattern=&#8221;without_pattern&#8221;][vc_column][vc_empty_space height=&#8221;10px&#8221;][vc_column_text] Adatkezel\u00e9si t\u00e1j\u00e9koztat\u00f3 [\/vc_column_text][vc_empty_space][\/vc_column][\/vc_row][vc_row css_animation=&#8221;&#8221; row_type=&#8221;row&#8221; use_row_as_full_screen_section=&#8221;no&#8221;&#8230;<\/p>\n","protected":false},"author":11,"featured_media":0,"parent":0,"menu_order":0,"comment_status":"closed","ping_status":"closed","template":"","meta":{"inline_featured_image":false,"loftloader_pro_show_once":"","loftloader_pro_page_shortcode":"","footnotes":""},"class_list":["post-17632","page","type-page","status-publish","hentry"],"_links":{"self":[{"href":"https:\/\/budapestgaleria.hu\/_\/wp-json\/wp\/v2\/pages\/17632","targetHints":{"allow":["GET"]}}],"collection":[{"href":"https:\/\/budapestgaleria.hu\/_\/wp-json\/wp\/v2\/pages"}],"about":[{"href":"https:\/\/budapestgaleria.hu\/_\/wp-json\/wp\/v2\/types\/page"}],"author":[{"embeddable":true,"href":"https:\/\/budapestgaleria.hu\/_\/wp-json\/wp\/v2\/users\/11"}],"replies":[{"embeddable":true,"href":"https:\/\/budapestgaleria.hu\/_\/wp-json\/wp\/v2\/comments?post=17632"}],"version-history":[{"count":0,"href":"https:\/\/budapestgaleria.hu\/_\/wp-json\/wp\/v2\/pages\/17632\/revisions"}],"wp:attachment":[{"href":"https:\/\/budapestgaleria.hu\/_\/wp-json\/wp\/v2\/media?parent=17632"}],"curies":[{"name":"wp","href":"https:\/\/api.w.org\/{rel}","templated":true}]}}