{"id":17691,"date":"2022-01-13T10:38:56","date_gmt":"2022-01-13T09:38:56","guid":{"rendered":"https:\/\/budapestgaleria.hu\/_\/?page_id=17691"},"modified":"2024-07-01T14:14:03","modified_gmt":"2024-07-01T12:14:03","slug":"winterreise","status":"publish","type":"page","link":"https:\/\/budapestgaleria.hu\/_\/2022-kiallitasok\/winterreise\/","title":{"rendered":"Winterreise"},"content":{"rendered":"<div class=\"wpb-content-wrapper\"><p>[vc_row css_animation=&#8221;&#8221; row_type=&#8221;row&#8221; use_row_as_full_screen_section=&#8221;no&#8221; type=&#8221;grid&#8221; angled_section=&#8221;no&#8221; text_align=&#8221;left&#8221; background_image_as_pattern=&#8221;without_pattern&#8221; template=&#8221;ism_template_1&#8243; ism_overlock=&#8221;default&#8221; sm_d_text=&#8221;<\/p>\n<h2>This content is locked<\/h2>\n<p>Share This Page To Unlock The Content!&#8221;][vc_column][vc_single_image image=&#8221;17717&#8243; img_size=&#8221;full&#8221; qode_css_animation=&#8221;&#8221;][\/vc_column][\/vc_row][vc_row css_animation=&#8221;&#8221; row_type=&#8221;row&#8221; use_row_as_full_screen_section=&#8221;no&#8221; type=&#8221;grid&#8221; angled_section=&#8221;no&#8221; text_align=&#8221;left&#8221; background_image_as_pattern=&#8221;without_pattern&#8221;][vc_column][vc_empty_space height=&#8221;45px&#8221;][vc_column_text]<\/p>\n<h1 class=\"cim_1\"><em>Winterreise<\/em><\/h1>\n<h1 class=\"alcim\">Tibor Zsolt \u00e9s V\u00e9csei J\u00falia ki\u00e1ll\u00edt\u00e1sa<\/h1>\n<p>[\/vc_column_text][vc_empty_space height=&#8221;45px&#8221;][\/vc_column][\/vc_row][vc_row css_animation=&#8221;&#8221; row_type=&#8221;row&#8221; use_row_as_full_screen_section=&#8221;no&#8221; type=&#8221;grid&#8221; angled_section=&#8221;no&#8221; text_align=&#8221;left&#8221; background_image_as_pattern=&#8221;without_pattern&#8221; bgparallax=&#8221;parallax&#8221; contentwidth=&#8221;container&#8221; toppadding=&#8221;40&#8243; bottompadding=&#8221;10&#8243; border=&#8221;on&#8221; css=&#8221;.vc_custom_1420648296958{background-color: #ffffff !important;}&#8221;][vc_column width=&#8221;1\/3&#8243; css=&#8221;.vc_custom_1427029754112{padding-right: 25px !important;}&#8221; el_class=&#8221;full-1&#8243;][vc_column_text]<\/p>\n<p class=\"hely_bpgal\">Budapest Gal\u00e9ria<\/p>\n<p class=\"cim_bpgal\">1036 Budapest, Lajos utca 158. (f\u00f6ldszint)<\/p>\n<p class=\"datum_bpgal\">2022. janu\u00e1r 21. \u2013 m\u00e1rcius 15.<\/p>\n<p>[\/vc_column_text][vc_column_text]<\/p>\n<p class=\"kiemeles_bpgal\">A ki\u00e1ll\u00edt\u00e1s kur\u00e1tora:<\/p>\n<p class=\"verzal_bpgal\">Csizek Petra<\/p>\n<p>[\/vc_column_text][vc_column_text]<\/p>\n<p class=\"kiemeles_bpgal\">Grafika:<\/p>\n<p class=\"verzal_bpgal\">Bogy\u00f3 Vir\u00e1g<\/p>\n<p>[\/vc_column_text][vc_column_text]<\/p>\n<p class=\"kiemeles_bpgal\">Megnyit\u00f3:<\/p>\n<p class=\"datum_bpgal_2\">2022. janu\u00e1r 20., (cs\u00fct\u00f6rt\u00f6k) 18:00<\/p>\n<p class=\"kiemeles_bpgal\">Megnyit\u00f3 zenei performansza:<\/p>\n<p class=\"verzal_bpgal\">Kamon Kardamom<\/p>\n<p>[\/vc_column_text][vc_empty_space][\/vc_column][vc_column width=&#8221;2\/3&#8243; el_class=&#8221;full-2&#8243;][vc_column_text]Sokf\u00e9le utaz\u00e1s s\u0171r\u0171s\u00f6dik \u00f6ssze ebben a ki\u00e1ll\u00edt\u00e1sban. Van k\u00f6zte k\u00e9pzeletbeli \u00e9s m\u00faltbeli, tengerent\u00fali, vas\u00fati \u00e9s l\u00e9gi, ver\u0151f\u00e9nyes ker\u00e9kp\u00e1ros, de mindenekel\u0151tt t\u00e9li. B\u00e9cs v\u00e1rosa k\u00f6zponti szerepet kap, hiszen a ki\u00e1ll\u00edt\u00f3 m\u0171v\u00e9szek v\u00e1lasztott otthonak\u00e9nt a ki\u00e1ll\u00edt\u00e1son szerepl\u0151 m\u0171vek nagyobb r\u00e9sze is ott k\u00e9sz\u00fclt. B\u00e9csi j\u00f6v\u00e9s-men\u00e9s\u00fck \u00f3hatatlanul is form\u00e1lta e m\u0171veket \u00e9s alkot\u00f3ikat. Schubert n\u00e9vad\u00f3 dalciklusa azonban nem k\u00f6zvetlen utal\u00e1s, ink\u00e1bb kijel\u00f6li a ki\u00e1ll\u00edt\u00e1son bemutatott m\u0171vek \u00e9rtelmez\u00e9si keret\u00e9t \u00e9s seg\u00edt k\u00e9pzeletbeli utaz\u00e1sra invit\u00e1lni k\u00f6z\u00f6ns\u00e9g\u00e9t.<\/p>\n<p>Tibor Zsolt \u00e9s V\u00e9csei J\u00falia \u2013 gener\u00e1ci\u00f3juknak k\u00e9t meghat\u00e1roz\u00f3 alkot\u00f3m\u0171v\u00e9sze \u2013 k\u00f6vetkezetes alkot\u00f3i praxist \u00e9p\u00edtenek, melynek kiindul\u00f3pontja a rajz. Mostani, Budapest Gal\u00e9riabeli k\u00f6z\u00f6s ki\u00e1ll\u00edt\u00e1suk alkot\u00f3i gyakorlatuk megannyi p\u00e1rhuzam\u00e1t felfedi: a rajz alapvet\u00e9s\u00e9n t\u00fal a manualit\u00e1s (ragaszt\u00e1s, applik\u00e1l\u00e1s, m\u00e1sol\u00e1s, f\u00faj\u00e1s) fontoss\u00e1ga; a rajzeszk\u00f6z\u00f6k (indig\u00f3, millim\u00e9terpap\u00edr, tintaceruza, vonalz\u00f3) ir\u00e1nti rajong\u00e1s; a halv\u00e1ny, elmos\u00f3d\u00f3 form\u00e1k \u00e9s ceruzavonalak jellegzetess\u00e9ge; az esetlegess\u00e9g \u00e9rzete, a v\u00e9letlen vagy a hi\u00e1ny kit\u00fcntetett szerepe mindk\u00e9t \u00e9letm\u0171ben hangs\u00falyos. Mindk\u00e9t m\u0171v\u00e9sz el\u0151szeretettel ny\u00fal vissza \u00e9s inspir\u00e1l\u00f3dik a gyermekkor mot\u00edvumaib\u00f3l, t\u00e1rgyaib\u00f3l, eml\u00e9keib\u0151l: a sz\u00fcl\u0151 vagy nagysz\u00fcl\u0151 figur\u00e1ja ott b\u00fajk\u00e1l a szigszalag strukt\u00far\u00e1kban, a lila tintaceruz\u00e1ban, az \u00f3ramutat\u00f3 vonalk\u00e1iban vagy az indig\u00f3 haszn\u00e1lat\u00e1ban. Az ism\u00e9tl\u00e9s, szimmetria, t\u00fckr\u00f6z\u00e9s mint kompoz\u00edci\u00f3s technik\u00e1k, vagy \u00e1ltal\u00e1noss\u00e1gban a j\u00e1t\u00e9kos, ugyanakkor csendes, a szem\u00e9lyess\u00e9get \u00e9s narrat\u00edv\u00e1t ker\u00fcl\u0151 alkot\u00e1sok mindk\u00e9t \u00e9letm\u0171 saj\u00e1tjai. A felfedezett hasonl\u00f3s\u00e1gok \u00f6r\u00f6m\u00e9n t\u00fal azonban a ki\u00e1ll\u00edt\u00e1s nem p\u00e1rhuzamok \u00e9s k\u00fcl\u00f6nb\u00f6z\u0151s\u00e9gek koordin\u00e1tarendszer\u00e9ben gondolkodik. Hiszen am\u00edg Tibor nagym\u00e9ret\u0171, a feh\u00e9r h\u00e1tt\u00e9r el\u0151tt v\u00e9letlenszer\u0171en elsz\u00f3rtnak t\u0171n\u0151 mot\u00edvumait \u00e1thatja a transzcendens, spiritu\u00e1lis tartalom, addig V\u00e9csei leheletfinom vonalakkal, \u00e1tmenetekkel megfestett vagy geometri\u00e1ba rendezett m\u0171vei filoz\u00f3fikus megk\u00f6zel\u00edt\u00e9sm\u00f3dr\u00f3l \u00e1rulkodnak. De minden ford\u00edtva is igaz: ugyan\u00fagy Tibor apr\u00f3, t\u00f6k\u00e9letes ceruzarajzaiban is felfedezhetj\u00fck a m\u00e9rn\u00f6ki pontoss\u00e1got, ahogyan V\u00e9csei finoman lebeg\u0151 mad\u00e1r \u00e9s szarvas figur\u00e1iban a k\u00f6lt\u0151is\u00e9get.<\/p>\n<p>A mostani ki\u00e1ll\u00edt\u00e1son a m\u0171v\u00e9szek leg\u00fajabb, nagyobb r\u00e9szt erre a ki\u00e1ll\u00edt\u00e1sra k\u00e9sz\u00fclt m\u0171vei az id\u0151 \u00e9s id\u0151tlens\u00e9g, a ciklikuss\u00e1g, az eml\u00e9kez\u00e9s kulcsfogalmait j\u00e1rj\u00e1k k\u00f6r\u00fcl.[\/vc_column_text][vc_empty_space height=&#8221;45&#8243;][vc_single_image image=&#8221;21404&#8243; img_size=&#8221;full&#8221; qode_css_animation=&#8221;&#8221;][vc_empty_space][vc_single_image image=&#8221;21406&#8243; img_size=&#8221;full&#8221; qode_css_animation=&#8221;&#8221;][vc_empty_space][vc_single_image image=&#8221;21408&#8243; img_size=&#8221;full&#8221; qode_css_animation=&#8221;&#8221;][vc_empty_space][vc_single_image image=&#8221;21410&#8243; img_size=&#8221;full&#8221; qode_css_animation=&#8221;&#8221;][vc_empty_space][vc_single_image image=&#8221;21413&#8243; img_size=&#8221;full&#8221; qode_css_animation=&#8221;&#8221;][vc_empty_space][vc_single_image image=&#8221;21415&#8243; img_size=&#8221;full&#8221; qode_css_animation=&#8221;&#8221;][vc_empty_space][vc_single_image image=&#8221;21417&#8243; img_size=&#8221;full&#8221; qode_css_animation=&#8221;&#8221;][vc_empty_space][vc_single_image image=&#8221;21419&#8243; img_size=&#8221;full&#8221; qode_css_animation=&#8221;&#8221;][vc_empty_space][vc_single_image image=&#8221;21421&#8243; img_size=&#8221;full&#8221; qode_css_animation=&#8221;&#8221;][vc_empty_space][vc_single_image image=&#8221;21423&#8243; img_size=&#8221;full&#8221; qode_css_animation=&#8221;&#8221;][vc_empty_space][vc_column_text]<\/p>\n<p class=\"kepalairas_cim_jobb\">Fot\u00f3k: Juh\u00e1sz G. Tam\u00e1s<\/p>\n<p>[\/vc_column_text][vc_empty_space][\/vc_column][\/vc_row][vc_row css_animation=&#8221;&#8221; row_type=&#8221;row&#8221; use_row_as_full_screen_section=&#8221;no&#8221; type=&#8221;grid&#8221; angled_section=&#8221;no&#8221; text_align=&#8221;left&#8221; background_image_as_pattern=&#8221;without_pattern&#8221; template=&#8221;ism_template_1&#8243; ism_overlock=&#8221;default&#8221; sm_d_text=&#8221;<\/p>\n<h2>This content is locked<\/h2>\n<p>Share This Page To Unlock The Content!&#8221;][vc_column][vc_empty_space height=&#8221;45px&#8221;][\/vc_column][\/vc_row]<\/p>\n<\/div>","protected":false},"excerpt":{"rendered":"<p>[vc_row css_animation=&#8221;&#8221; row_type=&#8221;row&#8221; use_row_as_full_screen_section=&#8221;no&#8221; type=&#8221;grid&#8221; angled_section=&#8221;no&#8221; text_align=&#8221;left&#8221; background_image_as_pattern=&#8221;without_pattern&#8221; template=&#8221;ism_template_1&#8243; ism_overlock=&#8221;default&#8221; sm_d_text=&#8221; This content is locked&#8230;<\/p>\n","protected":false},"author":11,"featured_media":0,"parent":17687,"menu_order":0,"comment_status":"closed","ping_status":"closed","template":"full_width.php","meta":{"inline_featured_image":false,"loftloader_pro_show_once":"","loftloader_pro_page_shortcode":"","footnotes":""},"class_list":["post-17691","page","type-page","status-publish","hentry"],"_links":{"self":[{"href":"https:\/\/budapestgaleria.hu\/_\/wp-json\/wp\/v2\/pages\/17691","targetHints":{"allow":["GET"]}}],"collection":[{"href":"https:\/\/budapestgaleria.hu\/_\/wp-json\/wp\/v2\/pages"}],"about":[{"href":"https:\/\/budapestgaleria.hu\/_\/wp-json\/wp\/v2\/types\/page"}],"author":[{"embeddable":true,"href":"https:\/\/budapestgaleria.hu\/_\/wp-json\/wp\/v2\/users\/11"}],"replies":[{"embeddable":true,"href":"https:\/\/budapestgaleria.hu\/_\/wp-json\/wp\/v2\/comments?post=17691"}],"version-history":[{"count":0,"href":"https:\/\/budapestgaleria.hu\/_\/wp-json\/wp\/v2\/pages\/17691\/revisions"}],"up":[{"embeddable":true,"href":"https:\/\/budapestgaleria.hu\/_\/wp-json\/wp\/v2\/pages\/17687"}],"wp:attachment":[{"href":"https:\/\/budapestgaleria.hu\/_\/wp-json\/wp\/v2\/media?parent=17691"}],"curies":[{"name":"wp","href":"https:\/\/api.w.org\/{rel}","templated":true}]}}