{"id":17782,"date":"2022-03-01T10:55:52","date_gmt":"2022-03-01T09:55:52","guid":{"rendered":"https:\/\/budapestgaleria.hu\/_\/?page_id=17782"},"modified":"2024-02-12T14:32:53","modified_gmt":"2024-02-12T13:32:53","slug":"andreas-fogarasi-skin-calendar","status":"publish","type":"page","link":"https:\/\/budapestgaleria.hu\/_\/2022-kiallitasok\/andreas-fogarasi-skin-calendar\/","title":{"rendered":"Andreas Fogarasi: Skin Calendar"},"content":{"rendered":"<div class=\"wpb-content-wrapper\"><p>[vc_row css_animation=&#8221;&#8221; row_type=&#8221;row&#8221; use_row_as_full_screen_section=&#8221;no&#8221; type=&#8221;grid&#8221; angled_section=&#8221;no&#8221; text_align=&#8221;left&#8221; background_image_as_pattern=&#8221;without_pattern&#8221; template=&#8221;ism_template_1&#8243; ism_overlock=&#8221;default&#8221; sm_d_text=&#8221;<\/p>\n<h2>This content is locked<\/h2>\n<p>Share This Page To Unlock The Content!&#8221;][vc_column][vc_single_image image=&#8221;17840&#8243; img_size=&#8221;full&#8221; qode_css_animation=&#8221;&#8221;][\/vc_column][\/vc_row][vc_row css_animation=&#8221;&#8221; row_type=&#8221;row&#8221; use_row_as_full_screen_section=&#8221;no&#8221; type=&#8221;grid&#8221; angled_section=&#8221;no&#8221; text_align=&#8221;left&#8221; background_image_as_pattern=&#8221;without_pattern&#8221;][vc_column][vc_empty_space height=&#8221;45px&#8221;][vc_column_text]<\/p>\n<h1 class=\"cim_1\"><em>Skin Calendar \u2013 A v\u00e1ros b\u0151re<\/em><\/h1>\n<h1 class=\"alcim\">Andreas Fogarasi ki\u00e1ll\u00edt\u00e1sa<\/h1>\n<p>[\/vc_column_text][vc_empty_space height=&#8221;45px&#8221;][\/vc_column][\/vc_row][vc_row css_animation=&#8221;&#8221; row_type=&#8221;row&#8221; use_row_as_full_screen_section=&#8221;no&#8221; type=&#8221;grid&#8221; angled_section=&#8221;no&#8221; text_align=&#8221;left&#8221; background_image_as_pattern=&#8221;without_pattern&#8221; bgparallax=&#8221;parallax&#8221; contentwidth=&#8221;container&#8221; toppadding=&#8221;40&#8243; bottompadding=&#8221;10&#8243; border=&#8221;on&#8221; css=&#8221;.vc_custom_1420648296958{background-color: #ffffff !important;}&#8221;][vc_column width=&#8221;1\/3&#8243; css=&#8221;.vc_custom_1427029754112{padding-right: 25px !important;}&#8221; el_class=&#8221;full-1&#8243;][vc_column_text]<\/p>\n<p class=\"hely_bpgal\">Budapest Gal\u00e9ria<\/p>\n<p class=\"cim_bpgal\">1036 Budapest, Lajos utca 158.<\/p>\n<p class=\"datum_bpgal\">2022. m\u00e1rcius 31. \u2013 m\u00e1jus 22.<\/p>\n<p>[\/vc_column_text][vc_column_text]<\/p>\n<p class=\"kiemeles_bpgal\">A ki\u00e1ll\u00edt\u00e1s kur\u00e1tora:<\/p>\n<p class=\"verzal_bpgal\">Er\u0151ss Nikolett<\/p>\n<p>[\/vc_column_text][vc_column_text]<\/p>\n<p class=\"kiemeles_bpgal\">Kutat\u00e1si asszisztensek:<\/p>\n<p class=\"verzal_bpgal\">Feh\u00e9r Vir\u00e1g, Hannya Eszter<\/p>\n<p>[\/vc_column_text][vc_column_text]<\/p>\n<p class=\"kiemeles_bpgal\">Grafika:<\/p>\n<p class=\"verzal_bpgal\">Bogy\u00f3 Vir\u00e1g<\/p>\n<p>[\/vc_column_text][vc_column_text]<\/p>\n<p class=\"kiemeles_bpgal\">Megnyit\u00f3:<\/p>\n<p class=\"datum_bpgal_2\">2022. m\u00e1rcius 30., (szerda) 18:00<\/p>\n<p>[\/vc_column_text][vc_column_text]<\/p>\n<p class=\"kiemeles_bpgal\">Megnyitja:<\/p>\n<p class=\"verzal_bpgal\">Branczik M\u00e1rta<\/p>\n<p class=\"titulus\">m\u0171v\u00e9szett\u00f6rt\u00e9n\u00e9sz, a Kiscelli M\u00fazeum \u00c9p\u00edt\u00e9szeti Gy\u0171jtem\u00e9ny\u00e9nek vezet\u0151je<\/p>\n<p class=\"kiemeles_bpgal\">Zenei performansz:<\/p>\n<p class=\"verzal_bpgal\">MA&#8217;AM<\/p>\n<p>[\/vc_column_text][vc_empty_space][\/vc_column][vc_column width=&#8221;2\/3&#8243; el_class=&#8221;full-2&#8243;][vc_column_text]Andreas Fogarasi <em>Skin Calendar \u2013 A v\u00e1ros b\u0151re<\/em> c\u00edm\u0171 ki\u00e1ll\u00edt\u00e1sa egy hossz\u00fa t\u00e1v\u00fa v\u00e1llalkoz\u00e1s egyik epiz\u00f3dja, els\u0151 budapesti \u00e1llom\u00e1sa. K\u00f6z\u00f6s v\u00e1rosi eml\u00e9keink fragmentumait rajzolja t\u00e9rk\u00e9pre, fogja \u00f6ssze, teszi maradand\u00f3v\u00e1 azzal, hogy nemr\u00e9g lebontott \u00e9p\u00fcletek darabjait rendezi geometrikus absztrakt t\u00e1blak\u00e9pekk\u00e9, kieg\u00e9sz\u00edtve azokkal az \u00faj anyagokkal, amelyek az \u00e1t\u00e9p\u00edtett vagy \u00faj \u00e9p\u00fclet meghat\u00e1roz\u00f3i.<\/p>\n<p>A v\u00e1rosban egykor \u00e1ll\u00f3, m\u00e1ra lebontott vagy \u00e1t\u00e9p\u00edtett modernista \u00e9p\u00fcletek eml\u00e9k\u00e9t leggyakrabban f\u00e9nyk\u00e9pek, filmek, esetleg rajzok, tervek, makettek \u0151rzik. Ezek azonban \u00e9ppen az \u00e9p\u00fcletek karakter\u00e9t, hangulat\u00e1t meghat\u00e1roz\u00f3 anyagszer\u0171s\u00e9get: a form\u00e1k, fel\u00fcletek, text\u00far\u00e1k \u00f6sszj\u00e1t\u00e9k\u00e1t r\u00f6gz\u00edtik ritk\u00e1n. Az anyagokra koncentr\u00e1lva Fogarasi archeol\u00f3giai munk\u00e1t v\u00e9gez, az eredm\u00e9ny m\u00e9gis egy kort\u00e1rs poz\u00edci\u00f3: a kor\u00e1bban a v\u00e1rossz\u00f6vet r\u00e9sz\u00e9t k\u00e9pz\u0151, olykor vit\u00e1kkal \u00f6vezve vagy \u00e9pp \u00e9szrev\u00e9tlen\u00fcl lebontott modern \u00e9p\u00fcletek anyagait \u00f6sszegy\u0171jtve, majd a t\u00f6rt\u00e9neti kontextust\u00f3l elemelve az \u00e9p\u00fcletek szik\u00e1r, hat\u00e1rozott karakter\u0171 portr\u00e9j\u00e1t alkotja meg. A leletb\u0151l, azaz egy adott kor dokumentum\u00e1b\u00f3l t\u00f6bb id\u0151s\u00edk metszete k\u00e9pz\u0151dik meg: a 20. sz\u00e1zad eleji m\u0171v\u00e9szeti modernizmust\u00f3l a k\u00e9s\u0151 modern t\u00f6rekv\u00e9sekig. Feszes rendbe \u00e1llnak az id\u0151szeletek, egym\u00e1sra fedve, csomagokk\u00e1 k\u00f6tve.<\/p>\n<p>Az anyagv\u00e1logat\u00e1s a teljess\u00e9g ig\u00e9nye n\u00e9lk\u00fcl k\u00e9sz\u00fcl, egyes \u00e9p\u00fcletekb\u0151l gazdagabb gy\u0171jtem\u00e9ny, m\u00e1sokb\u00f3l egy-egy jellemz\u0151 darab \u00e9rhet\u0151 el, ez az esetlegess\u00e9g azonban nagyon is \u00e9letszer\u0171, a forr\u00e1sokhoz val\u00f3 hozz\u00e1f\u00e9r\u00e9s egyenl\u0151tlen. A ki\u00e1ll\u00edt\u00e1sban a vesztes\u00e9g tudatos\u00edt\u00e1sa n\u00e9lk\u00fcl\u00f6zi a melank\u00f3li\u00e1t, de a kort\u00e1rs urbanisztikai v\u00e1ltoz\u00e1sok kritikai olvasat\u00e1ra ad lehet\u0151s\u00e9get.<\/p>\n<p>A Budapest Gal\u00e9ri\u00e1ban bemutatott ki\u00e1ll\u00edt\u00e1s k\u00e9t r\u00e9szb\u0151l \u00e1ll. A f\u00f6ldszinti ki\u00e1ll\u00edt\u00f3terekben a m\u0171v\u00e9sz kor\u00e1bbi munk\u00e1i, anyagcsomagok, koll\u00e1zsok \u00e9s filmek l\u00e1that\u00f3k, amelyek m\u00e1s v\u00e1rosok elt\u0171n\u0151 \u00e9s el\u0151t\u0171n\u0151 \u00e9p\u00fcleteit, a bont\u00e1sok \u00e9s \u00e9p\u00edt\u00e9sek egym\u00e1sra r\u00e9tegz\u0151d\u00e9s\u00e9t mutatj\u00e1k be, k\u00f6vetve a m\u0171v\u00e9sz a v\u00e1rosi sz\u00f6vettan vizsg\u00e1lata ir\u00e1nti elk\u00f6telez\u0151d\u00e9s\u00e9nek el\u0151z\u0151 \u00e1llom\u00e1sait. Az emeleten az elm\u00falt \u00e9vekben Budapesten gy\u0171jt\u00f6tt anyagokb\u00f3l ny\u00edlik egyfajta tanulm\u00e1nyi rakt\u00e1r \u00e9s kutat\u00f3szoba. Olyan t\u00e9r ez, ahol az alkot\u00e1s h\u00e1tter\u00e9t k\u00e9pz\u0151, de a m\u0171vekben csak \u00e1tt\u00e9telesen jelen l\u00e9v\u0151 anyagok szerepelnek: anyaggy\u0171jt\u00e9sek, az \u00e9p\u00fcletek t\u00f6rt\u00e9net\u00e9re vonatkoz\u00f3 inform\u00e1ci\u00f3k, forr\u00e1sok \u00e9s referenci\u00e1k \u00e9rhet\u0151ek el itt. A k\u00f6zelj\u00f6v\u0151ben a Budapest Gal\u00e9ria \u00faj ki\u00e1ll\u00edt\u00f3hely\u00e9n ny\u00edl\u00f3, Budapestre er\u0151teljesebben f\u00f3kusz\u00e1l\u00f3 ki\u00e1ll\u00edt\u00e1s e munka kiteljesed\u00e9s\u00e9t jelenti majd.<\/p>\n<p>Andreas Fogarasi (1977, B\u00e9cs; B\u00e9csben \u00e9l)<br \/>\nMunk\u00e1i sz\u00e1mos ki\u00e1ll\u00edt\u00e1son voltak l\u00e1that\u00f3ak, egy\u00e9ni ki\u00e1ll\u00edt\u00e1sa volt t\u00f6bbek k\u00f6z\u00f6tt: Kunsthalle B\u00e9cs; Vintage Gal\u00e9ria, Budapest (2020); Proyectos Monclova, Mexico City (2016); Galerie f\u00fcr Zeitgen\u00f6ssische Kunst, Lipcse; Museum Haus Konstruktiv, Z\u00fcrich (2014); Traf\u00f3 Gal\u00e9ria, Budapest; Prefix ICA, Toronto (2012); Museo Nacional Centro de Arte Reina Sofia, Madrid (2011); MAK, B\u00e9cs (2008). 2007-ben az 52. Velencei Bienn\u00e1le Magyar Pavilonj\u00e1nak ki\u00e1ll\u00edt\u00f3ja volt, a pavilon elnyerte a legjobbnak j\u00e1r\u00f3 Arany Oroszl\u00e1n d\u00edjat.<\/p>\n<p>A ki\u00e1ll\u00edt\u00e1s sokat k\u00f6sz\u00f6nhet a 17. Velencei \u00c9p\u00edt\u00e9szeti Bienn\u00e1l\u00e9 magyar pavilonj\u00e1ban bemutatott <a href=\"http:\/\/www.othernity.eu\">Othernity: Modern \u00f6r\u00f6ks\u00e9g\u00fcnk \u00fajrakond\u00edcion\u00e1l\u00e1sa<\/a> c\u00edm\u0171 projektnek, valamint a BTM-Kiscelli M\u00fazeum \u00c9p\u00edt\u00e9szeti Gy\u0171jtem\u00e9nye <a href=\"http:\/\/kiscellimuzeum.hu\/virtualis_leletmentes\">Virtu\u00e1lis leletment\u00e9s<\/a> c\u00edm\u0171 online arch\u00edvum\u00e1nak.[\/vc_column_text][vc_empty_space height=&#8221;45px&#8221;][vc_single_image image=&#8221;20943&#8243; img_size=&#8221;full&#8221; qode_css_animation=&#8221;&#8221;][vc_empty_space][vc_single_image image=&#8221;20946&#8243; img_size=&#8221;full&#8221; qode_css_animation=&#8221;&#8221;][vc_empty_space][vc_single_image image=&#8221;20948&#8243; img_size=&#8221;full&#8221; qode_css_animation=&#8221;&#8221;][vc_empty_space][vc_single_image image=&#8221;20950&#8243; img_size=&#8221;full&#8221; qode_css_animation=&#8221;&#8221;][vc_empty_space][vc_single_image image=&#8221;20952&#8243; img_size=&#8221;full&#8221; qode_css_animation=&#8221;&#8221;][vc_empty_space][vc_single_image image=&#8221;20954&#8243; img_size=&#8221;full&#8221; qode_css_animation=&#8221;&#8221;][vc_empty_space][vc_single_image image=&#8221;20956&#8243; img_size=&#8221;full&#8221; qode_css_animation=&#8221;&#8221;][vc_empty_space][vc_single_image image=&#8221;20959&#8243; img_size=&#8221;full&#8221; qode_css_animation=&#8221;&#8221;][vc_empty_space][vc_single_image image=&#8221;20961&#8243; img_size=&#8221;full&#8221; qode_css_animation=&#8221;&#8221;][vc_empty_space][vc_single_image image=&#8221;20963&#8243; img_size=&#8221;full&#8221; qode_css_animation=&#8221;&#8221;][vc_empty_space][vc_single_image image=&#8221;20965&#8243; img_size=&#8221;full&#8221; qode_css_animation=&#8221;&#8221;][vc_empty_space][vc_single_image image=&#8221;20967&#8243; img_size=&#8221;full&#8221; qode_css_animation=&#8221;&#8221;][vc_empty_space][vc_column_text]<\/p>\n<p class=\"kepalairas_cim_jobb\">Fot\u00f3k: Juh\u00e1sz G. Tam\u00e1s<\/p>\n<p>[\/vc_column_text][\/vc_column][\/vc_row][vc_row css_animation=&#8221;&#8221; row_type=&#8221;row&#8221; use_row_as_full_screen_section=&#8221;no&#8221; type=&#8221;grid&#8221; angled_section=&#8221;no&#8221; text_align=&#8221;left&#8221; background_image_as_pattern=&#8221;without_pattern&#8221; template=&#8221;ism_template_1&#8243; ism_overlock=&#8221;default&#8221; sm_d_text=&#8221;<\/p>\n<h2>This content is locked<\/h2>\n<p>Share This Page To Unlock The Content!&#8221;][vc_column][vc_empty_space height=&#8221;45px&#8221;][\/vc_column][\/vc_row]<\/p>\n<\/div>","protected":false},"excerpt":{"rendered":"<p>[vc_row css_animation=&#8221;&#8221; row_type=&#8221;row&#8221; use_row_as_full_screen_section=&#8221;no&#8221; type=&#8221;grid&#8221; angled_section=&#8221;no&#8221; text_align=&#8221;left&#8221; background_image_as_pattern=&#8221;without_pattern&#8221; template=&#8221;ism_template_1&#8243; ism_overlock=&#8221;default&#8221; sm_d_text=&#8221; This content is locked&#8230;<\/p>\n","protected":false},"author":11,"featured_media":0,"parent":17687,"menu_order":0,"comment_status":"closed","ping_status":"closed","template":"full_width.php","meta":{"inline_featured_image":false,"loftloader_pro_show_once":"","loftloader_pro_page_shortcode":"","footnotes":""},"class_list":["post-17782","page","type-page","status-publish","hentry"],"_links":{"self":[{"href":"https:\/\/budapestgaleria.hu\/_\/wp-json\/wp\/v2\/pages\/17782","targetHints":{"allow":["GET"]}}],"collection":[{"href":"https:\/\/budapestgaleria.hu\/_\/wp-json\/wp\/v2\/pages"}],"about":[{"href":"https:\/\/budapestgaleria.hu\/_\/wp-json\/wp\/v2\/types\/page"}],"author":[{"embeddable":true,"href":"https:\/\/budapestgaleria.hu\/_\/wp-json\/wp\/v2\/users\/11"}],"replies":[{"embeddable":true,"href":"https:\/\/budapestgaleria.hu\/_\/wp-json\/wp\/v2\/comments?post=17782"}],"version-history":[{"count":0,"href":"https:\/\/budapestgaleria.hu\/_\/wp-json\/wp\/v2\/pages\/17782\/revisions"}],"up":[{"embeddable":true,"href":"https:\/\/budapestgaleria.hu\/_\/wp-json\/wp\/v2\/pages\/17687"}],"wp:attachment":[{"href":"https:\/\/budapestgaleria.hu\/_\/wp-json\/wp\/v2\/media?parent=17782"}],"curies":[{"name":"wp","href":"https:\/\/api.w.org\/{rel}","templated":true}]}}