{"id":17873,"date":"2022-04-13T11:48:07","date_gmt":"2022-04-13T09:48:07","guid":{"rendered":"https:\/\/budapestgaleria.hu\/_\/?page_id=17873"},"modified":"2023-12-21T13:48:21","modified_gmt":"2023-12-21T12:48:21","slug":"variaciok-emlekmure","status":"publish","type":"page","link":"https:\/\/budapestgaleria.hu\/_\/2022-kiallitasok\/variaciok-emlekmure\/","title":{"rendered":"Vari\u00e1ci\u00f3k eml\u00e9km\u0171re"},"content":{"rendered":"<div class=\"wpb-content-wrapper\"><p>[vc_row css_animation=&#8221;&#8221; row_type=&#8221;row&#8221; use_row_as_full_screen_section=&#8221;no&#8221; type=&#8221;grid&#8221; angled_section=&#8221;no&#8221; text_align=&#8221;left&#8221; background_image_as_pattern=&#8221;without_pattern&#8221; template=&#8221;ism_template_1&#8243; ism_overlock=&#8221;default&#8221; sm_d_text=&#8221;<\/p>\n<h2>This content is locked<\/h2>\n<p>Share This Page To Unlock The Content!&#8221;][vc_column][vc_single_image image=&#8221;17886&#8243; img_size=&#8221;full&#8221; qode_css_animation=&#8221;&#8221;][\/vc_column][\/vc_row][vc_row css_animation=&#8221;&#8221; row_type=&#8221;row&#8221; use_row_as_full_screen_section=&#8221;no&#8221; type=&#8221;grid&#8221; angled_section=&#8221;no&#8221; text_align=&#8221;left&#8221; background_image_as_pattern=&#8221;without_pattern&#8221;][vc_column][vc_empty_space height=&#8221;45px&#8221;][vc_column_text]<\/p>\n<h1 class=\"cim_1\"><em>Vari\u00e1ci\u00f3k eml\u00e9km\u0171re<\/em><\/h1>\n<p>[\/vc_column_text][vc_empty_space height=&#8221;45px&#8221;][\/vc_column][\/vc_row][vc_row css_animation=&#8221;&#8221; row_type=&#8221;row&#8221; use_row_as_full_screen_section=&#8221;no&#8221; type=&#8221;grid&#8221; angled_section=&#8221;no&#8221; text_align=&#8221;left&#8221; background_image_as_pattern=&#8221;without_pattern&#8221; bgparallax=&#8221;parallax&#8221; contentwidth=&#8221;container&#8221; toppadding=&#8221;40&#8243; bottompadding=&#8221;10&#8243; border=&#8221;on&#8221; css=&#8221;.vc_custom_1420648296958{background-color: #ffffff !important;}&#8221;][vc_column width=&#8221;1\/3&#8243; css=&#8221;.vc_custom_1427029754112{padding-right: 25px !important;}&#8221; el_class=&#8221;full-1&#8243;][vc_column_text]<\/p>\n<p class=\"hely_bpgal\">Szenth\u00e1roms\u00e1g t\u00e9r, Szentl\u00e9lek t\u00e9r, Szervita t\u00e9r<\/p>\n<p class=\"datum_bpgal\">2022. \u00e1prilis 29. \u2013 m\u00e1jus 1.<\/p>\n<p>[\/vc_column_text][vc_column_text]<strong>Napi bont\u00e1s<\/strong><\/p>\n<p class=\"datum_bpgal\">2022. \u00e1prilis 29. (p\u00e9ntek)<\/p>\n<p>16:00 \u2013 M\u00e9sz\u00e1ros M\u00e1t\u00e9: A t\u00e1vols\u00e1g mechanik\u00e1ja \u2013 Szenth\u00e1roms\u00e1g t\u00e9r<br \/>\n17:00 \u00e9s 18:00 \u2013 Gryllus \u00c1bris \u2013 Soml\u00f3 D\u00e1vid: Minden Nap \u2013 Szervita t\u00e9r<br \/>\n19:00 \u2013 Gr\u00f3f Ferenc, Rim\u00f3czi Istv\u00e1n (B\u00e9lam\u0171hely): Eloszl\u00e1s \u2013 Szentl\u00e9lek t\u00e9r<\/p>\n<p class=\"datum_bpgal\">2022. \u00e1prilis 30. (szombat)<\/p>\n<p>11:00 \u2013 Gr\u00f3f Ferenc, Rim\u00f3czi Istv\u00e1n (B\u00e9lam\u0171hely): Eloszl\u00e1s \u2013 Szervita t\u00e9r<br \/>\n16:00 \u2013 M\u00e9sz\u00e1ros M\u00e1t\u00e9: A t\u00e1vols\u00e1g mechanik\u00e1ja \u2013 Szentl\u00e9lek t\u00e9r<br \/>\n18:00 \u00e9s 19:00 \u2013 Gryllus \u00c1bris \u2013 Soml\u00f3 D\u00e1vid: Minden Nap \u2013 Szenth\u00e1roms\u00e1g t\u00e9r<\/p>\n<p class=\"datum_bpgal\">2022. m\u00e1jus 1. (vas\u00e1rnap)<\/p>\n<p>11:00 \u2013 Gr\u00f3f Ferenc, Rim\u00f3czi Istv\u00e1n (B\u00e9lam\u0171hely): Eloszl\u00e1s \u2013 Szenth\u00e1roms\u00e1g t\u00e9r<br \/>\n16:00 \u2013 M\u00e9sz\u00e1ros M\u00e1t\u00e9: A t\u00e1vols\u00e1g mechanik\u00e1ja \u2013 Szervita t\u00e9r<br \/>\n17:00 \u00e9s 18:00 \u2013 Gryllus \u00c1bris \u2013 Soml\u00f3 D\u00e1vid: Minden Nap \u2013 Szentl\u00e9lek t\u00e9r[\/vc_column_text][vc_column_text]<\/p>\n<p class=\"kiemeles_bpgal\">Grafika:<\/p>\n<p class=\"verzal_bpgal\">Kazsik Marcell<\/p>\n<p>[\/vc_column_text][vc_empty_space][\/vc_column][vc_column width=&#8221;2\/3&#8243; el_class=&#8221;full-2&#8243;][vc_column_text]A Covid-19 j\u00e1rv\u00e1ny \u00e1ldozatair\u00f3l megeml\u00e9kezend\u0151 \u00e9s a j\u00e1rv\u00e1nnyal kapcsolatos t\u00e1rsadalmi szolidarit\u00e1st er\u0151s\u00edtend\u0151 Budapest F\u0151v\u00e1ros \u00d6nkorm\u00e1nyzata a kort\u00e1rs m\u0171v\u00e9szet eszk\u00f6zeivel l\u00e9trehozott ideiglenes eml\u00e9km\u0171vet \u00e1ll\u00edt fel 2022. \u00e1prilis 29. \u00e9s m\u00e1jus 1. k\u00f6z\u00f6tt a Budapesti Tavaszi Fesztiv\u00e1l keret\u00e9ben.<\/p>\n<p>Az esem\u00e9ny tengely\u00e9t h\u00e1rom ismert j\u00e1rv\u00e1nyoszlop, Pest, Buda \u00e9s \u00d3buda kiemelked\u0151 eml\u00e9km\u0171vei alkotj\u00e1k, ezek jel\u00f6lik ki a kort\u00e1rs eml\u00e9kez\u00e9s helyeit. A f\u0151v\u00e1ros ter\u00fclet\u00e9n, a Szervita, a Szenth\u00e1roms\u00e1g, illetve a Szentl\u00e9lek t\u00e9ren \u00e1ll\u00f3 j\u00e1rv\u00e1nyszobrok fogadalmi eml\u00e9km\u0171vek voltak: a 17\u201318. sz\u00e1zadban emelte \u0151ket egy telep\u00fcl\u00e9s vagy k\u00f6z\u00f6ss\u00e9g, h\u00e1l\u00e1b\u00f3l a pestisj\u00e1rv\u00e1nyok t\u00fal\u00e9l\u00e9s\u00e9\u00e9rt. Jelenl\u00e9t\u00fck \u00e1lland\u00f3, a v\u00e1rosk\u00e9p szerves r\u00e9szei, de eredeti funkci\u00f3juk elhalv\u00e1nyult, a rajtuk l\u00e1that\u00f3 j\u00e1rv\u00e1ny- vagy pestisszentek, \u00edgy p\u00e9ld\u00e1ul Borromei Szent K\u00e1roly, Szent R\u00f3kus vagy Szent Roz\u00e1lia alakjai m\u00e1ra m\u00e1r kev\u00e9sb\u00e9 ismertek. E t\u00f6bb sz\u00e1z \u00e9ves eml\u00e9khelyek v\u00e1lnak most a kort\u00e1rs eml\u00e9kez\u00e9s hely\u00e9v\u00e9: az \u00e1ltaluk megnyitott id\u0151kapun saj\u00e1t jelen\u00fcnkbe \u00e9r\u00fcnk. A tavasszal h\u00e1rom napon \u00e1t l\u00e1that\u00f3 eml\u00e9km\u0171 egy esem\u00e9nysorozat: anyag\u00e1t mozdulatok \u00e9s hangok alkotj\u00e1k, eml\u00e9km\u0171v\u00e9 pedig az eml\u00e9kez\u0151k \u00e1ltal v\u00e1lik.<\/p>\n<p>&nbsp;<\/p>\n<p><strong>Gryllus \u00c1bris \u2013 Soml\u00f3 D\u00e1vid: Minden Nap<\/strong><\/p>\n<p>A <em>Minden Nap<\/em> Gryllus \u00c1bris \u00e9s Soml\u00f3 D\u00e1vid els\u0151 k\u00f6z\u00f6s munk\u00e1ja, amely a koronav\u00edrus-j\u00e1rv\u00e1ny magyarorsz\u00e1gi napi adatait zenei param\u00e9terekre \u00e1tfogalmazva teremt a befogad\u00f3t k\u00f6r\u00fcl\u00f6lel\u0151 zenei \u00e9s k\u00f6z\u00f6ss\u00e9gi \u00e9lm\u00e9nyt. A h\u00e1rom m\u00e9ter magas oszlopokr\u00f3l megsz\u00f3lal\u00f3 hanginstall\u00e1ci\u00f3, k\u00e9t \u00e9v \u2013 2020. m\u00e1rcius 4. \u2013 2022. m\u00e1rcius 4. \u2013 megy\u00e9nk\u00e9nti j\u00e1rv\u00e1ny\u00fcgyi adatait dolgozza \u00e1t h\u00e1romnegyed \u00f3r\u00e1s elektronikus zenei kompoz\u00edci\u00f3v\u00e1, s a sz\u00e1raz napi statisztikai adatokat testileg \u00e9s \u00e9rzelmileg is \u00e1t\u00e9lhet\u0151v\u00e9 teszi.<br \/>\nA hanganyag \u2013 a 19 megy\u00e9t \u00e9s Budapestet reprezent\u00e1lva \u2013 20 oszlopon elhelyezked\u0151 20 hangsz\u00f3r\u00f3b\u00f3l sz\u00f3lal meg, \u00e9s bej\u00e1rhat\u00f3 hangz\u00f3 teret alkot. A darab zenei sz\u00f6vet\u00e9nek s\u0171r\u0171s\u00e9ge \u00e9s intenzit\u00e1sa anal\u00f3g m\u00f3don, zenei t\u00e9telekben k\u00f6veti a j\u00e1rv\u00e1nyhull\u00e1mok er\u0151s\u00f6d\u00e9s\u00e9t, melynek id\u0151beli v\u00e1ltoz\u00e1sai referenciapontok a szem\u00e9lyes \u00e9s a k\u00f6z\u00f6s eml\u00e9kezetben is. \u00cdgy a darab hallgat\u00e1sa lehet\u0151s\u00e9get k\u00edn\u00e1l mind az egy\u00e9ni, mind a k\u00f6z\u00f6ss\u00e9gi eml\u00e9kez\u00e9s \u00e9lm\u00e9ny\u00e9nek \u00e1t\u00e9l\u00e9s\u00e9re.<\/p>\n<p>T\u00e1mogat\u00f3k: Budapesti K\u00f6zleked\u00e9si Zrt., Placcc Fesztiv\u00e1l, \u00c1tl\u00e1tsz\u00f3, Minirig Speakers, Luspay Tam\u00e1s<\/p>\n<p>&nbsp;<\/p>\n<p><strong>Gr\u00f3f Ferenc, Rim\u00f3czi Istv\u00e1n (B\u00e9lam\u0171hely): Eloszl\u00e1s<\/strong><\/p>\n<p>A vil\u00e1g 2020 eleje \u00f3ta figyeli a j\u00e1rv\u00e1nyg\u00f6rb\u00e9k viselked\u00e9s\u00e9t. Mikor emelkedik, mikor laposodik, milyen rel\u00e1ci\u00f3ban \u00e1ll a fert\u0151z\u00e9si \u00e9s hal\u00e1loz\u00e1si mutat\u00f3kkal? A norm\u00e1lis eloszl\u00e1s, a Gauss-, avagy harangg\u00f6rbe form\u00e1j\u00e1b\u00f3l, illetve a digit\u00e1lis hangs\u00e1vok vonalrajz\u00e1b\u00f3l kiindulva grafikai partit\u00fara k\u00e9sz\u00fclt, mely a v\u00edrus glob\u00e1lis terjed\u00e9s\u00e9nek \u00e9s (rem\u00e9lhet\u0151leg) elt\u0171n\u00e9s\u00e9nek f\u00e1zisaib\u00f3l \u00e9p\u00fcl fel. A pand\u00e9mia orsz\u00e1gonk\u00e9nt nagyon k\u00fcl\u00f6nb\u00f6z\u0151 diagrammok szerint terjedt el, de a gyors esetsz\u00e1m-emelked\u00e9sek, majd a nyugalmi f\u00e1zist k\u00f6vet\u0151 ingadoz\u00e1sok kirajzolnak egyfajta mint\u00e1zatot. A k\u00f6r\u00fclbel\u00fcl h\u00faszperces zenei performansz gerinc\u00e9t ez a lassan k\u00e9t \u00e9ve rajzol\u00f3d\u00f3 vonal adja.<br \/>\nEgy workshop-sorozat keret\u00e9ben egyszer\u0171 furuly\u00e1kat, hangk\u00e9pz\u0151 eszk\u00f6z\u00f6ket (f\u0171zfas\u00edp, tilink\u00f3) k\u00e9sz\u00edtett mintegy harminc r\u00e9sztvev\u0151, \u00e9s a zen\u00e9szek (f\u00fav\u00f3sok) \u00e1ltal megsz\u00f3laltatott grafikai partit\u00fara k\u00eds\u00e9ret\u00e9t is ez az amat\u0151r\u00f6kb\u0151l \u00e1ll\u00f3 k\u00f6z\u00f6ss\u00e9g l\u00e1tja el. A tilink\u00f3k megsz\u00f3laltat\u00e1s\u00e1hoz semmilyen zenei el\u0151k\u00e9pzetts\u00e9gre nincs sz\u00fcks\u00e9g, a kollekt\u00edva ugyanis egyfajta \u201ezenei spirom\u00e9terk\u00e9nt\u201d, azaz l\u00e9gz\u00e9sfunkci\u00f3t demonstr\u00e1l\u00f3 eszk\u00f6zk\u00e9nt haszn\u00e1lja \u0151ket. Az egyes zen\u00e9szek saj\u00e1t t\u00fcd\u0151kapacit\u00e1suknak megfelel\u0151en, minden leveg\u0151t kif\u00fajva hull\u00e1mz\u00f3 hangsz\u0151nyeget hoznak l\u00e9tre.<\/p>\n<p>A hangszerek, hangkelt\u0151 eszk\u00f6z\u00f6k elk\u00e9sz\u00edt\u00e9s\u00e9ben \u00e9s megsz\u00f3laltat\u00e1s\u00e1ban a B\u00e9lam\u0171hely Sound Art m\u0171k\u00f6dik k\u00f6zre, amely fogyat\u00e9kkal \u00e9l\u0151 \u00e9s megv\u00e1ltozott munkak\u00e9pess\u00e9g\u0171 feln\u0151ttekkel egy\u00fcttm\u0171k\u00f6dve k\u00e9sz\u00edti el \u00e9s sz\u00f3laltatja meg az eszk\u00f6z\u00f6ket. A tapasztalatokr\u00f3l folytatott eszmecsere seg\u00edthet a saj\u00e1t \u00e9s m\u00e1sok traum\u00e1inak feldolgoz\u00e1s\u00e1ban \u00e9s a Covid-19 \u00e1ldozatai eml\u00e9km\u0171v\u00e9nek hiteles megalkot\u00e1s\u00e1ban.<\/p>\n<p>A produkci\u00f3 az Irm\u00e1k Nonprofit Kft. Esztergomi Szoci\u00e1lis Szolg\u00e1ltat\u00f3 \u00e9s T\u00e1mogatott Lakhat\u00e1s lak\u00f3inak Szf\u00e9rafon zenekar\u00e1val egy\u00fcttm\u0171k\u00f6d\u00e9sben val\u00f3sul meg.<\/p>\n<p>&nbsp;<\/p>\n<p><strong>M\u00e9sz\u00e1ros M\u00e1t\u00e9: A t\u00e1vols\u00e1g mechanik\u00e1ja \u2013 k\u00f6z\u00f6s t\u00e9r <\/strong><\/p>\n<p>M\u00e9sz\u00e1ros M\u00e1t\u00e9 2019-ben mutatta be <em>A t\u00e1vols\u00e1g mechanik\u00e1ja<\/em> c\u00edm\u0171 el\u0151ad\u00e1s\u00e1t h\u00e1rom t\u00e1ncos \u00e9s egy zen\u00e9sz egy\u00fcttm\u0171k\u00f6d\u00e9s\u00e9ben. Az el\u0151ad\u00e1s az\u00f3ta sz\u00e1mos nemzetk\u00f6zi fesztiv\u00e1lon vend\u00e9gszerepelt, \u00e9s most \u00faj form\u00e1ban ker\u00fcl a budapestiek el\u00e9. M\u00e9sz\u00e1ros ez\u00fattal egy csoport fiatallal alkotja \u00fajra a koreogr\u00e1fi\u00e1t: a statikus \u00e9s dinamikus testek t\u00e9rbeli elhelyezked\u00e9s\u00e9t \u00e9s mozg\u00e1s\u00e1t, a k\u00f6z\u00f6tt\u00fck keletkez\u0151 t\u00e1vols\u00e1got \u00e9s a fizikai t\u00e9rrel val\u00f3 viszonyukat kutatja. A testek itt nem performat\u00edv k\u00e9pess\u00e9g\u00fck, hanem plasztikus, folyamatosan form\u00e1lhat\u00f3 anyagszer\u0171s\u00e9g\u00fck miatt k\u00e9pz\u0151m\u0171v\u00e9szeti perspekt\u00edv\u00e1ba helyezik a t\u00e1ncot.<br \/>\nA k\u00f6z\u00e9piskol\u00e1sokkal \u00e9s fiatal t\u00e1ncosokkal k\u00f6z\u00f6sen l\u00e9trehozott esem\u00e9nyben a t\u00e1nc szabadon \u00e9rtelmez\u0151dik, a z\u00e1rt sz\u00ednh\u00e1zi terekb\u0151l kil\u00e9p a k\u00f6zt\u00e9rre, szabad \u00e9rtelmez\u00e9st k\u00edn\u00e1lva ak\u00e1r az \u00e9ppen jelen l\u00e9v\u0151 v\u00e1roslak\u00f3knak, ak\u00e1r azoknak, akik az eredeti el\u0151ad\u00e1s \u00fajra\u00e9rtelmez\u00e9s\u00e9re k\u00edv\u00e1ncsiak.<\/p>\n<p>Koreogr\u00e1fia \u00e9s t\u00e9rkoncepci\u00f3: M\u00e9sz\u00e1ros M\u00e1t\u00e9<\/p>\n<p>El\u0151ad\u00f3k: SUB.LAB.PRO, AHA, valamint az Alternat\u00edv K\u00f6zgazdas\u00e1gi Gimn\u00e1zium \u00e9s a Forrai Metodista Gimn\u00e1zium \u00e9s M\u0171v\u00e9szeti Technikum di\u00e1kjai<\/p>\n<p>Az eredeti el\u0151ad\u00e1s t\u00e1rsalkot\u00f3i \u00e9s el\u0151ad\u00f3i: M\u00e9sz\u00e1ros M\u00e1t\u00e9, Jenna Jalonen, Vadas Zs\u00f3fia Tamara, Porteleki \u00c1ron<\/p>\n<p>Producer: S\u00cdN M\u0171v\u00e9szeti K\u00f6zpont[\/vc_column_text][vc_separator type=&#8221;normal&#8221; color=&#8221;#c6c6c6&#8243; up=&#8221;10&#8243; down=&#8221;20&#8243;][vc_column_text]A <em>Vari\u00e1ci\u00f3k eml\u00e9km\u0171re<\/em> Budapest F\u0151v\u00e1ros \u00d6nkorm\u00e1nyzata megb\u00edz\u00e1s\u00e1b\u00f3l a BTM \u2013 Budapest Gal\u00e9ria \u00e9s a Budapest Brand egy\u00fcttm\u0171k\u00f6d\u00e9s\u00e9ben a Budapesti Tavaszi Fesztiv\u00e1l keret\u00e9ben val\u00f3sul meg.[\/vc_column_text][vc_empty_space height=&#8221;45&#8243;][vc_separator type=&#8221;normal&#8221; color=&#8221;#c6c6c6&#8243; up=&#8221;10&#8243; down=&#8221;20&#8243;][vc_single_image image=&#8221;17874&#8243; img_size=&#8221;160&#215;108&#8243; onclick=&#8221;custom_link&#8221; img_link_target=&#8221;_blank&#8221; qode_css_animation=&#8221;&#8221; link=&#8221;https:\/\/budapestitavaszifesztival.hu\/&#8221;][vc_empty_space][\/vc_column][\/vc_row][vc_row css_animation=&#8221;&#8221; row_type=&#8221;row&#8221; use_row_as_full_screen_section=&#8221;no&#8221; type=&#8221;grid&#8221; angled_section=&#8221;no&#8221; text_align=&#8221;left&#8221; background_image_as_pattern=&#8221;without_pattern&#8221; template=&#8221;ism_template_1&#8243; ism_overlock=&#8221;default&#8221; sm_d_text=&#8221;<\/p>\n<h2>This content is locked<\/h2>\n<p>Share This Page To Unlock The Content!&#8221;][vc_column][vc_empty_space height=&#8221;45px&#8221;][\/vc_column][\/vc_row]<\/p>\n<\/div>","protected":false},"excerpt":{"rendered":"<p>[vc_row css_animation=&#8221;&#8221; row_type=&#8221;row&#8221; use_row_as_full_screen_section=&#8221;no&#8221; type=&#8221;grid&#8221; angled_section=&#8221;no&#8221; text_align=&#8221;left&#8221; background_image_as_pattern=&#8221;without_pattern&#8221; template=&#8221;ism_template_1&#8243; ism_overlock=&#8221;default&#8221; sm_d_text=&#8221; This content is locked&#8230;<\/p>\n","protected":false},"author":11,"featured_media":0,"parent":17687,"menu_order":0,"comment_status":"closed","ping_status":"closed","template":"full_width.php","meta":{"inline_featured_image":false,"loftloader_pro_show_once":"","loftloader_pro_page_shortcode":"","footnotes":""},"class_list":["post-17873","page","type-page","status-publish","hentry"],"_links":{"self":[{"href":"https:\/\/budapestgaleria.hu\/_\/wp-json\/wp\/v2\/pages\/17873","targetHints":{"allow":["GET"]}}],"collection":[{"href":"https:\/\/budapestgaleria.hu\/_\/wp-json\/wp\/v2\/pages"}],"about":[{"href":"https:\/\/budapestgaleria.hu\/_\/wp-json\/wp\/v2\/types\/page"}],"author":[{"embeddable":true,"href":"https:\/\/budapestgaleria.hu\/_\/wp-json\/wp\/v2\/users\/11"}],"replies":[{"embeddable":true,"href":"https:\/\/budapestgaleria.hu\/_\/wp-json\/wp\/v2\/comments?post=17873"}],"version-history":[{"count":0,"href":"https:\/\/budapestgaleria.hu\/_\/wp-json\/wp\/v2\/pages\/17873\/revisions"}],"up":[{"embeddable":true,"href":"https:\/\/budapestgaleria.hu\/_\/wp-json\/wp\/v2\/pages\/17687"}],"wp:attachment":[{"href":"https:\/\/budapestgaleria.hu\/_\/wp-json\/wp\/v2\/media?parent=17873"}],"curies":[{"name":"wp","href":"https:\/\/api.w.org\/{rel}","templated":true}]}}