{"id":17953,"date":"2022-05-19T15:31:58","date_gmt":"2022-05-19T13:31:58","guid":{"rendered":"https:\/\/budapestgaleria.hu\/_\/?page_id=17953"},"modified":"2023-12-21T13:46:43","modified_gmt":"2023-12-21T12:46:43","slug":"novenyek-orszaga","status":"publish","type":"page","link":"https:\/\/budapestgaleria.hu\/_\/2022-kiallitasok\/novenyek-orszaga\/","title":{"rendered":"N\u00f6v\u00e9nyek orsz\u00e1ga"},"content":{"rendered":"<div class=\"wpb-content-wrapper\"><p>[vc_row css_animation=&#8221;&#8221; row_type=&#8221;row&#8221; use_row_as_full_screen_section=&#8221;no&#8221; type=&#8221;grid&#8221; angled_section=&#8221;no&#8221; text_align=&#8221;left&#8221; background_image_as_pattern=&#8221;without_pattern&#8221; template=&#8221;ism_template_1&#8243; ism_overlock=&#8221;default&#8221; sm_d_text=&#8221;<\/p>\n<h2>This content is locked<\/h2>\n<p>Share This Page To Unlock The Content!&#8221;][vc_column][vc_single_image image=&#8221;17954&#8243; img_size=&#8221;full&#8221; qode_css_animation=&#8221;&#8221;][vc_empty_space height=&#8221;10px&#8221;][\/vc_column][\/vc_row][vc_row css_animation=&#8221;&#8221; row_type=&#8221;row&#8221; use_row_as_full_screen_section=&#8221;no&#8221; type=&#8221;grid&#8221; angled_section=&#8221;no&#8221; text_align=&#8221;left&#8221; background_image_as_pattern=&#8221;without_pattern&#8221;][vc_column][vc_empty_space height=&#8221;45px&#8221;][vc_column_text]<\/p>\n<h1 class=\"cim_1\"><em>N\u00f6v\u00e9nyek orsz\u00e1ga<\/em><\/h1>\n<p>[\/vc_column_text][vc_empty_space height=&#8221;45px&#8221;][\/vc_column][\/vc_row][vc_row css_animation=&#8221;&#8221; row_type=&#8221;row&#8221; use_row_as_full_screen_section=&#8221;no&#8221; type=&#8221;grid&#8221; angled_section=&#8221;no&#8221; text_align=&#8221;left&#8221; background_image_as_pattern=&#8221;without_pattern&#8221; bgparallax=&#8221;parallax&#8221; contentwidth=&#8221;container&#8221; toppadding=&#8221;40&#8243; bottompadding=&#8221;10&#8243; border=&#8221;on&#8221; css=&#8221;.vc_custom_1420648296958{background-color: #ffffff !important;}&#8221;][vc_column width=&#8221;1\/3&#8243; css=&#8221;.vc_custom_1427029754112{padding-right: 25px !important;}&#8221; el_class=&#8221;full-1&#8243;][vc_column_text]<\/p>\n<p class=\"hely_bpgal\">Budapest Gal\u00e9ria<\/p>\n<p class=\"cim_bpgal\">1036 Budapest, Lajos utca 158.<\/p>\n<p class=\"datum_bpgal\">2022. j\u00fanius 3. \u2013 j\u00falius 24.<\/p>\n<p>[\/vc_column_text][vc_column_text]<\/p>\n<p class=\"kiemeles_bpgal\">Ki\u00e1ll\u00edt\u00f3 m\u0171v\u00e9szek:<\/p>\n<p class=\"verzal_bpgal\">David Eisl | Marta Fi\u0161erov\u00e1 Cwiklinski | Gosztola Kitti \u2013 P\u00e1link\u00e1s Bence Gy\u00f6rgy | Nona Inescu | K\u00e1r\u00e1ndi M\u00f3nika | Kolesz\u00e1r Stella | M\u00e1t\u00e9 D\u00e1niel | Mih\u00e1lyi Barbara | Uriel Orlow | Sergio Rojas Chaves<\/p>\n<p>[\/vc_column_text][vc_column_text]<\/p>\n<p class=\"kiemeles_bpgal\">A ki\u00e1ll\u00edt\u00e1s kur\u00e1torai:<\/p>\n<p class=\"verzal_bpgal\">Gad\u00f3 Fl\u00f3ra, Koll\u00e1r Dalma Eszter<\/p>\n<p>[\/vc_column_text][vc_column_text]<\/p>\n<p class=\"kiemeles_bpgal\">Grafika:<\/p>\n<p class=\"verzal_bpgal\">Kozma D\u00e1niel<\/p>\n<p>[\/vc_column_text][vc_column_text]<\/p>\n<p class=\"kiemeles_bpgal\">Megnyit\u00f3:<\/p>\n<p class=\"datum_bpgal_2\">2022. j\u00fanius 2., (cs\u00fct\u00f6rt\u00f6k) 18:00<\/p>\n<p class=\"kiemeles_bpgal\">Zenei performansz:<\/p>\n<p class=\"verzal_bpgal\">musica moralia<\/p>\n<p>[\/vc_column_text][vc_empty_space][\/vc_column][vc_column width=&#8221;2\/3&#8243; el_class=&#8221;full-2&#8243;][vc_column_text]A ki\u00e1ll\u00edt\u00e1s kiindul\u00f3pontja, hogy az elm\u00falt \u00e9vekben a pand\u00e9mia hat\u00e1s\u00e1ra mennyiben v\u00e1ltozott meg a gondoskod\u00e1shoz val\u00f3 viszonyunk. Azt vizsg\u00e1lva, hogy a t\u00f6r\u0151d\u00e9snek milyen apr\u00f3, ak\u00e1r l\u00e1thatatlan megnyilv\u00e1nul\u00e1sai lehetnek, valamint, hogy ez mik\u00e9nt terjedhet ki a k\u00f6r\u00fcl\u00f6tt\u00fcnk l\u00e9v\u0151 nem-emberi vil\u00e1gra, a ki\u00e1ll\u00edt\u00e1s f\u00f3kusz\u00e1ba a n\u00f6v\u00e9nyek ker\u00fcltek. Sz\u00e1mos olyan m\u0171v\u00e9szi strat\u00e9gia jelenik meg, ahol a k\u00f6zvetlen k\u00f6rnyezet\u00fcnkben l\u00e9v\u0151 \u00e9l\u0151vil\u00e1gra ir\u00e1nyul\u00f3 odafigyel\u00e9sen \u00e9s egy\u00fcttm\u0171k\u00f6d\u00e9sen kereszt\u00fcl egy nem csak az ember sz\u00e1m\u00e1ra \u00e9lhet\u0151bb j\u00f6v\u0151 v\u00e1lik fontoss\u00e1. A n\u00f6v\u00e9nyek, vir\u00e1gok, term\u00e9sek kor\u00e1bbi szimbolik\u00e1j\u00e1t felv\u00e1ltj\u00e1k a kort\u00e1rs kr\u00edzisekb\u0151l kiutat keres\u0151 aktu\u00e1lis \u00e9rtelmez\u00e9sek.<\/p>\n<p>A j\u00e1rv\u00e1ny alatt az Y gener\u00e1ci\u00f3 sok tagja v\u00e1lt \u00fan. plant parentt\u00e9 \u00e9s osztotta meg tapasztalait otthoni dzsungel\u00e9r\u0151l, vagy tanult a n\u00f6v\u00e9nygondoz\u00e1sr\u00f3l a k\u00f6z\u00f6ss\u00e9gi m\u00e9dia hat\u00e1rokon \u00e1t\u00edvel\u0151 fel\u00fcletein. Ez \u00f6sszef\u00fcgg az izol\u00e1ci\u00f3 okozta t\u00f6rekv\u00e9ssel, hogy a k\u00f6rnyezet\u00fcnket otthonosabb\u00e1 tegy\u00fck, egy\u00fattal egy olyan tev\u00e9kenys\u00e9get rendszeres\u00edts\u00fcnk, ami a ment\u00e1lis eg\u00e9szs\u00e9g\u00fcnkre is pozit\u00edv hat\u00e1ssal van. A n\u00f6v\u00e9nyek ir\u00e1nti felfokozott \u00e9rdekl\u0151d\u00e9s ugyanakkor nem \u00f6nmag\u00e1\u00e9rt val\u00f3, hanem lehet\u0151s\u00e9get teremt a kapcsol\u00f3d\u00e1sra a k\u00fcl\u00f6nb\u00f6z\u0151 k\u00f6z\u00f6ss\u00e9gekkel, a m\u00falt feleven\u00edt\u00e9sre \u00e9rdemes gyakorlatain \u00e9s a j\u00f6v\u0151vel kapcsolatos spekul\u00e1ci\u00f3kon kereszt\u00fcl. A m\u00faltba t\u00f6rt\u00e9n\u0151 id\u0151utaz\u00e1s szorosan \u00f6sszef\u00fcgg a gyarmatos\u00edt\u00e1s k\u00e9rd\u00e9sk\u00f6r\u00e9vel: megid\u00e9zi t\u00f6bbek k\u00f6z\u00f6tt a nyugati orvosl\u00e1sban sokszor h\u00e1tt\u00e9rbe szor\u00edtott gy\u00f3gyn\u00f6v\u00e9nyek haszn\u00e1lat\u00e1t, a korai herb\u00e1riumokat vagy az els\u0151 \u00fcvegh\u00e1zakat Eur\u00f3p\u00e1ban. A j\u00f6v\u0151vel kapcsolatos felvet\u00e9sek pedig f\u0151leg a tov\u00e1bbl\u00e9p\u00e9s \u00e9s az \u00fajrakezd\u00e9s fogalamait j\u00e1rj\u00e1k k\u00f6r\u00fcl: a kor\u00e1bban sz\u00e1m\u0171z\u00f6tt invaz\u00edv fajok \u00e9s gyomn\u00f6v\u00e9nyek szerep\u00e9t \u00fajragondolva, az \u00f6nfenntart\u00f3 gyakorlatokig jutnak el a m\u0171vek. Mivel a ki\u00e1ll\u00edt\u00e1s c\u00edme a n\u00f6v\u00e9nyek rendszertani besorol\u00e1s\u00e1nak legnagyobb egys\u00e9ge, \u00edgy, b\u00e1r tudat\u00e1ban van a rendszerez\u00e9s hatalmi strukt\u00far\u00e1j\u00e1nak, m\u00e9gis k\u00eds\u00e9rletet tesz a hierarchia \u00e1trendez\u00e9s\u00e9re.<br \/>\n[\/vc_column_text][vc_empty_space height=&#8221;45px&#8221;][vc_single_image image=&#8221;19086&#8243; img_size=&#8221;full&#8221; qode_css_animation=&#8221;&#8221;][vc_empty_space][vc_single_image image=&#8221;19089&#8243; img_size=&#8221;full&#8221; qode_css_animation=&#8221;&#8221;][vc_empty_space][vc_single_image image=&#8221;19091&#8243; img_size=&#8221;full&#8221; qode_css_animation=&#8221;&#8221;][vc_empty_space][vc_single_image image=&#8221;19093&#8243; img_size=&#8221;full&#8221; qode_css_animation=&#8221;&#8221;][vc_empty_space][vc_single_image image=&#8221;19095&#8243; img_size=&#8221;full&#8221; qode_css_animation=&#8221;&#8221;][vc_empty_space][vc_single_image image=&#8221;19097&#8243; img_size=&#8221;full&#8221; qode_css_animation=&#8221;&#8221;][vc_empty_space][vc_single_image image=&#8221;19099&#8243; img_size=&#8221;full&#8221; qode_css_animation=&#8221;&#8221;][vc_empty_space][vc_single_image image=&#8221;19101&#8243; img_size=&#8221;full&#8221; qode_css_animation=&#8221;&#8221;][vc_empty_space][vc_single_image image=&#8221;19103&#8243; img_size=&#8221;full&#8221; qode_css_animation=&#8221;&#8221;][vc_empty_space][vc_single_image image=&#8221;19105&#8243; img_size=&#8221;full&#8221; qode_css_animation=&#8221;&#8221;][vc_empty_space][vc_single_image image=&#8221;19107&#8243; img_size=&#8221;full&#8221; qode_css_animation=&#8221;&#8221;][vc_empty_space][vc_single_image image=&#8221;19109&#8243; img_size=&#8221;full&#8221; qode_css_animation=&#8221;&#8221;][vc_empty_space][vc_single_image image=&#8221;19111&#8243; img_size=&#8221;full&#8221; qode_css_animation=&#8221;&#8221;][vc_empty_space][vc_column_text]<\/p>\n<p class=\"kepalairas_cim_jobb\">Fot\u00f3k: Juh\u00e1sz G. Tam\u00e1s<\/p>\n<p>[\/vc_column_text][\/vc_column][\/vc_row][vc_row css_animation=&#8221;&#8221; row_type=&#8221;row&#8221; use_row_as_full_screen_section=&#8221;no&#8221; type=&#8221;grid&#8221; angled_section=&#8221;no&#8221; text_align=&#8221;left&#8221; background_image_as_pattern=&#8221;without_pattern&#8221; template=&#8221;ism_template_1&#8243; ism_overlock=&#8221;default&#8221; sm_d_text=&#8221;<\/p>\n<h2>This content is locked<\/h2>\n<p>Share This Page To Unlock The Content!&#8221;][vc_column][vc_empty_space height=&#8221;45px&#8221;][\/vc_column][\/vc_row]<\/p>\n<\/div>","protected":false},"excerpt":{"rendered":"<p>[vc_row css_animation=&#8221;&#8221; row_type=&#8221;row&#8221; use_row_as_full_screen_section=&#8221;no&#8221; type=&#8221;grid&#8221; angled_section=&#8221;no&#8221; text_align=&#8221;left&#8221; background_image_as_pattern=&#8221;without_pattern&#8221; template=&#8221;ism_template_1&#8243; ism_overlock=&#8221;default&#8221; sm_d_text=&#8221; This content is locked&#8230;<\/p>\n","protected":false},"author":11,"featured_media":0,"parent":17687,"menu_order":0,"comment_status":"closed","ping_status":"closed","template":"full_width.php","meta":{"inline_featured_image":false,"loftloader_pro_show_once":"","loftloader_pro_page_shortcode":"","footnotes":""},"class_list":["post-17953","page","type-page","status-publish","hentry"],"_links":{"self":[{"href":"https:\/\/budapestgaleria.hu\/_\/wp-json\/wp\/v2\/pages\/17953","targetHints":{"allow":["GET"]}}],"collection":[{"href":"https:\/\/budapestgaleria.hu\/_\/wp-json\/wp\/v2\/pages"}],"about":[{"href":"https:\/\/budapestgaleria.hu\/_\/wp-json\/wp\/v2\/types\/page"}],"author":[{"embeddable":true,"href":"https:\/\/budapestgaleria.hu\/_\/wp-json\/wp\/v2\/users\/11"}],"replies":[{"embeddable":true,"href":"https:\/\/budapestgaleria.hu\/_\/wp-json\/wp\/v2\/comments?post=17953"}],"version-history":[{"count":0,"href":"https:\/\/budapestgaleria.hu\/_\/wp-json\/wp\/v2\/pages\/17953\/revisions"}],"up":[{"embeddable":true,"href":"https:\/\/budapestgaleria.hu\/_\/wp-json\/wp\/v2\/pages\/17687"}],"wp:attachment":[{"href":"https:\/\/budapestgaleria.hu\/_\/wp-json\/wp\/v2\/media?parent=17953"}],"curies":[{"name":"wp","href":"https:\/\/api.w.org\/{rel}","templated":true}]}}