{"id":17984,"date":"2022-06-27T13:54:30","date_gmt":"2022-06-27T11:54:30","guid":{"rendered":"https:\/\/budapestgaleria.hu\/_\/?page_id=17984"},"modified":"2023-01-03T19:47:04","modified_gmt":"2023-01-03T18:47:04","slug":"archivum-kiallitasok-2013-2019-uj-budapest-galeria","status":"publish","type":"page","link":"https:\/\/budapestgaleria.hu\/_\/archivum-kiallitasok-2013-2019-uj-budapest-galeria\/","title":{"rendered":"Arch\u00edvum | Ki\u00e1ll\u00edt\u00e1sok 2013-2019 | \u00daj Budapest Gal\u00e9ria"},"content":{"rendered":"<div class=\"wpb-content-wrapper\"><p>[vc_row css_animation=&#8221;&#8221; seperator_indeed_locker=&#8221;&#8221; row_type=&#8221;row&#8221; use_row_as_full_screen_section=&#8221;no&#8221; type=&#8221;grid&#8221; angled_section=&#8221;no&#8221; text_align=&#8221;left&#8221; background_image_as_pattern=&#8221;without_pattern&#8221; template=&#8221;ism_template_1&#8243; ism_overlock=&#8221;default&#8221; sm_d_text=&#8221;<\/p>\n<h2>This content is locked<\/h2>\n<p>Share This Page To Unlock The Content!&#8221; z_index=&#8221;&#8221;][vc_column][vc_single_image image=&#8221;17991&#8243; img_size=&#8221;full&#8221; qode_css_animation=&#8221;&#8221;][vc_empty_space height=&#8221;10px&#8221;][vc_column_text]<\/p>\n<p class=\"kepalairas_cim_jobb\">Enteri\u0151r k\u00e9p R\u00e1k\u00f3czy Gizella <em>Transzparens labirintus<\/em> c\u00edm\u0171 ki\u00e1ll\u00edt\u00e1s\u00e1r\u00f3l, 2018<\/p>\n<p>[\/vc_column_text][vc_empty_space][\/vc_column][\/vc_row][vc_row css_animation=&#8221;&#8221; row_type=&#8221;row&#8221; use_row_as_full_screen_section=&#8221;no&#8221; type=&#8221;grid&#8221; angled_section=&#8221;no&#8221; text_align=&#8221;left&#8221; background_image_as_pattern=&#8221;without_pattern&#8221; template=&#8221;ism_template_1&#8243; ism_overlock=&#8221;default&#8221; sm_d_text=&#8221;<\/p>\n<h2>This content is locked<\/h2>\n<p>Share This Page To Unlock The Content!&#8221;][vc_column][vc_column_text]<\/p>\n<h4 class=\"cim_2\">\u00daj Budapest Gal\u00e9ria<\/h4>\n<p>[\/vc_column_text][vc_empty_space][vc_accordion style=&#8221;accordion&#8221;][vc_accordion_tab title=&#8221;2019&#8243;][vc_column_text el_class=&#8221;eves-lista&#8221;]<\/p>\n<p class=\"archive\"><a href=\"https:\/\/budapestgaleria.hu\/_\/2019-kiallitasok\/14-madeinhungary-7-meed-hatartalan-design\/\"><em>14. madeinhungary + 7. MeeD | HAT\u00c1RTALAN DESIGN<\/em><\/a><\/p>\n<p class=\"archive\"><a href=\"https:\/\/budapestgaleria.hu\/_\/2019-kiallitasok\/csorgo-attila-mozgasterek\/\">Cs\u00f6rg\u0151 Attila | <em>Mozg\u00e1sterek<\/em><\/a><\/p>\n<p>[\/vc_column_text][\/vc_accordion_tab][vc_accordion_tab title=&#8221;2018&#8243;][vc_column_text el_class=&#8221;eves-lista&#8221;]<\/p>\n<p class=\"archive\"><a href=\"https:\/\/budapestgaleria.hu\/_\/2018-kiallitasok\/leptek\/\"><em>L\u00e9pt\u00e9k<\/em><\/a><\/p>\n<p class=\"archive\"><a href=\"https:\/\/budapestgaleria.hu\/_\/2018-kiallitasok\/19-szabadfogasu-szamitogep-verseny\/\"><em>&lt;19 Szabadfog\u00e1s\u00fa Sz\u00e1m\u00edt\u00f3g\u00e9p Verseny | 2018<\/em><\/a><\/p>\n<p class=\"archive\"><a href=\"https:\/\/budapestgaleria.hu\/_\/2018-kiallitasok\/transzparens-labirintus-rakoczy-gizella-1947-2015\/\">R\u00e1k\u00f3czy Gizella (1947-2015) | <em>Transzparens labirintus<\/em><\/a><\/p>\n<p class=\"archive\"><a href=\"https:\/\/budapestgaleria.hu\/_\/2018-kiallitasok\/13-madeinhungary-6-meed-hatartalan-design\/\"><em>13. madeinhungary + 6. MeeD | HAT\u00c1RTALAN DESIGN<\/em><\/a><\/p>\n<p class=\"archive\"><a href=\"https:\/\/budapestgaleria.hu\/_\/2018-kiallitasok\/ketfeju-gyufa-valogatas-negy-kortars-roman-magangyujtemenybol\/\"><em>K\u00e9tfej\u0171 Gyufa | V\u00e1logat\u00e1s n\u00e9gy kort\u00e1rs rom\u00e1n mag\u00e1ngy\u0171jtem\u00e9nyb\u0151l<\/em><\/a><\/p>\n<p>[\/vc_column_text][\/vc_accordion_tab][vc_accordion_tab title=&#8221;2017&#8243;][vc_column_text el_class=&#8221;eves-lista&#8221;]<\/p>\n<p class=\"archive\"><a href=\"https:\/\/budapestgaleria.hu\/_\/2017-kiallitasok\/a-jelen-keplete-digitalis-bennszulottek-digitalis-bevandorlok\/\"><em>A jelen k\u00e9plete | Digit\u00e1lis bennsz\u00fcl\u00f6ttek, digit\u00e1lis bev\u00e1ndorl\u00f3k<\/em><\/a><\/p>\n<p class=\"archive\"><a href=\"https:\/\/budapestgaleria.hu\/_\/2017-kiallitasok\/leopold-bloom-kepzomuveszeti-dij-2017\/\"><em>Leopold Bloom K\u00e9pz\u0151m\u0171v\u00e9szeti D\u00edj | 2017<\/em><\/a><\/p>\n<p class=\"archive\"><a href=\"https:\/\/budapestgaleria.hu\/_\/2017-kiallitasok\/rugyfakadas-hejettes-szomlyazok\/\"><em>R\u00fcgyfakad\u00e1s | A Hejettes Szomlyaz\u00f3k korai korszaka (1984\u20131987)<\/em><\/a><\/p>\n<p class=\"archive\"><a href=\"https:\/\/budapestgaleria.hu\/_\/2017-kiallitasok\/12-madeinhungary-hatartalan-design\/\"><em>12. madeinhungary + 5. MeeD | HAT\u00c1RTALAN DESIGN<\/em><\/a><\/p>\n<p class=\"archive\"><a href=\"https:\/\/budapestgaleria.hu\/_\/2017-kiallitasok\/a-jovo-kapuja-egy-uj-generacio-muveszete-japanban\/\"><em>A j\u00f6v\u0151 kapuja | Egy \u00faj gener\u00e1ci\u00f3 m\u0171v\u00e9szete Jap\u00e1nban<\/em><\/a><\/p>\n<p>[\/vc_column_text][\/vc_accordion_tab][vc_accordion_tab title=&#8221;2016&#8243;][vc_column_text el_class=&#8221;eves-lista&#8221;]<\/p>\n<p class=\"archive\"><a href=\"https:\/\/budapestgaleria.hu\/_\/2016-kiallitasok\/profetaparade-lodz-kaliska\/\"><em>Pr\u00f3f\u00e9tapar\u00e1d\u00e9 | A \u0141\u00f3d\u017a Kaliska csoport m\u0171v\u00e9szeti projektje<\/em><\/a><\/p>\n<p class=\"archive\"><a href=\"https:\/\/budapestgaleria.hu\/_\/2016-kiallitasok\/nagyitasok-1963-az-oldas-es-kotes-kora\/\"><em>Nagy\u00edt\u00e1sok \u2013 1963. Az Old\u00e1s \u00e9s k\u00f6t\u00e9s kora<\/em><\/a><\/p>\n<p class=\"archive\"><a href=\"https:\/\/budapestgaleria.hu\/_\/2016-kiallitasok\/11-madeinhungary-04-meed-hatartalan-design\/\"><em>11. madeinhungary + 4. MeeD | HAT\u00c1RTALAN DESIGN<\/em><\/a><\/p>\n<p>[\/vc_column_text][\/vc_accordion_tab][vc_accordion_tab title=&#8221;2015&#8243;][vc_column_text el_class=&#8221;eves-lista&#8221;]<\/p>\n<p class=\"archive\"><a href=\"https:\/\/budapestgaleria.hu\/_\/2015-kiallitasok\/idoalap\/\"><em>Id\u0151alap | Timebase<\/em><\/a><\/p>\n<p class=\"archive\"><a href=\"https:\/\/budapestgaleria.hu\/_\/2015-kiallitasok\/leopold-bloom-kepzomuveszeti-dij-2015\/\"><em>Leopold Bloom K\u00e9pz\u0151m\u0171v\u00e9szeti D\u00edj | 2015<\/em><\/a><\/p>\n<p class=\"archive\"><a href=\"https:\/\/budapestgaleria.hu\/_\/2015-kiallitasok\/tobb-feny-fenykornyezetek\/\"><em>T\u00f6bb f\u00e9ny! F\u00e9nyk\u00f6rnyezetek<\/em><\/a><\/p>\n<p>[\/vc_column_text][\/vc_accordion_tab][vc_accordion_tab title=&#8221;2014&#8243;][vc_column_text el_class=&#8221;eves-lista&#8221;]<\/p>\n<p class=\"archive\"><a href=\"https:\/\/budapestgaleria.hu\/_\/2014-kiallitasok\/kortarsak-gyujtok-es-muveszek\/\"><em>Kort\u00e1rsak: gy\u0171jt\u0151k \u00e9s m\u0171v\u00e9szek<\/em><\/a><\/p>\n<p class=\"archive\"><a href=\"https:\/\/budapestgaleria.hu\/_\/2014-kiallitasok\/10-madeinhungary-03-meed-hatartalan-design\/\"><em>10. madeinhungary + 3. MeeD | HAT\u00c1RTALAN DESIGN<\/em><\/a><\/p>\n<p class=\"archive\"><a href=\"https:\/\/budapestgaleria.hu\/_\/2014-kiallitasok\/a-mecenas-fovaros-a-fovarosi-keptar\/\"><em>A mec\u00e9n\u00e1s f\u0151v\u00e1ros \u2013 A F\u0151v\u00e1rosi K\u00e9pt\u00e1r<\/em><\/a><\/p>\n<p>[\/vc_column_text][\/vc_accordion_tab][vc_accordion_tab title=&#8221;2013&#8243;][vc_column_text el_class=&#8221;eves-lista&#8221;]<\/p>\n<p class=\"archive\"><a href=\"https:\/\/budapestgaleria.hu\/_\/2013-kiallitasok\/budapesti-merites\/\"><em>Budapesti mer\u00edt\u00e9s<\/em><\/a><\/p>\n<p>[\/vc_column_text][\/vc_accordion_tab][\/vc_accordion][\/vc_column][\/vc_row][vc_row css_animation=&#8221;&#8221; row_type=&#8221;row&#8221; use_row_as_full_screen_section=&#8221;no&#8221; type=&#8221;full_width&#8221; angled_section=&#8221;no&#8221; text_align=&#8221;left&#8221; background_image_as_pattern=&#8221;without_pattern&#8221;][vc_column][vc_empty_space height=&#8221;45px&#8221;][\/vc_column][\/vc_row]<\/p>\n<\/div>","protected":false},"excerpt":{"rendered":"<p>[vc_row css_animation=&#8221;&#8221; seperator_indeed_locker=&#8221;&#8221; row_type=&#8221;row&#8221; use_row_as_full_screen_section=&#8221;no&#8221; type=&#8221;grid&#8221; angled_section=&#8221;no&#8221; text_align=&#8221;left&#8221; background_image_as_pattern=&#8221;without_pattern&#8221; template=&#8221;ism_template_1&#8243; ism_overlock=&#8221;default&#8221; sm_d_text=&#8221; This content is&#8230;<\/p>\n","protected":false},"author":11,"featured_media":0,"parent":0,"menu_order":0,"comment_status":"closed","ping_status":"closed","template":"","meta":{"inline_featured_image":false,"loftloader_pro_show_once":"","loftloader_pro_page_shortcode":"","footnotes":""},"class_list":["post-17984","page","type-page","status-publish","hentry"],"_links":{"self":[{"href":"https:\/\/budapestgaleria.hu\/_\/wp-json\/wp\/v2\/pages\/17984","targetHints":{"allow":["GET"]}}],"collection":[{"href":"https:\/\/budapestgaleria.hu\/_\/wp-json\/wp\/v2\/pages"}],"about":[{"href":"https:\/\/budapestgaleria.hu\/_\/wp-json\/wp\/v2\/types\/page"}],"author":[{"embeddable":true,"href":"https:\/\/budapestgaleria.hu\/_\/wp-json\/wp\/v2\/users\/11"}],"replies":[{"embeddable":true,"href":"https:\/\/budapestgaleria.hu\/_\/wp-json\/wp\/v2\/comments?post=17984"}],"version-history":[{"count":0,"href":"https:\/\/budapestgaleria.hu\/_\/wp-json\/wp\/v2\/pages\/17984\/revisions"}],"wp:attachment":[{"href":"https:\/\/budapestgaleria.hu\/_\/wp-json\/wp\/v2\/media?parent=17984"}],"curies":[{"name":"wp","href":"https:\/\/api.w.org\/{rel}","templated":true}]}}