{"id":18109,"date":"2022-08-01T13:24:41","date_gmt":"2022-08-01T11:24:41","guid":{"rendered":"https:\/\/budapestgaleria.hu\/_\/?page_id=18109"},"modified":"2023-12-21T13:47:03","modified_gmt":"2023-12-21T12:47:03","slug":"chloe-macary-carney-tony-lavazza-kenes-piramis-otthona","status":"publish","type":"page","link":"https:\/\/budapestgaleria.hu\/_\/2022-kiallitasok\/chloe-macary-carney-tony-lavazza-kenes-piramis-otthona\/","title":{"rendered":"Chlo\u00e9 Macary-Carney: Tony Lavazza k\u00e9nes piramis-otthona"},"content":{"rendered":"<div class=\"wpb-content-wrapper\"><p>[vc_row css_animation=&#8221;&#8221; row_type=&#8221;row&#8221; use_row_as_full_screen_section=&#8221;no&#8221; type=&#8221;grid&#8221; angled_section=&#8221;no&#8221; text_align=&#8221;left&#8221; background_image_as_pattern=&#8221;without_pattern&#8221; template=&#8221;ism_template_1&#8243; ism_overlock=&#8221;default&#8221; sm_d_text=&#8221;<\/p>\n<h2>This content is locked<\/h2>\n<p>Share This Page To Unlock The Content!&#8221;][vc_column][vc_single_image image=&#8221;18120&#8243; img_size=&#8221;full&#8221; qode_css_animation=&#8221;&#8221;][\/vc_column][\/vc_row][vc_row css_animation=&#8221;&#8221; row_type=&#8221;row&#8221; use_row_as_full_screen_section=&#8221;no&#8221; type=&#8221;grid&#8221; angled_section=&#8221;no&#8221; text_align=&#8221;left&#8221; background_image_as_pattern=&#8221;without_pattern&#8221;][vc_column][vc_empty_space height=&#8221;45px&#8221;][vc_column_text]<\/p>\n<h1 class=\"cim_1\"><em>Tony Lavazza k\u00e9nes piramis-otthona<\/em><\/h1>\n<h1 class=\"alcim\">Chlo\u00e9 Macary-Carney ki\u00e1ll\u00edt\u00e1sa<\/h1>\n<p>[\/vc_column_text][vc_empty_space height=&#8221;45px&#8221;][\/vc_column][\/vc_row][vc_row css_animation=&#8221;&#8221; row_type=&#8221;row&#8221; use_row_as_full_screen_section=&#8221;no&#8221; type=&#8221;grid&#8221; angled_section=&#8221;no&#8221; text_align=&#8221;left&#8221; background_image_as_pattern=&#8221;without_pattern&#8221; bgparallax=&#8221;parallax&#8221; contentwidth=&#8221;container&#8221; toppadding=&#8221;40&#8243; bottompadding=&#8221;10&#8243; border=&#8221;on&#8221; css=&#8221;.vc_custom_1420648296958{background-color: #ffffff !important;}&#8221;][vc_column width=&#8221;1\/3&#8243; css=&#8221;.vc_custom_1427029754112{padding-right: 25px !important;}&#8221; el_class=&#8221;full-1&#8243;][vc_column_text]<\/p>\n<p class=\"hely_bpgal\">Budapest Gal\u00e9ria<\/p>\n<p class=\"cim_bpgal\">1036 Budapest, Lajos utca 158. (emelet)<\/p>\n<p class=\"datum_bpgal\">2022. augusztus 10. \u2013 szeptember 18.<\/p>\n<p>[\/vc_column_text][vc_column_text]<\/p>\n<p class=\"kiemeles_bpgal\">A ki\u00e1ll\u00edt\u00e1s kur\u00e1tora:<\/p>\n<p class=\"verzal_bpgal\">Hermann J\u00falia<\/p>\n<p>[\/vc_column_text][vc_column_text]<\/p>\n<p class=\"kiemeles_bpgal\">Megnyit\u00f3:<\/p>\n<p class=\"datum_bpgal_2\">2022. augusztus 9., (kedd) 18:00<\/p>\n<p class=\"kiemeles_bpgal\">Zenei performansz:<\/p>\n<p class=\"verzal_bpgal\">hum &#8211; Barta Bence \u00e9s Esteban de la Torre<\/p>\n<p>[\/vc_column_text][vc_empty_space][\/vc_column][vc_column width=&#8221;2\/3&#8243; el_class=&#8221;full-2&#8243;][vc_column_text]Chlo\u00e9 Macary-Carney a Budapest Gal\u00e9ria 2021-es m\u0171v\u00e9szcsere programja sor\u00e1n kezdte meg a ki\u00e1ll\u00edt\u00e1s alapj\u00e1t ad\u00f3 kutat\u00e1st a sz\u00e1mos filoz\u00f3fi\u00e1t \u00e9s vall\u00e1s szok\u00e1sait egyes\u00edt\u0151 New Age k\u00f6z\u00f6ss\u00e9gek magyarorsz\u00e1gi ritu\u00e1lis helysz\u00edneir\u0151l \u00e9s gyakorlatair\u00f3l. A m\u0171v\u00e9sz e k\u00f6z\u00f6ss\u00e9gekkel kapcsolatos el\u0151feltev\u00e9sei \u2013 miszerint azok befogad\u00f3ak \u00e9s biztons\u00e1gosak \u2013 m\u00e1r a kutat\u00e1s elej\u00e9n megd\u0151ltek. A ki\u00e1ll\u00edt\u00e1s c\u00e9lj\u00e1ul Macary-Carney pont ez\u00e9rt egy ilyen, mindenki sz\u00e1m\u00e1ra nyitott t\u00e9r megteremt\u00e9s\u00e9t t\u0171zte ki, ahol a l\u00e1togat\u00f3kat k\u00f6z\u00f6s \u00e9lm\u00e9nyek l\u00e9trehoz\u00e1s\u00e1ra \u00e9s megoszt\u00e1s\u00e1ra biztatja.<\/p>\n<p>A kutat\u00e1s sor\u00e1n Chlo\u00e9 Macary-Carney p\u00e1rhuzamosan fedezte fel a magyarorsz\u00e1gi New Age k\u00f6z\u00f6ss\u00e9gek \u00e9s a magyar boszork\u00e1nys\u00e1g sokf\u00e9les\u00e9g\u00e9t, helyi \u00e9s t\u00f6rt\u00e9neti kiterjedts\u00e9g\u00e9t \u00e9s politikai vonatkoz\u00e1sait, valamint pr\u00f3b\u00e1lta felfejteni a k\u00f6z\u00f6ss\u00e9geket \u00f6vez\u0151 m\u00edtoszokat. A budapesti itt-tart\u00f3zkod\u00e1s sor\u00e1n k\u00e9sz\u00edtett interj\u00fakat \u00e9s megfigyel\u00e9seket egy, a ki\u00e1ll\u00edt\u00f3t\u00e9rben elhelyezett k\u00f6nyvben foglalta \u00f6ssze, amely a r\u00e9szletes le\u00edr\u00e1soknak \u00e9s a szem\u00e9lyes hangv\u00e9telnek k\u00f6sz\u00f6nhet\u0151en narr\u00e1lja a m\u0171veket. A hatvanas-hetvenes \u00e9vek Amerik\u00e1j\u00e1b\u00f3l eredeztethet\u0151 New Age mozgalmon k\u00edv\u00fcl a hagyom\u00e1nyos boszork\u00e1nys\u00e1got \u00e9s az ahhoz kapcsol\u00f3d\u00f3 magyar babon\u00e1kat, szok\u00e1sokat is kutat\u00e1sa t\u00e1rgy\u00e1v\u00e1 tette \u2013 ennek eredm\u00e9nye a ki\u00e1ll\u00edt\u00e1son megjelen\u0151, egyszer\u0171s\u00edtett Luca-sz\u00e9k vagy a k\u00e9panyag egy r\u00e9sze, amely a szegedi boszork\u00e1nypernek (1728) eml\u00e9ket \u00e1ll\u00edt\u00f3 helyekhez kapcsol\u00f3dik.<\/p>\n<p>A ki\u00e1ll\u00edt\u00f3terekben a ki\u00e1ll\u00edt\u00e1s c\u00edm\u00e9t is ad\u00f3, a m\u0171v\u00e9sz altereg\u00f3jak\u00e9nt el\u0151l\u00e9p\u0151 Tony Lavazza fikt\u00edv boszork\u00e1nykutat\u00f3 k\u00e9nes piramis-otthon\u00e1ban tal\u00e1ljuk magunkat. A helyzet intim \u00e9s k\u00f6zvetlen, ahogy a t\u00e9rben megjelen\u0151 fa- \u00e9s a pap\u00edranyagok gondos, \u00e9rz\u00e9keny megmunk\u00e1l\u00e1sa \u00e9s a kutat\u00e1st \u00f6sszefoglal\u00f3 sz\u00f6veg napl\u00f3szer\u0171s\u00e9ge is. Az otthon intim tere arra h\u00edvja a l\u00e1togat\u00f3kat, hogy a kital\u00e1lt kutat\u00f3val egy\u00fctt fejts\u00e9k fel a boszork\u00e1nyk\u00f6z\u00f6ss\u00e9gek &#8211; \u00e9s rajtuk kereszt\u00fcl \u00e1ltal\u00e1ban a k\u00f6z\u00f6ss\u00e9gi m\u0171k\u00f6d\u00e9s &#8211; alapjait. B\u00e1r a mindenkori hatalommal szemben l\u00e9tez\u0151, radik\u00e1lisan anti-patriarch\u00e1lis, a csoporton bel\u00fcli biztons\u00e1got c\u00e9lnak \u00e9s eszk\u00f6znek is tekint\u0151 boszork\u00e1nyk\u00f6z\u00f6ss\u00e9gek egykor szigor\u00fa szab\u00e1lyrendszerei enyh\u00fcltek, az egym\u00e1shoz tartoz\u00e1s \u00e9rz\u00e9s\u00e9nek \u00e9s a k\u00f6z\u00f6s ritu\u00e1l\u00e9knak a fontoss\u00e1ga k\u00e9s\u0151bb az \u00fajboszork\u00e1nys\u00e1g vagy az azzal bizonyos elemeiben \u00e1tfed\u00e9st mutat\u00f3 New Age mozgalom k\u00e9pvisel\u0151i eset\u00e9ben sem v\u00e1ltozott.<\/p>\n<p>A kutat\u00e1st dokument\u00e1l\u00f3 \u00e9s illusztr\u00e1l\u00f3 k\u00e9pek hely\u00e9t sz\u00ednek jel\u00f6lik ki, azonban a t\u00e9r \u00e9s a t\u00e1rgyak haszn\u00e1lat\u00e1t \u2013 saj\u00e1t ritu\u00e1l\u00e9k bemutat\u00e1s\u00e1t \u2013 olvas\u00e1s, besz\u00e9lget\u00e9s, \u00e9tkez\u00e9s form\u00e1j\u00e1ban a m\u0171v\u00e9sz aj\u00e1nlja, s\u0151t, k\u00e9ri a l\u00e1togat\u00f3kt\u00f3l.<\/p>\n<p>Chlo\u00e9 Macary-Carney (1994, New York) P\u00e1rizsban \u00e9l \u00e9s dolgozik.[\/vc_column_text][vc_empty_space height=&#8221;45px&#8221;][vc_separator type=&#8221;normal&#8221; color=&#8221;#c6c6c6&#8243; up=&#8221;10&#8243; down=&#8221;20&#8243;][vc_single_image image=&#8221;18128&#8243; img_size=&#8221;150&#215;90&#8243; onclick=&#8221;custom_link&#8221; img_link_target=&#8221;_blank&#8221; qode_css_animation=&#8221;&#8221; link=&#8221;https:\/\/franciaintezet.hu\/hu\/&#8221;][vc_empty_space height=&#8221;20px&#8221;][vc_single_image image=&#8221;18130&#8243; img_size=&#8221;160&#215;100&#8243; onclick=&#8221;custom_link&#8221; img_link_target=&#8221;_blank&#8221; qode_css_animation=&#8221;&#8221;][vc_empty_space][vc_single_image image=&#8221;19043&#8243; img_size=&#8221;full&#8221; qode_css_animation=&#8221;&#8221;][vc_empty_space][vc_single_image image=&#8221;19045&#8243; img_size=&#8221;full&#8221; qode_css_animation=&#8221;&#8221;][vc_empty_space][vc_single_image image=&#8221;19047&#8243; img_size=&#8221;full&#8221; qode_css_animation=&#8221;&#8221;][vc_empty_space][vc_single_image image=&#8221;19049&#8243; img_size=&#8221;full&#8221; qode_css_animation=&#8221;&#8221;][vc_empty_space][vc_single_image image=&#8221;19051&#8243; img_size=&#8221;full&#8221; qode_css_animation=&#8221;&#8221;][vc_empty_space][vc_single_image image=&#8221;19053&#8243; img_size=&#8221;full&#8221; qode_css_animation=&#8221;&#8221;][vc_empty_space][vc_single_image image=&#8221;19055&#8243; img_size=&#8221;full&#8221; qode_css_animation=&#8221;&#8221;][vc_empty_space][vc_single_image image=&#8221;19057&#8243; img_size=&#8221;full&#8221; qode_css_animation=&#8221;&#8221;][vc_empty_space][vc_single_image image=&#8221;19059&#8243; img_size=&#8221;full&#8221; qode_css_animation=&#8221;&#8221;][vc_empty_space][vc_single_image image=&#8221;19061&#8243; img_size=&#8221;full&#8221; qode_css_animation=&#8221;&#8221;][vc_empty_space][vc_column_text]<\/p>\n<p class=\"kepalairas_cim_jobb\">Fot\u00f3k: Juh\u00e1sz G. Tam\u00e1s<\/p>\n<p>[\/vc_column_text][\/vc_column][\/vc_row][vc_row css_animation=&#8221;&#8221; row_type=&#8221;row&#8221; use_row_as_full_screen_section=&#8221;no&#8221; type=&#8221;grid&#8221; angled_section=&#8221;no&#8221; text_align=&#8221;left&#8221; background_image_as_pattern=&#8221;without_pattern&#8221; template=&#8221;ism_template_1&#8243; ism_overlock=&#8221;default&#8221; sm_d_text=&#8221;<\/p>\n<h2>This content is locked<\/h2>\n<p>Share This Page To Unlock The Content!&#8221;][vc_column][vc_empty_space height=&#8221;45px&#8221;][\/vc_column][\/vc_row]<\/p>\n<\/div>","protected":false},"excerpt":{"rendered":"<p>[vc_row css_animation=&#8221;&#8221; row_type=&#8221;row&#8221; use_row_as_full_screen_section=&#8221;no&#8221; type=&#8221;grid&#8221; angled_section=&#8221;no&#8221; text_align=&#8221;left&#8221; background_image_as_pattern=&#8221;without_pattern&#8221; template=&#8221;ism_template_1&#8243; ism_overlock=&#8221;default&#8221; sm_d_text=&#8221; This content is locked&#8230;<\/p>\n","protected":false},"author":11,"featured_media":0,"parent":17687,"menu_order":0,"comment_status":"closed","ping_status":"closed","template":"full_width.php","meta":{"inline_featured_image":false,"loftloader_pro_show_once":"","loftloader_pro_page_shortcode":"","footnotes":""},"class_list":["post-18109","page","type-page","status-publish","hentry"],"_links":{"self":[{"href":"https:\/\/budapestgaleria.hu\/_\/wp-json\/wp\/v2\/pages\/18109","targetHints":{"allow":["GET"]}}],"collection":[{"href":"https:\/\/budapestgaleria.hu\/_\/wp-json\/wp\/v2\/pages"}],"about":[{"href":"https:\/\/budapestgaleria.hu\/_\/wp-json\/wp\/v2\/types\/page"}],"author":[{"embeddable":true,"href":"https:\/\/budapestgaleria.hu\/_\/wp-json\/wp\/v2\/users\/11"}],"replies":[{"embeddable":true,"href":"https:\/\/budapestgaleria.hu\/_\/wp-json\/wp\/v2\/comments?post=18109"}],"version-history":[{"count":0,"href":"https:\/\/budapestgaleria.hu\/_\/wp-json\/wp\/v2\/pages\/18109\/revisions"}],"up":[{"embeddable":true,"href":"https:\/\/budapestgaleria.hu\/_\/wp-json\/wp\/v2\/pages\/17687"}],"wp:attachment":[{"href":"https:\/\/budapestgaleria.hu\/_\/wp-json\/wp\/v2\/media?parent=18109"}],"curies":[{"name":"wp","href":"https:\/\/api.w.org\/{rel}","templated":true}]}}