{"id":18340,"date":"2022-09-15T10:50:32","date_gmt":"2022-09-15T08:50:32","guid":{"rendered":"https:\/\/budapestgaleria.hu\/_\/?page_id=18340"},"modified":"2023-12-21T13:44:56","modified_gmt":"2023-12-21T12:44:56","slug":"hatareset-2-0","status":"publish","type":"page","link":"https:\/\/budapestgaleria.hu\/_\/2022-kiallitasok\/hatareset-2-0\/","title":{"rendered":"Hat\u00e1reset 2.0"},"content":{"rendered":"<div class=\"wpb-content-wrapper\"><p>[vc_row css_animation=&#8221;&#8221; row_type=&#8221;row&#8221; use_row_as_full_screen_section=&#8221;no&#8221; type=&#8221;grid&#8221; angled_section=&#8221;no&#8221; text_align=&#8221;left&#8221; background_image_as_pattern=&#8221;without_pattern&#8221; template=&#8221;ism_template_1&#8243; ism_overlock=&#8221;default&#8221; sm_d_text=&#8221;<\/p>\n<h2>This content is locked<\/h2>\n<p>Share This Page To Unlock The Content!&#8221;][vc_column][vc_single_image image=&#8221;18412&#8243; img_size=&#8221;full&#8221; qode_css_animation=&#8221;&#8221;][vc_empty_space height=&#8221;10px&#8221;][\/vc_column][\/vc_row][vc_row css_animation=&#8221;&#8221; row_type=&#8221;row&#8221; use_row_as_full_screen_section=&#8221;no&#8221; type=&#8221;grid&#8221; angled_section=&#8221;no&#8221; text_align=&#8221;left&#8221; background_image_as_pattern=&#8221;without_pattern&#8221;][vc_column][vc_empty_space height=&#8221;45px&#8221;][vc_column_text]<\/p>\n<h1 class=\"cim_1\"><em>Hat\u00e1reset 2.0<\/em><\/h1>\n<h1 class=\"alcim\"><em>Kelet-K\u00f6z\u00e9p-Eur\u00f3pa, \u00fajra<\/em><\/h1>\n<p>[\/vc_column_text][vc_empty_space height=&#8221;45px&#8221;][\/vc_column][\/vc_row][vc_row css_animation=&#8221;&#8221; row_type=&#8221;row&#8221; use_row_as_full_screen_section=&#8221;no&#8221; type=&#8221;grid&#8221; angled_section=&#8221;no&#8221; text_align=&#8221;left&#8221; background_image_as_pattern=&#8221;without_pattern&#8221; bgparallax=&#8221;parallax&#8221; contentwidth=&#8221;container&#8221; toppadding=&#8221;40&#8243; bottompadding=&#8221;10&#8243; border=&#8221;on&#8221; css=&#8221;.vc_custom_1420648296958{background-color: #ffffff !important;}&#8221;][vc_column width=&#8221;1\/3&#8243; css=&#8221;.vc_custom_1427029754112{padding-right: 25px !important;}&#8221; el_class=&#8221;full-1&#8243;][vc_column_text]<\/p>\n<p class=\"hely_bpgal\">Budapest Gal\u00e9ria<\/p>\n<p class=\"cim_bpgal\">1036 Budapest, Lajos utca 158.<\/p>\n<p class=\"datum_bpgal\">2022. szeptember 30. \u2013 november 27.<\/p>\n<p>[\/vc_column_text][vc_column_text]<\/p>\n<p class=\"kiemeles_bpgal\">Ki\u00e1ll\u00edt\u00f3 m\u0171v\u00e9szek:<\/p>\n<p class=\"verzal_bpgal\">Yana Bachynska | Bozzai D\u00e1niel \u00e9s M\u00e1t\u00e9 D\u00e1niel | Vasile C\u0103t\u0103r\u0103u | Megan Dominescu | Olga Dziubak | Erm\u00e9nyi M\u00e1ty\u00e1s | Alina Kopytsa | Moln\u00e1r Judit Lilla | David P\u0159\u00edlu\u010d\u00edk | Em\u00edlia Rigov\u00e1 | Sergey Shabohin | Ji\u0159\u00ed \u017d\u00e1k<\/p>\n<p>[\/vc_column_text][vc_column_text]<\/p>\n<p class=\"kiemeles_bpgal\">A ki\u00e1ll\u00edt\u00e1s kur\u00e1tora:<\/p>\n<p class=\"verzal_bpgal\">Don Tam\u00e1s<\/p>\n<p>[\/vc_column_text][vc_column_text]<\/p>\n<p class=\"kiemeles_bpgal\">Megnyit\u00f3:<\/p>\n<p class=\"datum_bpgal_2\">2022. szeptember 29., (cs\u00fct\u00f6rt\u00f6k) 18:00<\/p>\n<p class=\"kiemeles_bpgal\">Zenei performansz:<\/p>\n<p class=\"verzal_bpgal\">ZS\u00dcJA<\/p>\n<p>[\/vc_column_text][vc_empty_space][\/vc_column][vc_column width=&#8221;2\/3&#8243; el_class=&#8221;full-2&#8243;][vc_column_text]A ki\u00e1ll\u00edt\u00e1s a kelet-k\u00f6z\u00e9p eur\u00f3pai identit\u00e1s k\u00e9rd\u00e9s\u00e9vel foglalkozik olyan fiatal k\u00e9pz\u0151m\u0171v\u00e9szek munk\u00e1in kereszt\u00fcl, akik sz\u00e1m\u00e1ra a r\u00e9gi\u00f3s rendszerv\u00e1lt\u00e1sok m\u00e1r nem felt\u00e9tlen\u00fcl jelentenek viszony\u00edt\u00e1si pontot, akik a Keleten innen, Nyugaton t\u00fal viszonylagoss\u00e1g\u00e1t m\u00e1r nem tekintik t\u00f6rt\u00e9neteik sarokpontj\u00e1nak. Munk\u00e1ikban a r\u00e9gi\u00f3 geopolitikai helyzete mellett sz\u00e1mos m\u00e1s identit\u00e1sform\u00e1l\u00f3 elem t\u00e1rsul, ezek sz\u00f6ved\u00e9k\u00e9n \u00e1t l\u00e1tszik Kelet-K\u00f6z\u00e9p-Eur\u00f3pa v\u00e1ltoz\u00f3 alakja.<\/p>\n<p>A ki\u00e1ll\u00edt\u00e1s c\u00edm\u00e9t Hun\u010d\u00edk P\u00e9ter Szlov\u00e1ki\u00e1ban \u00e9l\u0151 magyar pszichi\u00e1ter reg\u00e9nye (2009) inspir\u00e1lta, amely egy hat\u00e1rmenti, vegyes lakoss\u00e1g\u00fa szlov\u00e1k kisv\u00e1ros k\u00f6z\u00f6ss\u00e9g\u00e9n kereszt\u00fcl mutatja be a r\u00e9gi\u00f3 huszadik sz\u00e1zadi t\u00f6rt\u00e9nelm\u00e9t. A kifejez\u00e9s utal egyr\u00e9szt a hat\u00e1rok kiemelt jelent\u0151s\u00e9g\u00e9re a r\u00e9gi\u00f3ban, m\u00e1sr\u00e9szt arra a k\u00f6ztes helyzetre, amelyet a Nyugat \u00e9s Kelet k\u00f6z\u00f6ttis\u00e9g teremt, az \u201eink\u00e1bb itt-kev\u00e9sb\u00e9 ott\u201d folyamatosan v\u00e1ltoz\u00f3 szempontjaira, az \u00e1lland\u00f3 viszonylagoss\u00e1gra.<\/p>\n<p>A <em>Hat\u00e1reset 2.0<\/em> a debreceni MODEM id\u00e9n ez \u00e9v janu\u00e1rj\u00e1ban megny\u00edlt ki\u00e1ll\u00edt\u00e1s\u00e1nak \u00fajragondol\u00e1sa. Az els\u0151 Hat\u00e1reseten \u00f6t orsz\u00e1g (Csehorsz\u00e1g, Magyarorsz\u00e1g, Lengyelorsz\u00e1g, Szlov\u00e1kia, Rom\u00e1nia) tizenn\u00e9gy fiatal m\u0171v\u00e9sz\u00e9nek alkot\u00e1sai voltak l\u00e1that\u00f3ak, amelyek t\u00f6bbs\u00e9ge kifejezetten arra a t\u00e1rlatra k\u00e9sz\u00fclt. M\u00edg a debreceni t\u00e1rlaton nagy hangs\u00faly ker\u00fclt az 1848 \u00e9s 2021 k\u00f6z\u00f6tti id\u0151szak t\u00f6rt\u00e9neti kontextusainak \u2013 nyelv, hat\u00e1r \u00e9s region\u00e1lis \u00f6nmeghat\u00e1roz\u00e1s fogalmain kereszt\u00fcli \u2013 felv\u00e1zol\u00e1s\u00e1ra, addig a mostani, a Budapest Gal\u00e9ri\u00e1ban megrendez\u00e9sre ker\u00fcl\u0151 ki\u00e1ll\u00edt\u00e1s a r\u00e9gi\u00f3n bel\u00fcli marginaliz\u00e1lt csoportok helyzet\u00e9nek beemel\u00e9s\u00e9vel eg\u00e9sz\u00fclt ki. Az Ukrajn\u00e1ban zajl\u00f3 h\u00e1bor\u00fa \u00fajra megker\u00fclhetetlenn\u00e9 tette a hat\u00e1rok \u00e9s a r\u00e9gi\u00f3s szolidarit\u00e1s k\u00e9rd\u00e9s\u00e9t, t\u00f6bb szempontb\u00f3l \u00fajrarajzolva Kelet-K\u00f6z\u00e9p-Eur\u00f3pa ment\u00e1lis t\u00e9rk\u00e9p\u00e9t. Mindezekb\u0151l k\u00f6vetkez\u0151en fontos volt, hogy a megl\u00e9v\u0151 alkot\u00e1sok mellett olyan, a t\u00e1gabb \u00e9rtelemben vett kelet-k\u00f6z\u00e9p-eur\u00f3pai r\u00e9gi\u00f3b\u00f3l sz\u00e1rmaz\u00f3 m\u0171vek is bemutat\u00e1sra ker\u00fcljenek, amelyek a nyugat-kelet dichot\u00f3mia kiz\u00e1r\u00f3lagoss\u00e1g\u00e1nak csapd\u00e1ja helyett reflekt\u00e1lnak a r\u00e9gi\u00f3n bel\u00fcli t\u00e1rsadalmi probl\u00e9m\u00e1kra, a kitekint\u00e9s helyett a befel\u00e9 fordul\u00e1sra is.<br \/>\n[\/vc_column_text][vc_empty_space height=&#8221;45px&#8221;][vc_separator type=&#8221;normal&#8221; color=&#8221;#c6c6c6&#8243; up=&#8221;10&#8243; down=&#8221;20&#8243;][vc_empty_space height=&#8221;20px&#8221;][vc_column_text]<strong>Egy\u00fcttm\u0171k\u00f6d\u0151 partner:<\/strong>[\/vc_column_text][vc_empty_space height=&#8221;20px&#8221;][vc_single_image image=&#8221;18398&#8243; img_size=&#8221;200&#215;100&#8243; onclick=&#8221;custom_link&#8221; img_link_target=&#8221;_blank&#8221; qode_css_animation=&#8221;&#8221; link=&#8221;https:\/\/www.modemart.hu\/&#8221;][vc_empty_space height=&#8221;45px&#8221;][vc_single_image image=&#8221;19014&#8243; img_size=&#8221;full&#8221; qode_css_animation=&#8221;&#8221;][vc_empty_space][vc_single_image image=&#8221;19016&#8243; img_size=&#8221;full&#8221; qode_css_animation=&#8221;&#8221;][vc_empty_space][vc_single_image image=&#8221;19018&#8243; img_size=&#8221;full&#8221; qode_css_animation=&#8221;&#8221;][vc_empty_space][vc_single_image image=&#8221;19020&#8243; img_size=&#8221;full&#8221; qode_css_animation=&#8221;&#8221;][vc_empty_space][vc_single_image image=&#8221;19022&#8243; img_size=&#8221;full&#8221; qode_css_animation=&#8221;&#8221;][vc_empty_space][vc_single_image image=&#8221;19024&#8243; img_size=&#8221;full&#8221; qode_css_animation=&#8221;&#8221;][vc_empty_space][vc_single_image image=&#8221;19026&#8243; img_size=&#8221;full&#8221; qode_css_animation=&#8221;&#8221;][vc_empty_space][vc_single_image image=&#8221;19028&#8243; img_size=&#8221;full&#8221; qode_css_animation=&#8221;&#8221;][vc_empty_space][vc_single_image image=&#8221;19030&#8243; img_size=&#8221;full&#8221; qode_css_animation=&#8221;&#8221;][vc_empty_space][vc_single_image image=&#8221;19032&#8243; img_size=&#8221;full&#8221; qode_css_animation=&#8221;&#8221;][vc_empty_space][vc_single_image image=&#8221;19034&#8243; img_size=&#8221;full&#8221; qode_css_animation=&#8221;&#8221;][vc_empty_space][vc_single_image image=&#8221;19036&#8243; img_size=&#8221;full&#8221; qode_css_animation=&#8221;&#8221;][vc_empty_space][vc_single_image image=&#8221;19038&#8243; img_size=&#8221;full&#8221; qode_css_animation=&#8221;&#8221;][vc_empty_space][vc_column_text]<\/p>\n<p class=\"kepalairas_cim_jobb\">Fot\u00f3k: Juh\u00e1sz G. Tam\u00e1s<\/p>\n<p>[\/vc_column_text][\/vc_column][\/vc_row][vc_row css_animation=&#8221;&#8221; row_type=&#8221;row&#8221; use_row_as_full_screen_section=&#8221;no&#8221; type=&#8221;grid&#8221; angled_section=&#8221;no&#8221; text_align=&#8221;left&#8221; background_image_as_pattern=&#8221;without_pattern&#8221; template=&#8221;ism_template_1&#8243; ism_overlock=&#8221;default&#8221; sm_d_text=&#8221;<\/p>\n<h2>This content is locked<\/h2>\n<p>Share This Page To Unlock The Content!&#8221;][vc_column][vc_empty_space height=&#8221;45px&#8221;][\/vc_column][\/vc_row]<\/p>\n<\/div>","protected":false},"excerpt":{"rendered":"<p>[vc_row css_animation=&#8221;&#8221; row_type=&#8221;row&#8221; use_row_as_full_screen_section=&#8221;no&#8221; type=&#8221;grid&#8221; angled_section=&#8221;no&#8221; text_align=&#8221;left&#8221; background_image_as_pattern=&#8221;without_pattern&#8221; template=&#8221;ism_template_1&#8243; ism_overlock=&#8221;default&#8221; sm_d_text=&#8221; This content is locked&#8230;<\/p>\n","protected":false},"author":11,"featured_media":0,"parent":17687,"menu_order":0,"comment_status":"closed","ping_status":"closed","template":"full_width.php","meta":{"inline_featured_image":false,"loftloader_pro_show_once":"","loftloader_pro_page_shortcode":"","footnotes":""},"class_list":["post-18340","page","type-page","status-publish","hentry"],"_links":{"self":[{"href":"https:\/\/budapestgaleria.hu\/_\/wp-json\/wp\/v2\/pages\/18340","targetHints":{"allow":["GET"]}}],"collection":[{"href":"https:\/\/budapestgaleria.hu\/_\/wp-json\/wp\/v2\/pages"}],"about":[{"href":"https:\/\/budapestgaleria.hu\/_\/wp-json\/wp\/v2\/types\/page"}],"author":[{"embeddable":true,"href":"https:\/\/budapestgaleria.hu\/_\/wp-json\/wp\/v2\/users\/11"}],"replies":[{"embeddable":true,"href":"https:\/\/budapestgaleria.hu\/_\/wp-json\/wp\/v2\/comments?post=18340"}],"version-history":[{"count":0,"href":"https:\/\/budapestgaleria.hu\/_\/wp-json\/wp\/v2\/pages\/18340\/revisions"}],"up":[{"embeddable":true,"href":"https:\/\/budapestgaleria.hu\/_\/wp-json\/wp\/v2\/pages\/17687"}],"wp:attachment":[{"href":"https:\/\/budapestgaleria.hu\/_\/wp-json\/wp\/v2\/media?parent=18340"}],"curies":[{"name":"wp","href":"https:\/\/api.w.org\/{rel}","templated":true}]}}