{"id":18609,"date":"2022-11-25T12:31:55","date_gmt":"2022-11-25T11:31:55","guid":{"rendered":"https:\/\/budapestgaleria.hu\/_\/?page_id=18609"},"modified":"2023-12-21T13:42:48","modified_gmt":"2023-12-21T12:42:48","slug":"testunk-melege","status":"publish","type":"page","link":"https:\/\/budapestgaleria.hu\/_\/2022-kiallitasok\/testunk-melege\/","title":{"rendered":"Test\u00fcnk melege"},"content":{"rendered":"<div class=\"wpb-content-wrapper\"><p>[vc_row css_animation=&#8221;&#8221; row_type=&#8221;row&#8221; use_row_as_full_screen_section=&#8221;no&#8221; type=&#8221;grid&#8221; angled_section=&#8221;no&#8221; text_align=&#8221;left&#8221; background_image_as_pattern=&#8221;without_pattern&#8221; template=&#8221;ism_template_1&#8243; ism_overlock=&#8221;default&#8221; sm_d_text=&#8221;<\/p>\n<h2>This content is locked<\/h2>\n<p>Share This Page To Unlock The Content!&#8221;][vc_column][vc_single_image image=&#8221;18610&#8243; img_size=&#8221;full&#8221; qode_css_animation=&#8221;&#8221;][\/vc_column][\/vc_row][vc_row css_animation=&#8221;&#8221; row_type=&#8221;row&#8221; use_row_as_full_screen_section=&#8221;no&#8221; type=&#8221;grid&#8221; angled_section=&#8221;no&#8221; text_align=&#8221;left&#8221; background_image_as_pattern=&#8221;without_pattern&#8221;][vc_column][vc_empty_space height=&#8221;45px&#8221;][vc_column_text]<\/p>\n<h1 class=\"cim_1\"><em>Test\u00fcnk melege<\/em><\/h1>\n<h1 class=\"alcim\">M\u00e1t\u00e9 D\u00e1niel ki\u00e1ll\u00edt\u00e1sa<\/h1>\n<p>[\/vc_column_text][vc_empty_space height=&#8221;45px&#8221;][\/vc_column][\/vc_row][vc_row css_animation=&#8221;&#8221; row_type=&#8221;row&#8221; use_row_as_full_screen_section=&#8221;no&#8221; type=&#8221;grid&#8221; angled_section=&#8221;no&#8221; text_align=&#8221;left&#8221; background_image_as_pattern=&#8221;without_pattern&#8221; bgparallax=&#8221;parallax&#8221; contentwidth=&#8221;container&#8221; toppadding=&#8221;40&#8243; bottompadding=&#8221;10&#8243; border=&#8221;on&#8221; css=&#8221;.vc_custom_1420648296958{background-color: #ffffff !important;}&#8221;][vc_column width=&#8221;1\/3&#8243; css=&#8221;.vc_custom_1427029754112{padding-right: 25px !important;}&#8221; el_class=&#8221;full-1&#8243;][vc_column_text]<\/p>\n<p class=\"hely_bpgal\">Budapest Gal\u00e9ria<\/p>\n<p class=\"cim_bpgal\">1036 Budapest, Lajos utca 158. (emelet)<\/p>\n<p class=\"datum_bpgal\">2022. december 9. \u2013 2023. febru\u00e1r 12.<\/p>\n<p>[\/vc_column_text][vc_column_text]<\/p>\n<p class=\"kiemeles_bpgal\">A ki\u00e1ll\u00edt\u00e1s kur\u00e1tora:<\/p>\n<p class=\"verzal_bpgal\">Koll\u00e1r Dalma Eszter<\/p>\n<p>[\/vc_column_text][vc_column_text]<\/p>\n<p class=\"kiemeles_bpgal\">Grafika:<\/p>\n<p class=\"verzal_bpgal\">Kazsik Marcell<\/p>\n<p>[\/vc_column_text][vc_column_text]<\/p>\n<p class=\"kiemeles_bpgal\">Megnyit\u00f3:<\/p>\n<p class=\"datum_bpgal_2\">2022. december 8., (cs\u00fct\u00f6rt\u00f6k) 18:00<\/p>\n<p>[\/vc_column_text][vc_empty_space][\/vc_column][vc_column width=&#8221;2\/3&#8243; el_class=&#8221;full-2&#8243;][vc_column_text]M\u00e1t\u00e9 D\u00e1niel ki\u00e1ll\u00edt\u00e1sa a kal\u00f3ria fogalm\u00e1b\u00f3l indul ki. Magyarorsz\u00e1gon k\u00f6r\u00fclbel\u00fcl az 1980-as \u00e9vekig a kal\u00f3ri\u00e1t nem csup\u00e1n a ma ismert c\u00e9lra, az \u00e9lelmiszerek energiatartalm\u00e1nak m\u00e9r\u00e9s\u00e9re haszn\u00e1lt\u00e1k, de kal\u00f3ri\u00e1ban m\u00e9rt\u00e9k a h\u0151t, pontosabban a f\u0171t\u00e9shez felhaszn\u00e1lt energia mennyis\u00e9g\u00e9t is. Ez a m\u00e9rt\u00e9kegys\u00e9g, amely b\u00e1r sz\u00e1mos tudom\u00e1nyos vit\u00e1t sz\u00fclt 1824-es bevezet\u00e9se \u00f3ta, \u00e9ppen alkalmas r\u00e1, hogy kijel\u00f6lje M\u00e1t\u00e9 D\u00e1niel munk\u00e1inak f\u00f3kuszpontjait: az otthont \u00e9s a testet.<\/p>\n<p>Az ember \u00e1lland\u00f3 testh\u0151m\u00e9rs\u00e9klet\u00e9hez egyr\u00e9szt sz\u00fcks\u00e9g van megfelel\u0151 k\u00fcls\u0151 h\u0151m\u00e9rs\u00e9kletre, m\u00e1sr\u00e9szt pedig t\u00e1pl\u00e1l\u00e9kbevitelre, amely biztos\u00edtja a h\u0151h\u00e1ztart\u00e1sunk norm\u00e1lis m\u0171k\u00f6d\u00e9s\u00e9hez sz\u00fcks\u00e9ges energi\u00e1t is. \u00c9s b\u00e1r j\u00f3l\u00e9ti t\u00e1rsadalmakban mindk\u00e9t felt\u00e9telt alapvet\u0151nek \u00e9s b\u00e1rmikor el\u00e9rhet\u0151nek tekintj\u00fck, nem \u00e1rt szem el\u0151tt tartani, hogy nem csak gazdas\u00e1gi, politikai \u00e9s t\u00e1rsadalmi, de a t\u00e1pl\u00e1lkoz\u00e1s eset\u00e9ben ak\u00e1r fiziol\u00f3giai \u00e9s pszich\u00e9s akad\u00e1lyai is lehetnek a testh\u0151nk szempontj\u00e1b\u00f3l ide\u00e1lis k\u00f6r\u00fclm\u00e9nyek megteremt\u00e9s\u00e9nek.<\/p>\n<p>A kifejezetten a ki\u00e1ll\u00edt\u00e1sra k\u00e9sz\u00fclt fot\u00f3alap\u00fa \u00e9s installat\u00edv m\u0171vek az otthonaink f\u0171t\u00e9s\u00e9t \u00e9s az \u00e9lelmiszerhez val\u00f3 viszonyunkat k\u00e9t id\u0151s\u00edkon t\u00e1rgyalj\u00e1k. Az 1960-as \u00e9s \u201870-es \u00e9vek (t\u00e1rgy)kult\u00far\u00e1j\u00e1t id\u00e9zi meg t\u00f6bb ki\u00e1ll\u00edtott munka is, ugyanis ekkor kezdett elterjedni Magyarorsz\u00e1gon a t\u00e1vf\u0171t\u00e9s, nem sokkal k\u00e9s\u0151bb pedig egyre t\u00f6bb h\u00e1ztart\u00e1sban ker\u00fclt bevezet\u00e9sre a f\u00f6ldg\u00e1z. Ugyanez az id\u0151szak hozott jelent\u0151s fellend\u00fcl\u00e9st haz\u00e1nkban a h\u0171t\u0151iparban, \u00edgy az \u00e9lelmiszeriparban is, gondoljunk csak a mirelit vagy k\u00e9sz\u00e9telekre. A m\u0171v\u00e9sz szem\u00e9lyes hangv\u00e9tel\u0171, saj\u00e1t \u00e9tkez\u00e9si zavar\u00e1t is feldolgoz\u00f3 alkot\u00e1sai, valamint az energiav\u00e1ls\u00e1gra reflekt\u00e1l\u00f3 m\u0171egy\u00fcttese a jelenbe helyezik vissza a t\u00e1rlatot.<\/p>\n<p>M\u00e1t\u00e9 D\u00e1niel a Balkon Kort\u00e1rs M\u0171v\u00e9szeti Foly\u00f3irat, a BTM &#8211; Budapest Gal\u00e9ria \u00e9s a Fiatal K\u00e9pz\u0151m\u0171v\u00e9szek St\u00fadi\u00f3ja Egyes\u00fclet Inside Express d\u00edj\u00e1nak 2021-es nyertese.[\/vc_column_text][vc_empty_space height=&#8221;45&#8243;][vc_single_image image=&#8221;18959&#8243; img_size=&#8221;full&#8221; qode_css_animation=&#8221;&#8221;][vc_empty_space height=&#8221;32&#8243;][vc_single_image image=&#8221;18961&#8243; img_size=&#8221;full&#8221; qode_css_animation=&#8221;&#8221;][vc_empty_space height=&#8221;32&#8243;][vc_single_image image=&#8221;18963&#8243; img_size=&#8221;full&#8221; qode_css_animation=&#8221;&#8221;][vc_empty_space height=&#8221;32&#8243;][vc_single_image image=&#8221;18965&#8243; img_size=&#8221;full&#8221; qode_css_animation=&#8221;&#8221;][vc_empty_space height=&#8221;32&#8243;][vc_single_image image=&#8221;18967&#8243; img_size=&#8221;full&#8221; qode_css_animation=&#8221;&#8221;][vc_empty_space height=&#8221;32&#8243;][vc_single_image image=&#8221;18969&#8243; img_size=&#8221;full&#8221; qode_css_animation=&#8221;&#8221;][vc_empty_space height=&#8221;32&#8243;][vc_single_image image=&#8221;18971&#8243; img_size=&#8221;full&#8221; qode_css_animation=&#8221;&#8221;][vc_empty_space height=&#8221;32&#8243;][vc_single_image image=&#8221;18973&#8243; img_size=&#8221;full&#8221; qode_css_animation=&#8221;&#8221;][vc_empty_space height=&#8221;32&#8243;][vc_single_image image=&#8221;18975&#8243; img_size=&#8221;full&#8221; qode_css_animation=&#8221;&#8221;][vc_empty_space height=&#8221;32&#8243;][vc_single_image image=&#8221;18977&#8243; img_size=&#8221;full&#8221; qode_css_animation=&#8221;&#8221;][vc_empty_space height=&#8221;32&#8243;][vc_column_text]<\/p>\n<p class=\"kepalairas_cim_jobb\">Fot\u00f3k: Juh\u00e1sz G. Tam\u00e1s<\/p>\n<p>[\/vc_column_text][\/vc_column][\/vc_row][vc_row css_animation=&#8221;&#8221; row_type=&#8221;row&#8221; use_row_as_full_screen_section=&#8221;no&#8221; type=&#8221;grid&#8221; angled_section=&#8221;no&#8221; text_align=&#8221;left&#8221; background_image_as_pattern=&#8221;without_pattern&#8221; template=&#8221;ism_template_1&#8243; ism_overlock=&#8221;default&#8221; sm_d_text=&#8221;<\/p>\n<h2>This content is locked<\/h2>\n<p>Share This Page To Unlock The Content!&#8221;][vc_column][vc_empty_space height=&#8221;45px&#8221;][\/vc_column][\/vc_row]<\/p>\n<\/div>","protected":false},"excerpt":{"rendered":"<p>[vc_row css_animation=&#8221;&#8221; row_type=&#8221;row&#8221; use_row_as_full_screen_section=&#8221;no&#8221; type=&#8221;grid&#8221; angled_section=&#8221;no&#8221; text_align=&#8221;left&#8221; background_image_as_pattern=&#8221;without_pattern&#8221; template=&#8221;ism_template_1&#8243; ism_overlock=&#8221;default&#8221; sm_d_text=&#8221; This content is locked&#8230;<\/p>\n","protected":false},"author":11,"featured_media":0,"parent":17687,"menu_order":0,"comment_status":"closed","ping_status":"closed","template":"full_width.php","meta":{"inline_featured_image":false,"loftloader_pro_show_once":"","loftloader_pro_page_shortcode":"","footnotes":""},"class_list":["post-18609","page","type-page","status-publish","hentry"],"_links":{"self":[{"href":"https:\/\/budapestgaleria.hu\/_\/wp-json\/wp\/v2\/pages\/18609","targetHints":{"allow":["GET"]}}],"collection":[{"href":"https:\/\/budapestgaleria.hu\/_\/wp-json\/wp\/v2\/pages"}],"about":[{"href":"https:\/\/budapestgaleria.hu\/_\/wp-json\/wp\/v2\/types\/page"}],"author":[{"embeddable":true,"href":"https:\/\/budapestgaleria.hu\/_\/wp-json\/wp\/v2\/users\/11"}],"replies":[{"embeddable":true,"href":"https:\/\/budapestgaleria.hu\/_\/wp-json\/wp\/v2\/comments?post=18609"}],"version-history":[{"count":0,"href":"https:\/\/budapestgaleria.hu\/_\/wp-json\/wp\/v2\/pages\/18609\/revisions"}],"up":[{"embeddable":true,"href":"https:\/\/budapestgaleria.hu\/_\/wp-json\/wp\/v2\/pages\/17687"}],"wp:attachment":[{"href":"https:\/\/budapestgaleria.hu\/_\/wp-json\/wp\/v2\/media?parent=18609"}],"curies":[{"name":"wp","href":"https:\/\/api.w.org\/{rel}","templated":true}]}}