{"id":18620,"date":"2022-11-28T11:22:13","date_gmt":"2022-11-28T10:22:13","guid":{"rendered":"https:\/\/budapestgaleria.hu\/_\/?page_id=18620"},"modified":"2023-12-21T13:42:54","modified_gmt":"2023-12-21T12:42:54","slug":"lappango-elem","status":"publish","type":"page","link":"https:\/\/budapestgaleria.hu\/_\/2022-kiallitasok\/lappango-elem\/","title":{"rendered":"Lappang\u00f3 elem"},"content":{"rendered":"<div class=\"wpb-content-wrapper\"><p>[vc_row css_animation=&#8221;&#8221; row_type=&#8221;row&#8221; use_row_as_full_screen_section=&#8221;no&#8221; type=&#8221;grid&#8221; angled_section=&#8221;no&#8221; text_align=&#8221;left&#8221; background_image_as_pattern=&#8221;without_pattern&#8221; template=&#8221;ism_template_1&#8243; ism_overlock=&#8221;default&#8221; sm_d_text=&#8221;<\/p>\n<h2>This content is locked<\/h2>\n<p>Share This Page To Unlock The Content!&#8221;][vc_column][vc_single_image image=&#8221;18634&#8243; img_size=&#8221;full&#8221; qode_css_animation=&#8221;&#8221;][\/vc_column][\/vc_row][vc_row css_animation=&#8221;&#8221; row_type=&#8221;row&#8221; use_row_as_full_screen_section=&#8221;no&#8221; type=&#8221;grid&#8221; angled_section=&#8221;no&#8221; text_align=&#8221;left&#8221; background_image_as_pattern=&#8221;without_pattern&#8221;][vc_column][vc_empty_space height=&#8221;45px&#8221;][vc_column_text]<\/p>\n<h1 class=\"cim_1\"><em>Lappang\u00f3 elem<\/em><\/h1>\n<h1 class=\"alcim\">Sz\u00edj Kamilla ki\u00e1ll\u00edt\u00e1sa<\/h1>\n<p>[\/vc_column_text][vc_empty_space height=&#8221;45px&#8221;][\/vc_column][\/vc_row][vc_row css_animation=&#8221;&#8221; row_type=&#8221;row&#8221; use_row_as_full_screen_section=&#8221;no&#8221; type=&#8221;grid&#8221; angled_section=&#8221;no&#8221; text_align=&#8221;left&#8221; background_image_as_pattern=&#8221;without_pattern&#8221; bgparallax=&#8221;parallax&#8221; contentwidth=&#8221;container&#8221; toppadding=&#8221;40&#8243; bottompadding=&#8221;10&#8243; border=&#8221;on&#8221; css=&#8221;.vc_custom_1420648296958{background-color: #ffffff !important;}&#8221;][vc_column width=&#8221;1\/3&#8243; css=&#8221;.vc_custom_1427029754112{padding-right: 25px !important;}&#8221; el_class=&#8221;full-1&#8243;][vc_column_text]<\/p>\n<p class=\"hely_bpgal\">Budapest Gal\u00e9ria<\/p>\n<p class=\"cim_bpgal\">1036 Budapest, Lajos utca 158. (f\u00f6ldszint)<\/p>\n<p class=\"datum_bpgal\">2022. december 9. \u2013 2023. febru\u00e1r 12.<\/p>\n<p>[\/vc_column_text][vc_column_text]<\/p>\n<p class=\"kiemeles_bpgal\">A ki\u00e1ll\u00edt\u00e1s kur\u00e1tora:<\/p>\n<p class=\"verzal_bpgal\">Er\u0151ss Nikolett<\/p>\n<p>[\/vc_column_text][vc_column_text]<\/p>\n<p class=\"kiemeles_bpgal\">Megnyit\u00f3:<\/p>\n<p class=\"datum_bpgal_2\">2022. december 8., (cs\u00fct\u00f6rt\u00f6k) 18:00<\/p>\n<p class=\"kiemeles_bpgal\">Megnyitja:<\/p>\n<p class=\"verzal_bpgal\">V\u00e1rnagy Tibor<\/p>\n<p>[\/vc_column_text][vc_column_text]<\/p>\n<p class=\"kiemeles_bpgal\">Konzulens:<\/p>\n<p class=\"verzal_bpgal\">Tasn\u00e1di J\u00f3zsef<\/p>\n<p class=\"kiemeles_bpgal\">F\u00e9nytechnika:<\/p>\n<p class=\"verzal_bpgal\">T\u00f3ta Andr\u00e1s<\/p>\n<p class=\"kiemeles_bpgal\">Grafika:<\/p>\n<p class=\"verzal_bpgal\">P\u00e1lhegyi Fl\u00f3ra<\/p>\n<p>[\/vc_column_text][vc_empty_space][\/vc_column][vc_column width=&#8221;2\/3&#8243; el_class=&#8221;full-2&#8243;][vc_column_text]A ki\u00e1ll\u00edt\u00e1s egy vonalb\u00f3l \u00e1ll, mondhatn\u00e1nk t\u00falz\u00f3n, de nem igaztalanul. Ez a vonal \u00e1th\u00faz\u00f3dik a t\u00e9ren, az egym\u00e1st k\u00f6vet\u0151 termekben hossz\u00fa ideig nem t\u00f6rt\u00e9nik semmi, ami el\u00e9g ahhoz, hogy gyan\u00fat keltsen: valamit elmulasztottunk.<br \/>\nA vonal l\u00e1that\u00f3, a realit\u00e1s azonban teret enged a l\u00e1thatatlannak, ami a val\u00f3s\u00e1g. Ahhoz, hogy ez megt\u00f6rt\u00e9nhessen, figyelemre, lelassul\u00e1sra, id\u0151re van sz\u00fcks\u00e9g. A vonal v\u00e9g\u00fcl, a v\u00e1rakoztat\u00e1s ut\u00e1n az utols\u00f3 teremben elszabadul, megsokszoroz\u00f3dik \u00e9s rajzokk\u00e1 alakul.<br \/>\nSz\u00edj Kamilla rajzol\u00f3, munkaeszk\u00f6ze a vonal. Munk\u00e1iban egy meghat\u00e1rozott gondolati rendet k\u00f6vetve vonalakat k\u00e9pez, struktur\u00e1l, szab\u00e1lyokat hoz l\u00e9tre \u00e9s k\u00f6veti a szab\u00e1ly nyom\u00e1n sz\u00fclet\u0151, alakul\u00f3 form\u00e1kat, maga is a rajzol\u00e1s folyamata k\u00f6zben \u00e9rtelmezve az alakul\u00f3 rendet.<br \/>\nA t\u00e9ren \u00e1tfut\u00f3 vonal radik\u00e1lis redukci\u00f3, amellyel figyelm\u00fcnket egyetlen jelens\u00e9gre ir\u00e1ny\u00edtja, a l\u00e1tv\u00e1ny m\u00f6g\u00fcl kit\u0171n\u0151 l\u00e1thatatlanra. Ez ugyanis, paradox m\u00f3don, ott vibr\u00e1l a szem\u00fcnk el\u0151tt. A statikusnak tetsz\u0151 vonal val\u00f3j\u00e1ban mozog. Val\u00f3sz\u00edn\u0171leg m\u00e1skor is \u00edgy tesz, tudhatjuk ezt H\u00e9rakleitoszt\u00f3l vagy a kvantumfizik\u00e1b\u00f3l, ez a mozg\u00e1s azonban csak nagyon speci\u00e1lis k\u00f6r\u00fclm\u00e9nyek k\u00f6z\u00f6tt l\u00e1that\u00f3 \u2013 mint amilyen p\u00e9ld\u00e1ul egy ki\u00e1ll\u00edt\u00e1s.<br \/>\nA vonal \u00e9s az \u00e1rny\u00e9ka k\u00f6z\u00f6tt van az ismeretlen. A felt\u00e9telez\u00e9sek tere, amelyet tudom\u00e1nyos k\u00e9pzetek, vil\u00e1gmagyar\u00e1zatok, meg\u00e9rz\u00e9sek, v\u00edzi\u00f3k \u2013 \u00e9s m\u00e9g sok minden m\u00e1s \u2013 t\u00f6lt ki. A m\u0171v\u00e9szet otthonos itt. A korai modernizmus egyik legismertebb k\u00e9pz\u0151m\u0171v\u00e9sze \u00e9s elm\u00e9letalkot\u00f3ja, Kazim\u00edr Malevics a m\u0171v\u00e9szetben sz\u00fcks\u00e9gszer\u0171en megt\u00f6rt\u00e9n\u0151 v\u00e1ltoz\u00e1sok gener\u00e1l\u00f3j\u00e1t sz\u00e1z \u00e9vvel ezel\u0151tt \u201elappang\u00f3 elemnek\u201d h\u00edvta, amely felforgatja az \u00e9rv\u00e9nyes szab\u00e1lyokat, majd az \u00faj rendben meghat\u00e1roz\u00f3v\u00e1 v\u00e1lik. A gyorsul\u00f3 id\u0151ben \u00e1lland\u00f3s\u00e1got k\u00e9pz\u0151, sokak \u00e1ltal sokf\u00e9lek\u00e9ppen le\u00edrt mozgat\u00f3 l\u00e9nyeg\u00e9n\u00e9l fogva nehezen megragadhat\u00f3, ink\u00e1bb \u00e9rezhet\u0151, mint tudhat\u00f3. A lappang\u00f3 elemek egym\u00e1st v\u00e1ltj\u00e1k, az ellen\u00e1ll\u00e1sb\u00f3l norma lesz, majd ism\u00e9t befurakodik valami \u00faj, \u00edgy marad mozg\u00e1sban minden. Ezt a folyamatot vizsg\u00e1lja Sz\u00edj Kamilla \u00e9rz\u00e9keny figyelemmel \u0336 az ellen\u00e1ll\u00e1s \u00e9s a strukt\u00far\u00e1kba rendez\u0151d\u00e9s dinamik\u00e1j\u00e1t, a l\u00e1thatatlanul jelen lev\u0151 kibont\u00e1s\u00e1t: a lappang\u00f3 elem m\u0171k\u00f6d\u00e9s\u00e9t.<\/p>\n<p>A \u201elappang\u00f3\u201d elem interpretat\u00edv ford\u00edt\u00e1s, a Malevics \u201eT\u00e1rgy n\u00e9lk\u00fcli vil\u00e1g\u201d c\u00edm\u0171 m\u0171v\u00e9t (Corvina 1986) ford\u00edt\u00f3 Forg\u00e1cs \u00c9va sz\u00e9p szava. A ford\u00edt\u00e1s alapj\u00e1ul szolg\u00e1l\u00f3, az orosz eredetit k\u00f6vet\u0151 n\u00e9met kiad\u00e1sban (Florian Klupferberg Verlag, Mainz, 1980) &#8211; ahogy az angol kiad\u00e1sokban is &#8211; az \u201caddicion\u00e1lis\u201d sz\u00f3 szerepel.<br \/>\n[\/vc_column_text][vc_empty_space height=&#8221;45px&#8221;][vc_single_image image=&#8221;18983&#8243; img_size=&#8221;full&#8221; qode_css_animation=&#8221;&#8221;][vc_empty_space][vc_single_image image=&#8221;18985&#8243; img_size=&#8221;full&#8221; qode_css_animation=&#8221;&#8221;][vc_empty_space][vc_single_image image=&#8221;18987&#8243; img_size=&#8221;full&#8221; qode_css_animation=&#8221;&#8221;][vc_empty_space][vc_single_image image=&#8221;18989&#8243; img_size=&#8221;full&#8221; qode_css_animation=&#8221;&#8221;][vc_empty_space][vc_single_image image=&#8221;18991&#8243; img_size=&#8221;full&#8221; qode_css_animation=&#8221;&#8221;][vc_empty_space][vc_single_image image=&#8221;18993&#8243; img_size=&#8221;full&#8221; qode_css_animation=&#8221;&#8221;][vc_empty_space][vc_single_image image=&#8221;18995&#8243; img_size=&#8221;full&#8221; qode_css_animation=&#8221;&#8221;][vc_empty_space][vc_column_text]<\/p>\n<p class=\"kepalairas_cim_jobb\">Fot\u00f3k: Juh\u00e1sz G. Tam\u00e1s<\/p>\n<p>[\/vc_column_text][\/vc_column][\/vc_row][vc_row css_animation=&#8221;&#8221; row_type=&#8221;row&#8221; use_row_as_full_screen_section=&#8221;no&#8221; type=&#8221;grid&#8221; angled_section=&#8221;no&#8221; text_align=&#8221;left&#8221; background_image_as_pattern=&#8221;without_pattern&#8221; template=&#8221;ism_template_1&#8243; ism_overlock=&#8221;default&#8221; sm_d_text=&#8221;<\/p>\n<h2>This content is locked<\/h2>\n<p>Share This Page To Unlock The Content!&#8221;][vc_column][vc_empty_space height=&#8221;45px&#8221;][\/vc_column][\/vc_row]<\/p>\n<\/div>","protected":false},"excerpt":{"rendered":"<p>[vc_row css_animation=&#8221;&#8221; row_type=&#8221;row&#8221; use_row_as_full_screen_section=&#8221;no&#8221; type=&#8221;grid&#8221; angled_section=&#8221;no&#8221; text_align=&#8221;left&#8221; background_image_as_pattern=&#8221;without_pattern&#8221; template=&#8221;ism_template_1&#8243; ism_overlock=&#8221;default&#8221; sm_d_text=&#8221; This content is locked&#8230;<\/p>\n","protected":false},"author":11,"featured_media":0,"parent":17687,"menu_order":0,"comment_status":"closed","ping_status":"closed","template":"full_width.php","meta":{"inline_featured_image":false,"loftloader_pro_show_once":"","loftloader_pro_page_shortcode":"","footnotes":""},"class_list":["post-18620","page","type-page","status-publish","hentry"],"_links":{"self":[{"href":"https:\/\/budapestgaleria.hu\/_\/wp-json\/wp\/v2\/pages\/18620","targetHints":{"allow":["GET"]}}],"collection":[{"href":"https:\/\/budapestgaleria.hu\/_\/wp-json\/wp\/v2\/pages"}],"about":[{"href":"https:\/\/budapestgaleria.hu\/_\/wp-json\/wp\/v2\/types\/page"}],"author":[{"embeddable":true,"href":"https:\/\/budapestgaleria.hu\/_\/wp-json\/wp\/v2\/users\/11"}],"replies":[{"embeddable":true,"href":"https:\/\/budapestgaleria.hu\/_\/wp-json\/wp\/v2\/comments?post=18620"}],"version-history":[{"count":0,"href":"https:\/\/budapestgaleria.hu\/_\/wp-json\/wp\/v2\/pages\/18620\/revisions"}],"up":[{"embeddable":true,"href":"https:\/\/budapestgaleria.hu\/_\/wp-json\/wp\/v2\/pages\/17687"}],"wp:attachment":[{"href":"https:\/\/budapestgaleria.hu\/_\/wp-json\/wp\/v2\/media?parent=18620"}],"curies":[{"name":"wp","href":"https:\/\/api.w.org\/{rel}","templated":true}]}}