{"id":18891,"date":"2023-02-09T13:51:20","date_gmt":"2023-02-09T12:51:20","guid":{"rendered":"https:\/\/budapestgaleria.hu\/_\/?page_id=18891"},"modified":"2023-12-21T13:40:09","modified_gmt":"2023-12-21T12:40:09","slug":"aszterion","status":"publish","type":"page","link":"https:\/\/budapestgaleria.hu\/_\/2023-kiallitasok\/aszterion\/","title":{"rendered":"Aszteri\u00f3n"},"content":{"rendered":"<div class=\"wpb-content-wrapper\"><p>[vc_row css_animation=&#8221;&#8221; row_type=&#8221;row&#8221; use_row_as_full_screen_section=&#8221;no&#8221; type=&#8221;grid&#8221; angled_section=&#8221;no&#8221; text_align=&#8221;left&#8221; background_image_as_pattern=&#8221;without_pattern&#8221; template=&#8221;ism_template_1&#8243; ism_overlock=&#8221;default&#8221; sm_d_text=&#8221;<\/p>\n<h2>This content is locked<\/h2>\n<p>Share This Page To Unlock The Content!&#8221;][vc_column][vc_single_image image=&#8221;18902&#8243; img_size=&#8221;full&#8221; qode_css_animation=&#8221;&#8221;][\/vc_column][\/vc_row][vc_row css_animation=&#8221;&#8221; row_type=&#8221;row&#8221; use_row_as_full_screen_section=&#8221;no&#8221; type=&#8221;grid&#8221; angled_section=&#8221;no&#8221; text_align=&#8221;left&#8221; background_image_as_pattern=&#8221;without_pattern&#8221;][vc_column][vc_empty_space height=&#8221;45px&#8221;][vc_column_text]<\/p>\n<h1 class=\"cim_1\"><em>Aszteri\u00f3n<\/em><\/h1>\n<h1 class=\"alcim\">Dallos \u00c1d\u00e1m \u00e9s Hopp-Hal\u00e1sz K\u00e1roly ki\u00e1ll\u00edt\u00e1sa<\/h1>\n<p>[\/vc_column_text][vc_empty_space height=&#8221;45px&#8221;][\/vc_column][\/vc_row][vc_row css_animation=&#8221;&#8221; row_type=&#8221;row&#8221; use_row_as_full_screen_section=&#8221;no&#8221; type=&#8221;grid&#8221; angled_section=&#8221;no&#8221; text_align=&#8221;left&#8221; background_image_as_pattern=&#8221;without_pattern&#8221; bgparallax=&#8221;parallax&#8221; contentwidth=&#8221;container&#8221; toppadding=&#8221;40&#8243; bottompadding=&#8221;10&#8243; border=&#8221;on&#8221; css=&#8221;.vc_custom_1420648296958{background-color: #ffffff !important;}&#8221;][vc_column width=&#8221;1\/3&#8243; css=&#8221;.vc_custom_1427029754112{padding-right: 25px !important;}&#8221; el_class=&#8221;full-1&#8243;][vc_column_text]<\/p>\n<p class=\"hely_bpgal\">Budapest Gal\u00e9ria<\/p>\n<p class=\"cim_bpgal\">1036 Budapest, Lajos utca 158. (f\u00f6ldszint)<\/p>\n<p class=\"datum_bpgal\">2023. febru\u00e1r 24. \u2013 \u00e1prilis 23.<\/p>\n<p>[\/vc_column_text][vc_column_text]<\/p>\n<p class=\"kiemeles_bpgal\">A ki\u00e1ll\u00edt\u00e1s kur\u00e1tora:<\/p>\n<p class=\"verzal_bpgal\">Koll\u00e1r Dalma Eszter<\/p>\n<p>[\/vc_column_text][vc_column_text]<\/p>\n<p class=\"kiemeles_bpgal\">Megnyit\u00f3:<\/p>\n<p class=\"datum_bpgal_2\">2023. febru\u00e1r 23., (cs\u00fct\u00f6rt\u00f6k) 18:00<\/p>\n<p class=\"kiemeles_bpgal\">Zenei performansz:<\/p>\n<p class=\"verzal_bpgal\">Yinna<\/p>\n<p>[\/vc_column_text][vc_empty_space][\/vc_column][vc_column width=&#8221;2\/3&#8243; el_class=&#8221;full-2&#8243;][vc_column_text]A ki\u00e1ll\u00edt\u00e1s c\u00edm\u00e9t ad\u00f3 Aszteri\u00f3n egy, a g\u00f6r\u00f6g mitol\u00f3gi\u00e1b\u00f3l k\u00f6lcs\u00f6nz\u00f6tt f\u00e9rfin\u00e9v. Aszteri\u00f3n a kr\u00e9tai Min\u00f3sz kir\u00e1ly feles\u00e9g\u00e9nek, Paszipha\u00e9nak egy h\u00f3feh\u00e9r bik\u00e1t\u00f3l fogant, t\u00f6rv\u00e9nytelen gyermeke volt. A kever\u00e9kl\u00e9ny, b\u00e1r sz\u00fclet\u00e9sekor emberi nevet kapott, sosem \u00e9lhetett szabadon, emberk\u00e9nt. A meg nem \u00e9rtetts\u00e9g, a m\u00e1ss\u00e1g, a maszkulinit\u00e1s \u00e9s az \u00e1llatias \u00f6szt\u00f6n\u00f6k megtestes\u00edt\u0151j\u00e9t mi is legink\u00e1bb \u00fagy ismerj\u00fck: a Min\u00f3taurosz.<\/p>\n<p>Dallos \u00c1d\u00e1m (1986) fest\u00e9szete gyakran id\u00e9z fel mitol\u00f3giai l\u00e9nyeket. A m\u0171vein szerepl\u0151 meztelen f\u00e9rfiak mesebeli, szimbolikus \u00e1llatokkal kieg\u00e9sz\u00fclve besz\u00e9lnek v\u00e1gyr\u00f3l, maszkulinit\u00e1sr\u00f3l, domin\u00e1ns-szubmissz\u00edv viszonyokr\u00f3l. Hars\u00e1ny sz\u00edn\u0171, v\u00f6r\u00f6sbe hajl\u00f3 kompoz\u00edci\u00f3i \u00fcnneplik a testis\u00e9get \u00e9s szem\u00e9rmess\u00e9g n\u00e9lk\u00fcl helyezik a k\u00f6z\u00f6ns\u00e9get a f\u00e9rfit n\u00e9z\u0151 f\u00e9rfi szemsz\u00f6g\u00e9be. Leg\u00fajabb festm\u00e9nyein az emberalak nem csup\u00e1n interakci\u00f3ba l\u00e9p az \u00e1llatokkal, de \u00f6ssze is olvad vel\u00fck, hogy hibrid l\u00e9nyk\u00e9nt, egys\u00e9gk\u00e9nt \u00e9ljen tov\u00e1bb.<\/p>\n<p>Hopp-Hal\u00e1sz K\u00e1roly (1946-2016) b\u00e1r els\u0151sorban geometrikus festm\u00e9nyeir\u0151l ismert, munk\u00e1ss\u00e1g\u00e1ban jelent\u0151s szerep jutott a fotogr\u00e1fi\u00e1nak, performanszoknak \u00e9s fot\u00f3akci\u00f3knak is. Az elv\u00e1gy\u00f3d\u00e1s, a nemzetk\u00f6zi m\u0171v\u00e9szeti szc\u00e9n\u00e1hoz val\u00f3 viszony \u00e9s az elszigetelts\u00e9g t\u00e9m\u00e1i eg\u00e9sz mag\u00e1nmitologikus \u00e9letm\u0171v\u00e9t v\u00e9gigk\u00eds\u00e9rt\u00e9k, ahogy az identit\u00e1skeres\u00e9s \u00e9s az \u00f6ncenz\u00fara is. El\u0151sz\u00f6r bemutat\u00e1sra ker\u00fcl\u0151 fot\u00f3akci\u00f3ja \u00e9s \u00e9lete utols\u00f3 \u00e9veiben k\u00e9sz\u00fclt, sosem publik\u00e1lt fot\u00f3munk\u00e1i visszany\u00falnak kor\u00e1bbi m\u0171veihez (Nyitott geometria-k\u00e9pek, Modul\u00e1lt telev\u00edz\u00f3-sorozat, taposott festm\u00e9nyek), \u00e9s tal\u00e1n az eddig l\u00e1tott alkot\u00e1sokn\u00e1l is mer\u00e9szebben, ny\u00edltabban \u00e1br\u00e1zolj\u00e1k a f\u00e9rfi testet mint a v\u00e1gy t\u00e1rgy\u00e1t, a n\u00e9zett \u00e9s a n\u00e9z\u0151 al\u00e1- \u00e9s f\u00f6l\u00e9rendelts\u00e9g\u00e9t.<\/p>\n<p>A k\u00e9t m\u0171v\u00e9sz 2016-ban k\u00f6z\u00f6s ki\u00e1ll\u00edt\u00e1st tervezett a Budapest Gal\u00e9ria f\u00f6ldszinti termeibe, amely v\u00e9g\u00fcl nem val\u00f3sult meg. Jelen ki\u00e1ll\u00edt\u00e1s amellett, hogy a h\u00e9t \u00e9vvel ezel\u0151tti terv helysz\u00edn\u00e9n j\u00f6n l\u00e9tre, bemutatja a k\u00e9t m\u0171v\u00e9sz munk\u00e1ss\u00e1g\u00e1ban fellelhet\u0151 k\u00f6z\u00f6s mot\u00edvumokat (pl. Rudas F\u00fcrd\u0151) \u00e9s ny\u00edltan besz\u00e9l a k\u00fcl\u00f6nb\u00f6z\u0151 hazai politikai rendszerekben elt\u00e9r\u0151 m\u00e9rt\u00e9kben, de a mai napig elnyomott, s\u0151t d\u00e9moniz\u00e1lt homoszexualit\u00e1sr\u00f3l. Kiengedi a \u201csz\u00f6rnyet\u201d a labirintusb\u00f3l, \u00e9s visszaadja a nev\u00e9t.[\/vc_column_text][vc_empty_space height=&#8221;45px&#8221;][vc_single_image image=&#8221;19214&#8243; img_size=&#8221;full&#8221; qode_css_animation=&#8221;&#8221;][vc_empty_space][vc_single_image image=&#8221;19216&#8243; img_size=&#8221;full&#8221; qode_css_animation=&#8221;&#8221;][vc_empty_space][vc_single_image image=&#8221;19218&#8243; img_size=&#8221;full&#8221; qode_css_animation=&#8221;&#8221;][vc_empty_space][vc_single_image image=&#8221;19220&#8243; img_size=&#8221;full&#8221; qode_css_animation=&#8221;&#8221;][vc_empty_space][vc_single_image image=&#8221;19222&#8243; img_size=&#8221;full&#8221; qode_css_animation=&#8221;&#8221;][vc_empty_space][vc_single_image image=&#8221;19224&#8243; img_size=&#8221;full&#8221; qode_css_animation=&#8221;&#8221;][vc_empty_space][vc_single_image image=&#8221;19226&#8243; img_size=&#8221;full&#8221; qode_css_animation=&#8221;&#8221;][vc_empty_space][vc_single_image image=&#8221;19228&#8243; img_size=&#8221;full&#8221; qode_css_animation=&#8221;&#8221;][vc_empty_space][vc_single_image image=&#8221;19230&#8243; img_size=&#8221;full&#8221; qode_css_animation=&#8221;&#8221;][vc_empty_space][vc_single_image image=&#8221;19232&#8243; img_size=&#8221;full&#8221; qode_css_animation=&#8221;&#8221;][vc_empty_space][vc_single_image image=&#8221;19234&#8243; img_size=&#8221;ful&#8221; qode_css_animation=&#8221;&#8221;][vc_empty_space][vc_column_text]<\/p>\n<p class=\"kepalairas_cim_jobb\">Fot\u00f3k: Juh\u00e1sz G. Tam\u00e1s<\/p>\n<p>[\/vc_column_text][\/vc_column][\/vc_row][vc_row css_animation=&#8221;&#8221; row_type=&#8221;row&#8221; use_row_as_full_screen_section=&#8221;no&#8221; type=&#8221;grid&#8221; angled_section=&#8221;no&#8221; text_align=&#8221;left&#8221; background_image_as_pattern=&#8221;without_pattern&#8221; template=&#8221;ism_template_1&#8243; ism_overlock=&#8221;default&#8221; sm_d_text=&#8221;<\/p>\n<h2>This content is locked<\/h2>\n<p>Share This Page To Unlock The Content!&#8221;][vc_column][vc_empty_space height=&#8221;45px&#8221;][\/vc_column][\/vc_row]<\/p>\n<\/div>","protected":false},"excerpt":{"rendered":"<p>[vc_row css_animation=&#8221;&#8221; row_type=&#8221;row&#8221; use_row_as_full_screen_section=&#8221;no&#8221; type=&#8221;grid&#8221; angled_section=&#8221;no&#8221; text_align=&#8221;left&#8221; background_image_as_pattern=&#8221;without_pattern&#8221; template=&#8221;ism_template_1&#8243; ism_overlock=&#8221;default&#8221; sm_d_text=&#8221; This content is locked&#8230;<\/p>\n","protected":false},"author":11,"featured_media":0,"parent":18894,"menu_order":0,"comment_status":"closed","ping_status":"closed","template":"full_width.php","meta":{"inline_featured_image":false,"loftloader_pro_show_once":"","loftloader_pro_page_shortcode":"","footnotes":""},"class_list":["post-18891","page","type-page","status-publish","hentry"],"_links":{"self":[{"href":"https:\/\/budapestgaleria.hu\/_\/wp-json\/wp\/v2\/pages\/18891","targetHints":{"allow":["GET"]}}],"collection":[{"href":"https:\/\/budapestgaleria.hu\/_\/wp-json\/wp\/v2\/pages"}],"about":[{"href":"https:\/\/budapestgaleria.hu\/_\/wp-json\/wp\/v2\/types\/page"}],"author":[{"embeddable":true,"href":"https:\/\/budapestgaleria.hu\/_\/wp-json\/wp\/v2\/users\/11"}],"replies":[{"embeddable":true,"href":"https:\/\/budapestgaleria.hu\/_\/wp-json\/wp\/v2\/comments?post=18891"}],"version-history":[{"count":0,"href":"https:\/\/budapestgaleria.hu\/_\/wp-json\/wp\/v2\/pages\/18891\/revisions"}],"up":[{"embeddable":true,"href":"https:\/\/budapestgaleria.hu\/_\/wp-json\/wp\/v2\/pages\/18894"}],"wp:attachment":[{"href":"https:\/\/budapestgaleria.hu\/_\/wp-json\/wp\/v2\/media?parent=18891"}],"curies":[{"name":"wp","href":"https:\/\/api.w.org\/{rel}","templated":true}]}}