{"id":18912,"date":"2023-02-10T14:55:49","date_gmt":"2023-02-10T13:55:49","guid":{"rendered":"https:\/\/budapestgaleria.hu\/_\/?page_id=18912"},"modified":"2023-12-21T13:40:33","modified_gmt":"2023-12-21T12:40:33","slug":"az-elengedes-ritusai","status":"publish","type":"page","link":"https:\/\/budapestgaleria.hu\/_\/2023-kiallitasok\/az-elengedes-ritusai\/","title":{"rendered":"Az elenged\u00e9s r\u00edtusai"},"content":{"rendered":"<div class=\"wpb-content-wrapper\"><p>[vc_row css_animation=&#8221;&#8221; row_type=&#8221;row&#8221; use_row_as_full_screen_section=&#8221;no&#8221; type=&#8221;grid&#8221; angled_section=&#8221;no&#8221; text_align=&#8221;left&#8221; background_image_as_pattern=&#8221;without_pattern&#8221; template=&#8221;ism_template_1&#8243; ism_overlock=&#8221;default&#8221; sm_d_text=&#8221;<\/p>\n<h2>This content is locked<\/h2>\n<p>Share This Page To Unlock The Content!&#8221;][vc_column][vc_single_image image=&#8221;18919&#8243; img_size=&#8221;full&#8221; qode_css_animation=&#8221;&#8221;][\/vc_column][\/vc_row][vc_row css_animation=&#8221;&#8221; row_type=&#8221;row&#8221; use_row_as_full_screen_section=&#8221;no&#8221; type=&#8221;grid&#8221; angled_section=&#8221;no&#8221; text_align=&#8221;left&#8221; background_image_as_pattern=&#8221;without_pattern&#8221;][vc_column][vc_empty_space height=&#8221;45px&#8221;][vc_column_text]<\/p>\n<h1 class=\"cim_1\"><em>Az elenged\u00e9s r\u00edtusai<\/em><\/h1>\n<h1 class=\"alcim\">V\u00e9kony Dorottya ki\u00e1ll\u00edt\u00e1sa<\/h1>\n<p>[\/vc_column_text][vc_empty_space height=&#8221;45px&#8221;][\/vc_column][\/vc_row][vc_row css_animation=&#8221;&#8221; row_type=&#8221;row&#8221; use_row_as_full_screen_section=&#8221;no&#8221; type=&#8221;grid&#8221; angled_section=&#8221;no&#8221; text_align=&#8221;left&#8221; background_image_as_pattern=&#8221;without_pattern&#8221; bgparallax=&#8221;parallax&#8221; contentwidth=&#8221;container&#8221; toppadding=&#8221;40&#8243; bottompadding=&#8221;10&#8243; border=&#8221;on&#8221; css=&#8221;.vc_custom_1420648296958{background-color: #ffffff !important;}&#8221;][vc_column width=&#8221;1\/3&#8243; css=&#8221;.vc_custom_1427029754112{padding-right: 25px !important;}&#8221; el_class=&#8221;full-1&#8243;][vc_column_text]<\/p>\n<p class=\"hely_bpgal\">Budapest Gal\u00e9ria<\/p>\n<p class=\"cim_bpgal\">1036 Budapest, Lajos utca 158. (emelet)<\/p>\n<p class=\"datum_bpgal\">2023. febru\u00e1r 24. \u2013 \u00e1prilis 23.<\/p>\n<p>[\/vc_column_text][vc_column_text]<\/p>\n<p class=\"kiemeles_bpgal\">A ki\u00e1ll\u00edt\u00e1s kur\u00e1tora:<\/p>\n<p class=\"verzal_bpgal\">Gad\u00f3 Fl\u00f3ra<\/p>\n<p>[\/vc_column_text][vc_column_text]<\/p>\n<p class=\"kiemeles_bpgal\">Megnyit\u00f3:<\/p>\n<p class=\"datum_bpgal_2\">2023. febru\u00e1r 23., (Cs\u00fct\u00f6rt\u00f6k) 18:00<\/p>\n<p class=\"kiemeles_bpgal\">Zenei performansz:<\/p>\n<p class=\"verzal_bpgal\">Yinna<\/p>\n<p>[\/vc_column_text][vc_empty_space][\/vc_column][vc_column width=&#8221;2\/3&#8243; el_class=&#8221;full-2&#8243;][vc_column_text]V\u00e9kony Dorottya hossz\u00fa \u00e9vek \u00f3ta foglalkozik a term\u00e9kenys\u00e9g \u00e9s a reprodukt\u00edv jogok k\u00e9rd\u00e9sk\u00f6r\u00e9vel. Figyelme azon helyzetek fel\u00e9 ir\u00e1nyul, ahol ezzel kapcsolatban valamilyen elakad\u00e1s t\u00f6rt\u00e9nik, amikor a term\u00e9kenys\u00e9g \u00e1tfordul \u201eterm\u00e9ketlens\u00e9gbe\u201d, ahol nem t\u00f6rt\u00e9nhet meg a sz\u00fcl\u00e9s \u00e9s sz\u00fclet\u00e9s esem\u00e9nye. Ezek a m\u00e9g a mai napig is tabus\u00edtott \u00e9s a t\u00e1rsadalom sz\u00e1m\u00e1ra l\u00e1thatatlann\u00e1 tett helyzetek sok esetben vesztes\u00e9gk\u00e9nt \u00e9s traumak\u00e9nt jelennek meg az \u00e9rintettek \u00e9let\u00e9ben. A m\u0171v\u00e9sz ezeket a jelens\u00e9geket (medd\u0151s\u00e9g, vet\u00e9l\u00e9s, abortusz) t\u00f6bbf\u00e9le n\u00e9z\u0151pontb\u00f3l figyeli meg. Megvizsg\u00e1lja, hogy mindez milyen hat\u00e1ssal lehet saj\u00e1t \u00f6nk\u00e9p\u00fcnkre, milyen alternat\u00edv\u00e1k l\u00e9tezhetnek ezek felold\u00e1s\u00e1ra \u00e9s mik az orvosi, jogi lehet\u0151s\u00e9gek (mesters\u00e9ges megterm\u00e9keny\u00edt\u00e9s, \u00f6r\u00f6kbefogad\u00e1s) a gyerekv\u00e1llal\u00e1sra, ha az term\u00e9szetes \u00faton nem t\u00f6rt\u00e9nhet meg. Kutat\u00e1sa kiterjed a queer k\u00f6z\u00f6ss\u00e9gek, non-natalist\u00e1k \u00e9s m\u00e1s okb\u00f3l gyereket nem v\u00e1llal\u00f3k fel\u00e9 is \u2013 ahol felborulnak a szil\u00e1rdnak hitt nemi szerepek, a heteronormat\u00edv rendszer \u00e9s a nukle\u00e1ris csal\u00e1d ide\u00e1lja. \u00c9rdekl\u0151d\u00e9se f\u00f3kusz\u00e1ban az \u00e1ll, hogy milyen m\u00f3don dolgozz\u00e1k fel ezeket a (v\u00e1ls\u00e1g)helyzeteket az \u00e1ltala megismert n\u0151k \u00e9s hogyan hoznak l\u00e9tre \u00faj, seg\u00edt\u0151 k\u00f6z\u00f6ss\u00e9geket, ahol az emp\u00e1tia \u00e9s az elfogad\u00e1s a meghat\u00e1roz\u00f3.<\/p>\n<p>Szem\u00e9lyes \u00e9rintetts\u00e9ge r\u00e9v\u00e9n V\u00e9kony Dorottya saj\u00e1t maga is k\u00fcl\u00f6nb\u00f6z\u0151 workshopokon, k\u00f6z\u00f6ss\u00e9gi r\u00edtusokon, besz\u00e9lget\u00e9seken vesz r\u00e9szt, annak \u00e9rdek\u00e9ben, hogy felt\u00e9rk\u00e9pezze a k\u00fcl\u00f6nf\u00e9le megk\u00fczd\u00e9si mechanizmusokat valamint, hogy saj\u00e1t maga sz\u00e1m\u00e1ra is feldolgozhat\u00f3v\u00e1 tegye ezeket a helyzeteket. A projekt c\u00e9lja nem csak az, hogy a reprodukci\u00f3val kapcsolatos elhallgatott neh\u00e9zs\u00e9gek kimond\u00e1sra ker\u00fcljenek, hanem, \u2013 ahogy arra a ki\u00e1ll\u00edt\u00e1s c\u00edme is utal \u2013 a probl\u00e9m\u00e1val val\u00f3 szemben\u00e9z\u00e9st, majd az elenged\u00e9s folyamat\u00e1t ind\u00edtsa el. A ki\u00e1ll\u00edt\u00e1sban, ahol a m\u0171v\u00e9sz sz\u00e1mos t\u0151le szokatlan m\u00e9diumammal is k\u00eds\u00e9rletezik, ezen hossz\u00fat\u00e1v\u00fa kutat\u00e1s k\u00fcl\u00f6nb\u00f6z\u0151 \u00e1llom\u00e1saiba nyer\u00fcnk betekint\u00e9st. Term\u00e9kenys\u00e9gi r\u00edtusok \u00fajraj\u00e1tsz\u00e1sai, az \u00e9let ciklikuss\u00e1g\u00e1ra utal\u00f3 szimb\u00f3lumok vizsg\u00e1lata, a saj\u00e1t magunkt\u00f3l val\u00f3 fel- \u00e9s megszabadul\u00e1s gesztusai jelennek meg fot\u00f3sorozataiban, install\u00e1ci\u00f3ban \u00e9s vide\u00f3iban, hogy azt\u00e1n a ki\u00e1ll\u00edt\u00f3t\u00e9r termein v\u00e9gighaladva a l\u00e1togat\u00f3 is eljuthasson az elfogad\u00e1s \u00e9s az elenged\u00e9s revelat\u00edv \u00e9lm\u00e9ny\u00e9ig.[\/vc_column_text][vc_empty_space height=&#8221;45px&#8221;][vc_single_image image=&#8221;19238&#8243; img_size=&#8221;full&#8221; qode_css_animation=&#8221;&#8221;][vc_empty_space][vc_single_image image=&#8221;19241&#8243; img_size=&#8221;full&#8221; qode_css_animation=&#8221;&#8221;][vc_empty_space][vc_single_image image=&#8221;19243&#8243; img_size=&#8221;full&#8221; qode_css_animation=&#8221;&#8221;][vc_empty_space][vc_single_image image=&#8221;19245&#8243; img_size=&#8221;full&#8221; qode_css_animation=&#8221;&#8221;][vc_empty_space][vc_single_image image=&#8221;19247&#8243; img_size=&#8221;full&#8221; qode_css_animation=&#8221;&#8221;][vc_empty_space][vc_single_image image=&#8221;19249&#8243; img_size=&#8221;full&#8221; qode_css_animation=&#8221;&#8221;][vc_empty_space][vc_single_image image=&#8221;19251&#8243; img_size=&#8221;full&#8221; qode_css_animation=&#8221;&#8221;][vc_empty_space][vc_single_image image=&#8221;19253&#8243; img_size=&#8221;full&#8221; qode_css_animation=&#8221;&#8221;][vc_empty_space][vc_single_image image=&#8221;19255&#8243; img_size=&#8221;full&#8221; qode_css_animation=&#8221;&#8221;][vc_empty_space][vc_single_image image=&#8221;19257&#8243; img_size=&#8221;full&#8221; qode_css_animation=&#8221;&#8221;][vc_empty_space][vc_single_image image=&#8221;19259&#8243; img_size=&#8221;full&#8221; qode_css_animation=&#8221;&#8221;][vc_empty_space][vc_column_text]<\/p>\n<p class=\"kepalairas_cim_jobb\">Fot\u00f3k: Juh\u00e1sz G. Tam\u00e1s<\/p>\n<p>[\/vc_column_text][\/vc_column][\/vc_row][vc_row css_animation=&#8221;&#8221; row_type=&#8221;row&#8221; use_row_as_full_screen_section=&#8221;no&#8221; type=&#8221;grid&#8221; angled_section=&#8221;no&#8221; text_align=&#8221;left&#8221; background_image_as_pattern=&#8221;without_pattern&#8221; template=&#8221;ism_template_1&#8243; ism_overlock=&#8221;default&#8221; sm_d_text=&#8221;<\/p>\n<h2>This content is locked<\/h2>\n<p>Share This Page To Unlock The Content!&#8221;][vc_column][vc_empty_space height=&#8221;45px&#8221;][\/vc_column][\/vc_row]<\/p>\n<\/div>","protected":false},"excerpt":{"rendered":"<p>[vc_row css_animation=&#8221;&#8221; row_type=&#8221;row&#8221; use_row_as_full_screen_section=&#8221;no&#8221; type=&#8221;grid&#8221; angled_section=&#8221;no&#8221; text_align=&#8221;left&#8221; background_image_as_pattern=&#8221;without_pattern&#8221; template=&#8221;ism_template_1&#8243; ism_overlock=&#8221;default&#8221; sm_d_text=&#8221; This content is locked&#8230;<\/p>\n","protected":false},"author":11,"featured_media":0,"parent":18894,"menu_order":0,"comment_status":"closed","ping_status":"closed","template":"full_width.php","meta":{"inline_featured_image":false,"loftloader_pro_show_once":"","loftloader_pro_page_shortcode":"","footnotes":""},"class_list":["post-18912","page","type-page","status-publish","hentry"],"_links":{"self":[{"href":"https:\/\/budapestgaleria.hu\/_\/wp-json\/wp\/v2\/pages\/18912","targetHints":{"allow":["GET"]}}],"collection":[{"href":"https:\/\/budapestgaleria.hu\/_\/wp-json\/wp\/v2\/pages"}],"about":[{"href":"https:\/\/budapestgaleria.hu\/_\/wp-json\/wp\/v2\/types\/page"}],"author":[{"embeddable":true,"href":"https:\/\/budapestgaleria.hu\/_\/wp-json\/wp\/v2\/users\/11"}],"replies":[{"embeddable":true,"href":"https:\/\/budapestgaleria.hu\/_\/wp-json\/wp\/v2\/comments?post=18912"}],"version-history":[{"count":0,"href":"https:\/\/budapestgaleria.hu\/_\/wp-json\/wp\/v2\/pages\/18912\/revisions"}],"up":[{"embeddable":true,"href":"https:\/\/budapestgaleria.hu\/_\/wp-json\/wp\/v2\/pages\/18894"}],"wp:attachment":[{"href":"https:\/\/budapestgaleria.hu\/_\/wp-json\/wp\/v2\/media?parent=18912"}],"curies":[{"name":"wp","href":"https:\/\/api.w.org\/{rel}","templated":true}]}}