{"id":19170,"date":"2023-04-05T12:00:24","date_gmt":"2023-04-05T10:00:24","guid":{"rendered":"https:\/\/budapestgaleria.hu\/_\/?page_id=19170"},"modified":"2023-12-21T13:28:49","modified_gmt":"2023-12-21T12:28:49","slug":"az-eroszakrol","status":"publish","type":"page","link":"https:\/\/budapestgaleria.hu\/_\/2023-kiallitasok\/az-eroszakrol\/","title":{"rendered":"Az er\u0151szakr\u00f3l"},"content":{"rendered":"<div class=\"wpb-content-wrapper\"><p>[vc_row css_animation=&#8221;&#8221; row_type=&#8221;row&#8221; use_row_as_full_screen_section=&#8221;no&#8221; type=&#8221;grid&#8221; angled_section=&#8221;no&#8221; text_align=&#8221;left&#8221; background_image_as_pattern=&#8221;without_pattern&#8221; template=&#8221;ism_template_1&#8243; ism_overlock=&#8221;default&#8221; sm_d_text=&#8221;<\/p>\n<h2>This content is locked<\/h2>\n<p>Share This Page To Unlock The Content!&#8221;][vc_column][vc_single_image image=&#8221;19281&#8243; img_size=&#8221;full&#8221; qode_css_animation=&#8221;&#8221;][\/vc_column][\/vc_row][vc_row css_animation=&#8221;&#8221; row_type=&#8221;row&#8221; use_row_as_full_screen_section=&#8221;no&#8221; type=&#8221;grid&#8221; angled_section=&#8221;no&#8221; text_align=&#8221;left&#8221; background_image_as_pattern=&#8221;without_pattern&#8221;][vc_column][vc_empty_space height=&#8221;45px&#8221;][vc_column_text]<\/p>\n<h1 class=\"cim_1\"><em>Az er\u0151szakr\u00f3l<\/em><\/h1>\n<p>[\/vc_column_text][vc_empty_space height=&#8221;45px&#8221;][\/vc_column][\/vc_row][vc_row css_animation=&#8221;&#8221; row_type=&#8221;row&#8221; use_row_as_full_screen_section=&#8221;no&#8221; type=&#8221;grid&#8221; angled_section=&#8221;no&#8221; text_align=&#8221;left&#8221; background_image_as_pattern=&#8221;without_pattern&#8221; bgparallax=&#8221;parallax&#8221; contentwidth=&#8221;container&#8221; toppadding=&#8221;40&#8243; bottompadding=&#8221;10&#8243; border=&#8221;on&#8221; css=&#8221;.vc_custom_1420648296958{background-color: #ffffff !important;}&#8221;][vc_column width=&#8221;1\/3&#8243; css=&#8221;.vc_custom_1427029754112{padding-right: 25px !important;}&#8221; el_class=&#8221;full-1&#8243;][vc_column_text]<\/p>\n<p class=\"hely_bpgal\">Budapest Gal\u00e9ria<\/p>\n<p class=\"cim_bpgal\">1036 Budapest, Lajos utca 158.<\/p>\n<p class=\"datum_bpgal\">2023. m\u00e1jus 12. \u2013 j\u00falius 30.<\/p>\n<p>[\/vc_column_text][vc_column_text]<\/p>\n<p class=\"kiemeles_bpgal\">Ki\u00e1ll\u00edt\u00f3 m\u0171v\u00e9szek:<\/p>\n<p class=\"verzal_bpgal\">Kateryna Aliinyk, Artists\u2019 Campaign to Repeal the Eighth Amendment, Rachel Fallon, Olia Fedorova, Jelena Jure\u0161a, Elektra KB, Hristina Ivanoska, Lor\u00e1nt Anik\u00f3 (1977-2020), Milica Tomi\u0107, Trapp Dominika, Selma Selman, Anna Zvyagintseva<\/p>\n<p>[\/vc_column_text][vc_column_text]<\/p>\n<p class=\"kiemeles_bpgal\">A ki\u00e1ll\u00edt\u00e1s kur\u00e1tora:<\/p>\n<p class=\"verzal_bpgal\">P\u00e1ldi L\u00edvia<\/p>\n<p class=\"titulus\">m\u0171v\u00e9szett\u00f6rt\u00e9n\u00e9sz, BTM Kiscelli M\u00fazeum &#8211; F\u0151v\u00e1rosi K\u00e9pt\u00e1r<\/p>\n<p>[\/vc_column_text][vc_column_text]<\/p>\n<p class=\"kiemeles_bpgal\">Arculat:<\/p>\n<p class=\"verzal_bpgal\">Katarina \u0160evi\u0107<\/p>\n<p class=\"titulus\">k\u00e9pz\u0151m\u0171v\u00e9sz<\/p>\n<p>[\/vc_column_text][vc_column_text]<\/p>\n<p class=\"kiemeles_bpgal\">Civil kapcsolati koordin\u00e1tor:<\/p>\n<p class=\"verzal_bpgal\">Darabos Di\u00e1na<\/p>\n<p>[\/vc_column_text][vc_column_text]<\/p>\n<p class=\"kiemeles_bpgal\">Megnyit\u00f3:<\/p>\n<p class=\"datum_bpgal_2\">2023. m\u00e1jus 11., (cs\u00fct\u00f6rt\u00f6k) 18:00<\/p>\n<p class=\"kiemeles_bpgal\">Megnyitja:<\/p>\n<p class=\"verzal_bpgal\">Antoni Rita<\/p>\n<p class=\"titulus\">n\u0151jogi aktivista<\/p>\n<p>[\/vc_column_text][vc_column_text]<\/p>\n<p class=\"kiemeles_bpgal\">T\u00e1rlatvezet\u00e9s a m\u0171v\u00e9szekkel \u00e9s a kur\u00e1torral (angolul):<\/p>\n<p class=\"datum_bpgal_2\">2023. m\u00e1jus 11., (cs\u00fct\u00f6rt\u00f6k) 16:00<\/p>\n<p>[\/vc_column_text][vc_column_text]<\/p>\n<p class=\"kiemeles_bpgal\">Kapcsol\u00f3d\u00f3 program a Bem Moziban:<\/p>\n<p class=\"datum_bpgal_2\">2023. m\u00e1jus 12., (p\u00e9ntek) 16:00<\/p>\n<p class=\"verzal_bpgal\">Filmvet\u00edt\u00e9s \u00e9s besz\u00e9lget\u00e9s az alkot\u00f3val<\/p>\n<p class=\"titulus\">Jelena Juresa: <em>Aphasia<\/em><\/p>\n<p>[\/vc_column_text][vc_empty_space][\/vc_column][vc_column width=&#8221;2\/3&#8243; el_class=&#8221;full-2&#8243;][vc_column_text]2020 janu\u00e1rj\u00e1ban a F\u0151v\u00e1rosi K\u00f6zgy\u0171l\u00e9s hat\u00e1rozat\u00e1t k\u00f6vet\u0151en kezd\u0151d\u00f6tt a \u201eH\u00e1bor\u00faban meger\u0151szakolt n\u0151k eml\u00e9kezete\u201d projekt amelynek v\u00e9gs\u0151 c\u00e9lja egy m\u00e9lt\u00f3 eml\u00e9khely kialak\u00edt\u00e1sa a magyar f\u0151v\u00e1rosban. Az eml\u00e9km\u0171vet a tervek szerint 2024 folyam\u00e1n avatj\u00e1k fel. Budapest F\u0151v\u00e1ros \u00d6nkorm\u00e1nyzata szakmai \u00e9s civil szerepl\u0151k bevon\u00e1s\u00e1val egy t\u00f6bb r\u00e9szb\u0151l \u00e1ll\u00f3 programsorozatot (el\u0151ad\u00e1sok, publik\u00e1ci\u00f3, makettki\u00e1ll\u00edt\u00e1s) ind\u00edtott amely el\u0151k\u00e9sz\u00edt\u0151 szakasz\u00e1t\u00f3l kezd\u0151d\u0151en seg\u00edtette a h\u00e1bor\u00fas er\u0151szak, a nyilv\u00e1nos megeml\u00e9kez\u00e9s \u00e9s az eml\u00e9km\u0171\u00e1ll\u00edt\u00e1s t\u00e9m\u00e1inak \u00e9s ezek t\u00e1gabb kontextus\u00e1nak bemutat\u00e1s\u00e1t, valamint a t\u00e1rsadalmi \u00e9s szakmai p\u00e1rbesz\u00e9det.<\/p>\n<p>A m\u00e1sodik vil\u00e1gh\u00e1bor\u00fa ut\u00e1n, t\u00f6bb glob\u00e1lis \u00e9s helyi konfliktushoz k\u00f6t\u0151d\u0151 nemi er\u0151szakhull\u00e1mot k\u00f6vet\u0151en, Ukrajna orosz inv\u00e1zi\u00f3ja \u00e9s az az\u00f3ta is zajl\u00f3 katonai agresszi\u00f3 riaszt\u00f3 k\u00f6zels\u00e9gbe hozta a h\u00e1bor\u00fas (szexu\u00e1lis) b\u0171ncselekm\u00e9nyek brutalit\u00e1s\u00e1t, a traumatikus vesztes\u00e9geket, a kiszolg\u00e1ltatotts\u00e1got, a k\u00f6rnyezetpuszt\u00edt\u00e1st, ugyanakkor megmutatta a t\u00e1gabb t\u00e1rsadalmi szolidarit\u00e1s erej\u00e9t.<br \/>\nAz er\u0151szak \u00f6sszetett jelens\u00e9g\u00e9nek \u00e9s m\u0171k\u00f6d\u00e9s\u00e9nek \u00e1rnyalt vizsg\u00e1lata nem csup\u00e1n a n\u00f6vekv\u0151 sz\u00e1m\u00fa fegyveres konfliktusz\u00f3n\u00e1ban megtapasztalt er\u0151szak, de a patriarch\u00e1lis hatalmi strukt\u00far\u00e1k egyenl\u0151tlens\u00e9gei, az LMBTQI+ embereket \u00e9r\u0151 diszkrimin\u00e1ci\u00f3, a testi auton\u00f3mi\u00e1\u00e9rt, az egyenl\u0151s\u00e9g\u00e9rt \u00e9s a reprodukt\u00edv eg\u00e9szs\u00e9g\u00e9rt foly\u00f3 k\u00fczdelmek, valamint a csal\u00e1don bel\u00fcli er\u0151szak terjed\u00e9se ok\u00e1n is alapvet\u0151.<\/p>\n<p>Az er\u0151szaknak \u00e9s agresszi\u00f3nak val\u00f3 kitetts\u00e9g rendszerszint\u0171. A patriarch\u00e1lis \u00e1llam n\u0151ket al\u00e1rendel\u0151 \u00e9s megal\u00e1z\u00f3 eg\u00e9szs\u00e9g\u00fcgyi, igazs\u00e1gszolg\u00e1ltat\u00e1si, (csal\u00e1d)jogi rendszere, a jogrendszer alapvet\u0151 hi\u00e1nyoss\u00e1gai, a nemzet- \u00e9s eml\u00e9kezetpolitika f\u00e9rfik\u00f6zpont\u00fas\u00e1ga mind felel\u0151s a n\u0151kkel kapcsolatos, \u00e1llamilag is t\u00e1mogatott el\u0151\u00edt\u00e9letek fenntart\u00e1s\u00e1\u00e9rt \u00e9s a k\u00f6zgondolkod\u00e1sban tov\u00e1bb \u00e9l\u0151 er\u0151szaks\u00e9m\u00e1k \u00e9s az \u00e1ldozathib\u00e1ztat\u00e1s gyakorlat\u00e1\u00e9rt.<\/p>\n<p>A Budapest Gal\u00e9ria nemzetk\u00f6zi csoportos ki\u00e1ll\u00edt\u00e1sa n\u0151i \u00e9s queer poz\u00edci\u00f3kb\u00f3l mutat be er\u0151szakkal kapcsolatos tapasztalatokat, t\u00e1rsadalmi viselked\u00e9sek forgat\u00f3k\u00f6nyveit, az er\u0151szak vizu\u00e1lis \u00e9s politikai toposzait.<br \/>\nEgym\u00e1s mell\u00e9 ker\u00fclnek a b\u00e1ntalmaz\u00e1s, a f\u00e9lelemkelt\u00e9s \u00e9s a szorong\u00e1s \u00e1llapotainak, csapdahelyzeteinek bonyolult mint\u00e1it elvontabban megk\u00f6zel\u00edt\u0151 munk\u00e1k \u00e9s az ukr\u00e1n helyzetre, a mindent \u00e1that\u00f3 er\u0151szakra adott zsigeri reakci\u00f3k napl\u00f3szer\u0171 r\u00f6gz\u00edt\u00e9sei. T\u00f6bb m\u0171v\u00e9sz foglalkozik a r\u00e9gi\u00f3s k\u00f6zelm\u00falt, a d\u00e9lszl\u00e1v h\u00e1bor\u00fa mindm\u00e1ig \u00e9l\u0151 traum\u00e1ival. Az arch\u00edvumokb\u00f3l is \u00e9p\u00edtkez\u0151, t\u00e9nyfelt\u00e1r\u00f3 kutat\u00e1sok a kollekt\u00edv eml\u00e9kezet politikai-ideol\u00f3giai manipul\u00e1ci\u00f3j\u00e1t, az etnikai alap\u00fa er\u0151szak \u00e9s a kollekt\u00edv felel\u0151ss\u00e9g k\u00e9rd\u00e9seit t\u00e1gabb t\u00e1rsadalmi viszonyrendszerekben vizsg\u00e1lj\u00e1k. Jelen vannak lengyel, \u00edr \u00e9s d\u00e9l-amerikai t\u00e1rsadalmi \u00e9s testpolitikai mozgalmak m\u0171v\u00e9szi reprezent\u00e1ci\u00f3i, melyek \u00fajra\u00edrj\u00e1k a szolidarit\u00e1s \u00e9s a cselekv\u0151k\u00e9pess\u00e9g strat\u00e9gi\u00e1it.<br \/>\nA m\u0171v\u00e9szekkel, civil szervezetekkel \u00e9s emberi jogi aktivist\u00e1kkal k\u00f6z\u00f6sen kialak\u00edtott k\u00eds\u00e9r\u0151- \u00e9s eduk\u00e1ci\u00f3s programok, besz\u00e9lget\u00e9sek, el\u0151ad\u00e1sok, vezet\u00e9sek \u00e9s workshopok k\u00fcl\u00f6nb\u00f6z\u0151 koroszt\u00e1lyokat \u00e9s t\u00e1rsadalmi helyzet\u0171 embereket terveznek megsz\u00f3l\u00edtani.<\/p>\n<p>A ki\u00e1ll\u00edt\u00e1s a BTM Kiscelli M\u00fazeum &#8211; F\u0151v\u00e1rosi K\u00e9pt\u00e1r \u00e9s a BTM &#8211; Budapest Gal\u00e9ria egy\u00fcttm\u0171k\u00f6d\u00e9s\u00e9ben j\u00f6n l\u00e9tre.[\/vc_column_text][vc_empty_space][vc_separator type=&#8221;normal&#8221; color=&#8221;#c6c6c6&#8243; up=&#8221;10&#8243; down=&#8221;20&#8243;][vc_empty_space][vc_column_text]A ki\u00e1ll\u00edt\u00e1s c\u00edme eml\u00e9keztethet a politikai filoz\u00f3fus Hannah Arendt el\u0151sz\u00f6r 1969-ben megjelent, a h\u00e1bor\u00fa, a politika, az er\u0151szak \u00e9s a hatalom kapcsolat\u00e1t vizsg\u00e1l\u00f3 essz\u00e9j\u00e9re. B\u00e1r ez az \u00edr\u00e1s t\u00f6bb, a jelenre vonatkoztathat\u00f3 gondolatot is kifejt, a ki\u00e1ll\u00edt\u00e1s m\u00e1s \u00f6sszef\u00fcgg\u00e9sek ment\u00e9n utal a politikai cselekv\u00e9s \u00e9s a politikai k\u00f6z\u00f6ss\u00e9g lehet\u0151s\u00e9geire.[\/vc_column_text][vc_empty_space height=&#8221;45&#8243;][vc_separator type=&#8221;normal&#8221; color=&#8221;#c6c6c6&#8243; up=&#8221;10&#8243; down=&#8221;20&#8243;][vc_empty_space height=&#8221;45&#8243;][vc_single_image image=&#8221;19177&#8243; img_size=&#8221;full&#8221; onclick=&#8221;custom_link&#8221; img_link_target=&#8221;_blank&#8221; qode_css_animation=&#8221;&#8221; link=&#8221;https:\/\/www.elhallgatva.hu\/&#8221;][vc_single_image image=&#8221;19175&#8243; img_size=&#8221;full&#8221; onclick=&#8221;custom_link&#8221; img_link_target=&#8221;_blank&#8221; qode_css_animation=&#8221;&#8221; link=&#8221;https:\/\/fovarosikeptar.hu\/&#8221;][vc_empty_space height=&#8221;45px&#8221;][vc_single_image image=&#8221;19393&#8243; img_size=&#8221;full&#8221; qode_css_animation=&#8221;&#8221;][vc_empty_space][vc_single_image image=&#8221;19308&#8243; img_size=&#8221;full&#8221; qode_css_animation=&#8221;&#8221;][vc_empty_space][vc_single_image image=&#8221;19310&#8243; img_size=&#8221;full&#8221; qode_css_animation=&#8221;&#8221;][vc_empty_space][vc_single_image image=&#8221;19395&#8243; img_size=&#8221;full&#8221; qode_css_animation=&#8221;&#8221;][vc_empty_space][vc_single_image image=&#8221;19312&#8243; img_size=&#8221;full&#8221; qode_css_animation=&#8221;&#8221;][vc_empty_space][vc_single_image image=&#8221;19397&#8243; img_size=&#8221;full&#8221; qode_css_animation=&#8221;&#8221;][vc_empty_space][vc_single_image image=&#8221;19314&#8243; img_size=&#8221;full&#8221; qode_css_animation=&#8221;&#8221;][vc_empty_space][vc_single_image image=&#8221;19316&#8243; img_size=&#8221;full&#8221; qode_css_animation=&#8221;&#8221;][vc_empty_space][vc_single_image image=&#8221;19399&#8243; img_size=&#8221;full&#8221; qode_css_animation=&#8221;&#8221;][vc_empty_space][vc_single_image image=&#8221;19318&#8243; img_size=&#8221;full&#8221; qode_css_animation=&#8221;&#8221;][vc_empty_space][vc_single_image image=&#8221;19401&#8243; img_size=&#8221;full&#8221; qode_css_animation=&#8221;&#8221;][vc_empty_space][vc_single_image image=&#8221;19320&#8243; img_size=&#8221;full&#8221; qode_css_animation=&#8221;&#8221;][vc_empty_space][vc_column_text]<\/p>\n<p class=\"kepalairas_cim_jobb\">Fot\u00f3k: Juh\u00e1sz G. Tam\u00e1s<\/p>\n<p>[\/vc_column_text][\/vc_column][\/vc_row][vc_row css_animation=&#8221;&#8221; row_type=&#8221;row&#8221; use_row_as_full_screen_section=&#8221;no&#8221; type=&#8221;grid&#8221; angled_section=&#8221;no&#8221; text_align=&#8221;left&#8221; background_image_as_pattern=&#8221;without_pattern&#8221; template=&#8221;ism_template_1&#8243; ism_overlock=&#8221;default&#8221; sm_d_text=&#8221;<\/p>\n<h2>This content is locked<\/h2>\n<p>Share This Page To Unlock The Content!&#8221;][vc_column][vc_empty_space height=&#8221;45px&#8221;][\/vc_column][\/vc_row]<\/p>\n<\/div>","protected":false},"excerpt":{"rendered":"<p>[vc_row css_animation=&#8221;&#8221; row_type=&#8221;row&#8221; use_row_as_full_screen_section=&#8221;no&#8221; type=&#8221;grid&#8221; angled_section=&#8221;no&#8221; text_align=&#8221;left&#8221; background_image_as_pattern=&#8221;without_pattern&#8221; template=&#8221;ism_template_1&#8243; ism_overlock=&#8221;default&#8221; sm_d_text=&#8221; This content is locked&#8230;<\/p>\n","protected":false},"author":11,"featured_media":0,"parent":18894,"menu_order":0,"comment_status":"closed","ping_status":"closed","template":"full_width.php","meta":{"inline_featured_image":false,"loftloader_pro_show_once":"","loftloader_pro_page_shortcode":"","footnotes":""},"class_list":["post-19170","page","type-page","status-publish","hentry"],"_links":{"self":[{"href":"https:\/\/budapestgaleria.hu\/_\/wp-json\/wp\/v2\/pages\/19170","targetHints":{"allow":["GET"]}}],"collection":[{"href":"https:\/\/budapestgaleria.hu\/_\/wp-json\/wp\/v2\/pages"}],"about":[{"href":"https:\/\/budapestgaleria.hu\/_\/wp-json\/wp\/v2\/types\/page"}],"author":[{"embeddable":true,"href":"https:\/\/budapestgaleria.hu\/_\/wp-json\/wp\/v2\/users\/11"}],"replies":[{"embeddable":true,"href":"https:\/\/budapestgaleria.hu\/_\/wp-json\/wp\/v2\/comments?post=19170"}],"version-history":[{"count":0,"href":"https:\/\/budapestgaleria.hu\/_\/wp-json\/wp\/v2\/pages\/19170\/revisions"}],"up":[{"embeddable":true,"href":"https:\/\/budapestgaleria.hu\/_\/wp-json\/wp\/v2\/pages\/18894"}],"wp:attachment":[{"href":"https:\/\/budapestgaleria.hu\/_\/wp-json\/wp\/v2\/media?parent=19170"}],"curies":[{"name":"wp","href":"https:\/\/api.w.org\/{rel}","templated":true}]}}