{"id":19373,"date":"2023-07-18T15:30:59","date_gmt":"2023-07-18T13:30:59","guid":{"rendered":"https:\/\/budapestgaleria.hu\/_\/?page_id=19373"},"modified":"2023-12-19T12:00:31","modified_gmt":"2023-12-19T11:00:31","slug":"flaszter","status":"publish","type":"page","link":"https:\/\/budapestgaleria.hu\/_\/flaszter\/","title":{"rendered":"Flaszter"},"content":{"rendered":"<div class=\"wpb-content-wrapper\"><p>[vc_row css_animation=&#8221;&#8221; row_type=&#8221;row&#8221; use_row_as_full_screen_section=&#8221;no&#8221; type=&#8221;grid&#8221; angled_section=&#8221;no&#8221; text_align=&#8221;left&#8221; background_image_as_pattern=&#8221;without_pattern&#8221; template=&#8221;ism_template_1&#8243; ism_overlock=&#8221;default&#8221; sm_d_text=&#8221;<\/p>\n<h2>This content is locked<\/h2>\n<p>Share This Page To Unlock The Content!&#8221;][vc_column][vc_single_image image=&#8221;19444&#8243; img_size=&#8221;full&#8221; qode_css_animation=&#8221;&#8221;][vc_empty_space height=&#8221;10px&#8221;][\/vc_column][\/vc_row][vc_row css_animation=&#8221;&#8221; row_type=&#8221;row&#8221; use_row_as_full_screen_section=&#8221;no&#8221; type=&#8221;grid&#8221; angled_section=&#8221;no&#8221; text_align=&#8221;left&#8221; background_image_as_pattern=&#8221;without_pattern&#8221;][vc_column][vc_empty_space height=&#8221;45px&#8221;][vc_column_text]<\/p>\n<h1 class=\"cim_1\"><em>Flaszter<\/em><\/h1>\n<p>[\/vc_column_text][vc_empty_space height=&#8221;45px&#8221;][vc_column_text]<\/p>\n<h1 class=\"alcim\">1. Budapesti K\u00f6zt\u00e9ri Kort\u00e1rs M\u0171v\u00e9szeti Bienn\u00e1le<\/h1>\n<p>[\/vc_column_text][vc_empty_space height=&#8221;45px&#8221;][\/vc_column][\/vc_row][vc_row css_animation=&#8221;&#8221; row_type=&#8221;row&#8221; use_row_as_full_screen_section=&#8221;no&#8221; type=&#8221;grid&#8221; angled_section=&#8221;no&#8221; text_align=&#8221;left&#8221; background_image_as_pattern=&#8221;without_pattern&#8221; bgparallax=&#8221;parallax&#8221; contentwidth=&#8221;container&#8221; toppadding=&#8221;40&#8243; bottompadding=&#8221;10&#8243; border=&#8221;on&#8221; css=&#8221;.vc_custom_1420648296958{background-color: #ffffff !important;}&#8221;][vc_column width=&#8221;1\/3&#8243; el_class=&#8221;full-1&#8243; css=&#8221;.vc_custom_1692944128057{padding-right: 25px !important;}&#8221;][vc_column_text]<\/p>\n<p class=\"hely_bpgal\">Budapest k\u00f6zterei (pontos helysz\u00ednek a projektle\u00edr\u00e1sok alatt)<\/p>\n<p class=\"datum_bpgal\">2023. szeptember 22. \u2013 okt\u00f3ber 23.<\/p>\n<p>[\/vc_column_text][vc_column_text]<\/p>\n<p class=\"kiemeles_bpgal\">R\u00e9sztvev\u0151 m\u0171v\u00e9szek:<\/p>\n<p class=\"verzal_bpgal\">Antal Bal\u00e1zs | Bartha M\u00e1rk, Borsos Luca | B\u00edr\u00f3 Anna, Fajgern\u00e9 Dud\u00e1s Andrea, Szab\u00f3 Eszter \u00c1gnes | Bogy\u00f3 Vir\u00e1g, Mad\u00e1csi Fl\u00f3ra | DePART T\u00e1rsulat | Horv\u00e1th Gideon | Kelemen Krist\u00f3f, T\u00f6r\u00f6k T\u00edmea | Petr\u00e1nyi Luca | Sug\u00e1r J\u00e1nos | Valyo &#8211; V\u00e1ros \u00e9s Foly\u00f3 Egyes\u00fclet<\/p>\n<p>[\/vc_column_text][vc_column_text]<\/p>\n<p class=\"kiemeles_bpgal\">Projekt koordin\u00e1tor:<\/p>\n<p class=\"verzal_bpgal\">Darabos Di\u00e1na<\/p>\n<p>[\/vc_column_text][vc_column_text]<\/p>\n<p class=\"kiemeles_bpgal\">Gyakornok:<\/p>\n<p class=\"verzal_bpgal\">T\u00f3th Fanni<\/p>\n<p>[\/vc_column_text][vc_column_text]<\/p>\n<p class=\"kiemeles_bpgal\">Grafikai arculat:<\/p>\n<p class=\"verzal_bpgal\">Kozma D\u00e1niel<\/p>\n<p class=\"kiemeles_bpgal\">Grafikus gyakornok:<\/p>\n<p class=\"verzal_bpgal\">Szab\u00f3 Vikt\u00f3ria<\/p>\n<p>[\/vc_column_text][vc_empty_space][vc_column_text]<a href=\"https:\/\/budapestgaleria.hu\/_\/flaszter-naptar\/\">PROGRAM NAPT\u00c1R<\/a>[\/vc_column_text][vc_empty_space][vc_column_text]<\/p>\n<p class=\"kiemeles_bpgal\">Blog:<\/p>\n<p class=\"verzal_bpgal\"><a href=\"https:\/\/flaszter-biennale.blog.hu\/\">https:\/\/flaszter-biennale.blog.hu\/<\/a><\/p>\n<p>[\/vc_column_text][vc_column_text]<\/p>\n<p class=\"kiemeles_bpgal\">M\u0171v\u00e9szetpedag\u00f3giai programok:<\/p>\n<p class=\"verzal_bpgal\"><a href=\"https:\/\/budapestgaleria.hu\/_\/flaszter-muveszetpedagogia\">https:\/\/budapestgaleria.hu\/_<br \/>\n\/flaszter-muveszetpedagogia<\/a>\/<\/p>\n<p>[\/vc_column_text][vc_empty_space][\/vc_column][vc_column width=&#8221;2\/3&#8243; el_class=&#8221;full-2&#8243;][vc_column_text]A flaszter, a v\u00e1rosi burkolat, fel\u00fcletet k\u00e9pez: \u00edrni, rajzolni, \u00e9p\u00edteni lehet r\u00e1, ugyanakkor elfed, bebor\u00edt, kiegyenl\u00edt \u00e9s l\u00e1thatatlann\u00e1 tesz. A flasztert hol koptatni, hol belakni, hol felt\u00f6rni j\u00f3. R\u00f3juk nap, mint nap, de sejtelm\u00fcnk sincs, mit takar. Olyan, mint a v\u00e1ros: azt hissz\u00fck, ismerj\u00fck, de csak r\u00e9szeit \u00e9s pillanatait, a k\u00e9p mindig m\u00e1shogy \u00e1ll \u00f6ssze.<\/p>\n<p>A <em>Budapest 150<\/em> c\u00edm\u0171, Pest, Buda \u00e9s \u00d3buda egyes\u00edt\u00e9s\u00e9nek 150. \u00e9vfordul\u00f3j\u00e1t \u00fcnnepl\u0151 programsorozat r\u00e9szek\u00e9nt 2023. szeptember 22. \u00e9s okt\u00f3ber 23. k\u00f6z\u00f6tt FLASZTER c\u00edmmel rendezik meg az 1. Budapesti K\u00f6zt\u00e9ri Kort\u00e1rs M\u0171v\u00e9szeti Bienn\u00e1l\u00e9t, amelynek alkot\u00e1sait \u00e9s esem\u00e9nyeit t\u00edz helysz\u00ednen \u00e9s t\u00f6bb alkalommal mutatj\u00e1k be. A k\u00f6zt\u00e9ri esem\u00e9nysorozat c\u00e9lja, hogy kort\u00e1rs m\u0171v\u00e9szeti produkci\u00f3kkal h\u00edvja fel a figyelmet Budapest elfeledett t\u00f6rt\u00e9neteire, \u00faj lehet\u0151s\u00e9get adjon az eml\u00e9kez\u00e9sre, a v\u00e1ros m\u00e1s szempont\u00fa megtapasztal\u00e1s\u00e1ra, l\u00e1thatatlan k\u00f6z\u00f6ss\u00e9gek bemutat\u00e1s\u00e1ra \u00e9s \u00faj kapcsolatok teremt\u00e9s\u00e9re. A k\u00f6zt\u00e9r k\u00f6z\u00f6ss\u00e9gi jellege ma v\u00e1gyak \u00e9s elv\u00e1r\u00e1sok \u00fctk\u00f6z\u0151je: sokszor azt \u00e9rezz\u00fck, hogy \u00e9pp a \u201ck\u00f6z\u201d szorul legink\u00e1bb ki a k\u00f6zt\u00e9rr\u0151l. Ahhoz, hogy ez ne k\u00f6vetkezzen be, sokf\u00e9le m\u00f3don kell haszn\u00e1latba venn\u00fcnk a v\u00e1rost, kapcsol\u00f3dni m\u00faltj\u00e1hoz \u00e9s alak\u00edtani jelen\u00e9t. A kort\u00e1rs m\u0171v\u00e9szeti p\u00e9ld\u00e1k ehhez f\u0171znek javaslatokat.<\/p>\n<p>Az egy h\u00f3napon \u00e1t zajl\u00f3 programsorozat k\u00f6zt\u00e9ri m\u0171alkot\u00e1sokat, performanszokat, esem\u00e9nyeket, tal\u00e1lkoz\u00e1sokat hoz l\u00e9tre r\u00f6videbb-hosszabb ideig a f\u0151v\u00e1ros k\u00fcl\u00f6nb\u00f6z\u0151 helysz\u00ednein, a BTM Budapest Gal\u00e9ria koordin\u00e1l\u00e1s\u00e1ban.<br \/>\n[\/vc_column_text][vc_empty_space][vc_separator type=&#8221;normal&#8221; color=&#8221;#6d6d6d&#8221;][vc_empty_space][vc_column_text]<strong>A <a href=\"https:\/\/flaszter-biennale.blog.hu\/\">FLASZTER blogj\u00e1n<\/a> heti rendszeress\u00e9ggel olvashatnak az esem\u00e9ny h\u00e1tter\u00e9r\u0151l, el\u0151k\u00e9sz\u00fcleteir\u0151l \u00e9s projektjeir\u0151l.<\/strong> [\/vc_column_text][vc_empty_space][vc_separator type=&#8221;normal&#8221; color=&#8221;#6d6d6d&#8221;][vc_empty_space][vc_column_text]<\/p>\n<h1 class=\"alcim\">A projektek:<\/h1>\n<p>[\/vc_column_text][vc_empty_space][vc_single_image image=&#8221;19497&#8243; img_size=&#8221;full&#8221; onclick=&#8221;custom_link&#8221; img_link_target=&#8221;_blank&#8221; qode_css_animation=&#8221;&#8221; qode_hover_animation=&#8221;zoom_in&#8221; link=&#8221;https:\/\/budapestgaleria.hu\/_\/flaszter\/antal-balazs-fulke\/&#8221;][vc_empty_space][vc_single_image image=&#8221;19499&#8243; img_size=&#8221;full&#8221; onclick=&#8221;custom_link&#8221; img_link_target=&#8221;_blank&#8221; qode_css_animation=&#8221;&#8221; qode_hover_animation=&#8221;zoom_in&#8221; link=&#8221;https:\/\/budapestgaleria.hu\/_\/flaszter\/borsos-luca-bartha-mark-mozgasban-a-kornyek\/&#8221;][vc_empty_space][vc_single_image image=&#8221;19501&#8243; img_size=&#8221;full&#8221; onclick=&#8221;custom_link&#8221; img_link_target=&#8221;_blank&#8221; qode_css_animation=&#8221;&#8221; qode_hover_animation=&#8221;zoom_in&#8221; link=&#8221;https:\/\/budapestgaleria.hu\/_\/flaszter\/common-jam-map\/&#8221;][vc_empty_space][vc_single_image image=&#8221;19503&#8243; img_size=&#8221;full&#8221; onclick=&#8221;custom_link&#8221; img_link_target=&#8221;_blank&#8221; qode_css_animation=&#8221;&#8221; qode_hover_animation=&#8221;zoom_in&#8221; link=&#8221;https:\/\/budapestgaleria.hu\/_\/flaszter\/bogyo-virag-madacsi-flora-jatszoutca\/&#8221;][vc_empty_space][vc_single_image image=&#8221;19505&#8243; img_size=&#8221;full&#8221; onclick=&#8221;custom_link&#8221; img_link_target=&#8221;_blank&#8221; qode_css_animation=&#8221;&#8221; qode_hover_animation=&#8221;zoom_in&#8221; link=&#8221;https:\/\/budapestgaleria.hu\/_\/flaszter\/depart-ha-mindenki-meghallana\/&#8221;][vc_empty_space][vc_single_image image=&#8221;19507&#8243; img_size=&#8221;full&#8221; onclick=&#8221;custom_link&#8221; img_link_target=&#8221;_blank&#8221; qode_css_animation=&#8221;&#8221; qode_hover_animation=&#8221;zoom_in&#8221; link=&#8221;https:\/\/budapestgaleria.hu\/_\/flaszter\/horvath-gideon-emlek-ami-lehetett-volna\/&#8221;][vc_empty_space][vc_single_image image=&#8221;19519&#8243; img_size=&#8221;full&#8221; onclick=&#8221;custom_link&#8221; img_link_target=&#8221;_blank&#8221; qode_css_animation=&#8221;&#8221; qode_hover_animation=&#8221;zoom_in&#8221; link=&#8221;https:\/\/budapestgaleria.hu\/_\/flaszter\/kelemen-kristof-torok-timea-eletvitelszeru\/&#8221;][vc_empty_space][vc_single_image image=&#8221;19521&#8243; img_size=&#8221;full&#8221; onclick=&#8221;custom_link&#8221; img_link_target=&#8221;_blank&#8221; qode_css_animation=&#8221;&#8221; qode_hover_animation=&#8221;zoom_in&#8221; link=&#8221;https:\/\/budapestgaleria.hu\/_\/flaszter\/petranyi-luca-futas-szent-margittal\/&#8221;][vc_empty_space][vc_single_image image=&#8221;19523&#8243; img_size=&#8221;full&#8221; onclick=&#8221;custom_link&#8221; img_link_target=&#8221;_blank&#8221; qode_css_animation=&#8221;&#8221; qode_hover_animation=&#8221;zoom_in&#8221; link=&#8221;https:\/\/budapestgaleria.hu\/_\/flaszter\/sugar-janos-elnezest\/&#8221;][vc_empty_space][vc_single_image image=&#8221;19525&#8243; img_size=&#8221;full&#8221; onclick=&#8221;custom_link&#8221; img_link_target=&#8221;_blank&#8221; qode_css_animation=&#8221;&#8221; qode_hover_animation=&#8221;zoom_in&#8221; link=&#8221;https:\/\/budapestgaleria.hu\/_\/flaszter\/valyo-fauszodak-budapesten\/&#8221;][vc_empty_space height=&#8221;45px&#8221;][vc_single_image image=&#8221;19467&#8243; img_size=&#8221;150&#215;150&#8243; onclick=&#8221;custom_link&#8221; qode_css_animation=&#8221;&#8221; link=&#8221;https:\/\/150.budapest.hu\/&#8221;][\/vc_column][\/vc_row][vc_row css_animation=&#8221;&#8221; row_type=&#8221;row&#8221; use_row_as_full_screen_section=&#8221;no&#8221; type=&#8221;grid&#8221; angled_section=&#8221;no&#8221; text_align=&#8221;left&#8221; background_image_as_pattern=&#8221;without_pattern&#8221; template=&#8221;ism_template_1&#8243; ism_overlock=&#8221;default&#8221; sm_d_text=&#8221;<\/p>\n<h2>This content is locked<\/h2>\n<p>Share This Page To Unlock The Content!&#8221;][vc_column][vc_empty_space height=&#8221;45px&#8221;][\/vc_column][\/vc_row]<\/p>\n<\/div>","protected":false},"excerpt":{"rendered":"<p>[vc_row css_animation=&#8221;&#8221; row_type=&#8221;row&#8221; use_row_as_full_screen_section=&#8221;no&#8221; type=&#8221;grid&#8221; angled_section=&#8221;no&#8221; text_align=&#8221;left&#8221; background_image_as_pattern=&#8221;without_pattern&#8221; template=&#8221;ism_template_1&#8243; ism_overlock=&#8221;default&#8221; sm_d_text=&#8221; This content is locked&#8230;<\/p>\n","protected":false},"author":11,"featured_media":0,"parent":0,"menu_order":0,"comment_status":"closed","ping_status":"closed","template":"","meta":{"inline_featured_image":false,"loftloader_pro_show_once":"","loftloader_pro_page_shortcode":"","footnotes":""},"class_list":["post-19373","page","type-page","status-publish","hentry"],"_links":{"self":[{"href":"https:\/\/budapestgaleria.hu\/_\/wp-json\/wp\/v2\/pages\/19373","targetHints":{"allow":["GET"]}}],"collection":[{"href":"https:\/\/budapestgaleria.hu\/_\/wp-json\/wp\/v2\/pages"}],"about":[{"href":"https:\/\/budapestgaleria.hu\/_\/wp-json\/wp\/v2\/types\/page"}],"author":[{"embeddable":true,"href":"https:\/\/budapestgaleria.hu\/_\/wp-json\/wp\/v2\/users\/11"}],"replies":[{"embeddable":true,"href":"https:\/\/budapestgaleria.hu\/_\/wp-json\/wp\/v2\/comments?post=19373"}],"version-history":[{"count":0,"href":"https:\/\/budapestgaleria.hu\/_\/wp-json\/wp\/v2\/pages\/19373\/revisions"}],"wp:attachment":[{"href":"https:\/\/budapestgaleria.hu\/_\/wp-json\/wp\/v2\/media?parent=19373"}],"curies":[{"name":"wp","href":"https:\/\/api.w.org\/{rel}","templated":true}]}}