{"id":19976,"date":"2023-11-01T16:50:28","date_gmt":"2023-11-01T15:50:28","guid":{"rendered":"https:\/\/budapestgaleria.hu\/_\/?page_id=19976"},"modified":"2024-02-09T10:56:56","modified_gmt":"2024-02-09T09:56:56","slug":"csaky-marianne-egy-varos-meseje","status":"publish","type":"page","link":"https:\/\/budapestgaleria.hu\/_\/2023-kiallitasok\/csaky-marianne-egy-varos-meseje\/","title":{"rendered":"Cs\u00e1ky Marianne | Egy v\u00e1ros mes\u00e9je"},"content":{"rendered":"<div class=\"wpb-content-wrapper\"><p>[vc_row css_animation=&#8221;&#8221; row_type=&#8221;row&#8221; use_row_as_full_screen_section=&#8221;no&#8221; type=&#8221;grid&#8221; angled_section=&#8221;no&#8221; text_align=&#8221;left&#8221; background_image_as_pattern=&#8221;without_pattern&#8221; template=&#8221;ism_template_1&#8243; ism_overlock=&#8221;default&#8221; sm_d_text=&#8221;<\/p>\n<h2>This content is locked<\/h2>\n<p>Share This Page To Unlock The Content!&#8221;][vc_column][vc_single_image image=&#8221;20007&#8243; img_size=&#8221;full&#8221; qode_css_animation=&#8221;&#8221;][\/vc_column][\/vc_row][vc_row css_animation=&#8221;&#8221; row_type=&#8221;row&#8221; use_row_as_full_screen_section=&#8221;no&#8221; type=&#8221;grid&#8221; angled_section=&#8221;no&#8221; text_align=&#8221;left&#8221; background_image_as_pattern=&#8221;without_pattern&#8221;][vc_column][vc_empty_space height=&#8221;45px&#8221;][vc_column_text]<\/p>\n<h1 class=\"cim_1\"><em>Egy v\u00e1ros mes\u00e9je<\/em><\/h1>\n<h1 class=\"alcim\">Cs\u00e1ky Marianne ki\u00e1ll\u00edt\u00e1sa<\/h1>\n<p>[\/vc_column_text][vc_empty_space height=&#8221;45px&#8221;][\/vc_column][\/vc_row][vc_row css_animation=&#8221;&#8221; row_type=&#8221;row&#8221; use_row_as_full_screen_section=&#8221;no&#8221; type=&#8221;grid&#8221; angled_section=&#8221;no&#8221; text_align=&#8221;left&#8221; background_image_as_pattern=&#8221;without_pattern&#8221; bgparallax=&#8221;parallax&#8221; contentwidth=&#8221;container&#8221; toppadding=&#8221;40&#8243; bottompadding=&#8221;10&#8243; border=&#8221;on&#8221; css=&#8221;.vc_custom_1420648296958{background-color: #ffffff !important;}&#8221;][vc_column width=&#8221;1\/3&#8243; css=&#8221;.vc_custom_1427029754112{padding-right: 25px !important;}&#8221; el_class=&#8221;full-1&#8243;][vc_column_text]<\/p>\n<p class=\"hely_bpgal\">Budapest Gal\u00e9ria<\/p>\n<p class=\"cim_bpgal\">1036 Budapest, Lajos utca 158. (f\u00f6ldszint)<\/p>\n<p class=\"datum_bpgal\">2023. november 15. \u2013 2024. janu\u00e1r 28. (meghosszabb\u00edtva!)<\/p>\n<p>[\/vc_column_text][vc_column_text]<\/p>\n<p class=\"kiemeles_bpgal\">Kur\u00e1tor:<\/p>\n<p class=\"verzal_bpgal\">Koll\u00e1r Dalma Eszter<\/p>\n<p>[\/vc_column_text][vc_column_text]<\/p>\n<p class=\"kiemeles_bpgal\">Grafika:<\/p>\n<p class=\"verzal_bpgal\">P\u00e1lhegyi Fl\u00f3ra<\/p>\n<p>[\/vc_column_text][vc_column_text]<\/p>\n<p class=\"kiemeles_bpgal\">Megnyit\u00f3:<\/p>\n<p class=\"datum_bpgal_2\">2023. november 14., (kedd) 18:00<\/p>\n<p class=\"kiemeles_bpgal\">Zenei performansz:<\/p>\n<p class=\"verzal_bpgal\">Porteleki \u00c1ron<\/p>\n<p>[\/vc_column_text][vc_empty_space][\/vc_column][vc_column width=&#8221;2\/3&#8243; el_class=&#8221;full-2&#8243;][vc_column_text]Egy v\u00e1rosnak nincs saj\u00e1t mes\u00e9je. A v\u00e1ros mes\u00e9je az emberek mes\u00e9je: az ott lak\u00f3k, az \u00e1thalad\u00f3k, a tov\u00e1bb\u00e1ll\u00f3k t\u00f6rt\u00e9neteinek \u00f6sszess\u00e9ge.<br \/>\nCs\u00e1ky Marianne ki\u00e1ll\u00edt\u00e1sa \u2013 benne a legfrissebb m\u0171veivel \u2013 ez\u00e9rt az emberi viszonyokra, az ezeket kifejezni k\u00e9pes apr\u00f3 mozdulatokra, gesztusokra f\u00f3kusz\u00e1l, k\u00fcl\u00f6n\u00f6sen akkor, amikor e helyzetek a t\u00f6rt\u00e9nelem nagy horderej\u0171 esem\u00e9nyeit\u0151l k\u00f6r\u00fcl\u00f6lelve sz\u00fcletnek meg. Ezt a mikro-makro viszonyt er\u0151s\u00edti az alkot\u00e1sok id\u0151belis\u00e9ge, azaz ink\u00e1bb id\u0151n k\u00edv\u00fclis\u00e9ge is. Cs\u00e1ky az egy\u00e9ni \u00e9s a kollekt\u00edv eml\u00e9kezet lenyomatait vizsg\u00e1lva be\u00e9p\u00edti a m\u0171vekbe a 20. sz\u00e1zadi t\u00f6rt\u00e9nelem fot\u00f3dokumentumait \u00e9s saj\u00e1t, \u00e9vtizedekkel kor\u00e1bbi munk\u00e1it is \u2013 teszi mindezt egy j\u00f6v\u0151beli, elk\u00e9pzelt k\u00f6rnyezetbe helyezve. A fot\u00f3, a rajz, a plasztika \u00e9s a vide\u00f3 eszk\u00f6zeivel egym\u00e1s mell\u00e9 ker\u00fclnek a h\u00e9tk\u00f6znapi \u00e9let \u00e9s a modernkori t\u00f6rt\u00e9nelem abszurdit\u00e1sba hajl\u00f3 pillanatai, amelyek egyar\u00e1nt hordozz\u00e1k a m\u0171v\u00e9sz szem\u00e9lyes tapasztalatait \u00e9s a (nyugati) t\u00e1rsadalom k\u00f6z\u00f6s mement\u00f3it.<\/p>\n<p>Cs\u00e1ky Marianne (1959, Budapest) els\u0151sorban fot\u00f3alap\u00fa m\u0171vek, vide\u00f3anim\u00e1ci\u00f3k, szobrok \u00e9s objektek form\u00e1j\u00e1ban foglalkozik olyan meghat\u00e1roz\u00f3 t\u00e9m\u00e1ival, mint a felmen\u0151inkt\u0151l \u00f6r\u00f6k\u00f6lt, vel\u00fcnk \u00e9l\u0151 narrat\u00edv\u00e1k, az egyes t\u00f6rt\u00e9nelmi korok politikai rendszerei \u00e9s a k\u00e9pekben rejl\u0151 val\u00f3s\u00e1g \u00fajra\u00edrhat\u00f3s\u00e1ga. Hossz\u00fa ideig \u00e9lt K\u00edn\u00e1ban, de t\u00f6lt\u00f6tt rezidenci\u00e1t Franciaorsz\u00e1gban, N\u00e9metorsz\u00e1gban, az USA-ban \u00e9s D\u00e9l Kor\u00e1ban is. Br\u00fcsszelben \u00e9s Budapesten \u00e9l \u00e9s alkot. [\/vc_column_text][vc_empty_space height=&#8221;45px&#8221;][vc_separator type=&#8221;normal&#8221; color=&#8221;#c6c6c6&#8243; up=&#8221;10&#8243; down=&#8221;20&#8243;][vc_single_image image=&#8221;19992&#8243; img_size=&#8221;256&#215;125&#8243; onclick=&#8221;custom_link&#8221; img_link_target=&#8221;_blank&#8221; qode_css_animation=&#8221;&#8221; link=&#8221;http:\/\/www.nka.hu&#8221;][vc_empty_space height=&#8221;45px&#8221;][vc_single_image image=&#8221;20877&#8243; img_size=&#8221;full&#8221; qode_css_animation=&#8221;&#8221;][vc_empty_space][vc_single_image image=&#8221;20879&#8243; img_size=&#8221;full&#8221; qode_css_animation=&#8221;&#8221;][vc_empty_space][vc_single_image image=&#8221;20881&#8243; img_size=&#8221;full&#8221; qode_css_animation=&#8221;&#8221;][vc_empty_space][vc_single_image image=&#8221;20884&#8243; img_size=&#8221;full&#8221; qode_css_animation=&#8221;&#8221;][vc_empty_space][vc_single_image image=&#8221;20886&#8243; img_size=&#8221;full&#8221; qode_css_animation=&#8221;&#8221;][vc_empty_space][vc_single_image image=&#8221;20888&#8243; img_size=&#8221;full&#8221; qode_css_animation=&#8221;&#8221;][vc_empty_space][vc_single_image image=&#8221;20890&#8243; img_size=&#8221;full&#8221; qode_css_animation=&#8221;&#8221;][vc_empty_space][vc_column_text]<\/p>\n<p class=\"kepalairas_cim_jobb\">Fot\u00f3k: Juh\u00e1sz G. Tam\u00e1s<\/p>\n<p>[\/vc_column_text][\/vc_column][\/vc_row][vc_row css_animation=&#8221;&#8221; row_type=&#8221;row&#8221; use_row_as_full_screen_section=&#8221;no&#8221; type=&#8221;grid&#8221; angled_section=&#8221;no&#8221; text_align=&#8221;left&#8221; background_image_as_pattern=&#8221;without_pattern&#8221; template=&#8221;ism_template_1&#8243; ism_overlock=&#8221;default&#8221; sm_d_text=&#8221;<\/p>\n<h2>This content is locked<\/h2>\n<p>Share This Page To Unlock The Content!&#8221;][vc_column][vc_empty_space][vc_empty_space height=&#8221;45px&#8221;][\/vc_column][\/vc_row]<\/p>\n<\/div>","protected":false},"excerpt":{"rendered":"<p>[vc_row css_animation=&#8221;&#8221; row_type=&#8221;row&#8221; use_row_as_full_screen_section=&#8221;no&#8221; type=&#8221;grid&#8221; angled_section=&#8221;no&#8221; text_align=&#8221;left&#8221; background_image_as_pattern=&#8221;without_pattern&#8221; template=&#8221;ism_template_1&#8243; ism_overlock=&#8221;default&#8221; sm_d_text=&#8221; This content is locked&#8230;<\/p>\n","protected":false},"author":11,"featured_media":0,"parent":18894,"menu_order":0,"comment_status":"closed","ping_status":"closed","template":"full_width.php","meta":{"inline_featured_image":false,"loftloader_pro_show_once":"","loftloader_pro_page_shortcode":"","footnotes":""},"class_list":["post-19976","page","type-page","status-publish","hentry"],"_links":{"self":[{"href":"https:\/\/budapestgaleria.hu\/_\/wp-json\/wp\/v2\/pages\/19976","targetHints":{"allow":["GET"]}}],"collection":[{"href":"https:\/\/budapestgaleria.hu\/_\/wp-json\/wp\/v2\/pages"}],"about":[{"href":"https:\/\/budapestgaleria.hu\/_\/wp-json\/wp\/v2\/types\/page"}],"author":[{"embeddable":true,"href":"https:\/\/budapestgaleria.hu\/_\/wp-json\/wp\/v2\/users\/11"}],"replies":[{"embeddable":true,"href":"https:\/\/budapestgaleria.hu\/_\/wp-json\/wp\/v2\/comments?post=19976"}],"version-history":[{"count":0,"href":"https:\/\/budapestgaleria.hu\/_\/wp-json\/wp\/v2\/pages\/19976\/revisions"}],"up":[{"embeddable":true,"href":"https:\/\/budapestgaleria.hu\/_\/wp-json\/wp\/v2\/pages\/18894"}],"wp:attachment":[{"href":"https:\/\/budapestgaleria.hu\/_\/wp-json\/wp\/v2\/media?parent=19976"}],"curies":[{"name":"wp","href":"https:\/\/api.w.org\/{rel}","templated":true}]}}