{"id":19991,"date":"2023-11-02T12:29:56","date_gmt":"2023-11-02T11:29:56","guid":{"rendered":"https:\/\/budapestgaleria.hu\/_\/?page_id=19991"},"modified":"2024-02-09T12:00:12","modified_gmt":"2024-02-09T11:00:12","slug":"varju-toth-balazs-a-legrovidebb-ido-elve","status":"publish","type":"page","link":"https:\/\/budapestgaleria.hu\/_\/2023-kiallitasok\/varju-toth-balazs-a-legrovidebb-ido-elve\/","title":{"rendered":"Varju T\u00f3th Bal\u00e1zs | A legr\u00f6videbb id\u0151 elve"},"content":{"rendered":"<div class=\"wpb-content-wrapper\"><p>[vc_row css_animation=&#8221;&#8221; row_type=&#8221;row&#8221; use_row_as_full_screen_section=&#8221;no&#8221; type=&#8221;grid&#8221; angled_section=&#8221;no&#8221; text_align=&#8221;left&#8221; background_image_as_pattern=&#8221;without_pattern&#8221; template=&#8221;ism_template_1&#8243; ism_overlock=&#8221;default&#8221; sm_d_text=&#8221;<\/p>\n<h2>This content is locked<\/h2>\n<p>Share This Page To Unlock The Content!&#8221;][vc_column][vc_single_image image=&#8221;20074&#8243; img_size=&#8221;full&#8221; qode_css_animation=&#8221;&#8221;][\/vc_column][\/vc_row][vc_row css_animation=&#8221;&#8221; row_type=&#8221;row&#8221; use_row_as_full_screen_section=&#8221;no&#8221; type=&#8221;grid&#8221; angled_section=&#8221;no&#8221; text_align=&#8221;left&#8221; background_image_as_pattern=&#8221;without_pattern&#8221;][vc_column][vc_empty_space height=&#8221;45px&#8221;][vc_column_text]<\/p>\n<h1 class=\"cim_1\"><em>A legr\u00f6videbb id\u0151 elve<\/em><\/h1>\n<h1 class=\"alcim\">Varju T\u00f3th Bal\u00e1zs ki\u00e1ll\u00edt\u00e1sa<\/h1>\n<p>[\/vc_column_text][vc_empty_space height=&#8221;45px&#8221;][\/vc_column][\/vc_row][vc_row css_animation=&#8221;&#8221; row_type=&#8221;row&#8221; use_row_as_full_screen_section=&#8221;no&#8221; type=&#8221;grid&#8221; angled_section=&#8221;no&#8221; text_align=&#8221;left&#8221; background_image_as_pattern=&#8221;without_pattern&#8221; bgparallax=&#8221;parallax&#8221; contentwidth=&#8221;container&#8221; toppadding=&#8221;40&#8243; bottompadding=&#8221;10&#8243; border=&#8221;on&#8221; css=&#8221;.vc_custom_1420648296958{background-color: #ffffff !important;}&#8221;][vc_column width=&#8221;1\/3&#8243; css=&#8221;.vc_custom_1427029754112{padding-right: 25px !important;}&#8221; el_class=&#8221;full-1&#8243;][vc_column_text]<\/p>\n<p class=\"hely_bpgal\">Budapest Gal\u00e9ria<\/p>\n<p class=\"cim_bpgal\">1036 Budapest, Lajos utca 158. (emelet)<\/p>\n<p class=\"datum_bpgal\">2023. november 15. \u2013 2024. janu\u00e1r 28. (meghosszabb\u00edtva!)<\/p>\n<p>[\/vc_column_text][vc_column_text]<\/p>\n<p class=\"kiemeles_bpgal\">Kur\u00e1tor:<\/p>\n<p class=\"verzal_bpgal\">Gad\u00f3 Fl\u00f3ra<\/p>\n<p>[\/vc_column_text][vc_column_text]<\/p>\n<p class=\"kiemeles_bpgal\">Grafika<\/p>\n<p class=\"verzal_bpgal\">Zaj\u00e1cz Petra<\/p>\n<p>[\/vc_column_text][vc_column_text]<\/p>\n<p class=\"kiemeles_bpgal\">Megnyit\u00f3:<\/p>\n<p class=\"datum_bpgal_2\">2023. november 14., (kedd) 18:00<\/p>\n<p class=\"kiemeles_bpgal\">Zenei performansz:<\/p>\n<p class=\"verzal_bpgal\">Porteleki \u00c1ron<\/p>\n<p>[\/vc_column_text][vc_empty_space][\/vc_column][vc_column width=&#8221;2\/3&#8243; el_class=&#8221;full-2&#8243;][vc_column_text]A ki\u00e1ll\u00edt\u00e1s tulajdonk\u00e9ppen egyetlen hangot \u00e9s mozg\u00f3k\u00e9pet mag\u00e1ban foglal\u00f3 m\u0171, amely egyszerre reflekt\u00e1l a Budapest Gal\u00e9ria tereire \u00e9s mozdul t\u0151l\u00fck el. A h\u00e1rom \u00e9ve Hollandi\u00e1ban \u00e9l\u0151 m\u0171v\u00e9sz ezen munk\u00e1ja absztrakt m\u00f3don besz\u00e9l a saj\u00e1t hely\u00fcnk keres\u00e9s\u00e9nek \u00e9s megtal\u00e1l\u00e1snak k\u00e9rd\u00e9s\u00e9r\u0151l. Milyen orient\u00e1ci\u00f3s pontok seg\u00edtenek abban, hogy eligazodjunk saj\u00e1t \u00e9let\u00fcnkben? \u00c9s mi t\u00f6rt\u00e9nik, ha ezek a pontok instabill\u00e1 v\u00e1lnak? Egy\u00e1ltal\u00e1n: \u00e9rezhetj\u00fck-e magunkat otthonosan a vil\u00e1gban vagy sz\u00fcks\u00e9gszer\u0171 a talajvesztetts\u00e9g? A ki\u00e1ll\u00edt\u00e1sban k\u00fcl\u00f6nb\u00f6z\u0151 terek (lak\u00f3helyek, ki\u00e1ll\u00edt\u00f3terek) jelennek meg a bizonyoss\u00e1g megtal\u00e1l\u00e1snak lehets\u00e9ges helysz\u00edneik\u00e9nt, hogy azt\u00e1n a minket k\u00eds\u00e9r\u0151, egyes sz\u00e1m els\u0151 szem\u00e9ly\u0171 hanginstall\u00e1ci\u00f3 az ezzel kapcsolatos k\u00e9telyeket vesse fel.<\/p>\n<p>Varju T\u00f3th Bal\u00e1zs az elm\u00falt \u00e9vekben kezdett el k\u00eds\u00e9rletezni a sz\u00f6veg\u00edr\u00e1ssal. A r\u00e9szben autofikci\u00f3, r\u00e9szben k\u00eds\u00e9rleti sz\u00f6veg egy t\u00f6rt\u00e9net n\u00e9lk\u00fcli, filozofikus narrat\u00edv\u00e1t hoz l\u00e9tre, amelyben az otthonkeres\u00e9s, el\/kimozdul\u00e1s, bez\u00e1rts\u00e1g, v\u00e1ltoz\u00e1s(ra val\u00f3 ig\u00e9ny), idegens\u00e9g \u00f6sszef\u00fcgg\u00e9sei tematiz\u00e1l\u00f3dnak. A felvillan\u00f3 mozg\u00f3k\u00e9pek k\u00fcl\u00f6nb\u00f6z\u0151, a t\u00e1j\u00e9koz\u00f3d\u00e1st \u00e9s a figyelm\u00fcnk r\u00f6gz\u00edt\u00e9s\u00e9t seg\u00edt\u0151 helysz\u00ednek, terek metafor\u00e1ik\u00e9nt \u00e9rtelmezhet\u0151k, mint p\u00e9ld\u00e1ul a vil\u00e1g\u00edt\u00f3torony jelz\u0151f\u00e9nye vagy egy szoba \u00fcress\u00e9ge. Fontos azonban, hogy ezek a r\u00f6vid jelenetek nem a ki\u00e1ll\u00edt\u00f3t\u00e9ren v\u00e9gigvonul\u00f3 hanganyag illusztr\u00e1ci\u00f3i: a m\u0171v\u00e9szt \u00e9ppen a sz\u00f6veg \u00e9s k\u00e9pek viszonya, az azon kereszt\u00fcli elbizonytalan\u00edt\u00e1s \u00e9s fesz\u00fclts\u00e9gteremt\u00e9s \u00e9rdekli. A c\u00edmad\u00f3 kifejez\u00e9s a fizik\u00e1ban a f\u00e9nysugarak k\u00e9t pont k\u00f6z\u00f6tti legr\u00f6videbb id\u0151 alatt megtett \u00fatj\u00e1t jelenti: a ki\u00e1ll\u00edt\u00e1s k\u00eds\u00e9rlet egy immerz\u00edv vide\u00f3install\u00e1ci\u00f3 l\u00e9trehoz\u00e1s\u00e1ra, amely ugyanakkor nem a totalit\u00e1sra t\u00f6rekszik, hanem a t\u00f6red\u00e9kess\u00e9gre, \u00e9s az elbesz\u00e9l\u00e9s neh\u00e9zs\u00e9geire, t\u00f6r\u00e9spontjaira, zavaraira mutat r\u00e1.[\/vc_column_text][vc_empty_space][vc_separator type=&#8221;normal&#8221; color=&#8221;#c6c6c6&#8243; up=&#8221;10&#8243; down=&#8221;20&#8243;][vc_empty_space][vc_column_text]Varju T\u00f3th Bal\u00e1zs (1990) Amszterdamban \u00e9s Budapesten \u00e9l \u00e9s dolgozik. Tanulm\u00e1nyait az ELTE-n (Filmelm\u00e9let, filmt\u00f6rt\u00e9net), a MOME-n (Media Design) \u00e9s az amszterdami Sandberg Instituuton (Fine Arts) v\u00e9gezte. 2019-ben Derkovits \u00f6szt\u00f6nd\u00edjas volt, 2017 \u00f3ta az FKSE tagja.<\/p>\n<p>Jellemz\u0151en vide\u00f3install\u00e1ci\u00f3kat k\u00e9sz\u00edt. Munk\u00e1iban a hangz\u00f3 \u00e9s \u00edrott sz\u00f6veg is fontos szereppel b\u00edr \u2013 ak\u00e1r a mozg\u00f3k\u00e9pek r\u00e9szek\u00e9nt, ak\u00e1r azokon k\u00edv\u00fcl \u2013, valamint a repet\u00edci\u00f3, az id\u0151beli elny\u00fajtotts\u00e1g is meghat\u00e1roz\u00f3 jelent\u0151s\u00e9g\u0171ek. Az ut\u00f3bbi \u00e9vekben \u00e9rdekl\u0151d\u00e9se egyre ink\u00e1bb ontol\u00f3giai k\u00e9rd\u00e9sek fel\u00e9 fordult. M\u0171vei egy olyan vil\u00e1got vesznek alapul, melyben az individuumnak kev\u00e9s r\u00e1hat\u00e1sa van a k\u00f6r\u00fcl\u00f6tte l\u00e9v\u0151 vil\u00e1g t\u00f6rt\u00e9n\u00e9seire, s melyben a kiszolg\u00e1ltatotts\u00e1g alap\u00e9lm\u00e9ny.[\/vc_column_text][vc_empty_space height=&#8221;45px&#8221;][vc_separator type=&#8221;normal&#8221; color=&#8221;#c6c6c6&#8243; up=&#8221;10&#8243; down=&#8221;20&#8243;][vc_single_image image=&#8221;19992&#8243; img_size=&#8221;256&#215;125&#8243; onclick=&#8221;custom_link&#8221; img_link_target=&#8221;_blank&#8221; qode_css_animation=&#8221;&#8221; link=&#8221;http:\/\/www.nka.hu&#8221;][vc_empty_space][vc_single_image image=&#8221;19154&#8243; img_size=&#8221;266&#215;80&#8243; qode_css_animation=&#8221;&#8221;][vc_empty_space height=&#8221;45px&#8221;][vc_single_image image=&#8221;20895&#8243; img_size=&#8221;full&#8221; qode_css_animation=&#8221;&#8221;][vc_empty_space][vc_single_image image=&#8221;20897&#8243; img_size=&#8221;full&#8221; qode_css_animation=&#8221;&#8221;][vc_empty_space][vc_single_image image=&#8221;20899&#8243; img_size=&#8221;full&#8221; qode_css_animation=&#8221;&#8221;][vc_empty_space][vc_single_image image=&#8221;20902&#8243; img_size=&#8221;full&#8221; qode_css_animation=&#8221;&#8221;][vc_empty_space][vc_single_image image=&#8221;20904&#8243; img_size=&#8221;full&#8221; qode_css_animation=&#8221;&#8221;][vc_empty_space][vc_single_image image=&#8221;20906&#8243; img_size=&#8221;full&#8221; qode_css_animation=&#8221;&#8221;][vc_empty_space][vc_single_image image=&#8221;20908&#8243; img_size=&#8221;full&#8221; qode_css_animation=&#8221;&#8221;][vc_empty_space][vc_column_text]<\/p>\n<p class=\"kepalairas_cim_jobb\">Fot\u00f3k: Juh\u00e1sz G. Tam\u00e1s<\/p>\n<p>[\/vc_column_text][\/vc_column][\/vc_row][vc_row css_animation=&#8221;&#8221; row_type=&#8221;row&#8221; use_row_as_full_screen_section=&#8221;no&#8221; type=&#8221;grid&#8221; angled_section=&#8221;no&#8221; text_align=&#8221;left&#8221; background_image_as_pattern=&#8221;without_pattern&#8221; template=&#8221;ism_template_1&#8243; ism_overlock=&#8221;default&#8221; sm_d_text=&#8221;<\/p>\n<h2>This content is locked<\/h2>\n<p>Share This Page To Unlock The Content!&#8221;][vc_column][vc_empty_space][vc_empty_space height=&#8221;45px&#8221;][\/vc_column][\/vc_row]<\/p>\n<\/div>","protected":false},"excerpt":{"rendered":"<p>[vc_row css_animation=&#8221;&#8221; row_type=&#8221;row&#8221; use_row_as_full_screen_section=&#8221;no&#8221; type=&#8221;grid&#8221; angled_section=&#8221;no&#8221; text_align=&#8221;left&#8221; background_image_as_pattern=&#8221;without_pattern&#8221; template=&#8221;ism_template_1&#8243; ism_overlock=&#8221;default&#8221; sm_d_text=&#8221; This content is locked&#8230;<\/p>\n","protected":false},"author":11,"featured_media":0,"parent":18894,"menu_order":0,"comment_status":"closed","ping_status":"closed","template":"full_width.php","meta":{"inline_featured_image":false,"loftloader_pro_show_once":"","loftloader_pro_page_shortcode":"","footnotes":""},"class_list":["post-19991","page","type-page","status-publish","hentry"],"_links":{"self":[{"href":"https:\/\/budapestgaleria.hu\/_\/wp-json\/wp\/v2\/pages\/19991","targetHints":{"allow":["GET"]}}],"collection":[{"href":"https:\/\/budapestgaleria.hu\/_\/wp-json\/wp\/v2\/pages"}],"about":[{"href":"https:\/\/budapestgaleria.hu\/_\/wp-json\/wp\/v2\/types\/page"}],"author":[{"embeddable":true,"href":"https:\/\/budapestgaleria.hu\/_\/wp-json\/wp\/v2\/users\/11"}],"replies":[{"embeddable":true,"href":"https:\/\/budapestgaleria.hu\/_\/wp-json\/wp\/v2\/comments?post=19991"}],"version-history":[{"count":0,"href":"https:\/\/budapestgaleria.hu\/_\/wp-json\/wp\/v2\/pages\/19991\/revisions"}],"up":[{"embeddable":true,"href":"https:\/\/budapestgaleria.hu\/_\/wp-json\/wp\/v2\/pages\/18894"}],"wp:attachment":[{"href":"https:\/\/budapestgaleria.hu\/_\/wp-json\/wp\/v2\/media?parent=19991"}],"curies":[{"name":"wp","href":"https:\/\/api.w.org\/{rel}","templated":true}]}}