{"id":20113,"date":"2023-11-13T14:11:18","date_gmt":"2023-11-13T13:11:18","guid":{"rendered":"https:\/\/budapestgaleria.hu\/_\/?page_id=20113"},"modified":"2023-11-14T11:38:19","modified_gmt":"2023-11-14T10:38:19","slug":"rachel-fallon-jelen-vagyok","status":"publish","type":"page","link":"https:\/\/budapestgaleria.hu\/_\/rachel-fallon-jelen-vagyok\/","title":{"rendered":"Rachel Fallon &#8211; Jelen vagyok"},"content":{"rendered":"<div class=\"wpb-content-wrapper\"><p>[vc_row css_animation=&#8221;&#8221; row_type=&#8221;row&#8221; use_row_as_full_screen_section=&#8221;no&#8221; type=&#8221;grid&#8221; angled_section=&#8221;no&#8221; text_align=&#8221;left&#8221; background_image_as_pattern=&#8221;without_pattern&#8221; template=&#8221;ism_template_1&#8243; ism_overlock=&#8221;default&#8221; sm_d_text=&#8221;<\/p>\n<h2>This content is locked<\/h2>\n<p>Share This Page To Unlock The Content!&#8221;][vc_column][vc_single_image image=&#8221;20120&#8243; img_size=&#8221;full&#8221; qode_css_animation=&#8221;&#8221;][\/vc_column][\/vc_row][vc_row css_animation=&#8221;&#8221; row_type=&#8221;row&#8221; use_row_as_full_screen_section=&#8221;no&#8221; type=&#8221;grid&#8221; angled_section=&#8221;no&#8221; text_align=&#8221;left&#8221; background_image_as_pattern=&#8221;without_pattern&#8221;][vc_column][vc_empty_space height=&#8221;45px&#8221;][vc_column_text]<\/p>\n<h1 class=\"cim_1\"><em>Jelen Vagyok \/ I am Present \/ Adsum<\/em><\/h1>\n<h1 class=\"alcim\">Rachel Fallon <em>Hatalom k\u00f6t\u00e9nyei &#8211; D.I.Y.<\/em> varr\u00f3m\u0171hely, performansz \u00e9s el\u0151ad\u00e1s<\/h1>\n<p>[\/vc_column_text][vc_empty_space height=&#8221;45px&#8221;][\/vc_column][\/vc_row][vc_row css_animation=&#8221;&#8221; row_type=&#8221;row&#8221; use_row_as_full_screen_section=&#8221;no&#8221; type=&#8221;grid&#8221; angled_section=&#8221;no&#8221; text_align=&#8221;left&#8221; background_image_as_pattern=&#8221;without_pattern&#8221; bgparallax=&#8221;parallax&#8221; contentwidth=&#8221;container&#8221; toppadding=&#8221;40&#8243; bottompadding=&#8221;10&#8243; border=&#8221;on&#8221; css=&#8221;.vc_custom_1420648296958{background-color: #ffffff !important;}&#8221;][vc_column width=&#8221;1\/3&#8243; css=&#8221;.vc_custom_1427029754112{padding-right: 25px !important;}&#8221; el_class=&#8221;full-1&#8243;][vc_column_text]<\/p>\n<p class=\"datum_bpgal\">2023. november 22-25.<\/p>\n<p>[\/vc_column_text][vc_column_text]<\/p>\n<p class=\"kiemeles_bpgal\">Varr\u00f3m\u0171hely:<\/p>\n<p class=\"datum_bpgal_2\">2023. november 22. 15:00 &#8211; 19:00<\/p>\n<p class=\"datum_bpgal_2\">2023. november 23. 15:00 &#8211; 17:30<\/p>\n<p class=\"datum_bpgal_2\">2023. november 24. 15:00 &#8211; 19:00<\/p>\n<p class=\"hely_bpgal\">Budapest Gal\u00e9ria<\/p>\n<p class=\"cim_bpgal\">1036 Budapest, Lajos utca 158.<\/p>\n<p>[\/vc_column_text][vc_column_text]<\/p>\n<p class=\"kiemeles_bpgal\">Performansz:<\/p>\n<p class=\"datum_bpgal_2\">2023. november 25. 13:30 &#8211; 15:30<\/p>\n<p class=\"hely_bpgal\">Gy\u00fclekez\u0151: Margitsziget, v\u00edztorony<\/p>\n<p>[\/vc_column_text][vc_column_text]<\/p>\n<p class=\"kiemeles_bpgal\">El\u0151ad\u00e1s:<\/p>\n<p class=\"datum_bpgal_2\">2023. november 23. 18:00<\/p>\n<p class=\"hely_bpgal\">ISBN k\u00f6nyv+gal\u00e9ria<\/p>\n<p class=\"cim_bpgal\">1084 Budapest, V\u00edg u. 2.<\/p>\n<p>[\/vc_column_text][vc_column_text]<\/p>\n<p class=\"kiemeles_bpgal\">Grafika:<\/p>\n<p class=\"verzal_bpgal\">Szab\u00f3 Vikt\u00f3ria<\/p>\n<p>[\/vc_column_text][vc_empty_space][\/vc_column][vc_column width=&#8221;2\/3&#8243; el_class=&#8221;full-2&#8243;][vc_column_text]Ez \u00e9v m\u00e1jusa \u00e9s j\u00faliusa k\u00f6z\u00f6tt rendezte meg a Budapest Gal\u00e9ria <a href=\"https:\/\/budapestgaleria.hu\/_\/2023-kiallitasok\/az-eroszakrol\/\"><em>Az er\u0151szakr\u00f3l<\/em><\/a> c\u00edm\u0171 nemzetk\u00f6zi csoportos ki\u00e1ll\u00edt\u00e1st (kur\u00e1tor: P\u00e1ldi L\u00edvia), amely n\u0151i \u00e9s queer poz\u00edci\u00f3kb\u00f3l mutatott be er\u0151szakkal kapcsolatos tapasztalatokat, t\u00e1rsadalmi viselked\u00e9sek forgat\u00f3k\u00f6nyveit, az er\u0151szak vizu\u00e1lis \u00e9s politikai toposzait. A m\u0171v\u00e9szekkel, civil szervezetekkel \u00e9s emberi jogi aktivist\u00e1kkal k\u00f6z\u00f6sen kialak\u00edtott k\u00eds\u00e9r\u0151- \u00e9s eduk\u00e1ci\u00f3s programokat folytatja az a k\u00f6zterekben l\u00e9trehozott feminista performansz-projekt amelyet a ki\u00e1ll\u00edt\u00e1son is r\u00e9sztvev\u0151 \u00edr m\u0171v\u00e9sz, Rachel Fallon jegyez.<\/p>\n<p>November 25-\u00e9n, a n\u0151k elleni er\u0151szak megsz\u00fcntet\u00e9s\u00e9nek vil\u00e1gnapj\u00e1n Budapesten <em>A hatalom k\u00f6t\u00e9nyei<\/em>-nek egy k\u00f6z\u00f6ss\u00e9gi egy\u00fcttm\u0171k\u00f6d\u00e9sben k\u00e9sz\u00edtett \u00faj verzi\u00f3ja, <em>Jelen Vagyok \/ I am Present \/ Adsum<\/em>, ker\u00fcl bemutat\u00e1sra, amely kiemelt &#8211; \u00e9s \u00edgy jeles f\u00e9rfiakra eml\u00e9kez\u0151 &#8211; v\u00e1rosi terekben k\u00f6t\u00e9nyt emelve mutat r\u00e1 a t\u00e1rsadalmi egyenl\u0151tlens\u00e9gekre, a rendszerszint\u0171 er\u0151szakra, \u00e9s a n\u0151i \u00e9s queer k\u00f6zt\u00e9ri k\u00e9pviselet hi\u00e1ny\u00e1ra. A projektet varr\u00f3m\u0171hely-besz\u00e9lget\u00e9sek el\u0151zik meg a m\u0171v\u00e9sszel, tov\u00e1bb\u00e1 Ember S\u00e1rival, Metzing Eszterrel, Oltai Kat\u00e1val, Petr\u00e1nyi Luc\u00e1val \u00e9s R\u00f3ka Enik\u0151vel \u00e9s egy el\u0151ad\u00e1s k\u00eds\u00e9ri. A programokra k\u00fcl\u00f6nb\u00f6z\u0151 koroszt\u00e1lyokat \u00e9s t\u00e1rsadalmi helyzetb\u0151l, tapasztalatb\u00f3l \u00e9rkez\u0151ket v\u00e1runk.<\/p>\n<p>A <em>Hatalom k\u00f6t\u00e9nyei &#8211; D.I.Y.<\/em> varr\u00f3m\u0171helyr\u0151l \u00e9s performanszr\u00f3l:<br \/>\nRachel Fallon <em>A hatalom k\u00f6t\u00e9nyei &#8211; D.I.Y.<\/em> performanszsorozat\u00e1t 2018-ban hozta l\u00e9tre, megeml\u00e9kez\u00e9sk\u00e9nt a b\u00fcntet\u0151int\u00e9zetk\u00e9nt m\u0171k\u00f6dtetett Magdolna-mosod\u00e1kba \u00e9s az anya- \u00e9s csecsem\u0151otthonokba bez\u00e1rt n\u0151kre, f\u0151leg hajadon any\u00e1kra. Fallon azt a sima feh\u00e9r v\u00e1szonk\u00f6t\u00e9nyt helyezi a k\u00f6z\u00e9ppontba, amelyet az elnyom\u00e1s, egyben a tiszta erk\u00f6lcs v\u00e9delm\u00e9nek szimb\u00f3lumak\u00e9nt az els\u0151 napt\u00f3l viseltek a mosod\u00e1kban dolgoz\u00f3 n\u0151k. A k\u00f6t\u00e9nyek b\u00e9l\u00e9s\u00e9re varrt jelszavakkal, kisaj\u00e1t\u00edtott katonai mott\u00f3kkal felhatalmaz\u00f3 feminista felh\u00edv\u00e1sokat \u00e9s \u00e1ll\u00edt\u00e1sokat tesz a reprodukt\u00edv \u00e9s testi auton\u00f3mi\u00e1r\u00f3l, a biztons\u00e1gr\u00f3l, az egyenl\u0151s\u00e9gr\u0151l \u00e9s a diszkrimin\u00e1ci\u00f3mentes gondoskod\u00e1sr\u00f3l.<\/p>\n<p>Ezt a sorozat\u00e1t folytatta az Artists\u2019 Campaign to Repeal the Eighth Amendment (ACREA) kamp\u00e1ny sor\u00e1n, amely az \u00edr alkotm\u00e1ny 1983-ban bevezetett nyolcadik m\u00f3dos\u00edt\u00e1s\u00e1nak (40.3.3. cikkely) hat\u00e1lyon k\u00edv\u00fcl helyez\u00e9s\u00e9t k\u00f6vetelte. A m\u00f3dos\u00edt\u00e1s egyenl\u0151s\u00e9gjelet tett a terhes n\u0151 \u00e9s a magzat \u00e9lete k\u00f6z\u00e9.<\/p>\n<p>A hatalom visszav\u00e9tel\u00e9nek r\u00f6vid, szimbolikus akci\u00f3j\u00e1t, a k\u00f6t\u00e9ny felemel\u00e9s\u00e9t, alkalmank\u00e9nt gyakran 4-5 k\u00fcl\u00f6nb\u00f6z\u0151 v\u00e1rosi helysz\u00ednen is megism\u00e9telte. Egyszerre volt ez eml\u00e9kez\u00e9s a t\u00f6nkretett \u00e9letekre \u00e9s felh\u00edv\u00e1s ezeknek a kiszolg\u00e1ltatott \u00e9s elveszett \u00e9lett\u00f6rt\u00e9neteknek a l\u00e1that\u00f3v\u00e1 t\u00e9tel\u00e9re. Ezekkel az akci\u00f3kkal Fallon arra is felh\u00edvta a figyelmet, hogy a n\u0151k er\u0151szaknak kitetts\u00e9ge a k\u00f6zt\u00e9rben \u00e1lland\u00f3 probl\u00e9ma. 2021-ben egy k\u00f6t\u00e9nyp\u00e1rt, <em>A szolidarit\u00e1s k\u00f6t\u00e9nye I\u2013II.<\/em>, k\u00e9sz\u00edtett a testi \u00f6nrendelkez\u00e9s jog\u00e1\u00e9rt k\u00fczd\u0151 lengyel n\u0151kkel \u00e9rzett szolidarit\u00e1s gesztusak\u00e9nt.<\/p>\n<p>Fallon a k\u00f6t\u00e9nyeket maga k\u00e9sz\u00edti de projektj\u00e9nek fontos r\u00e9sze a k\u00f6z\u00f6ss\u00e9gi varr\u00e1s, besz\u00e9lget\u00e9s \u00e9s az elk\u00e9sz\u00fclt darabok k\u00f6zt\u00e9rben \/ politikai demonstr\u00e1ci\u00f3kon t\u00f6rt\u00e9n\u0151 performat\u00edv bemutat\u00e1sa.<br \/>\nA m\u0171v\u00e9sszel k\u00f6z\u00f6sen alak\u00edtott budapesti performansz mott\u00f3ja Jelen Vagyok \/ I am Present \/ Adsum. A latin sz\u00f3 (adsum) egyszerre a n\u00e9vsorsol\u00e1sra adott v\u00e1lasz mik\u00f6zben arra is eml\u00e9keztet, hogy a magyar, a latint v\u00e1ltva, 1884-ben lett hivatalos nyelv.<\/p>\n<p>A varr\u00f3 munkacsoport tagjai november 25-\u00e9n k\u00f6t\u00e9nyt emelve hirdetik jelenl\u00e9t\u00fcket, ezzel is hangs\u00falyozva a t\u00e1rsadalmi egyenl\u0151tlens\u00e9geket, a n\u0151i \u00e9s queer k\u00f6zt\u00e9ri k\u00e9pviselet hi\u00e1ny\u00e1t. A k\u00f6z\u00f6ss\u00e9gi k\u00f6t\u00e9nyk\u00e9sz\u00edt\u0151 workshop mindenki sz\u00e1m\u00e1ra nyitott, aki \u00e9rdekl\u0151dik az aktivizmus, a t\u00e1rsadalmi igazs\u00e1goss\u00e1g \u00e9s k\u00f6z\u00f6ss\u00e9gi egy\u00fcttm\u0171k\u00f6d\u00e9s mint a tud\u00e1smegoszt\u00e1s tere ir\u00e1nt.<\/p>\n<p><strong>A Visszavett terek el\u0151ad\u00e1sr\u00f3l:<\/strong><br \/>\nA besz\u00e9lget\u00e9s keret\u00e9ben Rachel Fallon bemutatja A hatalom k\u00f6t\u00e9nyei &#8211; D. I. Y. performanszok h\u00e1tter\u00e9t \u00e9s kontextus\u00e1t. A k\u00f6t\u00e9nyemel\u0151 performansz el\u0151sz\u00f6r 2018-ban val\u00f3sult meg \u00cdrorsz\u00e1gban, a \u201eM\u0171v\u00e9szek kamp\u00e1nya a nyolcadik m\u00f3dos\u00edt\u00e1s hat\u00e1lyon k\u00edv\u00fcl helyez\u00e9s\u00e9\u00e9rt\u201d elnevez\u00e9s\u0171, a testi auton\u00f3mi\u00e1\u00e9rt \u00e9s a reprodukt\u00edv jogok\u00e9rt folytatott k\u00fczdelem r\u00e9szek\u00e9nt ind\u00edtott demonstr\u00e1ci\u00f3-sorozatba illeszkedve.<br \/>\nEbb\u0151l kiindulva besz\u00e9l a m\u0171v\u00e9sz a k\u00e9pz\u0151m\u0171v\u00e9szet eszk\u00f6zeit t\u00e1rsadalmi helyzetekben felszabad\u00edt\u00f3an \u00e9s meger\u0151s\u00edt\u0151 m\u00f3don alkalmaz\u00f3 gyakorlatokr\u00f3l, a szavak erej\u00e9r\u0151l, a k\u00f6z\u00f6ss\u00e9gek pozit\u00edv l\u00e1that\u00f3s\u00e1g\u00e1r\u00f3l, \u00e9s arr\u00f3l, hogy a k\u00f6t\u00e9nyemel\u00e9s-projekt hogyan sz\u00e9lesedett egy D.I.Y. jelleg\u0171 egy\u00fcttm\u0171k\u00f6d\u00e9ss\u00e9.<\/p>\n<p>A projekt a Budapest Gal\u00e9ria \u00e9s a Kiscelli M\u00fazeum-F\u0151v\u00e1rosi K\u00e9pt\u00e1r egy\u00fcttm\u0171k\u00f6d\u00e9s\u00e9ben, a Culture Ireland t\u00e1mogat\u00e1s\u00e1val val\u00f3sul meg.<br \/>\n[\/vc_column_text][vc_empty_space][vc_separator type=&#8221;normal&#8221; color=&#8221;#c6c6c6&#8243; up=&#8221;10&#8243; down=&#8221;20&#8243;][vc_empty_space][vc_column_text]A Dublinban \u00e9l\u0151 Rachel Fallon m\u0171vei az anyas\u00e1g \u00e9s az otthon biztons\u00e1g\u00e1nak t\u00e9m\u00e1ival, a munkav\u00e9gz\u00e9ssel, a k\u00e9zm\u0171vess\u00e9ggel, a n\u0151k t\u00e1rsadalomhoz val\u00f3 viszony\u00e1val, illetve a n\u0151i test, a politika \u00e9s a vall\u00e1s viszonyrendszer\u00e9vel foglalkoznak. Szobrainak, rajzainak, fot\u00f3- \u00e9s performanszmunk\u00e1inak alapja a munkaig\u00e9nyes k\u00e9zm\u0171ves folyamat. Jelent\u0151s szerepet kap a textil, a h\u00e1ztart\u00e1si munk\u00e1hoz kapcsol\u00f3d\u00f3 anyagok \u00e9s munkam\u00f3dszerek, mint p\u00e9ld\u00e1ul a h\u00edmz\u00e9s \u00e9s a horgol\u00e1s. Egy\u00e9ni munk\u00e1i mellett rendszeresen m\u0171k\u00f6dik egy\u00fctt \u00edr \u00e9s nemzetk\u00f6zi m\u0171v\u00e9szekkel \u00e9s kollekt\u00edv\u00e1kkal, mint p\u00e9ld\u00e1ul a \u201eM\u0171v\u00e9szek kamp\u00e1nya a nyolcadik alkotm\u00e1nym\u00f3dos\u00edt\u00e1s hat\u00e1lyon k\u00edv\u00fcl helyez\u00e9s\u00e9\u00e9rt\u201d (Artists\u2019 Campaign to Repeal the Eighth Amendment (ACREA)), a Desperate Artwives, a Feminist Parasite Institution, a Grrrl Zine Fair \u00e9s a The Tellurometer Project.[\/vc_column_text][vc_empty_space height=&#8221;45&#8243;][vc_separator type=&#8221;normal&#8221; color=&#8221;#c6c6c6&#8243; up=&#8221;10&#8243; down=&#8221;20&#8243;][vc_single_image image=&#8221;20122&#8243; img_size=&#8221;250&#215;100&#8243; qode_css_animation=&#8221;&#8221;][vc_empty_space][\/vc_column][\/vc_row][vc_row css_animation=&#8221;&#8221; row_type=&#8221;row&#8221; use_row_as_full_screen_section=&#8221;no&#8221; type=&#8221;grid&#8221; angled_section=&#8221;no&#8221; text_align=&#8221;left&#8221; background_image_as_pattern=&#8221;without_pattern&#8221; template=&#8221;ism_template_1&#8243; ism_overlock=&#8221;default&#8221; sm_d_text=&#8221;<\/p>\n<h2>This content is locked<\/h2>\n<p>Share This Page To Unlock The Content!&#8221;][vc_column][vc_empty_space][vc_empty_space height=&#8221;45px&#8221;][\/vc_column][\/vc_row]<\/p>\n<\/div>","protected":false},"excerpt":{"rendered":"<p>[vc_row css_animation=&#8221;&#8221; row_type=&#8221;row&#8221; use_row_as_full_screen_section=&#8221;no&#8221; type=&#8221;grid&#8221; angled_section=&#8221;no&#8221; text_align=&#8221;left&#8221; background_image_as_pattern=&#8221;without_pattern&#8221; template=&#8221;ism_template_1&#8243; ism_overlock=&#8221;default&#8221; sm_d_text=&#8221; This content is locked&#8230;<\/p>\n","protected":false},"author":11,"featured_media":0,"parent":0,"menu_order":0,"comment_status":"closed","ping_status":"closed","template":"","meta":{"inline_featured_image":false,"loftloader_pro_show_once":"","loftloader_pro_page_shortcode":"","footnotes":""},"class_list":["post-20113","page","type-page","status-publish","hentry"],"_links":{"self":[{"href":"https:\/\/budapestgaleria.hu\/_\/wp-json\/wp\/v2\/pages\/20113","targetHints":{"allow":["GET"]}}],"collection":[{"href":"https:\/\/budapestgaleria.hu\/_\/wp-json\/wp\/v2\/pages"}],"about":[{"href":"https:\/\/budapestgaleria.hu\/_\/wp-json\/wp\/v2\/types\/page"}],"author":[{"embeddable":true,"href":"https:\/\/budapestgaleria.hu\/_\/wp-json\/wp\/v2\/users\/11"}],"replies":[{"embeddable":true,"href":"https:\/\/budapestgaleria.hu\/_\/wp-json\/wp\/v2\/comments?post=20113"}],"version-history":[{"count":0,"href":"https:\/\/budapestgaleria.hu\/_\/wp-json\/wp\/v2\/pages\/20113\/revisions"}],"wp:attachment":[{"href":"https:\/\/budapestgaleria.hu\/_\/wp-json\/wp\/v2\/media?parent=20113"}],"curies":[{"name":"wp","href":"https:\/\/api.w.org\/{rel}","templated":true}]}}