{"id":20365,"date":"2023-12-22T11:28:02","date_gmt":"2023-12-22T10:28:02","guid":{"rendered":"https:\/\/budapestgaleria.hu\/_\/?page_id=20365"},"modified":"2026-02-03T14:26:06","modified_gmt":"2026-02-03T13:26:06","slug":"latogatas","status":"publish","type":"page","link":"https:\/\/budapestgaleria.hu\/_\/varga-imre-gyujtemeny\/latogatas\/","title":{"rendered":"L\u00e1togat\u00e1s | Varga Imre Gy\u0171jtem\u00e9ny"},"content":{"rendered":"<div class=\"wpb-content-wrapper\"><p>[vc_row css_animation=&#8221;&#8221; row_type=&#8221;row&#8221; use_row_as_full_screen_section=&#8221;no&#8221; type=&#8221;grid&#8221; angled_section=&#8221;no&#8221; text_align=&#8221;left&#8221; background_image_as_pattern=&#8221;without_pattern&#8221; template=&#8221;ism_template_1&#8243; ism_overlock=&#8221;default&#8221; sm_d_text=&#8221;<\/p>\n<h2>This content is locked<\/h2>\n<p>Share This Page To Unlock The Content!&#8221;][vc_column][vc_single_image image=&#8221;20540&#8243; img_size=&#8221;full&#8221; qode_css_animation=&#8221;&#8221;][\/vc_column][\/vc_row][vc_row css_animation=&#8221;&#8221; row_type=&#8221;row&#8221; use_row_as_full_screen_section=&#8221;no&#8221; type=&#8221;grid&#8221; angled_section=&#8221;no&#8221; text_align=&#8221;left&#8221; background_image_as_pattern=&#8221;without_pattern&#8221;][vc_column][vc_empty_space height=&#8221;45px&#8221;][vc_column_text]<\/p>\n<h1 class=\"cim_1\">L\u00e1togat\u00f3i inform\u00e1ci\u00f3k<\/h1>\n<p>[\/vc_column_text][vc_empty_space height=&#8221;45px&#8221;][\/vc_column][\/vc_row][vc_row css_animation=&#8221;&#8221; row_type=&#8221;row&#8221; use_row_as_full_screen_section=&#8221;no&#8221; type=&#8221;grid&#8221; angled_section=&#8221;no&#8221; text_align=&#8221;left&#8221; background_image_as_pattern=&#8221;without_pattern&#8221; bgparallax=&#8221;parallax&#8221; contentwidth=&#8221;container&#8221; toppadding=&#8221;40&#8243; bottompadding=&#8221;10&#8243; border=&#8221;on&#8221; css=&#8221;.vc_custom_1420648296958{background-color: #ffffff !important;}&#8221;][vc_column el_class=&#8221;full-2&#8243;][vc_column_text]<\/p>\n<h4>VARGA IMRE GY\u0170JTEM\u00c9NY<\/h4>\n<p>1033 Budapest, Laktanya utca 7.<\/p>\n<p>Tel.: +36 1 250 0274[\/vc_column_text][vc_empty_space][vc_accordion style=&#8221;accordion&#8221;][vc_accordion_tab title=&#8221;Nyitvatart\u00e1s&#8221;][vc_column_text]<strong>\u00c1prilis 1. \u00e9s okt\u00f3ber 31. k\u00f6z\u00f6tt:<\/strong><br \/>\nNyitva h\u00e9tf\u0151 kiv\u00e9tel\u00e9vel minden nap 10:00\u201318:00 \u00f3r\u00e1ig.<br \/>\nP\u00e9nzt\u00e1rz\u00e1r\u00e1s \u00e9s utols\u00f3 bel\u00e9p\u00e9s: 17:30<\/p>\n<p><strong>November 1. \u00e9s m\u00e1rcius 31. k\u00f6z\u00f6tt:<\/strong><br \/>\nNyitva h\u00e9tf\u0151 kiv\u00e9tel\u00e9vel minden nap 10:00\u201316:00 \u00f3r\u00e1ig.<br \/>\nP\u00e9nzt\u00e1rz\u00e1r\u00e1s \u00e9s utols\u00f3 bel\u00e9p\u00e9s: 15:30[\/vc_column_text][\/vc_accordion_tab][vc_accordion_tab title=&#8221;Rendk\u00edv\u00fcli nyitvatart\u00e1s&#8221;][vc_column_text css=&#8221;&#8221;]2026. 03. 15. Nemzeti \u00fcnnep | Nyitva<br \/>\n2026. 04. 03. Nagyp\u00e9ntek | Z\u00e1rva<br \/>\n2026. 04. 05. H\u00fasv\u00e9t | Z\u00e1rva<br \/>\n2026. 04. 06. H\u00fasv\u00e9t | Z\u00e1rva<br \/>\n2026. 05. 01. Munka \u00fcnnepe | Nyitva<br \/>\n2026. 05. 24. P\u00fcnk\u00f6sd | Nyitva<br \/>\n2026. 05. 25. P\u00fcnk\u00f6sd | Z\u00e1rva<br \/>\n2026. 08. 20. Nemzeti \u00fcnnep | Nyitva<br \/>\n2026. 10. 23. Nemzeti \u00fcnnep | Nyitva<br \/>\n2026. 11. 01. Mindenszentek | Nyitva<br \/>\n2026. 12. 24. Szenteste | Z\u00e1rva<br \/>\n2026. 12. 25. Kar\u00e1csony | Z\u00e1rva<br \/>\n2026. 12. 26. Kar\u00e1csony | Z\u00e1rva<br \/>\n2026. 12. 31. Szilveszter\u00a0| Z\u00e1rva<br \/>\n2027. 01. 01. \u00daj\u00e9v | Z\u00e1rva[\/vc_column_text][\/vc_accordion_tab][vc_accordion_tab title=&#8221;Bel\u00e9p\u0151jegy \u00e1rak&#8221;][vc_column_text css=&#8221;&#8221;]<strong>Feln\u0151tt jegy:<\/strong> 1800 Ft \/ f\u0151<\/p>\n<p><strong>Di\u00e1k ifj\u00fas\u00e1gi jegy (6\u201326):<\/strong> 900 Ft \/ f\u0151<\/p>\n<p><strong>Nyugd\u00edjas jegy:<\/strong> 900 Ft \/ f\u0151<\/p>\n<p><strong>Feln\u0151tt csoportos jegy (10 f\u0151t\u0151l):<\/strong> 1000 Ft \/ f\u0151<\/p>\n<p><strong>Csal\u00e1di kedvezm\u00e9ny:<\/strong> 50%-os csal\u00e1di kedvezm\u00e9ny ig\u00e9nybev\u00e9tel\u00e9re jogosult az az 1 vagy 2 f\u0151 feln\u0151tt k\u00eds\u00e9r\u0151 (EGT \u00e1llampolg\u00e1r), akik legal\u00e1bb 2 f\u0151 k\u00f6zeli hozz\u00e1tartoz\u00f3, 18 \u00e9ven aluli gyermekkel \u00e9rkeznek. A k\u00e9t feln\u0151tt a teljes \u00e1r\u00fa bel\u00e9p\u0151jegyet 50%-os m\u00e9rt\u00e9k\u0171 kedvezm\u00e9nnyel v\u00e1s\u00e1rolhatja meg, a gyermekek (6-18 \u00e9ves korig) \u00e9rv\u00e9nyes di\u00e1kigazolv\u00e1nnyal di\u00e1kjegyet v\u00e1lthatnak.<\/p>\n<p><strong>M\u00fazeumpedag\u00f3giai jegy<\/strong>*: 1200 Ft \/ f\u0151<\/p>\n<p><strong>Ki\u00e1ll\u00edt\u00e1shoz kapcsol\u00f3d\u00f3 foglalkoz\u00e1s \/ workshop d\u00edja<\/strong>*: 3000 Ft \/ f\u0151<\/p>\n<p><strong>Fot\u00f3 \u2013 Vide\u00f3 jegy:<\/strong> 1000 Ft\/f\u0151<\/p>\n<p>* A szolg\u00e1ltat\u00e1s d\u00edja a ki\u00e1ll\u00edt\u00e1sokra sz\u00f3l\u00f3 bel\u00e9p\u0151jegy \u00e1r\u00e1t is tartalmazza.<\/p>\n<p><strong>BTM+ jegy:<\/strong>\u00a05500 Ft \/ f\u0151<br \/>\n(Egyszeri bel\u00e9p\u00e9st biztos\u00edt a BTM \u00f6sszes tagint\u00e9zm\u00e9ny\u00e9be, a megv\u00e1s\u00e1rl\u00e1st\u00f3l sz\u00e1m\u00edtott 1 h\u00f3napon bel\u00fcl. A tagint\u00e9zm\u00e9nyek programjaira a BTM+ jegy nem \u00e9rv\u00e9nyes.)<\/p>\n<p>6 \u00e9v alatti gyermekeknek, 70 \u00e9v feletti nyugd\u00edjasoknak, valamint Budapest K\u00e1rty\u00e1val ingyenes a bel\u00e9p\u00e9s.<br \/>\nMinden h\u00f3nap utols\u00f3 szombatj\u00e1n a 26 \u00e9v alattiak, tov\u00e1bb\u00e1 a 18 \u00e9v alatti szem\u00e9lyeket k\u00eds\u00e9r\u0151, legfeljebb k\u00e9t k\u00f6zeli hozz\u00e1tartoz\u00f3 ingyenesen l\u00e1togathatj\u00e1k a Gy\u0171jtem\u00e9nyt.<\/p>\n<p>Az 50%-os kedvezm\u00e9ny \u00e9s a d\u00edjtalan bel\u00e9p\u00e9s felt\u00e9teleir\u0151l <a href=\"https:\/\/budapestgaleria.hu\/_\/kedvezmenyek\/\"><strong>ITT<\/strong><\/a> olvashat.<\/p>\n<p>A Varga Imre Gy\u0171jtem\u00e9nyben jelenleg nincs lehet\u0151s\u00e9g online jegyv\u00e1s\u00e1rl\u00e1sra.<\/p>\n<p>A Budapesti T\u00f6rt\u00e9neti M\u00fazeum int\u00e9zm\u00e9nyei az al\u00e1bbi napokon ingyenesen tartanak nyitva:<\/p>\n<p>Magyar Kult\u00fara Napja \u2013 2026. janu\u00e1r 22.,<br \/>\nNemzeti \u00dcnnep \u2013 2026. m\u00e1rcius 15.,<br \/>\nM\u0171eml\u00e9ki Vil\u00e1gnap \u2013 2026. \u00e1prilis 18.<br \/>\nM\u00fazeumi Vil\u00e1gnap \u2013 2026. m\u00e1jus 18.<br \/>\nNemzeti \u00dcnnep \u2013 2026. augusztus 20.<br \/>\nKultur\u00e1lis \u00d6r\u00f6ks\u00e9g Napjai \u2013 2026. szeptember 19.<br \/>\nNemzeti \u00dcnnep \u2013 2026. okt\u00f3ber 23.<br \/>\nBudapest Napja \u2013 2026. november 17.<\/p>\n<p>[\/vc_column_text][\/vc_accordion_tab][vc_accordion_tab title=&#8221;T\u00e1rlatvezet\u00e9s \u00e1rak&#8221;][vc_column_text]T\u00e1rlatvezet\u00e9s el\u0151zetes egyeztet\u00e9s alapj\u00e1n k\u00e9rhet\u0151 a <a href=\"mailto:galeria@btm.hu\">galeria@btm.hu<\/a> c\u00edmen.<\/p>\n<p>T\u00e1rlatvezet\u00e9si d\u00edj: 1000 Ft\/ f\u0151<br \/>\n[\/vc_column_text][\/vc_accordion_tab][vc_accordion_tab title=&#8221;Megk\u00f6zel\u00edt\u00e9s&#8221;][vc_column_text css=&#8221;&#8221;]<strong>T\u00f6megk\u00f6zleked\u00e9ssel:<\/strong><br \/>\n1-es villamossal vagy H5-\u00f6s H\u00c9V-vel \u00e9rkezve a Szentl\u00e9lek t\u00e9r meg\u00e1ll\u00f3n\u00e1l kell lesz\u00e1llni, ahonnan a Gy\u0171jtem\u00e9ny 5 perc s\u00e9t\u00e1ra tal\u00e1lhat\u00f3.<br \/>\n<strong>Ker\u00e9kp\u00e1rral:<\/strong><br \/>\nA budai oldalon a R\u00e1k\u00f3czi-h\u00eddt\u00f3l a Szentl\u00e9lek t\u00e9rig vezet ker\u00e9kp\u00e1r\u00fat a Duna ment\u00e9n, a Szentl\u00e9lek t\u00e9rt\u0151l a F\u0151 t\u00e9ren \u00e1t lehet jel\u00f6lt bicikli\u00faton eljutni a Gy\u0171jtem\u00e9nyig. A ker\u00e9kp\u00e1rok lez\u00e1r\u00e1s\u00e1ra az \u00e9p\u00fclet el\u0151tt van lehet\u0151s\u00e9g. A legk\u00f6zelebbi MOL Bubi dokkol\u00f3 a 3 perc s\u00e9t\u00e1ra tal\u00e1lhat\u00f3 0311-K\u00f3rh\u00e1z utca &#8211; Polg\u00e1r utcai (\u00e1llom\u00e1s sz\u00e1ma: 555035).<br \/>\n<strong>Aut\u00f3val:<\/strong><br \/>\nParkolni a k\u00f6rnyez\u0151 utc\u00e1kban tudnak l\u00e1togat\u00f3ink. A Varga Imre Gy\u0171jtem\u00e9ny a C \u00f6vezetben helyezkedik el, ahol munkanapokon 8:00 &#8211; 18:00 k\u00f6z\u00f6tt 300 Ft\/\u00f3ra a parkol\u00e1si d\u00edj.<\/p>\n<p>Az \u00e9p\u00fclet nem akad\u00e1lymentes.<\/p>\n<p>A Varga Imre Gy\u0171jtem\u00e9ny l\u00e1t\u00e1ss\u00e9r\u00fclteknek k\u00e9sz\u00fclt m\u00fazeumpedag\u00f3giai programj\u00e1r\u00f3l az info@budapest.galeria.hu c\u00edmen lehet \u00e9rdekl\u0151dni.<\/p>\n<p>El\u0151zetes bejelentkez\u00e9s ut\u00e1n a ki\u00e1ll\u00edt\u00e1s akad\u00e1lymentesen k\u00f6rbej\u00e1rhat\u00f3, akad\u00e1lymentes mosd\u00f3 nem \u00e1ll rendelkez\u00e9sre.<\/p>\n<p>A Gy\u0171jtem\u00e9ny kutyabar\u00e1t, de a kuty\u00e1k csak p\u00f3r\u00e1zon vezetve vagy hordoz\u00f3ban hozhat\u00f3k be az \u00e9p\u00fcletbe. A kuty\u00e1t vezet\u0151 l\u00e1togat\u00f3 k\u00f6teles gondoskodni r\u00f3la, hogy az \u00e1llat a t\u00f6bbi l\u00e1togat\u00f3 nyugalm\u00e1t ne zavarja.[\/vc_column_text][\/vc_accordion_tab][\/vc_accordion][vc_separator type=&#8221;normal&#8221; color=&#8221;#c6c6c6&#8243; up=&#8221;10&#8243; down=&#8221;20&#8243;][\/vc_column][\/vc_row][vc_row css_animation=&#8221;&#8221; row_type=&#8221;row&#8221; use_row_as_full_screen_section=&#8221;no&#8221; type=&#8221;grid&#8221; angled_section=&#8221;no&#8221; text_align=&#8221;left&#8221; background_image_as_pattern=&#8221;without_pattern&#8221; template=&#8221;ism_template_1&#8243; ism_overlock=&#8221;default&#8221; sm_d_text=&#8221;<\/p>\n<h2>This content is locked<\/h2>\n<p>Share This Page To Unlock The Content!&#8221;][vc_column][vc_empty_space height=&#8221;45px&#8221;][\/vc_column][\/vc_row]<\/p>\n<\/div>","protected":false},"excerpt":{"rendered":"<p>[vc_row css_animation=&#8221;&#8221; row_type=&#8221;row&#8221; use_row_as_full_screen_section=&#8221;no&#8221; type=&#8221;grid&#8221; angled_section=&#8221;no&#8221; text_align=&#8221;left&#8221; background_image_as_pattern=&#8221;without_pattern&#8221; template=&#8221;ism_template_1&#8243; ism_overlock=&#8221;default&#8221; sm_d_text=&#8221; This content is locked&#8230;<\/p>\n","protected":false},"author":11,"featured_media":0,"parent":20510,"menu_order":0,"comment_status":"closed","ping_status":"closed","template":"full_width.php","meta":{"inline_featured_image":false,"loftloader_pro_show_once":"","loftloader_pro_page_shortcode":"","footnotes":""},"class_list":["post-20365","page","type-page","status-publish","hentry"],"_links":{"self":[{"href":"https:\/\/budapestgaleria.hu\/_\/wp-json\/wp\/v2\/pages\/20365","targetHints":{"allow":["GET"]}}],"collection":[{"href":"https:\/\/budapestgaleria.hu\/_\/wp-json\/wp\/v2\/pages"}],"about":[{"href":"https:\/\/budapestgaleria.hu\/_\/wp-json\/wp\/v2\/types\/page"}],"author":[{"embeddable":true,"href":"https:\/\/budapestgaleria.hu\/_\/wp-json\/wp\/v2\/users\/11"}],"replies":[{"embeddable":true,"href":"https:\/\/budapestgaleria.hu\/_\/wp-json\/wp\/v2\/comments?post=20365"}],"version-history":[{"count":4,"href":"https:\/\/budapestgaleria.hu\/_\/wp-json\/wp\/v2\/pages\/20365\/revisions"}],"predecessor-version":[{"id":24519,"href":"https:\/\/budapestgaleria.hu\/_\/wp-json\/wp\/v2\/pages\/20365\/revisions\/24519"}],"up":[{"embeddable":true,"href":"https:\/\/budapestgaleria.hu\/_\/wp-json\/wp\/v2\/pages\/20510"}],"wp:attachment":[{"href":"https:\/\/budapestgaleria.hu\/_\/wp-json\/wp\/v2\/media?parent=20365"}],"curies":[{"name":"wp","href":"https:\/\/api.w.org\/{rel}","templated":true}]}}