{"id":20487,"date":"2024-01-05T10:45:40","date_gmt":"2024-01-05T09:45:40","guid":{"rendered":"https:\/\/budapestgaleria.hu\/_\/?page_id=20487"},"modified":"2024-01-05T15:20:29","modified_gmt":"2024-01-05T14:20:29","slug":"a-gyujtemenyrol","status":"publish","type":"page","link":"https:\/\/budapestgaleria.hu\/_\/varga-imre-gyujtemeny\/a-gyujtemenyrol\/","title":{"rendered":"A gy\u0171jtem\u00e9nyr\u0151l | Varga Imre Gy\u0171jtem\u00e9ny"},"content":{"rendered":"<div class=\"wpb-content-wrapper\"><p>[vc_row css_animation=&#8221;&#8221; row_type=&#8221;row&#8221; use_row_as_full_screen_section=&#8221;no&#8221; type=&#8221;grid&#8221; angled_section=&#8221;no&#8221; text_align=&#8221;left&#8221; background_image_as_pattern=&#8221;without_pattern&#8221; template=&#8221;ism_template_1&#8243; ism_overlock=&#8221;default&#8221; sm_d_text=&#8221;<\/p>\n<h2>This content is locked<\/h2>\n<p>Share This Page To Unlock The Content!&#8221;][vc_column][vc_single_image image=&#8221;20488&#8243; img_size=&#8221;full&#8221; qode_css_animation=&#8221;&#8221;][\/vc_column][\/vc_row][vc_row css_animation=&#8221;&#8221; row_type=&#8221;row&#8221; use_row_as_full_screen_section=&#8221;no&#8221; type=&#8221;grid&#8221; angled_section=&#8221;no&#8221; text_align=&#8221;left&#8221; background_image_as_pattern=&#8221;without_pattern&#8221;][vc_column][vc_empty_space height=&#8221;45px&#8221;][vc_column_text]<\/p>\n<h1 class=\"cim_1\">A Varga Imre Gy\u0171jtem\u00e9nyr\u0151l<\/h1>\n<p>[\/vc_column_text][vc_empty_space height=&#8221;45px&#8221;][\/vc_column][\/vc_row][vc_row css_animation=&#8221;&#8221; seperator_indeed_locker=&#8221;&#8221; lk_t=&#8221;ism_template_1&#8243; lk_io=&#8221;default&#8221; lk_dm=&#8221;0&#8243; lk_thm=&#8221;0&#8243; lk_tuo=&#8221;0&#8243; ru_on=&#8221;0&#8243; uhc_on=&#8221;0&#8243; ur_on=&#8221;0&#8243; ref_on=&#8221;0&#8243; row_type=&#8221;row&#8221; use_row_as_full_screen_section=&#8221;no&#8221; type=&#8221;grid&#8221; angled_section=&#8221;no&#8221; text_align=&#8221;left&#8221; background_image_as_pattern=&#8221;without_pattern&#8221;][vc_column][vc_column_text]Varga Imre szobr\u00e1szm\u0171v\u00e9sz \u00e1lland\u00f3 ki\u00e1ll\u00edt\u00e1sa 1983-ban ny\u00edlt meg \u00d3bud\u00e1n. Az \u00f6tvenes \u00e9vek v\u00e9g\u00e9n indul\u00f3 m\u0171v\u00e9sz a t\u00e1rlat megnyit\u00e1s\u00e1nak idej\u00e9re m\u00e1r jelent\u0151s \u00e9letm\u0171vel rendelkezett, \u00e9s a modern magyar szobr\u00e1szat fontos szem\u00e9lyis\u00e9g\u00e9v\u00e9 emelkedett. Az akkori MSZMP p\u00e1rtvezet\u00e9s \u00e9s kult\u00farpolitika kiemelt m\u0171v\u00e9szek\u00e9nt sz\u00e1mos nagy k\u00f6zt\u00e9ri szobr\u00e1szati megb\u00edz\u00e1shoz jutott, 1980 \u00e9s 1990 k\u00f6z\u00f6tt pedig orsz\u00e1ggy\u0171l\u00e9si k\u00e9pvisel\u0151, a Hazafias N\u00e9pfront aleln\u00f6ke, a F\u00e9szek M\u0171v\u00e9szklub eln\u00f6ke volt. Ezek a t\u00e9nyek magyar\u00e1zz\u00e1k, mi\u00e9rt ny\u00edlhatott \u00f6nkorm\u00e1nyzati finansz\u00edroz\u00e1sban \u00f6n\u00e1ll\u00f3 bemutat\u00f3 helye m\u00e9g \u00e9let\u00e9ben a 19. sz\u00e1zad els\u0151 fel\u00e9ben \u00e9p\u00fclt, m\u0171eml\u00e9ki v\u00e9delem alatt \u00e1ll\u00f3, klasszicista paraszt-polg\u00e1r h\u00e1z kib\u0151v\u00edtett \u00e9p\u00fclet\u00e9ben.<\/p>\n<p>Az \u00e9p\u00fclet jelent\u0151s\u00e9g\u00e9t n\u00f6veli, hogy az egykori \u00d3bud\u00e1b\u00f3l meg\u0151rz\u00f6tt \u00e9p\u00edt\u00e9szeti egy\u00fcttes utcak\u00e9p\u00e9nek szerves r\u00e9sz\u00e9t alkotja. Az eredetileg U alak\u00fa h\u00e1z keleti oldal\u00e1n betonoszlopok be\u00e9p\u00edt\u00e9s\u00e9vel nagy belmagass\u00e1g\u00fa, \u00faj \u00f6sszek\u00f6t\u0151 sz\u00e1rnyat emeltek, amivel lehet\u0151s\u00e9get teremtettek a nagym\u00e9ret\u0171 szobortervek \u00e9s m\u0171vek elhelyez\u00e9s\u00e9re, valamint a ki\u00e1ll\u00edt\u00e1si teret k\u00f6rbej\u00e1rhat\u00f3v\u00e1 tett\u00e9k. \u00cdgy hangulatos bels\u0151 udvar j\u00f6tt l\u00e9tre, ahol jelenleg \u00c1rp\u00e1dh\u00e1zi Szent Erzs\u00e9betnek \u00e9s f\u00e9rj\u00e9nek, Lajosnak az eml\u00e9km\u0171ve tekinthet\u0151 meg. A gy\u0171jtem\u00e9ny nagy sz\u00e1mban tartalmazza Varga Imre k\u00f6zt\u00e9ri szobrainak 1:1 m\u00e9ret\u0171, bronzb\u00f3l k\u00e9sz\u00fclt m\u00e1solatait (P\u00e9ld\u00e1ul Derkovits, Radn\u00f3ti, M\u00f3ricz, Professzor, Az elt\u0171n\u0151 id\u0151) \u00e9s kismint\u00e1it, valamint kisplasztika-v\u00e1ltozatait. Ez egyben a ki\u00e1ll\u00edt\u00e1s \u00e9s a szoborparkk\u00e1 alak\u00edtott kert k\u00fcl\u00f6nlegess\u00e9ge is, ahol a l\u00e1togat\u00f3 k\u00f6zelr\u0151l is megszeml\u00e9lheti a k\u00f6zt\u00e9ri elhelyez\u00e9s\u00fckben nem mindig megk\u00f6zel\u00edthet\u0151 szobrokat.<\/p>\n<p>A Varga Imre Gy\u0171jtem\u00e9ny ma a kor\u00e1bban \u00f6n\u00e1ll\u00f3, jelenleg a 2011 \u00f3ta a Budapesti T\u00f6rt\u00e9neti M\u00fazeum tagint\u00e9zm\u00e9nyek\u00e9nt m\u0171k\u00f6d\u0151 Budapest Gal\u00e9ri\u00e1hoz tartozik. A gy\u0171jtem\u00e9ny m\u0171t\u00e1rgy-anyaga a Magyar \u00c1llam (Magyar Nemzeti Vagyonkezel\u0151 Zrt.) tulajdona, kezel\u0151je a BTM &#8211; Budapest Gal\u00e9ria. Ut\u00f3bbi K\u00f6zt\u00e9ri M\u0171v\u00e9szeti Alkot\u00e1sok Oszt\u00e1lya gondozza a F\u0151v\u00e1ros ter\u00fclet\u00e9n k\u00f6zt\u00e9ren \u00e1ll\u00f3, f\u0151v\u00e1rosi tulajdon\u00fa szobrokat, illetve domborm\u0171ves eml\u00e9kt\u00e1bl\u00e1kat, \u00e9s mivel Varga Imre munk\u00e1ss\u00e1ga meghat\u00e1roz\u00f3 a hazai kort\u00e1rs k\u00f6zt\u00e9ri szobr\u00e1szatra n\u00e9zve, m\u0171v\u00e9szete iskolateremt\u0151 \u00e9s \u00edzl\u00e9sform\u00e1l\u00f3, a Gy\u0171jtem\u00e9ny a Budapest Gal\u00e9ria ezen tev\u00e9kenys\u00e9g\u00e9hez kapcsol\u00f3dik.[\/vc_column_text][\/vc_column][\/vc_row][vc_row css_animation=&#8221;&#8221; row_type=&#8221;row&#8221; use_row_as_full_screen_section=&#8221;no&#8221; type=&#8221;grid&#8221; angled_section=&#8221;no&#8221; text_align=&#8221;left&#8221; background_image_as_pattern=&#8221;without_pattern&#8221; template=&#8221;ism_template_1&#8243; ism_overlock=&#8221;default&#8221; sm_d_text=&#8221;<\/p>\n<h2>This content is locked<\/h2>\n<p>Share This Page To Unlock The Content!&#8221;][vc_column][vc_empty_space height=&#8221;45px&#8221;][\/vc_column][\/vc_row]<\/p>\n<\/div>","protected":false},"excerpt":{"rendered":"<p>[vc_row css_animation=&#8221;&#8221; row_type=&#8221;row&#8221; use_row_as_full_screen_section=&#8221;no&#8221; type=&#8221;grid&#8221; angled_section=&#8221;no&#8221; text_align=&#8221;left&#8221; background_image_as_pattern=&#8221;without_pattern&#8221; template=&#8221;ism_template_1&#8243; ism_overlock=&#8221;default&#8221; sm_d_text=&#8221; This content is locked&#8230;<\/p>\n","protected":false},"author":11,"featured_media":0,"parent":20510,"menu_order":0,"comment_status":"closed","ping_status":"closed","template":"full_width.php","meta":{"inline_featured_image":false,"loftloader_pro_show_once":"","loftloader_pro_page_shortcode":"","footnotes":""},"class_list":["post-20487","page","type-page","status-publish","hentry"],"_links":{"self":[{"href":"https:\/\/budapestgaleria.hu\/_\/wp-json\/wp\/v2\/pages\/20487","targetHints":{"allow":["GET"]}}],"collection":[{"href":"https:\/\/budapestgaleria.hu\/_\/wp-json\/wp\/v2\/pages"}],"about":[{"href":"https:\/\/budapestgaleria.hu\/_\/wp-json\/wp\/v2\/types\/page"}],"author":[{"embeddable":true,"href":"https:\/\/budapestgaleria.hu\/_\/wp-json\/wp\/v2\/users\/11"}],"replies":[{"embeddable":true,"href":"https:\/\/budapestgaleria.hu\/_\/wp-json\/wp\/v2\/comments?post=20487"}],"version-history":[{"count":0,"href":"https:\/\/budapestgaleria.hu\/_\/wp-json\/wp\/v2\/pages\/20487\/revisions"}],"up":[{"embeddable":true,"href":"https:\/\/budapestgaleria.hu\/_\/wp-json\/wp\/v2\/pages\/20510"}],"wp:attachment":[{"href":"https:\/\/budapestgaleria.hu\/_\/wp-json\/wp\/v2\/media?parent=20487"}],"curies":[{"name":"wp","href":"https:\/\/api.w.org\/{rel}","templated":true}]}}