{"id":20567,"date":"2024-01-05T15:38:44","date_gmt":"2024-01-05T14:38:44","guid":{"rendered":"https:\/\/budapestgaleria.hu\/_\/?page_id=20567"},"modified":"2026-03-09T15:44:07","modified_gmt":"2026-03-09T14:44:07","slug":"kozteri-muveszeti-osztaly","status":"publish","type":"page","link":"https:\/\/budapestgaleria.hu\/_\/kozteri-muveszeti-osztaly\/","title":{"rendered":"K\u00f6zt\u00e9ri M\u0171v\u00e9szeti Oszt\u00e1ly"},"content":{"rendered":"<div class=\"wpb-content-wrapper\"><p>[vc_row css_animation=&#8221;&#8221; row_type=&#8221;row&#8221; use_row_as_full_screen_section=&#8221;no&#8221; type=&#8221;grid&#8221; angled_section=&#8221;no&#8221; text_align=&#8221;left&#8221; background_image_as_pattern=&#8221;without_pattern&#8221; template=&#8221;ism_template_1&#8243; ism_overlock=&#8221;default&#8221; sm_d_text=&#8221;<\/p>\n<h2>This content is locked<\/h2>\n<p>Share This Page To Unlock The Content!&#8221;][vc_column][vc_single_image image=&#8221;20637&#8243; img_size=&#8221;full&#8221; qode_css_animation=&#8221;&#8221;][\/vc_column][\/vc_row][vc_row css_animation=&#8221;&#8221; row_type=&#8221;row&#8221; use_row_as_full_screen_section=&#8221;no&#8221; type=&#8221;grid&#8221; angled_section=&#8221;no&#8221; text_align=&#8221;left&#8221; background_image_as_pattern=&#8221;without_pattern&#8221;][vc_column][vc_empty_space height=&#8221;45px&#8221;][vc_column_text]<\/p>\n<h1 class=\"cim_1\">K\u00f6zt\u00e9ri M\u0171v\u00e9szeti Oszt\u00e1ly<\/h1>\n<p>[\/vc_column_text][vc_empty_space height=&#8221;45px&#8221;][\/vc_column][\/vc_row][vc_row css_animation=&#8221;&#8221; seperator_indeed_locker=&#8221;&#8221; lk_t=&#8221;ism_template_1&#8243; lk_io=&#8221;default&#8221; lk_dm=&#8221;0&#8243; lk_thm=&#8221;0&#8243; lk_tuo=&#8221;0&#8243; ru_on=&#8221;0&#8243; uhc_on=&#8221;0&#8243; ur_on=&#8221;0&#8243; ref_on=&#8221;0&#8243; row_type=&#8221;row&#8221; use_row_as_full_screen_section=&#8221;no&#8221; type=&#8221;grid&#8221; angled_section=&#8221;no&#8221; text_align=&#8221;left&#8221; background_image_as_pattern=&#8221;without_pattern&#8221;][vc_column width=&#8221;1\/2&#8243;][vc_single_image image=&#8221;20568&#8243; alignment=&#8221;center&#8221; onclick=&#8221;custom_link&#8221; qode_css_animation=&#8221;&#8221; qode_hover_animation=&#8221;zoom_in&#8221; link=&#8221;https:\/\/budapestgaleria.hu\/_\/kozteri-muveszeti-osztaly\/informaciok\/&#8221;][vc_empty_space height=&#8221;20px&#8221;][vc_column_text]<\/p>\n<p style=\"text-align: center;\">Inform\u00e1ci\u00f3k<\/p>\n<p>[\/vc_column_text][vc_empty_space][\/vc_column][vc_column width=&#8221;1\/2&#8243;][vc_single_image image=&#8221;20570&#8243; alignment=&#8221;center&#8221; onclick=&#8221;custom_link&#8221; qode_css_animation=&#8221;&#8221; qode_hover_animation=&#8221;zoom_in&#8221; link=&#8221;https:\/\/budapestgaleria.hu\/_\/kozteri-muveszeti-osztaly\/muvek-budapesten\/&#8221;][vc_empty_space height=&#8221;20px&#8221;][vc_column_text]<\/p>\n<p style=\"text-align: center;\">F\u0151v\u00e1rosi tulajdon\u00fa k\u00f6zt\u00e9ri m\u0171vek<\/p>\n<p>[\/vc_column_text][vc_empty_space][\/vc_column][\/vc_row][vc_row css_animation=&#8221;&#8221; seperator_indeed_locker=&#8221;&#8221; lk_t=&#8221;ism_template_1&#8243; lk_io=&#8221;default&#8221; lk_dm=&#8221;0&#8243; lk_thm=&#8221;0&#8243; lk_tuo=&#8221;0&#8243; ru_on=&#8221;0&#8243; uhc_on=&#8221;0&#8243; ur_on=&#8221;0&#8243; ref_on=&#8221;0&#8243; row_type=&#8221;row&#8221; use_row_as_full_screen_section=&#8221;no&#8221; type=&#8221;grid&#8221; angled_section=&#8221;no&#8221; text_align=&#8221;left&#8221; background_image_as_pattern=&#8221;without_pattern&#8221;][vc_column width=&#8221;1\/2&#8243;][vc_single_image image=&#8221;20640&#8243; alignment=&#8221;center&#8221; onclick=&#8221;custom_link&#8221; qode_css_animation=&#8221;&#8221; qode_hover_animation=&#8221;zoom_in&#8221; link=&#8221;https:\/\/budapestgaleria.hu\/_\/kozteri-muveszeti-osztaly\/palyazati-eredmenyek\/&#8221;][vc_empty_space height=&#8221;20px&#8221;][vc_column_text]<\/p>\n<p style=\"text-align: center;\">P\u00e1ly\u00e1zati eredm\u00e9nyek<\/p>\n<p>[\/vc_column_text][vc_empty_space][\/vc_column][vc_column width=&#8221;1\/2&#8243;][vc_single_image image=&#8221;24708&#8243; alignment=&#8221;center&#8221; onclick=&#8221;custom_link&#8221; css=&#8221;&#8221; qode_css_animation=&#8221;&#8221; qode_hover_animation=&#8221;zoom_in&#8221; link=&#8221;https:\/\/budapestgaleria.hu\/_\/kozter_palyazatok\/&#8221;][vc_empty_space height=&#8221;20px&#8221;][vc_column_text css=&#8221;&#8221;]<\/p>\n<p style=\"text-align: center;\">P\u00e1ly\u00e1zatok<\/p>\n<p>[\/vc_column_text][vc_empty_space][\/vc_column][\/vc_row][vc_row css_animation=&#8221;&#8221; seperator_indeed_locker=&#8221;&#8221; lk_t=&#8221;ism_template_1&#8243; lk_io=&#8221;default&#8221; lk_dm=&#8221;0&#8243; lk_thm=&#8221;0&#8243; lk_tuo=&#8221;0&#8243; ru_on=&#8221;0&#8243; uhc_on=&#8221;0&#8243; ur_on=&#8221;0&#8243; ref_on=&#8221;0&#8243; row_type=&#8221;row&#8221; use_row_as_full_screen_section=&#8221;no&#8221; type=&#8221;grid&#8221; angled_section=&#8221;no&#8221; text_align=&#8221;left&#8221; background_image_as_pattern=&#8221;without_pattern&#8221;][vc_column width=&#8221;1\/2&#8243;][vc_single_image image=&#8221;24706&#8243; alignment=&#8221;center&#8221; onclick=&#8221;custom_link&#8221; css=&#8221;&#8221; qode_css_animation=&#8221;&#8221; qode_hover_animation=&#8221;zoom_in&#8221; link=&#8221;https:\/\/budapestgaleria.hu\/_\/biralatok\/&#8221;][vc_empty_space height=&#8221;20px&#8221;][vc_column_text css=&#8221;&#8221;]<\/p>\n<p style=\"text-align: center;\">B\u00edr\u00e1latok<\/p>\n<p>[\/vc_column_text][vc_empty_space][\/vc_column][vc_column width=&#8221;1\/2&#8243;][vc_single_image image=&#8221;20572&#8243; alignment=&#8221;center&#8221; onclick=&#8221;custom_link&#8221; qode_css_animation=&#8221;&#8221; qode_hover_animation=&#8221;zoom_in&#8221; link=&#8221;https:\/\/budapestgaleria.hu\/_\/kozteri-muveszeti-osztaly\/biralati-munka\/&#8221;][vc_empty_space height=&#8221;20px&#8221;][vc_column_text]<\/p>\n<p style=\"text-align: center;\">B\u00edr\u00e1lati munka<\/p>\n<p>[\/vc_column_text][vc_empty_space][\/vc_column][\/vc_row][vc_row css_animation=&#8221;&#8221; seperator_indeed_locker=&#8221;&#8221; lk_t=&#8221;ism_template_1&#8243; lk_io=&#8221;default&#8221; lk_dm=&#8221;0&#8243; lk_thm=&#8221;0&#8243; lk_tuo=&#8221;0&#8243; ru_on=&#8221;0&#8243; uhc_on=&#8221;0&#8243; ur_on=&#8221;0&#8243; ref_on=&#8221;0&#8243; row_type=&#8221;row&#8221; use_row_as_full_screen_section=&#8221;no&#8221; type=&#8221;grid&#8221; angled_section=&#8221;no&#8221; text_align=&#8221;left&#8221; background_image_as_pattern=&#8221;without_pattern&#8221;][vc_column width=&#8221;1\/2&#8243;][vc_single_image image=&#8221;20574&#8243; alignment=&#8221;center&#8221; onclick=&#8221;custom_link&#8221; qode_css_animation=&#8221;&#8221; qode_hover_animation=&#8221;zoom_in&#8221; link=&#8221;https:\/\/budapestgaleria.hu\/_\/kozteri-muveszeti-osztaly\/mutargyvedelem\/&#8221;][vc_empty_space height=&#8221;20px&#8221;][vc_column_text]<\/p>\n<p style=\"text-align: center;\">\u00datmutat\u00f3 k\u00f6zt\u00e9ri m\u0171t\u00e1rgyv\u00e9delemhez<\/p>\n<p>[\/vc_column_text][vc_empty_space][\/vc_column][vc_column width=&#8221;1\/2&#8243;][vc_empty_space height=&#8221;20px&#8221;][vc_column_text css=&#8221;&#8221;][\/vc_column_text][vc_empty_space][\/vc_column][\/vc_row][vc_row css_animation=&#8221;&#8221; row_type=&#8221;row&#8221; use_row_as_full_screen_section=&#8221;no&#8221; type=&#8221;grid&#8221; angled_section=&#8221;no&#8221; text_align=&#8221;left&#8221; background_image_as_pattern=&#8221;without_pattern&#8221; template=&#8221;ism_template_1&#8243; ism_overlock=&#8221;default&#8221; sm_d_text=&#8221;<\/p>\n<h2>This content is locked<\/h2>\n<p>Share This Page To Unlock The Content!&#8221;][vc_column][vc_empty_space height=&#8221;45px&#8221;][\/vc_column][\/vc_row]<\/p>\n<\/div>","protected":false},"excerpt":{"rendered":"<p>[vc_row css_animation=&#8221;&#8221; row_type=&#8221;row&#8221; use_row_as_full_screen_section=&#8221;no&#8221; type=&#8221;grid&#8221; angled_section=&#8221;no&#8221; text_align=&#8221;left&#8221; background_image_as_pattern=&#8221;without_pattern&#8221; template=&#8221;ism_template_1&#8243; ism_overlock=&#8221;default&#8221; sm_d_text=&#8221; This content is locked&#8230;<\/p>\n","protected":false},"author":11,"featured_media":0,"parent":0,"menu_order":0,"comment_status":"closed","ping_status":"closed","template":"full_width.php","meta":{"inline_featured_image":false,"loftloader_pro_show_once":"","loftloader_pro_page_shortcode":"","footnotes":""},"class_list":["post-20567","page","type-page","status-publish","hentry"],"_links":{"self":[{"href":"https:\/\/budapestgaleria.hu\/_\/wp-json\/wp\/v2\/pages\/20567","targetHints":{"allow":["GET"]}}],"collection":[{"href":"https:\/\/budapestgaleria.hu\/_\/wp-json\/wp\/v2\/pages"}],"about":[{"href":"https:\/\/budapestgaleria.hu\/_\/wp-json\/wp\/v2\/types\/page"}],"author":[{"embeddable":true,"href":"https:\/\/budapestgaleria.hu\/_\/wp-json\/wp\/v2\/users\/11"}],"replies":[{"embeddable":true,"href":"https:\/\/budapestgaleria.hu\/_\/wp-json\/wp\/v2\/comments?post=20567"}],"version-history":[{"count":6,"href":"https:\/\/budapestgaleria.hu\/_\/wp-json\/wp\/v2\/pages\/20567\/revisions"}],"predecessor-version":[{"id":24754,"href":"https:\/\/budapestgaleria.hu\/_\/wp-json\/wp\/v2\/pages\/20567\/revisions\/24754"}],"wp:attachment":[{"href":"https:\/\/budapestgaleria.hu\/_\/wp-json\/wp\/v2\/media?parent=20567"}],"curies":[{"name":"wp","href":"https:\/\/api.w.org\/{rel}","templated":true}]}}