{"id":20737,"date":"2024-01-22T14:05:26","date_gmt":"2024-01-22T13:05:26","guid":{"rendered":"https:\/\/budapestgaleria.hu\/_\/?page_id=20737"},"modified":"2024-06-21T14:14:33","modified_gmt":"2024-06-21T12:14:33","slug":"depart-ha-mindenki-meghallana","status":"publish","type":"page","link":"https:\/\/budapestgaleria.hu\/_\/2024-kiallitasok\/depart-ha-mindenki-meghallana\/","title":{"rendered":"DePART Collective: HA MINDENKI MEGHALLAN\u00c1 \u2013 A holnap ellen\u00e1ll\u00e1s\u00e1nak roma arch\u00edvumai"},"content":{"rendered":"<div class=\"wpb-content-wrapper\"><p>[vc_row css_animation=&#8221;&#8221; row_type=&#8221;row&#8221; use_row_as_full_screen_section=&#8221;no&#8221; type=&#8221;grid&#8221; angled_section=&#8221;no&#8221; text_align=&#8221;left&#8221; background_image_as_pattern=&#8221;without_pattern&#8221; template=&#8221;ism_template_1&#8243; ism_overlock=&#8221;default&#8221; sm_d_text=&#8221;<\/p>\n<h2>This content is locked<\/h2>\n<p>Share This Page To Unlock The Content!&#8221;][vc_column][vc_single_image image=&#8221;20756&#8243; img_size=&#8221;full&#8221; qode_css_animation=&#8221;&#8221;][\/vc_column][\/vc_row][vc_row css_animation=&#8221;&#8221; row_type=&#8221;row&#8221; use_row_as_full_screen_section=&#8221;no&#8221; type=&#8221;grid&#8221; angled_section=&#8221;no&#8221; text_align=&#8221;left&#8221; background_image_as_pattern=&#8221;without_pattern&#8221;][vc_column][vc_empty_space height=&#8221;45px&#8221;][vc_column_text]<\/p>\n<h1 class=\"cim_1\"><em>Ha mindenki meghallan\u00e1<\/em><\/h1>\n<h1 class=\"alcim\"><em>A holnap ellen\u00e1ll\u00e1s\u00e1nak roma arch\u00edvumai<\/em><\/h1>\n<p>[\/vc_column_text][vc_empty_space height=&#8221;45px&#8221;][\/vc_column][\/vc_row][vc_row css_animation=&#8221;&#8221; row_type=&#8221;row&#8221; use_row_as_full_screen_section=&#8221;no&#8221; type=&#8221;grid&#8221; angled_section=&#8221;no&#8221; text_align=&#8221;left&#8221; background_image_as_pattern=&#8221;without_pattern&#8221; bgparallax=&#8221;parallax&#8221; contentwidth=&#8221;container&#8221; toppadding=&#8221;40&#8243; bottompadding=&#8221;10&#8243; border=&#8221;on&#8221; css=&#8221;.vc_custom_1420648296958{background-color: #ffffff !important;}&#8221;][vc_column width=&#8221;1\/3&#8243; css=&#8221;.vc_custom_1427029754112{padding-right: 25px !important;}&#8221; el_class=&#8221;full-1&#8243;][vc_column_text]<\/p>\n<p class=\"hely_bpgal\">Budapest Gal\u00e9ria<\/p>\n<p class=\"cim_bpgal\">1036 Budapest, Lajos utca 158.<\/p>\n<p class=\"datum_bpgal\">2024. febru\u00e1r 15. \u2013 \u00e1prilis 7.<\/p>\n<p>[\/vc_column_text][vc_column_text]<\/p>\n<p class=\"kiemeles_bpgal\">Ki\u00e1ll\u00edt\u00f3 m\u0171v\u00e9szek:<\/p>\n<p class=\"verzal_bpgal\">DePART Collective (Jonas Baur, Dominik Jellen, Cat Jugravu, Szepes Anna)<\/p>\n<p>[\/vc_column_text][vc_column_text]<\/p>\n<p class=\"kiemeles_bpgal\">Produkci\u00f3s menedzser:<\/p>\n<p class=\"verzal_bpgal\">Trace Polly M\u00fcller<\/p>\n<p>[\/vc_column_text][vc_column_text]<\/p>\n<p class=\"kiemeles_bpgal\">(de)Archiv\u00e1l\u00f3 labor nagyk\u00f6vet:<\/p>\n<p class=\"verzal_bpgal\">Pocsai Bettina<\/p>\n<p>[\/vc_column_text][vc_column_text]<\/p>\n<p class=\"kiemeles_bpgal\">Megnyit\u00f3:<\/p>\n<p class=\"datum_bpgal_2\">2024. febru\u00e1r 14., (szerda) 18:00<\/p>\n<p>[\/vc_column_text][vc_empty_space height=&#8221;45px&#8221;][vc_column_text]<\/p>\n<p class=\"kiemeles_bpgal\">A (de)Archiv\u00e1l\u00f3 Labor esem\u00e9nyei:<\/p>\n<p class=\"datum_bpgal_2\">2024. febru\u00e1r 15., (cs\u00fct\u00f6rt\u00f6k) 10:00<\/p>\n<p class=\"cim_bpgal\"><a href=\"https:\/\/www.facebook.com\/events\/1382201026020302?acontext=%7B%22event_action_history%22%3A[%7B%22mechanism%22%3A%22your_upcoming_events_unit%22%2C%22surface%22%3A%22bookmark%22%7D]%2C%22ref_notif_type%22%3Anull%7D\">Lev\u00e9l\u00edr\u00f3 workshop az akt\u00edv eml\u00e9kez\u00e9sr\u0151l<\/a><\/p>\n<p class=\"datum_bpgal_2\">2024. febru\u00e1r 21., (szerda) 17:00<\/p>\n<p class=\"cim_bpgal\"><a href=\"https:\/\/www.facebook.com\/events\/1031650964569856?acontext=%7B%22event_action_history%22%3A[%7B%22mechanism%22%3A%22your_upcoming_events_unit%22%2C%22surface%22%3A%22bookmark%22%7D]%2C%22ref_notif_type%22%3Anull%7D\">Az UCCU kerekasztal besz\u00e9lget\u00e9se a roma eml\u00e9kezet politika lehet\u0151s\u00e9geir\u0151l, kih\u00edv\u00e1sair\u00f3l<\/a><\/p>\n<p class=\"datum_bpgal_2\">2024. febru\u00e1r 28., (szerda) 17:00<\/p>\n<p class=\"cim_bpgal\"><a href=\"https:\/\/www.facebook.com\/events\/284129018032370?ref=newsfeed\">Traumaworkshop a Phiren Amenc\u00e1val<\/a><\/p>\n<p class=\"datum_bpgal_2\">2024. m\u00e1rcius 6., (szerda) 13:00<\/p>\n<p class=\"cim_bpgal\"><a href=\"https:\/\/www.facebook.com\/events\/832749832200755\/?ref=newsfeed\">Roma H\u0151s\u00f6k \u2013 a F\u00fcggetlen Sz\u00ednh\u00e1z workshopja<\/a><\/p>\n<p class=\"datum_bpgal_2\">2024. m\u00e1rcius 13., (szerda) 17:00<\/p>\n<p class=\"cim_bpgal\"><a href=\"https:\/\/www.facebook.com\/events\/371454882360129?ref=newsfeed\">A Romaversitas feminista workshopja<\/a><\/p>\n<p class=\"datum_bpgal_2\">2024. m\u00e1rcius 20., (szerda) 17:00<\/p>\n<p class=\"cim_bpgal\"><a href=\"https:\/\/www.facebook.com\/events\/6946379812155356?acontext=%7B%22event_action_history%22%3A[%7B%22mechanism%22%3A%22calendar_tab_event%22%2C%22surface%22%3A%22bookmark_calendar%22%7D]%2C%22ref_notif_type%22%3Anull%7D\">Filmvet\u00edt\u00e9s \u00e9s besz\u00e9lget\u00e9s a Romano Instituto \u2013 Cig\u00e1nys\u00e1gkutat\u00f3 Int\u00e9zet szervez\u00e9s\u00e9ben<\/a><\/p>\n<p class=\"datum_bpgal_2\">2024. m\u00e1rcius 27., (szerda) 17:00<\/p>\n<p class=\"cim_bpgal\"><a href=\"https:\/\/www.facebook.com\/events\/902485248036853\/?ref=newsfeed\">Varr\u00f3workshop a Bag\u00e1zzsal<\/a><\/p>\n<p class=\"datum_bpgal_2\">2024. \u00e1prilis 3., (szerda) 17:00<\/p>\n<p class=\"cim_bpgal\"><a href=\"https:\/\/www.facebook.com\/events\/1371554976828265?ref=newsfeed\">A Romak\u00e9p M\u0171hely filmvet\u00edt\u00e9se \u00e9s kerekasztal-besz\u00e9lget\u00e9se<\/a><\/p>\n<p class=\"datum_bpgal_2\">2024. \u00e1prilis 5., (p\u00e9ntek) 17:00<\/p>\n<p class=\"cim_bpgal\"><a href=\"https:\/\/www.facebook.com\/events\/939320260981272?ref=newsfeed\">Memoria. Roma LMBTQI+ aktivizmus. Kerekasztal-besz\u00e9lget\u00e9s angol nyelven, hibrid form\u00e1ban<\/a><\/p>\n<p class=\"datum_bpgal_2\">2024. \u00e1prilis 6., (szombat) 16:00<\/p>\n<p class=\"cim_bpgal\"><a href=\"https:\/\/www.facebook.com\/events\/953837382751704?ref=newsfeed\">Z\u00e1r\u00f3 t\u00e1rlatvezet\u00e9s a DePART Collective-vel<\/a><\/p>\n<p>[\/vc_column_text][vc_column_text]<\/p>\n<p class=\"kiemeles_bpgal\">Tov\u00e1bbi esem\u00e9nyek:<\/p>\n<p class=\"datum_bpgal_2\">2024. m\u00e1rcius 9., (szombat) 15:00<\/p>\n<p class=\"cim_bpgal\"><a href=\"https:\/\/www.facebook.com\/events\/1786467055096940\">S\u00e9ta az egykori \u00f3budai t\u00e9glagy\u00e1rak ter\u00fclet\u00e9n Horv\u00e1th \u2028P\u00e9ter t\u00f6rt\u00e9n\u00e9sszel \u00e9s Pocsai Bettina roma aktivist\u00e1val<\/a><\/p>\n<p class=\"datum_bpgal_2\">2024. m\u00e1rcius 23., (szombat) 15:00<\/p>\n<p class=\"cim_bpgal\"><a href=\"https:\/\/www.facebook.com\/events\/771794621506092\/?acontext=%7B%22event_action_history%22%3A[%7B%22extra_data%22%3A%22%22%2C%22mechanism%22%3A%22your_upcoming_events_unit%22%2C%22surface%22%3A%22bookmark%22%7D%2C%7B%22extra_data%22%3A%22%22%2C%22mechanism%22%3A%22surface%22%2C%22surface%22%3A%22permalink%22%7D%2C%7B%22extra_data%22%3A%22%22%2C%22mechanism%22%3A%22surface%22%2C%22surface%22%3A%22edit_dialog%22%7D]%2C%22ref_notif_type%22%3Anull%7D\">Nem csak pedag\u00f3gusoknak! Kerekasztal besz\u00e9lget\u00e9s a roma tanul\u00f3k oktat\u00e1s\u00e1r\u00f3l, integr\u00e1ci\u00f3j\u00e1r\u00f3l \u00e9s szegreg\u00e1ci\u00f3j\u00e1r\u00f3l<\/a><\/p>\n<p>[\/vc_column_text][vc_empty_space][\/vc_column][vc_column width=&#8221;2\/3&#8243; el_class=&#8221;full-2&#8243;][vc_column_text]<strong>A projekt h\u00e1ttere \u2013 eml\u00e9kezet a terepen<\/strong><\/p>\n<p>A <em>Ha mindenki meghallan\u00e1<\/em> c\u00edm\u0171 hanginstall\u00e1ci\u00f3 egy performat\u00edv r\u00e9szv\u00e9teli m\u0171, amely az <em>akt\u00edv eml\u00e9kez\u00e9s<\/em> gyakorlat\u00e1ra \u00f6sszpontos\u00edt. A projekt nemzetk\u00f6zi egy\u00fcttm\u0171k\u00f6d\u00e9sben j\u00f6tt l\u00e9tre, \u00e9s eddig h\u00e1rom eur\u00f3pai orsz\u00e1g n\u00e9gy v\u00e1ros\u00e1ban mutatt\u00e1k be. Az eredetileg k\u00f6zterekre, egykori gy\u0171jt\u0151t\u00e1borok \u00e9s k\u00e9nyszermunka-t\u00e1borok ter\u00fclet\u00e9re telep\u00edtett \u00e1tmeneti v\u00e1ndoreml\u00e9km\u0171 az elnyom\u00e1s kit\u00f6r\u00f6lt \u00e9s elfeledett helysz\u00edneit hivatott megjel\u00f6lni. Az install\u00e1ci\u00f3 hangjai levelek, amelyeket kort\u00e1rs \u201eeml\u00e9k\u0151rz\u0151k\u201d \u00edrtak a Porajmos \u2013 a rom\u00e1kat a m\u00e1sodik vil\u00e1gh\u00e1bor\u00fa alatt s\u00fajt\u00f3 n\u00e9pirt\u00e1s \u2013 sor\u00e1n meggyilkolt embereknek. Miut\u00e1n legt\u00f6bbj\u00fckr\u0151l csak \u00e9letrajzi t\u00f6red\u00e9kek maradtak fenn, a projekt c\u00e9lja, hogy vissza\u00e1ll\u00edtsa eml\u00e9k\u00fcket, az\u00e1ltal, hogy hangot ad elk\u00e9pzelt t\u00f6rt\u00e9neteiknek.<\/p>\n<p>A ki\u00e1ll\u00edt\u00e1sban szerepl\u0151 leveleket javar\u00e9szt roma k\u00f6z\u00f6ss\u00e9gek \u00edr\u00f3i, aktivist\u00e1i, alkot\u00f3i, kutat\u00f3i, oktat\u00f3i, di\u00e1kjai, illetve e k\u00f6z\u00f6ss\u00e9gek t\u00e1mogat\u00f3i \u00edrt\u00e1k, majd r\u00f6gz\u00edtett\u00e9k. Az install\u00e1ci\u00f3 arra \u00f6szt\u00f6nzi a l\u00e1togat\u00f3t, hogy felismerje a m\u00falt megker\u00fclhetetlen aktualit\u00e1s\u00e1t \u00e9s szem\u00e9lyes felel\u0151ss\u00e9gv\u00e1llal\u00e1ssal j\u00e1ruljon hozz\u00e1 az eml\u00e9kez\u00e9s folyamat\u00e1hoz.<\/p>\n<p>Az elnyom\u00e1s elfeledett helysz\u00edneinek megjel\u00f6l\u00e9se \u00e9s a marginaliz\u00e1lt hangok k\u00f6z\u00e9ppontba \u00e1ll\u00edt\u00e1sa r\u00e9v\u00e9n az install\u00e1ci\u00f3 \u00e9s a k\u00f6z\u00f6ss\u00e9gi programok az ellen\u00e1ll\u00e1s lehets\u00e9ges m\u00f3djaik\u00e9nt t\u0171nnek fel.<\/p>\n<p>&nbsp;<\/p>\n<p><strong>A ki\u00e1ll\u00edt\u00e1s<\/strong><\/p>\n<p>2024. febru\u00e1r 15. \u00e9s \u00e1prilis 7. k\u00f6z\u00f6tt a Budapest Gal\u00e9ri\u00e1val egy\u00fcttm\u0171k\u00f6d\u00e9sben <em>Ha mindenki meghallan\u00e1 &#8211; A holnap ellen\u00e1ll\u00e1s\u00e1nak roma arch\u00edvumai<\/em> c\u00edmmel folytat\u00f3dik a DePART <em>akt\u00edv eml\u00e9kez\u00e9s<\/em> projektje. Az akt\u00edv eml\u00e9kezet a t\u00f6red\u00e9kes m\u00falt \u00e9s a roma k\u00f6z\u00f6ss\u00e9gekkel\/ben zajl\u00f3 eszmecsere l\u00e1that\u00f3v\u00e1 t\u00e9tel\u00e9nek \u00e9s nyilv\u00e1noss\u00e1gra hozatal\u00e1nak \u00faj strat\u00e9gi\u00e1it alak\u00edtja ki.<\/p>\n<p>A ki\u00e1ll\u00edt\u00e1s \u00e9s a hozz\u00e1 kapcsol\u00f3d\u00f3 programok az <em>akt\u00edv eml\u00e9kez\u00e9s<\/em> gyakorlata m\u00f6g\u00f6tt h\u00faz\u00f3d\u00f3 munkafolyamatok sz\u00e9lesebb k\u00f6r\u0171 hozz\u00e1f\u00e9rhet\u0151s\u00e9g\u00e9re, fejleszt\u00e9s\u00e9re \u00e9s megoszt\u00e1s\u00e1ra \u00f6sszpontos\u00edt. Rendhagy\u00f3 m\u00f3dszerek \u00e9s anyagok &#8211; mint amilyen az eml\u00e9kez\u0151 f\u00f6ld \u00e9s a hangz\u00f3 levelek &#8211; alkalmaz\u00e1s\u00e1val dokument\u00e1lja \u00e9s osztja meg a rom\u00e1k t\u00f6red\u00e9kes m\u00e1sodik vil\u00e1gh\u00e1bor\u00fas t\u00f6rt\u00e9nelm\u00e9t. \u00cdgy a projekt korl\u00e1tokat bont le, bevett narrat\u00edv\u00e1kat k\u00e9rd\u0151jelez meg \u00e9s hozz\u00e1j\u00e1rul ahhoz, hogy sz\u00e9lesebb k\u00f6rben meghallj\u00e1k ezeket a t\u00f6rt\u00e9neteket. A DePART alkot\u00f3csoport ezt aff\u00e9le \u201e(de)archiv\u00e1l\u00e1si\u201d folyamatk\u00e9nt \u00e9rtelmezi, ami egyfel\u0151l t\u00e9nyleges archiv\u00e1l\u00e1st jelent, m\u00e1sfel\u0151l pedig a hagyom\u00e1nyos (gyakran elfogult \u00e9s korl\u00e1toz\u00f3) archiv\u00e1l\u00e1si gyakorlatok megk\u00e9rd\u0151jelez\u00e9s\u00e9t \u00e9s fel\u00fcl\u00edr\u00e1s\u00e1t.<\/p>\n<p>A gal\u00e9ria f\u00f6ldszintj\u00e9n a l\u00e1togat\u00f3k elmer\u00fclhetnek a <em>Ha mindenki meghallan\u00e1<\/em> c\u00edm\u0171 hanginstall\u00e1ci\u00f3ban, amelynek keret\u00e9ben k\u00f6r\u00fclbel\u00fcl negyven f\u00e9moszlopb\u00f3l hangzanak fel a szem\u00e9lyes megeml\u00e9kez\u0151 levelek.<\/p>\n<p>A fels\u0151 szinten tal\u00e1lhat\u00f3 (de)Archiv\u00e1l\u00f3 labor egy t\u00f6bbf\u00e9lek\u00e9ppen haszn\u00e1lhat\u00f3 platform, amely sz\u00ednpadk\u00e9nt, m\u0171helyk\u00e9nt, \u00e9s dolgoz\u00f3szobak\u00e9nt is szolg\u00e1l. Dinamikus t\u00e9r ez, amely p\u00e1rbesz\u00e9dre, kutat\u00e1sra \u00e9s \u00faj narrat\u00edv\u00e1k k\u00f6z\u00f6s megalkot\u00e1s\u00e1ra \u00f6szt\u00f6n\u00f6z. A (de)Archiv\u00e1l\u00f3 labor r\u00e9v\u00e9n a DePART arra h\u00edvja eddigi partnereiket \u00e9s az \u00faj egy\u00fcttm\u0171k\u00f6d\u0151ket, hogy mutass\u00e1k be a roma k\u00f6z\u00f6ss\u00e9ggel folytatott, illetve azon bel\u00fcl zajl\u00f3 szociokultur\u00e1lis \u00e9s aktivista munk\u00e1t \u00e9s diskurzusokat. A t\u00e9r lehet\u0151s\u00e9get ny\u00fajt arra, hogy r\u00e1vil\u00e1g\u00edtsunk a k\u00f6z\u00f6s ig\u00e9nyekre, akt\u00edvan r\u00e9szt v\u00e1llaljunk a m\u00faltr\u00f3l val\u00f3 megeml\u00e9kez\u00e9sben, \u00e9s lefektess\u00fck egy (a felejt\u00e9snek, \u00e9s \u00edgy az elnyom\u00e1snak) ellen\u00e1ll\u00f3bb j\u00f6v\u0151 alapjait.<\/p>\n<p>A folyamatosan b\u0151v\u00fcl\u0151 lev\u00e9lgy\u0171jtem\u00e9ny c\u00e9lja, hogy meger\u0151s\u00edtse a roma t\u00f6rt\u00e9neti narrat\u00edv\u00e1kat, seg\u00edtse a rom\u00e1k ellen\u00e1ll\u00e1s\u00e1t a mindenkori elnyom\u00f3 hatalommal szemben. A DePART alkot\u00f3csoport a ki\u00e1ll\u00edt\u00e1s alkalm\u00e1val is b\u0151v\u00fcl\u0151 arch\u00edvumot a p\u00e1rbesz\u00e9d \u00e9s a kutat\u00e1s kiindul\u00f3pontjak\u00e9nt k\u00edn\u00e1lja fel a gal\u00e9riat\u00e9r sz\u00e1m\u00e1ra: hogyan lehet figyelemmel \u00e9s gondoskod\u00e1ssal helyre\u00e1ll\u00edtani, \u00fajra- \u00e9s vissza\u00edrni a Porajmos \u00e1ldozatainak elveszett \u00e9s rejtve maradt t\u00f6rt\u00e9neteit? Mi az \u00fczenete a szem\u00e9lyes eml\u00e9kezet \u00e9s a kort\u00e1rs roma aktivizmus mindenki sz\u00e1m\u00e1ra hozz\u00e1f\u00e9rhet\u0151 adatb\u00e1zis\u00e1nak?<\/p>\n<p>A <em>Ha mindenki meghallan\u00e1 \u2013 A holnap ellen\u00e1ll\u00e1s\u00e1nak roma arch\u00edvumai<\/em> a sz\u00e9ttagolts\u00e1ggal \u00e9s a felejt\u00e9ssel szembesz\u00e1ll\u00f3 ellen-narrat\u00edv\u00e1kat vezet be a diskurzusba. A m\u00falt elbesz\u00e9l\u00e9s\u00e9vel, az eml\u00e9kez\u00e9s egy\u00fcttm\u0171k\u00f6d\u00e9sen alapul\u00f3 \u00faj m\u00f3djainak bevezet\u00e9s\u00e9vel a projekt c\u00e9lja a holnap ellen\u00e1ll\u00e1si gyakorlatainak el\u0151k\u00e9sz\u00edt\u00e9se.<\/p>\n<p>A DePART alkot\u00f3csoport 2023 sor\u00e1n az install\u00e1ci\u00f3t az \u00d3bud\u00e1hoz k\u00f6thet\u0151 elnyom\u00f3 t\u00f6rt\u00e9netekre eml\u00e9kezve alak\u00edtotta \u00e1t, az egykori \u00d3budai T\u00e9glagy\u00e1rakkal a k\u00f6z\u00e9ppontban. Az egykori gy\u00e1rak ter\u00fclet\u00e9n, a t\u00e9glasz\u00e1r\u00edt\u00f3 barakkokban t\u00f6bb sz\u00e1z roma embert tartottak fogva a m\u00e1sodik vil\u00e1gh\u00e1bor\u00fa alatt, innen indultak a munka- \u00e9s megsemmis\u00edt\u0151 t\u00e1borok fel\u00e9. Az elm\u00falt \u00e9v sor\u00e1n az install\u00e1ci\u00f3 k\u00e9tszer volt l\u00e1that\u00f3 Budapesten: a STEREO10 Fesztiv\u00e1lon, illetve a FLASZTER &#8211; 1. Budapesti K\u00f6zt\u00e9ri Kort\u00e1rs M\u0171v\u00e9szeti Bienn\u00e1l\u00e9n, a Budapest 150 programsorozat r\u00e9szek\u00e9nt, a F\u0151v\u00e1rosi \u00d6nkorm\u00e1nyzat t\u00e1mogat\u00e1s\u00e1val \u00e9s a Budapesti T\u00f6rt\u00e9neti M\u00fazeum (BTM) \u2013 Budapest Gal\u00e9ria szervez\u00e9s\u00e9ben.<\/p>\n<p>&nbsp;<\/p>\n<p><strong>A t\u00e1rsulat<\/strong><\/p>\n<p>A DePART alkot\u00f3csoport \u2013 Decentralized Practices of Active Remembrance and Theatricalization \u2013 egy nemzetk\u00f6zi m\u0171v\u00e9szekb\u0151l \u00e9s facilit\u00e1torokb\u00f3l \u00e1ll\u00f3 transzdiszciplin\u00e1ris kollekt\u00edva, amely a m\u0171v\u00e9szet, az aktivizmus \u00e9s a kutat\u00e1s metsz\u00e9spontjain dolgozik. Szepes Anna (HU\/AT), Cat Jugravu (DE\/RO), Jonas Baur (AT\/DE) \u00e9s Dominik Jellen (AT) egy\u00fcttm\u0171k\u00f6d\u00e9se a Mozarteum Salzburgi Zenem\u0171v\u00e9szeti Egyetem alkalmazott sz\u00ednh\u00e1z &#8211; m\u0171v\u00e9szi sz\u00ednh\u00e1zi gyakorlat \u00e9s t\u00e1rsadalom mesterk\u00e9pz\u00e9s\u00e9n kezd\u0151d\u00f6tt. Javar\u00e9szt politikai tematik\u00e1j\u00fa projektjeik kutat\u00e1sorient\u00e1lt form\u00e1tuma a k\u00f6z\u00f6ss\u00e9g\u00e9p\u00edt\u00e9st, a helyi partnerek bevon\u00e1s\u00e1t \u00e9s az elfeledett \u00e1rny\u00e9kt\u00f6rt\u00e9netek felt\u00e1r\u00e1s\u00e1t hangs\u00falyozza. A t\u00e1rsulat c\u00e9lja, hogy a m\u00faltr\u00f3l alkotott k\u00e9p\u00fcnket meghat\u00e1roz\u00f3 domin\u00e1ns narrat\u00edv\u00e1kkal szembeszeg\u00fclve, \u00e1rnyaltabb \u00e9s befogad\u00f3bb szeml\u00e9lettel k\u00f6zel\u00edtsen az eml\u00e9kezethez.<\/p>\n<p><a href=\"https:\/\/www.depart.community\/\">www.depart.community<\/a><\/p>\n<p>&nbsp;<\/p>\n<p><strong>Egy\u00fcttm\u0171k\u00f6d\u0151 partnerek<\/strong><\/p>\n<p>Phiren Amenca<br \/>\nAme Panzh<br \/>\nF\u00fcggetlen Sz\u00ednh\u00e1z Magyarorsz\u00e1g<br \/>\nUccu Roma Inform\u00e1lis Oktat\u00e1si Alap\u00edtv\u00e1ny<br \/>\nRomano Instituto Cig\u00e1nys\u00e1gkutat\u00f3 Int\u00e9zet<br \/>\nUtcasz\u00ednh\u00e1zi Alkot\u00f3k\u00f6z\u00f6ss\u00e9g<br \/>\nRomak\u00e9p M\u0171hely<br \/>\nMagyar Nemzeti Lev\u00e9lt\u00e1r<br \/>\nDr. \u00c1mb\u00e9dkar Iskola<br \/>\n\u00d3budai M\u00fazeum<br \/>\nStadt Salzburg<\/p>\n<p><strong>T\u00e1mogat\u00f3k<\/strong><\/p>\n<p>Bertha Foundation<br \/>\nOsztr\u00e1k Kultur\u00e1lis F\u00f3rum<br \/>\nGoethe-Institut, Budapest<br \/>\nUniversit\u00e4t Bayreuth \u2013 Intersektionalit\u00e4tsstudien Department[\/vc_column_text][vc_empty_space height=&#8221;45px&#8221;][vc_single_image image=&#8221;21344&#8243; img_size=&#8221;full&#8221; qode_css_animation=&#8221;&#8221;][vc_empty_space][vc_single_image image=&#8221;21346&#8243; img_size=&#8221;full&#8221; qode_css_animation=&#8221;&#8221;][vc_empty_space][vc_single_image image=&#8221;21348&#8243; img_size=&#8221;full&#8221; qode_css_animation=&#8221;&#8221;][vc_empty_space][vc_single_image image=&#8221;21350&#8243; img_size=&#8221;full&#8221; qode_css_animation=&#8221;&#8221;][vc_empty_space][vc_single_image image=&#8221;21340&#8243; img_size=&#8221;full&#8221; qode_css_animation=&#8221;&#8221;][vc_empty_space][vc_single_image image=&#8221;21342&#8243; img_size=&#8221;full&#8221; qode_css_animation=&#8221;&#8221;][vc_empty_space][vc_single_image image=&#8221;21352&#8243; img_size=&#8221;full&#8221; qode_css_animation=&#8221;&#8221;][vc_empty_space][vc_single_image image=&#8221;21354&#8243; img_size=&#8221;full&#8221; qode_css_animation=&#8221;&#8221;][vc_empty_space][vc_single_image image=&#8221;21356&#8243; img_size=&#8221;full&#8221; qode_css_animation=&#8221;&#8221;][vc_empty_space][vc_column_text]<\/p>\n<p class=\"kepalairas_cim_jobb\">Fot\u00f3k: K. Tak\u00e1cs M\u00e1rton<\/p>\n<p>[\/vc_column_text][\/vc_column][vc_column][\/vc_column][\/vc_row]<\/p>\n<\/div>","protected":false},"excerpt":{"rendered":"<p>[vc_row css_animation=&#8221;&#8221; row_type=&#8221;row&#8221; use_row_as_full_screen_section=&#8221;no&#8221; type=&#8221;grid&#8221; angled_section=&#8221;no&#8221; text_align=&#8221;left&#8221; background_image_as_pattern=&#8221;without_pattern&#8221; template=&#8221;ism_template_1&#8243; ism_overlock=&#8221;default&#8221; sm_d_text=&#8221; This content is locked&#8230;<\/p>\n","protected":false},"author":15,"featured_media":0,"parent":20748,"menu_order":0,"comment_status":"closed","ping_status":"closed","template":"full_width.php","meta":{"inline_featured_image":false,"loftloader_pro_show_once":"","loftloader_pro_page_shortcode":"","footnotes":""},"class_list":["post-20737","page","type-page","status-publish","hentry"],"_links":{"self":[{"href":"https:\/\/budapestgaleria.hu\/_\/wp-json\/wp\/v2\/pages\/20737","targetHints":{"allow":["GET"]}}],"collection":[{"href":"https:\/\/budapestgaleria.hu\/_\/wp-json\/wp\/v2\/pages"}],"about":[{"href":"https:\/\/budapestgaleria.hu\/_\/wp-json\/wp\/v2\/types\/page"}],"author":[{"embeddable":true,"href":"https:\/\/budapestgaleria.hu\/_\/wp-json\/wp\/v2\/users\/15"}],"replies":[{"embeddable":true,"href":"https:\/\/budapestgaleria.hu\/_\/wp-json\/wp\/v2\/comments?post=20737"}],"version-history":[{"count":0,"href":"https:\/\/budapestgaleria.hu\/_\/wp-json\/wp\/v2\/pages\/20737\/revisions"}],"up":[{"embeddable":true,"href":"https:\/\/budapestgaleria.hu\/_\/wp-json\/wp\/v2\/pages\/20748"}],"wp:attachment":[{"href":"https:\/\/budapestgaleria.hu\/_\/wp-json\/wp\/v2\/media?parent=20737"}],"curies":[{"name":"wp","href":"https:\/\/api.w.org\/{rel}","templated":true}]}}